{"id":11,"date":"2016-05-12T20:19:42","date_gmt":"2016-05-12T18:19:42","guid":{"rendered":"https:\/\/www.eren.ch\/barc\/?page_id=11"},"modified":"2020-11-21T10:54:31","modified_gmt":"2020-11-21T09:54:31","slug":"lieux-de-vie","status":"publish","type":"page","link":"https:\/\/www.eren.ch\/barc\/lieux-de-vie\/","title":{"rendered":"Lieux de vie"},"content":{"rendered":"<p>Dans chaque lieu de vie, qui recoupe la notion de village, des groupes d&rsquo;animation locale s&rsquo;activent:<\/p>\n<ul>\n<li><a href=\"https:\/\/www.eren.ch\/barc\/lieux-de-vie\/b-comme-bole\/\">B\u00f4le<\/a><\/li>\n<li><a href=\"https:\/\/www.eren.ch\/barc\/lieux-de-vie\/auvernier\/\">Auvernier<\/a><\/li>\n<li><a href=\"https:\/\/www.eren.ch\/barc\/lieux-de-vie\/r-rochefortbrot-dessous\/\">Rochefort\/Brot-Dessous<\/a><\/li>\n<li><a href=\"https:\/\/www.eren.ch\/barc\/lieux-de-vie\/colombier\/\">Colombier<\/a><\/li>\n<\/ul>\n<p>Ils organisent les services lors des cultes (c\u00e8ne, lectures, mise en place), ils maintiennent une proximit\u00e9 avec les paroissiens qui ne peuvent pas se d\u00e9placer facilement et ils mettent sur pied des manifestations propre \u00e0 chaque village.<\/p>\n","protected":false},"excerpt":{"rendered":"<p>Dans chaque lieu de vie, qui recoupe la notion de village, des groupes d&rsquo;animation locale s&rsquo;activent: B\u00f4le Auvernier Rochefort\/Brot-Dessous Colombier Ils organisent les services lors des cultes (c\u00e8ne, lectures, mise en place), ils maintiennent une proximit\u00e9 avec les paroissiens qui ne peuvent pas se d\u00e9placer facilement et ils mettent sur pied des manifestations propre \u00e0 &hellip; <a href=\"https:\/\/www.eren.ch\/barc\/lieux-de-vie\/\" class=\"more-link\">Continuer la lecture<span class=\"screen-reader-text\"> de &laquo;&nbsp;Lieux de vie&nbsp;&raquo;<\/span><\/a><\/p>\n","protected":false},"author":1,"featured_media":0,"parent":0,"menu_order":10,"comment_status":"closed","ping_status":"closed","template":"","meta":{"footnotes":""},"class_list":["post-11","page","type-page","status-publish","hentry"],"yoast_head":"<!-- This site is optimized with the Yoast SEO Premium plugin v27.6 (Yoast SEO v27.6) - https:\/\/yoast.com\/product\/yoast-seo-premium-wordpress\/ -->\n<title>Lieux de vie &#8226; Paroisse r\u00e9form\u00e9e de La BARC<\/title>\n<meta name=\"description\" content=\"Dans chaque lieu de vie, qui recoupe la notion de village, des groupes d&#039;animation locale s&#039;activent: B\u00f4le Auvernier Rochefort\/Brot-Dessous Colombier Ils\" \/>\n<meta name=\"robots\" content=\"index, follow, max-snippet:-1, max-image-preview:large, max-video-preview:-1\" \/>\n<link rel=\"canonical\" href=\"https:\/\/www.eren.ch\/barc\/lieux-de-vie\/\" \/>\n<meta property=\"og:locale\" content=\"fr_FR\" \/>\n<meta property=\"og:type\" content=\"article\" \/>\n<meta property=\"og:title\" content=\"Lieux de vie\" \/>\n<meta property=\"og:description\" content=\"Dans chaque lieu de vie, qui recoupe la notion de village, des groupes d&#039;animation locale s&#039;activent: B\u00f4le Auvernier Rochefort\/Brot-Dessous Colombier Ils\" \/>\n<meta property=\"og:url\" content=\"https:\/\/www.eren.ch\/barc\/lieux-de-vie\/\" \/>\n<meta property=\"og:site_name\" content=\"Paroisse r\u00e9form\u00e9e de La BARC\" \/>\n<meta property=\"article:publisher\" content=\"https:\/\/www.facebook.com\/eglise.EREN\" \/>\n<meta property=\"article:modified_time\" content=\"2020-11-21T09:54:31+00:00\" \/>\n<meta name=\"twitter:card\" content=\"summary_large_image\" \/>\n<meta name=\"twitter:site\" content=\"@egliseeren\" \/>\n<script type=\"application\/ld+json\" class=\"yoast-schema-graph\">{\"@context\":\"https:\\\/\\\/schema.org\",\"@graph\":[{\"@type\":\"WebPage\",\"@id\":\"https:\\\/\\\/www.eren.ch\\\/barc\\\/lieux-de-vie\\\/\",\"url\":\"https:\\\/\\\/www.eren.ch\\\/barc\\\/lieux-de-vie\\\/\",\"name\":\"Lieux de vie &#8226; Paroisse r\u00e9form\u00e9e de La BARC\",\"isPartOf\":{\"@id\":\"https:\\\/\\\/www.eren.ch\\\/barc\\\/#website\"},\"datePublished\":\"2016-05-12T18:19:42+00:00\",\"dateModified\":\"2020-11-21T09:54:31+00:00\",\"description\":\"Dans chaque lieu de vie, qui recoupe la notion de village, des groupes d'animation locale s'activent: B\u00f4le Auvernier Rochefort\\\/Brot-Dessous Colombier Ils\",\"breadcrumb\":{\"@id\":\"https:\\\/\\\/www.eren.ch\\\/barc\\\/lieux-de-vie\\\/#breadcrumb\"},\"inLanguage\":\"fr-FR\",\"potentialAction\":[{\"@type\":\"ReadAction\",\"target\":[\"https:\\\/\\\/www.eren.ch\\\/barc\\\/lieux-de-vie\\\/\"]}]},{\"@type\":\"BreadcrumbList\",\"@id\":\"https:\\\/\\\/www.eren.ch\\\/barc\\\/lieux-de-vie\\\/#breadcrumb\",\"itemListElement\":[{\"@type\":\"ListItem\",\"position\":1,\"name\":\"Accueil\",\"item\":\"https:\\\/\\\/www.eren.ch\\\/barc\\\/\"},{\"@type\":\"ListItem\",\"position\":2,\"name\":\"Lieux de vie\"}]},{\"@type\":\"WebSite\",\"@id\":\"https:\\\/\\\/www.eren.ch\\\/barc\\\/#website\",\"url\":\"https:\\\/\\\/www.eren.ch\\\/barc\\\/\",\"name\":\"Paroisse r\u00e9form\u00e9e de La BARC\",\"description\":\"B\u00f4le - Auvernier - Rochefort - Colombier\",\"publisher\":{\"@id\":\"https:\\\/\\\/www.eren.ch\\\/barc\\\/#organization\"},\"potentialAction\":[{\"@type\":\"SearchAction\",\"target\":{\"@type\":\"EntryPoint\",\"urlTemplate\":\"https:\\\/\\\/www.eren.ch\\\/barc\\\/?s={search_term_string}\"},\"query-input\":{\"@type\":\"PropertyValueSpecification\",\"valueRequired\":true,\"valueName\":\"search_term_string\"}}],\"inLanguage\":\"fr-FR\"},{\"@type\":\"Organization\",\"@id\":\"https:\\\/\\\/www.eren.ch\\\/barc\\\/#organization\",\"name\":\"Paroisse de La BARC\",\"url\":\"https:\\\/\\\/www.eren.ch\\\/barc\\\/\",\"logo\":{\"@type\":\"ImageObject\",\"inLanguage\":\"fr-FR\",\"@id\":\"https:\\\/\\\/www.eren.ch\\\/barc\\\/#\\\/schema\\\/logo\\\/image\\\/\",\"url\":\"https:\\\/\\\/www.eren.ch\\\/barc\\\/wp-content\\\/uploads\\\/sites\\\/4\\\/2020\\\/12\\\/logo-barc.png\",\"contentUrl\":\"https:\\\/\\\/www.eren.ch\\\/barc\\\/wp-content\\\/uploads\\\/sites\\\/4\\\/2020\\\/12\\\/logo-barc.png\",\"width\":240,\"height\":117,\"caption\":\"Paroisse de La BARC\"},\"image\":{\"@id\":\"https:\\\/\\\/www.eren.ch\\\/barc\\\/#\\\/schema\\\/logo\\\/image\\\/\"},\"sameAs\":[\"https:\\\/\\\/www.facebook.com\\\/eglise.EREN\",\"https:\\\/\\\/x.com\\\/egliseeren\",\"https:\\\/\\\/fr.wikipedia.org\\\/wiki\\\/\u00c9glise_r\u00e9form\u00e9e_\u00e9vang\u00e9lique_du_canton_de_Neuch\u00e2tel\"]}]}<\/script>\n<!-- \/ Yoast SEO Premium plugin. -->","yoast_head_json":{"title":"Lieux de vie &#8226; Paroisse r\u00e9form\u00e9e de La BARC","description":"Dans chaque lieu de vie, qui recoupe la notion de village, des groupes d'animation locale s'activent: B\u00f4le Auvernier Rochefort\/Brot-Dessous Colombier Ils","robots":{"index":"index","follow":"follow","max-snippet":"max-snippet:-1","max-image-preview":"max-image-preview:large","max-video-preview":"max-video-preview:-1"},"canonical":"https:\/\/www.eren.ch\/barc\/lieux-de-vie\/","og_locale":"fr_FR","og_type":"article","og_title":"Lieux de vie","og_description":"Dans chaque lieu de vie, qui recoupe la notion de village, des groupes d'animation locale s'activent: B\u00f4le Auvernier Rochefort\/Brot-Dessous Colombier Ils","og_url":"https:\/\/www.eren.ch\/barc\/lieux-de-vie\/","og_site_name":"Paroisse r\u00e9form\u00e9e de La BARC","article_publisher":"https:\/\/www.facebook.com\/eglise.EREN","article_modified_time":"2020-11-21T09:54:31+00:00","twitter_card":"summary_large_image","twitter_site":"@egliseeren","schema":{"@context":"https:\/\/schema.org","@graph":[{"@type":"WebPage","@id":"https:\/\/www.eren.ch\/barc\/lieux-de-vie\/","url":"https:\/\/www.eren.ch\/barc\/lieux-de-vie\/","name":"Lieux de vie &#8226; Paroisse r\u00e9form\u00e9e de La BARC","isPartOf":{"@id":"https:\/\/www.eren.ch\/barc\/#website"},"datePublished":"2016-05-12T18:19:42+00:00","dateModified":"2020-11-21T09:54:31+00:00","description":"Dans chaque lieu de vie, qui recoupe la notion de village, des groupes d'animation locale s'activent: B\u00f4le Auvernier Rochefort\/Brot-Dessous Colombier Ils","breadcrumb":{"@id":"https:\/\/www.eren.ch\/barc\/lieux-de-vie\/#breadcrumb"},"inLanguage":"fr-FR","potentialAction":[{"@type":"ReadAction","target":["https:\/\/www.eren.ch\/barc\/lieux-de-vie\/"]}]},{"@type":"BreadcrumbList","@id":"https:\/\/www.eren.ch\/barc\/lieux-de-vie\/#breadcrumb","itemListElement":[{"@type":"ListItem","position":1,"name":"Accueil","item":"https:\/\/www.eren.ch\/barc\/"},{"@type":"ListItem","position":2,"name":"Lieux de vie"}]},{"@type":"WebSite","@id":"https:\/\/www.eren.ch\/barc\/#website","url":"https:\/\/www.eren.ch\/barc\/","name":"Paroisse r\u00e9form\u00e9e de La BARC","description":"B\u00f4le - Auvernier - Rochefort - Colombier","publisher":{"@id":"https:\/\/www.eren.ch\/barc\/#organization"},"potentialAction":[{"@type":"SearchAction","target":{"@type":"EntryPoint","urlTemplate":"https:\/\/www.eren.ch\/barc\/?s={search_term_string}"},"query-input":{"@type":"PropertyValueSpecification","valueRequired":true,"valueName":"search_term_string"}}],"inLanguage":"fr-FR"},{"@type":"Organization","@id":"https:\/\/www.eren.ch\/barc\/#organization","name":"Paroisse de La BARC","url":"https:\/\/www.eren.ch\/barc\/","logo":{"@type":"ImageObject","inLanguage":"fr-FR","@id":"https:\/\/www.eren.ch\/barc\/#\/schema\/logo\/image\/","url":"https:\/\/www.eren.ch\/barc\/wp-content\/uploads\/sites\/4\/2020\/12\/logo-barc.png","contentUrl":"https:\/\/www.eren.ch\/barc\/wp-content\/uploads\/sites\/4\/2020\/12\/logo-barc.png","width":240,"height":117,"caption":"Paroisse de La BARC"},"image":{"@id":"https:\/\/www.eren.ch\/barc\/#\/schema\/logo\/image\/"},"sameAs":["https:\/\/www.facebook.com\/eglise.EREN","https:\/\/x.com\/egliseeren","https:\/\/fr.wikipedia.org\/wiki\/\u00c9glise_r\u00e9form\u00e9e_\u00e9vang\u00e9lique_du_canton_de_Neuch\u00e2tel"]}]}},"_links":{"self":[{"href":"https:\/\/www.eren.ch\/barc\/wp-json\/wp\/v2\/pages\/11","targetHints":{"allow":["GET"]}}],"collection":[{"href":"https:\/\/www.eren.ch\/barc\/wp-json\/wp\/v2\/pages"}],"about":[{"href":"https:\/\/www.eren.ch\/barc\/wp-json\/wp\/v2\/types\/page"}],"author":[{"embeddable":true,"href":"https:\/\/www.eren.ch\/barc\/wp-json\/wp\/v2\/users\/1"}],"replies":[{"embeddable":true,"href":"https:\/\/www.eren.ch\/barc\/wp-json\/wp\/v2\/comments?post=11"}],"version-history":[{"count":3,"href":"https:\/\/www.eren.ch\/barc\/wp-json\/wp\/v2\/pages\/11\/revisions"}],"predecessor-version":[{"id":2401,"href":"https:\/\/www.eren.ch\/barc\/wp-json\/wp\/v2\/pages\/11\/revisions\/2401"}],"wp:attachment":[{"href":"https:\/\/www.eren.ch\/barc\/wp-json\/wp\/v2\/media?parent=11"}],"curies":[{"name":"wp","href":"https:\/\/api.w.org\/{rel}","templated":true}]}}