{"id":13,"date":"2016-05-12T20:15:25","date_gmt":"2016-05-12T18:15:25","guid":{"rendered":"https:\/\/www.eren.ch\/barc\/?page_id=13"},"modified":"2023-09-04T12:26:49","modified_gmt":"2023-09-04T10:26:49","slug":"celebrations","status":"publish","type":"page","link":"https:\/\/www.eren.ch\/barc\/celebrations\/","title":{"rendered":"C\u00e9l\u00e9brations"},"content":{"rendered":"\n<p>La c\u00e9l\u00e9bration des cultes est l&rsquo;une des priorit\u00e9s de la <a href=\"https:\/\/www.eren.ch\/barc\/bienvenue-a-la-barc\/\">paroisse de La BARC<\/a>. Chaque dimanche, les paroissiens peuvent se rendre \u00e0 l&rsquo;\u00e9glise pour y suivre le sermon dispens\u00e9 par les ministres ou par les pr\u00e9dicateurs la\u00efques.<\/p>\n\n\n\n<p>Le culte se d\u00e9roule de mani\u00e8re traditionnel, selon un plan laiss\u00e9 libre aux ministres. La c\u00e9l\u00e9bration se termine, sauf exception, par une sainte c\u00e8ne! Les chants sont tir\u00e9s du nouveau recueil \u00ab\u00a0All\u00e9luia\u00a0\u00bb.<\/p>\n\n\n\n<p>Une fois tous les deux mois, un repas communautaire suit le culte, tous les participants au culte sont les bienvenus, sans inscription.<\/p>\n\n\n\n<p><strong>Derni\u00e8res <a href=\"https:\/\/www.eren.ch\/barc\/category\/cultes\/\">pr\u00e9dications<\/a> mises en ligne:<\/strong><\/p>\n\n\n<ul class=\"wp-block-latest-posts__list has-author wp-block-latest-posts\"><li><a class=\"wp-block-latest-posts__post-title\" href=\"https:\/\/www.eren.ch\/barc\/2026\/04\/04\/quand-dieu-renverse-nos-evidences\/\">Quand Dieu renverse nos \u00e9vidences<\/a><div class=\"wp-block-latest-posts__post-author\">par B\u00e9n\u00e9dicte Gritti<\/div><\/li>\n<li><a class=\"wp-block-latest-posts__post-title\" href=\"https:\/\/www.eren.ch\/barc\/2026\/03\/04\/jesus-le-maitre-des-disciples\/\">J\u00e9sus, le ma\u00eetre des disciples<\/a><div class=\"wp-block-latest-posts__post-author\">par Diane Friedli<\/div><\/li>\n<li><a class=\"wp-block-latest-posts__post-title\" href=\"https:\/\/www.eren.ch\/barc\/2026\/02\/22\/sola-gratia\/\">Sola gratia<\/a><div class=\"wp-block-latest-posts__post-author\">par B\u00e9n\u00e9dicte Gritti<\/div><\/li>\n<\/ul>\n\n\n<h2 class=\"wp-block-heading\" id=\"h-baptemes\">Bapt\u00eames<\/h2>\n\n\n\n<p>La BARC compte de nombreuses familles avec de jeunes enfants et beaucoup d\u2019entre eux se font baptiser, ce qui est r\u00e9jouissant. Afin de pouvoir organiser au mieux ce moment important dans la vie d\u2019un chr\u00e9tien, en harmonie avec la vie de la paroisse, il est conseill\u00e9 de prendre contact assez t\u00f4t avec l\u2019une des&nbsp;<a href=\"https:\/\/www.eren.ch\/barc\/contacts\/\">pasteures<\/a>&nbsp;qui vous expliquera la marche \u00e0 suivre\u2026 qui n\u2019est pas bien compliqu\u00e9e!<\/p>\n\n\n\n<h2 class=\"wp-block-heading\" id=\"h-vie-spirituelle\">Vie spirituelle<\/h2>\n\n\n\n<p>Les cultes constituent l\u2019essentiel de la vie spirituelle de la paroisse, mais des c\u00e9l\u00e9brations innovantes sont propos\u00e9es.<\/p>\n\n\n\n<p>Un groupe \u00abCulte et vie spirituelle\u00bb m\u00e8ne une r\u00e9flexion sur le culte et sa liturgie, l\u2019organisation pratique des c\u00e9l\u00e9brations et la cr\u00e9ation d\u2019\u00e9v\u00e9nements. Il porte le souci d\u2019animer les cinq temples de la paroisse, tout particuli\u00e8rement depuis la diminution du nombre de culte. Le groupe a \u00e0 son actif l\u2019organisation des Veill\u00e9es de l\u2019Avent, les Veill\u00e9es de Car\u00eame, du Culte-Repas-C\u00e8ne, Temple ouvert, Culte en marchant.<\/p>\n","protected":false},"excerpt":{"rendered":"<p>La c\u00e9l\u00e9bration des cultes est l&rsquo;une des priorit\u00e9s de la paroisse de La BARC. Chaque dimanche, les paroissiens peuvent se rendre \u00e0 l&rsquo;\u00e9glise pour y suivre le sermon dispens\u00e9 par les ministres ou par les pr\u00e9dicateurs la\u00efques. Le culte se d\u00e9roule de mani\u00e8re traditionnel, selon un plan laiss\u00e9 libre aux ministres. La c\u00e9l\u00e9bration se termine, &hellip; <a href=\"https:\/\/www.eren.ch\/barc\/celebrations\/\" class=\"more-link\">Continuer la lecture<span class=\"screen-reader-text\"> de &laquo;&nbsp;C\u00e9l\u00e9brations&nbsp;&raquo;<\/span><\/a><\/p>\n","protected":false},"author":1,"featured_media":0,"parent":0,"menu_order":20,"comment_status":"closed","ping_status":"closed","template":"","meta":{"footnotes":""},"class_list":["post-13","page","type-page","status-publish","hentry"],"yoast_head":"<!-- This site is optimized with the Yoast SEO Premium plugin v27.4 (Yoast SEO v27.4) - https:\/\/yoast.com\/product\/yoast-seo-premium-wordpress\/ -->\n<title>C\u00e9l\u00e9brations &#8226; Paroisse r\u00e9form\u00e9e de La BARC<\/title>\n<meta name=\"description\" content=\"La c\u00e9l\u00e9bration des cultes est l&#039;une des priorit\u00e9s de la paroisse de La BARC. Chaque dimanche, les paroissiens peuvent se rendre \u00e0 l&#039;\u00e9glise pour y suivre\" \/>\n<meta name=\"robots\" content=\"index, follow, max-snippet:-1, max-image-preview:large, max-video-preview:-1\" \/>\n<link rel=\"canonical\" href=\"https:\/\/www.eren.ch\/barc\/celebrations\/\" \/>\n<meta property=\"og:locale\" content=\"fr_FR\" \/>\n<meta property=\"og:type\" content=\"article\" \/>\n<meta property=\"og:title\" content=\"C\u00e9l\u00e9brations\" \/>\n<meta property=\"og:description\" content=\"La c\u00e9l\u00e9bration des cultes est l&#039;une des priorit\u00e9s de la paroisse de La BARC. Chaque dimanche, les paroissiens peuvent se rendre \u00e0 l&#039;\u00e9glise pour y suivre\" \/>\n<meta property=\"og:url\" content=\"https:\/\/www.eren.ch\/barc\/celebrations\/\" \/>\n<meta property=\"og:site_name\" content=\"Paroisse r\u00e9form\u00e9e de La BARC\" \/>\n<meta property=\"article:publisher\" content=\"https:\/\/www.facebook.com\/eglise.EREN\" \/>\n<meta property=\"article:modified_time\" content=\"2023-09-04T10:26:49+00:00\" \/>\n<meta name=\"twitter:card\" content=\"summary_large_image\" \/>\n<meta name=\"twitter:site\" content=\"@egliseeren\" \/>\n<meta name=\"twitter:label1\" content=\"Dur\u00e9e de lecture estim\u00e9e\" \/>\n\t<meta name=\"twitter:data1\" content=\"2 minutes\" \/>\n<script type=\"application\/ld+json\" class=\"yoast-schema-graph\">{\"@context\":\"https:\\\/\\\/schema.org\",\"@graph\":[{\"@type\":\"WebPage\",\"@id\":\"https:\\\/\\\/www.eren.ch\\\/barc\\\/celebrations\\\/\",\"url\":\"https:\\\/\\\/www.eren.ch\\\/barc\\\/celebrations\\\/\",\"name\":\"C\u00e9l\u00e9brations &#8226; Paroisse r\u00e9form\u00e9e de La BARC\",\"isPartOf\":{\"@id\":\"https:\\\/\\\/www.eren.ch\\\/barc\\\/#website\"},\"datePublished\":\"2016-05-12T18:15:25+00:00\",\"dateModified\":\"2023-09-04T10:26:49+00:00\",\"description\":\"La c\u00e9l\u00e9bration des cultes est l'une des priorit\u00e9s de la paroisse de La BARC. Chaque dimanche, les paroissiens peuvent se rendre \u00e0 l'\u00e9glise pour y suivre\",\"breadcrumb\":{\"@id\":\"https:\\\/\\\/www.eren.ch\\\/barc\\\/celebrations\\\/#breadcrumb\"},\"inLanguage\":\"fr-FR\",\"potentialAction\":[{\"@type\":\"ReadAction\",\"target\":[\"https:\\\/\\\/www.eren.ch\\\/barc\\\/celebrations\\\/\"]}]},{\"@type\":\"BreadcrumbList\",\"@id\":\"https:\\\/\\\/www.eren.ch\\\/barc\\\/celebrations\\\/#breadcrumb\",\"itemListElement\":[{\"@type\":\"ListItem\",\"position\":1,\"name\":\"Accueil\",\"item\":\"https:\\\/\\\/www.eren.ch\\\/barc\\\/\"},{\"@type\":\"ListItem\",\"position\":2,\"name\":\"C\u00e9l\u00e9brations\"}]},{\"@type\":\"WebSite\",\"@id\":\"https:\\\/\\\/www.eren.ch\\\/barc\\\/#website\",\"url\":\"https:\\\/\\\/www.eren.ch\\\/barc\\\/\",\"name\":\"Paroisse r\u00e9form\u00e9e de La BARC\",\"description\":\"B\u00f4le - Auvernier - Rochefort - Colombier\",\"publisher\":{\"@id\":\"https:\\\/\\\/www.eren.ch\\\/barc\\\/#organization\"},\"potentialAction\":[{\"@type\":\"SearchAction\",\"target\":{\"@type\":\"EntryPoint\",\"urlTemplate\":\"https:\\\/\\\/www.eren.ch\\\/barc\\\/?s={search_term_string}\"},\"query-input\":{\"@type\":\"PropertyValueSpecification\",\"valueRequired\":true,\"valueName\":\"search_term_string\"}}],\"inLanguage\":\"fr-FR\"},{\"@type\":\"Organization\",\"@id\":\"https:\\\/\\\/www.eren.ch\\\/barc\\\/#organization\",\"name\":\"Paroisse de La BARC\",\"url\":\"https:\\\/\\\/www.eren.ch\\\/barc\\\/\",\"logo\":{\"@type\":\"ImageObject\",\"inLanguage\":\"fr-FR\",\"@id\":\"https:\\\/\\\/www.eren.ch\\\/barc\\\/#\\\/schema\\\/logo\\\/image\\\/\",\"url\":\"https:\\\/\\\/www.eren.ch\\\/barc\\\/wp-content\\\/uploads\\\/sites\\\/4\\\/2020\\\/12\\\/logo-barc.png\",\"contentUrl\":\"https:\\\/\\\/www.eren.ch\\\/barc\\\/wp-content\\\/uploads\\\/sites\\\/4\\\/2020\\\/12\\\/logo-barc.png\",\"width\":240,\"height\":117,\"caption\":\"Paroisse de La BARC\"},\"image\":{\"@id\":\"https:\\\/\\\/www.eren.ch\\\/barc\\\/#\\\/schema\\\/logo\\\/image\\\/\"},\"sameAs\":[\"https:\\\/\\\/www.facebook.com\\\/eglise.EREN\",\"https:\\\/\\\/x.com\\\/egliseeren\",\"https:\\\/\\\/fr.wikipedia.org\\\/wiki\\\/\u00c9glise_r\u00e9form\u00e9e_\u00e9vang\u00e9lique_du_canton_de_Neuch\u00e2tel\"]}]}<\/script>\n<!-- \/ Yoast SEO Premium plugin. -->","yoast_head_json":{"title":"C\u00e9l\u00e9brations &#8226; Paroisse r\u00e9form\u00e9e de La BARC","description":"La c\u00e9l\u00e9bration des cultes est l'une des priorit\u00e9s de la paroisse de La BARC. Chaque dimanche, les paroissiens peuvent se rendre \u00e0 l'\u00e9glise pour y suivre","robots":{"index":"index","follow":"follow","max-snippet":"max-snippet:-1","max-image-preview":"max-image-preview:large","max-video-preview":"max-video-preview:-1"},"canonical":"https:\/\/www.eren.ch\/barc\/celebrations\/","og_locale":"fr_FR","og_type":"article","og_title":"C\u00e9l\u00e9brations","og_description":"La c\u00e9l\u00e9bration des cultes est l'une des priorit\u00e9s de la paroisse de La BARC. Chaque dimanche, les paroissiens peuvent se rendre \u00e0 l'\u00e9glise pour y suivre","og_url":"https:\/\/www.eren.ch\/barc\/celebrations\/","og_site_name":"Paroisse r\u00e9form\u00e9e de La BARC","article_publisher":"https:\/\/www.facebook.com\/eglise.EREN","article_modified_time":"2023-09-04T10:26:49+00:00","twitter_card":"summary_large_image","twitter_site":"@egliseeren","twitter_misc":{"Dur\u00e9e de lecture estim\u00e9e":"2 minutes"},"schema":{"@context":"https:\/\/schema.org","@graph":[{"@type":"WebPage","@id":"https:\/\/www.eren.ch\/barc\/celebrations\/","url":"https:\/\/www.eren.ch\/barc\/celebrations\/","name":"C\u00e9l\u00e9brations &#8226; Paroisse r\u00e9form\u00e9e de La BARC","isPartOf":{"@id":"https:\/\/www.eren.ch\/barc\/#website"},"datePublished":"2016-05-12T18:15:25+00:00","dateModified":"2023-09-04T10:26:49+00:00","description":"La c\u00e9l\u00e9bration des cultes est l'une des priorit\u00e9s de la paroisse de La BARC. Chaque dimanche, les paroissiens peuvent se rendre \u00e0 l'\u00e9glise pour y suivre","breadcrumb":{"@id":"https:\/\/www.eren.ch\/barc\/celebrations\/#breadcrumb"},"inLanguage":"fr-FR","potentialAction":[{"@type":"ReadAction","target":["https:\/\/www.eren.ch\/barc\/celebrations\/"]}]},{"@type":"BreadcrumbList","@id":"https:\/\/www.eren.ch\/barc\/celebrations\/#breadcrumb","itemListElement":[{"@type":"ListItem","position":1,"name":"Accueil","item":"https:\/\/www.eren.ch\/barc\/"},{"@type":"ListItem","position":2,"name":"C\u00e9l\u00e9brations"}]},{"@type":"WebSite","@id":"https:\/\/www.eren.ch\/barc\/#website","url":"https:\/\/www.eren.ch\/barc\/","name":"Paroisse r\u00e9form\u00e9e de La BARC","description":"B\u00f4le - Auvernier - Rochefort - Colombier","publisher":{"@id":"https:\/\/www.eren.ch\/barc\/#organization"},"potentialAction":[{"@type":"SearchAction","target":{"@type":"EntryPoint","urlTemplate":"https:\/\/www.eren.ch\/barc\/?s={search_term_string}"},"query-input":{"@type":"PropertyValueSpecification","valueRequired":true,"valueName":"search_term_string"}}],"inLanguage":"fr-FR"},{"@type":"Organization","@id":"https:\/\/www.eren.ch\/barc\/#organization","name":"Paroisse de La BARC","url":"https:\/\/www.eren.ch\/barc\/","logo":{"@type":"ImageObject","inLanguage":"fr-FR","@id":"https:\/\/www.eren.ch\/barc\/#\/schema\/logo\/image\/","url":"https:\/\/www.eren.ch\/barc\/wp-content\/uploads\/sites\/4\/2020\/12\/logo-barc.png","contentUrl":"https:\/\/www.eren.ch\/barc\/wp-content\/uploads\/sites\/4\/2020\/12\/logo-barc.png","width":240,"height":117,"caption":"Paroisse de La BARC"},"image":{"@id":"https:\/\/www.eren.ch\/barc\/#\/schema\/logo\/image\/"},"sameAs":["https:\/\/www.facebook.com\/eglise.EREN","https:\/\/x.com\/egliseeren","https:\/\/fr.wikipedia.org\/wiki\/\u00c9glise_r\u00e9form\u00e9e_\u00e9vang\u00e9lique_du_canton_de_Neuch\u00e2tel"]}]}},"_links":{"self":[{"href":"https:\/\/www.eren.ch\/barc\/wp-json\/wp\/v2\/pages\/13","targetHints":{"allow":["GET"]}}],"collection":[{"href":"https:\/\/www.eren.ch\/barc\/wp-json\/wp\/v2\/pages"}],"about":[{"href":"https:\/\/www.eren.ch\/barc\/wp-json\/wp\/v2\/types\/page"}],"author":[{"embeddable":true,"href":"https:\/\/www.eren.ch\/barc\/wp-json\/wp\/v2\/users\/1"}],"replies":[{"embeddable":true,"href":"https:\/\/www.eren.ch\/barc\/wp-json\/wp\/v2\/comments?post=13"}],"version-history":[{"count":5,"href":"https:\/\/www.eren.ch\/barc\/wp-json\/wp\/v2\/pages\/13\/revisions"}],"predecessor-version":[{"id":4372,"href":"https:\/\/www.eren.ch\/barc\/wp-json\/wp\/v2\/pages\/13\/revisions\/4372"}],"wp:attachment":[{"href":"https:\/\/www.eren.ch\/barc\/wp-json\/wp\/v2\/media?parent=13"}],"curies":[{"name":"wp","href":"https:\/\/api.w.org\/{rel}","templated":true}]}}