{"id":15,"date":"2016-05-12T20:19:42","date_gmt":"2016-05-12T18:19:42","guid":{"rendered":"https:\/\/www.eren.ch\/barc\/?page_id=15"},"modified":"2025-09-18T11:21:28","modified_gmt":"2025-09-18T09:21:28","slug":"enfance-et-jeunesse","status":"publish","type":"page","link":"https:\/\/www.eren.ch\/barc\/enfance-et-jeunesse\/","title":{"rendered":"Enfance et jeunesse"},"content":{"rendered":"<p><strong>Permettre \u00e0 nos enfants d&rsquo;\u00eatre initi\u00e9s \u00e0 la spiritualit\u00e9<\/strong><\/p>\n<p>La paroisse de La BARC propose une cat\u00e9ch\u00e8se pour chaque \u00e2ge. <span class=\"\">Ces diff\u00e9rentes activit\u00e9s sont ouvertes \u00e0 tous les enfants, quelles que soient les croyances de leurs parents. Il n\u2019y a pas besoin d\u2019avoir \u00e9t\u00e9 baptis\u00e9 pour y participer.<br \/>\n<\/span><\/p>\n<ul>\n<li><a href=\"https:\/\/www.eren.ch\/barc\/enfance-et-jeunesse\/eveil-a-la-foi\/\">\u00c9veil \u00e0 la foi<\/a><br \/>\npour les enfants de 2 \u00e0 6 ans (pr\u00e9-scolaire et 1H-2H)<\/li>\n<li><a href=\"https:\/\/www.eren.ch\/barc\/enfance-et-jeunesse\/le-ptit-cate\/\">Le p\u2019tit cat\u00e9<\/a><br \/>\npour les enfants de 7 \u00e0 10 ans (3H-6H)<\/li>\n<li><a href=\"https:\/\/www.eren.ch\/barc\/enfance-et-jeunesse\/passeport-cate\/\">Passeport KT<\/a><br \/>\npour les ados de 10 \u00e0 13 ans (7H-10H)<\/li>\n<li><a href=\"https:\/\/www.eren.ch\/barc\/enfance-et-jeunesse\/kt-a-la-carte\/\">KT \u00e0 la Carte<\/a><br \/>\npour les ados de 14 ans (11H)<\/li>\n<li><a href=\"https:\/\/www.eren.ch\/barc\/enfance-et-jeunesse\/groupe-de-jeunes\/\">Groupe de jeunes<\/a><br \/>\npour les ados et les jeunes adultes de 15 ans et plus<\/li>\n<\/ul>\n<h2>Une question?<\/h2>\n<p>Contactez les pasteures:<\/p>\n<ul>\n<li>B\u00e9n\u00e9dicte Gritti, 032 842 57 49, <a href=\"mailto:benedicte.gritti@eren.ch\">benedicte.gritti@eren.ch<\/a> pour le P&rsquo;tit cat\u00e9<\/li>\n<li>Diane Friedli, 079 815 01 18, <a href=\"mailto:diane.friedli@eren.ch\">diane.friedli@eren.ch<\/a> pour l\u2019\u00c9veil \u00e0 la foi, le Passeport KT et le KT \u00e0 la carte<\/li>\n<\/ul>\n","protected":false},"excerpt":{"rendered":"<p>Permettre \u00e0 nos enfants d&rsquo;\u00eatre initi\u00e9s \u00e0 la spiritualit\u00e9 La paroisse de La BARC propose une cat\u00e9ch\u00e8se pour chaque \u00e2ge. Ces diff\u00e9rentes activit\u00e9s sont ouvertes \u00e0 tous les enfants, quelles que soient les croyances de leurs parents. Il n\u2019y a pas besoin d\u2019avoir \u00e9t\u00e9 baptis\u00e9 pour y participer. \u00c9veil \u00e0 la foi pour les enfants &hellip; <a href=\"https:\/\/www.eren.ch\/barc\/enfance-et-jeunesse\/\" class=\"more-link\">Continuer la lecture<span class=\"screen-reader-text\"> de &laquo;&nbsp;Enfance et jeunesse&nbsp;&raquo;<\/span><\/a><\/p>\n","protected":false},"author":1,"featured_media":0,"parent":0,"menu_order":30,"comment_status":"closed","ping_status":"closed","template":"","meta":{"footnotes":""},"class_list":["post-15","page","type-page","status-publish","hentry"],"yoast_head":"<!-- This site is optimized with the Yoast SEO Premium plugin v27.3 (Yoast SEO v27.3) - https:\/\/yoast.com\/product\/yoast-seo-premium-wordpress\/ -->\n<title>Enfance et jeunesse: offre de cat\u00e9ch\u00e8se r\u00e9form\u00e9e dans la paroisse de La BARC<\/title>\n<meta name=\"description\" content=\"Cat\u00e9chisme protestant \u00e0 Milvignes (Auvernier, B\u00f4le, Colombier) et Rochefort. Pour chaque \u00e2ge. Pas besoin d\u2019avoir \u00e9t\u00e9 baptis\u00e9 pour y participer. Activit\u00e9s ouvertes \u00e0 tous les enfants.\" \/>\n<meta name=\"robots\" content=\"index, follow, max-snippet:-1, max-image-preview:large, max-video-preview:-1\" \/>\n<link rel=\"canonical\" href=\"https:\/\/www.eren.ch\/barc\/enfance-et-jeunesse\/\" \/>\n<meta property=\"og:locale\" content=\"fr_FR\" \/>\n<meta property=\"og:type\" content=\"article\" \/>\n<meta property=\"og:title\" content=\"Enfance et jeunesse\" \/>\n<meta property=\"og:description\" content=\"Cat\u00e9chisme protestant \u00e0 Milvignes (Auvernier, B\u00f4le, Colombier) et Rochefort. Pour chaque \u00e2ge. Pas besoin d\u2019avoir \u00e9t\u00e9 baptis\u00e9 pour y participer. Activit\u00e9s ouvertes \u00e0 tous les enfants.\" \/>\n<meta property=\"og:url\" content=\"https:\/\/www.eren.ch\/barc\/enfance-et-jeunesse\/\" \/>\n<meta property=\"og:site_name\" content=\"Paroisse r\u00e9form\u00e9e de La BARC\" \/>\n<meta property=\"article:publisher\" content=\"https:\/\/www.facebook.com\/eglise.EREN\" \/>\n<meta property=\"article:modified_time\" content=\"2025-09-18T09:21:28+00:00\" \/>\n<meta property=\"og:image\" content=\"https:\/\/www.eren.ch\/barc\/wp-content\/uploads\/sites\/4\/2020\/10\/hands-2847508_1920.jpg\" \/>\n\t<meta property=\"og:image:width\" content=\"1920\" \/>\n\t<meta property=\"og:image:height\" content=\"1280\" \/>\n\t<meta property=\"og:image:type\" content=\"image\/jpeg\" \/>\n<meta name=\"twitter:card\" content=\"summary_large_image\" \/>\n<meta name=\"twitter:site\" content=\"@egliseeren\" \/>\n<meta name=\"twitter:label1\" content=\"Dur\u00e9e de lecture estim\u00e9e\" \/>\n\t<meta name=\"twitter:data1\" content=\"1 minute\" \/>\n<script type=\"application\/ld+json\" class=\"yoast-schema-graph\">{\"@context\":\"https:\\\/\\\/schema.org\",\"@graph\":[{\"@type\":\"WebPage\",\"@id\":\"https:\\\/\\\/www.eren.ch\\\/barc\\\/enfance-et-jeunesse\\\/\",\"url\":\"https:\\\/\\\/www.eren.ch\\\/barc\\\/enfance-et-jeunesse\\\/\",\"name\":\"Enfance et jeunesse: offre de cat\u00e9ch\u00e8se r\u00e9form\u00e9e dans la paroisse de La BARC\",\"isPartOf\":{\"@id\":\"https:\\\/\\\/www.eren.ch\\\/barc\\\/#website\"},\"datePublished\":\"2016-05-12T18:19:42+00:00\",\"dateModified\":\"2025-09-18T09:21:28+00:00\",\"description\":\"Cat\u00e9chisme protestant \u00e0 Milvignes (Auvernier, B\u00f4le, Colombier) et Rochefort. Pour chaque \u00e2ge. Pas besoin d\u2019avoir \u00e9t\u00e9 baptis\u00e9 pour y participer. Activit\u00e9s ouvertes \u00e0 tous les enfants.\",\"breadcrumb\":{\"@id\":\"https:\\\/\\\/www.eren.ch\\\/barc\\\/enfance-et-jeunesse\\\/#breadcrumb\"},\"inLanguage\":\"fr-FR\",\"potentialAction\":[{\"@type\":\"ReadAction\",\"target\":[\"https:\\\/\\\/www.eren.ch\\\/barc\\\/enfance-et-jeunesse\\\/\"]}]},{\"@type\":\"BreadcrumbList\",\"@id\":\"https:\\\/\\\/www.eren.ch\\\/barc\\\/enfance-et-jeunesse\\\/#breadcrumb\",\"itemListElement\":[{\"@type\":\"ListItem\",\"position\":1,\"name\":\"Accueil\",\"item\":\"https:\\\/\\\/www.eren.ch\\\/barc\\\/\"},{\"@type\":\"ListItem\",\"position\":2,\"name\":\"Enfance et jeunesse\"}]},{\"@type\":\"WebSite\",\"@id\":\"https:\\\/\\\/www.eren.ch\\\/barc\\\/#website\",\"url\":\"https:\\\/\\\/www.eren.ch\\\/barc\\\/\",\"name\":\"Paroisse r\u00e9form\u00e9e de La BARC\",\"description\":\"B\u00f4le - Auvernier - Rochefort - Colombier\",\"publisher\":{\"@id\":\"https:\\\/\\\/www.eren.ch\\\/barc\\\/#organization\"},\"potentialAction\":[{\"@type\":\"SearchAction\",\"target\":{\"@type\":\"EntryPoint\",\"urlTemplate\":\"https:\\\/\\\/www.eren.ch\\\/barc\\\/?s={search_term_string}\"},\"query-input\":{\"@type\":\"PropertyValueSpecification\",\"valueRequired\":true,\"valueName\":\"search_term_string\"}}],\"inLanguage\":\"fr-FR\"},{\"@type\":\"Organization\",\"@id\":\"https:\\\/\\\/www.eren.ch\\\/barc\\\/#organization\",\"name\":\"Paroisse de La BARC\",\"url\":\"https:\\\/\\\/www.eren.ch\\\/barc\\\/\",\"logo\":{\"@type\":\"ImageObject\",\"inLanguage\":\"fr-FR\",\"@id\":\"https:\\\/\\\/www.eren.ch\\\/barc\\\/#\\\/schema\\\/logo\\\/image\\\/\",\"url\":\"https:\\\/\\\/www.eren.ch\\\/barc\\\/wp-content\\\/uploads\\\/sites\\\/4\\\/2020\\\/12\\\/logo-barc.png\",\"contentUrl\":\"https:\\\/\\\/www.eren.ch\\\/barc\\\/wp-content\\\/uploads\\\/sites\\\/4\\\/2020\\\/12\\\/logo-barc.png\",\"width\":240,\"height\":117,\"caption\":\"Paroisse de La BARC\"},\"image\":{\"@id\":\"https:\\\/\\\/www.eren.ch\\\/barc\\\/#\\\/schema\\\/logo\\\/image\\\/\"},\"sameAs\":[\"https:\\\/\\\/www.facebook.com\\\/eglise.EREN\",\"https:\\\/\\\/x.com\\\/egliseeren\",\"https:\\\/\\\/fr.wikipedia.org\\\/wiki\\\/\u00c9glise_r\u00e9form\u00e9e_\u00e9vang\u00e9lique_du_canton_de_Neuch\u00e2tel\"]}]}<\/script>\n<!-- \/ Yoast SEO Premium plugin. -->","yoast_head_json":{"title":"Enfance et jeunesse: offre de cat\u00e9ch\u00e8se r\u00e9form\u00e9e dans la paroisse de La BARC","description":"Cat\u00e9chisme protestant \u00e0 Milvignes (Auvernier, B\u00f4le, Colombier) et Rochefort. Pour chaque \u00e2ge. Pas besoin d\u2019avoir \u00e9t\u00e9 baptis\u00e9 pour y participer. Activit\u00e9s ouvertes \u00e0 tous les enfants.","robots":{"index":"index","follow":"follow","max-snippet":"max-snippet:-1","max-image-preview":"max-image-preview:large","max-video-preview":"max-video-preview:-1"},"canonical":"https:\/\/www.eren.ch\/barc\/enfance-et-jeunesse\/","og_locale":"fr_FR","og_type":"article","og_title":"Enfance et jeunesse","og_description":"Cat\u00e9chisme protestant \u00e0 Milvignes (Auvernier, B\u00f4le, Colombier) et Rochefort. Pour chaque \u00e2ge. Pas besoin d\u2019avoir \u00e9t\u00e9 baptis\u00e9 pour y participer. Activit\u00e9s ouvertes \u00e0 tous les enfants.","og_url":"https:\/\/www.eren.ch\/barc\/enfance-et-jeunesse\/","og_site_name":"Paroisse r\u00e9form\u00e9e de La BARC","article_publisher":"https:\/\/www.facebook.com\/eglise.EREN","article_modified_time":"2025-09-18T09:21:28+00:00","og_image":[{"width":1920,"height":1280,"url":"https:\/\/www.eren.ch\/barc\/wp-content\/uploads\/sites\/4\/2020\/10\/hands-2847508_1920.jpg","type":"image\/jpeg"}],"twitter_card":"summary_large_image","twitter_site":"@egliseeren","twitter_misc":{"Dur\u00e9e de lecture estim\u00e9e":"1 minute"},"schema":{"@context":"https:\/\/schema.org","@graph":[{"@type":"WebPage","@id":"https:\/\/www.eren.ch\/barc\/enfance-et-jeunesse\/","url":"https:\/\/www.eren.ch\/barc\/enfance-et-jeunesse\/","name":"Enfance et jeunesse: offre de cat\u00e9ch\u00e8se r\u00e9form\u00e9e dans la paroisse de La BARC","isPartOf":{"@id":"https:\/\/www.eren.ch\/barc\/#website"},"datePublished":"2016-05-12T18:19:42+00:00","dateModified":"2025-09-18T09:21:28+00:00","description":"Cat\u00e9chisme protestant \u00e0 Milvignes (Auvernier, B\u00f4le, Colombier) et Rochefort. Pour chaque \u00e2ge. Pas besoin d\u2019avoir \u00e9t\u00e9 baptis\u00e9 pour y participer. Activit\u00e9s ouvertes \u00e0 tous les enfants.","breadcrumb":{"@id":"https:\/\/www.eren.ch\/barc\/enfance-et-jeunesse\/#breadcrumb"},"inLanguage":"fr-FR","potentialAction":[{"@type":"ReadAction","target":["https:\/\/www.eren.ch\/barc\/enfance-et-jeunesse\/"]}]},{"@type":"BreadcrumbList","@id":"https:\/\/www.eren.ch\/barc\/enfance-et-jeunesse\/#breadcrumb","itemListElement":[{"@type":"ListItem","position":1,"name":"Accueil","item":"https:\/\/www.eren.ch\/barc\/"},{"@type":"ListItem","position":2,"name":"Enfance et jeunesse"}]},{"@type":"WebSite","@id":"https:\/\/www.eren.ch\/barc\/#website","url":"https:\/\/www.eren.ch\/barc\/","name":"Paroisse r\u00e9form\u00e9e de La BARC","description":"B\u00f4le - Auvernier - Rochefort - Colombier","publisher":{"@id":"https:\/\/www.eren.ch\/barc\/#organization"},"potentialAction":[{"@type":"SearchAction","target":{"@type":"EntryPoint","urlTemplate":"https:\/\/www.eren.ch\/barc\/?s={search_term_string}"},"query-input":{"@type":"PropertyValueSpecification","valueRequired":true,"valueName":"search_term_string"}}],"inLanguage":"fr-FR"},{"@type":"Organization","@id":"https:\/\/www.eren.ch\/barc\/#organization","name":"Paroisse de La BARC","url":"https:\/\/www.eren.ch\/barc\/","logo":{"@type":"ImageObject","inLanguage":"fr-FR","@id":"https:\/\/www.eren.ch\/barc\/#\/schema\/logo\/image\/","url":"https:\/\/www.eren.ch\/barc\/wp-content\/uploads\/sites\/4\/2020\/12\/logo-barc.png","contentUrl":"https:\/\/www.eren.ch\/barc\/wp-content\/uploads\/sites\/4\/2020\/12\/logo-barc.png","width":240,"height":117,"caption":"Paroisse de La BARC"},"image":{"@id":"https:\/\/www.eren.ch\/barc\/#\/schema\/logo\/image\/"},"sameAs":["https:\/\/www.facebook.com\/eglise.EREN","https:\/\/x.com\/egliseeren","https:\/\/fr.wikipedia.org\/wiki\/\u00c9glise_r\u00e9form\u00e9e_\u00e9vang\u00e9lique_du_canton_de_Neuch\u00e2tel"]}]}},"_links":{"self":[{"href":"https:\/\/www.eren.ch\/barc\/wp-json\/wp\/v2\/pages\/15","targetHints":{"allow":["GET"]}}],"collection":[{"href":"https:\/\/www.eren.ch\/barc\/wp-json\/wp\/v2\/pages"}],"about":[{"href":"https:\/\/www.eren.ch\/barc\/wp-json\/wp\/v2\/types\/page"}],"author":[{"embeddable":true,"href":"https:\/\/www.eren.ch\/barc\/wp-json\/wp\/v2\/users\/1"}],"replies":[{"embeddable":true,"href":"https:\/\/www.eren.ch\/barc\/wp-json\/wp\/v2\/comments?post=15"}],"version-history":[{"count":9,"href":"https:\/\/www.eren.ch\/barc\/wp-json\/wp\/v2\/pages\/15\/revisions"}],"predecessor-version":[{"id":5317,"href":"https:\/\/www.eren.ch\/barc\/wp-json\/wp\/v2\/pages\/15\/revisions\/5317"}],"wp:attachment":[{"href":"https:\/\/www.eren.ch\/barc\/wp-json\/wp\/v2\/media?parent=15"}],"curies":[{"name":"wp","href":"https:\/\/api.w.org\/{rel}","templated":true}]}}