{"id":17,"date":"2016-05-12T20:19:42","date_gmt":"2016-05-12T18:19:42","guid":{"rendered":"https:\/\/www.eren.ch\/barc\/?page_id=17"},"modified":"2019-07-03T15:11:36","modified_gmt":"2019-07-03T13:11:36","slug":"batiments","status":"publish","type":"page","link":"https:\/\/www.eren.ch\/barc\/batiments\/","title":{"rendered":"B\u00e2timents"},"content":{"rendered":"<p>La BARC compte:<\/p>\n<ul>\n<li>Quatre temples et une chapelle, qui sont propri\u00e9t\u00e9s des communes\n<ul>\n<li><a href=\"https:\/\/www.eren.ch\/barc\/batiments\/temple-auvernier\/\">Temple d&rsquo;Auvernier<\/a><\/li>\n<li><a href=\"https:\/\/www.eren.ch\/barc\/batiments\/temple-de-bole\/\">Temple de B\u00f4le<\/a><\/li>\n<li><a href=\"https:\/\/www.eren.ch\/barc\/batiments\/temple-de-colombier\/\">Temple de Colombier<\/a><\/li>\n<li><a href=\"https:\/\/www.eren.ch\/barc\/batiments\/temple-de-rochefort\/\">Temple de Rochefort<\/a><\/li>\n<li>Chapelle de Brot-Dessous<\/li>\n<\/ul>\n<\/li>\n<li>Un <a href=\"https:\/\/www.eren.ch\/barc\/contacts\/\">secr\u00e9tariat<\/a> et bureau de la comptabilit\u00e9 (rue du Ch\u00e2teau 3, \u00e0 Colombier)<\/li>\n<\/ul>\n","protected":false},"excerpt":{"rendered":"<p>La BARC compte: Quatre temples et une chapelle, qui sont propri\u00e9t\u00e9s des communes Temple d&rsquo;Auvernier Temple de B\u00f4le Temple de Colombier Temple de Rochefort Chapelle de Brot-Dessous Un secr\u00e9tariat et bureau de la comptabilit\u00e9 (rue du Ch\u00e2teau 3, \u00e0 Colombier)<\/p>\n","protected":false},"author":1,"featured_media":0,"parent":0,"menu_order":50,"comment_status":"closed","ping_status":"closed","template":"","meta":{"footnotes":""},"class_list":["post-17","page","type-page","status-publish","hentry"],"yoast_head":"<!-- This site is optimized with the Yoast SEO Premium plugin v27.3 (Yoast SEO v27.3) - https:\/\/yoast.com\/product\/yoast-seo-premium-wordpress\/ -->\n<title>B\u00e2timents &#8226; Paroisse r\u00e9form\u00e9e de La BARC<\/title>\n<meta name=\"description\" content=\"La paroisse met \u00e0 disposition des locaux pour des repas de familles, des anniversaires d&#039;enfants, des colloques... toutes r\u00e9unions conviviales, charg\u00e9es de cr\u00e9er du lien entre les g\u00e9n\u00e9rations\" \/>\n<meta name=\"robots\" content=\"index, follow, max-snippet:-1, max-image-preview:large, max-video-preview:-1\" \/>\n<link rel=\"canonical\" href=\"https:\/\/www.eren.ch\/barc\/batiments\/\" \/>\n<meta property=\"og:locale\" content=\"fr_FR\" \/>\n<meta property=\"og:type\" content=\"article\" \/>\n<meta property=\"og:title\" content=\"B\u00e2timents\" \/>\n<meta property=\"og:description\" content=\"La paroisse met \u00e0 disposition des locaux pour des repas de familles, des anniversaires d&#039;enfants, des colloques... toutes r\u00e9unions conviviales, charg\u00e9es de cr\u00e9er du lien entre les g\u00e9n\u00e9rations\" \/>\n<meta property=\"og:url\" content=\"https:\/\/www.eren.ch\/barc\/batiments\/\" \/>\n<meta property=\"og:site_name\" content=\"Paroisse r\u00e9form\u00e9e de La BARC\" \/>\n<meta property=\"article:publisher\" content=\"https:\/\/www.facebook.com\/eglise.EREN\" \/>\n<meta property=\"article:modified_time\" content=\"2019-07-03T13:11:36+00:00\" \/>\n<meta name=\"twitter:card\" content=\"summary_large_image\" \/>\n<meta name=\"twitter:site\" content=\"@egliseeren\" \/>\n<script type=\"application\/ld+json\" class=\"yoast-schema-graph\">{\"@context\":\"https:\\\/\\\/schema.org\",\"@graph\":[{\"@type\":\"WebPage\",\"@id\":\"https:\\\/\\\/www.eren.ch\\\/barc\\\/batiments\\\/\",\"url\":\"https:\\\/\\\/www.eren.ch\\\/barc\\\/batiments\\\/\",\"name\":\"B\u00e2timents &#8226; Paroisse r\u00e9form\u00e9e de La BARC\",\"isPartOf\":{\"@id\":\"https:\\\/\\\/www.eren.ch\\\/barc\\\/#website\"},\"datePublished\":\"2016-05-12T18:19:42+00:00\",\"dateModified\":\"2019-07-03T13:11:36+00:00\",\"description\":\"La paroisse met \u00e0 disposition des locaux pour des repas de familles, des anniversaires d'enfants, des colloques... toutes r\u00e9unions conviviales, charg\u00e9es de cr\u00e9er du lien entre les g\u00e9n\u00e9rations\",\"breadcrumb\":{\"@id\":\"https:\\\/\\\/www.eren.ch\\\/barc\\\/batiments\\\/#breadcrumb\"},\"inLanguage\":\"fr-FR\",\"potentialAction\":[{\"@type\":\"ReadAction\",\"target\":[\"https:\\\/\\\/www.eren.ch\\\/barc\\\/batiments\\\/\"]}]},{\"@type\":\"BreadcrumbList\",\"@id\":\"https:\\\/\\\/www.eren.ch\\\/barc\\\/batiments\\\/#breadcrumb\",\"itemListElement\":[{\"@type\":\"ListItem\",\"position\":1,\"name\":\"Accueil\",\"item\":\"https:\\\/\\\/www.eren.ch\\\/barc\\\/\"},{\"@type\":\"ListItem\",\"position\":2,\"name\":\"B\u00e2timents\"}]},{\"@type\":\"WebSite\",\"@id\":\"https:\\\/\\\/www.eren.ch\\\/barc\\\/#website\",\"url\":\"https:\\\/\\\/www.eren.ch\\\/barc\\\/\",\"name\":\"Paroisse r\u00e9form\u00e9e de La BARC\",\"description\":\"B\u00f4le - Auvernier - Rochefort - Colombier\",\"publisher\":{\"@id\":\"https:\\\/\\\/www.eren.ch\\\/barc\\\/#organization\"},\"potentialAction\":[{\"@type\":\"SearchAction\",\"target\":{\"@type\":\"EntryPoint\",\"urlTemplate\":\"https:\\\/\\\/www.eren.ch\\\/barc\\\/?s={search_term_string}\"},\"query-input\":{\"@type\":\"PropertyValueSpecification\",\"valueRequired\":true,\"valueName\":\"search_term_string\"}}],\"inLanguage\":\"fr-FR\"},{\"@type\":\"Organization\",\"@id\":\"https:\\\/\\\/www.eren.ch\\\/barc\\\/#organization\",\"name\":\"Paroisse de La BARC\",\"url\":\"https:\\\/\\\/www.eren.ch\\\/barc\\\/\",\"logo\":{\"@type\":\"ImageObject\",\"inLanguage\":\"fr-FR\",\"@id\":\"https:\\\/\\\/www.eren.ch\\\/barc\\\/#\\\/schema\\\/logo\\\/image\\\/\",\"url\":\"https:\\\/\\\/www.eren.ch\\\/barc\\\/wp-content\\\/uploads\\\/sites\\\/4\\\/2020\\\/12\\\/logo-barc.png\",\"contentUrl\":\"https:\\\/\\\/www.eren.ch\\\/barc\\\/wp-content\\\/uploads\\\/sites\\\/4\\\/2020\\\/12\\\/logo-barc.png\",\"width\":240,\"height\":117,\"caption\":\"Paroisse de La BARC\"},\"image\":{\"@id\":\"https:\\\/\\\/www.eren.ch\\\/barc\\\/#\\\/schema\\\/logo\\\/image\\\/\"},\"sameAs\":[\"https:\\\/\\\/www.facebook.com\\\/eglise.EREN\",\"https:\\\/\\\/x.com\\\/egliseeren\",\"https:\\\/\\\/fr.wikipedia.org\\\/wiki\\\/\u00c9glise_r\u00e9form\u00e9e_\u00e9vang\u00e9lique_du_canton_de_Neuch\u00e2tel\"]}]}<\/script>\n<!-- \/ Yoast SEO Premium plugin. -->","yoast_head_json":{"title":"B\u00e2timents &#8226; Paroisse r\u00e9form\u00e9e de La BARC","description":"La paroisse met \u00e0 disposition des locaux pour des repas de familles, des anniversaires d'enfants, des colloques... toutes r\u00e9unions conviviales, charg\u00e9es de cr\u00e9er du lien entre les g\u00e9n\u00e9rations","robots":{"index":"index","follow":"follow","max-snippet":"max-snippet:-1","max-image-preview":"max-image-preview:large","max-video-preview":"max-video-preview:-1"},"canonical":"https:\/\/www.eren.ch\/barc\/batiments\/","og_locale":"fr_FR","og_type":"article","og_title":"B\u00e2timents","og_description":"La paroisse met \u00e0 disposition des locaux pour des repas de familles, des anniversaires d'enfants, des colloques... toutes r\u00e9unions conviviales, charg\u00e9es de cr\u00e9er du lien entre les g\u00e9n\u00e9rations","og_url":"https:\/\/www.eren.ch\/barc\/batiments\/","og_site_name":"Paroisse r\u00e9form\u00e9e de La BARC","article_publisher":"https:\/\/www.facebook.com\/eglise.EREN","article_modified_time":"2019-07-03T13:11:36+00:00","twitter_card":"summary_large_image","twitter_site":"@egliseeren","schema":{"@context":"https:\/\/schema.org","@graph":[{"@type":"WebPage","@id":"https:\/\/www.eren.ch\/barc\/batiments\/","url":"https:\/\/www.eren.ch\/barc\/batiments\/","name":"B\u00e2timents &#8226; Paroisse r\u00e9form\u00e9e de La BARC","isPartOf":{"@id":"https:\/\/www.eren.ch\/barc\/#website"},"datePublished":"2016-05-12T18:19:42+00:00","dateModified":"2019-07-03T13:11:36+00:00","description":"La paroisse met \u00e0 disposition des locaux pour des repas de familles, des anniversaires d'enfants, des colloques... toutes r\u00e9unions conviviales, charg\u00e9es de cr\u00e9er du lien entre les g\u00e9n\u00e9rations","breadcrumb":{"@id":"https:\/\/www.eren.ch\/barc\/batiments\/#breadcrumb"},"inLanguage":"fr-FR","potentialAction":[{"@type":"ReadAction","target":["https:\/\/www.eren.ch\/barc\/batiments\/"]}]},{"@type":"BreadcrumbList","@id":"https:\/\/www.eren.ch\/barc\/batiments\/#breadcrumb","itemListElement":[{"@type":"ListItem","position":1,"name":"Accueil","item":"https:\/\/www.eren.ch\/barc\/"},{"@type":"ListItem","position":2,"name":"B\u00e2timents"}]},{"@type":"WebSite","@id":"https:\/\/www.eren.ch\/barc\/#website","url":"https:\/\/www.eren.ch\/barc\/","name":"Paroisse r\u00e9form\u00e9e de La BARC","description":"B\u00f4le - Auvernier - Rochefort - Colombier","publisher":{"@id":"https:\/\/www.eren.ch\/barc\/#organization"},"potentialAction":[{"@type":"SearchAction","target":{"@type":"EntryPoint","urlTemplate":"https:\/\/www.eren.ch\/barc\/?s={search_term_string}"},"query-input":{"@type":"PropertyValueSpecification","valueRequired":true,"valueName":"search_term_string"}}],"inLanguage":"fr-FR"},{"@type":"Organization","@id":"https:\/\/www.eren.ch\/barc\/#organization","name":"Paroisse de La BARC","url":"https:\/\/www.eren.ch\/barc\/","logo":{"@type":"ImageObject","inLanguage":"fr-FR","@id":"https:\/\/www.eren.ch\/barc\/#\/schema\/logo\/image\/","url":"https:\/\/www.eren.ch\/barc\/wp-content\/uploads\/sites\/4\/2020\/12\/logo-barc.png","contentUrl":"https:\/\/www.eren.ch\/barc\/wp-content\/uploads\/sites\/4\/2020\/12\/logo-barc.png","width":240,"height":117,"caption":"Paroisse de La BARC"},"image":{"@id":"https:\/\/www.eren.ch\/barc\/#\/schema\/logo\/image\/"},"sameAs":["https:\/\/www.facebook.com\/eglise.EREN","https:\/\/x.com\/egliseeren","https:\/\/fr.wikipedia.org\/wiki\/\u00c9glise_r\u00e9form\u00e9e_\u00e9vang\u00e9lique_du_canton_de_Neuch\u00e2tel"]}]}},"_links":{"self":[{"href":"https:\/\/www.eren.ch\/barc\/wp-json\/wp\/v2\/pages\/17","targetHints":{"allow":["GET"]}}],"collection":[{"href":"https:\/\/www.eren.ch\/barc\/wp-json\/wp\/v2\/pages"}],"about":[{"href":"https:\/\/www.eren.ch\/barc\/wp-json\/wp\/v2\/types\/page"}],"author":[{"embeddable":true,"href":"https:\/\/www.eren.ch\/barc\/wp-json\/wp\/v2\/users\/1"}],"replies":[{"embeddable":true,"href":"https:\/\/www.eren.ch\/barc\/wp-json\/wp\/v2\/comments?post=17"}],"version-history":[{"count":5,"href":"https:\/\/www.eren.ch\/barc\/wp-json\/wp\/v2\/pages\/17\/revisions"}],"predecessor-version":[{"id":544,"href":"https:\/\/www.eren.ch\/barc\/wp-json\/wp\/v2\/pages\/17\/revisions\/544"}],"wp:attachment":[{"href":"https:\/\/www.eren.ch\/barc\/wp-json\/wp\/v2\/media?parent=17"}],"curies":[{"name":"wp","href":"https:\/\/api.w.org\/{rel}","templated":true}]}}