{"id":2179,"date":"2020-10-14T15:03:50","date_gmt":"2020-10-14T13:03:50","guid":{"rendered":"https:\/\/www.eren.ch\/barc\/?page_id=2179"},"modified":"2025-09-12T15:43:39","modified_gmt":"2025-09-12T13:43:39","slug":"groupe-de-jeunes","status":"publish","type":"page","link":"https:\/\/www.eren.ch\/barc\/enfance-et-jeunesse\/groupe-de-jeunes\/","title":{"rendered":"Groupe de jeunes *L&rsquo;Etoile*"},"content":{"rendered":"\n<p><strong>Pour les ados et les jeunes adultes de 15 ans et plus<\/strong><\/p>\n\n\n\n<p>Des rencontres ponctuelles pour \u00e9changer, partager, progresser ensemble sur le chemin de la foi et des projets \u00e0 construire ensemble. Les jeunes ont la possibilit\u00e9 de participer \u00e0 diverses activit\u00e9s de la paroisse ainsi que de suivre une formation de moniteurs-trices et d\u2019animer le cat\u00e9chisme.<\/p>\n\n\n\n<h2 class=\"wp-block-heading\" id=\"h-la-formation-jef-jac-pour-devenir-moniteur-trice-de-catechisme\">La formation JEF-JAC pour devenir moniteur-trice de cat\u00e9chisme<\/h2>\n\n\n\n<p>Des modules de formation en compl\u00e9ment de l&rsquo;engagement dans l&rsquo;animation des rencontres du Passeport KT ou du KT permettent aux jeunes d&rsquo;obtenir un dipl\u00f4me de moniteur-trice de cat\u00e9chisme.<\/p>\n\n\n\n<p><strong>Contact:<\/strong> Sarah Platz, animatrice jeunesse, <a href=\"mailto:sarah.platz@icloud.com\">sarah.platz@icloud.com<\/a>, 078 406 01 90<\/p>\n\n\n\n<hr class=\"wp-block-separator has-alpha-channel-opacity\" \/>\n\n\n\n<p>Voir aussi:<\/p>\n\n\n\n<ul class=\"wp-block-list\">\n<li><a href=\"https:\/\/www.eren.ch\/barc\/enfance-et-jeunesse\/eveil-a-la-foi\/\">\u00c9veil \u00e0 la foi<\/a> pour les enfants de 2 \u00e0 6 ans (pr\u00e9-scolaire et 1H-2H)<\/li>\n\n\n\n<li><a href=\"https:\/\/www.eren.ch\/barc\/enfance-et-jeunesse\/le-ptit-cate\/\">Le p\u2019tit cat\u00e9<\/a> pour les enfants de 7 \u00e0 10 ans (3H-6H)<\/li>\n\n\n\n<li><a href=\"https:\/\/www.eren.ch\/barc\/enfance-et-jeunesse\/passeport-cate\/\">Passeport cat\u00e9<\/a> (nouveau!) pour les ados de 10 \u00e0 13 ans (7H-10H)<\/li>\n\n\n\n<li><a href=\"https:\/\/www.eren.ch\/barc\/enfance-et-jeunesse\/kt-a-la-carte\/\">KT \u00e0 la Carte<\/a> pour les ados de 14 ans (11H)<\/li>\n<\/ul>\n","protected":false},"excerpt":{"rendered":"<p>Pour les ados et les jeunes adultes de 15 ans et plus Des rencontres ponctuelles pour \u00e9changer, partager, progresser ensemble sur le chemin de la foi et des projets \u00e0 construire ensemble. Les jeunes ont la possibilit\u00e9 de participer \u00e0 diverses activit\u00e9s de la paroisse ainsi que de suivre une formation de moniteurs-trices et d\u2019animer &hellip; <a href=\"https:\/\/www.eren.ch\/barc\/enfance-et-jeunesse\/groupe-de-jeunes\/\" class=\"more-link\">Continuer la lecture<span class=\"screen-reader-text\"> de &laquo;&nbsp;Groupe de jeunes *L&rsquo;Etoile*&nbsp;&raquo;<\/span><\/a><\/p>\n","protected":false},"author":1,"featured_media":0,"parent":15,"menu_order":50,"comment_status":"closed","ping_status":"closed","template":"","meta":{"footnotes":""},"class_list":["post-2179","page","type-page","status-publish","hentry"],"yoast_head":"<!-- This site is optimized with the Yoast SEO Premium plugin v27.4 (Yoast SEO v27.4) - https:\/\/yoast.com\/product\/yoast-seo-premium-wordpress\/ -->\n<title>Groupe de jeunes *L&#039;Etoile* &#8226; Paroisse r\u00e9form\u00e9e de La BARC<\/title>\n<meta name=\"description\" content=\"Pour les ados et les jeunes adultes de 15 ans et plus. Des rencontres pour \u00e9changer, partager, progresser ensemble sur le chemin de la foi.\" \/>\n<meta name=\"robots\" content=\"index, follow, max-snippet:-1, max-image-preview:large, max-video-preview:-1\" \/>\n<link rel=\"canonical\" href=\"https:\/\/www.eren.ch\/barc\/enfance-et-jeunesse\/groupe-de-jeunes\/\" \/>\n<meta property=\"og:locale\" content=\"fr_FR\" \/>\n<meta property=\"og:type\" content=\"article\" \/>\n<meta property=\"og:title\" content=\"Groupe de jeunes *L&#039;Etoile*\" \/>\n<meta property=\"og:description\" content=\"Pour les ados et les jeunes adultes de 15 ans et plus. Des rencontres pour \u00e9changer, partager, progresser ensemble sur le chemin de la foi.\" \/>\n<meta property=\"og:url\" content=\"https:\/\/www.eren.ch\/barc\/enfance-et-jeunesse\/groupe-de-jeunes\/\" \/>\n<meta property=\"og:site_name\" content=\"Paroisse r\u00e9form\u00e9e de La BARC\" \/>\n<meta property=\"article:publisher\" content=\"https:\/\/www.facebook.com\/eglise.EREN\" \/>\n<meta property=\"article:modified_time\" content=\"2025-09-12T13:43:39+00:00\" \/>\n<meta property=\"og:image\" content=\"https:\/\/www.eren.ch\/barc\/wp-content\/uploads\/sites\/4\/2020\/08\/back-to-school-4445644_1920.jpg\" \/>\n\t<meta property=\"og:image:width\" content=\"1920\" \/>\n\t<meta property=\"og:image:height\" content=\"1283\" \/>\n\t<meta property=\"og:image:type\" content=\"image\/jpeg\" \/>\n<meta name=\"twitter:card\" content=\"summary_large_image\" \/>\n<meta name=\"twitter:site\" content=\"@egliseeren\" \/>\n<meta name=\"twitter:label1\" content=\"Dur\u00e9e de lecture estim\u00e9e\" \/>\n\t<meta name=\"twitter:data1\" content=\"1 minute\" \/>\n<script type=\"application\/ld+json\" class=\"yoast-schema-graph\">{\"@context\":\"https:\\\/\\\/schema.org\",\"@graph\":[{\"@type\":\"WebPage\",\"@id\":\"https:\\\/\\\/www.eren.ch\\\/barc\\\/enfance-et-jeunesse\\\/groupe-de-jeunes\\\/\",\"url\":\"https:\\\/\\\/www.eren.ch\\\/barc\\\/enfance-et-jeunesse\\\/groupe-de-jeunes\\\/\",\"name\":\"Groupe de jeunes *L'Etoile* &#8226; Paroisse r\u00e9form\u00e9e de La BARC\",\"isPartOf\":{\"@id\":\"https:\\\/\\\/www.eren.ch\\\/barc\\\/#website\"},\"datePublished\":\"2020-10-14T13:03:50+00:00\",\"dateModified\":\"2025-09-12T13:43:39+00:00\",\"description\":\"Pour les ados et les jeunes adultes de 15 ans et plus. Des rencontres pour \u00e9changer, partager, progresser ensemble sur le chemin de la foi.\",\"breadcrumb\":{\"@id\":\"https:\\\/\\\/www.eren.ch\\\/barc\\\/enfance-et-jeunesse\\\/groupe-de-jeunes\\\/#breadcrumb\"},\"inLanguage\":\"fr-FR\",\"potentialAction\":[{\"@type\":\"ReadAction\",\"target\":[\"https:\\\/\\\/www.eren.ch\\\/barc\\\/enfance-et-jeunesse\\\/groupe-de-jeunes\\\/\"]}]},{\"@type\":\"BreadcrumbList\",\"@id\":\"https:\\\/\\\/www.eren.ch\\\/barc\\\/enfance-et-jeunesse\\\/groupe-de-jeunes\\\/#breadcrumb\",\"itemListElement\":[{\"@type\":\"ListItem\",\"position\":1,\"name\":\"Accueil\",\"item\":\"https:\\\/\\\/www.eren.ch\\\/barc\\\/\"},{\"@type\":\"ListItem\",\"position\":2,\"name\":\"Enfance et jeunesse\",\"item\":\"https:\\\/\\\/www.eren.ch\\\/barc\\\/enfance-et-jeunesse\\\/\"},{\"@type\":\"ListItem\",\"position\":3,\"name\":\"Groupe de jeunes *L&rsquo;Etoile*\"}]},{\"@type\":\"WebSite\",\"@id\":\"https:\\\/\\\/www.eren.ch\\\/barc\\\/#website\",\"url\":\"https:\\\/\\\/www.eren.ch\\\/barc\\\/\",\"name\":\"Paroisse r\u00e9form\u00e9e de La BARC\",\"description\":\"B\u00f4le - Auvernier - Rochefort - Colombier\",\"publisher\":{\"@id\":\"https:\\\/\\\/www.eren.ch\\\/barc\\\/#organization\"},\"potentialAction\":[{\"@type\":\"SearchAction\",\"target\":{\"@type\":\"EntryPoint\",\"urlTemplate\":\"https:\\\/\\\/www.eren.ch\\\/barc\\\/?s={search_term_string}\"},\"query-input\":{\"@type\":\"PropertyValueSpecification\",\"valueRequired\":true,\"valueName\":\"search_term_string\"}}],\"inLanguage\":\"fr-FR\"},{\"@type\":\"Organization\",\"@id\":\"https:\\\/\\\/www.eren.ch\\\/barc\\\/#organization\",\"name\":\"Paroisse de La BARC\",\"url\":\"https:\\\/\\\/www.eren.ch\\\/barc\\\/\",\"logo\":{\"@type\":\"ImageObject\",\"inLanguage\":\"fr-FR\",\"@id\":\"https:\\\/\\\/www.eren.ch\\\/barc\\\/#\\\/schema\\\/logo\\\/image\\\/\",\"url\":\"https:\\\/\\\/www.eren.ch\\\/barc\\\/wp-content\\\/uploads\\\/sites\\\/4\\\/2020\\\/12\\\/logo-barc.png\",\"contentUrl\":\"https:\\\/\\\/www.eren.ch\\\/barc\\\/wp-content\\\/uploads\\\/sites\\\/4\\\/2020\\\/12\\\/logo-barc.png\",\"width\":240,\"height\":117,\"caption\":\"Paroisse de La BARC\"},\"image\":{\"@id\":\"https:\\\/\\\/www.eren.ch\\\/barc\\\/#\\\/schema\\\/logo\\\/image\\\/\"},\"sameAs\":[\"https:\\\/\\\/www.facebook.com\\\/eglise.EREN\",\"https:\\\/\\\/x.com\\\/egliseeren\",\"https:\\\/\\\/fr.wikipedia.org\\\/wiki\\\/\u00c9glise_r\u00e9form\u00e9e_\u00e9vang\u00e9lique_du_canton_de_Neuch\u00e2tel\"]}]}<\/script>\n<!-- \/ Yoast SEO Premium plugin. -->","yoast_head_json":{"title":"Groupe de jeunes *L'Etoile* &#8226; Paroisse r\u00e9form\u00e9e de La BARC","description":"Pour les ados et les jeunes adultes de 15 ans et plus. Des rencontres pour \u00e9changer, partager, progresser ensemble sur le chemin de la foi.","robots":{"index":"index","follow":"follow","max-snippet":"max-snippet:-1","max-image-preview":"max-image-preview:large","max-video-preview":"max-video-preview:-1"},"canonical":"https:\/\/www.eren.ch\/barc\/enfance-et-jeunesse\/groupe-de-jeunes\/","og_locale":"fr_FR","og_type":"article","og_title":"Groupe de jeunes *L'Etoile*","og_description":"Pour les ados et les jeunes adultes de 15 ans et plus. Des rencontres pour \u00e9changer, partager, progresser ensemble sur le chemin de la foi.","og_url":"https:\/\/www.eren.ch\/barc\/enfance-et-jeunesse\/groupe-de-jeunes\/","og_site_name":"Paroisse r\u00e9form\u00e9e de La BARC","article_publisher":"https:\/\/www.facebook.com\/eglise.EREN","article_modified_time":"2025-09-12T13:43:39+00:00","og_image":[{"width":1920,"height":1283,"url":"https:\/\/www.eren.ch\/barc\/wp-content\/uploads\/sites\/4\/2020\/08\/back-to-school-4445644_1920.jpg","type":"image\/jpeg"}],"twitter_card":"summary_large_image","twitter_site":"@egliseeren","twitter_misc":{"Dur\u00e9e de lecture estim\u00e9e":"1 minute"},"schema":{"@context":"https:\/\/schema.org","@graph":[{"@type":"WebPage","@id":"https:\/\/www.eren.ch\/barc\/enfance-et-jeunesse\/groupe-de-jeunes\/","url":"https:\/\/www.eren.ch\/barc\/enfance-et-jeunesse\/groupe-de-jeunes\/","name":"Groupe de jeunes *L'Etoile* &#8226; Paroisse r\u00e9form\u00e9e de La BARC","isPartOf":{"@id":"https:\/\/www.eren.ch\/barc\/#website"},"datePublished":"2020-10-14T13:03:50+00:00","dateModified":"2025-09-12T13:43:39+00:00","description":"Pour les ados et les jeunes adultes de 15 ans et plus. Des rencontres pour \u00e9changer, partager, progresser ensemble sur le chemin de la foi.","breadcrumb":{"@id":"https:\/\/www.eren.ch\/barc\/enfance-et-jeunesse\/groupe-de-jeunes\/#breadcrumb"},"inLanguage":"fr-FR","potentialAction":[{"@type":"ReadAction","target":["https:\/\/www.eren.ch\/barc\/enfance-et-jeunesse\/groupe-de-jeunes\/"]}]},{"@type":"BreadcrumbList","@id":"https:\/\/www.eren.ch\/barc\/enfance-et-jeunesse\/groupe-de-jeunes\/#breadcrumb","itemListElement":[{"@type":"ListItem","position":1,"name":"Accueil","item":"https:\/\/www.eren.ch\/barc\/"},{"@type":"ListItem","position":2,"name":"Enfance et jeunesse","item":"https:\/\/www.eren.ch\/barc\/enfance-et-jeunesse\/"},{"@type":"ListItem","position":3,"name":"Groupe de jeunes *L&rsquo;Etoile*"}]},{"@type":"WebSite","@id":"https:\/\/www.eren.ch\/barc\/#website","url":"https:\/\/www.eren.ch\/barc\/","name":"Paroisse r\u00e9form\u00e9e de La BARC","description":"B\u00f4le - Auvernier - Rochefort - Colombier","publisher":{"@id":"https:\/\/www.eren.ch\/barc\/#organization"},"potentialAction":[{"@type":"SearchAction","target":{"@type":"EntryPoint","urlTemplate":"https:\/\/www.eren.ch\/barc\/?s={search_term_string}"},"query-input":{"@type":"PropertyValueSpecification","valueRequired":true,"valueName":"search_term_string"}}],"inLanguage":"fr-FR"},{"@type":"Organization","@id":"https:\/\/www.eren.ch\/barc\/#organization","name":"Paroisse de La BARC","url":"https:\/\/www.eren.ch\/barc\/","logo":{"@type":"ImageObject","inLanguage":"fr-FR","@id":"https:\/\/www.eren.ch\/barc\/#\/schema\/logo\/image\/","url":"https:\/\/www.eren.ch\/barc\/wp-content\/uploads\/sites\/4\/2020\/12\/logo-barc.png","contentUrl":"https:\/\/www.eren.ch\/barc\/wp-content\/uploads\/sites\/4\/2020\/12\/logo-barc.png","width":240,"height":117,"caption":"Paroisse de La BARC"},"image":{"@id":"https:\/\/www.eren.ch\/barc\/#\/schema\/logo\/image\/"},"sameAs":["https:\/\/www.facebook.com\/eglise.EREN","https:\/\/x.com\/egliseeren","https:\/\/fr.wikipedia.org\/wiki\/\u00c9glise_r\u00e9form\u00e9e_\u00e9vang\u00e9lique_du_canton_de_Neuch\u00e2tel"]}]}},"_links":{"self":[{"href":"https:\/\/www.eren.ch\/barc\/wp-json\/wp\/v2\/pages\/2179","targetHints":{"allow":["GET"]}}],"collection":[{"href":"https:\/\/www.eren.ch\/barc\/wp-json\/wp\/v2\/pages"}],"about":[{"href":"https:\/\/www.eren.ch\/barc\/wp-json\/wp\/v2\/types\/page"}],"author":[{"embeddable":true,"href":"https:\/\/www.eren.ch\/barc\/wp-json\/wp\/v2\/users\/1"}],"replies":[{"embeddable":true,"href":"https:\/\/www.eren.ch\/barc\/wp-json\/wp\/v2\/comments?post=2179"}],"version-history":[{"count":5,"href":"https:\/\/www.eren.ch\/barc\/wp-json\/wp\/v2\/pages\/2179\/revisions"}],"predecessor-version":[{"id":5291,"href":"https:\/\/www.eren.ch\/barc\/wp-json\/wp\/v2\/pages\/2179\/revisions\/5291"}],"up":[{"embeddable":true,"href":"https:\/\/www.eren.ch\/barc\/wp-json\/wp\/v2\/pages\/15"}],"wp:attachment":[{"href":"https:\/\/www.eren.ch\/barc\/wp-json\/wp\/v2\/media?parent=2179"}],"curies":[{"name":"wp","href":"https:\/\/api.w.org\/{rel}","templated":true}]}}