{"id":23,"date":"2016-05-12T20:18:43","date_gmt":"2016-05-12T18:18:43","guid":{"rendered":"https:\/\/www.eren.ch\/barc\/?page_id=23"},"modified":"2022-01-17T10:17:55","modified_gmt":"2022-01-17T09:17:55","slug":"bienvenue-a-la-barc","status":"publish","type":"page","link":"https:\/\/www.eren.ch\/barc\/bienvenue-a-la-barc\/","title":{"rendered":"Pr\u00e9sentation de la paroisse"},"content":{"rendered":"<p><img decoding=\"async\" class=\"alignright size-medium wp-image-8\" src=\"https:\/\/www.eren.ch\/barc\/wp-content\/uploads\/sites\/4\/2016\/04\/Vitrailaccueil-225x300.jpg\" alt=\"Vitrailaccueil\" width=\"225\" height=\"300\" srcset=\"https:\/\/www.eren.ch\/barc\/wp-content\/uploads\/sites\/4\/2016\/04\/Vitrailaccueil-225x300.jpg 225w, https:\/\/www.eren.ch\/barc\/wp-content\/uploads\/sites\/4\/2016\/04\/Vitrailaccueil.jpg 250w\" sizes=\"(max-width: 225px) 85vw, 225px\" \/>La BARC \u2013 ce n\u2019est pas une faute d\u2019orthographe ! \u2013 est n\u00e9e de la fusion des paroisses de B\u00f4le, Auvernier, Rochefort\/Brot-Dessous et Colombier. Son logo \u00e9voque une barque, symbole de l\u2019Eglise navigant sur les flots du monde. Son territoire s&rsquo;\u00e9tend des rives du lac aux cr\u00eates de la cha\u00eene du Jura.<\/p>\n<p>A l&rsquo;image de ses paysages vari\u00e9s, elle se d\u00e9couvre au travers de lieux, de groupes, de personnes, de visages&#8230; autant d&rsquo;offres diversifi\u00e9es pour se ressourcer, r\u00e9fl\u00e9chir, m\u00e9diter, se former, partager.<\/p>\n<p>B A R C, initiales de nos villages, c&rsquo;est aussi un programme: B\u00e2tir, Avancer, Rassembler, Cr\u00e9er, d\u00e9fi ambitieux et motivant pour les b\u00e9n\u00e9voles et les trois pasteurs de ce coin de pays de l&rsquo;EREN.<\/p>\n<p>Vous trouverez les derni\u00e8res nouvelles de la paroisse: <a href=\"https:\/\/www.eren.ch\/barc\/wp-content\/uploads\/sites\/4\/2022\/01\/BARC55six.pdf\">BARC55<\/a><\/p>\n<p>La BARC est une des neuf paroisses de l&rsquo;Eglise r\u00e9form\u00e9e \u00e9vang\u00e9lique du canton de Neuch\u00e2tel.<\/p>\n","protected":false},"excerpt":{"rendered":"<p>La BARC \u2013 ce n\u2019est pas une faute d\u2019orthographe ! \u2013 est n\u00e9e de la fusion des paroisses de B\u00f4le, Auvernier, Rochefort\/Brot-Dessous et Colombier. Son logo \u00e9voque une barque, symbole de l\u2019Eglise navigant sur les flots du monde. Son territoire s&rsquo;\u00e9tend des rives du lac aux cr\u00eates de la cha\u00eene du Jura. A l&rsquo;image de &hellip; <a href=\"https:\/\/www.eren.ch\/barc\/bienvenue-a-la-barc\/\" class=\"more-link\">Continuer la lecture<span class=\"screen-reader-text\"> de &laquo;&nbsp;Pr\u00e9sentation de la paroisse&nbsp;&raquo;<\/span><\/a><\/p>\n","protected":false},"author":1,"featured_media":0,"parent":0,"menu_order":1,"comment_status":"closed","ping_status":"closed","template":"","meta":{"footnotes":""},"class_list":["post-23","page","type-page","status-publish","hentry"],"yoast_head":"<!-- This site is optimized with the Yoast SEO Premium plugin v27.6 (Yoast SEO v27.6) - https:\/\/yoast.com\/product\/yoast-seo-premium-wordpress\/ -->\n<title>Pr\u00e9sentation de la paroisse &#8226; Paroisse r\u00e9form\u00e9e de La BARC<\/title>\n<meta name=\"description\" content=\"B A R C, initiales de nos villages, c&#039;est aussi un programme: B\u00e2tir, Avancer, Rassembler, Cr\u00e9er, d\u00e9fi ambitieux et motivant pour les b\u00e9n\u00e9voles et les trois pasteurs de ce coin de pays de l&#039;EREN.\" \/>\n<meta name=\"robots\" content=\"index, follow, max-snippet:-1, max-image-preview:large, max-video-preview:-1\" \/>\n<link rel=\"canonical\" href=\"https:\/\/www.eren.ch\/barc\/bienvenue-a-la-barc\/\" \/>\n<meta property=\"og:locale\" content=\"fr_FR\" \/>\n<meta property=\"og:type\" content=\"article\" \/>\n<meta property=\"og:title\" content=\"Pr\u00e9sentation de la paroisse\" \/>\n<meta property=\"og:description\" content=\"B A R C, initiales de nos villages, c&#039;est aussi un programme: B\u00e2tir, Avancer, Rassembler, Cr\u00e9er, d\u00e9fi ambitieux et motivant pour les b\u00e9n\u00e9voles et les trois pasteurs de ce coin de pays de l&#039;EREN.\" \/>\n<meta property=\"og:url\" content=\"https:\/\/www.eren.ch\/barc\/bienvenue-a-la-barc\/\" \/>\n<meta property=\"og:site_name\" content=\"Paroisse r\u00e9form\u00e9e de La BARC\" \/>\n<meta property=\"article:publisher\" content=\"https:\/\/www.facebook.com\/eglise.EREN\" \/>\n<meta property=\"article:modified_time\" content=\"2022-01-17T09:17:55+00:00\" \/>\n<meta property=\"og:image\" content=\"https:\/\/www.eren.ch\/barc\/wp-content\/uploads\/sites\/4\/2016\/04\/Vitrailaccueil-225x300.jpg\" \/>\n<meta name=\"twitter:card\" content=\"summary_large_image\" \/>\n<meta name=\"twitter:site\" content=\"@egliseeren\" \/>\n<meta name=\"twitter:label1\" content=\"Dur\u00e9e de lecture estim\u00e9e\" \/>\n\t<meta name=\"twitter:data1\" content=\"1 minute\" \/>\n<script type=\"application\/ld+json\" class=\"yoast-schema-graph\">{\"@context\":\"https:\\\/\\\/schema.org\",\"@graph\":[{\"@type\":\"WebPage\",\"@id\":\"https:\\\/\\\/www.eren.ch\\\/barc\\\/bienvenue-a-la-barc\\\/\",\"url\":\"https:\\\/\\\/www.eren.ch\\\/barc\\\/bienvenue-a-la-barc\\\/\",\"name\":\"Pr\u00e9sentation de la paroisse &#8226; Paroisse r\u00e9form\u00e9e de La BARC\",\"isPartOf\":{\"@id\":\"https:\\\/\\\/www.eren.ch\\\/barc\\\/#website\"},\"primaryImageOfPage\":{\"@id\":\"https:\\\/\\\/www.eren.ch\\\/barc\\\/bienvenue-a-la-barc\\\/#primaryimage\"},\"image\":{\"@id\":\"https:\\\/\\\/www.eren.ch\\\/barc\\\/bienvenue-a-la-barc\\\/#primaryimage\"},\"thumbnailUrl\":\"https:\\\/\\\/www.eren.ch\\\/barc\\\/wp-content\\\/uploads\\\/sites\\\/4\\\/2016\\\/04\\\/Vitrailaccueil-225x300.jpg\",\"datePublished\":\"2016-05-12T18:18:43+00:00\",\"dateModified\":\"2022-01-17T09:17:55+00:00\",\"description\":\"B A R C, initiales de nos villages, c'est aussi un programme: B\u00e2tir, Avancer, Rassembler, Cr\u00e9er, d\u00e9fi ambitieux et motivant pour les b\u00e9n\u00e9voles et les trois pasteurs de ce coin de pays de l'EREN.\",\"breadcrumb\":{\"@id\":\"https:\\\/\\\/www.eren.ch\\\/barc\\\/bienvenue-a-la-barc\\\/#breadcrumb\"},\"inLanguage\":\"fr-FR\",\"potentialAction\":[{\"@type\":\"ReadAction\",\"target\":[\"https:\\\/\\\/www.eren.ch\\\/barc\\\/bienvenue-a-la-barc\\\/\"]}]},{\"@type\":\"ImageObject\",\"inLanguage\":\"fr-FR\",\"@id\":\"https:\\\/\\\/www.eren.ch\\\/barc\\\/bienvenue-a-la-barc\\\/#primaryimage\",\"url\":\"https:\\\/\\\/www.eren.ch\\\/barc\\\/wp-content\\\/uploads\\\/sites\\\/4\\\/2016\\\/04\\\/Vitrailaccueil.jpg\",\"contentUrl\":\"https:\\\/\\\/www.eren.ch\\\/barc\\\/wp-content\\\/uploads\\\/sites\\\/4\\\/2016\\\/04\\\/Vitrailaccueil.jpg\",\"width\":250,\"height\":333},{\"@type\":\"BreadcrumbList\",\"@id\":\"https:\\\/\\\/www.eren.ch\\\/barc\\\/bienvenue-a-la-barc\\\/#breadcrumb\",\"itemListElement\":[{\"@type\":\"ListItem\",\"position\":1,\"name\":\"Accueil\",\"item\":\"https:\\\/\\\/www.eren.ch\\\/barc\\\/\"},{\"@type\":\"ListItem\",\"position\":2,\"name\":\"Pr\u00e9sentation de la paroisse\"}]},{\"@type\":\"WebSite\",\"@id\":\"https:\\\/\\\/www.eren.ch\\\/barc\\\/#website\",\"url\":\"https:\\\/\\\/www.eren.ch\\\/barc\\\/\",\"name\":\"Paroisse r\u00e9form\u00e9e de La BARC\",\"description\":\"B\u00f4le - Auvernier - Rochefort - Colombier\",\"publisher\":{\"@id\":\"https:\\\/\\\/www.eren.ch\\\/barc\\\/#organization\"},\"potentialAction\":[{\"@type\":\"SearchAction\",\"target\":{\"@type\":\"EntryPoint\",\"urlTemplate\":\"https:\\\/\\\/www.eren.ch\\\/barc\\\/?s={search_term_string}\"},\"query-input\":{\"@type\":\"PropertyValueSpecification\",\"valueRequired\":true,\"valueName\":\"search_term_string\"}}],\"inLanguage\":\"fr-FR\"},{\"@type\":\"Organization\",\"@id\":\"https:\\\/\\\/www.eren.ch\\\/barc\\\/#organization\",\"name\":\"Paroisse de La BARC\",\"url\":\"https:\\\/\\\/www.eren.ch\\\/barc\\\/\",\"logo\":{\"@type\":\"ImageObject\",\"inLanguage\":\"fr-FR\",\"@id\":\"https:\\\/\\\/www.eren.ch\\\/barc\\\/#\\\/schema\\\/logo\\\/image\\\/\",\"url\":\"https:\\\/\\\/www.eren.ch\\\/barc\\\/wp-content\\\/uploads\\\/sites\\\/4\\\/2020\\\/12\\\/logo-barc.png\",\"contentUrl\":\"https:\\\/\\\/www.eren.ch\\\/barc\\\/wp-content\\\/uploads\\\/sites\\\/4\\\/2020\\\/12\\\/logo-barc.png\",\"width\":240,\"height\":117,\"caption\":\"Paroisse de La BARC\"},\"image\":{\"@id\":\"https:\\\/\\\/www.eren.ch\\\/barc\\\/#\\\/schema\\\/logo\\\/image\\\/\"},\"sameAs\":[\"https:\\\/\\\/www.facebook.com\\\/eglise.EREN\",\"https:\\\/\\\/x.com\\\/egliseeren\",\"https:\\\/\\\/fr.wikipedia.org\\\/wiki\\\/\u00c9glise_r\u00e9form\u00e9e_\u00e9vang\u00e9lique_du_canton_de_Neuch\u00e2tel\"]}]}<\/script>\n<!-- \/ Yoast SEO Premium plugin. -->","yoast_head_json":{"title":"Pr\u00e9sentation de la paroisse &#8226; Paroisse r\u00e9form\u00e9e de La BARC","description":"B A R C, initiales de nos villages, c'est aussi un programme: B\u00e2tir, Avancer, Rassembler, Cr\u00e9er, d\u00e9fi ambitieux et motivant pour les b\u00e9n\u00e9voles et les trois pasteurs de ce coin de pays de l'EREN.","robots":{"index":"index","follow":"follow","max-snippet":"max-snippet:-1","max-image-preview":"max-image-preview:large","max-video-preview":"max-video-preview:-1"},"canonical":"https:\/\/www.eren.ch\/barc\/bienvenue-a-la-barc\/","og_locale":"fr_FR","og_type":"article","og_title":"Pr\u00e9sentation de la paroisse","og_description":"B A R C, initiales de nos villages, c'est aussi un programme: B\u00e2tir, Avancer, Rassembler, Cr\u00e9er, d\u00e9fi ambitieux et motivant pour les b\u00e9n\u00e9voles et les trois pasteurs de ce coin de pays de l'EREN.","og_url":"https:\/\/www.eren.ch\/barc\/bienvenue-a-la-barc\/","og_site_name":"Paroisse r\u00e9form\u00e9e de La BARC","article_publisher":"https:\/\/www.facebook.com\/eglise.EREN","article_modified_time":"2022-01-17T09:17:55+00:00","og_image":[{"url":"https:\/\/www.eren.ch\/barc\/wp-content\/uploads\/sites\/4\/2016\/04\/Vitrailaccueil-225x300.jpg","type":"","width":"","height":""}],"twitter_card":"summary_large_image","twitter_site":"@egliseeren","twitter_misc":{"Dur\u00e9e de lecture estim\u00e9e":"1 minute"},"schema":{"@context":"https:\/\/schema.org","@graph":[{"@type":"WebPage","@id":"https:\/\/www.eren.ch\/barc\/bienvenue-a-la-barc\/","url":"https:\/\/www.eren.ch\/barc\/bienvenue-a-la-barc\/","name":"Pr\u00e9sentation de la paroisse &#8226; Paroisse r\u00e9form\u00e9e de La BARC","isPartOf":{"@id":"https:\/\/www.eren.ch\/barc\/#website"},"primaryImageOfPage":{"@id":"https:\/\/www.eren.ch\/barc\/bienvenue-a-la-barc\/#primaryimage"},"image":{"@id":"https:\/\/www.eren.ch\/barc\/bienvenue-a-la-barc\/#primaryimage"},"thumbnailUrl":"https:\/\/www.eren.ch\/barc\/wp-content\/uploads\/sites\/4\/2016\/04\/Vitrailaccueil-225x300.jpg","datePublished":"2016-05-12T18:18:43+00:00","dateModified":"2022-01-17T09:17:55+00:00","description":"B A R C, initiales de nos villages, c'est aussi un programme: B\u00e2tir, Avancer, Rassembler, Cr\u00e9er, d\u00e9fi ambitieux et motivant pour les b\u00e9n\u00e9voles et les trois pasteurs de ce coin de pays de l'EREN.","breadcrumb":{"@id":"https:\/\/www.eren.ch\/barc\/bienvenue-a-la-barc\/#breadcrumb"},"inLanguage":"fr-FR","potentialAction":[{"@type":"ReadAction","target":["https:\/\/www.eren.ch\/barc\/bienvenue-a-la-barc\/"]}]},{"@type":"ImageObject","inLanguage":"fr-FR","@id":"https:\/\/www.eren.ch\/barc\/bienvenue-a-la-barc\/#primaryimage","url":"https:\/\/www.eren.ch\/barc\/wp-content\/uploads\/sites\/4\/2016\/04\/Vitrailaccueil.jpg","contentUrl":"https:\/\/www.eren.ch\/barc\/wp-content\/uploads\/sites\/4\/2016\/04\/Vitrailaccueil.jpg","width":250,"height":333},{"@type":"BreadcrumbList","@id":"https:\/\/www.eren.ch\/barc\/bienvenue-a-la-barc\/#breadcrumb","itemListElement":[{"@type":"ListItem","position":1,"name":"Accueil","item":"https:\/\/www.eren.ch\/barc\/"},{"@type":"ListItem","position":2,"name":"Pr\u00e9sentation de la paroisse"}]},{"@type":"WebSite","@id":"https:\/\/www.eren.ch\/barc\/#website","url":"https:\/\/www.eren.ch\/barc\/","name":"Paroisse r\u00e9form\u00e9e de La BARC","description":"B\u00f4le - Auvernier - Rochefort - Colombier","publisher":{"@id":"https:\/\/www.eren.ch\/barc\/#organization"},"potentialAction":[{"@type":"SearchAction","target":{"@type":"EntryPoint","urlTemplate":"https:\/\/www.eren.ch\/barc\/?s={search_term_string}"},"query-input":{"@type":"PropertyValueSpecification","valueRequired":true,"valueName":"search_term_string"}}],"inLanguage":"fr-FR"},{"@type":"Organization","@id":"https:\/\/www.eren.ch\/barc\/#organization","name":"Paroisse de La BARC","url":"https:\/\/www.eren.ch\/barc\/","logo":{"@type":"ImageObject","inLanguage":"fr-FR","@id":"https:\/\/www.eren.ch\/barc\/#\/schema\/logo\/image\/","url":"https:\/\/www.eren.ch\/barc\/wp-content\/uploads\/sites\/4\/2020\/12\/logo-barc.png","contentUrl":"https:\/\/www.eren.ch\/barc\/wp-content\/uploads\/sites\/4\/2020\/12\/logo-barc.png","width":240,"height":117,"caption":"Paroisse de La BARC"},"image":{"@id":"https:\/\/www.eren.ch\/barc\/#\/schema\/logo\/image\/"},"sameAs":["https:\/\/www.facebook.com\/eglise.EREN","https:\/\/x.com\/egliseeren","https:\/\/fr.wikipedia.org\/wiki\/\u00c9glise_r\u00e9form\u00e9e_\u00e9vang\u00e9lique_du_canton_de_Neuch\u00e2tel"]}]}},"_links":{"self":[{"href":"https:\/\/www.eren.ch\/barc\/wp-json\/wp\/v2\/pages\/23","targetHints":{"allow":["GET"]}}],"collection":[{"href":"https:\/\/www.eren.ch\/barc\/wp-json\/wp\/v2\/pages"}],"about":[{"href":"https:\/\/www.eren.ch\/barc\/wp-json\/wp\/v2\/types\/page"}],"author":[{"embeddable":true,"href":"https:\/\/www.eren.ch\/barc\/wp-json\/wp\/v2\/users\/1"}],"replies":[{"embeddable":true,"href":"https:\/\/www.eren.ch\/barc\/wp-json\/wp\/v2\/comments?post=23"}],"version-history":[{"count":4,"href":"https:\/\/www.eren.ch\/barc\/wp-json\/wp\/v2\/pages\/23\/revisions"}],"predecessor-version":[{"id":3348,"href":"https:\/\/www.eren.ch\/barc\/wp-json\/wp\/v2\/pages\/23\/revisions\/3348"}],"wp:attachment":[{"href":"https:\/\/www.eren.ch\/barc\/wp-json\/wp\/v2\/media?parent=23"}],"curies":[{"name":"wp","href":"https:\/\/api.w.org\/{rel}","templated":true}]}}