{"id":28,"date":"2016-05-12T20:20:57","date_gmt":"2016-05-12T18:20:57","guid":{"rendered":"https:\/\/www.eren.ch\/barc\/?page_id=28"},"modified":"2025-08-20T17:57:07","modified_gmt":"2025-08-20T15:57:07","slug":"auvernier","status":"publish","type":"page","link":"https:\/\/www.eren.ch\/barc\/lieux-de-vie\/auvernier\/","title":{"rendered":"Lieu de vie d&rsquo;Auvernier"},"content":{"rendered":"\n<p>Auvernier est l\u2019un des quatre lieux de vie de la paroisse de La BARC.<\/p>\n\n\n\n<h2 class=\"wp-block-heading\" id=\"h-culte-patriotique-au-chateau-d-auvernier\">Culte patriotique au ch\u00e2teau d&rsquo;Auvernier<\/h2>\n\n\n\n<p>Le culte paroissial du 1er ao\u00fbt ou du dimanche suivant le 1er ao\u00fbt a lieu dans les jardins du <a href=\"https:\/\/chateau-auvernier.ch\/fr\/accueil\">ch\u00e2teau d&rsquo;Auvernier<\/a>. La famille Grosjean nous accueille chez elle pour un moment de culte et de convivialit\u00e9. La <a href=\"https:\/\/www.avenirauvernier.ch\/\">Fanfare l&rsquo;Avenir Auvernier<\/a> enrichit le culte de ses prestations musicales. Chapeaux et cr\u00e8me solaire conseill\u00e9s!<\/p>\n\n\n\n<figure class=\"wp-block-image size-large\"><img decoding=\"async\" width=\"1024\" height=\"683\" src=\"https:\/\/www.eren.ch\/barc\/wp-content\/uploads\/sites\/4\/2020\/11\/culte-chateau-auvernier-1024x683.jpg\" alt=\"Culte patriotique au ch\u00e2teau d'Auvernier\" class=\"wp-image-2324\" srcset=\"https:\/\/www.eren.ch\/barc\/wp-content\/uploads\/sites\/4\/2020\/11\/culte-chateau-auvernier-1024x683.jpg 1024w, https:\/\/www.eren.ch\/barc\/wp-content\/uploads\/sites\/4\/2020\/11\/culte-chateau-auvernier-300x200.jpg 300w, https:\/\/www.eren.ch\/barc\/wp-content\/uploads\/sites\/4\/2020\/11\/culte-chateau-auvernier-768x512.jpg 768w, https:\/\/www.eren.ch\/barc\/wp-content\/uploads\/sites\/4\/2020\/11\/culte-chateau-auvernier-1200x800.jpg 1200w, https:\/\/www.eren.ch\/barc\/wp-content\/uploads\/sites\/4\/2020\/11\/culte-chateau-auvernier.jpg 1500w\" sizes=\"(max-width: 709px) 85vw, (max-width: 909px) 67vw, (max-width: 1362px) 62vw, 840px\" \/><\/figure>\n\n\n\n<h2 class=\"wp-block-heading\" id=\"h-culte-a-la-montagne-a-la-grande-sagneule\">Culte \u00e0 la montagne \u00e0 la Grande-Sagneule<\/h2>\n\n\n\n<p>\u00c0 la fin du mois d&rsquo;ao\u00fbt, la commune de Milvignes propose une journ\u00e9e \u00e0 la Grande-Sagneule, une m\u00e9tairie situ\u00e9e sur les cr\u00eates du Jura, \u00e0 proximit\u00e9 du Mont Racine. C&rsquo;est le village d&rsquo;Auvernier qui avait lanc\u00e9 cette tradition de journ\u00e9e villageoise.<\/p>\n\n\n\n<p>La paroisse de La BARC s&rsquo;associe \u00e0 ce moment festif et familial en proposant un culte dans les p\u00e2turages.<\/p>\n\n\n\n<h2 class=\"wp-block-heading\" id=\"h-couronnes-de-l-avent-du-lieu-de-vie-d-auvernier\">Couronnes de l&rsquo;Avent du lieu de vie d&rsquo;Auvernier<\/h2>\n\n\n\n<p>Une \u00e9quipe de b\u00e9n\u00e9voles de la paroisse confectionne chaque ann\u00e9e des dizaines de couronnes de l&rsquo;avent. Elle sont vendues le dernier samedi de novembre au c\u0153ur du village.<\/p>\n\n\n\n<p>Le b\u00e9n\u00e9fice de la vente des couronnes de l&rsquo;avent est vers\u00e9 \u00e0 l&rsquo;entraide de No\u00ebl. Un fonds qui vient en aide aux personnes dans le besoin de la paroisse de La BARC.<\/p>\n\n\n\n<h2 class=\"wp-block-heading\" id=\"h-enfance-et-jeunesse\">Enfance et jeunesse <\/h2>\n\n\n\n<p>L\u2019<a href=\"https:\/\/www.eren.ch\/barc\/enfance-et-jeunesse\/\">offre cat\u00e9ch\u00e9tique<\/a>&nbsp;de la paroisse de La BARC est identique dans les quatre lieux de vie. Les enfants et adolescents de l\u2019ensemble du territoire se retrouvent dans les m\u00eames activit\u00e9s.<\/p>\n\n\n\n<p>Le&nbsp;<a href=\"https:\/\/www.eren.ch\/barc\/enfance-et-jeunesse\/le-ptit-cate\/\">p\u2019tit cat\u00e9<\/a>&nbsp;propose une rencontre hebdomadaire dans chaque village. Le coll\u00e8ge accueille le groupe du lieu de vie d&rsquo;Auvernier.<\/p>\n\n\n\n<h2 class=\"wp-block-heading\" id=\"h-temple-d-auvernier\">Temple d&rsquo;Auvernier<\/h2>\n\n\n\n<figure class=\"wp-block-image size-large\"><img decoding=\"async\" width=\"1024\" height=\"683\" src=\"https:\/\/www.eren.ch\/barc\/wp-content\/uploads\/sites\/4\/2018\/03\/DSCF3480-1024x683.jpg\" alt=\"Lieu de vie d'Auvernier - le temple\" class=\"wp-image-290\" srcset=\"https:\/\/www.eren.ch\/barc\/wp-content\/uploads\/sites\/4\/2018\/03\/DSCF3480-1024x683.jpg 1024w, https:\/\/www.eren.ch\/barc\/wp-content\/uploads\/sites\/4\/2018\/03\/DSCF3480-300x200.jpg 300w, https:\/\/www.eren.ch\/barc\/wp-content\/uploads\/sites\/4\/2018\/03\/DSCF3480-768x512.jpg 768w, https:\/\/www.eren.ch\/barc\/wp-content\/uploads\/sites\/4\/2018\/03\/DSCF3480-1200x800.jpg 1200w, https:\/\/www.eren.ch\/barc\/wp-content\/uploads\/sites\/4\/2018\/03\/DSCF3480.jpg 1500w\" sizes=\"(max-width: 709px) 85vw, (max-width: 909px) 67vw, (max-width: 1362px) 62vw, 840px\" \/><figcaption class=\"wp-element-caption\">Les vitraux d&rsquo;Ivan Moscatelli (1995) illuminent le temple d&rsquo;Auvernier.<\/figcaption><\/figure>\n\n\n\n<p>Situ\u00e9 en haut du vieux village, le temple d&rsquo;Auvernier est un lieu important du lieu de vie. Vitraux de Jules Courvoisier (1929) et Ivan Moscatelli (1995).<\/p>\n\n\n\n<p><strong>En savoir plus:<\/strong> <a href=\"https:\/\/www.eren.ch\/barc\/batiments\/temple-auvernier\/\">Temple d\u2019Auvernier<\/a><\/p>\n\n\n\n<p><\/p>\n\n\n\n<p><\/p>\n\n\n\n<p><\/p>\n\n\n\n<p><\/p>\n\n\n\n<p><\/p>\n\n\n\n<p><\/p>\n","protected":false},"excerpt":{"rendered":"<p>Auvernier est l\u2019un des quatre lieux de vie de la paroisse de La BARC. Culte patriotique au ch\u00e2teau d&rsquo;Auvernier Le culte paroissial du 1er ao\u00fbt ou du dimanche suivant le 1er ao\u00fbt a lieu dans les jardins du ch\u00e2teau d&rsquo;Auvernier. La famille Grosjean nous accueille chez elle pour un moment de culte et de convivialit\u00e9. &hellip; <a href=\"https:\/\/www.eren.ch\/barc\/lieux-de-vie\/auvernier\/\" class=\"more-link\">Continuer la lecture<span class=\"screen-reader-text\"> de &laquo;&nbsp;Lieu de vie d&rsquo;Auvernier&nbsp;&raquo;<\/span><\/a><\/p>\n","protected":false},"author":1,"featured_media":0,"parent":11,"menu_order":20,"comment_status":"closed","ping_status":"closed","template":"","meta":{"footnotes":""},"class_list":["post-28","page","type-page","status-publish","hentry"],"yoast_head":"<!-- This site is optimized with the Yoast SEO Premium plugin v27.3 (Yoast SEO v27.3) - https:\/\/yoast.com\/product\/yoast-seo-premium-wordpress\/ -->\n<title>Lieu de vie d&#039;Auvernier - MIlvignes &#8226; Paroisse r\u00e9form\u00e9e de La BARC<\/title>\n<meta name=\"description\" content=\"Le lieu de vie d&#039;Auvernier: soir\u00e9e celtique, culte partiotique au ch\u00e2teau, sortie \u00e0 la Grande-Sagneule, couronne de l&#039;avent, cat\u00e9chisme.\" \/>\n<meta name=\"robots\" content=\"index, follow, max-snippet:-1, max-image-preview:large, max-video-preview:-1\" \/>\n<link rel=\"canonical\" href=\"https:\/\/www.eren.ch\/barc\/lieux-de-vie\/auvernier\/\" \/>\n<meta property=\"og:locale\" content=\"fr_FR\" \/>\n<meta property=\"og:type\" content=\"article\" \/>\n<meta property=\"og:title\" content=\"Lieu de vie d&#039;Auvernier\" \/>\n<meta property=\"og:description\" content=\"Le lieu de vie d&#039;Auvernier: soir\u00e9e celtique, culte partiotique au ch\u00e2teau, sortie \u00e0 la Grande-Sagneule, couronne de l&#039;avent, cat\u00e9chisme.\" \/>\n<meta property=\"og:url\" content=\"https:\/\/www.eren.ch\/barc\/lieux-de-vie\/auvernier\/\" \/>\n<meta property=\"og:site_name\" content=\"Paroisse r\u00e9form\u00e9e de La BARC\" \/>\n<meta property=\"article:publisher\" content=\"https:\/\/www.facebook.com\/eglise.EREN\" \/>\n<meta property=\"article:modified_time\" content=\"2025-08-20T15:57:07+00:00\" \/>\n<meta property=\"og:image\" content=\"https:\/\/www.eren.ch\/barc\/wp-content\/uploads\/sites\/4\/2020\/11\/culte-chateau-auvernier.jpg\" \/>\n\t<meta property=\"og:image:width\" content=\"1500\" \/>\n\t<meta property=\"og:image:height\" content=\"1000\" \/>\n\t<meta property=\"og:image:type\" content=\"image\/jpeg\" \/>\n<meta name=\"twitter:card\" content=\"summary_large_image\" \/>\n<meta name=\"twitter:site\" content=\"@egliseeren\" \/>\n<meta name=\"twitter:label1\" content=\"Dur\u00e9e de lecture estim\u00e9e\" \/>\n\t<meta name=\"twitter:data1\" content=\"2 minutes\" \/>\n<script type=\"application\/ld+json\" class=\"yoast-schema-graph\">{\"@context\":\"https:\\\/\\\/schema.org\",\"@graph\":[{\"@type\":\"WebPage\",\"@id\":\"https:\\\/\\\/www.eren.ch\\\/barc\\\/lieux-de-vie\\\/auvernier\\\/\",\"url\":\"https:\\\/\\\/www.eren.ch\\\/barc\\\/lieux-de-vie\\\/auvernier\\\/\",\"name\":\"Lieu de vie d'Auvernier - MIlvignes &#8226; Paroisse r\u00e9form\u00e9e de La BARC\",\"isPartOf\":{\"@id\":\"https:\\\/\\\/www.eren.ch\\\/barc\\\/#website\"},\"primaryImageOfPage\":{\"@id\":\"https:\\\/\\\/www.eren.ch\\\/barc\\\/lieux-de-vie\\\/auvernier\\\/#primaryimage\"},\"image\":{\"@id\":\"https:\\\/\\\/www.eren.ch\\\/barc\\\/lieux-de-vie\\\/auvernier\\\/#primaryimage\"},\"thumbnailUrl\":\"https:\\\/\\\/www.eren.ch\\\/barc\\\/wp-content\\\/uploads\\\/sites\\\/4\\\/2020\\\/11\\\/culte-chateau-auvernier-1024x683.jpg\",\"datePublished\":\"2016-05-12T18:20:57+00:00\",\"dateModified\":\"2025-08-20T15:57:07+00:00\",\"description\":\"Le lieu de vie d'Auvernier: soir\u00e9e celtique, culte partiotique au ch\u00e2teau, sortie \u00e0 la Grande-Sagneule, couronne de l'avent, cat\u00e9chisme.\",\"breadcrumb\":{\"@id\":\"https:\\\/\\\/www.eren.ch\\\/barc\\\/lieux-de-vie\\\/auvernier\\\/#breadcrumb\"},\"inLanguage\":\"fr-FR\",\"potentialAction\":[{\"@type\":\"ReadAction\",\"target\":[\"https:\\\/\\\/www.eren.ch\\\/barc\\\/lieux-de-vie\\\/auvernier\\\/\"]}]},{\"@type\":\"ImageObject\",\"inLanguage\":\"fr-FR\",\"@id\":\"https:\\\/\\\/www.eren.ch\\\/barc\\\/lieux-de-vie\\\/auvernier\\\/#primaryimage\",\"url\":\"https:\\\/\\\/www.eren.ch\\\/barc\\\/wp-content\\\/uploads\\\/sites\\\/4\\\/2020\\\/11\\\/culte-chateau-auvernier.jpg\",\"contentUrl\":\"https:\\\/\\\/www.eren.ch\\\/barc\\\/wp-content\\\/uploads\\\/sites\\\/4\\\/2020\\\/11\\\/culte-chateau-auvernier.jpg\",\"width\":1500,\"height\":1000,\"caption\":\"Culte patriotique au ch\u00e2teau d'Auvernier\"},{\"@type\":\"BreadcrumbList\",\"@id\":\"https:\\\/\\\/www.eren.ch\\\/barc\\\/lieux-de-vie\\\/auvernier\\\/#breadcrumb\",\"itemListElement\":[{\"@type\":\"ListItem\",\"position\":1,\"name\":\"Accueil\",\"item\":\"https:\\\/\\\/www.eren.ch\\\/barc\\\/\"},{\"@type\":\"ListItem\",\"position\":2,\"name\":\"Lieux de vie\",\"item\":\"https:\\\/\\\/www.eren.ch\\\/barc\\\/lieux-de-vie\\\/\"},{\"@type\":\"ListItem\",\"position\":3,\"name\":\"Lieu de vie d&rsquo;Auvernier\"}]},{\"@type\":\"WebSite\",\"@id\":\"https:\\\/\\\/www.eren.ch\\\/barc\\\/#website\",\"url\":\"https:\\\/\\\/www.eren.ch\\\/barc\\\/\",\"name\":\"Paroisse r\u00e9form\u00e9e de La BARC\",\"description\":\"B\u00f4le - Auvernier - Rochefort - Colombier\",\"publisher\":{\"@id\":\"https:\\\/\\\/www.eren.ch\\\/barc\\\/#organization\"},\"potentialAction\":[{\"@type\":\"SearchAction\",\"target\":{\"@type\":\"EntryPoint\",\"urlTemplate\":\"https:\\\/\\\/www.eren.ch\\\/barc\\\/?s={search_term_string}\"},\"query-input\":{\"@type\":\"PropertyValueSpecification\",\"valueRequired\":true,\"valueName\":\"search_term_string\"}}],\"inLanguage\":\"fr-FR\"},{\"@type\":\"Organization\",\"@id\":\"https:\\\/\\\/www.eren.ch\\\/barc\\\/#organization\",\"name\":\"Paroisse de La BARC\",\"url\":\"https:\\\/\\\/www.eren.ch\\\/barc\\\/\",\"logo\":{\"@type\":\"ImageObject\",\"inLanguage\":\"fr-FR\",\"@id\":\"https:\\\/\\\/www.eren.ch\\\/barc\\\/#\\\/schema\\\/logo\\\/image\\\/\",\"url\":\"https:\\\/\\\/www.eren.ch\\\/barc\\\/wp-content\\\/uploads\\\/sites\\\/4\\\/2020\\\/12\\\/logo-barc.png\",\"contentUrl\":\"https:\\\/\\\/www.eren.ch\\\/barc\\\/wp-content\\\/uploads\\\/sites\\\/4\\\/2020\\\/12\\\/logo-barc.png\",\"width\":240,\"height\":117,\"caption\":\"Paroisse de La BARC\"},\"image\":{\"@id\":\"https:\\\/\\\/www.eren.ch\\\/barc\\\/#\\\/schema\\\/logo\\\/image\\\/\"},\"sameAs\":[\"https:\\\/\\\/www.facebook.com\\\/eglise.EREN\",\"https:\\\/\\\/x.com\\\/egliseeren\",\"https:\\\/\\\/fr.wikipedia.org\\\/wiki\\\/\u00c9glise_r\u00e9form\u00e9e_\u00e9vang\u00e9lique_du_canton_de_Neuch\u00e2tel\"]}]}<\/script>\n<!-- \/ Yoast SEO Premium plugin. -->","yoast_head_json":{"title":"Lieu de vie d'Auvernier - MIlvignes &#8226; Paroisse r\u00e9form\u00e9e de La BARC","description":"Le lieu de vie d'Auvernier: soir\u00e9e celtique, culte partiotique au ch\u00e2teau, sortie \u00e0 la Grande-Sagneule, couronne de l'avent, cat\u00e9chisme.","robots":{"index":"index","follow":"follow","max-snippet":"max-snippet:-1","max-image-preview":"max-image-preview:large","max-video-preview":"max-video-preview:-1"},"canonical":"https:\/\/www.eren.ch\/barc\/lieux-de-vie\/auvernier\/","og_locale":"fr_FR","og_type":"article","og_title":"Lieu de vie d'Auvernier","og_description":"Le lieu de vie d'Auvernier: soir\u00e9e celtique, culte partiotique au ch\u00e2teau, sortie \u00e0 la Grande-Sagneule, couronne de l'avent, cat\u00e9chisme.","og_url":"https:\/\/www.eren.ch\/barc\/lieux-de-vie\/auvernier\/","og_site_name":"Paroisse r\u00e9form\u00e9e de La BARC","article_publisher":"https:\/\/www.facebook.com\/eglise.EREN","article_modified_time":"2025-08-20T15:57:07+00:00","og_image":[{"width":1500,"height":1000,"url":"https:\/\/www.eren.ch\/barc\/wp-content\/uploads\/sites\/4\/2020\/11\/culte-chateau-auvernier.jpg","type":"image\/jpeg"}],"twitter_card":"summary_large_image","twitter_site":"@egliseeren","twitter_misc":{"Dur\u00e9e de lecture estim\u00e9e":"2 minutes"},"schema":{"@context":"https:\/\/schema.org","@graph":[{"@type":"WebPage","@id":"https:\/\/www.eren.ch\/barc\/lieux-de-vie\/auvernier\/","url":"https:\/\/www.eren.ch\/barc\/lieux-de-vie\/auvernier\/","name":"Lieu de vie d'Auvernier - MIlvignes &#8226; Paroisse r\u00e9form\u00e9e de La BARC","isPartOf":{"@id":"https:\/\/www.eren.ch\/barc\/#website"},"primaryImageOfPage":{"@id":"https:\/\/www.eren.ch\/barc\/lieux-de-vie\/auvernier\/#primaryimage"},"image":{"@id":"https:\/\/www.eren.ch\/barc\/lieux-de-vie\/auvernier\/#primaryimage"},"thumbnailUrl":"https:\/\/www.eren.ch\/barc\/wp-content\/uploads\/sites\/4\/2020\/11\/culte-chateau-auvernier-1024x683.jpg","datePublished":"2016-05-12T18:20:57+00:00","dateModified":"2025-08-20T15:57:07+00:00","description":"Le lieu de vie d'Auvernier: soir\u00e9e celtique, culte partiotique au ch\u00e2teau, sortie \u00e0 la Grande-Sagneule, couronne de l'avent, cat\u00e9chisme.","breadcrumb":{"@id":"https:\/\/www.eren.ch\/barc\/lieux-de-vie\/auvernier\/#breadcrumb"},"inLanguage":"fr-FR","potentialAction":[{"@type":"ReadAction","target":["https:\/\/www.eren.ch\/barc\/lieux-de-vie\/auvernier\/"]}]},{"@type":"ImageObject","inLanguage":"fr-FR","@id":"https:\/\/www.eren.ch\/barc\/lieux-de-vie\/auvernier\/#primaryimage","url":"https:\/\/www.eren.ch\/barc\/wp-content\/uploads\/sites\/4\/2020\/11\/culte-chateau-auvernier.jpg","contentUrl":"https:\/\/www.eren.ch\/barc\/wp-content\/uploads\/sites\/4\/2020\/11\/culte-chateau-auvernier.jpg","width":1500,"height":1000,"caption":"Culte patriotique au ch\u00e2teau d'Auvernier"},{"@type":"BreadcrumbList","@id":"https:\/\/www.eren.ch\/barc\/lieux-de-vie\/auvernier\/#breadcrumb","itemListElement":[{"@type":"ListItem","position":1,"name":"Accueil","item":"https:\/\/www.eren.ch\/barc\/"},{"@type":"ListItem","position":2,"name":"Lieux de vie","item":"https:\/\/www.eren.ch\/barc\/lieux-de-vie\/"},{"@type":"ListItem","position":3,"name":"Lieu de vie d&rsquo;Auvernier"}]},{"@type":"WebSite","@id":"https:\/\/www.eren.ch\/barc\/#website","url":"https:\/\/www.eren.ch\/barc\/","name":"Paroisse r\u00e9form\u00e9e de La BARC","description":"B\u00f4le - Auvernier - Rochefort - Colombier","publisher":{"@id":"https:\/\/www.eren.ch\/barc\/#organization"},"potentialAction":[{"@type":"SearchAction","target":{"@type":"EntryPoint","urlTemplate":"https:\/\/www.eren.ch\/barc\/?s={search_term_string}"},"query-input":{"@type":"PropertyValueSpecification","valueRequired":true,"valueName":"search_term_string"}}],"inLanguage":"fr-FR"},{"@type":"Organization","@id":"https:\/\/www.eren.ch\/barc\/#organization","name":"Paroisse de La BARC","url":"https:\/\/www.eren.ch\/barc\/","logo":{"@type":"ImageObject","inLanguage":"fr-FR","@id":"https:\/\/www.eren.ch\/barc\/#\/schema\/logo\/image\/","url":"https:\/\/www.eren.ch\/barc\/wp-content\/uploads\/sites\/4\/2020\/12\/logo-barc.png","contentUrl":"https:\/\/www.eren.ch\/barc\/wp-content\/uploads\/sites\/4\/2020\/12\/logo-barc.png","width":240,"height":117,"caption":"Paroisse de La BARC"},"image":{"@id":"https:\/\/www.eren.ch\/barc\/#\/schema\/logo\/image\/"},"sameAs":["https:\/\/www.facebook.com\/eglise.EREN","https:\/\/x.com\/egliseeren","https:\/\/fr.wikipedia.org\/wiki\/\u00c9glise_r\u00e9form\u00e9e_\u00e9vang\u00e9lique_du_canton_de_Neuch\u00e2tel"]}]}},"_links":{"self":[{"href":"https:\/\/www.eren.ch\/barc\/wp-json\/wp\/v2\/pages\/28","targetHints":{"allow":["GET"]}}],"collection":[{"href":"https:\/\/www.eren.ch\/barc\/wp-json\/wp\/v2\/pages"}],"about":[{"href":"https:\/\/www.eren.ch\/barc\/wp-json\/wp\/v2\/types\/page"}],"author":[{"embeddable":true,"href":"https:\/\/www.eren.ch\/barc\/wp-json\/wp\/v2\/users\/1"}],"replies":[{"embeddable":true,"href":"https:\/\/www.eren.ch\/barc\/wp-json\/wp\/v2\/comments?post=28"}],"version-history":[{"count":7,"href":"https:\/\/www.eren.ch\/barc\/wp-json\/wp\/v2\/pages\/28\/revisions"}],"predecessor-version":[{"id":5255,"href":"https:\/\/www.eren.ch\/barc\/wp-json\/wp\/v2\/pages\/28\/revisions\/5255"}],"up":[{"embeddable":true,"href":"https:\/\/www.eren.ch\/barc\/wp-json\/wp\/v2\/pages\/11"}],"wp:attachment":[{"href":"https:\/\/www.eren.ch\/barc\/wp-json\/wp\/v2\/media?parent=28"}],"curies":[{"name":"wp","href":"https:\/\/api.w.org\/{rel}","templated":true}]}}