{"id":30,"date":"2016-05-12T20:21:33","date_gmt":"2016-05-12T18:21:33","guid":{"rendered":"https:\/\/www.eren.ch\/barc\/?page_id=30"},"modified":"2025-08-20T18:26:20","modified_gmt":"2025-08-20T16:26:20","slug":"r-rochefortbrot-dessous","status":"publish","type":"page","link":"https:\/\/www.eren.ch\/barc\/lieux-de-vie\/r-rochefortbrot-dessous\/","title":{"rendered":"Lieu de vie de Rochefort\/Brot-Dessous"},"content":{"rendered":"\n<p id=\"block-69c509cf-c623-4e78-8587-48b00a121470\">Rochefort\/Brot-Dessous est l&rsquo;un des quatre lieux de vie de la paroisse de La BARC.<\/p>\n\n\n\n<h2 class=\"wp-block-heading\" id=\"block-caa85486-bef6-46f0-b655-545beb36e172\">Enfance et jeunesse<\/h2>\n\n\n\n<p id=\"block-9aab3072-4764-466f-99e6-eaee00d3e152\">L&rsquo;<a href=\"https:\/\/www.eren.ch\/barc\/enfance-et-jeunesse\/\">offre cat\u00e9ch\u00e9tique<\/a> de la paroisse de La BARC est identique dans les quatre lieux de vie. Les enfants et adolescents de l&rsquo;ensemble du territoire se retrouvent dans les m\u00eames activit\u00e9s.<\/p>\n\n\n\n<p id=\"block-9150a050-84fc-4306-91ae-c8032889e5d2\">Le <a href=\"https:\/\/www.eren.ch\/barc\/enfance-et-jeunesse\/le-ptit-cate\/\">p&rsquo;tit cat\u00e9<\/a> propose une rencontre hebdomadaire dans chaque village. Le coll\u00e8ge des Vernes accueille le groupe du lieu de vie de Colombier.<\/p>\n\n\n\n<h2 class=\"wp-block-heading\" id=\"block-7fac8975-e5ef-4850-808a-3f4a583e5427\">Temple de Rochefort<\/h2>\n\n\n\n<figure class=\"wp-block-image size-large\" id=\"block-aa13b30c-43ea-4a82-bc42-1eba0f891d28\"><img decoding=\"async\" width=\"1024\" height=\"680\" src=\"https:\/\/www.eren.ch\/barc\/wp-content\/uploads\/sites\/4\/2018\/03\/DSCF3679-1024x680.jpg\" alt=\"\" class=\"wp-image-295\" srcset=\"https:\/\/www.eren.ch\/barc\/wp-content\/uploads\/sites\/4\/2018\/03\/DSCF3679-1024x680.jpg 1024w, https:\/\/www.eren.ch\/barc\/wp-content\/uploads\/sites\/4\/2018\/03\/DSCF3679-300x199.jpg 300w, https:\/\/www.eren.ch\/barc\/wp-content\/uploads\/sites\/4\/2018\/03\/DSCF3679-768x510.jpg 768w, https:\/\/www.eren.ch\/barc\/wp-content\/uploads\/sites\/4\/2018\/03\/DSCF3679-1200x797.jpg 1200w, https:\/\/www.eren.ch\/barc\/wp-content\/uploads\/sites\/4\/2018\/03\/DSCF3679-1536x1020.jpg 1536w, https:\/\/www.eren.ch\/barc\/wp-content\/uploads\/sites\/4\/2018\/03\/DSCF3679.jpg 2000w\" sizes=\"(max-width: 709px) 85vw, (max-width: 909px) 67vw, (max-width: 1362px) 62vw, 840px\" \/><\/figure>\n\n\n\n<p id=\"block-580e05ee-e168-49f2-bced-9cdd470d850c\">Lors de l\u2019importante restauration de 2003, les fa\u00e7ades du clocher et du temple furent \u00e0 nouveau cr\u00e9pies, redonnant \u00e0 l\u2019\u00e9difice son aspect d\u2019origine.<\/p>\n\n\n\n<p id=\"block-ad358d38-b98e-45e3-95d6-6717c90ce1a4\"><strong>En savoir plus:<\/strong> <a href=\"\/\/www.eren.ch\/barc\/batiments\/temple-de-rochefort\/\">Temple de Rochefort<\/a><\/p>\n","protected":false},"excerpt":{"rendered":"<p>Rochefort\/Brot-Dessous est l&rsquo;un des quatre lieux de vie de la paroisse de La BARC. Enfance et jeunesse L&rsquo;offre cat\u00e9ch\u00e9tique de la paroisse de La BARC est identique dans les quatre lieux de vie. Les enfants et adolescents de l&rsquo;ensemble du territoire se retrouvent dans les m\u00eames activit\u00e9s. Le p&rsquo;tit cat\u00e9 propose une rencontre hebdomadaire dans &hellip; <a href=\"https:\/\/www.eren.ch\/barc\/lieux-de-vie\/r-rochefortbrot-dessous\/\" class=\"more-link\">Continuer la lecture<span class=\"screen-reader-text\"> de &laquo;&nbsp;Lieu de vie de Rochefort\/Brot-Dessous&nbsp;&raquo;<\/span><\/a><\/p>\n","protected":false},"author":1,"featured_media":0,"parent":11,"menu_order":30,"comment_status":"closed","ping_status":"closed","template":"","meta":{"footnotes":""},"class_list":["post-30","page","type-page","status-publish","hentry"],"yoast_head":"<!-- This site is optimized with the Yoast SEO Premium plugin v27.3 (Yoast SEO v27.3) - https:\/\/yoast.com\/product\/yoast-seo-premium-wordpress\/ -->\n<title>Lieu de vie de Rochefort<\/title>\n<meta name=\"description\" content=\"Rochefort\/Brot-Dessous est l&#039;un des quatre lieux de vie de la paroisse de La BARC. Enfance et jeunesse L&#039;offre cat\u00e9ch\u00e9tique de la paroisse de La BARC est\" \/>\n<meta name=\"robots\" content=\"index, follow, max-snippet:-1, max-image-preview:large, max-video-preview:-1\" \/>\n<link rel=\"canonical\" href=\"https:\/\/www.eren.ch\/barc\/lieux-de-vie\/r-rochefortbrot-dessous\/\" \/>\n<meta property=\"og:locale\" content=\"fr_FR\" \/>\n<meta property=\"og:type\" content=\"article\" \/>\n<meta property=\"og:title\" content=\"Lieu de vie de Rochefort\/Brot-Dessous\" \/>\n<meta property=\"og:description\" content=\"Rochefort\/Brot-Dessous est l&#039;un des quatre lieux de vie de la paroisse de La BARC. Enfance et jeunesse L&#039;offre cat\u00e9ch\u00e9tique de la paroisse de La BARC est\" \/>\n<meta property=\"og:url\" content=\"https:\/\/www.eren.ch\/barc\/lieux-de-vie\/r-rochefortbrot-dessous\/\" \/>\n<meta property=\"og:site_name\" content=\"Paroisse r\u00e9form\u00e9e de La BARC\" \/>\n<meta property=\"article:publisher\" content=\"https:\/\/www.facebook.com\/eglise.EREN\" \/>\n<meta property=\"article:modified_time\" content=\"2025-08-20T16:26:20+00:00\" \/>\n<meta property=\"og:image\" content=\"https:\/\/www.eren.ch\/barc\/wp-content\/uploads\/sites\/4\/2018\/03\/DSCF3679.jpg\" \/>\n\t<meta property=\"og:image:width\" content=\"2000\" \/>\n\t<meta property=\"og:image:height\" content=\"1328\" \/>\n\t<meta property=\"og:image:type\" content=\"image\/jpeg\" \/>\n<meta name=\"twitter:card\" content=\"summary_large_image\" \/>\n<meta name=\"twitter:site\" content=\"@egliseeren\" \/>\n<meta name=\"twitter:label1\" content=\"Dur\u00e9e de lecture estim\u00e9e\" \/>\n\t<meta name=\"twitter:data1\" content=\"1 minute\" \/>\n<script type=\"application\/ld+json\" class=\"yoast-schema-graph\">{\"@context\":\"https:\\\/\\\/schema.org\",\"@graph\":[{\"@type\":\"WebPage\",\"@id\":\"https:\\\/\\\/www.eren.ch\\\/barc\\\/lieux-de-vie\\\/r-rochefortbrot-dessous\\\/\",\"url\":\"https:\\\/\\\/www.eren.ch\\\/barc\\\/lieux-de-vie\\\/r-rochefortbrot-dessous\\\/\",\"name\":\"Lieu de vie de Rochefort\",\"isPartOf\":{\"@id\":\"https:\\\/\\\/www.eren.ch\\\/barc\\\/#website\"},\"primaryImageOfPage\":{\"@id\":\"https:\\\/\\\/www.eren.ch\\\/barc\\\/lieux-de-vie\\\/r-rochefortbrot-dessous\\\/#primaryimage\"},\"image\":{\"@id\":\"https:\\\/\\\/www.eren.ch\\\/barc\\\/lieux-de-vie\\\/r-rochefortbrot-dessous\\\/#primaryimage\"},\"thumbnailUrl\":\"https:\\\/\\\/www.eren.ch\\\/barc\\\/wp-content\\\/uploads\\\/sites\\\/4\\\/2018\\\/03\\\/DSCF3679-1024x680.jpg\",\"datePublished\":\"2016-05-12T18:21:33+00:00\",\"dateModified\":\"2025-08-20T16:26:20+00:00\",\"description\":\"Rochefort\\\/Brot-Dessous est l'un des quatre lieux de vie de la paroisse de La BARC. Enfance et jeunesse L'offre cat\u00e9ch\u00e9tique de la paroisse de La BARC est\",\"breadcrumb\":{\"@id\":\"https:\\\/\\\/www.eren.ch\\\/barc\\\/lieux-de-vie\\\/r-rochefortbrot-dessous\\\/#breadcrumb\"},\"inLanguage\":\"fr-FR\",\"potentialAction\":[{\"@type\":\"ReadAction\",\"target\":[\"https:\\\/\\\/www.eren.ch\\\/barc\\\/lieux-de-vie\\\/r-rochefortbrot-dessous\\\/\"]}]},{\"@type\":\"ImageObject\",\"inLanguage\":\"fr-FR\",\"@id\":\"https:\\\/\\\/www.eren.ch\\\/barc\\\/lieux-de-vie\\\/r-rochefortbrot-dessous\\\/#primaryimage\",\"url\":\"https:\\\/\\\/www.eren.ch\\\/barc\\\/wp-content\\\/uploads\\\/sites\\\/4\\\/2018\\\/03\\\/DSCF3679.jpg\",\"contentUrl\":\"https:\\\/\\\/www.eren.ch\\\/barc\\\/wp-content\\\/uploads\\\/sites\\\/4\\\/2018\\\/03\\\/DSCF3679.jpg\",\"width\":2000,\"height\":1328},{\"@type\":\"BreadcrumbList\",\"@id\":\"https:\\\/\\\/www.eren.ch\\\/barc\\\/lieux-de-vie\\\/r-rochefortbrot-dessous\\\/#breadcrumb\",\"itemListElement\":[{\"@type\":\"ListItem\",\"position\":1,\"name\":\"Accueil\",\"item\":\"https:\\\/\\\/www.eren.ch\\\/barc\\\/\"},{\"@type\":\"ListItem\",\"position\":2,\"name\":\"Lieux de vie\",\"item\":\"https:\\\/\\\/www.eren.ch\\\/barc\\\/lieux-de-vie\\\/\"},{\"@type\":\"ListItem\",\"position\":3,\"name\":\"Lieu de vie de Rochefort\\\/Brot-Dessous\"}]},{\"@type\":\"WebSite\",\"@id\":\"https:\\\/\\\/www.eren.ch\\\/barc\\\/#website\",\"url\":\"https:\\\/\\\/www.eren.ch\\\/barc\\\/\",\"name\":\"Paroisse r\u00e9form\u00e9e de La BARC\",\"description\":\"B\u00f4le - Auvernier - Rochefort - Colombier\",\"publisher\":{\"@id\":\"https:\\\/\\\/www.eren.ch\\\/barc\\\/#organization\"},\"potentialAction\":[{\"@type\":\"SearchAction\",\"target\":{\"@type\":\"EntryPoint\",\"urlTemplate\":\"https:\\\/\\\/www.eren.ch\\\/barc\\\/?s={search_term_string}\"},\"query-input\":{\"@type\":\"PropertyValueSpecification\",\"valueRequired\":true,\"valueName\":\"search_term_string\"}}],\"inLanguage\":\"fr-FR\"},{\"@type\":\"Organization\",\"@id\":\"https:\\\/\\\/www.eren.ch\\\/barc\\\/#organization\",\"name\":\"Paroisse de La BARC\",\"url\":\"https:\\\/\\\/www.eren.ch\\\/barc\\\/\",\"logo\":{\"@type\":\"ImageObject\",\"inLanguage\":\"fr-FR\",\"@id\":\"https:\\\/\\\/www.eren.ch\\\/barc\\\/#\\\/schema\\\/logo\\\/image\\\/\",\"url\":\"https:\\\/\\\/www.eren.ch\\\/barc\\\/wp-content\\\/uploads\\\/sites\\\/4\\\/2020\\\/12\\\/logo-barc.png\",\"contentUrl\":\"https:\\\/\\\/www.eren.ch\\\/barc\\\/wp-content\\\/uploads\\\/sites\\\/4\\\/2020\\\/12\\\/logo-barc.png\",\"width\":240,\"height\":117,\"caption\":\"Paroisse de La BARC\"},\"image\":{\"@id\":\"https:\\\/\\\/www.eren.ch\\\/barc\\\/#\\\/schema\\\/logo\\\/image\\\/\"},\"sameAs\":[\"https:\\\/\\\/www.facebook.com\\\/eglise.EREN\",\"https:\\\/\\\/x.com\\\/egliseeren\",\"https:\\\/\\\/fr.wikipedia.org\\\/wiki\\\/\u00c9glise_r\u00e9form\u00e9e_\u00e9vang\u00e9lique_du_canton_de_Neuch\u00e2tel\"]}]}<\/script>\n<!-- \/ Yoast SEO Premium plugin. -->","yoast_head_json":{"title":"Lieu de vie de Rochefort","description":"Rochefort\/Brot-Dessous est l'un des quatre lieux de vie de la paroisse de La BARC. Enfance et jeunesse L'offre cat\u00e9ch\u00e9tique de la paroisse de La BARC est","robots":{"index":"index","follow":"follow","max-snippet":"max-snippet:-1","max-image-preview":"max-image-preview:large","max-video-preview":"max-video-preview:-1"},"canonical":"https:\/\/www.eren.ch\/barc\/lieux-de-vie\/r-rochefortbrot-dessous\/","og_locale":"fr_FR","og_type":"article","og_title":"Lieu de vie de Rochefort\/Brot-Dessous","og_description":"Rochefort\/Brot-Dessous est l'un des quatre lieux de vie de la paroisse de La BARC. Enfance et jeunesse L'offre cat\u00e9ch\u00e9tique de la paroisse de La BARC est","og_url":"https:\/\/www.eren.ch\/barc\/lieux-de-vie\/r-rochefortbrot-dessous\/","og_site_name":"Paroisse r\u00e9form\u00e9e de La BARC","article_publisher":"https:\/\/www.facebook.com\/eglise.EREN","article_modified_time":"2025-08-20T16:26:20+00:00","og_image":[{"width":2000,"height":1328,"url":"https:\/\/www.eren.ch\/barc\/wp-content\/uploads\/sites\/4\/2018\/03\/DSCF3679.jpg","type":"image\/jpeg"}],"twitter_card":"summary_large_image","twitter_site":"@egliseeren","twitter_misc":{"Dur\u00e9e de lecture estim\u00e9e":"1 minute"},"schema":{"@context":"https:\/\/schema.org","@graph":[{"@type":"WebPage","@id":"https:\/\/www.eren.ch\/barc\/lieux-de-vie\/r-rochefortbrot-dessous\/","url":"https:\/\/www.eren.ch\/barc\/lieux-de-vie\/r-rochefortbrot-dessous\/","name":"Lieu de vie de Rochefort","isPartOf":{"@id":"https:\/\/www.eren.ch\/barc\/#website"},"primaryImageOfPage":{"@id":"https:\/\/www.eren.ch\/barc\/lieux-de-vie\/r-rochefortbrot-dessous\/#primaryimage"},"image":{"@id":"https:\/\/www.eren.ch\/barc\/lieux-de-vie\/r-rochefortbrot-dessous\/#primaryimage"},"thumbnailUrl":"https:\/\/www.eren.ch\/barc\/wp-content\/uploads\/sites\/4\/2018\/03\/DSCF3679-1024x680.jpg","datePublished":"2016-05-12T18:21:33+00:00","dateModified":"2025-08-20T16:26:20+00:00","description":"Rochefort\/Brot-Dessous est l'un des quatre lieux de vie de la paroisse de La BARC. Enfance et jeunesse L'offre cat\u00e9ch\u00e9tique de la paroisse de La BARC est","breadcrumb":{"@id":"https:\/\/www.eren.ch\/barc\/lieux-de-vie\/r-rochefortbrot-dessous\/#breadcrumb"},"inLanguage":"fr-FR","potentialAction":[{"@type":"ReadAction","target":["https:\/\/www.eren.ch\/barc\/lieux-de-vie\/r-rochefortbrot-dessous\/"]}]},{"@type":"ImageObject","inLanguage":"fr-FR","@id":"https:\/\/www.eren.ch\/barc\/lieux-de-vie\/r-rochefortbrot-dessous\/#primaryimage","url":"https:\/\/www.eren.ch\/barc\/wp-content\/uploads\/sites\/4\/2018\/03\/DSCF3679.jpg","contentUrl":"https:\/\/www.eren.ch\/barc\/wp-content\/uploads\/sites\/4\/2018\/03\/DSCF3679.jpg","width":2000,"height":1328},{"@type":"BreadcrumbList","@id":"https:\/\/www.eren.ch\/barc\/lieux-de-vie\/r-rochefortbrot-dessous\/#breadcrumb","itemListElement":[{"@type":"ListItem","position":1,"name":"Accueil","item":"https:\/\/www.eren.ch\/barc\/"},{"@type":"ListItem","position":2,"name":"Lieux de vie","item":"https:\/\/www.eren.ch\/barc\/lieux-de-vie\/"},{"@type":"ListItem","position":3,"name":"Lieu de vie de Rochefort\/Brot-Dessous"}]},{"@type":"WebSite","@id":"https:\/\/www.eren.ch\/barc\/#website","url":"https:\/\/www.eren.ch\/barc\/","name":"Paroisse r\u00e9form\u00e9e de La BARC","description":"B\u00f4le - Auvernier - Rochefort - Colombier","publisher":{"@id":"https:\/\/www.eren.ch\/barc\/#organization"},"potentialAction":[{"@type":"SearchAction","target":{"@type":"EntryPoint","urlTemplate":"https:\/\/www.eren.ch\/barc\/?s={search_term_string}"},"query-input":{"@type":"PropertyValueSpecification","valueRequired":true,"valueName":"search_term_string"}}],"inLanguage":"fr-FR"},{"@type":"Organization","@id":"https:\/\/www.eren.ch\/barc\/#organization","name":"Paroisse de La BARC","url":"https:\/\/www.eren.ch\/barc\/","logo":{"@type":"ImageObject","inLanguage":"fr-FR","@id":"https:\/\/www.eren.ch\/barc\/#\/schema\/logo\/image\/","url":"https:\/\/www.eren.ch\/barc\/wp-content\/uploads\/sites\/4\/2020\/12\/logo-barc.png","contentUrl":"https:\/\/www.eren.ch\/barc\/wp-content\/uploads\/sites\/4\/2020\/12\/logo-barc.png","width":240,"height":117,"caption":"Paroisse de La BARC"},"image":{"@id":"https:\/\/www.eren.ch\/barc\/#\/schema\/logo\/image\/"},"sameAs":["https:\/\/www.facebook.com\/eglise.EREN","https:\/\/x.com\/egliseeren","https:\/\/fr.wikipedia.org\/wiki\/\u00c9glise_r\u00e9form\u00e9e_\u00e9vang\u00e9lique_du_canton_de_Neuch\u00e2tel"]}]}},"_links":{"self":[{"href":"https:\/\/www.eren.ch\/barc\/wp-json\/wp\/v2\/pages\/30","targetHints":{"allow":["GET"]}}],"collection":[{"href":"https:\/\/www.eren.ch\/barc\/wp-json\/wp\/v2\/pages"}],"about":[{"href":"https:\/\/www.eren.ch\/barc\/wp-json\/wp\/v2\/types\/page"}],"author":[{"embeddable":true,"href":"https:\/\/www.eren.ch\/barc\/wp-json\/wp\/v2\/users\/1"}],"replies":[{"embeddable":true,"href":"https:\/\/www.eren.ch\/barc\/wp-json\/wp\/v2\/comments?post=30"}],"version-history":[{"count":7,"href":"https:\/\/www.eren.ch\/barc\/wp-json\/wp\/v2\/pages\/30\/revisions"}],"predecessor-version":[{"id":5262,"href":"https:\/\/www.eren.ch\/barc\/wp-json\/wp\/v2\/pages\/30\/revisions\/5262"}],"up":[{"embeddable":true,"href":"https:\/\/www.eren.ch\/barc\/wp-json\/wp\/v2\/pages\/11"}],"wp:attachment":[{"href":"https:\/\/www.eren.ch\/barc\/wp-json\/wp\/v2\/media?parent=30"}],"curies":[{"name":"wp","href":"https:\/\/api.w.org\/{rel}","templated":true}]}}