{"id":49,"date":"2016-05-12T20:29:57","date_gmt":"2016-05-12T18:29:57","guid":{"rendered":"https:\/\/www.eren.ch\/barc\/?page_id=49"},"modified":"2020-11-15T17:55:53","modified_gmt":"2020-11-15T16:55:53","slug":"temple-de-rochefort","status":"publish","type":"page","link":"https:\/\/www.eren.ch\/barc\/batiments\/temple-de-rochefort\/","title":{"rendered":"Temple de Rochefort"},"content":{"rendered":"<p>En 1628, la commune de <a href=\"https:\/\/www.eren.ch\/barc\/lieux-de-vie\/r-rochefortbrot-dessous\/\">Rochefort<\/a>, faisant partie alors de la paroisse de Pontareuse, re\u00e7ut l\u2019autorisation de b\u00e2tir un temple. Le premier lieu de culte, construit en 1648 par le charpentier Pierre Grandjean, n\u2019est pas conserv\u00e9.<\/p>\n<p>En effet, \u00e0 partir de 1741, le projet d\u2019\u00e9difier un nouveau temple \u00e0 un autre emplacement fut d\u00e9battu car l\u2019existence du cabaret, de l\u2019\u00e9cole, de la boucherie et du temple sous un m\u00eame toit provoquait des d\u00e9sagr\u00e9ments. Le roi autorisa l\u2019achat d\u2019un terrain \u00e0 b\u00e2tir en 1753. Les travaux furent achev\u00e9s en 1755, suivant les plans de l\u2019architecte Abraham Bovet. De plan rectangulaire, pr\u00e9c\u00e9d\u00e9 d\u2019un clocher carr\u00e9, sa forme tr\u00e8s d\u00e9pouill\u00e9e et sans ch\u0153ur est typique des \u00e9glises r\u00e9form\u00e9es de cette \u00e9poque.<\/p>\n<p>Une compl\u00e8te restauration des murs eut lieu en 1844. Pendant l\u2019\u00e9t\u00e9 1904, l\u2019architecte L\u00e9o Chatelain dirigea une restauration g\u00e9n\u00e9rale qui mit \u00e0 nu la ma\u00e7onnerie du clocher. En 1936, le peintre Andr\u00e9 Christen cr\u00e9a la fresque et composa les anges musiciens des vitraux.<\/p>\n<p>Lors de l\u2019importante restauration de 2003, les fa\u00e7ades du clocher et du temple furent \u00e0 nouveau cr\u00e9pies, redonnant \u00e0 l\u2019\u00e9difice son aspect d\u2019origine.<\/p>\n<p><strong>Ouvert\/ferm\u00e9\u00a0: <\/strong>ouvert<br \/>\n<strong>Heures d&rsquo;ouverture\u00a0: <\/strong>de 9h \u00e0 17h<br \/>\n<strong>Adresse compl\u00e8te:<\/strong>\u00a0Temple de Rochefort, route de Bourgogne 5, 2019 Rochefort, Suisse<br \/>\n<a href=\"https:\/\/goo.gl\/maps\/aTNroYaZfBaaNWPC6\" target=\"_blank\" rel=\"noopener noreferrer\">Google Maps<\/a><\/p>\n<p><a href=\"https:\/\/www.eren.ch\/barc\/wp-content\/uploads\/sites\/4\/2018\/03\/DSCF3688-DSCF3694.jpg\"><img decoding=\"async\" class=\"aligncenter wp-image-297 size-large\" src=\"https:\/\/www.eren.ch\/barc\/wp-content\/uploads\/sites\/4\/2018\/03\/DSCF3688-DSCF3694-1024x371.jpg\" alt=\"Temple de Rochefort (photo: Nicolas Friedli)\" width=\"840\" height=\"304\" srcset=\"https:\/\/www.eren.ch\/barc\/wp-content\/uploads\/sites\/4\/2018\/03\/DSCF3688-DSCF3694-1024x371.jpg 1024w, https:\/\/www.eren.ch\/barc\/wp-content\/uploads\/sites\/4\/2018\/03\/DSCF3688-DSCF3694-300x109.jpg 300w, https:\/\/www.eren.ch\/barc\/wp-content\/uploads\/sites\/4\/2018\/03\/DSCF3688-DSCF3694-768x278.jpg 768w, https:\/\/www.eren.ch\/barc\/wp-content\/uploads\/sites\/4\/2018\/03\/DSCF3688-DSCF3694-1200x435.jpg 1200w, https:\/\/www.eren.ch\/barc\/wp-content\/uploads\/sites\/4\/2018\/03\/DSCF3688-DSCF3694.jpg 2000w\" sizes=\"(max-width: 709px) 85vw, (max-width: 909px) 67vw, (max-width: 1362px) 62vw, 840px\" \/><\/a> <a href=\"https:\/\/www.eren.ch\/barc\/wp-content\/uploads\/sites\/4\/2018\/03\/DSCF3679.jpg\"><img decoding=\"async\" class=\"aligncenter wp-image-295 size-large\" src=\"https:\/\/www.eren.ch\/barc\/wp-content\/uploads\/sites\/4\/2018\/03\/DSCF3679-1024x680.jpg\" alt=\"Temple de Rochefort (photo: Nicolas Friedli)\" width=\"840\" height=\"558\" srcset=\"https:\/\/www.eren.ch\/barc\/wp-content\/uploads\/sites\/4\/2018\/03\/DSCF3679-1024x680.jpg 1024w, https:\/\/www.eren.ch\/barc\/wp-content\/uploads\/sites\/4\/2018\/03\/DSCF3679-300x199.jpg 300w, https:\/\/www.eren.ch\/barc\/wp-content\/uploads\/sites\/4\/2018\/03\/DSCF3679-768x510.jpg 768w, https:\/\/www.eren.ch\/barc\/wp-content\/uploads\/sites\/4\/2018\/03\/DSCF3679-1200x797.jpg 1200w, https:\/\/www.eren.ch\/barc\/wp-content\/uploads\/sites\/4\/2018\/03\/DSCF3679-1536x1020.jpg 1536w, https:\/\/www.eren.ch\/barc\/wp-content\/uploads\/sites\/4\/2018\/03\/DSCF3679.jpg 2000w\" sizes=\"(max-width: 709px) 85vw, (max-width: 909px) 67vw, (max-width: 1362px) 62vw, 840px\" \/><\/a> <a href=\"https:\/\/www.eren.ch\/barc\/wp-content\/uploads\/sites\/4\/2018\/03\/DSCF3705.jpg\"><img decoding=\"async\" class=\"aligncenter wp-image-296 size-large\" src=\"https:\/\/www.eren.ch\/barc\/wp-content\/uploads\/sites\/4\/2018\/03\/DSCF3705-1024x680.jpg\" alt=\"Temple de Rochefort (photo: Nicolas Friedli)\" width=\"840\" height=\"558\" srcset=\"https:\/\/www.eren.ch\/barc\/wp-content\/uploads\/sites\/4\/2018\/03\/DSCF3705-1024x680.jpg 1024w, https:\/\/www.eren.ch\/barc\/wp-content\/uploads\/sites\/4\/2018\/03\/DSCF3705-300x199.jpg 300w, https:\/\/www.eren.ch\/barc\/wp-content\/uploads\/sites\/4\/2018\/03\/DSCF3705-768x510.jpg 768w, https:\/\/www.eren.ch\/barc\/wp-content\/uploads\/sites\/4\/2018\/03\/DSCF3705-1200x797.jpg 1200w, https:\/\/www.eren.ch\/barc\/wp-content\/uploads\/sites\/4\/2018\/03\/DSCF3705.jpg 2000w\" sizes=\"(max-width: 709px) 85vw, (max-width: 909px) 67vw, (max-width: 1362px) 62vw, 840px\" \/><\/a> <a href=\"https:\/\/www.eren.ch\/barc\/wp-content\/uploads\/sites\/4\/2018\/03\/DSCF3698.jpg\"><img decoding=\"async\" class=\"aligncenter wp-image-298 size-large\" src=\"https:\/\/www.eren.ch\/barc\/wp-content\/uploads\/sites\/4\/2018\/03\/DSCF3698-1024x592.jpg\" alt=\"Temple de Rochefort (photo: Nicolas Friedli)\" width=\"840\" height=\"486\" srcset=\"https:\/\/www.eren.ch\/barc\/wp-content\/uploads\/sites\/4\/2018\/03\/DSCF3698-1024x592.jpg 1024w, https:\/\/www.eren.ch\/barc\/wp-content\/uploads\/sites\/4\/2018\/03\/DSCF3698-300x173.jpg 300w, https:\/\/www.eren.ch\/barc\/wp-content\/uploads\/sites\/4\/2018\/03\/DSCF3698-768x444.jpg 768w, https:\/\/www.eren.ch\/barc\/wp-content\/uploads\/sites\/4\/2018\/03\/DSCF3698-1200x693.jpg 1200w, https:\/\/www.eren.ch\/barc\/wp-content\/uploads\/sites\/4\/2018\/03\/DSCF3698.jpg 2000w\" sizes=\"(max-width: 709px) 85vw, (max-width: 909px) 67vw, (max-width: 1362px) 62vw, 840px\" \/><\/a> <a href=\"https:\/\/www.eren.ch\/barc\/wp-content\/uploads\/sites\/4\/2018\/03\/DSCF3707.jpg\"><img decoding=\"async\" class=\"aligncenter wp-image-299 size-large\" src=\"https:\/\/www.eren.ch\/barc\/wp-content\/uploads\/sites\/4\/2018\/03\/DSCF3707-1024x635.jpg\" alt=\"Temple de Rochefort (photo: Nicolas Friedli)\" width=\"840\" height=\"521\" srcset=\"https:\/\/www.eren.ch\/barc\/wp-content\/uploads\/sites\/4\/2018\/03\/DSCF3707-1024x635.jpg 1024w, https:\/\/www.eren.ch\/barc\/wp-content\/uploads\/sites\/4\/2018\/03\/DSCF3707-300x186.jpg 300w, https:\/\/www.eren.ch\/barc\/wp-content\/uploads\/sites\/4\/2018\/03\/DSCF3707-768x476.jpg 768w, https:\/\/www.eren.ch\/barc\/wp-content\/uploads\/sites\/4\/2018\/03\/DSCF3707-1200x744.jpg 1200w, https:\/\/www.eren.ch\/barc\/wp-content\/uploads\/sites\/4\/2018\/03\/DSCF3707.jpg 2000w\" sizes=\"(max-width: 709px) 85vw, (max-width: 909px) 67vw, (max-width: 1362px) 62vw, 840px\" \/><\/a> <a href=\"https:\/\/www.eren.ch\/barc\/wp-content\/uploads\/sites\/4\/2018\/03\/DSCF3684.jpg\"><img decoding=\"async\" class=\"aligncenter wp-image-300 size-large\" src=\"https:\/\/www.eren.ch\/barc\/wp-content\/uploads\/sites\/4\/2018\/03\/DSCF3684-651x1024.jpg\" alt=\"Temple de Rochefort (photo: Nicolas Friedli)\" width=\"651\" height=\"1024\" srcset=\"https:\/\/www.eren.ch\/barc\/wp-content\/uploads\/sites\/4\/2018\/03\/DSCF3684-651x1024.jpg 651w, https:\/\/www.eren.ch\/barc\/wp-content\/uploads\/sites\/4\/2018\/03\/DSCF3684-191x300.jpg 191w, https:\/\/www.eren.ch\/barc\/wp-content\/uploads\/sites\/4\/2018\/03\/DSCF3684-768x1207.jpg 768w, https:\/\/www.eren.ch\/barc\/wp-content\/uploads\/sites\/4\/2018\/03\/DSCF3684-1200x1887.jpg 1200w, https:\/\/www.eren.ch\/barc\/wp-content\/uploads\/sites\/4\/2018\/03\/DSCF3684.jpg 1952w\" sizes=\"(max-width: 651px) 85vw, 651px\" \/><\/a> <a href=\"https:\/\/www.eren.ch\/barc\/wp-content\/uploads\/sites\/4\/2018\/03\/DSCF3685.jpg\"><img decoding=\"async\" class=\"aligncenter wp-image-301 size-large\" src=\"https:\/\/www.eren.ch\/barc\/wp-content\/uploads\/sites\/4\/2018\/03\/DSCF3685-599x1024.jpg\" alt=\"Temple de Rochefort (photo: Nicolas Friedli)\" width=\"599\" height=\"1024\" srcset=\"https:\/\/www.eren.ch\/barc\/wp-content\/uploads\/sites\/4\/2018\/03\/DSCF3685-599x1024.jpg 599w, https:\/\/www.eren.ch\/barc\/wp-content\/uploads\/sites\/4\/2018\/03\/DSCF3685-175x300.jpg 175w, https:\/\/www.eren.ch\/barc\/wp-content\/uploads\/sites\/4\/2018\/03\/DSCF3685-768x1313.jpg 768w, https:\/\/www.eren.ch\/barc\/wp-content\/uploads\/sites\/4\/2018\/03\/DSCF3685-1200x2052.jpg 1200w, https:\/\/www.eren.ch\/barc\/wp-content\/uploads\/sites\/4\/2018\/03\/DSCF3685.jpg 1705w\" sizes=\"(max-width: 599px) 85vw, 599px\" \/><\/a><\/p>\n<hr \/>\n<p>Voir aussi:<\/p>\n<ul>\n<li><a href=\"https:\/\/www.eren.ch\/barc\/batiments\/temple-auvernier\/\">Temple d&rsquo;Auvernier<\/a><\/li>\n<li><a href=\"https:\/\/www.eren.ch\/barc\/batiments\/temple-de-bole\/\">Temple de B\u00f4le<\/a><\/li>\n<li><a href=\"https:\/\/www.eren.ch\/barc\/batiments\/chapelle-de-brot-dessous\/\">Chapelle de Brot-Dessous<\/a><\/li>\n<li><a href=\"https:\/\/www.eren.ch\/barc\/batiments\/temple-de-colombier\/\">Temple de Colombier<\/a><\/li>\n<\/ul>\n","protected":false},"excerpt":{"rendered":"<p>En 1628, la commune de Rochefort, faisant partie alors de la paroisse de Pontareuse, re\u00e7ut l\u2019autorisation de b\u00e2tir un temple. Le premier lieu de culte, construit en 1648 par le charpentier Pierre Grandjean, n\u2019est pas conserv\u00e9. En effet, \u00e0 partir de 1741, le projet d\u2019\u00e9difier un nouveau temple \u00e0 un autre emplacement fut d\u00e9battu car &hellip; <a href=\"https:\/\/www.eren.ch\/barc\/batiments\/temple-de-rochefort\/\" class=\"more-link\">Continuer la lecture<span class=\"screen-reader-text\"> de &laquo;&nbsp;Temple de Rochefort&nbsp;&raquo;<\/span><\/a><\/p>\n","protected":false},"author":1,"featured_media":0,"parent":17,"menu_order":50,"comment_status":"closed","ping_status":"closed","template":"","meta":{"footnotes":""},"class_list":["post-49","page","type-page","status-publish","hentry"],"yoast_head":"<!-- This site is optimized with the Yoast SEO Premium plugin v27.6 (Yoast SEO v27.6) - https:\/\/yoast.com\/product\/yoast-seo-premium-wordpress\/ -->\n<title>Temple de Rochefort<\/title>\n<meta name=\"description\" content=\"En 1628, la commune de Rochefort, faisant partie alors de la paroisse de Pontareuse, re\u00e7ut l\u2019autorisation de b\u00e2tir un temple. Le premier lieu de culte,\" \/>\n<meta name=\"robots\" content=\"index, follow, max-snippet:-1, max-image-preview:large, max-video-preview:-1\" \/>\n<link rel=\"canonical\" href=\"https:\/\/www.eren.ch\/barc\/batiments\/temple-de-rochefort\/\" \/>\n<meta property=\"og:locale\" content=\"fr_FR\" \/>\n<meta property=\"og:type\" content=\"article\" \/>\n<meta property=\"og:title\" content=\"Temple de Rochefort\" \/>\n<meta property=\"og:description\" content=\"En 1628, la commune de Rochefort, faisant partie alors de la paroisse de Pontareuse, re\u00e7ut l\u2019autorisation de b\u00e2tir un temple. Le premier lieu de culte,\" \/>\n<meta property=\"og:url\" content=\"https:\/\/www.eren.ch\/barc\/batiments\/temple-de-rochefort\/\" \/>\n<meta property=\"og:site_name\" content=\"Paroisse r\u00e9form\u00e9e de La BARC\" \/>\n<meta property=\"article:publisher\" content=\"https:\/\/www.facebook.com\/eglise.EREN\" \/>\n<meta property=\"article:modified_time\" content=\"2020-11-15T16:55:53+00:00\" \/>\n<meta property=\"og:image\" content=\"https:\/\/www.eren.ch\/barc\/wp-content\/uploads\/sites\/4\/2018\/03\/DSCF3688-DSCF3694-1024x371.jpg\" \/>\n<meta name=\"twitter:card\" content=\"summary_large_image\" \/>\n<meta name=\"twitter:site\" content=\"@egliseeren\" \/>\n<meta name=\"twitter:label1\" content=\"Dur\u00e9e de lecture estim\u00e9e\" \/>\n\t<meta name=\"twitter:data1\" content=\"1 minute\" \/>\n<script type=\"application\/ld+json\" class=\"yoast-schema-graph\">{\"@context\":\"https:\\\/\\\/schema.org\",\"@graph\":[{\"@type\":[\"WebPage\",\"RealEstateListing\"],\"@id\":\"https:\\\/\\\/www.eren.ch\\\/barc\\\/batiments\\\/temple-de-rochefort\\\/\",\"url\":\"https:\\\/\\\/www.eren.ch\\\/barc\\\/batiments\\\/temple-de-rochefort\\\/\",\"name\":\"Temple de Rochefort\",\"isPartOf\":{\"@id\":\"https:\\\/\\\/www.eren.ch\\\/barc\\\/#website\"},\"primaryImageOfPage\":{\"@id\":\"https:\\\/\\\/www.eren.ch\\\/barc\\\/batiments\\\/temple-de-rochefort\\\/#primaryimage\"},\"image\":{\"@id\":\"https:\\\/\\\/www.eren.ch\\\/barc\\\/batiments\\\/temple-de-rochefort\\\/#primaryimage\"},\"thumbnailUrl\":\"https:\\\/\\\/www.eren.ch\\\/barc\\\/wp-content\\\/uploads\\\/sites\\\/4\\\/2018\\\/03\\\/DSCF3688-DSCF3694-1024x371.jpg\",\"datePublished\":\"2016-05-12T18:29:57+00:00\",\"dateModified\":\"2020-11-15T16:55:53+00:00\",\"description\":\"En 1628, la commune de Rochefort, faisant partie alors de la paroisse de Pontareuse, re\u00e7ut l\u2019autorisation de b\u00e2tir un temple. Le premier lieu de culte,\",\"breadcrumb\":{\"@id\":\"https:\\\/\\\/www.eren.ch\\\/barc\\\/batiments\\\/temple-de-rochefort\\\/#breadcrumb\"},\"inLanguage\":\"fr-FR\",\"potentialAction\":[{\"@type\":\"ReadAction\",\"target\":[\"https:\\\/\\\/www.eren.ch\\\/barc\\\/batiments\\\/temple-de-rochefort\\\/\"]}]},{\"@type\":\"ImageObject\",\"inLanguage\":\"fr-FR\",\"@id\":\"https:\\\/\\\/www.eren.ch\\\/barc\\\/batiments\\\/temple-de-rochefort\\\/#primaryimage\",\"url\":\"https:\\\/\\\/www.eren.ch\\\/barc\\\/wp-content\\\/uploads\\\/sites\\\/4\\\/2018\\\/03\\\/DSCF3688-DSCF3694.jpg\",\"contentUrl\":\"https:\\\/\\\/www.eren.ch\\\/barc\\\/wp-content\\\/uploads\\\/sites\\\/4\\\/2018\\\/03\\\/DSCF3688-DSCF3694.jpg\",\"width\":2000,\"height\":725},{\"@type\":\"BreadcrumbList\",\"@id\":\"https:\\\/\\\/www.eren.ch\\\/barc\\\/batiments\\\/temple-de-rochefort\\\/#breadcrumb\",\"itemListElement\":[{\"@type\":\"ListItem\",\"position\":1,\"name\":\"Accueil\",\"item\":\"https:\\\/\\\/www.eren.ch\\\/barc\\\/\"},{\"@type\":\"ListItem\",\"position\":2,\"name\":\"B\u00e2timents\",\"item\":\"https:\\\/\\\/www.eren.ch\\\/barc\\\/batiments\\\/\"},{\"@type\":\"ListItem\",\"position\":3,\"name\":\"Temple de Rochefort\"}]},{\"@type\":\"WebSite\",\"@id\":\"https:\\\/\\\/www.eren.ch\\\/barc\\\/#website\",\"url\":\"https:\\\/\\\/www.eren.ch\\\/barc\\\/\",\"name\":\"Paroisse r\u00e9form\u00e9e de La BARC\",\"description\":\"B\u00f4le - Auvernier - Rochefort - Colombier\",\"publisher\":{\"@id\":\"https:\\\/\\\/www.eren.ch\\\/barc\\\/#organization\"},\"potentialAction\":[{\"@type\":\"SearchAction\",\"target\":{\"@type\":\"EntryPoint\",\"urlTemplate\":\"https:\\\/\\\/www.eren.ch\\\/barc\\\/?s={search_term_string}\"},\"query-input\":{\"@type\":\"PropertyValueSpecification\",\"valueRequired\":true,\"valueName\":\"search_term_string\"}}],\"inLanguage\":\"fr-FR\"},{\"@type\":\"Organization\",\"@id\":\"https:\\\/\\\/www.eren.ch\\\/barc\\\/#organization\",\"name\":\"Paroisse de La BARC\",\"url\":\"https:\\\/\\\/www.eren.ch\\\/barc\\\/\",\"logo\":{\"@type\":\"ImageObject\",\"inLanguage\":\"fr-FR\",\"@id\":\"https:\\\/\\\/www.eren.ch\\\/barc\\\/#\\\/schema\\\/logo\\\/image\\\/\",\"url\":\"https:\\\/\\\/www.eren.ch\\\/barc\\\/wp-content\\\/uploads\\\/sites\\\/4\\\/2020\\\/12\\\/logo-barc.png\",\"contentUrl\":\"https:\\\/\\\/www.eren.ch\\\/barc\\\/wp-content\\\/uploads\\\/sites\\\/4\\\/2020\\\/12\\\/logo-barc.png\",\"width\":240,\"height\":117,\"caption\":\"Paroisse de La BARC\"},\"image\":{\"@id\":\"https:\\\/\\\/www.eren.ch\\\/barc\\\/#\\\/schema\\\/logo\\\/image\\\/\"},\"sameAs\":[\"https:\\\/\\\/www.facebook.com\\\/eglise.EREN\",\"https:\\\/\\\/x.com\\\/egliseeren\",\"https:\\\/\\\/fr.wikipedia.org\\\/wiki\\\/\u00c9glise_r\u00e9form\u00e9e_\u00e9vang\u00e9lique_du_canton_de_Neuch\u00e2tel\"]}]}<\/script>\n<!-- \/ Yoast SEO Premium plugin. -->","yoast_head_json":{"title":"Temple de Rochefort","description":"En 1628, la commune de Rochefort, faisant partie alors de la paroisse de Pontareuse, re\u00e7ut l\u2019autorisation de b\u00e2tir un temple. Le premier lieu de culte,","robots":{"index":"index","follow":"follow","max-snippet":"max-snippet:-1","max-image-preview":"max-image-preview:large","max-video-preview":"max-video-preview:-1"},"canonical":"https:\/\/www.eren.ch\/barc\/batiments\/temple-de-rochefort\/","og_locale":"fr_FR","og_type":"article","og_title":"Temple de Rochefort","og_description":"En 1628, la commune de Rochefort, faisant partie alors de la paroisse de Pontareuse, re\u00e7ut l\u2019autorisation de b\u00e2tir un temple. Le premier lieu de culte,","og_url":"https:\/\/www.eren.ch\/barc\/batiments\/temple-de-rochefort\/","og_site_name":"Paroisse r\u00e9form\u00e9e de La BARC","article_publisher":"https:\/\/www.facebook.com\/eglise.EREN","article_modified_time":"2020-11-15T16:55:53+00:00","og_image":[{"url":"https:\/\/www.eren.ch\/barc\/wp-content\/uploads\/sites\/4\/2018\/03\/DSCF3688-DSCF3694-1024x371.jpg","type":"","width":"","height":""}],"twitter_card":"summary_large_image","twitter_site":"@egliseeren","twitter_misc":{"Dur\u00e9e de lecture estim\u00e9e":"1 minute"},"schema":{"@context":"https:\/\/schema.org","@graph":[{"@type":["WebPage","RealEstateListing"],"@id":"https:\/\/www.eren.ch\/barc\/batiments\/temple-de-rochefort\/","url":"https:\/\/www.eren.ch\/barc\/batiments\/temple-de-rochefort\/","name":"Temple de Rochefort","isPartOf":{"@id":"https:\/\/www.eren.ch\/barc\/#website"},"primaryImageOfPage":{"@id":"https:\/\/www.eren.ch\/barc\/batiments\/temple-de-rochefort\/#primaryimage"},"image":{"@id":"https:\/\/www.eren.ch\/barc\/batiments\/temple-de-rochefort\/#primaryimage"},"thumbnailUrl":"https:\/\/www.eren.ch\/barc\/wp-content\/uploads\/sites\/4\/2018\/03\/DSCF3688-DSCF3694-1024x371.jpg","datePublished":"2016-05-12T18:29:57+00:00","dateModified":"2020-11-15T16:55:53+00:00","description":"En 1628, la commune de Rochefort, faisant partie alors de la paroisse de Pontareuse, re\u00e7ut l\u2019autorisation de b\u00e2tir un temple. Le premier lieu de culte,","breadcrumb":{"@id":"https:\/\/www.eren.ch\/barc\/batiments\/temple-de-rochefort\/#breadcrumb"},"inLanguage":"fr-FR","potentialAction":[{"@type":"ReadAction","target":["https:\/\/www.eren.ch\/barc\/batiments\/temple-de-rochefort\/"]}]},{"@type":"ImageObject","inLanguage":"fr-FR","@id":"https:\/\/www.eren.ch\/barc\/batiments\/temple-de-rochefort\/#primaryimage","url":"https:\/\/www.eren.ch\/barc\/wp-content\/uploads\/sites\/4\/2018\/03\/DSCF3688-DSCF3694.jpg","contentUrl":"https:\/\/www.eren.ch\/barc\/wp-content\/uploads\/sites\/4\/2018\/03\/DSCF3688-DSCF3694.jpg","width":2000,"height":725},{"@type":"BreadcrumbList","@id":"https:\/\/www.eren.ch\/barc\/batiments\/temple-de-rochefort\/#breadcrumb","itemListElement":[{"@type":"ListItem","position":1,"name":"Accueil","item":"https:\/\/www.eren.ch\/barc\/"},{"@type":"ListItem","position":2,"name":"B\u00e2timents","item":"https:\/\/www.eren.ch\/barc\/batiments\/"},{"@type":"ListItem","position":3,"name":"Temple de Rochefort"}]},{"@type":"WebSite","@id":"https:\/\/www.eren.ch\/barc\/#website","url":"https:\/\/www.eren.ch\/barc\/","name":"Paroisse r\u00e9form\u00e9e de La BARC","description":"B\u00f4le - Auvernier - Rochefort - Colombier","publisher":{"@id":"https:\/\/www.eren.ch\/barc\/#organization"},"potentialAction":[{"@type":"SearchAction","target":{"@type":"EntryPoint","urlTemplate":"https:\/\/www.eren.ch\/barc\/?s={search_term_string}"},"query-input":{"@type":"PropertyValueSpecification","valueRequired":true,"valueName":"search_term_string"}}],"inLanguage":"fr-FR"},{"@type":"Organization","@id":"https:\/\/www.eren.ch\/barc\/#organization","name":"Paroisse de La BARC","url":"https:\/\/www.eren.ch\/barc\/","logo":{"@type":"ImageObject","inLanguage":"fr-FR","@id":"https:\/\/www.eren.ch\/barc\/#\/schema\/logo\/image\/","url":"https:\/\/www.eren.ch\/barc\/wp-content\/uploads\/sites\/4\/2020\/12\/logo-barc.png","contentUrl":"https:\/\/www.eren.ch\/barc\/wp-content\/uploads\/sites\/4\/2020\/12\/logo-barc.png","width":240,"height":117,"caption":"Paroisse de La BARC"},"image":{"@id":"https:\/\/www.eren.ch\/barc\/#\/schema\/logo\/image\/"},"sameAs":["https:\/\/www.facebook.com\/eglise.EREN","https:\/\/x.com\/egliseeren","https:\/\/fr.wikipedia.org\/wiki\/\u00c9glise_r\u00e9form\u00e9e_\u00e9vang\u00e9lique_du_canton_de_Neuch\u00e2tel"]}]}},"_links":{"self":[{"href":"https:\/\/www.eren.ch\/barc\/wp-json\/wp\/v2\/pages\/49","targetHints":{"allow":["GET"]}}],"collection":[{"href":"https:\/\/www.eren.ch\/barc\/wp-json\/wp\/v2\/pages"}],"about":[{"href":"https:\/\/www.eren.ch\/barc\/wp-json\/wp\/v2\/types\/page"}],"author":[{"embeddable":true,"href":"https:\/\/www.eren.ch\/barc\/wp-json\/wp\/v2\/users\/1"}],"replies":[{"embeddable":true,"href":"https:\/\/www.eren.ch\/barc\/wp-json\/wp\/v2\/comments?post=49"}],"version-history":[{"count":4,"href":"https:\/\/www.eren.ch\/barc\/wp-json\/wp\/v2\/pages\/49\/revisions"}],"predecessor-version":[{"id":2351,"href":"https:\/\/www.eren.ch\/barc\/wp-json\/wp\/v2\/pages\/49\/revisions\/2351"}],"up":[{"embeddable":true,"href":"https:\/\/www.eren.ch\/barc\/wp-json\/wp\/v2\/pages\/17"}],"wp:attachment":[{"href":"https:\/\/www.eren.ch\/barc\/wp-json\/wp\/v2\/media?parent=49"}],"curies":[{"name":"wp","href":"https:\/\/api.w.org\/{rel}","templated":true}]}}