{"id":173,"date":"2022-09-28T09:47:44","date_gmt":"2022-09-28T07:47:44","guid":{"rendered":"https:\/\/www.eren.ch\/cdf\/?page_id=173"},"modified":"2022-11-26T21:50:50","modified_gmt":"2022-11-26T20:50:50","slug":"nous-soutenir","status":"publish","type":"page","link":"https:\/\/www.eren.ch\/cdf\/nous-soutenir\/","title":{"rendered":"Nous soutenir"},"content":{"rendered":"\n<p>La Paroisse La Chaux-de-Fonds doit assurer le financement de:<\/p>\n\n\n\n<ul class=\"wp-block-list\">\n<li>ses frais de culte<\/li>\n\n\n\n<li>ses formations destin\u00e9es \u00e0 la jeunesse<\/li>\n\n\n\n<li>ses diff\u00e9rentes manifestations<\/li>\n\n\n\n<li>ses frais administratifs et de fonctionnement<\/li>\n\n\n\n<li>ainsi que l&rsquo;entretien de plusieurs temples dont elle est propri\u00e9taire<\/li>\n<\/ul>\n\n\n\n<p>C&rsquo;est gr\u00e2ce \u00e0 votre g\u00e9n\u00e9rosit\u00e9 qu&rsquo;elle peut proposer des activit\u00e9s communautaires, des c\u00e9l\u00e9brations, de l&rsquo;entraide et de la cat\u00e9ch\u00e8se sur son territoire.<\/p>\n\n\n\n<p>Pour soutenir la Paroisse La Chaux-de-Fonds:<\/p>\n\n\n\n<ul class=\"wp-block-list\">\n<li>IBAN: CH23 0900 0000 2300 0758 7<\/li>\n\n\n\n<li>CCP: 23-758-7<\/li>\n<\/ul>\n\n\n\n<figure class=\"wp-block-image size-large\"><a href=\"https:\/\/www.eren.ch\/cdf\/wp-content\/uploads\/sites\/16\/2022\/11\/bulletin-versement-qr.png\"><img loading=\"lazy\" decoding=\"async\" width=\"1024\" height=\"498\" src=\"https:\/\/www.eren.ch\/cdf\/wp-content\/uploads\/sites\/16\/2022\/11\/bulletin-versement-qr-1024x498.png\" alt=\"\" class=\"wp-image-273\" srcset=\"https:\/\/www.eren.ch\/cdf\/wp-content\/uploads\/sites\/16\/2022\/11\/bulletin-versement-qr-1024x498.png 1024w, https:\/\/www.eren.ch\/cdf\/wp-content\/uploads\/sites\/16\/2022\/11\/bulletin-versement-qr-300x146.png 300w, https:\/\/www.eren.ch\/cdf\/wp-content\/uploads\/sites\/16\/2022\/11\/bulletin-versement-qr-768x374.png 768w, https:\/\/www.eren.ch\/cdf\/wp-content\/uploads\/sites\/16\/2022\/11\/bulletin-versement-qr-1536x747.png 1536w, https:\/\/www.eren.ch\/cdf\/wp-content\/uploads\/sites\/16\/2022\/11\/bulletin-versement-qr-1200x584.png 1200w, https:\/\/www.eren.ch\/cdf\/wp-content\/uploads\/sites\/16\/2022\/11\/bulletin-versement-qr.png 1992w\" sizes=\"auto, (max-width: 709px) 85vw, (max-width: 909px) 67vw, (max-width: 1362px) 62vw, 840px\" \/><\/a><\/figure>\n\n\n\n<p>Merci pour votre don r\u00e9gulier ou ponctuel, votre offrande lors d&rsquo;une collecte, votre legs, etc.<\/p>\n\n\n\n<p><strong>Remarque<\/strong>. Les salaires de nos ministres sont pay\u00e9s par la contribution eccl\u00e9siastique. Merci de vous acquitter de votre contribution!<\/p>\n\n\n\n<figure class=\"wp-block-image size-large\"><img loading=\"lazy\" decoding=\"async\" width=\"1024\" height=\"683\" src=\"https:\/\/www.eren.ch\/cdf\/wp-content\/uploads\/sites\/16\/2022\/11\/cat-g5e8b60171_1920-1024x683.jpg\" alt=\"\" class=\"wp-image-269\" srcset=\"https:\/\/www.eren.ch\/cdf\/wp-content\/uploads\/sites\/16\/2022\/11\/cat-g5e8b60171_1920-1024x683.jpg 1024w, https:\/\/www.eren.ch\/cdf\/wp-content\/uploads\/sites\/16\/2022\/11\/cat-g5e8b60171_1920-300x200.jpg 300w, https:\/\/www.eren.ch\/cdf\/wp-content\/uploads\/sites\/16\/2022\/11\/cat-g5e8b60171_1920-768x512.jpg 768w, https:\/\/www.eren.ch\/cdf\/wp-content\/uploads\/sites\/16\/2022\/11\/cat-g5e8b60171_1920-1536x1024.jpg 1536w, https:\/\/www.eren.ch\/cdf\/wp-content\/uploads\/sites\/16\/2022\/11\/cat-g5e8b60171_1920-1200x800.jpg 1200w, https:\/\/www.eren.ch\/cdf\/wp-content\/uploads\/sites\/16\/2022\/11\/cat-g5e8b60171_1920.jpg 1920w\" sizes=\"auto, (max-width: 709px) 85vw, (max-width: 909px) 67vw, (max-width: 1362px) 62vw, 840px\" \/><\/figure>\n","protected":false},"excerpt":{"rendered":"<p>La Paroisse La Chaux-de-Fonds doit assurer le financement de: C&rsquo;est gr\u00e2ce \u00e0 votre g\u00e9n\u00e9rosit\u00e9 qu&rsquo;elle peut proposer des activit\u00e9s communautaires, des c\u00e9l\u00e9brations, de l&rsquo;entraide et de la cat\u00e9ch\u00e8se sur son territoire. Pour soutenir la Paroisse La Chaux-de-Fonds: Merci pour votre don r\u00e9gulier ou ponctuel, votre offrande lors d&rsquo;une collecte, votre legs, etc. Remarque. Les salaires &hellip; <a href=\"https:\/\/www.eren.ch\/cdf\/nous-soutenir\/\" class=\"more-link\">Continuer la lecture<span class=\"screen-reader-text\"> de &laquo;&nbsp;Nous soutenir&nbsp;&raquo;<\/span><\/a><\/p>\n","protected":false},"author":1,"featured_media":0,"parent":0,"menu_order":100,"comment_status":"closed","ping_status":"closed","template":"","meta":{"footnotes":""},"class_list":["post-173","page","type-page","status-publish","hentry"],"yoast_head":"<!-- This site is optimized with the Yoast SEO Premium plugin v27.6 (Yoast SEO v27.6) - https:\/\/yoast.com\/product\/yoast-seo-premium-wordpress\/ -->\n<title>Nous soutenir - Paroisse La Chaux-de-Fonds<\/title>\n<meta name=\"robots\" content=\"index, follow, max-snippet:-1, max-image-preview:large, max-video-preview:-1\" \/>\n<link rel=\"canonical\" href=\"https:\/\/www.eren.ch\/cdf\/nous-soutenir\/\" \/>\n<meta property=\"og:locale\" content=\"fr_FR\" \/>\n<meta property=\"og:type\" content=\"article\" \/>\n<meta property=\"og:title\" content=\"Nous soutenir\" \/>\n<meta property=\"og:description\" content=\"La Paroisse La Chaux-de-Fonds doit assurer le financement de: C&rsquo;est gr\u00e2ce \u00e0 votre g\u00e9n\u00e9rosit\u00e9 qu&rsquo;elle peut proposer des activit\u00e9s communautaires, des c\u00e9l\u00e9brations, de l&rsquo;entraide et de la cat\u00e9ch\u00e8se sur son territoire. Pour soutenir la Paroisse La Chaux-de-Fonds: Merci pour votre don r\u00e9gulier ou ponctuel, votre offrande lors d&rsquo;une collecte, votre legs, etc. Remarque. Les salaires &hellip; Continuer la lecture de &laquo;&nbsp;Nous soutenir&nbsp;&raquo;\" \/>\n<meta property=\"og:url\" content=\"https:\/\/www.eren.ch\/cdf\/nous-soutenir\/\" \/>\n<meta property=\"og:site_name\" content=\"Paroisse La Chaux-de-Fonds\" \/>\n<meta property=\"article:modified_time\" content=\"2022-11-26T20:50:50+00:00\" \/>\n<meta property=\"og:image\" content=\"https:\/\/www.eren.ch\/cdf\/wp-content\/uploads\/sites\/16\/2022\/11\/bulletin-versement-qr-1024x498.png\" \/>\n<meta name=\"twitter:card\" content=\"summary_large_image\" \/>\n<meta name=\"twitter:label1\" content=\"Dur\u00e9e de lecture estim\u00e9e\" \/>\n\t<meta name=\"twitter:data1\" content=\"1 minute\" \/>\n<script type=\"application\/ld+json\" class=\"yoast-schema-graph\">{\"@context\":\"https:\\\/\\\/schema.org\",\"@graph\":[{\"@type\":\"WebPage\",\"@id\":\"https:\\\/\\\/www.eren.ch\\\/cdf\\\/nous-soutenir\\\/\",\"url\":\"https:\\\/\\\/www.eren.ch\\\/cdf\\\/nous-soutenir\\\/\",\"name\":\"Nous soutenir - Paroisse La Chaux-de-Fonds\",\"isPartOf\":{\"@id\":\"https:\\\/\\\/www.eren.ch\\\/cdf\\\/#website\"},\"primaryImageOfPage\":{\"@id\":\"https:\\\/\\\/www.eren.ch\\\/cdf\\\/nous-soutenir\\\/#primaryimage\"},\"image\":{\"@id\":\"https:\\\/\\\/www.eren.ch\\\/cdf\\\/nous-soutenir\\\/#primaryimage\"},\"thumbnailUrl\":\"https:\\\/\\\/www.eren.ch\\\/cdf\\\/wp-content\\\/uploads\\\/sites\\\/16\\\/2022\\\/11\\\/bulletin-versement-qr-1024x498.png\",\"datePublished\":\"2022-09-28T07:47:44+00:00\",\"dateModified\":\"2022-11-26T20:50:50+00:00\",\"breadcrumb\":{\"@id\":\"https:\\\/\\\/www.eren.ch\\\/cdf\\\/nous-soutenir\\\/#breadcrumb\"},\"inLanguage\":\"fr-FR\",\"potentialAction\":[{\"@type\":\"ReadAction\",\"target\":[\"https:\\\/\\\/www.eren.ch\\\/cdf\\\/nous-soutenir\\\/\"]}]},{\"@type\":\"ImageObject\",\"inLanguage\":\"fr-FR\",\"@id\":\"https:\\\/\\\/www.eren.ch\\\/cdf\\\/nous-soutenir\\\/#primaryimage\",\"url\":\"https:\\\/\\\/www.eren.ch\\\/cdf\\\/wp-content\\\/uploads\\\/sites\\\/16\\\/2022\\\/11\\\/bulletin-versement-qr.png\",\"contentUrl\":\"https:\\\/\\\/www.eren.ch\\\/cdf\\\/wp-content\\\/uploads\\\/sites\\\/16\\\/2022\\\/11\\\/bulletin-versement-qr.png\",\"width\":1992,\"height\":969},{\"@type\":\"BreadcrumbList\",\"@id\":\"https:\\\/\\\/www.eren.ch\\\/cdf\\\/nous-soutenir\\\/#breadcrumb\",\"itemListElement\":[{\"@type\":\"ListItem\",\"position\":1,\"name\":\"Accueil\",\"item\":\"https:\\\/\\\/www.eren.ch\\\/cdf\\\/\"},{\"@type\":\"ListItem\",\"position\":2,\"name\":\"Nous soutenir\"}]},{\"@type\":\"WebSite\",\"@id\":\"https:\\\/\\\/www.eren.ch\\\/cdf\\\/#website\",\"url\":\"https:\\\/\\\/www.eren.ch\\\/cdf\\\/\",\"name\":\"Paroisse La Chaux-de-Fonds\",\"description\":\"Un site utilisant EREN\",\"publisher\":{\"@id\":\"https:\\\/\\\/www.eren.ch\\\/cdf\\\/#organization\"},\"potentialAction\":[{\"@type\":\"SearchAction\",\"target\":{\"@type\":\"EntryPoint\",\"urlTemplate\":\"https:\\\/\\\/www.eren.ch\\\/cdf\\\/?s={search_term_string}\"},\"query-input\":{\"@type\":\"PropertyValueSpecification\",\"valueRequired\":true,\"valueName\":\"search_term_string\"}}],\"inLanguage\":\"fr-FR\"},{\"@type\":\"Organization\",\"@id\":\"https:\\\/\\\/www.eren.ch\\\/cdf\\\/#organization\",\"name\":\"Paroisse La Chaux-de-Fonds\",\"url\":\"https:\\\/\\\/www.eren.ch\\\/cdf\\\/\",\"logo\":{\"@type\":\"ImageObject\",\"inLanguage\":\"fr-FR\",\"@id\":\"https:\\\/\\\/www.eren.ch\\\/cdf\\\/#\\\/schema\\\/logo\\\/image\\\/\",\"url\":\"https:\\\/\\\/www.eren.ch\\\/cdf\\\/wp-content\\\/uploads\\\/sites\\\/16\\\/2022\\\/03\\\/logo-cdf-1-1.png\",\"contentUrl\":\"https:\\\/\\\/www.eren.ch\\\/cdf\\\/wp-content\\\/uploads\\\/sites\\\/16\\\/2022\\\/03\\\/logo-cdf-1-1.png\",\"width\":169,\"height\":117,\"caption\":\"Paroisse La Chaux-de-Fonds\"},\"image\":{\"@id\":\"https:\\\/\\\/www.eren.ch\\\/cdf\\\/#\\\/schema\\\/logo\\\/image\\\/\"}}]}<\/script>\n<!-- \/ Yoast SEO Premium plugin. -->","yoast_head_json":{"title":"Nous soutenir - Paroisse La Chaux-de-Fonds","robots":{"index":"index","follow":"follow","max-snippet":"max-snippet:-1","max-image-preview":"max-image-preview:large","max-video-preview":"max-video-preview:-1"},"canonical":"https:\/\/www.eren.ch\/cdf\/nous-soutenir\/","og_locale":"fr_FR","og_type":"article","og_title":"Nous soutenir","og_description":"La Paroisse La Chaux-de-Fonds doit assurer le financement de: C&rsquo;est gr\u00e2ce \u00e0 votre g\u00e9n\u00e9rosit\u00e9 qu&rsquo;elle peut proposer des activit\u00e9s communautaires, des c\u00e9l\u00e9brations, de l&rsquo;entraide et de la cat\u00e9ch\u00e8se sur son territoire. Pour soutenir la Paroisse La Chaux-de-Fonds: Merci pour votre don r\u00e9gulier ou ponctuel, votre offrande lors d&rsquo;une collecte, votre legs, etc. Remarque. Les salaires &hellip; Continuer la lecture de &laquo;&nbsp;Nous soutenir&nbsp;&raquo;","og_url":"https:\/\/www.eren.ch\/cdf\/nous-soutenir\/","og_site_name":"Paroisse La Chaux-de-Fonds","article_modified_time":"2022-11-26T20:50:50+00:00","og_image":[{"url":"https:\/\/www.eren.ch\/cdf\/wp-content\/uploads\/sites\/16\/2022\/11\/bulletin-versement-qr-1024x498.png","type":"","width":"","height":""}],"twitter_card":"summary_large_image","twitter_misc":{"Dur\u00e9e de lecture estim\u00e9e":"1 minute"},"schema":{"@context":"https:\/\/schema.org","@graph":[{"@type":"WebPage","@id":"https:\/\/www.eren.ch\/cdf\/nous-soutenir\/","url":"https:\/\/www.eren.ch\/cdf\/nous-soutenir\/","name":"Nous soutenir - Paroisse La Chaux-de-Fonds","isPartOf":{"@id":"https:\/\/www.eren.ch\/cdf\/#website"},"primaryImageOfPage":{"@id":"https:\/\/www.eren.ch\/cdf\/nous-soutenir\/#primaryimage"},"image":{"@id":"https:\/\/www.eren.ch\/cdf\/nous-soutenir\/#primaryimage"},"thumbnailUrl":"https:\/\/www.eren.ch\/cdf\/wp-content\/uploads\/sites\/16\/2022\/11\/bulletin-versement-qr-1024x498.png","datePublished":"2022-09-28T07:47:44+00:00","dateModified":"2022-11-26T20:50:50+00:00","breadcrumb":{"@id":"https:\/\/www.eren.ch\/cdf\/nous-soutenir\/#breadcrumb"},"inLanguage":"fr-FR","potentialAction":[{"@type":"ReadAction","target":["https:\/\/www.eren.ch\/cdf\/nous-soutenir\/"]}]},{"@type":"ImageObject","inLanguage":"fr-FR","@id":"https:\/\/www.eren.ch\/cdf\/nous-soutenir\/#primaryimage","url":"https:\/\/www.eren.ch\/cdf\/wp-content\/uploads\/sites\/16\/2022\/11\/bulletin-versement-qr.png","contentUrl":"https:\/\/www.eren.ch\/cdf\/wp-content\/uploads\/sites\/16\/2022\/11\/bulletin-versement-qr.png","width":1992,"height":969},{"@type":"BreadcrumbList","@id":"https:\/\/www.eren.ch\/cdf\/nous-soutenir\/#breadcrumb","itemListElement":[{"@type":"ListItem","position":1,"name":"Accueil","item":"https:\/\/www.eren.ch\/cdf\/"},{"@type":"ListItem","position":2,"name":"Nous soutenir"}]},{"@type":"WebSite","@id":"https:\/\/www.eren.ch\/cdf\/#website","url":"https:\/\/www.eren.ch\/cdf\/","name":"Paroisse La Chaux-de-Fonds","description":"Un site utilisant EREN","publisher":{"@id":"https:\/\/www.eren.ch\/cdf\/#organization"},"potentialAction":[{"@type":"SearchAction","target":{"@type":"EntryPoint","urlTemplate":"https:\/\/www.eren.ch\/cdf\/?s={search_term_string}"},"query-input":{"@type":"PropertyValueSpecification","valueRequired":true,"valueName":"search_term_string"}}],"inLanguage":"fr-FR"},{"@type":"Organization","@id":"https:\/\/www.eren.ch\/cdf\/#organization","name":"Paroisse La Chaux-de-Fonds","url":"https:\/\/www.eren.ch\/cdf\/","logo":{"@type":"ImageObject","inLanguage":"fr-FR","@id":"https:\/\/www.eren.ch\/cdf\/#\/schema\/logo\/image\/","url":"https:\/\/www.eren.ch\/cdf\/wp-content\/uploads\/sites\/16\/2022\/03\/logo-cdf-1-1.png","contentUrl":"https:\/\/www.eren.ch\/cdf\/wp-content\/uploads\/sites\/16\/2022\/03\/logo-cdf-1-1.png","width":169,"height":117,"caption":"Paroisse La Chaux-de-Fonds"},"image":{"@id":"https:\/\/www.eren.ch\/cdf\/#\/schema\/logo\/image\/"}}]}},"_links":{"self":[{"href":"https:\/\/www.eren.ch\/cdf\/wp-json\/wp\/v2\/pages\/173","targetHints":{"allow":["GET"]}}],"collection":[{"href":"https:\/\/www.eren.ch\/cdf\/wp-json\/wp\/v2\/pages"}],"about":[{"href":"https:\/\/www.eren.ch\/cdf\/wp-json\/wp\/v2\/types\/page"}],"author":[{"embeddable":true,"href":"https:\/\/www.eren.ch\/cdf\/wp-json\/wp\/v2\/users\/1"}],"replies":[{"embeddable":true,"href":"https:\/\/www.eren.ch\/cdf\/wp-json\/wp\/v2\/comments?post=173"}],"version-history":[{"count":5,"href":"https:\/\/www.eren.ch\/cdf\/wp-json\/wp\/v2\/pages\/173\/revisions"}],"predecessor-version":[{"id":478,"href":"https:\/\/www.eren.ch\/cdf\/wp-json\/wp\/v2\/pages\/173\/revisions\/478"}],"wp:attachment":[{"href":"https:\/\/www.eren.ch\/cdf\/wp-json\/wp\/v2\/media?parent=173"}],"curies":[{"name":"wp","href":"https:\/\/api.w.org\/{rel}","templated":true}]}}