{"id":175,"date":"2022-09-28T09:48:05","date_gmt":"2022-09-28T07:48:05","guid":{"rendered":"https:\/\/www.eren.ch\/cdf\/?page_id=175"},"modified":"2025-05-08T18:38:45","modified_gmt":"2025-05-08T16:38:45","slug":"documents","status":"publish","type":"page","link":"https:\/\/www.eren.ch\/cdf\/documents\/","title":{"rendered":"Documents"},"content":{"rendered":"\n<h2 class=\"wp-block-heading\" id=\"h-assemblee-de-paroisse\">Assembl\u00e9e de paroisse<\/h2>\n\n\n\n<ul class=\"wp-block-list\">\n<li><a href=\"https:\/\/www.eren.ch\/cdf\/wp-content\/uploads\/sites\/16\/2025\/04\/Rapport_activite_2024_web.pdf\">Rapport d&rsquo;activit\u00e9 2024 (valid\u00e9 le 5 mai 2025)<\/a><\/li>\n\n\n\n<li><a href=\"https:\/\/www.eren.ch\/cdf\/wp-content\/uploads\/sites\/16\/2025\/04\/25-03-08_CptesBilan2024Budget2025.pdf\">Comptes 2024 et budget 2025 (valid\u00e9s le 5 mai 2025)<\/a><\/li>\n\n\n\n<li><a href=\"https:\/\/www.eren.ch\/cdf\/wp-content\/uploads\/sites\/16\/2024\/07\/PV-AG-2024.pdf\">PV Assembl\u00e9e de paroisse du 27 mai 2024 (valid\u00e9 le 5 mai 2025)<\/a><\/li>\n\n\n\n<li><a href=\"https:\/\/www.eren.ch\/cdf\/wp-content\/uploads\/sites\/16\/2024\/05\/24-04-18_Cptes2023_avec_budget_2024.pdf\">Comptes 2023 et budget 2024 (valid\u00e9s le 27 mai 2024)<\/a><\/li>\n\n\n\n<li><a href=\"https:\/\/www.eren.ch\/cdf\/wp-content\/uploads\/sites\/16\/2024\/05\/CDF-Rapport-dactivite-2023-mise-en-page-AB.pdf\">Rapport d&rsquo;activit\u00e9s 2023 (valid\u00e9 le 27 mai 2024)<\/a><\/li>\n\n\n\n<li><a href=\"https:\/\/www.eren.ch\/cdf\/wp-content\/uploads\/sites\/16\/2023\/06\/2023-06-11-PV.pdf\">PV Assembl\u00e9e g\u00e9n\u00e9rale du 11 juin 2023 (valid\u00e9 le 27 mai 2024)<\/a><\/li>\n\n\n\n<li><a href=\"https:\/\/www.eren.ch\/cdf\/wp-content\/uploads\/sites\/16\/2023\/06\/2023-04-25-PV-complet.pdf\">PV Assembl\u00e9e de paroisse du 25 avril 2023 (valid\u00e9 le 27 mai 2024)<\/a><\/li>\n\n\n\n<li><a href=\"https:\/\/www.eren.ch\/cdf\/wp-content\/uploads\/sites\/16\/2023\/04\/Rapport-dactivite-2022-Version-finale-2.pdf\">Rapport d&rsquo;activit\u00e9s 2022 (valid\u00e9 le25 avril 2023)<\/a><\/li>\n\n\n\n<li><a href=\"https:\/\/www.eren.ch\/cdf\/wp-content\/uploads\/sites\/16\/2023\/04\/23-04-11_Bilans-2021-2022.pdf\">Bilans 2021-2022 (valid\u00e9 le 25 avril 2023)<\/a><\/li>\n\n\n\n<li><a href=\"https:\/\/www.eren.ch\/cdf\/wp-content\/uploads\/sites\/16\/2023\/04\/23-03-14_Cptes2022-et_budget_2023.pdf\">Comptes 2022 et budget 2023 (valid\u00e9s le 25 avril 2023)<\/a><\/li>\n\n\n\n<li><a href=\"https:\/\/www.eren.ch\/cdf\/wp-content\/uploads\/sites\/16\/2023\/03\/PV-ass.-extraordinaire-fevrier-2023-pour-envoi.pdf\">PV Assembl\u00e9e extraordinaire du 12 f\u00e9vrier 2023 (valid\u00e9 le 25 avril 2023)<\/a><\/li>\n\n\n\n<li><a href=\"https:\/\/www.eren.ch\/cdf\/wp-content\/uploads\/sites\/16\/2022\/11\/PV-05-05-2022.pdf\">PV Assembl\u00e9e de paroisse du 5 mai 2022 (valid\u00e9 le 25 avril 2023)<\/a><\/li>\n\n\n\n<li><a href=\"https:\/\/www.eren.ch\/cdf\/wp-content\/uploads\/sites\/16\/2022\/11\/PV-15-08-2021.pdf\">PV Assembl\u00e9e extraordinaire du 15 ao\u00fbt 2021 (valid\u00e9 le 5 mai 2022)<\/a><\/li>\n\n\n\n<li><a href=\"https:\/\/www.eren.ch\/cdf\/wp-content\/uploads\/sites\/16\/2022\/11\/21-06-17PV-AGJuin21-def.pdf\">PV Assembl\u00e9e de paroisse du 17 juin 2021 (valid\u00e9 le 5 mai 2022)<\/a><\/li>\n\n\n\n<li><a href=\"https:\/\/www.eren.ch\/cdf\/wp-content\/uploads\/sites\/16\/2022\/11\/20-07-08PV-AssembOrdin.pdf\">PV Assembl\u00e9e de paroisse du 8 juillet 2020 (valid\u00e9 le 17 juin 2021)<\/a><\/li>\n\n\n\n<li><a href=\"https:\/\/www.eren.ch\/cdf\/wp-content\/uploads\/sites\/16\/2022\/11\/21-04-17_Cptes2020_avec_budget_2021.pdf\">Bilans 2020-2021 (valid\u00e9 le 5 mai 2022)<\/a><\/li>\n\n\n\n<li><a href=\"https:\/\/www.eren.ch\/cdf\/wp-content\/uploads\/sites\/16\/2022\/11\/22-04-22_Cptes2021_avec_budget_2022Prov.pdf\">Comptes 2021 et budget 2022 provisoire (valid\u00e9s le 5 mai 2022)<\/a><\/li>\n\n\n\n<li><a href=\"https:\/\/www.eren.ch\/cdf\/wp-content\/uploads\/sites\/16\/2022\/11\/20-12-31-Bilan2020Def.pdf\">Bilans 2019-2020 (valid\u00e9 le 17 juin 2021)<\/a><\/li>\n\n\n\n<li><a href=\"https:\/\/www.eren.ch\/cdf\/wp-content\/uploads\/sites\/16\/2022\/11\/21-04-17_Cptes2020_avec_budget_2021.pdf\">Comptes 2020 et budget 2021 (valid\u00e9s le 17 juin 2021)<\/a><\/li>\n\n\n\n<li><a href=\"https:\/\/www.eren.ch\/cdf\/wp-content\/uploads\/sites\/16\/2022\/11\/CptePP2019Budget_2020Bilan2019-2.pdf\">Comptes 2019 et budget 2020 (valid\u00e9 le 8 juillet 2020)<\/a><\/li>\n\n\n\n<li><a href=\"https:\/\/www.eren.ch\/cdf\/wp-content\/uploads\/sites\/16\/2022\/11\/Rapport-dactivite-2021-de-Jennifer-V1b.pdf\">Rapport d\u2019activit\u00e9s 2021 (valid\u00e9 le 5 mai 2022)<\/a><\/li>\n\n\n\n<li><a href=\"https:\/\/www.eren.ch\/cdf\/wp-content\/uploads\/sites\/16\/2022\/11\/21-05-25RP-ACTIVITES20-Version-finale.pdf\">Rapport d\u2019activit\u00e9s 2020 (valid\u00e9 le 17 juin 2021)<\/a><\/li>\n\n\n\n<li><a href=\"https:\/\/www.eren.ch\/cdf\/wp-content\/uploads\/sites\/16\/2022\/11\/Rapport-activites-2019-1.pdf\">Rapport d\u2019activit\u00e9s 2019 (valid\u00e9 le 8 juillet 2020)<\/a><\/li>\n<\/ul>\n\n\n\n<h2 class=\"wp-block-heading\" id=\"paroisse\">Paroisse<\/h2>\n\n\n\n<ul class=\"wp-block-list\">\n<li><a href=\"https:\/\/www.eren.ch\/cdf\/wp-content\/uploads\/sites\/16\/2022\/11\/Statuts-de-la-paroisse.pdf\">Statuts<\/a><\/li>\n\n\n\n<li><a href=\"https:\/\/www.eren.ch\/cdf\/wp-content\/uploads\/sites\/16\/2023\/04\/Rapport-remuneration-organistes-EREN.pdf\">R\u00e9mun\u00e9ration des organistes et musiciens des c\u00e9r\u00e9monies\u00bb (janvier 2023)&nbsp; <\/a><\/li>\n\n\n\n<li><\/li>\n<\/ul>\n\n\n\n<h2 class=\"wp-block-heading\" id=\"h-eren\">EREN<\/h2>\n\n\n\n<p>Sur le site cantonal de documentation se trouvent, notamment:<\/p>\n\n\n\n<ul class=\"wp-block-list\">\n<li><a href=\"https:\/\/www.eren.ch\/documentation\/legislation\/\">la Constitution et le R\u00e8glement g\u00e9n\u00e9ral<\/a><\/li>\n\n\n\n<li><a href=\"https:\/\/www.eren.ch\/documentation\/synode\/\">les documents du Synode<\/a><\/li>\n\n\n\n<li><a href=\"https:\/\/www.eren.ch\/documentation\/coutumier\/\">le coutumier<\/a><\/li>\n<\/ul>\n\n\n\n<figure class=\"wp-block-image size-large\"><img loading=\"lazy\" decoding=\"async\" width=\"1024\" height=\"678\" src=\"https:\/\/www.eren.ch\/cdf\/wp-content\/uploads\/sites\/16\/2022\/11\/library-gcaaab4b10_1920-1024x678.jpg\" alt=\"\" class=\"wp-image-264\" srcset=\"https:\/\/www.eren.ch\/cdf\/wp-content\/uploads\/sites\/16\/2022\/11\/library-gcaaab4b10_1920-1024x678.jpg 1024w, https:\/\/www.eren.ch\/cdf\/wp-content\/uploads\/sites\/16\/2022\/11\/library-gcaaab4b10_1920-300x199.jpg 300w, https:\/\/www.eren.ch\/cdf\/wp-content\/uploads\/sites\/16\/2022\/11\/library-gcaaab4b10_1920-768x509.jpg 768w, https:\/\/www.eren.ch\/cdf\/wp-content\/uploads\/sites\/16\/2022\/11\/library-gcaaab4b10_1920-1536x1018.jpg 1536w, https:\/\/www.eren.ch\/cdf\/wp-content\/uploads\/sites\/16\/2022\/11\/library-gcaaab4b10_1920-1200x795.jpg 1200w, https:\/\/www.eren.ch\/cdf\/wp-content\/uploads\/sites\/16\/2022\/11\/library-gcaaab4b10_1920.jpg 1920w\" sizes=\"auto, (max-width: 709px) 85vw, (max-width: 909px) 67vw, (max-width: 1362px) 62vw, 840px\" \/><\/figure>\n","protected":false},"excerpt":{"rendered":"<p>Assembl\u00e9e de paroisse Paroisse EREN Sur le site cantonal de documentation se trouvent, notamment:<\/p>\n","protected":false},"author":1,"featured_media":0,"parent":0,"menu_order":90,"comment_status":"closed","ping_status":"closed","template":"","meta":{"footnotes":""},"class_list":["post-175","page","type-page","status-publish","hentry"],"yoast_head":"<!-- This site is optimized with the Yoast SEO Premium plugin v27.4 (Yoast SEO v27.4) - https:\/\/yoast.com\/product\/yoast-seo-premium-wordpress\/ -->\n<title>Documents - Paroisse La Chaux-de-Fonds<\/title>\n<meta name=\"robots\" content=\"index, follow, max-snippet:-1, max-image-preview:large, max-video-preview:-1\" \/>\n<link rel=\"canonical\" href=\"https:\/\/www.eren.ch\/cdf\/documents\/\" \/>\n<meta property=\"og:locale\" content=\"fr_FR\" \/>\n<meta property=\"og:type\" content=\"article\" \/>\n<meta property=\"og:title\" content=\"Documents\" \/>\n<meta property=\"og:description\" content=\"Assembl\u00e9e de paroisse Paroisse EREN Sur le site cantonal de documentation se trouvent, notamment:\" \/>\n<meta property=\"og:url\" content=\"https:\/\/www.eren.ch\/cdf\/documents\/\" \/>\n<meta property=\"og:site_name\" content=\"Paroisse La Chaux-de-Fonds\" \/>\n<meta property=\"article:modified_time\" content=\"2025-05-08T16:38:45+00:00\" \/>\n<meta property=\"og:image\" content=\"https:\/\/www.eren.ch\/cdf\/wp-content\/uploads\/sites\/16\/2022\/11\/library-gcaaab4b10_1920.jpg\" \/>\n\t<meta property=\"og:image:width\" content=\"1920\" \/>\n\t<meta property=\"og:image:height\" content=\"1272\" \/>\n\t<meta property=\"og:image:type\" content=\"image\/jpeg\" \/>\n<meta name=\"twitter:card\" content=\"summary_large_image\" \/>\n<meta name=\"twitter:label1\" content=\"Dur\u00e9e de lecture estim\u00e9e\" \/>\n\t<meta name=\"twitter:data1\" content=\"2 minutes\" \/>\n<script type=\"application\/ld+json\" class=\"yoast-schema-graph\">{\"@context\":\"https:\\\/\\\/schema.org\",\"@graph\":[{\"@type\":\"WebPage\",\"@id\":\"https:\\\/\\\/www.eren.ch\\\/cdf\\\/documents\\\/\",\"url\":\"https:\\\/\\\/www.eren.ch\\\/cdf\\\/documents\\\/\",\"name\":\"Documents - Paroisse La Chaux-de-Fonds\",\"isPartOf\":{\"@id\":\"https:\\\/\\\/www.eren.ch\\\/cdf\\\/#website\"},\"primaryImageOfPage\":{\"@id\":\"https:\\\/\\\/www.eren.ch\\\/cdf\\\/documents\\\/#primaryimage\"},\"image\":{\"@id\":\"https:\\\/\\\/www.eren.ch\\\/cdf\\\/documents\\\/#primaryimage\"},\"thumbnailUrl\":\"https:\\\/\\\/www.eren.ch\\\/cdf\\\/wp-content\\\/uploads\\\/sites\\\/16\\\/2022\\\/11\\\/library-gcaaab4b10_1920-1024x678.jpg\",\"datePublished\":\"2022-09-28T07:48:05+00:00\",\"dateModified\":\"2025-05-08T16:38:45+00:00\",\"breadcrumb\":{\"@id\":\"https:\\\/\\\/www.eren.ch\\\/cdf\\\/documents\\\/#breadcrumb\"},\"inLanguage\":\"fr-FR\",\"potentialAction\":[{\"@type\":\"ReadAction\",\"target\":[\"https:\\\/\\\/www.eren.ch\\\/cdf\\\/documents\\\/\"]}]},{\"@type\":\"ImageObject\",\"inLanguage\":\"fr-FR\",\"@id\":\"https:\\\/\\\/www.eren.ch\\\/cdf\\\/documents\\\/#primaryimage\",\"url\":\"https:\\\/\\\/www.eren.ch\\\/cdf\\\/wp-content\\\/uploads\\\/sites\\\/16\\\/2022\\\/11\\\/library-gcaaab4b10_1920.jpg\",\"contentUrl\":\"https:\\\/\\\/www.eren.ch\\\/cdf\\\/wp-content\\\/uploads\\\/sites\\\/16\\\/2022\\\/11\\\/library-gcaaab4b10_1920.jpg\",\"width\":1920,\"height\":1272},{\"@type\":\"BreadcrumbList\",\"@id\":\"https:\\\/\\\/www.eren.ch\\\/cdf\\\/documents\\\/#breadcrumb\",\"itemListElement\":[{\"@type\":\"ListItem\",\"position\":1,\"name\":\"Accueil\",\"item\":\"https:\\\/\\\/www.eren.ch\\\/cdf\\\/\"},{\"@type\":\"ListItem\",\"position\":2,\"name\":\"Documents\"}]},{\"@type\":\"WebSite\",\"@id\":\"https:\\\/\\\/www.eren.ch\\\/cdf\\\/#website\",\"url\":\"https:\\\/\\\/www.eren.ch\\\/cdf\\\/\",\"name\":\"Paroisse La Chaux-de-Fonds\",\"description\":\"Un site utilisant EREN\",\"publisher\":{\"@id\":\"https:\\\/\\\/www.eren.ch\\\/cdf\\\/#organization\"},\"potentialAction\":[{\"@type\":\"SearchAction\",\"target\":{\"@type\":\"EntryPoint\",\"urlTemplate\":\"https:\\\/\\\/www.eren.ch\\\/cdf\\\/?s={search_term_string}\"},\"query-input\":{\"@type\":\"PropertyValueSpecification\",\"valueRequired\":true,\"valueName\":\"search_term_string\"}}],\"inLanguage\":\"fr-FR\"},{\"@type\":\"Organization\",\"@id\":\"https:\\\/\\\/www.eren.ch\\\/cdf\\\/#organization\",\"name\":\"Paroisse La Chaux-de-Fonds\",\"url\":\"https:\\\/\\\/www.eren.ch\\\/cdf\\\/\",\"logo\":{\"@type\":\"ImageObject\",\"inLanguage\":\"fr-FR\",\"@id\":\"https:\\\/\\\/www.eren.ch\\\/cdf\\\/#\\\/schema\\\/logo\\\/image\\\/\",\"url\":\"https:\\\/\\\/www.eren.ch\\\/cdf\\\/wp-content\\\/uploads\\\/sites\\\/16\\\/2022\\\/03\\\/logo-cdf-1-1.png\",\"contentUrl\":\"https:\\\/\\\/www.eren.ch\\\/cdf\\\/wp-content\\\/uploads\\\/sites\\\/16\\\/2022\\\/03\\\/logo-cdf-1-1.png\",\"width\":169,\"height\":117,\"caption\":\"Paroisse La Chaux-de-Fonds\"},\"image\":{\"@id\":\"https:\\\/\\\/www.eren.ch\\\/cdf\\\/#\\\/schema\\\/logo\\\/image\\\/\"}}]}<\/script>\n<!-- \/ Yoast SEO Premium plugin. -->","yoast_head_json":{"title":"Documents - Paroisse La Chaux-de-Fonds","robots":{"index":"index","follow":"follow","max-snippet":"max-snippet:-1","max-image-preview":"max-image-preview:large","max-video-preview":"max-video-preview:-1"},"canonical":"https:\/\/www.eren.ch\/cdf\/documents\/","og_locale":"fr_FR","og_type":"article","og_title":"Documents","og_description":"Assembl\u00e9e de paroisse Paroisse EREN Sur le site cantonal de documentation se trouvent, notamment:","og_url":"https:\/\/www.eren.ch\/cdf\/documents\/","og_site_name":"Paroisse La Chaux-de-Fonds","article_modified_time":"2025-05-08T16:38:45+00:00","og_image":[{"width":1920,"height":1272,"url":"https:\/\/www.eren.ch\/cdf\/wp-content\/uploads\/sites\/16\/2022\/11\/library-gcaaab4b10_1920.jpg","type":"image\/jpeg"}],"twitter_card":"summary_large_image","twitter_misc":{"Dur\u00e9e de lecture estim\u00e9e":"2 minutes"},"schema":{"@context":"https:\/\/schema.org","@graph":[{"@type":"WebPage","@id":"https:\/\/www.eren.ch\/cdf\/documents\/","url":"https:\/\/www.eren.ch\/cdf\/documents\/","name":"Documents - Paroisse La Chaux-de-Fonds","isPartOf":{"@id":"https:\/\/www.eren.ch\/cdf\/#website"},"primaryImageOfPage":{"@id":"https:\/\/www.eren.ch\/cdf\/documents\/#primaryimage"},"image":{"@id":"https:\/\/www.eren.ch\/cdf\/documents\/#primaryimage"},"thumbnailUrl":"https:\/\/www.eren.ch\/cdf\/wp-content\/uploads\/sites\/16\/2022\/11\/library-gcaaab4b10_1920-1024x678.jpg","datePublished":"2022-09-28T07:48:05+00:00","dateModified":"2025-05-08T16:38:45+00:00","breadcrumb":{"@id":"https:\/\/www.eren.ch\/cdf\/documents\/#breadcrumb"},"inLanguage":"fr-FR","potentialAction":[{"@type":"ReadAction","target":["https:\/\/www.eren.ch\/cdf\/documents\/"]}]},{"@type":"ImageObject","inLanguage":"fr-FR","@id":"https:\/\/www.eren.ch\/cdf\/documents\/#primaryimage","url":"https:\/\/www.eren.ch\/cdf\/wp-content\/uploads\/sites\/16\/2022\/11\/library-gcaaab4b10_1920.jpg","contentUrl":"https:\/\/www.eren.ch\/cdf\/wp-content\/uploads\/sites\/16\/2022\/11\/library-gcaaab4b10_1920.jpg","width":1920,"height":1272},{"@type":"BreadcrumbList","@id":"https:\/\/www.eren.ch\/cdf\/documents\/#breadcrumb","itemListElement":[{"@type":"ListItem","position":1,"name":"Accueil","item":"https:\/\/www.eren.ch\/cdf\/"},{"@type":"ListItem","position":2,"name":"Documents"}]},{"@type":"WebSite","@id":"https:\/\/www.eren.ch\/cdf\/#website","url":"https:\/\/www.eren.ch\/cdf\/","name":"Paroisse La Chaux-de-Fonds","description":"Un site utilisant EREN","publisher":{"@id":"https:\/\/www.eren.ch\/cdf\/#organization"},"potentialAction":[{"@type":"SearchAction","target":{"@type":"EntryPoint","urlTemplate":"https:\/\/www.eren.ch\/cdf\/?s={search_term_string}"},"query-input":{"@type":"PropertyValueSpecification","valueRequired":true,"valueName":"search_term_string"}}],"inLanguage":"fr-FR"},{"@type":"Organization","@id":"https:\/\/www.eren.ch\/cdf\/#organization","name":"Paroisse La Chaux-de-Fonds","url":"https:\/\/www.eren.ch\/cdf\/","logo":{"@type":"ImageObject","inLanguage":"fr-FR","@id":"https:\/\/www.eren.ch\/cdf\/#\/schema\/logo\/image\/","url":"https:\/\/www.eren.ch\/cdf\/wp-content\/uploads\/sites\/16\/2022\/03\/logo-cdf-1-1.png","contentUrl":"https:\/\/www.eren.ch\/cdf\/wp-content\/uploads\/sites\/16\/2022\/03\/logo-cdf-1-1.png","width":169,"height":117,"caption":"Paroisse La Chaux-de-Fonds"},"image":{"@id":"https:\/\/www.eren.ch\/cdf\/#\/schema\/logo\/image\/"}}]}},"_links":{"self":[{"href":"https:\/\/www.eren.ch\/cdf\/wp-json\/wp\/v2\/pages\/175","targetHints":{"allow":["GET"]}}],"collection":[{"href":"https:\/\/www.eren.ch\/cdf\/wp-json\/wp\/v2\/pages"}],"about":[{"href":"https:\/\/www.eren.ch\/cdf\/wp-json\/wp\/v2\/types\/page"}],"author":[{"embeddable":true,"href":"https:\/\/www.eren.ch\/cdf\/wp-json\/wp\/v2\/users\/1"}],"replies":[{"embeddable":true,"href":"https:\/\/www.eren.ch\/cdf\/wp-json\/wp\/v2\/comments?post=175"}],"version-history":[{"count":13,"href":"https:\/\/www.eren.ch\/cdf\/wp-json\/wp\/v2\/pages\/175\/revisions"}],"predecessor-version":[{"id":1364,"href":"https:\/\/www.eren.ch\/cdf\/wp-json\/wp\/v2\/pages\/175\/revisions\/1364"}],"wp:attachment":[{"href":"https:\/\/www.eren.ch\/cdf\/wp-json\/wp\/v2\/media?parent=175"}],"curies":[{"name":"wp","href":"https:\/\/api.w.org\/{rel}","templated":true}]}}