{"id":25,"date":"2022-03-17T10:57:22","date_gmt":"2022-03-17T09:57:22","guid":{"rendered":"https:\/\/www.eren.ch\/cdf\/activites\/"},"modified":"2023-07-11T17:48:28","modified_gmt":"2023-07-11T15:48:28","slug":"accueil-rencontres","status":"publish","type":"page","link":"https:\/\/www.eren.ch\/cdf\/accueil-rencontres\/","title":{"rendered":"Accueil et rencontres"},"content":{"rendered":"\n<h2 class=\"wp-block-heading\" id=\"h-repas-de-l-amitie\">Repas de l&rsquo;amiti\u00e9<\/h2>\n\n\n\n<h2 class=\"wp-block-heading has-medium-font-size\" id=\"h-bienvenue\"><strong><em>BIENVENUE !&nbsp;<\/em><\/strong><\/h2>\n\n\n\n<p>Les repas ont lieux tous les mercredis sauf avis contraire.&nbsp;<\/p>\n\n\n\n<p>Le repas est servi \u00e0 12h15.&nbsp;<br>Une animation (jeux, table de discussion) est propos\u00e9 habituellement jusqu\u2019\u00e0 15h45.<br>La participation financi\u00e8re est libre. Le prix du repas est estim\u00e9 entre 4 et 8 CHF \u00e0 d\u00e9poser dans la petite bo\u00eete \u00e0 cet effet. Une partie des denr\u00e9es alimentaires sont fournies par l\u2019association \u00ab&nbsp;Partage&nbsp;\u00bb que nous remercions.<\/p>\n\n\n\n<h2 class=\"wp-block-heading has-medium-font-size\" id=\"h-un-repas-participatif\"><strong><em>UN REPAS PARTICIPATIF<\/em><\/strong><\/h2>\n\n\n\n<p>C\u2019est gr\u00e2ce \u00e0 la participation de chacun.e que ces repas ont lieu : aide en cuisine, mise en place de la salle, vaisselle, rangements, etc.&nbsp; <br>Vous \u00eates donc le\/la bienvenu.e d\u00e8s 10h30 pour nous aider.<\/p>\n\n\n\n<h2 class=\"wp-block-heading has-medium-font-size\" id=\"h-les-valeurs-qui-nous-reunissent\"><strong>Les Valeurs qui nous r\u00e9unissent<\/strong><\/h2>\n\n\n\n<p style=\"letter-spacing:em\">Amiti\u00e9, dignit\u00e9, pardon, humour, solidarit\u00e9, respect de l\u2019autre et de la nature, partage, participation, \u00e9coute &amp; amour.<\/p>\n\n\n\n<h2 class=\"wp-block-heading has-medium-font-size\" id=\"h-meditation-et-priere\"><strong><em>M\u00c9DITATION ET PRI\u00c8RE<\/em><\/strong><\/h2>\n\n\n\n<p style=\"letter-spacing:px;line-height:1.5\">Un temps de M\u00e9ditation et Pri\u00e8re \u00e0 lieu tous les mercredis \u00e0 la chapelle au 2e \u00e9tage de la maison de 11h40 \u00e0 12h00.<\/p>\n\n\n\n<p style=\"font-style:normal;font-weight:100;letter-spacing:em;line-height:1.5\">Pour en savoir plus :<\/p>\n\n\n\n<p class=\"has-bright-red-color has-text-color has-small-font-size\">Vid\u00e9o \u00ab\u00a0Tour de table solidaire \u00e0 la Chaux-de-Fonds\u00a0\u00bb :<br><a href=\"https:\/\/www.reformes.ch\/eglises\/2023\/04\/tour-de-table-solidaire-la-chaux-de-fonds-la-lucarne-video-eglises-solidarite-la\">https:\/\/www.reformes.ch\/eglises\/2023\/04\/tour-de-table-solidaire-la-chaux-de-fonds-la-lucarne-video-eglises-solidarite-la<\/a><\/p>\n\n\n\n<p class=\"has-small-font-size\">Des repas conviviaux et participatifs :<br><a href=\"https:\/\/www.reformes.ch\/solidarites\/2022\/06\/partage-autour-de-la-table-la-chaux-de-fonds-journal-reformes-reformes-juin\">https:\/\/www.reformes.ch\/solidarites\/2022\/06\/partage-autour-de-la-table-la-chaux-de-fonds-journal-reformes-reformes-juin<\/a><br>et<br><a href=\"https:\/\/diakonie.ch\/fr\/des-repas-conviviaux-et-participatifs\/\">https:\/\/diakonie.ch\/fr\/des-repas-conviviaux-et-participatifs\/<\/a><\/p>\n\n\n\n<p><strong>Contact: <\/strong><a href=\"https:\/\/www.eren.ch\/cdf\/contacts\/#gael-letare\">Ga\u00ebl Letare<\/a> 079 871 50 30<\/p>\n","protected":false},"excerpt":{"rendered":"<p>Repas de l&rsquo;amiti\u00e9 BIENVENUE !&nbsp; Les repas ont lieux tous les mercredis sauf avis contraire.&nbsp; Le repas est servi \u00e0 12h15.&nbsp;Une animation (jeux, table de discussion) est propos\u00e9 habituellement jusqu\u2019\u00e0 15h45.La participation financi\u00e8re est libre. Le prix du repas est estim\u00e9 entre 4 et 8 CHF \u00e0 d\u00e9poser dans la petite bo\u00eete \u00e0 cet effet. &hellip; <a href=\"https:\/\/www.eren.ch\/cdf\/accueil-rencontres\/\" class=\"more-link\">Continuer la lecture<span class=\"screen-reader-text\"> de &laquo;&nbsp;Accueil et rencontres&nbsp;&raquo;<\/span><\/a><\/p>\n","protected":false},"author":1,"featured_media":0,"parent":0,"menu_order":30,"comment_status":"closed","ping_status":"closed","template":"","meta":{"footnotes":""},"class_list":["post-25","page","type-page","status-publish","hentry"],"yoast_head":"<!-- This site is optimized with the Yoast SEO Premium plugin v27.4 (Yoast SEO v27.4) - https:\/\/yoast.com\/product\/yoast-seo-premium-wordpress\/ -->\n<title>Accueil et rencontres - Paroisse La Chaux-de-Fonds<\/title>\n<meta name=\"robots\" content=\"index, follow, max-snippet:-1, max-image-preview:large, max-video-preview:-1\" \/>\n<link rel=\"canonical\" href=\"https:\/\/www.eren.ch\/cdf\/accueil-rencontres\/\" \/>\n<meta property=\"og:locale\" content=\"fr_FR\" \/>\n<meta property=\"og:type\" content=\"article\" \/>\n<meta property=\"og:title\" content=\"Accueil et rencontres\" \/>\n<meta property=\"og:description\" content=\"Repas de l&rsquo;amiti\u00e9 BIENVENUE !&nbsp; Les repas ont lieux tous les mercredis sauf avis contraire.&nbsp; Le repas est servi \u00e0 12h15.&nbsp;Une animation (jeux, table de discussion) est propos\u00e9 habituellement jusqu\u2019\u00e0 15h45.La participation financi\u00e8re est libre. Le prix du repas est estim\u00e9 entre 4 et 8 CHF \u00e0 d\u00e9poser dans la petite bo\u00eete \u00e0 cet effet. &hellip; Continuer la lecture de &laquo;&nbsp;Accueil et rencontres&nbsp;&raquo;\" \/>\n<meta property=\"og:url\" content=\"https:\/\/www.eren.ch\/cdf\/accueil-rencontres\/\" \/>\n<meta property=\"og:site_name\" content=\"Paroisse La Chaux-de-Fonds\" \/>\n<meta property=\"article:modified_time\" content=\"2023-07-11T15:48:28+00:00\" \/>\n<meta name=\"twitter:card\" content=\"summary_large_image\" \/>\n<meta name=\"twitter:label1\" content=\"Dur\u00e9e de lecture estim\u00e9e\" \/>\n\t<meta name=\"twitter:data1\" content=\"1 minute\" \/>\n<script type=\"application\/ld+json\" class=\"yoast-schema-graph\">{\"@context\":\"https:\\\/\\\/schema.org\",\"@graph\":[{\"@type\":\"WebPage\",\"@id\":\"https:\\\/\\\/www.eren.ch\\\/cdf\\\/accueil-rencontres\\\/\",\"url\":\"https:\\\/\\\/www.eren.ch\\\/cdf\\\/accueil-rencontres\\\/\",\"name\":\"Accueil et rencontres - Paroisse La Chaux-de-Fonds\",\"isPartOf\":{\"@id\":\"https:\\\/\\\/www.eren.ch\\\/cdf\\\/#website\"},\"datePublished\":\"2022-03-17T09:57:22+00:00\",\"dateModified\":\"2023-07-11T15:48:28+00:00\",\"breadcrumb\":{\"@id\":\"https:\\\/\\\/www.eren.ch\\\/cdf\\\/accueil-rencontres\\\/#breadcrumb\"},\"inLanguage\":\"fr-FR\",\"potentialAction\":[{\"@type\":\"ReadAction\",\"target\":[\"https:\\\/\\\/www.eren.ch\\\/cdf\\\/accueil-rencontres\\\/\"]}]},{\"@type\":\"BreadcrumbList\",\"@id\":\"https:\\\/\\\/www.eren.ch\\\/cdf\\\/accueil-rencontres\\\/#breadcrumb\",\"itemListElement\":[{\"@type\":\"ListItem\",\"position\":1,\"name\":\"Accueil\",\"item\":\"https:\\\/\\\/www.eren.ch\\\/cdf\\\/\"},{\"@type\":\"ListItem\",\"position\":2,\"name\":\"Accueil et rencontres\"}]},{\"@type\":\"WebSite\",\"@id\":\"https:\\\/\\\/www.eren.ch\\\/cdf\\\/#website\",\"url\":\"https:\\\/\\\/www.eren.ch\\\/cdf\\\/\",\"name\":\"Paroisse La Chaux-de-Fonds\",\"description\":\"Un site utilisant EREN\",\"publisher\":{\"@id\":\"https:\\\/\\\/www.eren.ch\\\/cdf\\\/#organization\"},\"potentialAction\":[{\"@type\":\"SearchAction\",\"target\":{\"@type\":\"EntryPoint\",\"urlTemplate\":\"https:\\\/\\\/www.eren.ch\\\/cdf\\\/?s={search_term_string}\"},\"query-input\":{\"@type\":\"PropertyValueSpecification\",\"valueRequired\":true,\"valueName\":\"search_term_string\"}}],\"inLanguage\":\"fr-FR\"},{\"@type\":\"Organization\",\"@id\":\"https:\\\/\\\/www.eren.ch\\\/cdf\\\/#organization\",\"name\":\"Paroisse La Chaux-de-Fonds\",\"url\":\"https:\\\/\\\/www.eren.ch\\\/cdf\\\/\",\"logo\":{\"@type\":\"ImageObject\",\"inLanguage\":\"fr-FR\",\"@id\":\"https:\\\/\\\/www.eren.ch\\\/cdf\\\/#\\\/schema\\\/logo\\\/image\\\/\",\"url\":\"https:\\\/\\\/www.eren.ch\\\/cdf\\\/wp-content\\\/uploads\\\/sites\\\/16\\\/2022\\\/03\\\/logo-cdf-1-1.png\",\"contentUrl\":\"https:\\\/\\\/www.eren.ch\\\/cdf\\\/wp-content\\\/uploads\\\/sites\\\/16\\\/2022\\\/03\\\/logo-cdf-1-1.png\",\"width\":169,\"height\":117,\"caption\":\"Paroisse La Chaux-de-Fonds\"},\"image\":{\"@id\":\"https:\\\/\\\/www.eren.ch\\\/cdf\\\/#\\\/schema\\\/logo\\\/image\\\/\"}}]}<\/script>\n<!-- \/ Yoast SEO Premium plugin. -->","yoast_head_json":{"title":"Accueil et rencontres - Paroisse La Chaux-de-Fonds","robots":{"index":"index","follow":"follow","max-snippet":"max-snippet:-1","max-image-preview":"max-image-preview:large","max-video-preview":"max-video-preview:-1"},"canonical":"https:\/\/www.eren.ch\/cdf\/accueil-rencontres\/","og_locale":"fr_FR","og_type":"article","og_title":"Accueil et rencontres","og_description":"Repas de l&rsquo;amiti\u00e9 BIENVENUE !&nbsp; Les repas ont lieux tous les mercredis sauf avis contraire.&nbsp; Le repas est servi \u00e0 12h15.&nbsp;Une animation (jeux, table de discussion) est propos\u00e9 habituellement jusqu\u2019\u00e0 15h45.La participation financi\u00e8re est libre. Le prix du repas est estim\u00e9 entre 4 et 8 CHF \u00e0 d\u00e9poser dans la petite bo\u00eete \u00e0 cet effet. &hellip; Continuer la lecture de &laquo;&nbsp;Accueil et rencontres&nbsp;&raquo;","og_url":"https:\/\/www.eren.ch\/cdf\/accueil-rencontres\/","og_site_name":"Paroisse La Chaux-de-Fonds","article_modified_time":"2023-07-11T15:48:28+00:00","twitter_card":"summary_large_image","twitter_misc":{"Dur\u00e9e de lecture estim\u00e9e":"1 minute"},"schema":{"@context":"https:\/\/schema.org","@graph":[{"@type":"WebPage","@id":"https:\/\/www.eren.ch\/cdf\/accueil-rencontres\/","url":"https:\/\/www.eren.ch\/cdf\/accueil-rencontres\/","name":"Accueil et rencontres - Paroisse La Chaux-de-Fonds","isPartOf":{"@id":"https:\/\/www.eren.ch\/cdf\/#website"},"datePublished":"2022-03-17T09:57:22+00:00","dateModified":"2023-07-11T15:48:28+00:00","breadcrumb":{"@id":"https:\/\/www.eren.ch\/cdf\/accueil-rencontres\/#breadcrumb"},"inLanguage":"fr-FR","potentialAction":[{"@type":"ReadAction","target":["https:\/\/www.eren.ch\/cdf\/accueil-rencontres\/"]}]},{"@type":"BreadcrumbList","@id":"https:\/\/www.eren.ch\/cdf\/accueil-rencontres\/#breadcrumb","itemListElement":[{"@type":"ListItem","position":1,"name":"Accueil","item":"https:\/\/www.eren.ch\/cdf\/"},{"@type":"ListItem","position":2,"name":"Accueil et rencontres"}]},{"@type":"WebSite","@id":"https:\/\/www.eren.ch\/cdf\/#website","url":"https:\/\/www.eren.ch\/cdf\/","name":"Paroisse La Chaux-de-Fonds","description":"Un site utilisant EREN","publisher":{"@id":"https:\/\/www.eren.ch\/cdf\/#organization"},"potentialAction":[{"@type":"SearchAction","target":{"@type":"EntryPoint","urlTemplate":"https:\/\/www.eren.ch\/cdf\/?s={search_term_string}"},"query-input":{"@type":"PropertyValueSpecification","valueRequired":true,"valueName":"search_term_string"}}],"inLanguage":"fr-FR"},{"@type":"Organization","@id":"https:\/\/www.eren.ch\/cdf\/#organization","name":"Paroisse La Chaux-de-Fonds","url":"https:\/\/www.eren.ch\/cdf\/","logo":{"@type":"ImageObject","inLanguage":"fr-FR","@id":"https:\/\/www.eren.ch\/cdf\/#\/schema\/logo\/image\/","url":"https:\/\/www.eren.ch\/cdf\/wp-content\/uploads\/sites\/16\/2022\/03\/logo-cdf-1-1.png","contentUrl":"https:\/\/www.eren.ch\/cdf\/wp-content\/uploads\/sites\/16\/2022\/03\/logo-cdf-1-1.png","width":169,"height":117,"caption":"Paroisse La Chaux-de-Fonds"},"image":{"@id":"https:\/\/www.eren.ch\/cdf\/#\/schema\/logo\/image\/"}}]}},"_links":{"self":[{"href":"https:\/\/www.eren.ch\/cdf\/wp-json\/wp\/v2\/pages\/25","targetHints":{"allow":["GET"]}}],"collection":[{"href":"https:\/\/www.eren.ch\/cdf\/wp-json\/wp\/v2\/pages"}],"about":[{"href":"https:\/\/www.eren.ch\/cdf\/wp-json\/wp\/v2\/types\/page"}],"author":[{"embeddable":true,"href":"https:\/\/www.eren.ch\/cdf\/wp-json\/wp\/v2\/users\/1"}],"replies":[{"embeddable":true,"href":"https:\/\/www.eren.ch\/cdf\/wp-json\/wp\/v2\/comments?post=25"}],"version-history":[{"count":5,"href":"https:\/\/www.eren.ch\/cdf\/wp-json\/wp\/v2\/pages\/25\/revisions"}],"predecessor-version":[{"id":760,"href":"https:\/\/www.eren.ch\/cdf\/wp-json\/wp\/v2\/pages\/25\/revisions\/760"}],"wp:attachment":[{"href":"https:\/\/www.eren.ch\/cdf\/wp-json\/wp\/v2\/media?parent=25"}],"curies":[{"name":"wp","href":"https:\/\/api.w.org\/{rel}","templated":true}]}}