{"id":34,"date":"2022-03-17T10:57:23","date_gmt":"2022-03-17T09:57:23","guid":{"rendered":"https:\/\/www.eren.ch\/cdf\/enfance-et-jeunesse\/"},"modified":"2022-11-23T18:34:32","modified_gmt":"2022-11-23T17:34:32","slug":"enfance-et-jeunesse","status":"publish","type":"page","link":"https:\/\/www.eren.ch\/cdf\/enfance-et-jeunesse\/","title":{"rendered":"Cat\u00e9ch\u00e8se"},"content":{"rendered":"\n<p>La paroisse La Chaux-de-Fonds propose des activit\u00e9s pour tous les \u00e2ges:<\/p>\n\n\n\n<ul class=\"wp-block-list\">\n<li><a href=\"https:\/\/www.eren.ch\/cdf\/enfance-et-jeunesse\/enfance\/\">Enfance<\/a><br>Eveil \u00e0 la foi (2-6 ans)<br>EnQu\u00eate de Dieu (6-11 ans)<br>Cactus (11-13 ans)<\/li>\n\n\n\n<li><a href=\"https:\/\/www.eren.ch\/cdf\/enfance-et-jeunesse\/jeunesse\/\">Jeunesse<\/a><br>Cat\u00e9chisme (14-15 ans) <br>Moniteurs.trices du KT (15 ans et +)<\/li>\n\n\n\n<li><a href=\"https:\/\/www.eren.ch\/cdf\/enfance-et-jeunesse\/presence-a-lecole\/\">Pr\u00e9sence \u00e0 l\u2019\u00e9cole<\/a><br>Pour les 4-7H \u00e0 La Sagne<br>Pour les 9-11H en ACF \u00e0 La Chaux-de-Fonds<\/li>\n<\/ul>\n\n\n\n<h2 class=\"wp-block-heading\" id=\"h-une-question\">Une question? <\/h2>\n\n\n\n<p><strong>Contacts :<\/strong><br><br><a href=\"https:\/\/www.eren.ch\/cdf\/contacts\/#vy-tirman\">Vy Tirman, diacre<\/a><br>pour EnQu\u00eate de Dieu, le KT et les moniteurs.trices, les le\u00e7ons de religion \u00e0 la Sagne<br><br><a href=\"https:\/\/www.eren.ch\/cdf\/contacts\/#francine-cuche-fuchs\">Francine Cuche Fuchs, pasteure<\/a><br>pour l\u2019\u00e9veil \u00e0 la foi, EnQu\u00eate de Dieu, Cactus et l\u2019ACF \u00e0 l\u2019Ecole<\/p>\n","protected":false},"excerpt":{"rendered":"<p>La paroisse La Chaux-de-Fonds propose des activit\u00e9s pour tous les \u00e2ges: Une question? Contacts : Vy Tirman, diacrepour EnQu\u00eate de Dieu, le KT et les moniteurs.trices, les le\u00e7ons de religion \u00e0 la Sagne Francine Cuche Fuchs, pasteurepour l\u2019\u00e9veil \u00e0 la foi, EnQu\u00eate de Dieu, Cactus et l\u2019ACF \u00e0 l\u2019Ecole<\/p>\n","protected":false},"author":1,"featured_media":0,"parent":0,"menu_order":50,"comment_status":"closed","ping_status":"closed","template":"","meta":{"footnotes":""},"class_list":["post-34","page","type-page","status-publish","hentry"],"yoast_head":"<!-- This site is optimized with the Yoast SEO Premium plugin v27.4 (Yoast SEO v27.4) - https:\/\/yoast.com\/product\/yoast-seo-premium-wordpress\/ -->\n<title>Cat\u00e9ch\u00e8se - Paroisse La Chaux-de-Fonds<\/title>\n<meta name=\"robots\" content=\"index, follow, max-snippet:-1, max-image-preview:large, max-video-preview:-1\" \/>\n<link rel=\"canonical\" href=\"https:\/\/www.eren.ch\/cdf\/enfance-et-jeunesse\/\" \/>\n<meta property=\"og:locale\" content=\"fr_FR\" \/>\n<meta property=\"og:type\" content=\"article\" \/>\n<meta property=\"og:title\" content=\"Cat\u00e9ch\u00e8se\" \/>\n<meta property=\"og:description\" content=\"La paroisse La Chaux-de-Fonds propose des activit\u00e9s pour tous les \u00e2ges: Une question? Contacts : Vy Tirman, diacrepour EnQu\u00eate de Dieu, le KT et les moniteurs.trices, les le\u00e7ons de religion \u00e0 la Sagne Francine Cuche Fuchs, pasteurepour l\u2019\u00e9veil \u00e0 la foi, EnQu\u00eate de Dieu, Cactus et l\u2019ACF \u00e0 l\u2019Ecole\" \/>\n<meta property=\"og:url\" content=\"https:\/\/www.eren.ch\/cdf\/enfance-et-jeunesse\/\" \/>\n<meta property=\"og:site_name\" content=\"Paroisse La Chaux-de-Fonds\" \/>\n<meta property=\"article:modified_time\" content=\"2022-11-23T17:34:32+00:00\" \/>\n<meta name=\"twitter:card\" content=\"summary_large_image\" \/>\n<meta name=\"twitter:label1\" content=\"Dur\u00e9e de lecture estim\u00e9e\" \/>\n\t<meta name=\"twitter:data1\" content=\"1 minute\" \/>\n<script type=\"application\/ld+json\" class=\"yoast-schema-graph\">{\"@context\":\"https:\\\/\\\/schema.org\",\"@graph\":[{\"@type\":\"WebPage\",\"@id\":\"https:\\\/\\\/www.eren.ch\\\/cdf\\\/enfance-et-jeunesse\\\/\",\"url\":\"https:\\\/\\\/www.eren.ch\\\/cdf\\\/enfance-et-jeunesse\\\/\",\"name\":\"Cat\u00e9ch\u00e8se - Paroisse La Chaux-de-Fonds\",\"isPartOf\":{\"@id\":\"https:\\\/\\\/www.eren.ch\\\/cdf\\\/#website\"},\"datePublished\":\"2022-03-17T09:57:23+00:00\",\"dateModified\":\"2022-11-23T17:34:32+00:00\",\"breadcrumb\":{\"@id\":\"https:\\\/\\\/www.eren.ch\\\/cdf\\\/enfance-et-jeunesse\\\/#breadcrumb\"},\"inLanguage\":\"fr-FR\",\"potentialAction\":[{\"@type\":\"ReadAction\",\"target\":[\"https:\\\/\\\/www.eren.ch\\\/cdf\\\/enfance-et-jeunesse\\\/\"]}]},{\"@type\":\"BreadcrumbList\",\"@id\":\"https:\\\/\\\/www.eren.ch\\\/cdf\\\/enfance-et-jeunesse\\\/#breadcrumb\",\"itemListElement\":[{\"@type\":\"ListItem\",\"position\":1,\"name\":\"Accueil\",\"item\":\"https:\\\/\\\/www.eren.ch\\\/cdf\\\/\"},{\"@type\":\"ListItem\",\"position\":2,\"name\":\"Cat\u00e9ch\u00e8se\"}]},{\"@type\":\"WebSite\",\"@id\":\"https:\\\/\\\/www.eren.ch\\\/cdf\\\/#website\",\"url\":\"https:\\\/\\\/www.eren.ch\\\/cdf\\\/\",\"name\":\"Paroisse La Chaux-de-Fonds\",\"description\":\"Un site utilisant EREN\",\"publisher\":{\"@id\":\"https:\\\/\\\/www.eren.ch\\\/cdf\\\/#organization\"},\"potentialAction\":[{\"@type\":\"SearchAction\",\"target\":{\"@type\":\"EntryPoint\",\"urlTemplate\":\"https:\\\/\\\/www.eren.ch\\\/cdf\\\/?s={search_term_string}\"},\"query-input\":{\"@type\":\"PropertyValueSpecification\",\"valueRequired\":true,\"valueName\":\"search_term_string\"}}],\"inLanguage\":\"fr-FR\"},{\"@type\":\"Organization\",\"@id\":\"https:\\\/\\\/www.eren.ch\\\/cdf\\\/#organization\",\"name\":\"Paroisse La Chaux-de-Fonds\",\"url\":\"https:\\\/\\\/www.eren.ch\\\/cdf\\\/\",\"logo\":{\"@type\":\"ImageObject\",\"inLanguage\":\"fr-FR\",\"@id\":\"https:\\\/\\\/www.eren.ch\\\/cdf\\\/#\\\/schema\\\/logo\\\/image\\\/\",\"url\":\"https:\\\/\\\/www.eren.ch\\\/cdf\\\/wp-content\\\/uploads\\\/sites\\\/16\\\/2022\\\/03\\\/logo-cdf-1-1.png\",\"contentUrl\":\"https:\\\/\\\/www.eren.ch\\\/cdf\\\/wp-content\\\/uploads\\\/sites\\\/16\\\/2022\\\/03\\\/logo-cdf-1-1.png\",\"width\":169,\"height\":117,\"caption\":\"Paroisse La Chaux-de-Fonds\"},\"image\":{\"@id\":\"https:\\\/\\\/www.eren.ch\\\/cdf\\\/#\\\/schema\\\/logo\\\/image\\\/\"}}]}<\/script>\n<!-- \/ Yoast SEO Premium plugin. -->","yoast_head_json":{"title":"Cat\u00e9ch\u00e8se - Paroisse La Chaux-de-Fonds","robots":{"index":"index","follow":"follow","max-snippet":"max-snippet:-1","max-image-preview":"max-image-preview:large","max-video-preview":"max-video-preview:-1"},"canonical":"https:\/\/www.eren.ch\/cdf\/enfance-et-jeunesse\/","og_locale":"fr_FR","og_type":"article","og_title":"Cat\u00e9ch\u00e8se","og_description":"La paroisse La Chaux-de-Fonds propose des activit\u00e9s pour tous les \u00e2ges: Une question? Contacts : Vy Tirman, diacrepour EnQu\u00eate de Dieu, le KT et les moniteurs.trices, les le\u00e7ons de religion \u00e0 la Sagne Francine Cuche Fuchs, pasteurepour l\u2019\u00e9veil \u00e0 la foi, EnQu\u00eate de Dieu, Cactus et l\u2019ACF \u00e0 l\u2019Ecole","og_url":"https:\/\/www.eren.ch\/cdf\/enfance-et-jeunesse\/","og_site_name":"Paroisse La Chaux-de-Fonds","article_modified_time":"2022-11-23T17:34:32+00:00","twitter_card":"summary_large_image","twitter_misc":{"Dur\u00e9e de lecture estim\u00e9e":"1 minute"},"schema":{"@context":"https:\/\/schema.org","@graph":[{"@type":"WebPage","@id":"https:\/\/www.eren.ch\/cdf\/enfance-et-jeunesse\/","url":"https:\/\/www.eren.ch\/cdf\/enfance-et-jeunesse\/","name":"Cat\u00e9ch\u00e8se - Paroisse La Chaux-de-Fonds","isPartOf":{"@id":"https:\/\/www.eren.ch\/cdf\/#website"},"datePublished":"2022-03-17T09:57:23+00:00","dateModified":"2022-11-23T17:34:32+00:00","breadcrumb":{"@id":"https:\/\/www.eren.ch\/cdf\/enfance-et-jeunesse\/#breadcrumb"},"inLanguage":"fr-FR","potentialAction":[{"@type":"ReadAction","target":["https:\/\/www.eren.ch\/cdf\/enfance-et-jeunesse\/"]}]},{"@type":"BreadcrumbList","@id":"https:\/\/www.eren.ch\/cdf\/enfance-et-jeunesse\/#breadcrumb","itemListElement":[{"@type":"ListItem","position":1,"name":"Accueil","item":"https:\/\/www.eren.ch\/cdf\/"},{"@type":"ListItem","position":2,"name":"Cat\u00e9ch\u00e8se"}]},{"@type":"WebSite","@id":"https:\/\/www.eren.ch\/cdf\/#website","url":"https:\/\/www.eren.ch\/cdf\/","name":"Paroisse La Chaux-de-Fonds","description":"Un site utilisant EREN","publisher":{"@id":"https:\/\/www.eren.ch\/cdf\/#organization"},"potentialAction":[{"@type":"SearchAction","target":{"@type":"EntryPoint","urlTemplate":"https:\/\/www.eren.ch\/cdf\/?s={search_term_string}"},"query-input":{"@type":"PropertyValueSpecification","valueRequired":true,"valueName":"search_term_string"}}],"inLanguage":"fr-FR"},{"@type":"Organization","@id":"https:\/\/www.eren.ch\/cdf\/#organization","name":"Paroisse La Chaux-de-Fonds","url":"https:\/\/www.eren.ch\/cdf\/","logo":{"@type":"ImageObject","inLanguage":"fr-FR","@id":"https:\/\/www.eren.ch\/cdf\/#\/schema\/logo\/image\/","url":"https:\/\/www.eren.ch\/cdf\/wp-content\/uploads\/sites\/16\/2022\/03\/logo-cdf-1-1.png","contentUrl":"https:\/\/www.eren.ch\/cdf\/wp-content\/uploads\/sites\/16\/2022\/03\/logo-cdf-1-1.png","width":169,"height":117,"caption":"Paroisse La Chaux-de-Fonds"},"image":{"@id":"https:\/\/www.eren.ch\/cdf\/#\/schema\/logo\/image\/"}}]}},"_links":{"self":[{"href":"https:\/\/www.eren.ch\/cdf\/wp-json\/wp\/v2\/pages\/34","targetHints":{"allow":["GET"]}}],"collection":[{"href":"https:\/\/www.eren.ch\/cdf\/wp-json\/wp\/v2\/pages"}],"about":[{"href":"https:\/\/www.eren.ch\/cdf\/wp-json\/wp\/v2\/types\/page"}],"author":[{"embeddable":true,"href":"https:\/\/www.eren.ch\/cdf\/wp-json\/wp\/v2\/users\/1"}],"replies":[{"embeddable":true,"href":"https:\/\/www.eren.ch\/cdf\/wp-json\/wp\/v2\/comments?post=34"}],"version-history":[{"count":5,"href":"https:\/\/www.eren.ch\/cdf\/wp-json\/wp\/v2\/pages\/34\/revisions"}],"predecessor-version":[{"id":394,"href":"https:\/\/www.eren.ch\/cdf\/wp-json\/wp\/v2\/pages\/34\/revisions\/394"}],"wp:attachment":[{"href":"https:\/\/www.eren.ch\/cdf\/wp-json\/wp\/v2\/media?parent=34"}],"curies":[{"name":"wp","href":"https:\/\/api.w.org\/{rel}","templated":true}]}}