{"id":115,"date":"2016-04-16T10:35:49","date_gmt":"2016-04-16T08:35:49","guid":{"rendered":"https:\/\/www.eren.ch\/cote\/?page_id=115"},"modified":"2023-08-15T16:11:46","modified_gmt":"2023-08-15T14:11:46","slug":"engagement-oecumenique","status":"publish","type":"page","link":"https:\/\/www.eren.ch\/cote\/engagement-oecumenique\/","title":{"rendered":"Engagements \u0153cum\u00e9niques"},"content":{"rendered":"<p style=\"text-align: left\"><img decoding=\"async\" class=\" wp-image-384 alignright\" src=\"https:\/\/www.eren.ch\/cote\/wp-content\/uploads\/sites\/5\/2016\/04\/235186933_47c54a167a_b-300x300.jpg\" alt=\"235186933_47c54a167a_b\" width=\"163\" height=\"163\" srcset=\"https:\/\/www.eren.ch\/cote\/wp-content\/uploads\/sites\/5\/2016\/04\/235186933_47c54a167a_b-300x300.jpg 300w, https:\/\/www.eren.ch\/cote\/wp-content\/uploads\/sites\/5\/2016\/04\/235186933_47c54a167a_b-150x150.jpg 150w, https:\/\/www.eren.ch\/cote\/wp-content\/uploads\/sites\/5\/2016\/04\/235186933_47c54a167a_b-768x768.jpg 768w, https:\/\/www.eren.ch\/cote\/wp-content\/uploads\/sites\/5\/2016\/04\/235186933_47c54a167a_b.jpg 1024w\" sizes=\"(max-width: 163px) 85vw, 163px\" \/>Notre paroisse a \u00e0 c\u0153ur de collaborer avec les autres Eglises chr\u00e9tiennes pr\u00e9sentes dans nos villages, et de travailler avec elles pour t\u00e9moigner ensemble du Dieu auquel nous croyons.<\/p>\n<p style=\"text-align: left\">Pour notre paroisse, cela s&rsquo;exprime surtout au travers des liens forts et amicaux qui nous unissent \u00e0 la <a href=\"https:\/\/cath-peseux.ch\/\" target=\"_blank\" rel=\"noopener noreferrer\">paroisse catholique romaine de la C\u00f4te &#8211; Peseux<\/a>, l&rsquo;une des communaut\u00e9s les plus importantes de nos villages.<\/p>\n<p>Les ministres de nos deux paroisses, ainsi que plusieurs fid\u00e8les, se retrouvent chaque mardi pour une pri\u00e8re \u0153cum\u00e9nique. Notre paroisse participe \u00e9galement au Conseil chr\u00e9tien qui r\u00e9unit des fid\u00e8les engag\u00e9s dans nos deux communaut\u00e9s et coordonne chaque ann\u00e9e plusieurs \u00e9v\u00e9nements, par exemple :<\/p>\n<ul>\n<li>plusieurs c\u00e9l\u00e9brations communes dont celle de la <a href=\"https:\/\/www.oikoumene.org\/fr\/resources\/week-of-prayer\">semaine de pri\u00e8re pour l&rsquo;unit\u00e9 des chr\u00e9tiens<\/a>,<\/li>\n<li>plusieurs animations dans le cadre de la campagne \u0153cum\u00e9nique de Car\u00eame,<\/li>\n<li>une c\u00e9l\u00e9bration de Chemin de croix \u0153cum\u00e9nique,<\/li>\n<li>des pri\u00e8res \u0153cum\u00e9niques de l&rsquo;Avent,<\/li>\n<li>etc. !<\/li>\n<\/ul>\n<p><em>Quelques photos&#8230;<\/em><\/p>\n<figure id=\"attachment_2883\" aria-describedby=\"caption-attachment-2883\" style=\"width: 840px\" class=\"wp-caption alignnone\"><img decoding=\"async\" class=\"wp-image-2883 size-large\" src=\"https:\/\/www.eren.ch\/cote\/wp-content\/uploads\/sites\/5\/2022\/09\/d40823cc-f9b5-4036-80f4-3518f404a415-1024x1024.jpeg\" alt=\"\" width=\"840\" height=\"840\" srcset=\"https:\/\/www.eren.ch\/cote\/wp-content\/uploads\/sites\/5\/2022\/09\/d40823cc-f9b5-4036-80f4-3518f404a415-1024x1024.jpeg 1024w, https:\/\/www.eren.ch\/cote\/wp-content\/uploads\/sites\/5\/2022\/09\/d40823cc-f9b5-4036-80f4-3518f404a415-300x300.jpeg 300w, https:\/\/www.eren.ch\/cote\/wp-content\/uploads\/sites\/5\/2022\/09\/d40823cc-f9b5-4036-80f4-3518f404a415-150x150.jpeg 150w, https:\/\/www.eren.ch\/cote\/wp-content\/uploads\/sites\/5\/2022\/09\/d40823cc-f9b5-4036-80f4-3518f404a415-768x768.jpeg 768w, https:\/\/www.eren.ch\/cote\/wp-content\/uploads\/sites\/5\/2022\/09\/d40823cc-f9b5-4036-80f4-3518f404a415-1536x1536.jpeg 1536w, https:\/\/www.eren.ch\/cote\/wp-content\/uploads\/sites\/5\/2022\/09\/d40823cc-f9b5-4036-80f4-3518f404a415-1200x1200.jpeg 1200w, https:\/\/www.eren.ch\/cote\/wp-content\/uploads\/sites\/5\/2022\/09\/d40823cc-f9b5-4036-80f4-3518f404a415.jpeg 2000w\" sizes=\"(max-width: 709px) 85vw, (max-width: 909px) 67vw, (max-width: 1362px) 62vw, 840px\" \/><figcaption id=\"caption-attachment-2883\" class=\"wp-caption-text\">C\u00e9l\u00e9bration \u0153cum\u00e9nique du Je\u00fbne f\u00e9d\u00e9ral, \u00e0 l&rsquo;\u00e9glise catholique de Peseux, le 18 septembre 2022. C\u00e9l\u00e9brants : abb\u00e9 Petru Popa, nouveau pr\u00eatre r\u00e9pondant de la paroisse catholique de Peseux, et pasteur Hyonou Paik<\/figcaption><\/figure>\n","protected":false},"excerpt":{"rendered":"<p>Notre paroisse a \u00e0 c\u0153ur de collaborer avec les autres Eglises chr\u00e9tiennes pr\u00e9sentes dans nos villages, et de travailler avec elles pour t\u00e9moigner ensemble du Dieu auquel nous croyons. Pour notre paroisse, cela s&rsquo;exprime surtout au travers des liens forts et amicaux qui nous unissent \u00e0 la paroisse catholique romaine de la C\u00f4te &#8211; Peseux, &hellip; <a href=\"https:\/\/www.eren.ch\/cote\/engagement-oecumenique\/\" class=\"more-link\">Continuer la lecture<span class=\"screen-reader-text\"> de &laquo;&nbsp;Engagements \u0153cum\u00e9niques&nbsp;&raquo;<\/span><\/a><\/p>\n","protected":false},"author":6,"featured_media":0,"parent":0,"menu_order":0,"comment_status":"closed","ping_status":"closed","template":"","meta":{"footnotes":""},"class_list":["post-115","page","type-page","status-publish","hentry"],"yoast_head":"<!-- This site is optimized with the Yoast SEO Premium plugin v27.4 (Yoast SEO v27.4) - https:\/\/yoast.com\/product\/yoast-seo-premium-wordpress\/ -->\n<title>Engagements \u0153cum\u00e9niques - Paroisse de la C\u00f4te<\/title>\n<meta name=\"description\" content=\"Notre paroisse a \u00e0 c\u0153ur de collaborer avec les autres Eglises chr\u00e9tiennes pr\u00e9sentes dans nos villages, et de travailler avec elles pour t\u00e9moigner ensemble\" \/>\n<meta name=\"robots\" content=\"index, follow, max-snippet:-1, max-image-preview:large, max-video-preview:-1\" \/>\n<link rel=\"canonical\" href=\"https:\/\/www.eren.ch\/cote\/engagement-oecumenique\/\" \/>\n<meta property=\"og:locale\" content=\"fr_FR\" \/>\n<meta property=\"og:type\" content=\"article\" \/>\n<meta property=\"og:title\" content=\"Engagements \u0153cum\u00e9niques\" \/>\n<meta property=\"og:description\" content=\"Notre paroisse a \u00e0 c\u0153ur de collaborer avec les autres Eglises chr\u00e9tiennes pr\u00e9sentes dans nos villages, et de travailler avec elles pour t\u00e9moigner ensemble\" \/>\n<meta property=\"og:url\" content=\"https:\/\/www.eren.ch\/cote\/engagement-oecumenique\/\" \/>\n<meta property=\"og:site_name\" content=\"Paroisse de la C\u00f4te\" \/>\n<meta property=\"article:publisher\" content=\"https:\/\/www.facebook.com\/eglise.EREN\" \/>\n<meta property=\"article:modified_time\" content=\"2023-08-15T14:11:46+00:00\" \/>\n<meta property=\"og:image\" content=\"https:\/\/www.eren.ch\/cote\/wp-content\/uploads\/sites\/5\/2016\/04\/235186933_47c54a167a_b-300x300.jpg\" \/>\n<meta name=\"twitter:card\" content=\"summary_large_image\" \/>\n<meta name=\"twitter:site\" content=\"@EgliseEREN\" \/>\n<meta name=\"twitter:label1\" content=\"Dur\u00e9e de lecture estim\u00e9e\" \/>\n\t<meta name=\"twitter:data1\" content=\"2 minutes\" \/>\n<script type=\"application\/ld+json\" class=\"yoast-schema-graph\">{\"@context\":\"https:\\\/\\\/schema.org\",\"@graph\":[{\"@type\":\"WebPage\",\"@id\":\"https:\\\/\\\/www.eren.ch\\\/cote\\\/engagement-oecumenique\\\/\",\"url\":\"https:\\\/\\\/www.eren.ch\\\/cote\\\/engagement-oecumenique\\\/\",\"name\":\"Engagements \u0153cum\u00e9niques - Paroisse de la C\u00f4te\",\"isPartOf\":{\"@id\":\"https:\\\/\\\/www.eren.ch\\\/cote\\\/#website\"},\"primaryImageOfPage\":{\"@id\":\"https:\\\/\\\/www.eren.ch\\\/cote\\\/engagement-oecumenique\\\/#primaryimage\"},\"image\":{\"@id\":\"https:\\\/\\\/www.eren.ch\\\/cote\\\/engagement-oecumenique\\\/#primaryimage\"},\"thumbnailUrl\":\"https:\\\/\\\/www.eren.ch\\\/cote\\\/wp-content\\\/uploads\\\/sites\\\/5\\\/2016\\\/04\\\/235186933_47c54a167a_b-300x300.jpg\",\"datePublished\":\"2016-04-16T08:35:49+00:00\",\"dateModified\":\"2023-08-15T14:11:46+00:00\",\"description\":\"Notre paroisse a \u00e0 c\u0153ur de collaborer avec les autres Eglises chr\u00e9tiennes pr\u00e9sentes dans nos villages, et de travailler avec elles pour t\u00e9moigner ensemble\",\"breadcrumb\":{\"@id\":\"https:\\\/\\\/www.eren.ch\\\/cote\\\/engagement-oecumenique\\\/#breadcrumb\"},\"inLanguage\":\"fr-FR\",\"potentialAction\":[{\"@type\":\"ReadAction\",\"target\":[\"https:\\\/\\\/www.eren.ch\\\/cote\\\/engagement-oecumenique\\\/\"]}]},{\"@type\":\"ImageObject\",\"inLanguage\":\"fr-FR\",\"@id\":\"https:\\\/\\\/www.eren.ch\\\/cote\\\/engagement-oecumenique\\\/#primaryimage\",\"url\":\"https:\\\/\\\/www.eren.ch\\\/cote\\\/wp-content\\\/uploads\\\/sites\\\/5\\\/2016\\\/04\\\/235186933_47c54a167a_b.jpg\",\"contentUrl\":\"https:\\\/\\\/www.eren.ch\\\/cote\\\/wp-content\\\/uploads\\\/sites\\\/5\\\/2016\\\/04\\\/235186933_47c54a167a_b.jpg\",\"width\":1024,\"height\":1024},{\"@type\":\"BreadcrumbList\",\"@id\":\"https:\\\/\\\/www.eren.ch\\\/cote\\\/engagement-oecumenique\\\/#breadcrumb\",\"itemListElement\":[{\"@type\":\"ListItem\",\"position\":1,\"name\":\"Accueil\",\"item\":\"https:\\\/\\\/www.eren.ch\\\/cote\\\/\"},{\"@type\":\"ListItem\",\"position\":2,\"name\":\"Engagements \u0153cum\u00e9niques\"}]},{\"@type\":\"WebSite\",\"@id\":\"https:\\\/\\\/www.eren.ch\\\/cote\\\/#website\",\"url\":\"https:\\\/\\\/www.eren.ch\\\/cote\\\/\",\"name\":\"Paroisse de la C\u00f4te\",\"description\":\"La pr\u00e9sence protestante reconnue \u00e0 Peseux et Corcelles-Cormondr\u00e8che\",\"publisher\":{\"@id\":\"https:\\\/\\\/www.eren.ch\\\/cote\\\/#organization\"},\"potentialAction\":[{\"@type\":\"SearchAction\",\"target\":{\"@type\":\"EntryPoint\",\"urlTemplate\":\"https:\\\/\\\/www.eren.ch\\\/cote\\\/?s={search_term_string}\"},\"query-input\":{\"@type\":\"PropertyValueSpecification\",\"valueRequired\":true,\"valueName\":\"search_term_string\"}}],\"inLanguage\":\"fr-FR\"},{\"@type\":\"Organization\",\"@id\":\"https:\\\/\\\/www.eren.ch\\\/cote\\\/#organization\",\"name\":\"Paroisse de La C\u00f4te\",\"url\":\"https:\\\/\\\/www.eren.ch\\\/cote\\\/\",\"logo\":{\"@type\":\"ImageObject\",\"inLanguage\":\"fr-FR\",\"@id\":\"https:\\\/\\\/www.eren.ch\\\/cote\\\/#\\\/schema\\\/logo\\\/image\\\/\",\"url\":\"https:\\\/\\\/www.eren.ch\\\/cote\\\/wp-content\\\/uploads\\\/sites\\\/5\\\/2019\\\/10\\\/logo-eren-carre.jpg\",\"contentUrl\":\"https:\\\/\\\/www.eren.ch\\\/cote\\\/wp-content\\\/uploads\\\/sites\\\/5\\\/2019\\\/10\\\/logo-eren-carre.jpg\",\"width\":512,\"height\":512,\"caption\":\"Paroisse de La C\u00f4te\"},\"image\":{\"@id\":\"https:\\\/\\\/www.eren.ch\\\/cote\\\/#\\\/schema\\\/logo\\\/image\\\/\"},\"sameAs\":[\"https:\\\/\\\/www.facebook.com\\\/eglise.EREN\",\"https:\\\/\\\/x.com\\\/EgliseEREN\",\"https:\\\/\\\/fr.wikipedia.org\\\/wiki\\\/\u00c9glise_r\u00e9form\u00e9e_\u00e9vang\u00e9lique_du_canton_de_Neuch\u00e2tel\"]}]}<\/script>\n<!-- \/ Yoast SEO Premium plugin. -->","yoast_head_json":{"title":"Engagements \u0153cum\u00e9niques - Paroisse de la C\u00f4te","description":"Notre paroisse a \u00e0 c\u0153ur de collaborer avec les autres Eglises chr\u00e9tiennes pr\u00e9sentes dans nos villages, et de travailler avec elles pour t\u00e9moigner ensemble","robots":{"index":"index","follow":"follow","max-snippet":"max-snippet:-1","max-image-preview":"max-image-preview:large","max-video-preview":"max-video-preview:-1"},"canonical":"https:\/\/www.eren.ch\/cote\/engagement-oecumenique\/","og_locale":"fr_FR","og_type":"article","og_title":"Engagements \u0153cum\u00e9niques","og_description":"Notre paroisse a \u00e0 c\u0153ur de collaborer avec les autres Eglises chr\u00e9tiennes pr\u00e9sentes dans nos villages, et de travailler avec elles pour t\u00e9moigner ensemble","og_url":"https:\/\/www.eren.ch\/cote\/engagement-oecumenique\/","og_site_name":"Paroisse de la C\u00f4te","article_publisher":"https:\/\/www.facebook.com\/eglise.EREN","article_modified_time":"2023-08-15T14:11:46+00:00","og_image":[{"url":"https:\/\/www.eren.ch\/cote\/wp-content\/uploads\/sites\/5\/2016\/04\/235186933_47c54a167a_b-300x300.jpg","type":"","width":"","height":""}],"twitter_card":"summary_large_image","twitter_site":"@EgliseEREN","twitter_misc":{"Dur\u00e9e de lecture estim\u00e9e":"2 minutes"},"schema":{"@context":"https:\/\/schema.org","@graph":[{"@type":"WebPage","@id":"https:\/\/www.eren.ch\/cote\/engagement-oecumenique\/","url":"https:\/\/www.eren.ch\/cote\/engagement-oecumenique\/","name":"Engagements \u0153cum\u00e9niques - Paroisse de la C\u00f4te","isPartOf":{"@id":"https:\/\/www.eren.ch\/cote\/#website"},"primaryImageOfPage":{"@id":"https:\/\/www.eren.ch\/cote\/engagement-oecumenique\/#primaryimage"},"image":{"@id":"https:\/\/www.eren.ch\/cote\/engagement-oecumenique\/#primaryimage"},"thumbnailUrl":"https:\/\/www.eren.ch\/cote\/wp-content\/uploads\/sites\/5\/2016\/04\/235186933_47c54a167a_b-300x300.jpg","datePublished":"2016-04-16T08:35:49+00:00","dateModified":"2023-08-15T14:11:46+00:00","description":"Notre paroisse a \u00e0 c\u0153ur de collaborer avec les autres Eglises chr\u00e9tiennes pr\u00e9sentes dans nos villages, et de travailler avec elles pour t\u00e9moigner ensemble","breadcrumb":{"@id":"https:\/\/www.eren.ch\/cote\/engagement-oecumenique\/#breadcrumb"},"inLanguage":"fr-FR","potentialAction":[{"@type":"ReadAction","target":["https:\/\/www.eren.ch\/cote\/engagement-oecumenique\/"]}]},{"@type":"ImageObject","inLanguage":"fr-FR","@id":"https:\/\/www.eren.ch\/cote\/engagement-oecumenique\/#primaryimage","url":"https:\/\/www.eren.ch\/cote\/wp-content\/uploads\/sites\/5\/2016\/04\/235186933_47c54a167a_b.jpg","contentUrl":"https:\/\/www.eren.ch\/cote\/wp-content\/uploads\/sites\/5\/2016\/04\/235186933_47c54a167a_b.jpg","width":1024,"height":1024},{"@type":"BreadcrumbList","@id":"https:\/\/www.eren.ch\/cote\/engagement-oecumenique\/#breadcrumb","itemListElement":[{"@type":"ListItem","position":1,"name":"Accueil","item":"https:\/\/www.eren.ch\/cote\/"},{"@type":"ListItem","position":2,"name":"Engagements \u0153cum\u00e9niques"}]},{"@type":"WebSite","@id":"https:\/\/www.eren.ch\/cote\/#website","url":"https:\/\/www.eren.ch\/cote\/","name":"Paroisse de la C\u00f4te","description":"La pr\u00e9sence protestante reconnue \u00e0 Peseux et Corcelles-Cormondr\u00e8che","publisher":{"@id":"https:\/\/www.eren.ch\/cote\/#organization"},"potentialAction":[{"@type":"SearchAction","target":{"@type":"EntryPoint","urlTemplate":"https:\/\/www.eren.ch\/cote\/?s={search_term_string}"},"query-input":{"@type":"PropertyValueSpecification","valueRequired":true,"valueName":"search_term_string"}}],"inLanguage":"fr-FR"},{"@type":"Organization","@id":"https:\/\/www.eren.ch\/cote\/#organization","name":"Paroisse de La C\u00f4te","url":"https:\/\/www.eren.ch\/cote\/","logo":{"@type":"ImageObject","inLanguage":"fr-FR","@id":"https:\/\/www.eren.ch\/cote\/#\/schema\/logo\/image\/","url":"https:\/\/www.eren.ch\/cote\/wp-content\/uploads\/sites\/5\/2019\/10\/logo-eren-carre.jpg","contentUrl":"https:\/\/www.eren.ch\/cote\/wp-content\/uploads\/sites\/5\/2019\/10\/logo-eren-carre.jpg","width":512,"height":512,"caption":"Paroisse de La C\u00f4te"},"image":{"@id":"https:\/\/www.eren.ch\/cote\/#\/schema\/logo\/image\/"},"sameAs":["https:\/\/www.facebook.com\/eglise.EREN","https:\/\/x.com\/EgliseEREN","https:\/\/fr.wikipedia.org\/wiki\/\u00c9glise_r\u00e9form\u00e9e_\u00e9vang\u00e9lique_du_canton_de_Neuch\u00e2tel"]}]}},"_links":{"self":[{"href":"https:\/\/www.eren.ch\/cote\/wp-json\/wp\/v2\/pages\/115","targetHints":{"allow":["GET"]}}],"collection":[{"href":"https:\/\/www.eren.ch\/cote\/wp-json\/wp\/v2\/pages"}],"about":[{"href":"https:\/\/www.eren.ch\/cote\/wp-json\/wp\/v2\/types\/page"}],"author":[{"embeddable":true,"href":"https:\/\/www.eren.ch\/cote\/wp-json\/wp\/v2\/users\/6"}],"replies":[{"embeddable":true,"href":"https:\/\/www.eren.ch\/cote\/wp-json\/wp\/v2\/comments?post=115"}],"version-history":[{"count":0,"href":"https:\/\/www.eren.ch\/cote\/wp-json\/wp\/v2\/pages\/115\/revisions"}],"wp:attachment":[{"href":"https:\/\/www.eren.ch\/cote\/wp-json\/wp\/v2\/media?parent=115"}],"curies":[{"name":"wp","href":"https:\/\/api.w.org\/{rel}","templated":true}]}}