{"id":129,"date":"2016-04-18T09:09:17","date_gmt":"2016-04-18T07:09:17","guid":{"rendered":"https:\/\/www.eren.ch\/cote\/?page_id=129"},"modified":"2025-03-19T07:26:10","modified_gmt":"2025-03-19T06:26:10","slug":"pour-nous-soutenir","status":"publish","type":"page","link":"https:\/\/www.eren.ch\/cote\/pour-nous-soutenir\/","title":{"rendered":"Pour nous soutenir"},"content":{"rendered":"<p><img decoding=\"async\" class=\"wp-image-681 size-full alignleft\" src=\"https:\/\/www.eren.ch\/cote\/wp-content\/uploads\/sites\/5\/2018\/11\/people-3152585_1920.jpg\" alt=\"\" width=\"1920\" height=\"1281\" srcset=\"https:\/\/www.eren.ch\/cote\/wp-content\/uploads\/sites\/5\/2018\/11\/people-3152585_1920.jpg 1920w, https:\/\/www.eren.ch\/cote\/wp-content\/uploads\/sites\/5\/2018\/11\/people-3152585_1920-300x200.jpg 300w, https:\/\/www.eren.ch\/cote\/wp-content\/uploads\/sites\/5\/2018\/11\/people-3152585_1920-768x512.jpg 768w, https:\/\/www.eren.ch\/cote\/wp-content\/uploads\/sites\/5\/2018\/11\/people-3152585_1920-1024x683.jpg 1024w, https:\/\/www.eren.ch\/cote\/wp-content\/uploads\/sites\/5\/2018\/11\/people-3152585_1920-1200x801.jpg 1200w\" sizes=\"(max-width: 709px) 85vw, (max-width: 909px) 67vw, (max-width: 1362px) 62vw, 840px\" \/>La paroisse doit subvenir \u00e0 ses besoins mat\u00e9riels comme les frais du culte, les activit\u00e9s pour l&rsquo;enfance et la jeunesse, l\u2019enseignement religieux, les frais g\u00e9n\u00e9raux, etc.<\/p>\n<p style=\"text-align: left\">Elle verse aussi une part importante de ses revenus \u00e0 l\u2019entraide et \u00e0 la mission de l&rsquo;Eglise. \u00ab\u00a0Terre Nouvelle\u00a0\u00bb est le nom qui regroupe de multiples actions de solidarit\u00e9 et de soutien.<\/p>\n<p style=\"text-align: left\">La paroisse compte sur la g\u00e9n\u00e9rosit\u00e9 de ses paroissiens \u00e0 travers les collectes, les ventes, les dons et les legs.<\/p>\n<p style=\"text-align: left\"><strong>Si vous voulez soutenir la paroisse de la C\u00f4te<\/strong>, vous pouvez faire un don sur notre compte :<\/p>\n<p style=\"text-align: left\">IBAN : CH79 0900 0000 2000 1398 5<br \/>\nParoisse r\u00e9form\u00e9e de la C\u00f4te \u2013 2035 Corcelles<\/p>\n<hr \/>\n<p style=\"text-align: left\"><strong>Merci de vous acquitter de votre <a href=\"https:\/\/www.eren.ch\/nous-soutenir\/contribution-ecclesiastique\/\" target=\"_blank\" rel=\"noopener\">contribution eccl\u00e9siastique<\/a><\/strong>, c\u2019est par elle que sont pay\u00e9s nos pasteurs !<\/p>\n<p><img decoding=\"async\" class=\"wp-image-3154 size-large aligncenter\" src=\"https:\/\/www.eren.ch\/cote\/wp-content\/uploads\/sites\/5\/2023\/05\/2023-05-24-09-47-pdf-1024x721.jpg\" alt=\"\" width=\"840\" height=\"591\" \/>Pour plus d&rsquo;infos, n&rsquo;h\u00e9sitez pas \u00e0 consulter : <a href=\"https:\/\/3eglises-ne.ch\/\" target=\"_blank\" rel=\"noopener\">3EGLISES-NE.CH<\/a><\/p>\n","protected":false},"excerpt":{"rendered":"<p>La paroisse doit subvenir \u00e0 ses besoins mat\u00e9riels comme les frais du culte, les activit\u00e9s pour l&rsquo;enfance et la jeunesse, l\u2019enseignement religieux, les frais g\u00e9n\u00e9raux, etc. Elle verse aussi une part importante de ses revenus \u00e0 l\u2019entraide et \u00e0 la mission de l&rsquo;Eglise. \u00ab\u00a0Terre Nouvelle\u00a0\u00bb est le nom qui regroupe de multiples actions de solidarit\u00e9 &hellip; <a href=\"https:\/\/www.eren.ch\/cote\/pour-nous-soutenir\/\" class=\"more-link\">Continuer la lecture<span class=\"screen-reader-text\"> de &laquo;&nbsp;Pour nous soutenir&nbsp;&raquo;<\/span><\/a><\/p>\n","protected":false},"author":6,"featured_media":0,"parent":0,"menu_order":0,"comment_status":"closed","ping_status":"closed","template":"","meta":{"footnotes":""},"class_list":["post-129","page","type-page","status-publish","hentry"],"yoast_head":"<!-- This site is optimized with the Yoast SEO Premium plugin v27.4 (Yoast SEO v27.4) - https:\/\/yoast.com\/product\/yoast-seo-premium-wordpress\/ -->\n<title>Pour nous soutenir - Paroisse de la C\u00f4te<\/title>\n<meta name=\"description\" content=\"La paroisse doit subvenir \u00e0 ses besoins mat\u00e9riels comme les frais du culte, les activit\u00e9s pour l&#039;enfance et la jeunesse, l\u2019enseignement religieux, les\" \/>\n<meta name=\"robots\" content=\"index, follow, max-snippet:-1, max-image-preview:large, max-video-preview:-1\" \/>\n<link rel=\"canonical\" href=\"https:\/\/www.eren.ch\/cote\/pour-nous-soutenir\/\" \/>\n<meta property=\"og:locale\" content=\"fr_FR\" \/>\n<meta property=\"og:type\" content=\"article\" \/>\n<meta property=\"og:title\" content=\"Pour nous soutenir\" \/>\n<meta property=\"og:description\" content=\"La paroisse doit subvenir \u00e0 ses besoins mat\u00e9riels comme les frais du culte, les activit\u00e9s pour l&#039;enfance et la jeunesse, l\u2019enseignement religieux, les\" \/>\n<meta property=\"og:url\" content=\"https:\/\/www.eren.ch\/cote\/pour-nous-soutenir\/\" \/>\n<meta property=\"og:site_name\" content=\"Paroisse de la C\u00f4te\" \/>\n<meta property=\"article:publisher\" content=\"https:\/\/www.facebook.com\/eglise.EREN\" \/>\n<meta property=\"article:modified_time\" content=\"2025-03-19T06:26:10+00:00\" \/>\n<meta property=\"og:image\" content=\"https:\/\/www.eren.ch\/cote\/wp-content\/uploads\/sites\/5\/2018\/11\/people-3152585_1920.jpg\" \/>\n\t<meta property=\"og:image:width\" content=\"1920\" \/>\n\t<meta property=\"og:image:height\" content=\"1281\" \/>\n\t<meta property=\"og:image:type\" content=\"image\/jpeg\" \/>\n<meta name=\"twitter:card\" content=\"summary_large_image\" \/>\n<meta name=\"twitter:site\" content=\"@EgliseEREN\" \/>\n<meta name=\"twitter:label1\" content=\"Dur\u00e9e de lecture estim\u00e9e\" \/>\n\t<meta name=\"twitter:data1\" content=\"2 minutes\" \/>\n<script type=\"application\/ld+json\" class=\"yoast-schema-graph\">{\"@context\":\"https:\\\/\\\/schema.org\",\"@graph\":[{\"@type\":\"WebPage\",\"@id\":\"https:\\\/\\\/www.eren.ch\\\/cote\\\/pour-nous-soutenir\\\/\",\"url\":\"https:\\\/\\\/www.eren.ch\\\/cote\\\/pour-nous-soutenir\\\/\",\"name\":\"Pour nous soutenir - Paroisse de la C\u00f4te\",\"isPartOf\":{\"@id\":\"https:\\\/\\\/www.eren.ch\\\/cote\\\/#website\"},\"primaryImageOfPage\":{\"@id\":\"https:\\\/\\\/www.eren.ch\\\/cote\\\/pour-nous-soutenir\\\/#primaryimage\"},\"image\":{\"@id\":\"https:\\\/\\\/www.eren.ch\\\/cote\\\/pour-nous-soutenir\\\/#primaryimage\"},\"thumbnailUrl\":\"https:\\\/\\\/www.eren.ch\\\/cote\\\/wp-content\\\/uploads\\\/sites\\\/5\\\/2018\\\/11\\\/people-3152585_1920.jpg\",\"datePublished\":\"2016-04-18T07:09:17+00:00\",\"dateModified\":\"2025-03-19T06:26:10+00:00\",\"description\":\"La paroisse doit subvenir \u00e0 ses besoins mat\u00e9riels comme les frais du culte, les activit\u00e9s pour l'enfance et la jeunesse, l\u2019enseignement religieux, les\",\"breadcrumb\":{\"@id\":\"https:\\\/\\\/www.eren.ch\\\/cote\\\/pour-nous-soutenir\\\/#breadcrumb\"},\"inLanguage\":\"fr-FR\",\"potentialAction\":[{\"@type\":\"ReadAction\",\"target\":[\"https:\\\/\\\/www.eren.ch\\\/cote\\\/pour-nous-soutenir\\\/\"]}]},{\"@type\":\"ImageObject\",\"inLanguage\":\"fr-FR\",\"@id\":\"https:\\\/\\\/www.eren.ch\\\/cote\\\/pour-nous-soutenir\\\/#primaryimage\",\"url\":\"https:\\\/\\\/www.eren.ch\\\/cote\\\/wp-content\\\/uploads\\\/sites\\\/5\\\/2018\\\/11\\\/people-3152585_1920.jpg\",\"contentUrl\":\"https:\\\/\\\/www.eren.ch\\\/cote\\\/wp-content\\\/uploads\\\/sites\\\/5\\\/2018\\\/11\\\/people-3152585_1920.jpg\",\"width\":1920,\"height\":1281},{\"@type\":\"BreadcrumbList\",\"@id\":\"https:\\\/\\\/www.eren.ch\\\/cote\\\/pour-nous-soutenir\\\/#breadcrumb\",\"itemListElement\":[{\"@type\":\"ListItem\",\"position\":1,\"name\":\"Accueil\",\"item\":\"https:\\\/\\\/www.eren.ch\\\/cote\\\/\"},{\"@type\":\"ListItem\",\"position\":2,\"name\":\"Pour nous soutenir\"}]},{\"@type\":\"WebSite\",\"@id\":\"https:\\\/\\\/www.eren.ch\\\/cote\\\/#website\",\"url\":\"https:\\\/\\\/www.eren.ch\\\/cote\\\/\",\"name\":\"Paroisse de la C\u00f4te\",\"description\":\"La pr\u00e9sence protestante reconnue \u00e0 Peseux et Corcelles-Cormondr\u00e8che\",\"publisher\":{\"@id\":\"https:\\\/\\\/www.eren.ch\\\/cote\\\/#organization\"},\"potentialAction\":[{\"@type\":\"SearchAction\",\"target\":{\"@type\":\"EntryPoint\",\"urlTemplate\":\"https:\\\/\\\/www.eren.ch\\\/cote\\\/?s={search_term_string}\"},\"query-input\":{\"@type\":\"PropertyValueSpecification\",\"valueRequired\":true,\"valueName\":\"search_term_string\"}}],\"inLanguage\":\"fr-FR\"},{\"@type\":\"Organization\",\"@id\":\"https:\\\/\\\/www.eren.ch\\\/cote\\\/#organization\",\"name\":\"Paroisse de La C\u00f4te\",\"url\":\"https:\\\/\\\/www.eren.ch\\\/cote\\\/\",\"logo\":{\"@type\":\"ImageObject\",\"inLanguage\":\"fr-FR\",\"@id\":\"https:\\\/\\\/www.eren.ch\\\/cote\\\/#\\\/schema\\\/logo\\\/image\\\/\",\"url\":\"https:\\\/\\\/www.eren.ch\\\/cote\\\/wp-content\\\/uploads\\\/sites\\\/5\\\/2019\\\/10\\\/logo-eren-carre.jpg\",\"contentUrl\":\"https:\\\/\\\/www.eren.ch\\\/cote\\\/wp-content\\\/uploads\\\/sites\\\/5\\\/2019\\\/10\\\/logo-eren-carre.jpg\",\"width\":512,\"height\":512,\"caption\":\"Paroisse de La C\u00f4te\"},\"image\":{\"@id\":\"https:\\\/\\\/www.eren.ch\\\/cote\\\/#\\\/schema\\\/logo\\\/image\\\/\"},\"sameAs\":[\"https:\\\/\\\/www.facebook.com\\\/eglise.EREN\",\"https:\\\/\\\/x.com\\\/EgliseEREN\",\"https:\\\/\\\/fr.wikipedia.org\\\/wiki\\\/\u00c9glise_r\u00e9form\u00e9e_\u00e9vang\u00e9lique_du_canton_de_Neuch\u00e2tel\"]}]}<\/script>\n<!-- \/ Yoast SEO Premium plugin. -->","yoast_head_json":{"title":"Pour nous soutenir - Paroisse de la C\u00f4te","description":"La paroisse doit subvenir \u00e0 ses besoins mat\u00e9riels comme les frais du culte, les activit\u00e9s pour l'enfance et la jeunesse, l\u2019enseignement religieux, les","robots":{"index":"index","follow":"follow","max-snippet":"max-snippet:-1","max-image-preview":"max-image-preview:large","max-video-preview":"max-video-preview:-1"},"canonical":"https:\/\/www.eren.ch\/cote\/pour-nous-soutenir\/","og_locale":"fr_FR","og_type":"article","og_title":"Pour nous soutenir","og_description":"La paroisse doit subvenir \u00e0 ses besoins mat\u00e9riels comme les frais du culte, les activit\u00e9s pour l'enfance et la jeunesse, l\u2019enseignement religieux, les","og_url":"https:\/\/www.eren.ch\/cote\/pour-nous-soutenir\/","og_site_name":"Paroisse de la C\u00f4te","article_publisher":"https:\/\/www.facebook.com\/eglise.EREN","article_modified_time":"2025-03-19T06:26:10+00:00","og_image":[{"width":1920,"height":1281,"url":"https:\/\/www.eren.ch\/cote\/wp-content\/uploads\/sites\/5\/2018\/11\/people-3152585_1920.jpg","type":"image\/jpeg"}],"twitter_card":"summary_large_image","twitter_site":"@EgliseEREN","twitter_misc":{"Dur\u00e9e de lecture estim\u00e9e":"2 minutes"},"schema":{"@context":"https:\/\/schema.org","@graph":[{"@type":"WebPage","@id":"https:\/\/www.eren.ch\/cote\/pour-nous-soutenir\/","url":"https:\/\/www.eren.ch\/cote\/pour-nous-soutenir\/","name":"Pour nous soutenir - Paroisse de la C\u00f4te","isPartOf":{"@id":"https:\/\/www.eren.ch\/cote\/#website"},"primaryImageOfPage":{"@id":"https:\/\/www.eren.ch\/cote\/pour-nous-soutenir\/#primaryimage"},"image":{"@id":"https:\/\/www.eren.ch\/cote\/pour-nous-soutenir\/#primaryimage"},"thumbnailUrl":"https:\/\/www.eren.ch\/cote\/wp-content\/uploads\/sites\/5\/2018\/11\/people-3152585_1920.jpg","datePublished":"2016-04-18T07:09:17+00:00","dateModified":"2025-03-19T06:26:10+00:00","description":"La paroisse doit subvenir \u00e0 ses besoins mat\u00e9riels comme les frais du culte, les activit\u00e9s pour l'enfance et la jeunesse, l\u2019enseignement religieux, les","breadcrumb":{"@id":"https:\/\/www.eren.ch\/cote\/pour-nous-soutenir\/#breadcrumb"},"inLanguage":"fr-FR","potentialAction":[{"@type":"ReadAction","target":["https:\/\/www.eren.ch\/cote\/pour-nous-soutenir\/"]}]},{"@type":"ImageObject","inLanguage":"fr-FR","@id":"https:\/\/www.eren.ch\/cote\/pour-nous-soutenir\/#primaryimage","url":"https:\/\/www.eren.ch\/cote\/wp-content\/uploads\/sites\/5\/2018\/11\/people-3152585_1920.jpg","contentUrl":"https:\/\/www.eren.ch\/cote\/wp-content\/uploads\/sites\/5\/2018\/11\/people-3152585_1920.jpg","width":1920,"height":1281},{"@type":"BreadcrumbList","@id":"https:\/\/www.eren.ch\/cote\/pour-nous-soutenir\/#breadcrumb","itemListElement":[{"@type":"ListItem","position":1,"name":"Accueil","item":"https:\/\/www.eren.ch\/cote\/"},{"@type":"ListItem","position":2,"name":"Pour nous soutenir"}]},{"@type":"WebSite","@id":"https:\/\/www.eren.ch\/cote\/#website","url":"https:\/\/www.eren.ch\/cote\/","name":"Paroisse de la C\u00f4te","description":"La pr\u00e9sence protestante reconnue \u00e0 Peseux et Corcelles-Cormondr\u00e8che","publisher":{"@id":"https:\/\/www.eren.ch\/cote\/#organization"},"potentialAction":[{"@type":"SearchAction","target":{"@type":"EntryPoint","urlTemplate":"https:\/\/www.eren.ch\/cote\/?s={search_term_string}"},"query-input":{"@type":"PropertyValueSpecification","valueRequired":true,"valueName":"search_term_string"}}],"inLanguage":"fr-FR"},{"@type":"Organization","@id":"https:\/\/www.eren.ch\/cote\/#organization","name":"Paroisse de La C\u00f4te","url":"https:\/\/www.eren.ch\/cote\/","logo":{"@type":"ImageObject","inLanguage":"fr-FR","@id":"https:\/\/www.eren.ch\/cote\/#\/schema\/logo\/image\/","url":"https:\/\/www.eren.ch\/cote\/wp-content\/uploads\/sites\/5\/2019\/10\/logo-eren-carre.jpg","contentUrl":"https:\/\/www.eren.ch\/cote\/wp-content\/uploads\/sites\/5\/2019\/10\/logo-eren-carre.jpg","width":512,"height":512,"caption":"Paroisse de La C\u00f4te"},"image":{"@id":"https:\/\/www.eren.ch\/cote\/#\/schema\/logo\/image\/"},"sameAs":["https:\/\/www.facebook.com\/eglise.EREN","https:\/\/x.com\/EgliseEREN","https:\/\/fr.wikipedia.org\/wiki\/\u00c9glise_r\u00e9form\u00e9e_\u00e9vang\u00e9lique_du_canton_de_Neuch\u00e2tel"]}]}},"_links":{"self":[{"href":"https:\/\/www.eren.ch\/cote\/wp-json\/wp\/v2\/pages\/129","targetHints":{"allow":["GET"]}}],"collection":[{"href":"https:\/\/www.eren.ch\/cote\/wp-json\/wp\/v2\/pages"}],"about":[{"href":"https:\/\/www.eren.ch\/cote\/wp-json\/wp\/v2\/types\/page"}],"author":[{"embeddable":true,"href":"https:\/\/www.eren.ch\/cote\/wp-json\/wp\/v2\/users\/6"}],"replies":[{"embeddable":true,"href":"https:\/\/www.eren.ch\/cote\/wp-json\/wp\/v2\/comments?post=129"}],"version-history":[{"count":0,"href":"https:\/\/www.eren.ch\/cote\/wp-json\/wp\/v2\/pages\/129\/revisions"}],"wp:attachment":[{"href":"https:\/\/www.eren.ch\/cote\/wp-json\/wp\/v2\/media?parent=129"}],"curies":[{"name":"wp","href":"https:\/\/api.w.org\/{rel}","templated":true}]}}