{"id":23,"date":"2016-04-16T00:13:06","date_gmt":"2016-04-15T22:13:06","guid":{"rendered":"https:\/\/www.eren.ch\/cote\/?page_id=23"},"modified":"2022-01-04T09:38:44","modified_gmt":"2022-01-04T08:38:44","slug":"qui-sommes-nous","status":"publish","type":"page","link":"https:\/\/www.eren.ch\/cote\/qui-sommes-nous\/","title":{"rendered":"Qui sommes-nous ?"},"content":{"rendered":"<p style=\"text-align: left\">Une des 9 paroisses de l&rsquo;Eglise r\u00e9form\u00e9e \u00e9vang\u00e9lique du canton de Neuch\u00e2tel (EREN), nous sommes le rassemblement des chr\u00e9tiens, de\u00a0la famille protestante r\u00e9form\u00e9e, dans les villages Corcelles-Cormondr\u00e8che et Peseux.<\/p>\n<ul>\n<li style=\"text-align: left\"><a href=\"https:\/\/www.eren.ch\/cote\/organes-de-paroisse\/\">Divers organes de la paroisse pour l&rsquo;organisation<\/a><\/li>\n<li style=\"text-align: left\"><a href=\"https:\/\/www.eren.ch\/cote\/historique-de-paroisse\/\">Historique de la paroisse actuelle<\/a><\/li>\n<li style=\"text-align: left\"><a href=\"https:\/\/www.eren.ch\/cote\/engagement-oecumenique\/\">Nos engagements \u0153cum\u00e9niques pour l&rsquo;Eglise universelle<\/a><\/li>\n<li style=\"text-align: left\"><a href=\"https:\/\/www.eren.ch\/cote\/pour-nous-soutenir\/\">Si vous avez envie de nous soutenir&#8230;<\/a><\/li>\n<\/ul>\n","protected":false},"excerpt":{"rendered":"<p>Une des 9 paroisses de l&rsquo;Eglise r\u00e9form\u00e9e \u00e9vang\u00e9lique du canton de Neuch\u00e2tel (EREN), nous sommes le rassemblement des chr\u00e9tiens, de\u00a0la famille protestante r\u00e9form\u00e9e, dans les villages Corcelles-Cormondr\u00e8che et Peseux. Divers organes de la paroisse pour l&rsquo;organisation Historique de la paroisse actuelle Nos engagements \u0153cum\u00e9niques pour l&rsquo;Eglise universelle Si vous avez envie de nous soutenir&#8230;<\/p>\n","protected":false},"author":6,"featured_media":0,"parent":0,"menu_order":0,"comment_status":"closed","ping_status":"closed","template":"","meta":{"footnotes":""},"class_list":["post-23","page","type-page","status-publish","hentry"],"yoast_head":"<!-- This site is optimized with the Yoast SEO Premium plugin v27.3 (Yoast SEO v27.3) - https:\/\/yoast.com\/product\/yoast-seo-premium-wordpress\/ -->\n<title>Qui sommes-nous ? - Paroisse de la C\u00f4te<\/title>\n<meta name=\"description\" content=\"Une des 9 paroisses de l&#039;Eglise r\u00e9form\u00e9e \u00e9vang\u00e9lique du canton de Neuch\u00e2tel (EREN), nous sommes le rassemblement des chr\u00e9tiens, de\u00a0la famille protestante\" \/>\n<meta name=\"robots\" content=\"index, follow, max-snippet:-1, max-image-preview:large, max-video-preview:-1\" \/>\n<link rel=\"canonical\" href=\"https:\/\/www.eren.ch\/cote\/qui-sommes-nous\/\" \/>\n<meta property=\"og:locale\" content=\"fr_FR\" \/>\n<meta property=\"og:type\" content=\"article\" \/>\n<meta property=\"og:title\" content=\"Qui sommes-nous ?\" \/>\n<meta property=\"og:description\" content=\"Une des 9 paroisses de l&#039;Eglise r\u00e9form\u00e9e \u00e9vang\u00e9lique du canton de Neuch\u00e2tel (EREN), nous sommes le rassemblement des chr\u00e9tiens, de\u00a0la famille protestante\" \/>\n<meta property=\"og:url\" content=\"https:\/\/www.eren.ch\/cote\/qui-sommes-nous\/\" \/>\n<meta property=\"og:site_name\" content=\"Paroisse de la C\u00f4te\" \/>\n<meta property=\"article:publisher\" content=\"https:\/\/www.facebook.com\/eglise.EREN\" \/>\n<meta property=\"article:modified_time\" content=\"2022-01-04T08:38:44+00:00\" \/>\n<meta name=\"twitter:card\" content=\"summary_large_image\" \/>\n<meta name=\"twitter:site\" content=\"@EgliseEREN\" \/>\n<script type=\"application\/ld+json\" class=\"yoast-schema-graph\">{\"@context\":\"https:\\\/\\\/schema.org\",\"@graph\":[{\"@type\":\"WebPage\",\"@id\":\"https:\\\/\\\/www.eren.ch\\\/cote\\\/qui-sommes-nous\\\/\",\"url\":\"https:\\\/\\\/www.eren.ch\\\/cote\\\/qui-sommes-nous\\\/\",\"name\":\"Qui sommes-nous ? - Paroisse de la C\u00f4te\",\"isPartOf\":{\"@id\":\"https:\\\/\\\/www.eren.ch\\\/cote\\\/#website\"},\"datePublished\":\"2016-04-15T22:13:06+00:00\",\"dateModified\":\"2022-01-04T08:38:44+00:00\",\"description\":\"Une des 9 paroisses de l'Eglise r\u00e9form\u00e9e \u00e9vang\u00e9lique du canton de Neuch\u00e2tel (EREN), nous sommes le rassemblement des chr\u00e9tiens, de\u00a0la famille protestante\",\"breadcrumb\":{\"@id\":\"https:\\\/\\\/www.eren.ch\\\/cote\\\/qui-sommes-nous\\\/#breadcrumb\"},\"inLanguage\":\"fr-FR\",\"potentialAction\":[{\"@type\":\"ReadAction\",\"target\":[\"https:\\\/\\\/www.eren.ch\\\/cote\\\/qui-sommes-nous\\\/\"]}]},{\"@type\":\"BreadcrumbList\",\"@id\":\"https:\\\/\\\/www.eren.ch\\\/cote\\\/qui-sommes-nous\\\/#breadcrumb\",\"itemListElement\":[{\"@type\":\"ListItem\",\"position\":1,\"name\":\"Accueil\",\"item\":\"https:\\\/\\\/www.eren.ch\\\/cote\\\/\"},{\"@type\":\"ListItem\",\"position\":2,\"name\":\"Qui sommes-nous ?\"}]},{\"@type\":\"WebSite\",\"@id\":\"https:\\\/\\\/www.eren.ch\\\/cote\\\/#website\",\"url\":\"https:\\\/\\\/www.eren.ch\\\/cote\\\/\",\"name\":\"Paroisse de la C\u00f4te\",\"description\":\"La pr\u00e9sence protestante reconnue \u00e0 Peseux et Corcelles-Cormondr\u00e8che\",\"publisher\":{\"@id\":\"https:\\\/\\\/www.eren.ch\\\/cote\\\/#organization\"},\"potentialAction\":[{\"@type\":\"SearchAction\",\"target\":{\"@type\":\"EntryPoint\",\"urlTemplate\":\"https:\\\/\\\/www.eren.ch\\\/cote\\\/?s={search_term_string}\"},\"query-input\":{\"@type\":\"PropertyValueSpecification\",\"valueRequired\":true,\"valueName\":\"search_term_string\"}}],\"inLanguage\":\"fr-FR\"},{\"@type\":\"Organization\",\"@id\":\"https:\\\/\\\/www.eren.ch\\\/cote\\\/#organization\",\"name\":\"Paroisse de La C\u00f4te\",\"url\":\"https:\\\/\\\/www.eren.ch\\\/cote\\\/\",\"logo\":{\"@type\":\"ImageObject\",\"inLanguage\":\"fr-FR\",\"@id\":\"https:\\\/\\\/www.eren.ch\\\/cote\\\/#\\\/schema\\\/logo\\\/image\\\/\",\"url\":\"https:\\\/\\\/www.eren.ch\\\/cote\\\/wp-content\\\/uploads\\\/sites\\\/5\\\/2019\\\/10\\\/logo-eren-carre.jpg\",\"contentUrl\":\"https:\\\/\\\/www.eren.ch\\\/cote\\\/wp-content\\\/uploads\\\/sites\\\/5\\\/2019\\\/10\\\/logo-eren-carre.jpg\",\"width\":512,\"height\":512,\"caption\":\"Paroisse de La C\u00f4te\"},\"image\":{\"@id\":\"https:\\\/\\\/www.eren.ch\\\/cote\\\/#\\\/schema\\\/logo\\\/image\\\/\"},\"sameAs\":[\"https:\\\/\\\/www.facebook.com\\\/eglise.EREN\",\"https:\\\/\\\/x.com\\\/EgliseEREN\",\"https:\\\/\\\/fr.wikipedia.org\\\/wiki\\\/\u00c9glise_r\u00e9form\u00e9e_\u00e9vang\u00e9lique_du_canton_de_Neuch\u00e2tel\"]}]}<\/script>\n<!-- \/ Yoast SEO Premium plugin. -->","yoast_head_json":{"title":"Qui sommes-nous ? - Paroisse de la C\u00f4te","description":"Une des 9 paroisses de l'Eglise r\u00e9form\u00e9e \u00e9vang\u00e9lique du canton de Neuch\u00e2tel (EREN), nous sommes le rassemblement des chr\u00e9tiens, de\u00a0la famille protestante","robots":{"index":"index","follow":"follow","max-snippet":"max-snippet:-1","max-image-preview":"max-image-preview:large","max-video-preview":"max-video-preview:-1"},"canonical":"https:\/\/www.eren.ch\/cote\/qui-sommes-nous\/","og_locale":"fr_FR","og_type":"article","og_title":"Qui sommes-nous ?","og_description":"Une des 9 paroisses de l'Eglise r\u00e9form\u00e9e \u00e9vang\u00e9lique du canton de Neuch\u00e2tel (EREN), nous sommes le rassemblement des chr\u00e9tiens, de\u00a0la famille protestante","og_url":"https:\/\/www.eren.ch\/cote\/qui-sommes-nous\/","og_site_name":"Paroisse de la C\u00f4te","article_publisher":"https:\/\/www.facebook.com\/eglise.EREN","article_modified_time":"2022-01-04T08:38:44+00:00","twitter_card":"summary_large_image","twitter_site":"@EgliseEREN","schema":{"@context":"https:\/\/schema.org","@graph":[{"@type":"WebPage","@id":"https:\/\/www.eren.ch\/cote\/qui-sommes-nous\/","url":"https:\/\/www.eren.ch\/cote\/qui-sommes-nous\/","name":"Qui sommes-nous ? - Paroisse de la C\u00f4te","isPartOf":{"@id":"https:\/\/www.eren.ch\/cote\/#website"},"datePublished":"2016-04-15T22:13:06+00:00","dateModified":"2022-01-04T08:38:44+00:00","description":"Une des 9 paroisses de l'Eglise r\u00e9form\u00e9e \u00e9vang\u00e9lique du canton de Neuch\u00e2tel (EREN), nous sommes le rassemblement des chr\u00e9tiens, de\u00a0la famille protestante","breadcrumb":{"@id":"https:\/\/www.eren.ch\/cote\/qui-sommes-nous\/#breadcrumb"},"inLanguage":"fr-FR","potentialAction":[{"@type":"ReadAction","target":["https:\/\/www.eren.ch\/cote\/qui-sommes-nous\/"]}]},{"@type":"BreadcrumbList","@id":"https:\/\/www.eren.ch\/cote\/qui-sommes-nous\/#breadcrumb","itemListElement":[{"@type":"ListItem","position":1,"name":"Accueil","item":"https:\/\/www.eren.ch\/cote\/"},{"@type":"ListItem","position":2,"name":"Qui sommes-nous ?"}]},{"@type":"WebSite","@id":"https:\/\/www.eren.ch\/cote\/#website","url":"https:\/\/www.eren.ch\/cote\/","name":"Paroisse de la C\u00f4te","description":"La pr\u00e9sence protestante reconnue \u00e0 Peseux et Corcelles-Cormondr\u00e8che","publisher":{"@id":"https:\/\/www.eren.ch\/cote\/#organization"},"potentialAction":[{"@type":"SearchAction","target":{"@type":"EntryPoint","urlTemplate":"https:\/\/www.eren.ch\/cote\/?s={search_term_string}"},"query-input":{"@type":"PropertyValueSpecification","valueRequired":true,"valueName":"search_term_string"}}],"inLanguage":"fr-FR"},{"@type":"Organization","@id":"https:\/\/www.eren.ch\/cote\/#organization","name":"Paroisse de La C\u00f4te","url":"https:\/\/www.eren.ch\/cote\/","logo":{"@type":"ImageObject","inLanguage":"fr-FR","@id":"https:\/\/www.eren.ch\/cote\/#\/schema\/logo\/image\/","url":"https:\/\/www.eren.ch\/cote\/wp-content\/uploads\/sites\/5\/2019\/10\/logo-eren-carre.jpg","contentUrl":"https:\/\/www.eren.ch\/cote\/wp-content\/uploads\/sites\/5\/2019\/10\/logo-eren-carre.jpg","width":512,"height":512,"caption":"Paroisse de La C\u00f4te"},"image":{"@id":"https:\/\/www.eren.ch\/cote\/#\/schema\/logo\/image\/"},"sameAs":["https:\/\/www.facebook.com\/eglise.EREN","https:\/\/x.com\/EgliseEREN","https:\/\/fr.wikipedia.org\/wiki\/\u00c9glise_r\u00e9form\u00e9e_\u00e9vang\u00e9lique_du_canton_de_Neuch\u00e2tel"]}]}},"_links":{"self":[{"href":"https:\/\/www.eren.ch\/cote\/wp-json\/wp\/v2\/pages\/23","targetHints":{"allow":["GET"]}}],"collection":[{"href":"https:\/\/www.eren.ch\/cote\/wp-json\/wp\/v2\/pages"}],"about":[{"href":"https:\/\/www.eren.ch\/cote\/wp-json\/wp\/v2\/types\/page"}],"author":[{"embeddable":true,"href":"https:\/\/www.eren.ch\/cote\/wp-json\/wp\/v2\/users\/6"}],"replies":[{"embeddable":true,"href":"https:\/\/www.eren.ch\/cote\/wp-json\/wp\/v2\/comments?post=23"}],"version-history":[{"count":0,"href":"https:\/\/www.eren.ch\/cote\/wp-json\/wp\/v2\/pages\/23\/revisions"}],"wp:attachment":[{"href":"https:\/\/www.eren.ch\/cote\/wp-json\/wp\/v2\/media?parent=23"}],"curies":[{"name":"wp","href":"https:\/\/api.w.org\/{rel}","templated":true}]}}