{"id":33,"date":"2016-04-16T00:17:56","date_gmt":"2016-04-15T22:17:56","guid":{"rendered":"https:\/\/www.eren.ch\/cote\/?page_id=33"},"modified":"2025-07-18T11:56:43","modified_gmt":"2025-07-18T09:56:43","slug":"enfance-et-jeunesse","status":"publish","type":"page","link":"https:\/\/www.eren.ch\/cote\/enfance-et-jeunesse\/","title":{"rendered":"Enfance et jeunesse"},"content":{"rendered":"<h1 style=\"text-align: left\">Du berceau \u00e0 l\u2019envol : grandir, chercher, s\u2019\u00e9panouir<\/h1>\n<p>\u00c0 la paroisse de la C\u00f4te, les enfants et les jeunes occupent une place essentielle. De la petite enfance \u00e0 l\u2019adolescence, nous les accompagnons, avec leurs familles, dans les \u00e9tapes de la vie et les questions qui surgissent en chemin.<\/p>\n<p>Cultes interg\u00e9n\u00e9rationnels, moments festifs, ateliers, rencontres&#8230;, autant d\u2019occasions de grandir en confiance, de d\u00e9couvrir la foi, d\u2019exprimer ses doutes et de tisser des liens.<\/p>\n<p>Cette d\u00e9marche s\u2019inscrit dans le \u00ab Fil rouge \u00bb Jeunesse et Famille de l\u2019\u00c9glise r\u00e9form\u00e9e \u00e9vang\u00e9lique du canton de Neuch\u00e2tel (EREN), un engagement pour une \u00c9glise proche des r\u00e9alit\u00e9s de la vie quotidienne.<\/p>\n<h5><a href=\"https:\/\/www.eren.ch\/cote\/enfance\/\">Enfance (jusqu\u2019\u00e0 7e HarmoS)<\/a><\/h5>\n<ul>\n<li style=\"list-style-type: none\">\n<ul>\n<li>Eveil \u00e0 la foi, pour les enfants de pr\u00e9-scolaire et 1H-2H (2-6 ans)<\/li>\n<li>Culte de l\u2019enfance, pour les enfants de 3H-7H (6-11 ans)<\/li>\n<li>Enseignement religieux \u00e0 l\u2019\u00e9cole, pour les enfants de 5H-6H (8-10 ans)<\/li>\n<\/ul>\n<\/li>\n<\/ul>\n<h5 style=\"text-align: left\"><a href=\"https:\/\/www.eren.ch\/cote\/jeunesse\/\">Jeunesse (\u00e0 partir de 7e HarmoS)<\/a><\/h5>\n<ul style=\"text-align: left\">\n<li style=\"list-style-type: none\">\n<ul>\n<li>Groupe de jeunes \u00ab Mission KT \u00bb, pour les pr\u00e9-ados de 7H-9H (10-13 ans)<\/li>\n<li>Cat\u00e9chisme et confirmation, pour les ados de 10h-11H (14-15 ans)<\/li>\n<li>Groupe des ados et des jeunes adultes (15 ans et plus)<\/li>\n<\/ul>\n<\/li>\n<\/ul>\n<p style=\"text-align: left\">Depuis juillet 2025, le <strong>Service interparoissial d\u2019accompagnement de la jeunesse (SIAJ)<\/strong> prend en charge l\u2019organisation des activit\u00e9s jeunesse pour notre paroisse, ainsi que pour celles de Neuch\u00e2tel et du Val-de-Ruz.<br \/>\n<a href=\"https:\/\/drive.google.com\/file\/d\/1jxp0Jc2auAtXYMHOJtnG35iWt8QbdIDs\/view?usp=sharing\" target=\"_blank\" rel=\"noopener\">Courrier \u00e0 l\u2019attention des parents de jeunes de 12 \u00e0 20 ans<\/a><\/p>\n<figure id=\"attachment_4023\" aria-describedby=\"caption-attachment-4023\" style=\"width: 300px\" class=\"wp-caption aligncenter\"><img decoding=\"async\" class=\"wp-image-4023 size-medium\" src=\"https:\/\/www.eren.ch\/cote\/wp-content\/uploads\/sites\/5\/2025\/07\/Photo-SIAJ-300x200.jpg\" alt=\"\" width=\"300\" height=\"200\" srcset=\"https:\/\/www.eren.ch\/cote\/wp-content\/uploads\/sites\/5\/2025\/07\/Photo-SIAJ-300x200.jpg 300w, https:\/\/www.eren.ch\/cote\/wp-content\/uploads\/sites\/5\/2025\/07\/Photo-SIAJ-768x512.jpg 768w, https:\/\/www.eren.ch\/cote\/wp-content\/uploads\/sites\/5\/2025\/07\/Photo-SIAJ.jpg 1024w\" sizes=\"(max-width: 300px) 85vw, 300px\" \/><figcaption id=\"caption-attachment-4023\" class=\"wp-caption-text\">De gauche \u00e0 droite, de haut en bas : Quentin Beck, Esther Berger, Jean-Marc Leresche, Fr\u00e9do Siengenthaler, Constantin Bacha, Micha Weiss.<\/figcaption><\/figure>\n<p style=\"text-align: left\"><span style=\"color: #1a1a1a;font-size: 16px\">Les <\/span><a style=\"font-size: 16px\" href=\"https:\/\/www.eren.ch\/cote\/contacter-un-pasteur\/\">pasteurs de la paroisse<\/a><span style=\"color: #1a1a1a;font-size: 16px\"> continuent \u00e0 veiller au maintien du lien et \u00e0 une transition harmonieuse.<\/span><\/p>\n","protected":false},"excerpt":{"rendered":"<p>Du berceau \u00e0 l\u2019envol : grandir, chercher, s\u2019\u00e9panouir \u00c0 la paroisse de la C\u00f4te, les enfants et les jeunes occupent une place essentielle. De la petite enfance \u00e0 l\u2019adolescence, nous les accompagnons, avec leurs familles, dans les \u00e9tapes de la vie et les questions qui surgissent en chemin. Cultes interg\u00e9n\u00e9rationnels, moments festifs, ateliers, rencontres&#8230;, autant &hellip; <a href=\"https:\/\/www.eren.ch\/cote\/enfance-et-jeunesse\/\" class=\"more-link\">Continuer la lecture<span class=\"screen-reader-text\"> de &laquo;&nbsp;Enfance et jeunesse&nbsp;&raquo;<\/span><\/a><\/p>\n","protected":false},"author":6,"featured_media":0,"parent":0,"menu_order":0,"comment_status":"closed","ping_status":"closed","template":"","meta":{"footnotes":""},"class_list":["post-33","page","type-page","status-publish","hentry"],"yoast_head":"<!-- This site is optimized with the Yoast SEO Premium plugin v27.6 (Yoast SEO v27.6) - https:\/\/yoast.com\/product\/yoast-seo-premium-wordpress\/ -->\n<title>Enfance et jeunesse - Paroisse de la C\u00f4te<\/title>\n<meta name=\"description\" content=\"Du berceau \u00e0 l\u2019envol : grandir, chercher, s\u2019\u00e9panouir \u00c0 la paroisse de la C\u00f4te, les enfants et les jeunes occupent une place essentielle. De la petite\" \/>\n<meta name=\"robots\" content=\"index, follow, max-snippet:-1, max-image-preview:large, max-video-preview:-1\" \/>\n<link rel=\"canonical\" href=\"https:\/\/www.eren.ch\/cote\/enfance-et-jeunesse\/\" \/>\n<meta property=\"og:locale\" content=\"fr_FR\" \/>\n<meta property=\"og:type\" content=\"article\" \/>\n<meta property=\"og:title\" content=\"Enfance et jeunesse\" \/>\n<meta property=\"og:description\" content=\"Du berceau \u00e0 l\u2019envol : grandir, chercher, s\u2019\u00e9panouir \u00c0 la paroisse de la C\u00f4te, les enfants et les jeunes occupent une place essentielle. De la petite\" \/>\n<meta property=\"og:url\" content=\"https:\/\/www.eren.ch\/cote\/enfance-et-jeunesse\/\" \/>\n<meta property=\"og:site_name\" content=\"Paroisse de la C\u00f4te\" \/>\n<meta property=\"article:publisher\" content=\"https:\/\/www.facebook.com\/eglise.EREN\" \/>\n<meta property=\"article:modified_time\" content=\"2025-07-18T09:56:43+00:00\" \/>\n<meta property=\"og:image\" content=\"https:\/\/www.eren.ch\/cote\/wp-content\/uploads\/sites\/5\/2025\/07\/Photo-SIAJ.jpg\" \/>\n\t<meta property=\"og:image:width\" content=\"1024\" \/>\n\t<meta property=\"og:image:height\" content=\"682\" \/>\n\t<meta property=\"og:image:type\" content=\"image\/jpeg\" \/>\n<meta name=\"twitter:card\" content=\"summary_large_image\" \/>\n<meta name=\"twitter:site\" content=\"@EgliseEREN\" \/>\n<meta name=\"twitter:label1\" content=\"Dur\u00e9e de lecture estim\u00e9e\" \/>\n\t<meta name=\"twitter:data1\" content=\"2 minutes\" \/>\n<script type=\"application\/ld+json\" class=\"yoast-schema-graph\">{\"@context\":\"https:\\\/\\\/schema.org\",\"@graph\":[{\"@type\":\"WebPage\",\"@id\":\"https:\\\/\\\/www.eren.ch\\\/cote\\\/enfance-et-jeunesse\\\/\",\"url\":\"https:\\\/\\\/www.eren.ch\\\/cote\\\/enfance-et-jeunesse\\\/\",\"name\":\"Enfance et jeunesse - Paroisse de la C\u00f4te\",\"isPartOf\":{\"@id\":\"https:\\\/\\\/www.eren.ch\\\/cote\\\/#website\"},\"primaryImageOfPage\":{\"@id\":\"https:\\\/\\\/www.eren.ch\\\/cote\\\/enfance-et-jeunesse\\\/#primaryimage\"},\"image\":{\"@id\":\"https:\\\/\\\/www.eren.ch\\\/cote\\\/enfance-et-jeunesse\\\/#primaryimage\"},\"thumbnailUrl\":\"https:\\\/\\\/www.eren.ch\\\/cote\\\/wp-content\\\/uploads\\\/sites\\\/5\\\/2025\\\/07\\\/Photo-SIAJ-300x200.jpg\",\"datePublished\":\"2016-04-15T22:17:56+00:00\",\"dateModified\":\"2025-07-18T09:56:43+00:00\",\"description\":\"Du berceau \u00e0 l\u2019envol : grandir, chercher, s\u2019\u00e9panouir \u00c0 la paroisse de la C\u00f4te, les enfants et les jeunes occupent une place essentielle. De la petite\",\"breadcrumb\":{\"@id\":\"https:\\\/\\\/www.eren.ch\\\/cote\\\/enfance-et-jeunesse\\\/#breadcrumb\"},\"inLanguage\":\"fr-FR\",\"potentialAction\":[{\"@type\":\"ReadAction\",\"target\":[\"https:\\\/\\\/www.eren.ch\\\/cote\\\/enfance-et-jeunesse\\\/\"]}]},{\"@type\":\"ImageObject\",\"inLanguage\":\"fr-FR\",\"@id\":\"https:\\\/\\\/www.eren.ch\\\/cote\\\/enfance-et-jeunesse\\\/#primaryimage\",\"url\":\"https:\\\/\\\/www.eren.ch\\\/cote\\\/wp-content\\\/uploads\\\/sites\\\/5\\\/2025\\\/07\\\/Photo-SIAJ.jpg\",\"contentUrl\":\"https:\\\/\\\/www.eren.ch\\\/cote\\\/wp-content\\\/uploads\\\/sites\\\/5\\\/2025\\\/07\\\/Photo-SIAJ.jpg\",\"width\":1024,\"height\":682},{\"@type\":\"BreadcrumbList\",\"@id\":\"https:\\\/\\\/www.eren.ch\\\/cote\\\/enfance-et-jeunesse\\\/#breadcrumb\",\"itemListElement\":[{\"@type\":\"ListItem\",\"position\":1,\"name\":\"Accueil\",\"item\":\"https:\\\/\\\/www.eren.ch\\\/cote\\\/\"},{\"@type\":\"ListItem\",\"position\":2,\"name\":\"Enfance et jeunesse\"}]},{\"@type\":\"WebSite\",\"@id\":\"https:\\\/\\\/www.eren.ch\\\/cote\\\/#website\",\"url\":\"https:\\\/\\\/www.eren.ch\\\/cote\\\/\",\"name\":\"Paroisse de la C\u00f4te\",\"description\":\"La pr\u00e9sence protestante reconnue \u00e0 Peseux et Corcelles-Cormondr\u00e8che\",\"publisher\":{\"@id\":\"https:\\\/\\\/www.eren.ch\\\/cote\\\/#organization\"},\"potentialAction\":[{\"@type\":\"SearchAction\",\"target\":{\"@type\":\"EntryPoint\",\"urlTemplate\":\"https:\\\/\\\/www.eren.ch\\\/cote\\\/?s={search_term_string}\"},\"query-input\":{\"@type\":\"PropertyValueSpecification\",\"valueRequired\":true,\"valueName\":\"search_term_string\"}}],\"inLanguage\":\"fr-FR\"},{\"@type\":\"Organization\",\"@id\":\"https:\\\/\\\/www.eren.ch\\\/cote\\\/#organization\",\"name\":\"Paroisse de La C\u00f4te\",\"url\":\"https:\\\/\\\/www.eren.ch\\\/cote\\\/\",\"logo\":{\"@type\":\"ImageObject\",\"inLanguage\":\"fr-FR\",\"@id\":\"https:\\\/\\\/www.eren.ch\\\/cote\\\/#\\\/schema\\\/logo\\\/image\\\/\",\"url\":\"https:\\\/\\\/www.eren.ch\\\/cote\\\/wp-content\\\/uploads\\\/sites\\\/5\\\/2019\\\/10\\\/logo-eren-carre.jpg\",\"contentUrl\":\"https:\\\/\\\/www.eren.ch\\\/cote\\\/wp-content\\\/uploads\\\/sites\\\/5\\\/2019\\\/10\\\/logo-eren-carre.jpg\",\"width\":512,\"height\":512,\"caption\":\"Paroisse de La C\u00f4te\"},\"image\":{\"@id\":\"https:\\\/\\\/www.eren.ch\\\/cote\\\/#\\\/schema\\\/logo\\\/image\\\/\"},\"sameAs\":[\"https:\\\/\\\/www.facebook.com\\\/eglise.EREN\",\"https:\\\/\\\/x.com\\\/EgliseEREN\",\"https:\\\/\\\/fr.wikipedia.org\\\/wiki\\\/\u00c9glise_r\u00e9form\u00e9e_\u00e9vang\u00e9lique_du_canton_de_Neuch\u00e2tel\"]}]}<\/script>\n<!-- \/ Yoast SEO Premium plugin. -->","yoast_head_json":{"title":"Enfance et jeunesse - Paroisse de la C\u00f4te","description":"Du berceau \u00e0 l\u2019envol : grandir, chercher, s\u2019\u00e9panouir \u00c0 la paroisse de la C\u00f4te, les enfants et les jeunes occupent une place essentielle. De la petite","robots":{"index":"index","follow":"follow","max-snippet":"max-snippet:-1","max-image-preview":"max-image-preview:large","max-video-preview":"max-video-preview:-1"},"canonical":"https:\/\/www.eren.ch\/cote\/enfance-et-jeunesse\/","og_locale":"fr_FR","og_type":"article","og_title":"Enfance et jeunesse","og_description":"Du berceau \u00e0 l\u2019envol : grandir, chercher, s\u2019\u00e9panouir \u00c0 la paroisse de la C\u00f4te, les enfants et les jeunes occupent une place essentielle. De la petite","og_url":"https:\/\/www.eren.ch\/cote\/enfance-et-jeunesse\/","og_site_name":"Paroisse de la C\u00f4te","article_publisher":"https:\/\/www.facebook.com\/eglise.EREN","article_modified_time":"2025-07-18T09:56:43+00:00","og_image":[{"width":1024,"height":682,"url":"https:\/\/www.eren.ch\/cote\/wp-content\/uploads\/sites\/5\/2025\/07\/Photo-SIAJ.jpg","type":"image\/jpeg"}],"twitter_card":"summary_large_image","twitter_site":"@EgliseEREN","twitter_misc":{"Dur\u00e9e de lecture estim\u00e9e":"2 minutes"},"schema":{"@context":"https:\/\/schema.org","@graph":[{"@type":"WebPage","@id":"https:\/\/www.eren.ch\/cote\/enfance-et-jeunesse\/","url":"https:\/\/www.eren.ch\/cote\/enfance-et-jeunesse\/","name":"Enfance et jeunesse - Paroisse de la C\u00f4te","isPartOf":{"@id":"https:\/\/www.eren.ch\/cote\/#website"},"primaryImageOfPage":{"@id":"https:\/\/www.eren.ch\/cote\/enfance-et-jeunesse\/#primaryimage"},"image":{"@id":"https:\/\/www.eren.ch\/cote\/enfance-et-jeunesse\/#primaryimage"},"thumbnailUrl":"https:\/\/www.eren.ch\/cote\/wp-content\/uploads\/sites\/5\/2025\/07\/Photo-SIAJ-300x200.jpg","datePublished":"2016-04-15T22:17:56+00:00","dateModified":"2025-07-18T09:56:43+00:00","description":"Du berceau \u00e0 l\u2019envol : grandir, chercher, s\u2019\u00e9panouir \u00c0 la paroisse de la C\u00f4te, les enfants et les jeunes occupent une place essentielle. De la petite","breadcrumb":{"@id":"https:\/\/www.eren.ch\/cote\/enfance-et-jeunesse\/#breadcrumb"},"inLanguage":"fr-FR","potentialAction":[{"@type":"ReadAction","target":["https:\/\/www.eren.ch\/cote\/enfance-et-jeunesse\/"]}]},{"@type":"ImageObject","inLanguage":"fr-FR","@id":"https:\/\/www.eren.ch\/cote\/enfance-et-jeunesse\/#primaryimage","url":"https:\/\/www.eren.ch\/cote\/wp-content\/uploads\/sites\/5\/2025\/07\/Photo-SIAJ.jpg","contentUrl":"https:\/\/www.eren.ch\/cote\/wp-content\/uploads\/sites\/5\/2025\/07\/Photo-SIAJ.jpg","width":1024,"height":682},{"@type":"BreadcrumbList","@id":"https:\/\/www.eren.ch\/cote\/enfance-et-jeunesse\/#breadcrumb","itemListElement":[{"@type":"ListItem","position":1,"name":"Accueil","item":"https:\/\/www.eren.ch\/cote\/"},{"@type":"ListItem","position":2,"name":"Enfance et jeunesse"}]},{"@type":"WebSite","@id":"https:\/\/www.eren.ch\/cote\/#website","url":"https:\/\/www.eren.ch\/cote\/","name":"Paroisse de la C\u00f4te","description":"La pr\u00e9sence protestante reconnue \u00e0 Peseux et Corcelles-Cormondr\u00e8che","publisher":{"@id":"https:\/\/www.eren.ch\/cote\/#organization"},"potentialAction":[{"@type":"SearchAction","target":{"@type":"EntryPoint","urlTemplate":"https:\/\/www.eren.ch\/cote\/?s={search_term_string}"},"query-input":{"@type":"PropertyValueSpecification","valueRequired":true,"valueName":"search_term_string"}}],"inLanguage":"fr-FR"},{"@type":"Organization","@id":"https:\/\/www.eren.ch\/cote\/#organization","name":"Paroisse de La C\u00f4te","url":"https:\/\/www.eren.ch\/cote\/","logo":{"@type":"ImageObject","inLanguage":"fr-FR","@id":"https:\/\/www.eren.ch\/cote\/#\/schema\/logo\/image\/","url":"https:\/\/www.eren.ch\/cote\/wp-content\/uploads\/sites\/5\/2019\/10\/logo-eren-carre.jpg","contentUrl":"https:\/\/www.eren.ch\/cote\/wp-content\/uploads\/sites\/5\/2019\/10\/logo-eren-carre.jpg","width":512,"height":512,"caption":"Paroisse de La C\u00f4te"},"image":{"@id":"https:\/\/www.eren.ch\/cote\/#\/schema\/logo\/image\/"},"sameAs":["https:\/\/www.facebook.com\/eglise.EREN","https:\/\/x.com\/EgliseEREN","https:\/\/fr.wikipedia.org\/wiki\/\u00c9glise_r\u00e9form\u00e9e_\u00e9vang\u00e9lique_du_canton_de_Neuch\u00e2tel"]}]}},"_links":{"self":[{"href":"https:\/\/www.eren.ch\/cote\/wp-json\/wp\/v2\/pages\/33","targetHints":{"allow":["GET"]}}],"collection":[{"href":"https:\/\/www.eren.ch\/cote\/wp-json\/wp\/v2\/pages"}],"about":[{"href":"https:\/\/www.eren.ch\/cote\/wp-json\/wp\/v2\/types\/page"}],"author":[{"embeddable":true,"href":"https:\/\/www.eren.ch\/cote\/wp-json\/wp\/v2\/users\/6"}],"replies":[{"embeddable":true,"href":"https:\/\/www.eren.ch\/cote\/wp-json\/wp\/v2\/comments?post=33"}],"version-history":[{"count":0,"href":"https:\/\/www.eren.ch\/cote\/wp-json\/wp\/v2\/pages\/33\/revisions"}],"wp:attachment":[{"href":"https:\/\/www.eren.ch\/cote\/wp-json\/wp\/v2\/media?parent=33"}],"curies":[{"name":"wp","href":"https:\/\/api.w.org\/{rel}","templated":true}]}}