{"id":386,"date":"2016-11-30T14:57:18","date_gmt":"2016-11-30T13:57:18","guid":{"rendered":"https:\/\/www.eren.ch\/cote\/?page_id=386"},"modified":"2026-04-24T10:37:13","modified_gmt":"2026-04-24T08:37:13","slug":"maison-de-paroisse-de-peseux","status":"publish","type":"page","link":"https:\/\/www.eren.ch\/cote\/maison-de-paroisse-de-peseux\/","title":{"rendered":"Maison de paroisse de Peseux"},"content":{"rendered":"<article id=\"post-389\" class=\"post-389 page type-page status-publish hentry\">\n<div class=\"entry-content\">\n<h4 class=\"Style1\"><strong>POUR VENIR a la maison de paroisse de Peseux :<\/strong><\/h4>\n<p class=\"Style1\">Rue des Granges 8 \u2013 2034 Peseux<\/p>\n<p class=\"Style1\">Pour visualiser la carte, cliquer le lien suivant :\u00a0<a href=\"https:\/\/maps.app.goo.gl\/L99GgELTV1Z4rLpw6\" target=\"_blank\" rel=\"noopener\">Localisation de la Maison de paroisse de Peseux<\/a><\/p>\n<p><strong>Stationnement<\/strong> : de nombreuses places en zone bleue se trouvent\u00a0au <a href=\"https:\/\/maps.app.goo.gl\/8MfQ3bhPKfsv96uE7\" target=\"_blank\" rel=\"noopener\">parking de la Migros<\/a> (\u00e0 env. 300 m de la Maison de paroisse, soit 5 minutes \u00e0 pied \u2013 <a href=\"https:\/\/maps.app.goo.gl\/CfAJTRtboXMxQK2n7\" target=\"_blank\" rel=\"noopener\">itin\u00e9raire<\/a>)<\/p>\n<p><strong>Acc\u00e8s pi\u00e9ton<\/strong>\u00a0:<\/p>\n<p><img decoding=\"async\" class=\"aligncenter size-full wp-image-3314\" src=\"https:\/\/www.eren.ch\/cote\/wp-content\/uploads\/sites\/5\/2023\/11\/Acces-Maison-de-paroisse-de-Peseux-Granges-8.jpg\" alt=\"\" width=\"1407\" height=\"1053\" srcset=\"https:\/\/www.eren.ch\/cote\/wp-content\/uploads\/sites\/5\/2023\/11\/Acces-Maison-de-paroisse-de-Peseux-Granges-8.jpg 1407w, https:\/\/www.eren.ch\/cote\/wp-content\/uploads\/sites\/5\/2023\/11\/Acces-Maison-de-paroisse-de-Peseux-Granges-8-300x225.jpg 300w, https:\/\/www.eren.ch\/cote\/wp-content\/uploads\/sites\/5\/2023\/11\/Acces-Maison-de-paroisse-de-Peseux-Granges-8-1024x766.jpg 1024w, https:\/\/www.eren.ch\/cote\/wp-content\/uploads\/sites\/5\/2023\/11\/Acces-Maison-de-paroisse-de-Peseux-Granges-8-768x575.jpg 768w, https:\/\/www.eren.ch\/cote\/wp-content\/uploads\/sites\/5\/2023\/11\/Acces-Maison-de-paroisse-de-Peseux-Granges-8-1200x898.jpg 1200w\" sizes=\"(max-width: 709px) 85vw, (max-width: 909px) 67vw, (max-width: 1362px) 62vw, 840px\" \/><\/p>\n<h4><strong>POUR R\u00c9SERVER Les salles, CONTACTER :<\/strong><\/h4>\n<p>M. Quentin Guillaume, t\u00e9l.: 079 838 25 54, <a href=\"mailto:salledeparoisse2034@gmail.com\">salleparoisse2034@gmail.com<\/a><\/p>\n<div class=\"page\" title=\"Page 1\">\n<div class=\"layoutArea\">\n<div class=\"column\">\n<p>Pour voir les tarifs de location indicatifs des locaux paroissiaux, <a href=\"https:\/\/drive.google.com\/file\/d\/17uUN20JP_YnXazCD808f9Q8MRVr3kOZ7\/view?usp=sharing\" target=\"_blank\" rel=\"noopener\"><strong>CLIQUER ICI<\/strong><\/a><\/p>\n<\/div>\n<\/div>\n<\/div>\n<\/div>\n<footer class=\"entry-footer\"><span class=\"edit-link\"><span class=\"screen-reader-text\">\u00ab\u00a0Salle de paroisse de Corcelles\u00a0\u00bb<\/span><\/span><\/footer>\n<\/article>\n<p><img decoding=\"async\" class=\"aligncenter wp-image-4240 size-large\" src=\"https:\/\/www.eren.ch\/cote\/wp-content\/uploads\/sites\/5\/2026\/04\/Locaux-paroissiaux-MP-tarifs-de-location-indicatifs-pour-internet_04-2026-724x1024.jpg\" alt=\"\" width=\"724\" height=\"1024\" srcset=\"https:\/\/www.eren.ch\/cote\/wp-content\/uploads\/sites\/5\/2026\/04\/Locaux-paroissiaux-MP-tarifs-de-location-indicatifs-pour-internet_04-2026-724x1024.jpg 724w, https:\/\/www.eren.ch\/cote\/wp-content\/uploads\/sites\/5\/2026\/04\/Locaux-paroissiaux-MP-tarifs-de-location-indicatifs-pour-internet_04-2026-212x300.jpg 212w, https:\/\/www.eren.ch\/cote\/wp-content\/uploads\/sites\/5\/2026\/04\/Locaux-paroissiaux-MP-tarifs-de-location-indicatifs-pour-internet_04-2026-768x1086.jpg 768w, https:\/\/www.eren.ch\/cote\/wp-content\/uploads\/sites\/5\/2026\/04\/Locaux-paroissiaux-MP-tarifs-de-location-indicatifs-pour-internet_04-2026-1086x1536.jpg 1086w, https:\/\/www.eren.ch\/cote\/wp-content\/uploads\/sites\/5\/2026\/04\/Locaux-paroissiaux-MP-tarifs-de-location-indicatifs-pour-internet_04-2026-1448x2048.jpg 1448w, https:\/\/www.eren.ch\/cote\/wp-content\/uploads\/sites\/5\/2026\/04\/Locaux-paroissiaux-MP-tarifs-de-location-indicatifs-pour-internet_04-2026-1200x1697.jpg 1200w, https:\/\/www.eren.ch\/cote\/wp-content\/uploads\/sites\/5\/2026\/04\/Locaux-paroissiaux-MP-tarifs-de-location-indicatifs-pour-internet_04-2026-scaled.jpg 1810w\" sizes=\"(max-width: 724px) 85vw, 724px\" \/><a href=\"https:\/\/www.eren.ch\/cote\/wp-content\/uploads\/sites\/5\/2024\/05\/Granges8-2_Img_0269-scaled.jpg\"><img decoding=\"async\" class=\"aligncenter size-large wp-image-3549\" src=\"https:\/\/www.eren.ch\/cote\/wp-content\/uploads\/sites\/5\/2024\/05\/Granges8-2_Img_0269-1024x768.jpg\" alt=\"Salle de paroisse de Peseux\" width=\"840\" height=\"630\" srcset=\"https:\/\/www.eren.ch\/cote\/wp-content\/uploads\/sites\/5\/2024\/05\/Granges8-2_Img_0269-1024x768.jpg 1024w, https:\/\/www.eren.ch\/cote\/wp-content\/uploads\/sites\/5\/2024\/05\/Granges8-2_Img_0269-300x225.jpg 300w, https:\/\/www.eren.ch\/cote\/wp-content\/uploads\/sites\/5\/2024\/05\/Granges8-2_Img_0269-768x576.jpg 768w, https:\/\/www.eren.ch\/cote\/wp-content\/uploads\/sites\/5\/2024\/05\/Granges8-2_Img_0269-1536x1152.jpg 1536w, https:\/\/www.eren.ch\/cote\/wp-content\/uploads\/sites\/5\/2024\/05\/Granges8-2_Img_0269-scaled.jpg 2048w, https:\/\/www.eren.ch\/cote\/wp-content\/uploads\/sites\/5\/2024\/05\/Granges8-2_Img_0269-1200x900.jpg 1200w\" sizes=\"(max-width: 709px) 85vw, (max-width: 909px) 67vw, (max-width: 1362px) 62vw, 840px\" \/><\/a><\/p>\n","protected":false},"excerpt":{"rendered":"<p>POUR VENIR a la maison de paroisse de Peseux : Rue des Granges 8 \u2013 2034 Peseux Pour visualiser la carte, cliquer le lien suivant :\u00a0Localisation de la Maison de paroisse de Peseux Stationnement : de nombreuses places en zone bleue se trouvent\u00a0au parking de la Migros (\u00e0 env. 300 m de la Maison de &hellip; <a href=\"https:\/\/www.eren.ch\/cote\/maison-de-paroisse-de-peseux\/\" class=\"more-link\">Continuer la lecture<span class=\"screen-reader-text\"> de &laquo;&nbsp;Maison de paroisse de Peseux&nbsp;&raquo;<\/span><\/a><\/p>\n","protected":false},"author":6,"featured_media":0,"parent":0,"menu_order":0,"comment_status":"closed","ping_status":"closed","template":"","meta":{"footnotes":""},"class_list":["post-386","page","type-page","status-publish","hentry"],"yoast_head":"<!-- This site is optimized with the Yoast SEO Premium plugin v27.6 (Yoast SEO v27.6) - https:\/\/yoast.com\/product\/yoast-seo-premium-wordpress\/ -->\n<title>Maison de paroisse de Peseux - Paroisse de la C\u00f4te<\/title>\n<meta name=\"description\" content=\"POUR VENIR a la maison de paroisse de Peseux : Rue des Granges 8 \u2013 2034 Peseux Pour visualiser la carte, cliquer le lien suivant :\u00a0Localisation de la\" \/>\n<meta name=\"robots\" content=\"index, follow, max-snippet:-1, max-image-preview:large, max-video-preview:-1\" \/>\n<link rel=\"canonical\" href=\"https:\/\/www.eren.ch\/cote\/maison-de-paroisse-de-peseux\/\" \/>\n<meta property=\"og:locale\" content=\"fr_FR\" \/>\n<meta property=\"og:type\" content=\"article\" \/>\n<meta property=\"og:title\" content=\"Maison de paroisse de Peseux\" \/>\n<meta property=\"og:description\" content=\"POUR VENIR a la maison de paroisse de Peseux : Rue des Granges 8 \u2013 2034 Peseux Pour visualiser la carte, cliquer le lien suivant :\u00a0Localisation de la\" \/>\n<meta property=\"og:url\" content=\"https:\/\/www.eren.ch\/cote\/maison-de-paroisse-de-peseux\/\" \/>\n<meta property=\"og:site_name\" content=\"Paroisse de la C\u00f4te\" \/>\n<meta property=\"article:publisher\" content=\"https:\/\/www.facebook.com\/eglise.EREN\" \/>\n<meta property=\"article:modified_time\" content=\"2026-04-24T08:37:13+00:00\" \/>\n<meta property=\"og:image\" content=\"https:\/\/www.eren.ch\/cote\/wp-content\/uploads\/sites\/5\/2024\/05\/Granges8-2_Img_0269-scaled.jpg\" \/>\n\t<meta property=\"og:image:width\" content=\"2048\" \/>\n\t<meta property=\"og:image:height\" content=\"1536\" \/>\n\t<meta property=\"og:image:type\" content=\"image\/jpeg\" \/>\n<meta name=\"twitter:card\" content=\"summary_large_image\" \/>\n<meta name=\"twitter:site\" content=\"@EgliseEREN\" \/>\n<meta name=\"twitter:label1\" content=\"Dur\u00e9e de lecture estim\u00e9e\" \/>\n\t<meta name=\"twitter:data1\" content=\"2 minutes\" \/>\n<script type=\"application\/ld+json\" class=\"yoast-schema-graph\">{\"@context\":\"https:\\\/\\\/schema.org\",\"@graph\":[{\"@type\":\"WebPage\",\"@id\":\"https:\\\/\\\/www.eren.ch\\\/cote\\\/maison-de-paroisse-de-peseux\\\/\",\"url\":\"https:\\\/\\\/www.eren.ch\\\/cote\\\/maison-de-paroisse-de-peseux\\\/\",\"name\":\"Maison de paroisse de Peseux - Paroisse de la C\u00f4te\",\"isPartOf\":{\"@id\":\"https:\\\/\\\/www.eren.ch\\\/cote\\\/#website\"},\"primaryImageOfPage\":{\"@id\":\"https:\\\/\\\/www.eren.ch\\\/cote\\\/maison-de-paroisse-de-peseux\\\/#primaryimage\"},\"image\":{\"@id\":\"https:\\\/\\\/www.eren.ch\\\/cote\\\/maison-de-paroisse-de-peseux\\\/#primaryimage\"},\"thumbnailUrl\":\"https:\\\/\\\/www.eren.ch\\\/cote\\\/wp-content\\\/uploads\\\/sites\\\/5\\\/2023\\\/11\\\/Acces-Maison-de-paroisse-de-Peseux-Granges-8.jpg\",\"datePublished\":\"2016-11-30T13:57:18+00:00\",\"dateModified\":\"2026-04-24T08:37:13+00:00\",\"description\":\"POUR VENIR a la maison de paroisse de Peseux : Rue des Granges 8 \u2013 2034 Peseux Pour visualiser la carte, cliquer le lien suivant :\u00a0Localisation de la\",\"breadcrumb\":{\"@id\":\"https:\\\/\\\/www.eren.ch\\\/cote\\\/maison-de-paroisse-de-peseux\\\/#breadcrumb\"},\"inLanguage\":\"fr-FR\",\"potentialAction\":[{\"@type\":\"ReadAction\",\"target\":[\"https:\\\/\\\/www.eren.ch\\\/cote\\\/maison-de-paroisse-de-peseux\\\/\"]}]},{\"@type\":\"ImageObject\",\"inLanguage\":\"fr-FR\",\"@id\":\"https:\\\/\\\/www.eren.ch\\\/cote\\\/maison-de-paroisse-de-peseux\\\/#primaryimage\",\"url\":\"https:\\\/\\\/www.eren.ch\\\/cote\\\/wp-content\\\/uploads\\\/sites\\\/5\\\/2023\\\/11\\\/Acces-Maison-de-paroisse-de-Peseux-Granges-8.jpg\",\"contentUrl\":\"https:\\\/\\\/www.eren.ch\\\/cote\\\/wp-content\\\/uploads\\\/sites\\\/5\\\/2023\\\/11\\\/Acces-Maison-de-paroisse-de-Peseux-Granges-8.jpg\",\"width\":1407,\"height\":1053},{\"@type\":\"BreadcrumbList\",\"@id\":\"https:\\\/\\\/www.eren.ch\\\/cote\\\/maison-de-paroisse-de-peseux\\\/#breadcrumb\",\"itemListElement\":[{\"@type\":\"ListItem\",\"position\":1,\"name\":\"Accueil\",\"item\":\"https:\\\/\\\/www.eren.ch\\\/cote\\\/\"},{\"@type\":\"ListItem\",\"position\":2,\"name\":\"Maison de paroisse de Peseux\"}]},{\"@type\":\"WebSite\",\"@id\":\"https:\\\/\\\/www.eren.ch\\\/cote\\\/#website\",\"url\":\"https:\\\/\\\/www.eren.ch\\\/cote\\\/\",\"name\":\"Paroisse de la C\u00f4te\",\"description\":\"La pr\u00e9sence protestante reconnue \u00e0 Peseux et Corcelles-Cormondr\u00e8che\",\"publisher\":{\"@id\":\"https:\\\/\\\/www.eren.ch\\\/cote\\\/#organization\"},\"potentialAction\":[{\"@type\":\"SearchAction\",\"target\":{\"@type\":\"EntryPoint\",\"urlTemplate\":\"https:\\\/\\\/www.eren.ch\\\/cote\\\/?s={search_term_string}\"},\"query-input\":{\"@type\":\"PropertyValueSpecification\",\"valueRequired\":true,\"valueName\":\"search_term_string\"}}],\"inLanguage\":\"fr-FR\"},{\"@type\":\"Organization\",\"@id\":\"https:\\\/\\\/www.eren.ch\\\/cote\\\/#organization\",\"name\":\"Paroisse de La C\u00f4te\",\"url\":\"https:\\\/\\\/www.eren.ch\\\/cote\\\/\",\"logo\":{\"@type\":\"ImageObject\",\"inLanguage\":\"fr-FR\",\"@id\":\"https:\\\/\\\/www.eren.ch\\\/cote\\\/#\\\/schema\\\/logo\\\/image\\\/\",\"url\":\"https:\\\/\\\/www.eren.ch\\\/cote\\\/wp-content\\\/uploads\\\/sites\\\/5\\\/2019\\\/10\\\/logo-eren-carre.jpg\",\"contentUrl\":\"https:\\\/\\\/www.eren.ch\\\/cote\\\/wp-content\\\/uploads\\\/sites\\\/5\\\/2019\\\/10\\\/logo-eren-carre.jpg\",\"width\":512,\"height\":512,\"caption\":\"Paroisse de La C\u00f4te\"},\"image\":{\"@id\":\"https:\\\/\\\/www.eren.ch\\\/cote\\\/#\\\/schema\\\/logo\\\/image\\\/\"},\"sameAs\":[\"https:\\\/\\\/www.facebook.com\\\/eglise.EREN\",\"https:\\\/\\\/x.com\\\/EgliseEREN\",\"https:\\\/\\\/fr.wikipedia.org\\\/wiki\\\/\u00c9glise_r\u00e9form\u00e9e_\u00e9vang\u00e9lique_du_canton_de_Neuch\u00e2tel\"]}]}<\/script>\n<!-- \/ Yoast SEO Premium plugin. -->","yoast_head_json":{"title":"Maison de paroisse de Peseux - Paroisse de la C\u00f4te","description":"POUR VENIR a la maison de paroisse de Peseux : Rue des Granges 8 \u2013 2034 Peseux Pour visualiser la carte, cliquer le lien suivant :\u00a0Localisation de la","robots":{"index":"index","follow":"follow","max-snippet":"max-snippet:-1","max-image-preview":"max-image-preview:large","max-video-preview":"max-video-preview:-1"},"canonical":"https:\/\/www.eren.ch\/cote\/maison-de-paroisse-de-peseux\/","og_locale":"fr_FR","og_type":"article","og_title":"Maison de paroisse de Peseux","og_description":"POUR VENIR a la maison de paroisse de Peseux : Rue des Granges 8 \u2013 2034 Peseux Pour visualiser la carte, cliquer le lien suivant :\u00a0Localisation de la","og_url":"https:\/\/www.eren.ch\/cote\/maison-de-paroisse-de-peseux\/","og_site_name":"Paroisse de la C\u00f4te","article_publisher":"https:\/\/www.facebook.com\/eglise.EREN","article_modified_time":"2026-04-24T08:37:13+00:00","og_image":[{"width":2048,"height":1536,"url":"https:\/\/www.eren.ch\/cote\/wp-content\/uploads\/sites\/5\/2024\/05\/Granges8-2_Img_0269-scaled.jpg","type":"image\/jpeg"}],"twitter_card":"summary_large_image","twitter_site":"@EgliseEREN","twitter_misc":{"Dur\u00e9e de lecture estim\u00e9e":"2 minutes"},"schema":{"@context":"https:\/\/schema.org","@graph":[{"@type":"WebPage","@id":"https:\/\/www.eren.ch\/cote\/maison-de-paroisse-de-peseux\/","url":"https:\/\/www.eren.ch\/cote\/maison-de-paroisse-de-peseux\/","name":"Maison de paroisse de Peseux - Paroisse de la C\u00f4te","isPartOf":{"@id":"https:\/\/www.eren.ch\/cote\/#website"},"primaryImageOfPage":{"@id":"https:\/\/www.eren.ch\/cote\/maison-de-paroisse-de-peseux\/#primaryimage"},"image":{"@id":"https:\/\/www.eren.ch\/cote\/maison-de-paroisse-de-peseux\/#primaryimage"},"thumbnailUrl":"https:\/\/www.eren.ch\/cote\/wp-content\/uploads\/sites\/5\/2023\/11\/Acces-Maison-de-paroisse-de-Peseux-Granges-8.jpg","datePublished":"2016-11-30T13:57:18+00:00","dateModified":"2026-04-24T08:37:13+00:00","description":"POUR VENIR a la maison de paroisse de Peseux : Rue des Granges 8 \u2013 2034 Peseux Pour visualiser la carte, cliquer le lien suivant :\u00a0Localisation de la","breadcrumb":{"@id":"https:\/\/www.eren.ch\/cote\/maison-de-paroisse-de-peseux\/#breadcrumb"},"inLanguage":"fr-FR","potentialAction":[{"@type":"ReadAction","target":["https:\/\/www.eren.ch\/cote\/maison-de-paroisse-de-peseux\/"]}]},{"@type":"ImageObject","inLanguage":"fr-FR","@id":"https:\/\/www.eren.ch\/cote\/maison-de-paroisse-de-peseux\/#primaryimage","url":"https:\/\/www.eren.ch\/cote\/wp-content\/uploads\/sites\/5\/2023\/11\/Acces-Maison-de-paroisse-de-Peseux-Granges-8.jpg","contentUrl":"https:\/\/www.eren.ch\/cote\/wp-content\/uploads\/sites\/5\/2023\/11\/Acces-Maison-de-paroisse-de-Peseux-Granges-8.jpg","width":1407,"height":1053},{"@type":"BreadcrumbList","@id":"https:\/\/www.eren.ch\/cote\/maison-de-paroisse-de-peseux\/#breadcrumb","itemListElement":[{"@type":"ListItem","position":1,"name":"Accueil","item":"https:\/\/www.eren.ch\/cote\/"},{"@type":"ListItem","position":2,"name":"Maison de paroisse de Peseux"}]},{"@type":"WebSite","@id":"https:\/\/www.eren.ch\/cote\/#website","url":"https:\/\/www.eren.ch\/cote\/","name":"Paroisse de la C\u00f4te","description":"La pr\u00e9sence protestante reconnue \u00e0 Peseux et Corcelles-Cormondr\u00e8che","publisher":{"@id":"https:\/\/www.eren.ch\/cote\/#organization"},"potentialAction":[{"@type":"SearchAction","target":{"@type":"EntryPoint","urlTemplate":"https:\/\/www.eren.ch\/cote\/?s={search_term_string}"},"query-input":{"@type":"PropertyValueSpecification","valueRequired":true,"valueName":"search_term_string"}}],"inLanguage":"fr-FR"},{"@type":"Organization","@id":"https:\/\/www.eren.ch\/cote\/#organization","name":"Paroisse de La C\u00f4te","url":"https:\/\/www.eren.ch\/cote\/","logo":{"@type":"ImageObject","inLanguage":"fr-FR","@id":"https:\/\/www.eren.ch\/cote\/#\/schema\/logo\/image\/","url":"https:\/\/www.eren.ch\/cote\/wp-content\/uploads\/sites\/5\/2019\/10\/logo-eren-carre.jpg","contentUrl":"https:\/\/www.eren.ch\/cote\/wp-content\/uploads\/sites\/5\/2019\/10\/logo-eren-carre.jpg","width":512,"height":512,"caption":"Paroisse de La C\u00f4te"},"image":{"@id":"https:\/\/www.eren.ch\/cote\/#\/schema\/logo\/image\/"},"sameAs":["https:\/\/www.facebook.com\/eglise.EREN","https:\/\/x.com\/EgliseEREN","https:\/\/fr.wikipedia.org\/wiki\/\u00c9glise_r\u00e9form\u00e9e_\u00e9vang\u00e9lique_du_canton_de_Neuch\u00e2tel"]}]}},"_links":{"self":[{"href":"https:\/\/www.eren.ch\/cote\/wp-json\/wp\/v2\/pages\/386","targetHints":{"allow":["GET"]}}],"collection":[{"href":"https:\/\/www.eren.ch\/cote\/wp-json\/wp\/v2\/pages"}],"about":[{"href":"https:\/\/www.eren.ch\/cote\/wp-json\/wp\/v2\/types\/page"}],"author":[{"embeddable":true,"href":"https:\/\/www.eren.ch\/cote\/wp-json\/wp\/v2\/users\/6"}],"replies":[{"embeddable":true,"href":"https:\/\/www.eren.ch\/cote\/wp-json\/wp\/v2\/comments?post=386"}],"version-history":[{"count":0,"href":"https:\/\/www.eren.ch\/cote\/wp-json\/wp\/v2\/pages\/386\/revisions"}],"wp:attachment":[{"href":"https:\/\/www.eren.ch\/cote\/wp-json\/wp\/v2\/media?parent=386"}],"curies":[{"name":"wp","href":"https:\/\/api.w.org\/{rel}","templated":true}]}}