{"id":389,"date":"2016-11-30T14:58:52","date_gmt":"2016-11-30T13:58:52","guid":{"rendered":"https:\/\/www.eren.ch\/cote\/?page_id=389"},"modified":"2026-04-24T10:34:39","modified_gmt":"2026-04-24T08:34:39","slug":"salle-de-paroisse-de-corcelles","status":"publish","type":"page","link":"https:\/\/www.eren.ch\/cote\/salle-de-paroisse-de-corcelles\/","title":{"rendered":"Salle de paroisse de Corcelles"},"content":{"rendered":"<h4 class=\"Style1\" style=\"text-align: left\"><strong>POUR VENIR \u00c0 LA Salle\u00a0DE PAROISSE DE Corcelles\u00a0:<\/strong><\/h4>\n<p class=\"Style1\" style=\"text-align: left\">Rue de la Cure 6 &#8211; 2035\u00a0Corcelles<\/p>\n<p class=\"Style1\" style=\"text-align: left\">Pour visualiser la carte, cliquer le lien suivant : <a href=\"https:\/\/maps.app.goo.gl\/1oSNoQDUKhM6tDRXA\" target=\"_blank\" rel=\"noopener noreferrer\">Localisation de la Salle\u00a0de paroisse de\u00a0Corcelles<\/a><\/p>\n<p style=\"text-align: left\">Acc\u00e8s :<\/p>\n<p style=\"text-align: left\"><img decoding=\"async\" class=\"alignnone size-full wp-image-1059\" src=\"https:\/\/www.eren.ch\/cote\/wp-content\/uploads\/sites\/5\/2020\/03\/Cure6.jpeg\" alt=\"\" width=\"1178\" height=\"802\" srcset=\"https:\/\/www.eren.ch\/cote\/wp-content\/uploads\/sites\/5\/2020\/03\/Cure6.jpeg 1178w, https:\/\/www.eren.ch\/cote\/wp-content\/uploads\/sites\/5\/2020\/03\/Cure6-300x204.jpeg 300w, https:\/\/www.eren.ch\/cote\/wp-content\/uploads\/sites\/5\/2020\/03\/Cure6-1024x697.jpeg 1024w, https:\/\/www.eren.ch\/cote\/wp-content\/uploads\/sites\/5\/2020\/03\/Cure6-768x523.jpeg 768w\" sizes=\"(max-width: 709px) 85vw, (max-width: 909px) 67vw, (max-width: 1362px) 62vw, 840px\" \/><\/p>\n<h4 style=\"text-align: left\"><strong>POUR R\u00c9SERVER la\u00a0SALLE DE PAROISSE, CONTACTER :<\/strong><\/h4>\n<p style=\"text-align: left\">Mme Xenia Guillaume, t\u00e9l.: 079 297 20 30, &lt;<a href=\"mailto:xenia.guillaume@gmail.com\">xenia.guillaume@gmail.com<\/a>&gt;<\/p>\n<div class=\"entry-content\">\n<div class=\"page\" title=\"Page 1\">\n<div class=\"layoutArea\">\n<div class=\"column\">\n<p>Pour voir les tarifs de location indicatifs des locaux paroissiaux,\u00a0<a href=\"https:\/\/drive.google.com\/file\/d\/1dffEdH1MVfImI8a40MN83vkjF9Tm00ZX\/view?usp=sharing\" target=\"_blank\" rel=\"noopener\"><strong>CLIQUER ICI<\/strong><\/a><\/p>\n<p><img decoding=\"async\" class=\"aligncenter wp-image-4238 size-large\" src=\"https:\/\/www.eren.ch\/cote\/wp-content\/uploads\/sites\/5\/2026\/04\/Locaux-paroissiaux-Cure-6-tarifs-de-location-indicatifs-pour-internet_04.2026-724x1024.jpg\" alt=\"\" width=\"724\" height=\"1024\" srcset=\"https:\/\/www.eren.ch\/cote\/wp-content\/uploads\/sites\/5\/2026\/04\/Locaux-paroissiaux-Cure-6-tarifs-de-location-indicatifs-pour-internet_04.2026-724x1024.jpg 724w, https:\/\/www.eren.ch\/cote\/wp-content\/uploads\/sites\/5\/2026\/04\/Locaux-paroissiaux-Cure-6-tarifs-de-location-indicatifs-pour-internet_04.2026-212x300.jpg 212w, https:\/\/www.eren.ch\/cote\/wp-content\/uploads\/sites\/5\/2026\/04\/Locaux-paroissiaux-Cure-6-tarifs-de-location-indicatifs-pour-internet_04.2026-768x1086.jpg 768w, https:\/\/www.eren.ch\/cote\/wp-content\/uploads\/sites\/5\/2026\/04\/Locaux-paroissiaux-Cure-6-tarifs-de-location-indicatifs-pour-internet_04.2026-1086x1536.jpg 1086w, https:\/\/www.eren.ch\/cote\/wp-content\/uploads\/sites\/5\/2026\/04\/Locaux-paroissiaux-Cure-6-tarifs-de-location-indicatifs-pour-internet_04.2026-1448x2048.jpg 1448w, https:\/\/www.eren.ch\/cote\/wp-content\/uploads\/sites\/5\/2026\/04\/Locaux-paroissiaux-Cure-6-tarifs-de-location-indicatifs-pour-internet_04.2026-1200x1697.jpg 1200w, https:\/\/www.eren.ch\/cote\/wp-content\/uploads\/sites\/5\/2026\/04\/Locaux-paroissiaux-Cure-6-tarifs-de-location-indicatifs-pour-internet_04.2026-scaled.jpg 1810w\" sizes=\"(max-width: 724px) 85vw, 724px\" \/><\/p>\n<\/div>\n<\/div>\n<\/div>\n<\/div>\n\n\n<figure class=\"wp-block-image size-large\"><a href=\"https:\/\/www.eren.ch\/cote\/wp-content\/uploads\/sites\/5\/2024\/05\/Cure6-2_Img_0399-2-scaled.jpg\"><img decoding=\"async\" width=\"1024\" height=\"768\" src=\"https:\/\/www.eren.ch\/cote\/wp-content\/uploads\/sites\/5\/2024\/05\/Cure6-2_Img_0399-2-1024x768.jpg\" alt=\"Salle de paroisse de Corcelles (NE)\" class=\"wp-image-3558\" srcset=\"https:\/\/www.eren.ch\/cote\/wp-content\/uploads\/sites\/5\/2024\/05\/Cure6-2_Img_0399-2-1024x768.jpg 1024w, https:\/\/www.eren.ch\/cote\/wp-content\/uploads\/sites\/5\/2024\/05\/Cure6-2_Img_0399-2-300x225.jpg 300w, https:\/\/www.eren.ch\/cote\/wp-content\/uploads\/sites\/5\/2024\/05\/Cure6-2_Img_0399-2-768x576.jpg 768w, https:\/\/www.eren.ch\/cote\/wp-content\/uploads\/sites\/5\/2024\/05\/Cure6-2_Img_0399-2-1536x1152.jpg 1536w, https:\/\/www.eren.ch\/cote\/wp-content\/uploads\/sites\/5\/2024\/05\/Cure6-2_Img_0399-2-scaled.jpg 2048w, https:\/\/www.eren.ch\/cote\/wp-content\/uploads\/sites\/5\/2024\/05\/Cure6-2_Img_0399-2-1200x900.jpg 1200w\" sizes=\"(max-width: 709px) 85vw, (max-width: 909px) 67vw, (max-width: 1362px) 62vw, 840px\" \/><\/a><\/figure>\n","protected":false},"excerpt":{"rendered":"<p>POUR VENIR \u00c0 LA Salle\u00a0DE PAROISSE DE Corcelles\u00a0: Rue de la Cure 6 &#8211; 2035\u00a0Corcelles Pour visualiser la carte, cliquer le lien suivant : Localisation de la Salle\u00a0de paroisse de\u00a0Corcelles Acc\u00e8s : POUR R\u00c9SERVER la\u00a0SALLE DE PAROISSE, CONTACTER : Mme Xenia Guillaume, t\u00e9l.: 079 297 20 30, &lt;xenia.guillaume@gmail.com&gt; Pour voir les tarifs de location indicatifs &hellip; <a href=\"https:\/\/www.eren.ch\/cote\/salle-de-paroisse-de-corcelles\/\" class=\"more-link\">Continuer la lecture<span class=\"screen-reader-text\"> de &laquo;&nbsp;Salle de paroisse de Corcelles&nbsp;&raquo;<\/span><\/a><\/p>\n","protected":false},"author":6,"featured_media":0,"parent":0,"menu_order":0,"comment_status":"closed","ping_status":"closed","template":"","meta":{"footnotes":""},"class_list":["post-389","page","type-page","status-publish","hentry"],"yoast_head":"<!-- This site is optimized with the Yoast SEO Premium plugin v27.6 (Yoast SEO v27.6) - https:\/\/yoast.com\/product\/yoast-seo-premium-wordpress\/ -->\n<title>Salle de paroisse de Corcelles - Paroisse de la C\u00f4te<\/title>\n<meta name=\"description\" content=\"POUR VENIR \u00c0 LA Salle\u00a0DE PAROISSE DE Corcelles\u00a0: Rue de la Cure 6 - 2035\u00a0Corcelles Pour visualiser la carte, cliquer le lien suivant : Localisation de la\" \/>\n<meta name=\"robots\" content=\"index, follow, max-snippet:-1, max-image-preview:large, max-video-preview:-1\" \/>\n<link rel=\"canonical\" href=\"https:\/\/www.eren.ch\/cote\/salle-de-paroisse-de-corcelles\/\" \/>\n<meta property=\"og:locale\" content=\"fr_FR\" \/>\n<meta property=\"og:type\" content=\"article\" \/>\n<meta property=\"og:title\" content=\"Salle de paroisse de Corcelles\" \/>\n<meta property=\"og:description\" content=\"POUR VENIR \u00c0 LA Salle\u00a0DE PAROISSE DE Corcelles\u00a0: Rue de la Cure 6 - 2035\u00a0Corcelles Pour visualiser la carte, cliquer le lien suivant : Localisation de la\" \/>\n<meta property=\"og:url\" content=\"https:\/\/www.eren.ch\/cote\/salle-de-paroisse-de-corcelles\/\" \/>\n<meta property=\"og:site_name\" content=\"Paroisse de la C\u00f4te\" \/>\n<meta property=\"article:publisher\" content=\"https:\/\/www.facebook.com\/eglise.EREN\" \/>\n<meta property=\"article:modified_time\" content=\"2026-04-24T08:34:39+00:00\" \/>\n<meta property=\"og:image\" content=\"https:\/\/www.eren.ch\/cote\/wp-content\/uploads\/sites\/5\/2024\/05\/Cure6-2_Img_0399-2-scaled.jpg\" \/>\n\t<meta property=\"og:image:width\" content=\"2048\" \/>\n\t<meta property=\"og:image:height\" content=\"1536\" \/>\n\t<meta property=\"og:image:type\" content=\"image\/jpeg\" \/>\n<meta name=\"twitter:card\" content=\"summary_large_image\" \/>\n<meta name=\"twitter:site\" content=\"@EgliseEREN\" \/>\n<meta name=\"twitter:label1\" content=\"Dur\u00e9e de lecture estim\u00e9e\" \/>\n\t<meta name=\"twitter:data1\" content=\"1 minute\" \/>\n<script type=\"application\/ld+json\" class=\"yoast-schema-graph\">{\"@context\":\"https:\\\/\\\/schema.org\",\"@graph\":[{\"@type\":\"WebPage\",\"@id\":\"https:\\\/\\\/www.eren.ch\\\/cote\\\/salle-de-paroisse-de-corcelles\\\/\",\"url\":\"https:\\\/\\\/www.eren.ch\\\/cote\\\/salle-de-paroisse-de-corcelles\\\/\",\"name\":\"Salle de paroisse de Corcelles - Paroisse de la C\u00f4te\",\"isPartOf\":{\"@id\":\"https:\\\/\\\/www.eren.ch\\\/cote\\\/#website\"},\"primaryImageOfPage\":{\"@id\":\"https:\\\/\\\/www.eren.ch\\\/cote\\\/salle-de-paroisse-de-corcelles\\\/#primaryimage\"},\"image\":{\"@id\":\"https:\\\/\\\/www.eren.ch\\\/cote\\\/salle-de-paroisse-de-corcelles\\\/#primaryimage\"},\"thumbnailUrl\":\"https:\\\/\\\/www.eren.ch\\\/cote\\\/wp-content\\\/uploads\\\/sites\\\/5\\\/2020\\\/03\\\/Cure6.jpeg\",\"datePublished\":\"2016-11-30T13:58:52+00:00\",\"dateModified\":\"2026-04-24T08:34:39+00:00\",\"description\":\"POUR VENIR \u00c0 LA Salle\u00a0DE PAROISSE DE Corcelles\u00a0: Rue de la Cure 6 - 2035\u00a0Corcelles Pour visualiser la carte, cliquer le lien suivant : Localisation de la\",\"breadcrumb\":{\"@id\":\"https:\\\/\\\/www.eren.ch\\\/cote\\\/salle-de-paroisse-de-corcelles\\\/#breadcrumb\"},\"inLanguage\":\"fr-FR\",\"potentialAction\":[{\"@type\":\"ReadAction\",\"target\":[\"https:\\\/\\\/www.eren.ch\\\/cote\\\/salle-de-paroisse-de-corcelles\\\/\"]}]},{\"@type\":\"ImageObject\",\"inLanguage\":\"fr-FR\",\"@id\":\"https:\\\/\\\/www.eren.ch\\\/cote\\\/salle-de-paroisse-de-corcelles\\\/#primaryimage\",\"url\":\"https:\\\/\\\/www.eren.ch\\\/cote\\\/wp-content\\\/uploads\\\/sites\\\/5\\\/2020\\\/03\\\/Cure6.jpeg\",\"contentUrl\":\"https:\\\/\\\/www.eren.ch\\\/cote\\\/wp-content\\\/uploads\\\/sites\\\/5\\\/2020\\\/03\\\/Cure6.jpeg\",\"width\":1178,\"height\":802},{\"@type\":\"BreadcrumbList\",\"@id\":\"https:\\\/\\\/www.eren.ch\\\/cote\\\/salle-de-paroisse-de-corcelles\\\/#breadcrumb\",\"itemListElement\":[{\"@type\":\"ListItem\",\"position\":1,\"name\":\"Accueil\",\"item\":\"https:\\\/\\\/www.eren.ch\\\/cote\\\/\"},{\"@type\":\"ListItem\",\"position\":2,\"name\":\"Salle de paroisse de Corcelles\"}]},{\"@type\":\"WebSite\",\"@id\":\"https:\\\/\\\/www.eren.ch\\\/cote\\\/#website\",\"url\":\"https:\\\/\\\/www.eren.ch\\\/cote\\\/\",\"name\":\"Paroisse de la C\u00f4te\",\"description\":\"La pr\u00e9sence protestante reconnue \u00e0 Peseux et Corcelles-Cormondr\u00e8che\",\"publisher\":{\"@id\":\"https:\\\/\\\/www.eren.ch\\\/cote\\\/#organization\"},\"potentialAction\":[{\"@type\":\"SearchAction\",\"target\":{\"@type\":\"EntryPoint\",\"urlTemplate\":\"https:\\\/\\\/www.eren.ch\\\/cote\\\/?s={search_term_string}\"},\"query-input\":{\"@type\":\"PropertyValueSpecification\",\"valueRequired\":true,\"valueName\":\"search_term_string\"}}],\"inLanguage\":\"fr-FR\"},{\"@type\":\"Organization\",\"@id\":\"https:\\\/\\\/www.eren.ch\\\/cote\\\/#organization\",\"name\":\"Paroisse de La C\u00f4te\",\"url\":\"https:\\\/\\\/www.eren.ch\\\/cote\\\/\",\"logo\":{\"@type\":\"ImageObject\",\"inLanguage\":\"fr-FR\",\"@id\":\"https:\\\/\\\/www.eren.ch\\\/cote\\\/#\\\/schema\\\/logo\\\/image\\\/\",\"url\":\"https:\\\/\\\/www.eren.ch\\\/cote\\\/wp-content\\\/uploads\\\/sites\\\/5\\\/2019\\\/10\\\/logo-eren-carre.jpg\",\"contentUrl\":\"https:\\\/\\\/www.eren.ch\\\/cote\\\/wp-content\\\/uploads\\\/sites\\\/5\\\/2019\\\/10\\\/logo-eren-carre.jpg\",\"width\":512,\"height\":512,\"caption\":\"Paroisse de La C\u00f4te\"},\"image\":{\"@id\":\"https:\\\/\\\/www.eren.ch\\\/cote\\\/#\\\/schema\\\/logo\\\/image\\\/\"},\"sameAs\":[\"https:\\\/\\\/www.facebook.com\\\/eglise.EREN\",\"https:\\\/\\\/x.com\\\/EgliseEREN\",\"https:\\\/\\\/fr.wikipedia.org\\\/wiki\\\/\u00c9glise_r\u00e9form\u00e9e_\u00e9vang\u00e9lique_du_canton_de_Neuch\u00e2tel\"]}]}<\/script>\n<!-- \/ Yoast SEO Premium plugin. -->","yoast_head_json":{"title":"Salle de paroisse de Corcelles - Paroisse de la C\u00f4te","description":"POUR VENIR \u00c0 LA Salle\u00a0DE PAROISSE DE Corcelles\u00a0: Rue de la Cure 6 - 2035\u00a0Corcelles Pour visualiser la carte, cliquer le lien suivant : Localisation de la","robots":{"index":"index","follow":"follow","max-snippet":"max-snippet:-1","max-image-preview":"max-image-preview:large","max-video-preview":"max-video-preview:-1"},"canonical":"https:\/\/www.eren.ch\/cote\/salle-de-paroisse-de-corcelles\/","og_locale":"fr_FR","og_type":"article","og_title":"Salle de paroisse de Corcelles","og_description":"POUR VENIR \u00c0 LA Salle\u00a0DE PAROISSE DE Corcelles\u00a0: Rue de la Cure 6 - 2035\u00a0Corcelles Pour visualiser la carte, cliquer le lien suivant : Localisation de la","og_url":"https:\/\/www.eren.ch\/cote\/salle-de-paroisse-de-corcelles\/","og_site_name":"Paroisse de la C\u00f4te","article_publisher":"https:\/\/www.facebook.com\/eglise.EREN","article_modified_time":"2026-04-24T08:34:39+00:00","og_image":[{"width":2048,"height":1536,"url":"https:\/\/www.eren.ch\/cote\/wp-content\/uploads\/sites\/5\/2024\/05\/Cure6-2_Img_0399-2-scaled.jpg","type":"image\/jpeg"}],"twitter_card":"summary_large_image","twitter_site":"@EgliseEREN","twitter_misc":{"Dur\u00e9e de lecture estim\u00e9e":"1 minute"},"schema":{"@context":"https:\/\/schema.org","@graph":[{"@type":"WebPage","@id":"https:\/\/www.eren.ch\/cote\/salle-de-paroisse-de-corcelles\/","url":"https:\/\/www.eren.ch\/cote\/salle-de-paroisse-de-corcelles\/","name":"Salle de paroisse de Corcelles - Paroisse de la C\u00f4te","isPartOf":{"@id":"https:\/\/www.eren.ch\/cote\/#website"},"primaryImageOfPage":{"@id":"https:\/\/www.eren.ch\/cote\/salle-de-paroisse-de-corcelles\/#primaryimage"},"image":{"@id":"https:\/\/www.eren.ch\/cote\/salle-de-paroisse-de-corcelles\/#primaryimage"},"thumbnailUrl":"https:\/\/www.eren.ch\/cote\/wp-content\/uploads\/sites\/5\/2020\/03\/Cure6.jpeg","datePublished":"2016-11-30T13:58:52+00:00","dateModified":"2026-04-24T08:34:39+00:00","description":"POUR VENIR \u00c0 LA Salle\u00a0DE PAROISSE DE Corcelles\u00a0: Rue de la Cure 6 - 2035\u00a0Corcelles Pour visualiser la carte, cliquer le lien suivant : Localisation de la","breadcrumb":{"@id":"https:\/\/www.eren.ch\/cote\/salle-de-paroisse-de-corcelles\/#breadcrumb"},"inLanguage":"fr-FR","potentialAction":[{"@type":"ReadAction","target":["https:\/\/www.eren.ch\/cote\/salle-de-paroisse-de-corcelles\/"]}]},{"@type":"ImageObject","inLanguage":"fr-FR","@id":"https:\/\/www.eren.ch\/cote\/salle-de-paroisse-de-corcelles\/#primaryimage","url":"https:\/\/www.eren.ch\/cote\/wp-content\/uploads\/sites\/5\/2020\/03\/Cure6.jpeg","contentUrl":"https:\/\/www.eren.ch\/cote\/wp-content\/uploads\/sites\/5\/2020\/03\/Cure6.jpeg","width":1178,"height":802},{"@type":"BreadcrumbList","@id":"https:\/\/www.eren.ch\/cote\/salle-de-paroisse-de-corcelles\/#breadcrumb","itemListElement":[{"@type":"ListItem","position":1,"name":"Accueil","item":"https:\/\/www.eren.ch\/cote\/"},{"@type":"ListItem","position":2,"name":"Salle de paroisse de Corcelles"}]},{"@type":"WebSite","@id":"https:\/\/www.eren.ch\/cote\/#website","url":"https:\/\/www.eren.ch\/cote\/","name":"Paroisse de la C\u00f4te","description":"La pr\u00e9sence protestante reconnue \u00e0 Peseux et Corcelles-Cormondr\u00e8che","publisher":{"@id":"https:\/\/www.eren.ch\/cote\/#organization"},"potentialAction":[{"@type":"SearchAction","target":{"@type":"EntryPoint","urlTemplate":"https:\/\/www.eren.ch\/cote\/?s={search_term_string}"},"query-input":{"@type":"PropertyValueSpecification","valueRequired":true,"valueName":"search_term_string"}}],"inLanguage":"fr-FR"},{"@type":"Organization","@id":"https:\/\/www.eren.ch\/cote\/#organization","name":"Paroisse de La C\u00f4te","url":"https:\/\/www.eren.ch\/cote\/","logo":{"@type":"ImageObject","inLanguage":"fr-FR","@id":"https:\/\/www.eren.ch\/cote\/#\/schema\/logo\/image\/","url":"https:\/\/www.eren.ch\/cote\/wp-content\/uploads\/sites\/5\/2019\/10\/logo-eren-carre.jpg","contentUrl":"https:\/\/www.eren.ch\/cote\/wp-content\/uploads\/sites\/5\/2019\/10\/logo-eren-carre.jpg","width":512,"height":512,"caption":"Paroisse de La C\u00f4te"},"image":{"@id":"https:\/\/www.eren.ch\/cote\/#\/schema\/logo\/image\/"},"sameAs":["https:\/\/www.facebook.com\/eglise.EREN","https:\/\/x.com\/EgliseEREN","https:\/\/fr.wikipedia.org\/wiki\/\u00c9glise_r\u00e9form\u00e9e_\u00e9vang\u00e9lique_du_canton_de_Neuch\u00e2tel"]}]}},"_links":{"self":[{"href":"https:\/\/www.eren.ch\/cote\/wp-json\/wp\/v2\/pages\/389","targetHints":{"allow":["GET"]}}],"collection":[{"href":"https:\/\/www.eren.ch\/cote\/wp-json\/wp\/v2\/pages"}],"about":[{"href":"https:\/\/www.eren.ch\/cote\/wp-json\/wp\/v2\/types\/page"}],"author":[{"embeddable":true,"href":"https:\/\/www.eren.ch\/cote\/wp-json\/wp\/v2\/users\/6"}],"replies":[{"embeddable":true,"href":"https:\/\/www.eren.ch\/cote\/wp-json\/wp\/v2\/comments?post=389"}],"version-history":[{"count":0,"href":"https:\/\/www.eren.ch\/cote\/wp-json\/wp\/v2\/pages\/389\/revisions"}],"wp:attachment":[{"href":"https:\/\/www.eren.ch\/cote\/wp-json\/wp\/v2\/media?parent=389"}],"curies":[{"name":"wp","href":"https:\/\/api.w.org\/{rel}","templated":true}]}}