{"id":80,"date":"2016-04-16T10:16:23","date_gmt":"2016-04-16T08:16:23","guid":{"rendered":"https:\/\/www.eren.ch\/cote\/?page_id=80"},"modified":"2020-04-13T16:31:37","modified_gmt":"2020-04-13T14:31:37","slug":"historique-de-paroisse","status":"publish","type":"page","link":"https:\/\/www.eren.ch\/cote\/historique-de-paroisse\/","title":{"rendered":"Historique de la paroisse"},"content":{"rendered":"<h4 style=\"text-align: left\">Naissance\u00a0de la paroisse actuelle<\/h4>\n<p style=\"text-align: left\">La paroisse r\u00e9form\u00e9e de La C\u00f4te est compos\u00e9e des anciennes paroisses r\u00e9form\u00e9es de Corcelles-Cormondr\u00e8che et de Peseux. Elle est issue de la d\u00e9cision du Synode (organe parlementaire) de l&rsquo;<a href=\"https:\/\/www.eren.ch\/\" target=\"_blank\" rel=\"noopener noreferrer\">\u00c9glise r\u00e9form\u00e9e \u00e9vang\u00e9lique du canton de Neuch\u00e2tel (EREN)<\/a> qui a d\u00e9cid\u00e9, lors du Synode de d\u00e9cembre 2002, du regroupement, en 12 paroisses des 52 anciennes paroisses du canton (actuellement l&rsquo;EREN compte <a href=\"https:\/\/www.eren.ch\/paroisses\/\" target=\"_blank\" rel=\"noopener noreferrer\">9 paroisses<\/a>).<\/p>\n<p style=\"text-align: left\">Nos deux paroisses ayant d\u00e9j\u00e0 entrepris depuis plusieurs ann\u00e9es un rapprochement pour beaucoup de leurs activit\u00e9s, la fusion s&rsquo;est av\u00e9r\u00e9e la solution la plus pertinente. Elle permet ainsi de garder une certaine valeur du contact et de la proximit\u00e9. La cr\u00e9ation de la nouvelle paroisse a \u00e9t\u00e9 ratifi\u00e9e lors de l&rsquo;assembl\u00e9e de paroisse du 1er\u00a0mai 2003 et par le Conseil synodal (organe ex\u00e9cutif de l&rsquo;Eglise cantonale) en juin de la m\u00eame ann\u00e9e.<\/p>\n","protected":false},"excerpt":{"rendered":"<p>Naissance\u00a0de la paroisse actuelle La paroisse r\u00e9form\u00e9e de La C\u00f4te est compos\u00e9e des anciennes paroisses r\u00e9form\u00e9es de Corcelles-Cormondr\u00e8che et de Peseux. Elle est issue de la d\u00e9cision du Synode (organe parlementaire) de l&rsquo;\u00c9glise r\u00e9form\u00e9e \u00e9vang\u00e9lique du canton de Neuch\u00e2tel (EREN) qui a d\u00e9cid\u00e9, lors du Synode de d\u00e9cembre 2002, du regroupement, en 12 paroisses des &hellip; <a href=\"https:\/\/www.eren.ch\/cote\/historique-de-paroisse\/\" class=\"more-link\">Continuer la lecture<span class=\"screen-reader-text\"> de &laquo;&nbsp;Historique de la paroisse&nbsp;&raquo;<\/span><\/a><\/p>\n","protected":false},"author":6,"featured_media":0,"parent":0,"menu_order":0,"comment_status":"closed","ping_status":"closed","template":"","meta":{"footnotes":""},"class_list":["post-80","page","type-page","status-publish","hentry"],"yoast_head":"<!-- This site is optimized with the Yoast SEO Premium plugin v27.4 (Yoast SEO v27.4) - https:\/\/yoast.com\/product\/yoast-seo-premium-wordpress\/ -->\n<title>Historique de la paroisse - Paroisse de la C\u00f4te<\/title>\n<meta name=\"description\" content=\"Naissance\u00a0de la paroisse actuelle La paroisse r\u00e9form\u00e9e de La C\u00f4te est compos\u00e9e des anciennes paroisses r\u00e9form\u00e9es de Corcelles-Cormondr\u00e8che et de Peseux.\" \/>\n<meta name=\"robots\" content=\"index, follow, max-snippet:-1, max-image-preview:large, max-video-preview:-1\" \/>\n<link rel=\"canonical\" href=\"https:\/\/www.eren.ch\/cote\/historique-de-paroisse\/\" \/>\n<meta property=\"og:locale\" content=\"fr_FR\" \/>\n<meta property=\"og:type\" content=\"article\" \/>\n<meta property=\"og:title\" content=\"Historique de la paroisse\" \/>\n<meta property=\"og:description\" content=\"Naissance\u00a0de la paroisse actuelle La paroisse r\u00e9form\u00e9e de La C\u00f4te est compos\u00e9e des anciennes paroisses r\u00e9form\u00e9es de Corcelles-Cormondr\u00e8che et de Peseux.\" \/>\n<meta property=\"og:url\" content=\"https:\/\/www.eren.ch\/cote\/historique-de-paroisse\/\" \/>\n<meta property=\"og:site_name\" content=\"Paroisse de la C\u00f4te\" \/>\n<meta property=\"article:publisher\" content=\"https:\/\/www.facebook.com\/eglise.EREN\" \/>\n<meta property=\"article:modified_time\" content=\"2020-04-13T14:31:37+00:00\" \/>\n<meta name=\"twitter:card\" content=\"summary_large_image\" \/>\n<meta name=\"twitter:site\" content=\"@EgliseEREN\" \/>\n<meta name=\"twitter:label1\" content=\"Dur\u00e9e de lecture estim\u00e9e\" \/>\n\t<meta name=\"twitter:data1\" content=\"1 minute\" \/>\n<script type=\"application\/ld+json\" class=\"yoast-schema-graph\">{\"@context\":\"https:\\\/\\\/schema.org\",\"@graph\":[{\"@type\":\"WebPage\",\"@id\":\"https:\\\/\\\/www.eren.ch\\\/cote\\\/historique-de-paroisse\\\/\",\"url\":\"https:\\\/\\\/www.eren.ch\\\/cote\\\/historique-de-paroisse\\\/\",\"name\":\"Historique de la paroisse - Paroisse de la C\u00f4te\",\"isPartOf\":{\"@id\":\"https:\\\/\\\/www.eren.ch\\\/cote\\\/#website\"},\"datePublished\":\"2016-04-16T08:16:23+00:00\",\"dateModified\":\"2020-04-13T14:31:37+00:00\",\"description\":\"Naissance\u00a0de la paroisse actuelle La paroisse r\u00e9form\u00e9e de La C\u00f4te est compos\u00e9e des anciennes paroisses r\u00e9form\u00e9es de Corcelles-Cormondr\u00e8che et de Peseux.\",\"breadcrumb\":{\"@id\":\"https:\\\/\\\/www.eren.ch\\\/cote\\\/historique-de-paroisse\\\/#breadcrumb\"},\"inLanguage\":\"fr-FR\",\"potentialAction\":[{\"@type\":\"ReadAction\",\"target\":[\"https:\\\/\\\/www.eren.ch\\\/cote\\\/historique-de-paroisse\\\/\"]}]},{\"@type\":\"BreadcrumbList\",\"@id\":\"https:\\\/\\\/www.eren.ch\\\/cote\\\/historique-de-paroisse\\\/#breadcrumb\",\"itemListElement\":[{\"@type\":\"ListItem\",\"position\":1,\"name\":\"Accueil\",\"item\":\"https:\\\/\\\/www.eren.ch\\\/cote\\\/\"},{\"@type\":\"ListItem\",\"position\":2,\"name\":\"Historique de la paroisse\"}]},{\"@type\":\"WebSite\",\"@id\":\"https:\\\/\\\/www.eren.ch\\\/cote\\\/#website\",\"url\":\"https:\\\/\\\/www.eren.ch\\\/cote\\\/\",\"name\":\"Paroisse de la C\u00f4te\",\"description\":\"La pr\u00e9sence protestante reconnue \u00e0 Peseux et Corcelles-Cormondr\u00e8che\",\"publisher\":{\"@id\":\"https:\\\/\\\/www.eren.ch\\\/cote\\\/#organization\"},\"potentialAction\":[{\"@type\":\"SearchAction\",\"target\":{\"@type\":\"EntryPoint\",\"urlTemplate\":\"https:\\\/\\\/www.eren.ch\\\/cote\\\/?s={search_term_string}\"},\"query-input\":{\"@type\":\"PropertyValueSpecification\",\"valueRequired\":true,\"valueName\":\"search_term_string\"}}],\"inLanguage\":\"fr-FR\"},{\"@type\":\"Organization\",\"@id\":\"https:\\\/\\\/www.eren.ch\\\/cote\\\/#organization\",\"name\":\"Paroisse de La C\u00f4te\",\"url\":\"https:\\\/\\\/www.eren.ch\\\/cote\\\/\",\"logo\":{\"@type\":\"ImageObject\",\"inLanguage\":\"fr-FR\",\"@id\":\"https:\\\/\\\/www.eren.ch\\\/cote\\\/#\\\/schema\\\/logo\\\/image\\\/\",\"url\":\"https:\\\/\\\/www.eren.ch\\\/cote\\\/wp-content\\\/uploads\\\/sites\\\/5\\\/2019\\\/10\\\/logo-eren-carre.jpg\",\"contentUrl\":\"https:\\\/\\\/www.eren.ch\\\/cote\\\/wp-content\\\/uploads\\\/sites\\\/5\\\/2019\\\/10\\\/logo-eren-carre.jpg\",\"width\":512,\"height\":512,\"caption\":\"Paroisse de La C\u00f4te\"},\"image\":{\"@id\":\"https:\\\/\\\/www.eren.ch\\\/cote\\\/#\\\/schema\\\/logo\\\/image\\\/\"},\"sameAs\":[\"https:\\\/\\\/www.facebook.com\\\/eglise.EREN\",\"https:\\\/\\\/x.com\\\/EgliseEREN\",\"https:\\\/\\\/fr.wikipedia.org\\\/wiki\\\/\u00c9glise_r\u00e9form\u00e9e_\u00e9vang\u00e9lique_du_canton_de_Neuch\u00e2tel\"]}]}<\/script>\n<!-- \/ Yoast SEO Premium plugin. -->","yoast_head_json":{"title":"Historique de la paroisse - Paroisse de la C\u00f4te","description":"Naissance\u00a0de la paroisse actuelle La paroisse r\u00e9form\u00e9e de La C\u00f4te est compos\u00e9e des anciennes paroisses r\u00e9form\u00e9es de Corcelles-Cormondr\u00e8che et de Peseux.","robots":{"index":"index","follow":"follow","max-snippet":"max-snippet:-1","max-image-preview":"max-image-preview:large","max-video-preview":"max-video-preview:-1"},"canonical":"https:\/\/www.eren.ch\/cote\/historique-de-paroisse\/","og_locale":"fr_FR","og_type":"article","og_title":"Historique de la paroisse","og_description":"Naissance\u00a0de la paroisse actuelle La paroisse r\u00e9form\u00e9e de La C\u00f4te est compos\u00e9e des anciennes paroisses r\u00e9form\u00e9es de Corcelles-Cormondr\u00e8che et de Peseux.","og_url":"https:\/\/www.eren.ch\/cote\/historique-de-paroisse\/","og_site_name":"Paroisse de la C\u00f4te","article_publisher":"https:\/\/www.facebook.com\/eglise.EREN","article_modified_time":"2020-04-13T14:31:37+00:00","twitter_card":"summary_large_image","twitter_site":"@EgliseEREN","twitter_misc":{"Dur\u00e9e de lecture estim\u00e9e":"1 minute"},"schema":{"@context":"https:\/\/schema.org","@graph":[{"@type":"WebPage","@id":"https:\/\/www.eren.ch\/cote\/historique-de-paroisse\/","url":"https:\/\/www.eren.ch\/cote\/historique-de-paroisse\/","name":"Historique de la paroisse - Paroisse de la C\u00f4te","isPartOf":{"@id":"https:\/\/www.eren.ch\/cote\/#website"},"datePublished":"2016-04-16T08:16:23+00:00","dateModified":"2020-04-13T14:31:37+00:00","description":"Naissance\u00a0de la paroisse actuelle La paroisse r\u00e9form\u00e9e de La C\u00f4te est compos\u00e9e des anciennes paroisses r\u00e9form\u00e9es de Corcelles-Cormondr\u00e8che et de Peseux.","breadcrumb":{"@id":"https:\/\/www.eren.ch\/cote\/historique-de-paroisse\/#breadcrumb"},"inLanguage":"fr-FR","potentialAction":[{"@type":"ReadAction","target":["https:\/\/www.eren.ch\/cote\/historique-de-paroisse\/"]}]},{"@type":"BreadcrumbList","@id":"https:\/\/www.eren.ch\/cote\/historique-de-paroisse\/#breadcrumb","itemListElement":[{"@type":"ListItem","position":1,"name":"Accueil","item":"https:\/\/www.eren.ch\/cote\/"},{"@type":"ListItem","position":2,"name":"Historique de la paroisse"}]},{"@type":"WebSite","@id":"https:\/\/www.eren.ch\/cote\/#website","url":"https:\/\/www.eren.ch\/cote\/","name":"Paroisse de la C\u00f4te","description":"La pr\u00e9sence protestante reconnue \u00e0 Peseux et Corcelles-Cormondr\u00e8che","publisher":{"@id":"https:\/\/www.eren.ch\/cote\/#organization"},"potentialAction":[{"@type":"SearchAction","target":{"@type":"EntryPoint","urlTemplate":"https:\/\/www.eren.ch\/cote\/?s={search_term_string}"},"query-input":{"@type":"PropertyValueSpecification","valueRequired":true,"valueName":"search_term_string"}}],"inLanguage":"fr-FR"},{"@type":"Organization","@id":"https:\/\/www.eren.ch\/cote\/#organization","name":"Paroisse de La C\u00f4te","url":"https:\/\/www.eren.ch\/cote\/","logo":{"@type":"ImageObject","inLanguage":"fr-FR","@id":"https:\/\/www.eren.ch\/cote\/#\/schema\/logo\/image\/","url":"https:\/\/www.eren.ch\/cote\/wp-content\/uploads\/sites\/5\/2019\/10\/logo-eren-carre.jpg","contentUrl":"https:\/\/www.eren.ch\/cote\/wp-content\/uploads\/sites\/5\/2019\/10\/logo-eren-carre.jpg","width":512,"height":512,"caption":"Paroisse de La C\u00f4te"},"image":{"@id":"https:\/\/www.eren.ch\/cote\/#\/schema\/logo\/image\/"},"sameAs":["https:\/\/www.facebook.com\/eglise.EREN","https:\/\/x.com\/EgliseEREN","https:\/\/fr.wikipedia.org\/wiki\/\u00c9glise_r\u00e9form\u00e9e_\u00e9vang\u00e9lique_du_canton_de_Neuch\u00e2tel"]}]}},"_links":{"self":[{"href":"https:\/\/www.eren.ch\/cote\/wp-json\/wp\/v2\/pages\/80","targetHints":{"allow":["GET"]}}],"collection":[{"href":"https:\/\/www.eren.ch\/cote\/wp-json\/wp\/v2\/pages"}],"about":[{"href":"https:\/\/www.eren.ch\/cote\/wp-json\/wp\/v2\/types\/page"}],"author":[{"embeddable":true,"href":"https:\/\/www.eren.ch\/cote\/wp-json\/wp\/v2\/users\/6"}],"replies":[{"embeddable":true,"href":"https:\/\/www.eren.ch\/cote\/wp-json\/wp\/v2\/comments?post=80"}],"version-history":[{"count":0,"href":"https:\/\/www.eren.ch\/cote\/wp-json\/wp\/v2\/pages\/80\/revisions"}],"wp:attachment":[{"href":"https:\/\/www.eren.ch\/cote\/wp-json\/wp\/v2\/media?parent=80"}],"curies":[{"name":"wp","href":"https:\/\/api.w.org\/{rel}","templated":true}]}}