{"id":582,"date":"2016-04-13T14:09:02","date_gmt":"2016-04-13T12:09:02","guid":{"rendered":"https:\/\/www.eren.ch\/documentation\/?page_id=582"},"modified":"2016-04-15T15:34:51","modified_gmt":"2016-04-15T13:34:51","slug":"vie-protestante-neuchateloise","status":"publish","type":"page","link":"https:\/\/www.eren.ch\/documentation\/vie-protestante-neuchateloise\/","title":{"rendered":"La Vie Protestante neuch\u00e2teloise"},"content":{"rendered":"<p><img loading=\"lazy\" decoding=\"async\" class=\"aligncenter size-full wp-image-652\" src=\"https:\/\/www.eren.ch\/documentation\/wp-content\/uploads\/sites\/2\/2016\/04\/vpne-illustration.jpg\" alt=\"vpne-illustration\" width=\"800\" height=\"778\" srcset=\"https:\/\/www.eren.ch\/documentation\/wp-content\/uploads\/sites\/2\/2016\/04\/vpne-illustration.jpg 800w, https:\/\/www.eren.ch\/documentation\/wp-content\/uploads\/sites\/2\/2016\/04\/vpne-illustration-300x292.jpg 300w, https:\/\/www.eren.ch\/documentation\/wp-content\/uploads\/sites\/2\/2016\/04\/vpne-illustration-308x300.jpg 308w\" sizes=\"auto, (max-width: 800px) 85vw, 800px\" \/><\/p>\n<p>Archives de <em>La Vie Protestante neuch\u00e2teloise<\/em> entre septembre 2000 (n\u00b0128) et janvier 2008 (n\u00b0199). Le journal a ensuite fusionn\u00e9 avec <em>La Vie Protestante Berne-Jura.<\/em><\/p>\n<p>Il es possible d&rsquo;effectuer une <a href=\"https:\/\/cse.google.com\/cse\/publicurl?cx=014880832858912694160:pleiw2eilyk\" target=\"_blank\">recherche<\/a> dans ces diff\u00e9rents num\u00e9ros.<\/p>\n<p><a href=\"https:\/\/www.eren.ch\/documentation\/wp-content\/uploads\/sites\/2\/2016\/04\/vpne-128.pdf\">128<\/a> <a href=\"https:\/\/www.eren.ch\/documentation\/wp-content\/uploads\/sites\/2\/2016\/04\/vpne-129.pdf\">129<\/a> <a href=\"https:\/\/www.eren.ch\/documentation\/wp-content\/uploads\/sites\/2\/2016\/04\/vpne-131.pdf\">131<\/a> <a href=\"https:\/\/www.eren.ch\/documentation\/wp-content\/uploads\/sites\/2\/2016\/04\/vpne-132.pdf\">132<\/a> <a href=\"https:\/\/www.eren.ch\/documentation\/wp-content\/uploads\/sites\/2\/2016\/04\/vpne-133.pdf\">133<\/a> <a href=\"https:\/\/www.eren.ch\/documentation\/wp-content\/uploads\/sites\/2\/2016\/04\/vpne-134.pdf\">134<\/a> <a href=\"https:\/\/www.eren.ch\/documentation\/wp-content\/uploads\/sites\/2\/2016\/04\/vpne-135.pdf\">135<\/a> <a href=\"https:\/\/www.eren.ch\/documentation\/wp-content\/uploads\/sites\/2\/2016\/04\/vpne-136.pdf\">136<\/a> <a href=\"https:\/\/www.eren.ch\/documentation\/wp-content\/uploads\/sites\/2\/2016\/04\/vpne-138.pdf\">138<\/a> <a href=\"https:\/\/www.eren.ch\/documentation\/wp-content\/uploads\/sites\/2\/2016\/04\/vpne-139.pdf\">139<\/a> <a href=\"https:\/\/www.eren.ch\/documentation\/wp-content\/uploads\/sites\/2\/2016\/04\/vpne-140.pdf\">140<\/a> <a href=\"https:\/\/www.eren.ch\/documentation\/wp-content\/uploads\/sites\/2\/2016\/04\/vpne-141.pdf\">141<\/a> <a href=\"https:\/\/www.eren.ch\/documentation\/wp-content\/uploads\/sites\/2\/2016\/04\/vpne-142.pdf\">142<\/a> <a href=\"https:\/\/www.eren.ch\/documentation\/wp-content\/uploads\/sites\/2\/2016\/04\/vpne-143.pdf\">143<\/a> <a href=\"https:\/\/www.eren.ch\/documentation\/wp-content\/uploads\/sites\/2\/2016\/04\/vpne-144.pdf\">144<\/a> <a href=\"https:\/\/www.eren.ch\/documentation\/wp-content\/uploads\/sites\/2\/2016\/04\/vpne-145.pdf\">145<\/a> <a href=\"https:\/\/www.eren.ch\/documentation\/wp-content\/uploads\/sites\/2\/2016\/04\/vpne-146.pdf\">146<\/a> <a href=\"https:\/\/www.eren.ch\/documentation\/wp-content\/uploads\/sites\/2\/2016\/04\/vpne-147.pdf\">147<\/a> <a href=\"https:\/\/www.eren.ch\/documentation\/wp-content\/uploads\/sites\/2\/2016\/04\/vpne-148.pdf\">148<\/a> <a href=\"https:\/\/www.eren.ch\/documentation\/wp-content\/uploads\/sites\/2\/2016\/04\/vpne-149.pdf\">149<\/a> <a href=\"https:\/\/www.eren.ch\/documentation\/wp-content\/uploads\/sites\/2\/2016\/04\/vpne-150.pdf\">150<\/a> <a href=\"https:\/\/www.eren.ch\/documentation\/wp-content\/uploads\/sites\/2\/2016\/04\/vpne-151.pdf\">151<\/a> <a href=\"https:\/\/www.eren.ch\/documentation\/wp-content\/uploads\/sites\/2\/2016\/04\/vpne-152.pdf\">152<\/a> <a href=\"https:\/\/www.eren.ch\/documentation\/wp-content\/uploads\/sites\/2\/2016\/04\/vpne-153.pdf\">153<\/a> <a href=\"https:\/\/www.eren.ch\/documentation\/wp-content\/uploads\/sites\/2\/2016\/04\/vpne-154.pdf\">154<\/a> <a href=\"https:\/\/www.eren.ch\/documentation\/wp-content\/uploads\/sites\/2\/2016\/04\/vpne-155.pdf\">155<\/a> <a href=\"https:\/\/www.eren.ch\/documentation\/wp-content\/uploads\/sites\/2\/2016\/04\/vpne-156.pdf\">156<\/a> <a href=\"https:\/\/www.eren.ch\/documentation\/wp-content\/uploads\/sites\/2\/2016\/04\/vpne-157.pdf\">157<\/a> <a href=\"https:\/\/www.eren.ch\/documentation\/wp-content\/uploads\/sites\/2\/2016\/04\/vpne-158.pdf\">158<\/a> <a href=\"https:\/\/www.eren.ch\/documentation\/wp-content\/uploads\/sites\/2\/2016\/04\/vpne-159.pdf\">159<\/a> <a href=\"https:\/\/www.eren.ch\/documentation\/wp-content\/uploads\/sites\/2\/2016\/04\/vpne-160.pdf\">160<\/a> <a href=\"https:\/\/www.eren.ch\/documentation\/wp-content\/uploads\/sites\/2\/2016\/04\/vpne-161.pdf\">161<\/a> <a href=\"https:\/\/www.eren.ch\/documentation\/wp-content\/uploads\/sites\/2\/2016\/04\/vpne-162.pdf\">162<\/a> <a href=\"https:\/\/www.eren.ch\/documentation\/wp-content\/uploads\/sites\/2\/2016\/04\/vpne-163.pdf\">163<\/a> <a href=\"https:\/\/www.eren.ch\/documentation\/wp-content\/uploads\/sites\/2\/2016\/04\/vpne-164.pdf\">164<\/a> <a href=\"https:\/\/www.eren.ch\/documentation\/wp-content\/uploads\/sites\/2\/2016\/04\/vpne-165.pdf\">165<\/a> <a href=\"https:\/\/www.eren.ch\/documentation\/wp-content\/uploads\/sites\/2\/2016\/04\/vpne-166.pdf\">166<\/a> <a href=\"https:\/\/www.eren.ch\/documentation\/wp-content\/uploads\/sites\/2\/2016\/04\/vpne-167.pdf\">167<\/a> <a href=\"https:\/\/www.eren.ch\/documentation\/wp-content\/uploads\/sites\/2\/2016\/04\/vpne-168.pdf\">168<\/a> <a href=\"https:\/\/www.eren.ch\/documentation\/wp-content\/uploads\/sites\/2\/2016\/04\/vpne-169.pdf\">169<\/a> <a href=\"https:\/\/www.eren.ch\/documentation\/wp-content\/uploads\/sites\/2\/2016\/04\/vpne-171.pdf\">171<\/a> <a href=\"https:\/\/www.eren.ch\/documentation\/wp-content\/uploads\/sites\/2\/2016\/04\/vpne-172.pdf\">172<\/a> <a href=\"https:\/\/www.eren.ch\/documentation\/wp-content\/uploads\/sites\/2\/2016\/04\/vpne-173.pdf\">173<\/a> <a href=\"https:\/\/www.eren.ch\/documentation\/wp-content\/uploads\/sites\/2\/2016\/04\/vpne-174.pdf\">174<\/a> <a href=\"https:\/\/www.eren.ch\/documentation\/wp-content\/uploads\/sites\/2\/2016\/04\/vpne-175.pdf\">175<\/a> <a href=\"https:\/\/www.eren.ch\/documentation\/wp-content\/uploads\/sites\/2\/2016\/04\/vpne-176.pdf\">176<\/a> <a href=\"https:\/\/www.eren.ch\/documentation\/wp-content\/uploads\/sites\/2\/2016\/04\/vpne-177.pdf\">177<\/a> <a href=\"https:\/\/www.eren.ch\/documentation\/wp-content\/uploads\/sites\/2\/2016\/04\/vpne-178.pdf\">178<\/a> <a href=\"https:\/\/www.eren.ch\/documentation\/wp-content\/uploads\/sites\/2\/2016\/04\/vpne-179.pdf\">179<\/a> <a href=\"https:\/\/www.eren.ch\/documentation\/wp-content\/uploads\/sites\/2\/2016\/04\/vpne-180.pdf\">180<\/a> <a href=\"https:\/\/www.eren.ch\/documentation\/wp-content\/uploads\/sites\/2\/2016\/04\/vpne-181.pdf\">181<\/a> <a href=\"https:\/\/www.eren.ch\/documentation\/wp-content\/uploads\/sites\/2\/2016\/04\/vpne-182.pdf\">182<\/a> <a href=\"https:\/\/www.eren.ch\/documentation\/wp-content\/uploads\/sites\/2\/2016\/04\/vpne-183.pdf\">183<\/a> <a href=\"https:\/\/www.eren.ch\/documentation\/wp-content\/uploads\/sites\/2\/2016\/04\/vpne-184.pdf\">184<\/a> <a href=\"https:\/\/www.eren.ch\/documentation\/wp-content\/uploads\/sites\/2\/2016\/04\/vpne-185.pdf\">185<\/a> <a href=\"https:\/\/www.eren.ch\/documentation\/wp-content\/uploads\/sites\/2\/2016\/04\/vpne-186.pdf\">186<\/a> <a href=\"https:\/\/www.eren.ch\/documentation\/wp-content\/uploads\/sites\/2\/2016\/04\/vpne-187.pdf\">187<\/a> <a href=\"https:\/\/www.eren.ch\/documentation\/wp-content\/uploads\/sites\/2\/2016\/04\/vpne-188.pdf\">188<\/a> <a href=\"https:\/\/www.eren.ch\/documentation\/wp-content\/uploads\/sites\/2\/2016\/04\/vpne-189.pdf\">189<\/a> <a href=\"https:\/\/www.eren.ch\/documentation\/wp-content\/uploads\/sites\/2\/2016\/04\/vpne-190.pdf\">190<\/a> <a href=\"https:\/\/www.eren.ch\/documentation\/wp-content\/uploads\/sites\/2\/2016\/04\/vpne-191.pdf\">191<\/a> <a href=\"https:\/\/www.eren.ch\/documentation\/wp-content\/uploads\/sites\/2\/2016\/04\/vpne-192.pdf\">192<\/a> <a href=\"https:\/\/www.eren.ch\/documentation\/wp-content\/uploads\/sites\/2\/2016\/04\/vpne-193.pdf\">193<\/a> <a href=\"https:\/\/www.eren.ch\/documentation\/wp-content\/uploads\/sites\/2\/2016\/04\/vpne-194.pdf\">194<\/a> <a href=\"https:\/\/www.eren.ch\/documentation\/wp-content\/uploads\/sites\/2\/2016\/04\/vpne-195.pdf\">195<\/a> <a href=\"https:\/\/www.eren.ch\/documentation\/wp-content\/uploads\/sites\/2\/2016\/04\/vpne-196.pdf\">196<\/a> <a href=\"https:\/\/www.eren.ch\/documentation\/wp-content\/uploads\/sites\/2\/2016\/04\/vpne-197.pdf\">197<\/a> <a href=\"https:\/\/www.eren.ch\/documentation\/wp-content\/uploads\/sites\/2\/2016\/04\/vpne-198.pdf\">198<\/a> <a href=\"https:\/\/www.eren.ch\/documentation\/wp-content\/uploads\/sites\/2\/2016\/04\/vpne-199.pdf\">199<\/a><\/p>\n<p><script>\/\/ <![CDATA[\n  (function() {\n    var cx = '014880832858912694160:pleiw2eilyk';\n    var gcse = document.createElement('script');\n    gcse.type = 'text\/javascript';\n    gcse.async = true;\n    gcse.src = (document.location.protocol == 'https:' ? 'https:' : 'http:') +\n        '\/\/cse.google.com\/cse.js?cx=' + cx;\n    var s = document.getElementsByTagName('script')[0];\n    s.parentNode.insertBefore(gcse, s);\n  })();\n\/\/ ]]><\/script><\/p>\n","protected":false},"excerpt":{"rendered":"<p>Archives de La Vie Protestante neuch\u00e2teloise entre septembre 2000 (n\u00b0128) et janvier 2008 (n\u00b0199). Le journal a ensuite fusionn\u00e9 avec La Vie Protestante Berne-Jura. Il es possible d&rsquo;effectuer une recherche dans ces diff\u00e9rents num\u00e9ros. 128 129 131 132 133 134 135 136 138 139 140 141 142 143 144 145 146 147 148 149 150 &hellip; <a href=\"https:\/\/www.eren.ch\/documentation\/vie-protestante-neuchateloise\/\" class=\"more-link\">Continuer la lecture<span class=\"screen-reader-text\"> de &laquo;&nbsp;La Vie Protestante neuch\u00e2teloise&nbsp;&raquo;<\/span><\/a><\/p>\n","protected":false},"author":1,"featured_media":0,"parent":0,"menu_order":0,"comment_status":"closed","ping_status":"closed","template":"","meta":{"footnotes":""},"class_list":["post-582","page","type-page","status-publish","hentry"],"yoast_head":"<!-- This site is optimized with the Yoast SEO Premium plugin v27.3 (Yoast SEO v27.3) - https:\/\/yoast.com\/product\/yoast-seo-premium-wordpress\/ -->\n<title>La Vie Protestante neuch\u00e2teloise - Documentation<\/title>\n<meta name=\"description\" content=\"Archives de La Vie Protestante neuch\u00e2teloise entre septembre 2000 (n\u00b0128) et janvier 2008 (n\u00b0199). Le journal a ensuite fusionn\u00e9 avec La Vie Protestante\" \/>\n<meta name=\"robots\" content=\"index, follow, max-snippet:-1, max-image-preview:large, max-video-preview:-1\" \/>\n<link rel=\"canonical\" href=\"https:\/\/www.eren.ch\/documentation\/vie-protestante-neuchateloise\/\" \/>\n<meta property=\"og:locale\" content=\"fr_FR\" \/>\n<meta property=\"og:type\" content=\"article\" \/>\n<meta property=\"og:title\" content=\"La Vie Protestante neuch\u00e2teloise\" \/>\n<meta property=\"og:description\" content=\"Archives de La Vie Protestante neuch\u00e2teloise entre septembre 2000 (n\u00b0128) et janvier 2008 (n\u00b0199). Le journal a ensuite fusionn\u00e9 avec La Vie Protestante\" \/>\n<meta property=\"og:url\" content=\"https:\/\/www.eren.ch\/documentation\/vie-protestante-neuchateloise\/\" \/>\n<meta property=\"og:site_name\" content=\"Documentation\" \/>\n<meta property=\"article:publisher\" content=\"https:\/\/www.facebook.com\/eglise.EREN\" \/>\n<meta property=\"article:modified_time\" content=\"2016-04-15T13:34:51+00:00\" \/>\n<meta property=\"og:image\" content=\"https:\/\/www.eren.ch\/documentation\/wp-content\/uploads\/sites\/2\/2016\/04\/vpne-illustration.jpg\" \/>\n<meta name=\"twitter:card\" content=\"summary_large_image\" \/>\n<meta name=\"twitter:site\" content=\"@EgliseEREN\" \/>\n<script type=\"application\/ld+json\" class=\"yoast-schema-graph\">{\"@context\":\"https:\\\/\\\/schema.org\",\"@graph\":[{\"@type\":\"WebPage\",\"@id\":\"https:\\\/\\\/www.eren.ch\\\/documentation\\\/vie-protestante-neuchateloise\\\/\",\"url\":\"https:\\\/\\\/www.eren.ch\\\/documentation\\\/vie-protestante-neuchateloise\\\/\",\"name\":\"La Vie Protestante neuch\u00e2teloise - Documentation\",\"isPartOf\":{\"@id\":\"https:\\\/\\\/www.eren.ch\\\/documentation\\\/#website\"},\"primaryImageOfPage\":{\"@id\":\"https:\\\/\\\/www.eren.ch\\\/documentation\\\/vie-protestante-neuchateloise\\\/#primaryimage\"},\"image\":{\"@id\":\"https:\\\/\\\/www.eren.ch\\\/documentation\\\/vie-protestante-neuchateloise\\\/#primaryimage\"},\"thumbnailUrl\":\"https:\\\/\\\/www.eren.ch\\\/documentation\\\/wp-content\\\/uploads\\\/sites\\\/2\\\/2016\\\/04\\\/vpne-illustration.jpg\",\"datePublished\":\"2016-04-13T12:09:02+00:00\",\"dateModified\":\"2016-04-15T13:34:51+00:00\",\"description\":\"Archives de La Vie Protestante neuch\u00e2teloise entre septembre 2000 (n\u00b0128) et janvier 2008 (n\u00b0199). Le journal a ensuite fusionn\u00e9 avec La Vie Protestante\",\"breadcrumb\":{\"@id\":\"https:\\\/\\\/www.eren.ch\\\/documentation\\\/vie-protestante-neuchateloise\\\/#breadcrumb\"},\"inLanguage\":\"fr-FR\",\"potentialAction\":[{\"@type\":\"ReadAction\",\"target\":[\"https:\\\/\\\/www.eren.ch\\\/documentation\\\/vie-protestante-neuchateloise\\\/\"]}]},{\"@type\":\"ImageObject\",\"inLanguage\":\"fr-FR\",\"@id\":\"https:\\\/\\\/www.eren.ch\\\/documentation\\\/vie-protestante-neuchateloise\\\/#primaryimage\",\"url\":\"https:\\\/\\\/www.eren.ch\\\/documentation\\\/wp-content\\\/uploads\\\/sites\\\/2\\\/2016\\\/04\\\/vpne-illustration.jpg\",\"contentUrl\":\"https:\\\/\\\/www.eren.ch\\\/documentation\\\/wp-content\\\/uploads\\\/sites\\\/2\\\/2016\\\/04\\\/vpne-illustration.jpg\",\"width\":800,\"height\":778},{\"@type\":\"BreadcrumbList\",\"@id\":\"https:\\\/\\\/www.eren.ch\\\/documentation\\\/vie-protestante-neuchateloise\\\/#breadcrumb\",\"itemListElement\":[{\"@type\":\"ListItem\",\"position\":1,\"name\":\"Accueil\",\"item\":\"https:\\\/\\\/www.eren.ch\\\/documentation\\\/\"},{\"@type\":\"ListItem\",\"position\":2,\"name\":\"La Vie Protestante neuch\u00e2teloise\"}]},{\"@type\":\"WebSite\",\"@id\":\"https:\\\/\\\/www.eren.ch\\\/documentation\\\/#website\",\"url\":\"https:\\\/\\\/www.eren.ch\\\/documentation\\\/\",\"name\":\"Documentation\",\"description\":\"Les ressources de l&#039;EREN\",\"publisher\":{\"@id\":\"https:\\\/\\\/www.eren.ch\\\/documentation\\\/#organization\"},\"potentialAction\":[{\"@type\":\"SearchAction\",\"target\":{\"@type\":\"EntryPoint\",\"urlTemplate\":\"https:\\\/\\\/www.eren.ch\\\/documentation\\\/?s={search_term_string}\"},\"query-input\":{\"@type\":\"PropertyValueSpecification\",\"valueRequired\":true,\"valueName\":\"search_term_string\"}}],\"inLanguage\":\"fr-FR\"},{\"@type\":\"Organization\",\"@id\":\"https:\\\/\\\/www.eren.ch\\\/documentation\\\/#organization\",\"name\":\"Eglise r\u00e9form\u00e9e \u00e9vang\u00e9lique du canton de Neuch\u00e2tel (EREN)\",\"url\":\"https:\\\/\\\/www.eren.ch\\\/documentation\\\/\",\"logo\":{\"@type\":\"ImageObject\",\"inLanguage\":\"fr-FR\",\"@id\":\"https:\\\/\\\/www.eren.ch\\\/documentation\\\/#\\\/schema\\\/logo\\\/image\\\/\",\"url\":\"https:\\\/\\\/www.eren.ch\\\/documentation\\\/wp-content\\\/uploads\\\/sites\\\/2\\\/2019\\\/10\\\/logo-eren-carre.jpg\",\"contentUrl\":\"https:\\\/\\\/www.eren.ch\\\/documentation\\\/wp-content\\\/uploads\\\/sites\\\/2\\\/2019\\\/10\\\/logo-eren-carre.jpg\",\"width\":512,\"height\":512,\"caption\":\"Eglise r\u00e9form\u00e9e \u00e9vang\u00e9lique du canton de Neuch\u00e2tel (EREN)\"},\"image\":{\"@id\":\"https:\\\/\\\/www.eren.ch\\\/documentation\\\/#\\\/schema\\\/logo\\\/image\\\/\"},\"sameAs\":[\"https:\\\/\\\/www.facebook.com\\\/eglise.EREN\",\"https:\\\/\\\/x.com\\\/EgliseEREN\"]}]}<\/script>\n<!-- \/ Yoast SEO Premium plugin. -->","yoast_head_json":{"title":"La Vie Protestante neuch\u00e2teloise - Documentation","description":"Archives de La Vie Protestante neuch\u00e2teloise entre septembre 2000 (n\u00b0128) et janvier 2008 (n\u00b0199). Le journal a ensuite fusionn\u00e9 avec La Vie Protestante","robots":{"index":"index","follow":"follow","max-snippet":"max-snippet:-1","max-image-preview":"max-image-preview:large","max-video-preview":"max-video-preview:-1"},"canonical":"https:\/\/www.eren.ch\/documentation\/vie-protestante-neuchateloise\/","og_locale":"fr_FR","og_type":"article","og_title":"La Vie Protestante neuch\u00e2teloise","og_description":"Archives de La Vie Protestante neuch\u00e2teloise entre septembre 2000 (n\u00b0128) et janvier 2008 (n\u00b0199). Le journal a ensuite fusionn\u00e9 avec La Vie Protestante","og_url":"https:\/\/www.eren.ch\/documentation\/vie-protestante-neuchateloise\/","og_site_name":"Documentation","article_publisher":"https:\/\/www.facebook.com\/eglise.EREN","article_modified_time":"2016-04-15T13:34:51+00:00","og_image":[{"url":"https:\/\/www.eren.ch\/documentation\/wp-content\/uploads\/sites\/2\/2016\/04\/vpne-illustration.jpg","type":"","width":"","height":""}],"twitter_card":"summary_large_image","twitter_site":"@EgliseEREN","schema":{"@context":"https:\/\/schema.org","@graph":[{"@type":"WebPage","@id":"https:\/\/www.eren.ch\/documentation\/vie-protestante-neuchateloise\/","url":"https:\/\/www.eren.ch\/documentation\/vie-protestante-neuchateloise\/","name":"La Vie Protestante neuch\u00e2teloise - Documentation","isPartOf":{"@id":"https:\/\/www.eren.ch\/documentation\/#website"},"primaryImageOfPage":{"@id":"https:\/\/www.eren.ch\/documentation\/vie-protestante-neuchateloise\/#primaryimage"},"image":{"@id":"https:\/\/www.eren.ch\/documentation\/vie-protestante-neuchateloise\/#primaryimage"},"thumbnailUrl":"https:\/\/www.eren.ch\/documentation\/wp-content\/uploads\/sites\/2\/2016\/04\/vpne-illustration.jpg","datePublished":"2016-04-13T12:09:02+00:00","dateModified":"2016-04-15T13:34:51+00:00","description":"Archives de La Vie Protestante neuch\u00e2teloise entre septembre 2000 (n\u00b0128) et janvier 2008 (n\u00b0199). Le journal a ensuite fusionn\u00e9 avec La Vie Protestante","breadcrumb":{"@id":"https:\/\/www.eren.ch\/documentation\/vie-protestante-neuchateloise\/#breadcrumb"},"inLanguage":"fr-FR","potentialAction":[{"@type":"ReadAction","target":["https:\/\/www.eren.ch\/documentation\/vie-protestante-neuchateloise\/"]}]},{"@type":"ImageObject","inLanguage":"fr-FR","@id":"https:\/\/www.eren.ch\/documentation\/vie-protestante-neuchateloise\/#primaryimage","url":"https:\/\/www.eren.ch\/documentation\/wp-content\/uploads\/sites\/2\/2016\/04\/vpne-illustration.jpg","contentUrl":"https:\/\/www.eren.ch\/documentation\/wp-content\/uploads\/sites\/2\/2016\/04\/vpne-illustration.jpg","width":800,"height":778},{"@type":"BreadcrumbList","@id":"https:\/\/www.eren.ch\/documentation\/vie-protestante-neuchateloise\/#breadcrumb","itemListElement":[{"@type":"ListItem","position":1,"name":"Accueil","item":"https:\/\/www.eren.ch\/documentation\/"},{"@type":"ListItem","position":2,"name":"La Vie Protestante neuch\u00e2teloise"}]},{"@type":"WebSite","@id":"https:\/\/www.eren.ch\/documentation\/#website","url":"https:\/\/www.eren.ch\/documentation\/","name":"Documentation","description":"Les ressources de l&#039;EREN","publisher":{"@id":"https:\/\/www.eren.ch\/documentation\/#organization"},"potentialAction":[{"@type":"SearchAction","target":{"@type":"EntryPoint","urlTemplate":"https:\/\/www.eren.ch\/documentation\/?s={search_term_string}"},"query-input":{"@type":"PropertyValueSpecification","valueRequired":true,"valueName":"search_term_string"}}],"inLanguage":"fr-FR"},{"@type":"Organization","@id":"https:\/\/www.eren.ch\/documentation\/#organization","name":"Eglise r\u00e9form\u00e9e \u00e9vang\u00e9lique du canton de Neuch\u00e2tel (EREN)","url":"https:\/\/www.eren.ch\/documentation\/","logo":{"@type":"ImageObject","inLanguage":"fr-FR","@id":"https:\/\/www.eren.ch\/documentation\/#\/schema\/logo\/image\/","url":"https:\/\/www.eren.ch\/documentation\/wp-content\/uploads\/sites\/2\/2019\/10\/logo-eren-carre.jpg","contentUrl":"https:\/\/www.eren.ch\/documentation\/wp-content\/uploads\/sites\/2\/2019\/10\/logo-eren-carre.jpg","width":512,"height":512,"caption":"Eglise r\u00e9form\u00e9e \u00e9vang\u00e9lique du canton de Neuch\u00e2tel (EREN)"},"image":{"@id":"https:\/\/www.eren.ch\/documentation\/#\/schema\/logo\/image\/"},"sameAs":["https:\/\/www.facebook.com\/eglise.EREN","https:\/\/x.com\/EgliseEREN"]}]}},"_links":{"self":[{"href":"https:\/\/www.eren.ch\/documentation\/wp-json\/wp\/v2\/pages\/582","targetHints":{"allow":["GET"]}}],"collection":[{"href":"https:\/\/www.eren.ch\/documentation\/wp-json\/wp\/v2\/pages"}],"about":[{"href":"https:\/\/www.eren.ch\/documentation\/wp-json\/wp\/v2\/types\/page"}],"author":[{"embeddable":true,"href":"https:\/\/www.eren.ch\/documentation\/wp-json\/wp\/v2\/users\/1"}],"replies":[{"embeddable":true,"href":"https:\/\/www.eren.ch\/documentation\/wp-json\/wp\/v2\/comments?post=582"}],"version-history":[{"count":3,"href":"https:\/\/www.eren.ch\/documentation\/wp-json\/wp\/v2\/pages\/582\/revisions"}],"predecessor-version":[{"id":658,"href":"https:\/\/www.eren.ch\/documentation\/wp-json\/wp\/v2\/pages\/582\/revisions\/658"}],"wp:attachment":[{"href":"https:\/\/www.eren.ch\/documentation\/wp-json\/wp\/v2\/media?parent=582"}],"curies":[{"name":"wp","href":"https:\/\/api.w.org\/{rel}","templated":true}]}}