{"id":23,"date":"2016-12-16T14:49:59","date_gmt":"2016-12-16T13:49:59","guid":{"rendered":"https:\/\/www.eren.ch\/evangelisation\/?page_id=23"},"modified":"2020-10-09T20:53:52","modified_gmt":"2020-10-09T18:53:52","slug":"vademecum","status":"publish","type":"page","link":"https:\/\/www.eren.ch\/evangelisation\/vademecum\/","title":{"rendered":"Passons en mode \u00e9vang\u00e9lisation"},"content":{"rendered":"<p>Ensemble des documents \u00e9vang\u00e9lisation <a href=\"https:\/\/www.dropbox.com\/sh\/zxvt4wih2eccshe\/AAD9OQDFXp9XXlpxixAud9zca?dl=0\">\u00e0 copier dans votre DropBox ou \u00e0 t\u00e9l\u00e9charger<\/a>.<\/p>\n<div data-url=\"https:\/\/issuu.com\/francoisnoguera\/docs\/vade_mecum_light\" style=\"width: 840px; height: 296px;\" class=\"issuuembed\"><\/div>\n<p><script type=\"text\/javascript\" src=\"\/\/e.issuu.com\/embed.js\" async=\"true\"><\/script><\/p>\n<p>\u00c0 t\u00e9l\u00e9charger en format pdf:\u00a0<a href=\"https:\/\/www.eren.ch\/evangelisation\/wp-content\/uploads\/sites\/8\/2016\/12\/vade_mecum_light.pdf\">Passons en mode \u00e9vang\u00e9lisation<\/a><\/p>\n<p>Le livre est disponible au <a href=\"https:\/\/www.eren.ch\/organisation\/administration\/\">secr\u00e9tariat g\u00e9n\u00e9ral<\/a> de l&rsquo;EREN.<\/p>\n","protected":false},"excerpt":{"rendered":"<p>Ensemble des documents \u00e9vang\u00e9lisation \u00e0 copier dans votre DropBox ou \u00e0 t\u00e9l\u00e9charger. \u00c0 t\u00e9l\u00e9charger en format pdf:\u00a0Passons en mode \u00e9vang\u00e9lisation Le livre est disponible au secr\u00e9tariat g\u00e9n\u00e9ral de l&rsquo;EREN.<\/p>\n","protected":false},"author":1,"featured_media":0,"parent":0,"menu_order":0,"comment_status":"closed","ping_status":"closed","template":"","meta":{"footnotes":""},"class_list":["post-23","page","type-page","status-publish","hentry"],"yoast_head":"<!-- This site is optimized with the Yoast SEO Premium plugin v27.3 (Yoast SEO v27.3) - https:\/\/yoast.com\/product\/yoast-seo-premium-wordpress\/ -->\n<title>Vademecum - Passons en mode \u00e9vang\u00e9lisation - EREN<\/title>\n<meta name=\"description\" content=\"Ensemble des documents \u00e9vang\u00e9lisation \u00e0 copier dans votre DropBox ou \u00e0 t\u00e9l\u00e9charger. https:\/\/issuu.com\/francoisnoguera\/docs\/vade_mecum_light \u00c0 t\u00e9l\u00e9charger\" \/>\n<meta name=\"robots\" content=\"index, follow, max-snippet:-1, max-image-preview:large, max-video-preview:-1\" \/>\n<link rel=\"canonical\" href=\"https:\/\/www.eren.ch\/evangelisation\/vademecum\/\" \/>\n<meta property=\"og:locale\" content=\"fr_FR\" \/>\n<meta property=\"og:type\" content=\"article\" \/>\n<meta property=\"og:title\" content=\"Passons en mode \u00e9vang\u00e9lisation\" \/>\n<meta property=\"og:description\" content=\"Ensemble des documents \u00e9vang\u00e9lisation \u00e0 copier dans votre DropBox ou \u00e0 t\u00e9l\u00e9charger. https:\/\/issuu.com\/francoisnoguera\/docs\/vade_mecum_light \u00c0 t\u00e9l\u00e9charger\" \/>\n<meta property=\"og:url\" content=\"https:\/\/www.eren.ch\/evangelisation\/vademecum\/\" \/>\n<meta property=\"og:site_name\" content=\"Passons en mode \u00e9vang\u00e9lisation\" \/>\n<meta property=\"article:publisher\" content=\"https:\/\/www.facebook.com\/eglise.EREN\" \/>\n<meta property=\"article:modified_time\" content=\"2020-10-09T18:53:52+00:00\" \/>\n<meta name=\"twitter:card\" content=\"summary_large_image\" \/>\n<meta name=\"twitter:site\" content=\"@egliseeren\" \/>\n<script type=\"application\/ld+json\" class=\"yoast-schema-graph\">{\"@context\":\"https:\\\/\\\/schema.org\",\"@graph\":[{\"@type\":\"WebPage\",\"@id\":\"https:\\\/\\\/www.eren.ch\\\/evangelisation\\\/vademecum\\\/\",\"url\":\"https:\\\/\\\/www.eren.ch\\\/evangelisation\\\/vademecum\\\/\",\"name\":\"Vademecum - Passons en mode \u00e9vang\u00e9lisation - EREN\",\"isPartOf\":{\"@id\":\"https:\\\/\\\/www.eren.ch\\\/evangelisation\\\/#website\"},\"datePublished\":\"2016-12-16T13:49:59+00:00\",\"dateModified\":\"2020-10-09T18:53:52+00:00\",\"description\":\"Ensemble des documents \u00e9vang\u00e9lisation \u00e0 copier dans votre DropBox ou \u00e0 t\u00e9l\u00e9charger. https:\\\/\\\/issuu.com\\\/francoisnoguera\\\/docs\\\/vade_mecum_light \u00c0 t\u00e9l\u00e9charger\",\"breadcrumb\":{\"@id\":\"https:\\\/\\\/www.eren.ch\\\/evangelisation\\\/vademecum\\\/#breadcrumb\"},\"inLanguage\":\"fr-FR\",\"potentialAction\":[{\"@type\":\"ReadAction\",\"target\":[\"https:\\\/\\\/www.eren.ch\\\/evangelisation\\\/vademecum\\\/\"]}]},{\"@type\":\"BreadcrumbList\",\"@id\":\"https:\\\/\\\/www.eren.ch\\\/evangelisation\\\/vademecum\\\/#breadcrumb\",\"itemListElement\":[{\"@type\":\"ListItem\",\"position\":1,\"name\":\"Accueil\",\"item\":\"https:\\\/\\\/www.eren.ch\\\/evangelisation\\\/\"},{\"@type\":\"ListItem\",\"position\":2,\"name\":\"Passons en mode \u00e9vang\u00e9lisation\"}]},{\"@type\":\"WebSite\",\"@id\":\"https:\\\/\\\/www.eren.ch\\\/evangelisation\\\/#website\",\"url\":\"https:\\\/\\\/www.eren.ch\\\/evangelisation\\\/\",\"name\":\"Passons en mode \u00e9vang\u00e9lisation\",\"description\":\"Fresh Expressions et \u00e9vang\u00e9lisation dans l&#039;EREN\",\"publisher\":{\"@id\":\"https:\\\/\\\/www.eren.ch\\\/evangelisation\\\/#organization\"},\"potentialAction\":[{\"@type\":\"SearchAction\",\"target\":{\"@type\":\"EntryPoint\",\"urlTemplate\":\"https:\\\/\\\/www.eren.ch\\\/evangelisation\\\/?s={search_term_string}\"},\"query-input\":{\"@type\":\"PropertyValueSpecification\",\"valueRequired\":true,\"valueName\":\"search_term_string\"}}],\"inLanguage\":\"fr-FR\"},{\"@type\":\"Organization\",\"@id\":\"https:\\\/\\\/www.eren.ch\\\/evangelisation\\\/#organization\",\"name\":\"Eglise r\u00e9form\u00e9e \u00e9vang\u00e9lique du canton de Neuch\u00e2tel (EREN)\",\"url\":\"https:\\\/\\\/www.eren.ch\\\/evangelisation\\\/\",\"logo\":{\"@type\":\"ImageObject\",\"inLanguage\":\"fr-FR\",\"@id\":\"https:\\\/\\\/www.eren.ch\\\/evangelisation\\\/#\\\/schema\\\/logo\\\/image\\\/\",\"url\":\"https:\\\/\\\/www.eren.ch\\\/evangelisation\\\/wp-content\\\/uploads\\\/sites\\\/8\\\/2019\\\/10\\\/logo-eren-carre.jpg\",\"contentUrl\":\"https:\\\/\\\/www.eren.ch\\\/evangelisation\\\/wp-content\\\/uploads\\\/sites\\\/8\\\/2019\\\/10\\\/logo-eren-carre.jpg\",\"width\":512,\"height\":512,\"caption\":\"Eglise r\u00e9form\u00e9e \u00e9vang\u00e9lique du canton de Neuch\u00e2tel (EREN)\"},\"image\":{\"@id\":\"https:\\\/\\\/www.eren.ch\\\/evangelisation\\\/#\\\/schema\\\/logo\\\/image\\\/\"},\"sameAs\":[\"https:\\\/\\\/www.facebook.com\\\/eglise.EREN\",\"https:\\\/\\\/x.com\\\/egliseeren\",\"https:\\\/\\\/fr.wikipedia.org\\\/wiki\\\/\u00c9glise_r\u00e9form\u00e9e_\u00e9vang\u00e9lique_du_canton_de_Neuch\u00e2tel\"]}]}<\/script>\n<!-- \/ Yoast SEO Premium plugin. -->","yoast_head_json":{"title":"Vademecum - Passons en mode \u00e9vang\u00e9lisation - EREN","description":"Ensemble des documents \u00e9vang\u00e9lisation \u00e0 copier dans votre DropBox ou \u00e0 t\u00e9l\u00e9charger. https:\/\/issuu.com\/francoisnoguera\/docs\/vade_mecum_light \u00c0 t\u00e9l\u00e9charger","robots":{"index":"index","follow":"follow","max-snippet":"max-snippet:-1","max-image-preview":"max-image-preview:large","max-video-preview":"max-video-preview:-1"},"canonical":"https:\/\/www.eren.ch\/evangelisation\/vademecum\/","og_locale":"fr_FR","og_type":"article","og_title":"Passons en mode \u00e9vang\u00e9lisation","og_description":"Ensemble des documents \u00e9vang\u00e9lisation \u00e0 copier dans votre DropBox ou \u00e0 t\u00e9l\u00e9charger. https:\/\/issuu.com\/francoisnoguera\/docs\/vade_mecum_light \u00c0 t\u00e9l\u00e9charger","og_url":"https:\/\/www.eren.ch\/evangelisation\/vademecum\/","og_site_name":"Passons en mode \u00e9vang\u00e9lisation","article_publisher":"https:\/\/www.facebook.com\/eglise.EREN","article_modified_time":"2020-10-09T18:53:52+00:00","twitter_card":"summary_large_image","twitter_site":"@egliseeren","schema":{"@context":"https:\/\/schema.org","@graph":[{"@type":"WebPage","@id":"https:\/\/www.eren.ch\/evangelisation\/vademecum\/","url":"https:\/\/www.eren.ch\/evangelisation\/vademecum\/","name":"Vademecum - Passons en mode \u00e9vang\u00e9lisation - EREN","isPartOf":{"@id":"https:\/\/www.eren.ch\/evangelisation\/#website"},"datePublished":"2016-12-16T13:49:59+00:00","dateModified":"2020-10-09T18:53:52+00:00","description":"Ensemble des documents \u00e9vang\u00e9lisation \u00e0 copier dans votre DropBox ou \u00e0 t\u00e9l\u00e9charger. https:\/\/issuu.com\/francoisnoguera\/docs\/vade_mecum_light \u00c0 t\u00e9l\u00e9charger","breadcrumb":{"@id":"https:\/\/www.eren.ch\/evangelisation\/vademecum\/#breadcrumb"},"inLanguage":"fr-FR","potentialAction":[{"@type":"ReadAction","target":["https:\/\/www.eren.ch\/evangelisation\/vademecum\/"]}]},{"@type":"BreadcrumbList","@id":"https:\/\/www.eren.ch\/evangelisation\/vademecum\/#breadcrumb","itemListElement":[{"@type":"ListItem","position":1,"name":"Accueil","item":"https:\/\/www.eren.ch\/evangelisation\/"},{"@type":"ListItem","position":2,"name":"Passons en mode \u00e9vang\u00e9lisation"}]},{"@type":"WebSite","@id":"https:\/\/www.eren.ch\/evangelisation\/#website","url":"https:\/\/www.eren.ch\/evangelisation\/","name":"Passons en mode \u00e9vang\u00e9lisation","description":"Fresh Expressions et \u00e9vang\u00e9lisation dans l&#039;EREN","publisher":{"@id":"https:\/\/www.eren.ch\/evangelisation\/#organization"},"potentialAction":[{"@type":"SearchAction","target":{"@type":"EntryPoint","urlTemplate":"https:\/\/www.eren.ch\/evangelisation\/?s={search_term_string}"},"query-input":{"@type":"PropertyValueSpecification","valueRequired":true,"valueName":"search_term_string"}}],"inLanguage":"fr-FR"},{"@type":"Organization","@id":"https:\/\/www.eren.ch\/evangelisation\/#organization","name":"Eglise r\u00e9form\u00e9e \u00e9vang\u00e9lique du canton de Neuch\u00e2tel (EREN)","url":"https:\/\/www.eren.ch\/evangelisation\/","logo":{"@type":"ImageObject","inLanguage":"fr-FR","@id":"https:\/\/www.eren.ch\/evangelisation\/#\/schema\/logo\/image\/","url":"https:\/\/www.eren.ch\/evangelisation\/wp-content\/uploads\/sites\/8\/2019\/10\/logo-eren-carre.jpg","contentUrl":"https:\/\/www.eren.ch\/evangelisation\/wp-content\/uploads\/sites\/8\/2019\/10\/logo-eren-carre.jpg","width":512,"height":512,"caption":"Eglise r\u00e9form\u00e9e \u00e9vang\u00e9lique du canton de Neuch\u00e2tel (EREN)"},"image":{"@id":"https:\/\/www.eren.ch\/evangelisation\/#\/schema\/logo\/image\/"},"sameAs":["https:\/\/www.facebook.com\/eglise.EREN","https:\/\/x.com\/egliseeren","https:\/\/fr.wikipedia.org\/wiki\/\u00c9glise_r\u00e9form\u00e9e_\u00e9vang\u00e9lique_du_canton_de_Neuch\u00e2tel"]}]}},"_links":{"self":[{"href":"https:\/\/www.eren.ch\/evangelisation\/wp-json\/wp\/v2\/pages\/23","targetHints":{"allow":["GET"]}}],"collection":[{"href":"https:\/\/www.eren.ch\/evangelisation\/wp-json\/wp\/v2\/pages"}],"about":[{"href":"https:\/\/www.eren.ch\/evangelisation\/wp-json\/wp\/v2\/types\/page"}],"author":[{"embeddable":true,"href":"https:\/\/www.eren.ch\/evangelisation\/wp-json\/wp\/v2\/users\/1"}],"replies":[{"embeddable":true,"href":"https:\/\/www.eren.ch\/evangelisation\/wp-json\/wp\/v2\/comments?post=23"}],"version-history":[{"count":4,"href":"https:\/\/www.eren.ch\/evangelisation\/wp-json\/wp\/v2\/pages\/23\/revisions"}],"predecessor-version":[{"id":65,"href":"https:\/\/www.eren.ch\/evangelisation\/wp-json\/wp\/v2\/pages\/23\/revisions\/65"}],"wp:attachment":[{"href":"https:\/\/www.eren.ch\/evangelisation\/wp-json\/wp\/v2\/media?parent=23"}],"curies":[{"name":"wp","href":"https:\/\/api.w.org\/{rel}","templated":true}]}}