{"id":15,"date":"2024-04-24T09:00:59","date_gmt":"2024-04-24T07:00:59","guid":{"rendered":"https:\/\/www.eren.ch\/evref\/?page_id=15"},"modified":"2024-06-08T15:18:04","modified_gmt":"2024-06-08T13:18:04","slug":"programme-f","status":"publish","type":"page","link":"https:\/\/www.eren.ch\/evref\/programme-f\/","title":{"rendered":"Programme (f)"},"content":{"rendered":"\n<h2 class=\"wp-block-heading\" id=\"h-dimanche-9-juin-2024\">Dimanche 9 juin 2024<\/h2>\n\n\n\n<p><strong>15h00\u201316h15 <br><\/strong>Prise en charge des bagages \u00e0 la gare et trajet \u00e0 pied jusqu\u2019au clo\u00eetre de la <a href=\"https:\/\/maps.app.goo.gl\/nhuSPxEPLpEGUEiJ6\">Coll\u00e9giale<\/a>, caf\u00e9 de bienvenue<\/p>\n\n\n\n<ul class=\"wp-block-list\">\n<li>Sortie gare entr\u00e9e secondaire pour h\u00f4tels <a href=\"https:\/\/maps.app.goo.gl\/zd3xLneiBp9jxpj56\">Beaulac<\/a> et <a href=\"https:\/\/maps.app.goo.gl\/uT7WJWLiWpHPLpr78\">Arts<\/a> \/ Prendre \u00e0 gauche en haut des escaliers de la gare. \/ D\u00e9p\u00f4t valises \/ D\u00e9parts \u00e0 pied depuis la gare \u00e0 14h45 \/ 15h00 \/ 15h15<\/li>\n<\/ul>\n\n\n\n<p><strong>15h00\u201316h00<br><\/strong>Check-in pour les clients de l\u2019h\u00f4tel <a href=\"https:\/\/maps.app.goo.gl\/nn7Frx59BnovqxVPA\">Alpes et Lac<\/a><\/p>\n\n\n\n<ul class=\"wp-block-list\">\n<li>Sortie gare entr\u00e9e principale pour h\u00f4tel Alpes et Lac \/ Prendre \u00e0 droite en haut des escaliers de la gare \/ Check-in h\u00f4tel \/ D\u00e9parts \u00e0 pied devant l&rsquo;h\u00f4tel \u00e0 15h15 \/ 15h30 \/ 15h45 \/ Prise en charge des personnes \u00e0 mobilit\u00e9 r\u00e9duite devant l&rsquo;h\u00f4tel.<\/li>\n<\/ul>\n\n\n\n<p><strong>16h15\u201317h15<br><\/strong>Assembl\u00e9e \u00e0 la salle du Grand Conseil du <a href=\"https:\/\/maps.app.goo.gl\/kJesSRkBovKiq91t5\">Ch\u00e2teau<\/a>, objets 1\u20132 ; 4\u20136 ; 19<\/p>\n\n\n\n<p><strong>17h15\u201317h30<br><\/strong>Allocution d\u2019Eric Nussbaumer, pr\u00e9sident du Conseil national<\/p>\n\n\n\n<p><strong>17h30\u201317h45<br><\/strong>Pause et d\u00e9placement \u00e0 pied \u00e0 la Coll\u00e9giale (\u00e9glise)<\/p>\n\n\n\n<p><strong>17h45\u201319h00 <br><\/strong>Culte (avec installation)<\/p>\n\n\n\n<p><strong>19h00\u201320h30<br><\/strong>Ap\u00e9ritif au clo\u00eetre de la Coll\u00e9giale<\/p>\n\n\n\n<ul class=\"wp-block-list\">\n<li>D\u00e9parts \u00e0 pied depuis le Clo\u00eetre \u00e0 20h30 pour les h\u00f4tels \/ Prise en charge des personnes \u00e0 mobilit\u00e9 r\u00e9duite<\/li>\n<\/ul>\n\n\n\n<p><strong>19h00\u201320h30 <br><\/strong>Check-in pour les clients de l\u2019h\u00f4tel Beaulac et de l\u2019h\u00f4tel des Arts<\/p>\n\n\n\n<p><strong>D\u00e8s 20h30 <br><\/strong>Soir\u00e9e libre<\/p>\n\n\n\n<h2 class=\"wp-block-heading\">Lundi 10 juin 2024<\/h2>\n\n\n\n<p><strong>07h15\u201308h00<br><\/strong>Transfert avec le train touristique ou trajet \u00e0 pied jusqu\u2019au clo\u00eetre<\/p>\n\n\n\n<ul class=\"wp-block-list\">\n<li>RV \u00e0 07h15 devant les h\u00f4tels Beaulac et Arts \/ Accompagnement jusqu&rsquo;au train touristique sur la place de Poste pour un d\u00e9part 07h30 vers la Coll\u00e9giale<\/li>\n\n\n\n<li>RV \u00e0 07h15 devant l&rsquo;h\u00f4tel Alpes et Lac pour un accompagnement \u00e0 pied. Prise en charge des personnes \u00e0 mobilit\u00e9 r\u00e9duite devant l&rsquo;h\u00f4tel<\/li>\n<\/ul>\n\n\n\n<p><strong>08h00\u201308h30<br><\/strong>Caf\u00e9 de bienvenue<\/p>\n\n\n\n<p><strong>08h30\u201310h00<br><\/strong>Assembl\u00e9e au ch\u00e2teau, objets 3 ; 7\u20139<\/p>\n\n\n\n<p><strong>10h00\u201310h30<br><\/strong>Pause-caf\u00e9 au clo\u00eetre<\/p>\n\n\n\n<p><strong>10h30\u201312h00<br><\/strong>Assembl\u00e9e, objets 10\u201312<\/p>\n\n\n\n<p><strong>12h00\u201312h30<br><\/strong>Information et chant 1\u00e8re partie<\/p>\n\n\n\n<p><strong>12h30\u201314h00<br><\/strong>Repas \u00e0 la salle des chevaliers du Ch\u00e2teau<\/p>\n\n\n\n<p><strong>14h00\u201314h30<br><\/strong>Chant 2\u00e8me partie<\/p>\n\n\n\n<p><strong>14h30\u201315h30 <br><\/strong>Assembl\u00e9e, objet 13<\/p>\n\n\n\n<p><strong>15h30\u201316h00 <br><\/strong>Pause-caf\u00e9<\/p>\n\n\n\n<p><strong>16h00\u201317h30 <br><\/strong>Assembl\u00e9e, objet 14<\/p>\n\n\n\n<p><strong>17h30\u201318h00 <br><\/strong>D\u00e9placement \u00e0 pied ou en TP pour se rendre aux h\u00f4tels<\/p>\n\n\n\n<ul class=\"wp-block-list\">\n<li>D\u00e9parts \u00e0 pied depuis le Ch\u00e2teau \u00e0 17h45 pour les h\u00f4tels \/ Prise en charge des personnes \u00e0 mobilit\u00e9 r\u00e9duite<\/li>\n<\/ul>\n\n\n\n<p><strong>18h00 <br><\/strong>Temps libre<\/p>\n\n\n\n<p><strong>19h00\u201319h15 <br><\/strong>D\u00e9part \u00e0 pied pour se rendre au <a href=\"https:\/\/maps.app.goo.gl\/mRgki7iXt8Hwvjnj8\">port de Neuch\u00e2tel<\/a><\/p>\n\n\n\n<ul class=\"wp-block-list\">\n<li>RV \u00e0 19h15 devant l&rsquo;h\u00f4tel Alpes et Lac pour un accompagnement \u00e0 pied \/ Prise en charge personnes \u00e0 mobilit\u00e9 r\u00e9duite \/ Accueil au port<\/li>\n\n\n\n<li>Pour les h\u00f4tels du Beaulac et Arts, ils se d\u00e9placeront seul-e-s- au Port \u00e0 2-5 minutes \u00e0 pied de leurs h\u00f4tels \/ Accueil au port<\/li>\n<\/ul>\n\n\n\n<p><strong>19h15\u201319h30 <br><\/strong>Accueil de l&rsquo;\u00c9glise h\u00f4te au port de Neuch\u00e2tel et embarquement<\/p>\n\n\n\n<p><strong>19h30\u201322h00 <br><\/strong>Croisi\u00e8re sur le lac avec ap\u00e9ritif, d\u00eener et animation \u00e0 bord<br>Th\u00e8me de la soir\u00e9e: \u00abLes ann\u00e9es folles de 1920 \u00e0 1929\u00bb<\/p>\n\n\n\n<ul class=\"wp-block-list\">\n<li>Le bateau partira en croisi\u00e8re \u00e0 20h00 pile ! Accueil et verre de bienvenue suivis des discours \/ Ap\u00e9ritif d\u00eenatoire et retour \u00e0 quai \u00e0 22h00<\/li>\n<\/ul>\n\n\n\n<p><strong>D\u00e8s 22h00<br><\/strong>Retour \u00e0 quai et fin de la journ\u00e9e<\/p>\n\n\n\n<ul class=\"wp-block-list\">\n<li>Le bateau restera \u00e0 quai pour profiter encore de la soir\u00e9e de 22h00 \u00e0 23h00 \/ Permanence infos et commandes taxis de 22h00 \u00e0 minuit \u00e0 la sortie du quai<\/li>\n<\/ul>\n\n\n\n<h2 class=\"wp-block-heading\">Mardi 11 juin 2024<\/h2>\n\n\n\n<p><strong>07h15\u201308h00 <br><\/strong>Transfert avec le train touristique ou trajet \u00e0 pied jusqu\u2019au clo\u00eetre<\/p>\n\n\n\n<ul class=\"wp-block-list\">\n<li>RV \u00e0 07h15 devant les h\u00f4tels Beaulac et Arts \/ Accompagnement jusqu&rsquo;au train touristique sur la place de Poste pour un d\u00e9part 07h30 vers la Coll\u00e9giale<\/li>\n\n\n\n<li>RV \u00e0 07h15 devant l&rsquo;h\u00f4tel Alpes et Lac pour un accompagnement \u00e0 pied. Prise en charge des personnes \u00e0 mobilit\u00e9 r\u00e9duite devant l&rsquo;h\u00f4tel<\/li>\n<\/ul>\n\n\n\n<p><strong>08h00\u201308h30 <br><\/strong>Caf\u00e9 de bienvenue<\/p>\n\n\n\n<p><strong>08h30\u201310h30 <br><\/strong>Assembl\u00e9e au ch\u00e2teau, objets 15\u201318<\/p>\n\n\n\n<p><strong>10h30\u201311h00 <br><\/strong>Pause-caf\u00e9 au clo\u00eetre<\/p>\n\n\n\n<p><strong>11h00\u201312h45 <br><\/strong>Assembl\u00e9e, objets 20\u201321<\/p>\n\n\n\n<p><strong>12h45\u201314h00 <br><\/strong>Cl\u00f4ture du synode; repas debout au clo\u00eetre ou \u00e0 l\u2019emporter<\/p>\n\n\n\n<ul class=\"wp-block-list\">\n<li>Permanence infos et commandes taxis de 13h30 \u00e0 15h30 devant le Clo\u00eetre<\/li>\n<\/ul>\n\n\n\n<p><strong>D\u00e8s 14h00 <br><\/strong>Transfert \u00e0 pied \u00e0 la <a href=\"https:\/\/maps.app.goo.gl\/s3BHinYmNFNjVpam9\">gare<\/a> <br>Les bagages sont r\u00e9ceptionn\u00e9s \u00e0 la gare de 12h45 \u00e0 15h00.<\/p>\n\n\n\n<ul class=\"wp-block-list\">\n<li>Les bagages seront r\u00e9ceptionn\u00e9s (pour les h\u00f4tels Beaulac et Arts) \u00e0 l\u2019est de la gare c\u00f4t\u00e9 Bienne, devant le <a href=\"https:\/\/maps.app.goo.gl\/X8o6hMnxfo8cDypC7\">King Food<\/a> (compter 5 minutes en plus avant de prendre le train) de 12h45 \u00e0 15h00. Merci d&rsquo;indiquer au check-out de la r\u00e9ception de l&rsquo;h\u00f4tel si votre valise doit aller \u00e0 la gare ou non.<\/li>\n\n\n\n<li>Pour l&rsquo;h\u00f4tel Alpes et Lac, les valises seront \u00e0 reprendre dans le local valises de l&rsquo;h\u00f4tel au retour du Synode.<\/li>\n<\/ul>\n","protected":false},"excerpt":{"rendered":"<p>Dimanche 9 juin 2024 15h00\u201316h15 Prise en charge des bagages \u00e0 la gare et trajet \u00e0 pied jusqu\u2019au clo\u00eetre de la Coll\u00e9giale, caf\u00e9 de bienvenue 15h00\u201316h00Check-in pour les clients de l\u2019h\u00f4tel Alpes et Lac 16h15\u201317h15Assembl\u00e9e \u00e0 la salle du Grand Conseil du Ch\u00e2teau, objets 1\u20132 ; 4\u20136 ; 19 17h15\u201317h30Allocution d\u2019Eric Nussbaumer, pr\u00e9sident du Conseil &#8230; <a title=\"Programme (f)\" class=\"read-more\" href=\"https:\/\/www.eren.ch\/evref\/programme-f\/\" aria-label=\"En savoir plus sur Programme (f)\">Lire la suite<\/a><\/p>\n","protected":false},"author":1,"featured_media":0,"parent":0,"menu_order":0,"comment_status":"closed","ping_status":"closed","template":"","meta":{"footnotes":""},"class_list":["post-15","page","type-page","status-publish"],"yoast_head":"<!-- This site is optimized with the Yoast SEO Premium plugin v27.6 (Yoast SEO v27.6) - https:\/\/yoast.com\/product\/yoast-seo-premium-wordpress\/ -->\n<title>Programme (f) - Synode de l&#039;EERS 2024<\/title>\n<meta name=\"robots\" content=\"index, follow, max-snippet:-1, max-image-preview:large, max-video-preview:-1\" \/>\n<link rel=\"canonical\" href=\"https:\/\/www.eren.ch\/evref\/programme-f\/\" \/>\n<meta property=\"og:locale\" content=\"fr_FR\" \/>\n<meta property=\"og:type\" content=\"article\" \/>\n<meta property=\"og:title\" content=\"Programme (f)\" \/>\n<meta property=\"og:description\" content=\"Dimanche 9 juin 2024 15h00\u201316h15 Prise en charge des bagages \u00e0 la gare et trajet \u00e0 pied jusqu\u2019au clo\u00eetre de la Coll\u00e9giale, caf\u00e9 de bienvenue 15h00\u201316h00Check-in pour les clients de l\u2019h\u00f4tel Alpes et Lac 16h15\u201317h15Assembl\u00e9e \u00e0 la salle du Grand Conseil du Ch\u00e2teau, objets 1\u20132 ; 4\u20136 ; 19 17h15\u201317h30Allocution d\u2019Eric Nussbaumer, pr\u00e9sident du Conseil ... Lire la suite\" \/>\n<meta property=\"og:url\" content=\"https:\/\/www.eren.ch\/evref\/programme-f\/\" \/>\n<meta property=\"og:site_name\" content=\"Synode de l&#039;EERS 2024\" \/>\n<meta property=\"article:modified_time\" content=\"2024-06-08T13:18:04+00:00\" \/>\n<meta property=\"og:image\" content=\"https:\/\/www.eren.ch\/evref\/wp-content\/uploads\/sites\/23\/2024\/05\/eren.jpg\" \/>\n\t<meta property=\"og:image:width\" content=\"740\" \/>\n\t<meta property=\"og:image:height\" content=\"416\" \/>\n\t<meta property=\"og:image:type\" content=\"image\/jpeg\" \/>\n<meta name=\"twitter:card\" content=\"summary_large_image\" \/>\n<meta name=\"twitter:label1\" content=\"Dur\u00e9e de lecture estim\u00e9e\" \/>\n\t<meta name=\"twitter:data1\" content=\"4 minutes\" \/>\n<script type=\"application\/ld+json\" class=\"yoast-schema-graph\">{\"@context\":\"https:\\\/\\\/schema.org\",\"@graph\":[{\"@type\":\"WebPage\",\"@id\":\"https:\\\/\\\/www.eren.ch\\\/evref\\\/programme-f\\\/\",\"url\":\"https:\\\/\\\/www.eren.ch\\\/evref\\\/programme-f\\\/\",\"name\":\"Programme (f) - Synode de l&#039;EERS 2024\",\"isPartOf\":{\"@id\":\"https:\\\/\\\/www.eren.ch\\\/evref\\\/#website\"},\"datePublished\":\"2024-04-24T07:00:59+00:00\",\"dateModified\":\"2024-06-08T13:18:04+00:00\",\"breadcrumb\":{\"@id\":\"https:\\\/\\\/www.eren.ch\\\/evref\\\/programme-f\\\/#breadcrumb\"},\"inLanguage\":\"fr-FR\",\"potentialAction\":[{\"@type\":\"ReadAction\",\"target\":[\"https:\\\/\\\/www.eren.ch\\\/evref\\\/programme-f\\\/\"]}]},{\"@type\":\"BreadcrumbList\",\"@id\":\"https:\\\/\\\/www.eren.ch\\\/evref\\\/programme-f\\\/#breadcrumb\",\"itemListElement\":[{\"@type\":\"ListItem\",\"position\":1,\"name\":\"Accueil\",\"item\":\"https:\\\/\\\/www.eren.ch\\\/evref\\\/\"},{\"@type\":\"ListItem\",\"position\":2,\"name\":\"Programme (f)\"}]},{\"@type\":\"WebSite\",\"@id\":\"https:\\\/\\\/www.eren.ch\\\/evref\\\/#website\",\"url\":\"https:\\\/\\\/www.eren.ch\\\/evref\\\/\",\"name\":\"Synode de l&#039;EERS 2024\",\"description\":\"\",\"publisher\":{\"@id\":\"https:\\\/\\\/www.eren.ch\\\/evref\\\/#organization\"},\"potentialAction\":[{\"@type\":\"SearchAction\",\"target\":{\"@type\":\"EntryPoint\",\"urlTemplate\":\"https:\\\/\\\/www.eren.ch\\\/evref\\\/?s={search_term_string}\"},\"query-input\":{\"@type\":\"PropertyValueSpecification\",\"valueRequired\":true,\"valueName\":\"search_term_string\"}}],\"inLanguage\":\"fr-FR\"},{\"@type\":\"Organization\",\"@id\":\"https:\\\/\\\/www.eren.ch\\\/evref\\\/#organization\",\"name\":\"Synode de l&#039;EERS 2024\",\"url\":\"https:\\\/\\\/www.eren.ch\\\/evref\\\/\",\"logo\":{\"@type\":\"ImageObject\",\"inLanguage\":\"fr-FR\",\"@id\":\"https:\\\/\\\/www.eren.ch\\\/evref\\\/#\\\/schema\\\/logo\\\/image\\\/\",\"url\":\"https:\\\/\\\/www.eren.ch\\\/evref\\\/wp-content\\\/uploads\\\/sites\\\/23\\\/2024\\\/05\\\/cropped-eren-seul-carre-512.png\",\"contentUrl\":\"https:\\\/\\\/www.eren.ch\\\/evref\\\/wp-content\\\/uploads\\\/sites\\\/23\\\/2024\\\/05\\\/cropped-eren-seul-carre-512.png\",\"width\":512,\"height\":512,\"caption\":\"Synode de l&#039;EERS 2024\"},\"image\":{\"@id\":\"https:\\\/\\\/www.eren.ch\\\/evref\\\/#\\\/schema\\\/logo\\\/image\\\/\"}}]}<\/script>\n<!-- \/ Yoast SEO Premium plugin. -->","yoast_head_json":{"title":"Programme (f) - Synode de l&#039;EERS 2024","robots":{"index":"index","follow":"follow","max-snippet":"max-snippet:-1","max-image-preview":"max-image-preview:large","max-video-preview":"max-video-preview:-1"},"canonical":"https:\/\/www.eren.ch\/evref\/programme-f\/","og_locale":"fr_FR","og_type":"article","og_title":"Programme (f)","og_description":"Dimanche 9 juin 2024 15h00\u201316h15 Prise en charge des bagages \u00e0 la gare et trajet \u00e0 pied jusqu\u2019au clo\u00eetre de la Coll\u00e9giale, caf\u00e9 de bienvenue 15h00\u201316h00Check-in pour les clients de l\u2019h\u00f4tel Alpes et Lac 16h15\u201317h15Assembl\u00e9e \u00e0 la salle du Grand Conseil du Ch\u00e2teau, objets 1\u20132 ; 4\u20136 ; 19 17h15\u201317h30Allocution d\u2019Eric Nussbaumer, pr\u00e9sident du Conseil ... Lire la suite","og_url":"https:\/\/www.eren.ch\/evref\/programme-f\/","og_site_name":"Synode de l&#039;EERS 2024","article_modified_time":"2024-06-08T13:18:04+00:00","og_image":[{"width":740,"height":416,"url":"https:\/\/www.eren.ch\/evref\/wp-content\/uploads\/sites\/23\/2024\/05\/eren.jpg","type":"image\/jpeg"}],"twitter_card":"summary_large_image","twitter_misc":{"Dur\u00e9e de lecture estim\u00e9e":"4 minutes"},"schema":{"@context":"https:\/\/schema.org","@graph":[{"@type":"WebPage","@id":"https:\/\/www.eren.ch\/evref\/programme-f\/","url":"https:\/\/www.eren.ch\/evref\/programme-f\/","name":"Programme (f) - Synode de l&#039;EERS 2024","isPartOf":{"@id":"https:\/\/www.eren.ch\/evref\/#website"},"datePublished":"2024-04-24T07:00:59+00:00","dateModified":"2024-06-08T13:18:04+00:00","breadcrumb":{"@id":"https:\/\/www.eren.ch\/evref\/programme-f\/#breadcrumb"},"inLanguage":"fr-FR","potentialAction":[{"@type":"ReadAction","target":["https:\/\/www.eren.ch\/evref\/programme-f\/"]}]},{"@type":"BreadcrumbList","@id":"https:\/\/www.eren.ch\/evref\/programme-f\/#breadcrumb","itemListElement":[{"@type":"ListItem","position":1,"name":"Accueil","item":"https:\/\/www.eren.ch\/evref\/"},{"@type":"ListItem","position":2,"name":"Programme (f)"}]},{"@type":"WebSite","@id":"https:\/\/www.eren.ch\/evref\/#website","url":"https:\/\/www.eren.ch\/evref\/","name":"Synode de l&#039;EERS 2024","description":"","publisher":{"@id":"https:\/\/www.eren.ch\/evref\/#organization"},"potentialAction":[{"@type":"SearchAction","target":{"@type":"EntryPoint","urlTemplate":"https:\/\/www.eren.ch\/evref\/?s={search_term_string}"},"query-input":{"@type":"PropertyValueSpecification","valueRequired":true,"valueName":"search_term_string"}}],"inLanguage":"fr-FR"},{"@type":"Organization","@id":"https:\/\/www.eren.ch\/evref\/#organization","name":"Synode de l&#039;EERS 2024","url":"https:\/\/www.eren.ch\/evref\/","logo":{"@type":"ImageObject","inLanguage":"fr-FR","@id":"https:\/\/www.eren.ch\/evref\/#\/schema\/logo\/image\/","url":"https:\/\/www.eren.ch\/evref\/wp-content\/uploads\/sites\/23\/2024\/05\/cropped-eren-seul-carre-512.png","contentUrl":"https:\/\/www.eren.ch\/evref\/wp-content\/uploads\/sites\/23\/2024\/05\/cropped-eren-seul-carre-512.png","width":512,"height":512,"caption":"Synode de l&#039;EERS 2024"},"image":{"@id":"https:\/\/www.eren.ch\/evref\/#\/schema\/logo\/image\/"}}]}},"_links":{"self":[{"href":"https:\/\/www.eren.ch\/evref\/wp-json\/wp\/v2\/pages\/15","targetHints":{"allow":["GET"]}}],"collection":[{"href":"https:\/\/www.eren.ch\/evref\/wp-json\/wp\/v2\/pages"}],"about":[{"href":"https:\/\/www.eren.ch\/evref\/wp-json\/wp\/v2\/types\/page"}],"author":[{"embeddable":true,"href":"https:\/\/www.eren.ch\/evref\/wp-json\/wp\/v2\/users\/1"}],"replies":[{"embeddable":true,"href":"https:\/\/www.eren.ch\/evref\/wp-json\/wp\/v2\/comments?post=15"}],"version-history":[{"count":9,"href":"https:\/\/www.eren.ch\/evref\/wp-json\/wp\/v2\/pages\/15\/revisions"}],"predecessor-version":[{"id":75,"href":"https:\/\/www.eren.ch\/evref\/wp-json\/wp\/v2\/pages\/15\/revisions\/75"}],"wp:attachment":[{"href":"https:\/\/www.eren.ch\/evref\/wp-json\/wp\/v2\/media?parent=15"}],"curies":[{"name":"wp","href":"https:\/\/api.w.org\/{rel}","templated":true}]}}