{"id":59,"date":"2024-05-23T13:46:51","date_gmt":"2024-05-23T11:46:51","guid":{"rendered":"https:\/\/www.eren.ch\/evref\/?page_id=59"},"modified":"2024-05-23T13:48:53","modified_gmt":"2024-05-23T11:48:53","slug":"leren-vous-accueille-a-neuchatel","status":"publish","type":"page","link":"https:\/\/www.eren.ch\/evref\/","title":{"rendered":"L&rsquo;EREN vous accueille \u00e0 Neuch\u00e2tel"},"content":{"rendered":"\n<p>La grande interview en vid\u00e9o: L&rsquo;\u00c9glise r\u00e9form\u00e9e \u00e9vang\u00e9lique du canton de Neuch\u00e2tel se pr\u00e9sente \u00e0 la veille du synode d&rsquo;\u00e9t\u00e9 de l&rsquo;EERS (\u00c9glise \u00e9vang\u00e9lique r\u00e9form\u00e9e de Suisse).<\/p>\n\n\n\n<figure class=\"wp-block-embed is-type-video is-provider-youtube wp-block-embed-youtube wp-embed-aspect-16-9 wp-has-aspect-ratio\"><div class=\"wp-block-embed__wrapper\">\n<iframe loading=\"lazy\" title=\"Prochain Synode EERS Neucha\u0302tel\" width=\"1200\" height=\"675\" src=\"https:\/\/www.youtube.com\/embed\/S_y5DhepGrE?feature=oembed\" frameborder=\"0\" allow=\"accelerometer; autoplay; clipboard-write; encrypted-media; gyroscope; picture-in-picture; web-share\" referrerpolicy=\"strict-origin-when-cross-origin\" allowfullscreen><\/iframe>\n<\/div><figcaption class=\"wp-element-caption\">L&rsquo;EREN accueille le Synode de l&rsquo;EERS<\/figcaption><\/figure>\n\n\n\n<figure class=\"wp-block-embed is-type-video is-provider-youtube wp-block-embed-youtube wp-embed-aspect-16-9 wp-has-aspect-ratio\"><div class=\"wp-block-embed__wrapper\">\n<iframe loading=\"lazy\" title=\"La r\u00e9forme \u00e0 Neuch\u00e2tel\" width=\"1200\" height=\"675\" src=\"https:\/\/www.youtube.com\/embed\/Nv_84PP-sIk?feature=oembed\" frameborder=\"0\" allow=\"accelerometer; autoplay; clipboard-write; encrypted-media; gyroscope; picture-in-picture; web-share\" referrerpolicy=\"strict-origin-when-cross-origin\" allowfullscreen><\/iframe>\n<\/div><figcaption class=\"wp-element-caption\">500 ans de la R\u00e9forme \u00e0 Neuch\u00e2tel<\/figcaption><\/figure>\n\n\n\n<figure class=\"wp-block-embed is-type-video is-provider-youtube wp-block-embed-youtube wp-embed-aspect-16-9 wp-has-aspect-ratio\"><div class=\"wp-block-embed__wrapper\">\n<iframe loading=\"lazy\" title=\"Neuch\u00e2tel comme on l&#039;aime\" width=\"1200\" height=\"675\" src=\"https:\/\/www.youtube.com\/embed\/WI2ElQ2U_mM?feature=oembed\" frameborder=\"0\" allow=\"accelerometer; autoplay; clipboard-write; encrypted-media; gyroscope; picture-in-picture; web-share\" referrerpolicy=\"strict-origin-when-cross-origin\" allowfullscreen><\/iframe>\n<\/div><figcaption class=\"wp-element-caption\">La ville se pr\u00e9sente en vid\u00e9o<\/figcaption><\/figure>\n\n\n\n<hr class=\"wp-block-separator has-alpha-channel-opacity\"\/>\n\n\n\n<p>Liens utiles:<\/p>\n\n\n\n<ul class=\"wp-block-list\">\n<li><a href=\"https:\/\/www.neuchatelville.ch\/\">Ville de Neuch\u00e2tel<\/a><\/li>\n\n\n\n<li><a href=\"https:\/\/www.j3l.ch\/fr\/Z10488\/neuchatel-tourisme\">Neuch\u00e2tel Tourisme<\/a><\/li>\n<\/ul>\n","protected":false},"excerpt":{"rendered":"<p>La grande interview en vid\u00e9o: L&rsquo;\u00c9glise r\u00e9form\u00e9e \u00e9vang\u00e9lique du canton de Neuch\u00e2tel se pr\u00e9sente \u00e0 la veille du synode d&rsquo;\u00e9t\u00e9 de l&rsquo;EERS (\u00c9glise \u00e9vang\u00e9lique r\u00e9form\u00e9e de Suisse). Liens utiles:<\/p>\n","protected":false},"author":1,"featured_media":0,"parent":0,"menu_order":0,"comment_status":"closed","ping_status":"closed","template":"","meta":{"footnotes":""},"class_list":["post-59","page","type-page","status-publish"],"yoast_head":"<!-- This site is optimized with the Yoast SEO Premium plugin v27.6 (Yoast SEO v27.6) - https:\/\/yoast.com\/product\/yoast-seo-premium-wordpress\/ -->\n<title>L&#039;EREN vous accueille \u00e0 Neuch\u00e2tel - Synode de l&#039;EERS 2024<\/title>\n<meta name=\"robots\" content=\"index, follow, max-snippet:-1, max-image-preview:large, max-video-preview:-1\" \/>\n<link rel=\"canonical\" href=\"https:\/\/www.eren.ch\/evref\/\" \/>\n<meta property=\"og:locale\" content=\"fr_FR\" \/>\n<meta property=\"og:type\" content=\"article\" \/>\n<meta property=\"og:title\" content=\"L&#039;EREN vous accueille \u00e0 Neuch\u00e2tel\" \/>\n<meta property=\"og:description\" content=\"La grande interview en vid\u00e9o: L&rsquo;\u00c9glise r\u00e9form\u00e9e \u00e9vang\u00e9lique du canton de Neuch\u00e2tel se pr\u00e9sente \u00e0 la veille du synode d&rsquo;\u00e9t\u00e9 de l&rsquo;EERS (\u00c9glise \u00e9vang\u00e9lique r\u00e9form\u00e9e de Suisse). Liens utiles:\" \/>\n<meta property=\"og:url\" content=\"https:\/\/www.eren.ch\/evref\/\" \/>\n<meta property=\"og:site_name\" content=\"Synode de l&#039;EERS 2024\" \/>\n<meta property=\"article:modified_time\" content=\"2024-05-23T11:48:53+00:00\" \/>\n<meta property=\"og:image\" content=\"https:\/\/www.eren.ch\/evref\/wp-content\/uploads\/sites\/23\/2024\/05\/eren.jpg\" \/>\n\t<meta property=\"og:image:width\" content=\"740\" \/>\n\t<meta property=\"og:image:height\" content=\"416\" \/>\n\t<meta property=\"og:image:type\" content=\"image\/jpeg\" \/>\n<meta name=\"twitter:card\" content=\"summary_large_image\" \/>\n<meta name=\"twitter:label1\" content=\"Dur\u00e9e de lecture estim\u00e9e\" \/>\n\t<meta name=\"twitter:data1\" content=\"1 minute\" \/>\n<script type=\"application\/ld+json\" class=\"yoast-schema-graph\">{\"@context\":\"https:\\\/\\\/schema.org\",\"@graph\":[{\"@type\":\"WebPage\",\"@id\":\"https:\\\/\\\/www.eren.ch\\\/evref\\\/\",\"url\":\"https:\\\/\\\/www.eren.ch\\\/evref\\\/\",\"name\":\"L'EREN vous accueille \u00e0 Neuch\u00e2tel - Synode de l&#039;EERS 2024\",\"isPartOf\":{\"@id\":\"https:\\\/\\\/www.eren.ch\\\/evref\\\/#website\"},\"datePublished\":\"2024-05-23T11:46:51+00:00\",\"dateModified\":\"2024-05-23T11:48:53+00:00\",\"breadcrumb\":{\"@id\":\"https:\\\/\\\/www.eren.ch\\\/evref\\\/#breadcrumb\"},\"inLanguage\":\"fr-FR\",\"potentialAction\":[{\"@type\":\"ReadAction\",\"target\":[\"https:\\\/\\\/www.eren.ch\\\/evref\\\/\"]}]},{\"@type\":\"BreadcrumbList\",\"@id\":\"https:\\\/\\\/www.eren.ch\\\/evref\\\/#breadcrumb\",\"itemListElement\":[{\"@type\":\"ListItem\",\"position\":1,\"name\":\"Accueil\",\"item\":\"https:\\\/\\\/www.eren.ch\\\/evref\\\/\"},{\"@type\":\"ListItem\",\"position\":2,\"name\":\"L&rsquo;EREN vous accueille \u00e0 Neuch\u00e2tel\"}]},{\"@type\":\"WebSite\",\"@id\":\"https:\\\/\\\/www.eren.ch\\\/evref\\\/#website\",\"url\":\"https:\\\/\\\/www.eren.ch\\\/evref\\\/\",\"name\":\"Synode de l&#039;EERS 2024\",\"description\":\"\",\"publisher\":{\"@id\":\"https:\\\/\\\/www.eren.ch\\\/evref\\\/#organization\"},\"potentialAction\":[{\"@type\":\"SearchAction\",\"target\":{\"@type\":\"EntryPoint\",\"urlTemplate\":\"https:\\\/\\\/www.eren.ch\\\/evref\\\/?s={search_term_string}\"},\"query-input\":{\"@type\":\"PropertyValueSpecification\",\"valueRequired\":true,\"valueName\":\"search_term_string\"}}],\"inLanguage\":\"fr-FR\"},{\"@type\":\"Organization\",\"@id\":\"https:\\\/\\\/www.eren.ch\\\/evref\\\/#organization\",\"name\":\"Synode de l&#039;EERS 2024\",\"url\":\"https:\\\/\\\/www.eren.ch\\\/evref\\\/\",\"logo\":{\"@type\":\"ImageObject\",\"inLanguage\":\"fr-FR\",\"@id\":\"https:\\\/\\\/www.eren.ch\\\/evref\\\/#\\\/schema\\\/logo\\\/image\\\/\",\"url\":\"https:\\\/\\\/www.eren.ch\\\/evref\\\/wp-content\\\/uploads\\\/sites\\\/23\\\/2024\\\/05\\\/cropped-eren-seul-carre-512.png\",\"contentUrl\":\"https:\\\/\\\/www.eren.ch\\\/evref\\\/wp-content\\\/uploads\\\/sites\\\/23\\\/2024\\\/05\\\/cropped-eren-seul-carre-512.png\",\"width\":512,\"height\":512,\"caption\":\"Synode de l&#039;EERS 2024\"},\"image\":{\"@id\":\"https:\\\/\\\/www.eren.ch\\\/evref\\\/#\\\/schema\\\/logo\\\/image\\\/\"}}]}<\/script>\n<!-- \/ Yoast SEO Premium plugin. -->","yoast_head_json":{"title":"L'EREN vous accueille \u00e0 Neuch\u00e2tel - Synode de l&#039;EERS 2024","robots":{"index":"index","follow":"follow","max-snippet":"max-snippet:-1","max-image-preview":"max-image-preview:large","max-video-preview":"max-video-preview:-1"},"canonical":"https:\/\/www.eren.ch\/evref\/","og_locale":"fr_FR","og_type":"article","og_title":"L'EREN vous accueille \u00e0 Neuch\u00e2tel","og_description":"La grande interview en vid\u00e9o: L&rsquo;\u00c9glise r\u00e9form\u00e9e \u00e9vang\u00e9lique du canton de Neuch\u00e2tel se pr\u00e9sente \u00e0 la veille du synode d&rsquo;\u00e9t\u00e9 de l&rsquo;EERS (\u00c9glise \u00e9vang\u00e9lique r\u00e9form\u00e9e de Suisse). Liens utiles:","og_url":"https:\/\/www.eren.ch\/evref\/","og_site_name":"Synode de l&#039;EERS 2024","article_modified_time":"2024-05-23T11:48:53+00:00","og_image":[{"width":740,"height":416,"url":"https:\/\/www.eren.ch\/evref\/wp-content\/uploads\/sites\/23\/2024\/05\/eren.jpg","type":"image\/jpeg"}],"twitter_card":"summary_large_image","twitter_misc":{"Dur\u00e9e de lecture estim\u00e9e":"1 minute"},"schema":{"@context":"https:\/\/schema.org","@graph":[{"@type":"WebPage","@id":"https:\/\/www.eren.ch\/evref\/","url":"https:\/\/www.eren.ch\/evref\/","name":"L'EREN vous accueille \u00e0 Neuch\u00e2tel - Synode de l&#039;EERS 2024","isPartOf":{"@id":"https:\/\/www.eren.ch\/evref\/#website"},"datePublished":"2024-05-23T11:46:51+00:00","dateModified":"2024-05-23T11:48:53+00:00","breadcrumb":{"@id":"https:\/\/www.eren.ch\/evref\/#breadcrumb"},"inLanguage":"fr-FR","potentialAction":[{"@type":"ReadAction","target":["https:\/\/www.eren.ch\/evref\/"]}]},{"@type":"BreadcrumbList","@id":"https:\/\/www.eren.ch\/evref\/#breadcrumb","itemListElement":[{"@type":"ListItem","position":1,"name":"Accueil","item":"https:\/\/www.eren.ch\/evref\/"},{"@type":"ListItem","position":2,"name":"L&rsquo;EREN vous accueille \u00e0 Neuch\u00e2tel"}]},{"@type":"WebSite","@id":"https:\/\/www.eren.ch\/evref\/#website","url":"https:\/\/www.eren.ch\/evref\/","name":"Synode de l&#039;EERS 2024","description":"","publisher":{"@id":"https:\/\/www.eren.ch\/evref\/#organization"},"potentialAction":[{"@type":"SearchAction","target":{"@type":"EntryPoint","urlTemplate":"https:\/\/www.eren.ch\/evref\/?s={search_term_string}"},"query-input":{"@type":"PropertyValueSpecification","valueRequired":true,"valueName":"search_term_string"}}],"inLanguage":"fr-FR"},{"@type":"Organization","@id":"https:\/\/www.eren.ch\/evref\/#organization","name":"Synode de l&#039;EERS 2024","url":"https:\/\/www.eren.ch\/evref\/","logo":{"@type":"ImageObject","inLanguage":"fr-FR","@id":"https:\/\/www.eren.ch\/evref\/#\/schema\/logo\/image\/","url":"https:\/\/www.eren.ch\/evref\/wp-content\/uploads\/sites\/23\/2024\/05\/cropped-eren-seul-carre-512.png","contentUrl":"https:\/\/www.eren.ch\/evref\/wp-content\/uploads\/sites\/23\/2024\/05\/cropped-eren-seul-carre-512.png","width":512,"height":512,"caption":"Synode de l&#039;EERS 2024"},"image":{"@id":"https:\/\/www.eren.ch\/evref\/#\/schema\/logo\/image\/"}}]}},"_links":{"self":[{"href":"https:\/\/www.eren.ch\/evref\/wp-json\/wp\/v2\/pages\/59","targetHints":{"allow":["GET"]}}],"collection":[{"href":"https:\/\/www.eren.ch\/evref\/wp-json\/wp\/v2\/pages"}],"about":[{"href":"https:\/\/www.eren.ch\/evref\/wp-json\/wp\/v2\/types\/page"}],"author":[{"embeddable":true,"href":"https:\/\/www.eren.ch\/evref\/wp-json\/wp\/v2\/users\/1"}],"replies":[{"embeddable":true,"href":"https:\/\/www.eren.ch\/evref\/wp-json\/wp\/v2\/comments?post=59"}],"version-history":[{"count":2,"href":"https:\/\/www.eren.ch\/evref\/wp-json\/wp\/v2\/pages\/59\/revisions"}],"predecessor-version":[{"id":62,"href":"https:\/\/www.eren.ch\/evref\/wp-json\/wp\/v2\/pages\/59\/revisions\/62"}],"wp:attachment":[{"href":"https:\/\/www.eren.ch\/evref\/wp-json\/wp\/v2\/media?parent=59"}],"curies":[{"name":"wp","href":"https:\/\/api.w.org\/{rel}","templated":true}]}}