{"id":143,"date":"2020-04-20T11:28:19","date_gmt":"2020-04-20T09:28:19","guid":{"rendered":"https:\/\/www.eren.ch\/hautesjoux\/?page_id=143"},"modified":"2020-06-07T21:17:12","modified_gmt":"2020-06-07T19:17:12","slug":"cultes","status":"publish","type":"page","link":"https:\/\/www.eren.ch\/hautesjoux\/celebrations\/cultes\/","title":{"rendered":"Cultes"},"content":{"rendered":"<p><img loading=\"lazy\" decoding=\"async\" class=\"alignnone size-medium wp-image-215\" src=\"https:\/\/www.eren.ch\/hautesjoux\/wp-content\/uploads\/sites\/12\/2020\/06\/21cdd1c0-08d5-4322-8943-aec201479557-300x200.jpg\" alt=\"\" width=\"300\" height=\"200\" srcset=\"https:\/\/www.eren.ch\/hautesjoux\/wp-content\/uploads\/sites\/12\/2020\/06\/21cdd1c0-08d5-4322-8943-aec201479557-300x200.jpg 300w, https:\/\/www.eren.ch\/hautesjoux\/wp-content\/uploads\/sites\/12\/2020\/06\/21cdd1c0-08d5-4322-8943-aec201479557-1024x682.jpg 1024w, https:\/\/www.eren.ch\/hautesjoux\/wp-content\/uploads\/sites\/12\/2020\/06\/21cdd1c0-08d5-4322-8943-aec201479557-768x512.jpg 768w, https:\/\/www.eren.ch\/hautesjoux\/wp-content\/uploads\/sites\/12\/2020\/06\/21cdd1c0-08d5-4322-8943-aec201479557-1536x1024.jpg 1536w, https:\/\/www.eren.ch\/hautesjoux\/wp-content\/uploads\/sites\/12\/2020\/06\/21cdd1c0-08d5-4322-8943-aec201479557-1200x800.jpg 1200w, https:\/\/www.eren.ch\/hautesjoux\/wp-content\/uploads\/sites\/12\/2020\/06\/21cdd1c0-08d5-4322-8943-aec201479557.jpg 2030w\" sizes=\"auto, (max-width: 300px) 85vw, 300px\" \/><\/p>\n<p class=\"western\">Le culte est le centre de la vie communautaire de la paroisse. C&rsquo;est un acte public et social dans les diff\u00e9rentes villes et villages.<\/p>\n<p class=\"western\">Le culte permet :<\/p>\n<ul>\n<li class=\"western\">La rencontre avec Dieu par l&rsquo;annonce de sa Parole &#8211; la bonne nouvelle de la vie avec J\u00e9sus-Christ.<\/li>\n<li class=\"western\">La rencontre avec nos fr\u00e8res et soeurs dans la foi pour prier, \u00e9couter, partager et f\u00eater la vie que Dieu nous donne.<\/li>\n<li class=\"western\">L&rsquo;accueil de toute personne qui pousse la porte du lieu, pour c\u00e9l\u00e9brer avec la communaut\u00e9.<\/li>\n<\/ul>\n<p class=\"western\"><b>En temps ordinaire, <\/b>un ou deux cultes sont c\u00e9l\u00e9br\u00e9s dans la paroisse chaque dimanche selon une r\u00e9partition parmi les 6 lieux de cultes de la paroisse.<\/p>\n<p class=\"western\">Une dizaine de cultes uniques chaque ann\u00e9e rassemblent l&rsquo;ensemble de la paroisse et ont lieu lors de moments sp\u00e9ciaux comme les f\u00eates de cat\u00e9 ou d&rsquo;autres temps importants pour la paroisse.<\/p>\n","protected":false},"excerpt":{"rendered":"<p>Le culte est le centre de la vie communautaire de la paroisse. C&rsquo;est un acte public et social dans les diff\u00e9rentes villes et villages. Le culte permet : La rencontre avec Dieu par l&rsquo;annonce de sa Parole &#8211; la bonne nouvelle de la vie avec J\u00e9sus-Christ. La rencontre avec nos fr\u00e8res et soeurs dans la &hellip; <a href=\"https:\/\/www.eren.ch\/hautesjoux\/celebrations\/cultes\/\" class=\"more-link\">Continuer la lecture<span class=\"screen-reader-text\"> de &laquo;&nbsp;Cultes&nbsp;&raquo;<\/span><\/a><\/p>\n","protected":false},"author":18,"featured_media":0,"parent":13,"menu_order":0,"comment_status":"closed","ping_status":"closed","template":"","meta":{"footnotes":""},"class_list":["post-143","page","type-page","status-publish","hentry"],"yoast_head":"<!-- This site is optimized with the Yoast SEO Premium plugin v27.6 (Yoast SEO v27.6) - https:\/\/yoast.com\/product\/yoast-seo-premium-wordpress\/ -->\n<title>Cultes &#8226; Paroisse des Hautes Joux<\/title>\n<meta name=\"robots\" content=\"index, follow, max-snippet:-1, max-image-preview:large, max-video-preview:-1\" \/>\n<link rel=\"canonical\" href=\"https:\/\/www.eren.ch\/hautesjoux\/celebrations\/cultes\/\" \/>\n<meta property=\"og:locale\" content=\"fr_FR\" \/>\n<meta property=\"og:type\" content=\"article\" \/>\n<meta property=\"og:title\" content=\"Cultes\" \/>\n<meta property=\"og:description\" content=\"Le culte est le centre de la vie communautaire de la paroisse. C&rsquo;est un acte public et social dans les diff\u00e9rentes villes et villages. Le culte permet : La rencontre avec Dieu par l&rsquo;annonce de sa Parole &#8211; la bonne nouvelle de la vie avec J\u00e9sus-Christ. La rencontre avec nos fr\u00e8res et soeurs dans la &hellip; Continuer la lecture de &laquo;&nbsp;Cultes&nbsp;&raquo;\" \/>\n<meta property=\"og:url\" content=\"https:\/\/www.eren.ch\/hautesjoux\/celebrations\/cultes\/\" \/>\n<meta property=\"og:site_name\" content=\"Paroisse des Hautes Joux\" \/>\n<meta property=\"article:publisher\" content=\"https:\/\/www.facebook.com\/HautesJoux\" \/>\n<meta property=\"article:modified_time\" content=\"2020-06-07T19:17:12+00:00\" \/>\n<meta property=\"og:image\" content=\"https:\/\/www.eren.ch\/hautesjoux\/wp-content\/uploads\/sites\/12\/2020\/06\/21cdd1c0-08d5-4322-8943-aec201479557-300x200.jpg\" \/>\n<meta name=\"twitter:card\" content=\"summary_large_image\" \/>\n<meta name=\"twitter:label1\" content=\"Dur\u00e9e de lecture estim\u00e9e\" \/>\n\t<meta name=\"twitter:data1\" content=\"1 minute\" \/>\n<script type=\"application\/ld+json\" class=\"yoast-schema-graph\">{\"@context\":\"https:\\\/\\\/schema.org\",\"@graph\":[{\"@type\":\"WebPage\",\"@id\":\"https:\\\/\\\/www.eren.ch\\\/hautesjoux\\\/celebrations\\\/cultes\\\/\",\"url\":\"https:\\\/\\\/www.eren.ch\\\/hautesjoux\\\/celebrations\\\/cultes\\\/\",\"name\":\"Cultes &#8226; Paroisse des Hautes Joux\",\"isPartOf\":{\"@id\":\"https:\\\/\\\/www.eren.ch\\\/hautesjoux\\\/#website\"},\"primaryImageOfPage\":{\"@id\":\"https:\\\/\\\/www.eren.ch\\\/hautesjoux\\\/celebrations\\\/cultes\\\/#primaryimage\"},\"image\":{\"@id\":\"https:\\\/\\\/www.eren.ch\\\/hautesjoux\\\/celebrations\\\/cultes\\\/#primaryimage\"},\"thumbnailUrl\":\"https:\\\/\\\/www.eren.ch\\\/hautesjoux\\\/wp-content\\\/uploads\\\/sites\\\/12\\\/2020\\\/06\\\/21cdd1c0-08d5-4322-8943-aec201479557-300x200.jpg\",\"datePublished\":\"2020-04-20T09:28:19+00:00\",\"dateModified\":\"2020-06-07T19:17:12+00:00\",\"breadcrumb\":{\"@id\":\"https:\\\/\\\/www.eren.ch\\\/hautesjoux\\\/celebrations\\\/cultes\\\/#breadcrumb\"},\"inLanguage\":\"fr-FR\",\"potentialAction\":[{\"@type\":\"ReadAction\",\"target\":[\"https:\\\/\\\/www.eren.ch\\\/hautesjoux\\\/celebrations\\\/cultes\\\/\"]}]},{\"@type\":\"ImageObject\",\"inLanguage\":\"fr-FR\",\"@id\":\"https:\\\/\\\/www.eren.ch\\\/hautesjoux\\\/celebrations\\\/cultes\\\/#primaryimage\",\"url\":\"https:\\\/\\\/www.eren.ch\\\/hautesjoux\\\/wp-content\\\/uploads\\\/sites\\\/12\\\/2020\\\/06\\\/21cdd1c0-08d5-4322-8943-aec201479557.jpg\",\"contentUrl\":\"https:\\\/\\\/www.eren.ch\\\/hautesjoux\\\/wp-content\\\/uploads\\\/sites\\\/12\\\/2020\\\/06\\\/21cdd1c0-08d5-4322-8943-aec201479557.jpg\",\"width\":2030,\"height\":1353},{\"@type\":\"BreadcrumbList\",\"@id\":\"https:\\\/\\\/www.eren.ch\\\/hautesjoux\\\/celebrations\\\/cultes\\\/#breadcrumb\",\"itemListElement\":[{\"@type\":\"ListItem\",\"position\":1,\"name\":\"Accueil\",\"item\":\"https:\\\/\\\/www.eren.ch\\\/hautesjoux\\\/\"},{\"@type\":\"ListItem\",\"position\":2,\"name\":\"C\u00e9l\u00e9brations\",\"item\":\"https:\\\/\\\/www.eren.ch\\\/hautesjoux\\\/celebrations\\\/\"},{\"@type\":\"ListItem\",\"position\":3,\"name\":\"Cultes\"}]},{\"@type\":\"WebSite\",\"@id\":\"https:\\\/\\\/www.eren.ch\\\/hautesjoux\\\/#website\",\"url\":\"https:\\\/\\\/www.eren.ch\\\/hautesjoux\\\/\",\"name\":\"Paroisse des Hautes Joux\",\"description\":\"Paroisse r\u00e9form\u00e9e du district du Locle\",\"publisher\":{\"@id\":\"https:\\\/\\\/www.eren.ch\\\/hautesjoux\\\/#organization\"},\"potentialAction\":[{\"@type\":\"SearchAction\",\"target\":{\"@type\":\"EntryPoint\",\"urlTemplate\":\"https:\\\/\\\/www.eren.ch\\\/hautesjoux\\\/?s={search_term_string}\"},\"query-input\":{\"@type\":\"PropertyValueSpecification\",\"valueRequired\":true,\"valueName\":\"search_term_string\"}}],\"inLanguage\":\"fr-FR\"},{\"@type\":\"Organization\",\"@id\":\"https:\\\/\\\/www.eren.ch\\\/hautesjoux\\\/#organization\",\"name\":\"Paroisse des Hautes Joux\",\"url\":\"https:\\\/\\\/www.eren.ch\\\/hautesjoux\\\/\",\"logo\":{\"@type\":\"ImageObject\",\"inLanguage\":\"fr-FR\",\"@id\":\"https:\\\/\\\/www.eren.ch\\\/hautesjoux\\\/#\\\/schema\\\/logo\\\/image\\\/\",\"url\":\"https:\\\/\\\/www.eren.ch\\\/hautesjoux\\\/wp-content\\\/uploads\\\/sites\\\/12\\\/2019\\\/12\\\/logo-eren-carre.jpg\",\"contentUrl\":\"https:\\\/\\\/www.eren.ch\\\/hautesjoux\\\/wp-content\\\/uploads\\\/sites\\\/12\\\/2019\\\/12\\\/logo-eren-carre.jpg\",\"width\":512,\"height\":512,\"caption\":\"Paroisse des Hautes Joux\"},\"image\":{\"@id\":\"https:\\\/\\\/www.eren.ch\\\/hautesjoux\\\/#\\\/schema\\\/logo\\\/image\\\/\"},\"sameAs\":[\"https:\\\/\\\/www.facebook.com\\\/HautesJoux\"]}]}<\/script>\n<!-- \/ Yoast SEO Premium plugin. -->","yoast_head_json":{"title":"Cultes &#8226; Paroisse des Hautes Joux","robots":{"index":"index","follow":"follow","max-snippet":"max-snippet:-1","max-image-preview":"max-image-preview:large","max-video-preview":"max-video-preview:-1"},"canonical":"https:\/\/www.eren.ch\/hautesjoux\/celebrations\/cultes\/","og_locale":"fr_FR","og_type":"article","og_title":"Cultes","og_description":"Le culte est le centre de la vie communautaire de la paroisse. C&rsquo;est un acte public et social dans les diff\u00e9rentes villes et villages. Le culte permet : La rencontre avec Dieu par l&rsquo;annonce de sa Parole &#8211; la bonne nouvelle de la vie avec J\u00e9sus-Christ. La rencontre avec nos fr\u00e8res et soeurs dans la &hellip; Continuer la lecture de &laquo;&nbsp;Cultes&nbsp;&raquo;","og_url":"https:\/\/www.eren.ch\/hautesjoux\/celebrations\/cultes\/","og_site_name":"Paroisse des Hautes Joux","article_publisher":"https:\/\/www.facebook.com\/HautesJoux","article_modified_time":"2020-06-07T19:17:12+00:00","og_image":[{"url":"https:\/\/www.eren.ch\/hautesjoux\/wp-content\/uploads\/sites\/12\/2020\/06\/21cdd1c0-08d5-4322-8943-aec201479557-300x200.jpg","type":"","width":"","height":""}],"twitter_card":"summary_large_image","twitter_misc":{"Dur\u00e9e de lecture estim\u00e9e":"1 minute"},"schema":{"@context":"https:\/\/schema.org","@graph":[{"@type":"WebPage","@id":"https:\/\/www.eren.ch\/hautesjoux\/celebrations\/cultes\/","url":"https:\/\/www.eren.ch\/hautesjoux\/celebrations\/cultes\/","name":"Cultes &#8226; Paroisse des Hautes Joux","isPartOf":{"@id":"https:\/\/www.eren.ch\/hautesjoux\/#website"},"primaryImageOfPage":{"@id":"https:\/\/www.eren.ch\/hautesjoux\/celebrations\/cultes\/#primaryimage"},"image":{"@id":"https:\/\/www.eren.ch\/hautesjoux\/celebrations\/cultes\/#primaryimage"},"thumbnailUrl":"https:\/\/www.eren.ch\/hautesjoux\/wp-content\/uploads\/sites\/12\/2020\/06\/21cdd1c0-08d5-4322-8943-aec201479557-300x200.jpg","datePublished":"2020-04-20T09:28:19+00:00","dateModified":"2020-06-07T19:17:12+00:00","breadcrumb":{"@id":"https:\/\/www.eren.ch\/hautesjoux\/celebrations\/cultes\/#breadcrumb"},"inLanguage":"fr-FR","potentialAction":[{"@type":"ReadAction","target":["https:\/\/www.eren.ch\/hautesjoux\/celebrations\/cultes\/"]}]},{"@type":"ImageObject","inLanguage":"fr-FR","@id":"https:\/\/www.eren.ch\/hautesjoux\/celebrations\/cultes\/#primaryimage","url":"https:\/\/www.eren.ch\/hautesjoux\/wp-content\/uploads\/sites\/12\/2020\/06\/21cdd1c0-08d5-4322-8943-aec201479557.jpg","contentUrl":"https:\/\/www.eren.ch\/hautesjoux\/wp-content\/uploads\/sites\/12\/2020\/06\/21cdd1c0-08d5-4322-8943-aec201479557.jpg","width":2030,"height":1353},{"@type":"BreadcrumbList","@id":"https:\/\/www.eren.ch\/hautesjoux\/celebrations\/cultes\/#breadcrumb","itemListElement":[{"@type":"ListItem","position":1,"name":"Accueil","item":"https:\/\/www.eren.ch\/hautesjoux\/"},{"@type":"ListItem","position":2,"name":"C\u00e9l\u00e9brations","item":"https:\/\/www.eren.ch\/hautesjoux\/celebrations\/"},{"@type":"ListItem","position":3,"name":"Cultes"}]},{"@type":"WebSite","@id":"https:\/\/www.eren.ch\/hautesjoux\/#website","url":"https:\/\/www.eren.ch\/hautesjoux\/","name":"Paroisse des Hautes Joux","description":"Paroisse r\u00e9form\u00e9e du district du Locle","publisher":{"@id":"https:\/\/www.eren.ch\/hautesjoux\/#organization"},"potentialAction":[{"@type":"SearchAction","target":{"@type":"EntryPoint","urlTemplate":"https:\/\/www.eren.ch\/hautesjoux\/?s={search_term_string}"},"query-input":{"@type":"PropertyValueSpecification","valueRequired":true,"valueName":"search_term_string"}}],"inLanguage":"fr-FR"},{"@type":"Organization","@id":"https:\/\/www.eren.ch\/hautesjoux\/#organization","name":"Paroisse des Hautes Joux","url":"https:\/\/www.eren.ch\/hautesjoux\/","logo":{"@type":"ImageObject","inLanguage":"fr-FR","@id":"https:\/\/www.eren.ch\/hautesjoux\/#\/schema\/logo\/image\/","url":"https:\/\/www.eren.ch\/hautesjoux\/wp-content\/uploads\/sites\/12\/2019\/12\/logo-eren-carre.jpg","contentUrl":"https:\/\/www.eren.ch\/hautesjoux\/wp-content\/uploads\/sites\/12\/2019\/12\/logo-eren-carre.jpg","width":512,"height":512,"caption":"Paroisse des Hautes Joux"},"image":{"@id":"https:\/\/www.eren.ch\/hautesjoux\/#\/schema\/logo\/image\/"},"sameAs":["https:\/\/www.facebook.com\/HautesJoux"]}]}},"_links":{"self":[{"href":"https:\/\/www.eren.ch\/hautesjoux\/wp-json\/wp\/v2\/pages\/143","targetHints":{"allow":["GET"]}}],"collection":[{"href":"https:\/\/www.eren.ch\/hautesjoux\/wp-json\/wp\/v2\/pages"}],"about":[{"href":"https:\/\/www.eren.ch\/hautesjoux\/wp-json\/wp\/v2\/types\/page"}],"author":[{"embeddable":true,"href":"https:\/\/www.eren.ch\/hautesjoux\/wp-json\/wp\/v2\/users\/18"}],"replies":[{"embeddable":true,"href":"https:\/\/www.eren.ch\/hautesjoux\/wp-json\/wp\/v2\/comments?post=143"}],"version-history":[{"count":3,"href":"https:\/\/www.eren.ch\/hautesjoux\/wp-json\/wp\/v2\/pages\/143\/revisions"}],"predecessor-version":[{"id":216,"href":"https:\/\/www.eren.ch\/hautesjoux\/wp-json\/wp\/v2\/pages\/143\/revisions\/216"}],"up":[{"embeddable":true,"href":"https:\/\/www.eren.ch\/hautesjoux\/wp-json\/wp\/v2\/pages\/13"}],"wp:attachment":[{"href":"https:\/\/www.eren.ch\/hautesjoux\/wp-json\/wp\/v2\/media?parent=143"}],"curies":[{"name":"wp","href":"https:\/\/api.w.org\/{rel}","templated":true}]}}