{"id":20,"date":"2022-03-24T10:46:29","date_gmt":"2022-03-24T09:46:29","guid":{"rendered":"https:\/\/www.eren.ch\/joran\/spiritualite\/predications-et-messages\/"},"modified":"2026-04-14T09:35:27","modified_gmt":"2026-04-14T07:35:27","slug":"predications-et-messages","status":"publish","type":"page","link":"https:\/\/www.eren.ch\/joran\/spiritualite\/predications-et-messages\/","title":{"rendered":"Pr\u00e9dications et messages"},"content":{"rendered":"\n<h3 class=\"wp-block-heading\" id=\"h-quelques-predications-a-savourer\">Quelques pr\u00e9dications \u00e0 savourer<\/h3>\n\n\n\n<p style=\"font-size:18px\"><a href=\"https:\/\/www.eren.ch\/joran\/wp-content\/uploads\/sites\/17\/2026\/04\/2026.4.12_2eme-dim-de-Paques_v.-en-ligne.doc\" id=\"https:\/\/www.eren.ch\/joran\/wp-content\/uploads\/sites\/17\/2026\/04\/2026.4.12_2eme-dim-de-Paques_v.-en-ligne.doc\">Message du 12 avril 2026 &#8211; D. Landry<\/a><\/p>\n\n\n\n<p style=\"font-size:18px\"><a href=\"https:\/\/www.eren.ch\/joran\/wp-content\/uploads\/sites\/17\/2026\/03\/Journee-de-priere-Nigeria-2026.pdf\" id=\"https:\/\/www.eren.ch\/joran\/wp-content\/uploads\/sites\/17\/2026\/03\/Journee-de-priere-Nigeria-2026.pdf\">Message du 6 mars 2026 &#8211; JMP &#8211; Lucienne Serex<\/a><\/p>\n\n\n\n<p style=\"font-size:18px\"><a href=\"https:\/\/www.eren.ch\/joran\/wp-content\/uploads\/sites\/17\/2026\/02\/Ruth-2.8-11_LAD_2026.2.22_v._Joran.pdf\" id=\"https:\/\/www.eren.ch\/joran\/wp-content\/uploads\/sites\/17\/2026\/02\/Ruth-2.8-11_LAD_2026.2.22_v._Joran.pdf\">Message du 22 f\u00e9vrier 2026 &#8211; Car\u00eame- D.Landry<\/a><\/p>\n\n\n\n<p style=\"font-size:18px\"><a href=\"https:\/\/www.eren.ch\/joran\/wp-content\/uploads\/sites\/17\/2025\/12\/Message-pour-le-culte-du-28-decembre.pdf\">Message du 28 d\u00e9cembre  2025 &#8211; Maranatha- C. Ph\u00e9bade<\/a><\/p>\n\n\n\n<p style=\"font-size:18px\"><a href=\"https:\/\/www.eren.ch\/joran\/wp-content\/uploads\/sites\/17\/2025\/12\/Mt-3.1-12_LAD_2025.12.7_v.-Joran.pdf\">Message du 7 d\u00e9cembre 2025 &#8211; D. Landry<\/a><\/p>\n\n\n\n<p style=\"font-size:18px\"><a href=\"https:\/\/www.eren.ch\/joran\/wp-content\/uploads\/sites\/17\/2025\/11\/A-chaque-saison-son-lacher-prise-predication-16.11.2025.pdf\">Message du 16 novembre 2025 &#8211; Micha Weiss<\/a><\/p>\n\n\n\n<p style=\"font-size:18px\"><a href=\"https:\/\/www.eren.ch\/joran\/wp-content\/uploads\/sites\/17\/2025\/11\/Message-Bene-C.15.11.25.pdf\">Message du 15 novembre 2025 &#8211; B\u00e9n\u00e9diction- C. Ph\u00e9bade<\/a><\/p>\n\n\n\n<p style=\"font-size:18px\"><a href=\"https:\/\/www.eren.ch\/joran\/wp-content\/uploads\/sites\/17\/2025\/11\/DM_Campagne2025_Bevaix_predication_2025.11.09.pdf\">Message culte DM du 9 novembre 2025 &#8211; Arintsoa Zafindriaka<\/a><\/p>\n\n\n\n<p style=\"font-size:18px\"><a href=\"https:\/\/www.eren.ch\/joran\/wp-content\/uploads\/sites\/17\/2025\/10\/Je-nen-peux-plus-2.pdf\">Message du 19 octobre 2025 &#8211; Yvan Bourquin<\/a><\/p>\n\n\n\n<p style=\"font-size:18px\"><a href=\"https:\/\/www.eren.ch\/joran\/wp-content\/uploads\/sites\/17\/2025\/10\/2025.6.1_Predication.pdf\">Message du 12 octobre 2025 &#8211; D. Landry<\/a><\/p>\n\n\n\n<p style=\"font-size:18px\"><a href=\"https:\/\/jeanmarcleresche.ch\/un-pari-sur-lavenir\/\">Message du 3 juillet 2025- J-M Leresche<\/a><\/p>\n\n\n\n<p style=\"font-size:18px\"><a href=\"https:\/\/www.eren.ch\/joran\/wp-content\/uploads\/sites\/17\/2025\/06\/Culte-du-1-juin-2025_v.-Predication.pdf\">Message du 1er juin 2025- D. Landry<\/a><\/p>\n\n\n\n<p style=\"font-size:18px\"><a href=\"https:\/\/www.lacathedrale.ch\/...\/predication-du-30-mars...\">Message du 30 mars 2025 &#8211; Delphine Horvilleur<\/a><\/p>\n\n\n\n<p style=\"font-size:18px\"><a href=\"https:\/\/www.eren.ch\/joran\/wp-content\/uploads\/sites\/17\/2024\/11\/2024.11.24-_Culte-de-benediction_predication.pdf\">Message du 24 novembre 2024- B\u00e9n\u00e9diction &#8211; D. Perret<\/a><\/p>\n\n\n\n<p style=\"font-size:18px\"><a href=\"https:\/\/www.eren.ch\/joran\/wp-content\/uploads\/sites\/17\/2024\/11\/NT-Marc-1238-44_Boudry-2024.11.10.pdf\">Message du 10 novembre 2024 &#8211; J-J Beljean <\/a><\/p>\n\n\n\n<p style=\"font-size:18px\"><a href=\"https:\/\/www.eren.ch\/joran\/wp-content\/uploads\/sites\/17\/2024\/10\/Message-20.10.24-1.pdf\">Message du 20 octobre &#8211; C. Ph\u00e9bade<\/a> <\/p>\n\n\n\n<p style=\"font-size:18px\"><a href=\"https:\/\/www.eren.ch\/joran\/wp-content\/uploads\/sites\/17\/2024\/10\/Le-porte-monnaie-celeste.pdf\">Message du 6 octobre &#8211; Culte des r\u00e9coltes &#8211; S. Auvinet<\/a><\/p>\n\n\n\n<p style=\"font-size:18px\"><a href=\"https:\/\/www.eren.ch\/joran\/wp-content\/uploads\/sites\/17\/2024\/10\/2024.9.29_Culte-en-ligne_v.def_.docx\">Message du 29 septembre 2024 &#8211; D. Landry<\/a><\/p>\n\n\n\n<p><\/p>\n\n\n\n<p><\/p>\n\n\n\n<p><\/p>\n\n\n\n<p><\/p>\n\n\n\n<p><\/p>\n","protected":false},"excerpt":{"rendered":"<p>Quelques pr\u00e9dications \u00e0 savourer Message du 12 avril 2026 &#8211; D. Landry Message du 6 mars 2026 &#8211; JMP &#8211; Lucienne Serex Message du 22 f\u00e9vrier 2026 &#8211; Car\u00eame- D.Landry Message du 28 d\u00e9cembre 2025 &#8211; Maranatha- C. Ph\u00e9bade Message du 7 d\u00e9cembre 2025 &#8211; D. Landry Message du 16 novembre 2025 &#8211; Micha Weiss &hellip; <a href=\"https:\/\/www.eren.ch\/joran\/spiritualite\/predications-et-messages\/\" class=\"more-link\">Continuer la lecture<span class=\"screen-reader-text\"> de &laquo;&nbsp;Pr\u00e9dications et messages&nbsp;&raquo;<\/span><\/a><\/p>\n","protected":false},"author":32,"featured_media":0,"parent":10,"menu_order":2,"comment_status":"closed","ping_status":"closed","template":"","meta":{"footnotes":""},"class_list":["post-20","page","type-page","status-publish","hentry"],"yoast_head":"<!-- This site is optimized with the Yoast SEO Premium plugin v27.3 (Yoast SEO v27.4) - https:\/\/yoast.com\/product\/yoast-seo-premium-wordpress\/ -->\n<title>Pr\u00e9dications et messages - Paroisse du Joran<\/title>\n<meta name=\"robots\" content=\"index, follow, max-snippet:-1, max-image-preview:large, max-video-preview:-1\" \/>\n<link rel=\"canonical\" href=\"https:\/\/www.eren.ch\/joran\/spiritualite\/predications-et-messages\/\" \/>\n<meta property=\"og:locale\" content=\"fr_FR\" \/>\n<meta property=\"og:type\" content=\"article\" \/>\n<meta property=\"og:title\" content=\"Pr\u00e9dications et messages\" \/>\n<meta property=\"og:description\" content=\"Quelques pr\u00e9dications \u00e0 savourer Message du 12 avril 2026 &#8211; D. Landry Message du 6 mars 2026 &#8211; JMP &#8211; Lucienne Serex Message du 22 f\u00e9vrier 2026 &#8211; Car\u00eame- D.Landry Message du 28 d\u00e9cembre 2025 &#8211; Maranatha- C. Ph\u00e9bade Message du 7 d\u00e9cembre 2025 &#8211; D. Landry Message du 16 novembre 2025 &#8211; Micha Weiss &hellip; Continuer la lecture de &laquo;&nbsp;Pr\u00e9dications et messages&nbsp;&raquo;\" \/>\n<meta property=\"og:url\" content=\"https:\/\/www.eren.ch\/joran\/spiritualite\/predications-et-messages\/\" \/>\n<meta property=\"og:site_name\" content=\"Paroisse du Joran\" \/>\n<meta property=\"article:modified_time\" content=\"2026-04-14T07:35:27+00:00\" \/>\n<meta name=\"twitter:card\" content=\"summary_large_image\" \/>\n<meta name=\"twitter:label1\" content=\"Dur\u00e9e de lecture estim\u00e9e\" \/>\n\t<meta name=\"twitter:data1\" content=\"1 minute\" \/>\n<script type=\"application\/ld+json\" class=\"yoast-schema-graph\">{\"@context\":\"https:\\\/\\\/schema.org\",\"@graph\":[{\"@type\":\"WebPage\",\"@id\":\"https:\\\/\\\/www.eren.ch\\\/joran\\\/spiritualite\\\/predications-et-messages\\\/\",\"url\":\"https:\\\/\\\/www.eren.ch\\\/joran\\\/spiritualite\\\/predications-et-messages\\\/\",\"name\":\"Pr\u00e9dications et messages - Paroisse du Joran\",\"isPartOf\":{\"@id\":\"https:\\\/\\\/www.eren.ch\\\/joran\\\/#website\"},\"datePublished\":\"2022-03-24T09:46:29+00:00\",\"dateModified\":\"2026-04-14T07:35:27+00:00\",\"breadcrumb\":{\"@id\":\"https:\\\/\\\/www.eren.ch\\\/joran\\\/spiritualite\\\/predications-et-messages\\\/#breadcrumb\"},\"inLanguage\":\"fr-FR\",\"potentialAction\":[{\"@type\":\"ReadAction\",\"target\":[\"https:\\\/\\\/www.eren.ch\\\/joran\\\/spiritualite\\\/predications-et-messages\\\/\"]}]},{\"@type\":\"BreadcrumbList\",\"@id\":\"https:\\\/\\\/www.eren.ch\\\/joran\\\/spiritualite\\\/predications-et-messages\\\/#breadcrumb\",\"itemListElement\":[{\"@type\":\"ListItem\",\"position\":1,\"name\":\"Accueil\",\"item\":\"https:\\\/\\\/www.eren.ch\\\/joran\\\/\"},{\"@type\":\"ListItem\",\"position\":2,\"name\":\"Spiritualit\u00e9\",\"item\":\"https:\\\/\\\/www.eren.ch\\\/joran\\\/spiritualite\\\/\"},{\"@type\":\"ListItem\",\"position\":3,\"name\":\"Pr\u00e9dications et messages\"}]},{\"@type\":\"WebSite\",\"@id\":\"https:\\\/\\\/www.eren.ch\\\/joran\\\/#website\",\"url\":\"https:\\\/\\\/www.eren.ch\\\/joran\\\/\",\"name\":\"Paroisse du Joran\",\"description\":\"Boudry, Cortaillod et La Grande B\u00e9roche\",\"publisher\":{\"@id\":\"https:\\\/\\\/www.eren.ch\\\/joran\\\/#organization\"},\"potentialAction\":[{\"@type\":\"SearchAction\",\"target\":{\"@type\":\"EntryPoint\",\"urlTemplate\":\"https:\\\/\\\/www.eren.ch\\\/joran\\\/?s={search_term_string}\"},\"query-input\":{\"@type\":\"PropertyValueSpecification\",\"valueRequired\":true,\"valueName\":\"search_term_string\"}}],\"inLanguage\":\"fr-FR\"},{\"@type\":\"Organization\",\"@id\":\"https:\\\/\\\/www.eren.ch\\\/joran\\\/#organization\",\"name\":\"Paroisse du Joran\",\"url\":\"https:\\\/\\\/www.eren.ch\\\/joran\\\/\",\"logo\":{\"@type\":\"ImageObject\",\"inLanguage\":\"fr-FR\",\"@id\":\"https:\\\/\\\/www.eren.ch\\\/joran\\\/#\\\/schema\\\/logo\\\/image\\\/\",\"url\":\"https:\\\/\\\/www.eren.ch\\\/joran\\\/wp-content\\\/uploads\\\/sites\\\/17\\\/2022\\\/11\\\/logo-joran.png\",\"contentUrl\":\"https:\\\/\\\/www.eren.ch\\\/joran\\\/wp-content\\\/uploads\\\/sites\\\/17\\\/2022\\\/11\\\/logo-joran.png\",\"width\":240,\"height\":117,\"caption\":\"Paroisse du Joran\"},\"image\":{\"@id\":\"https:\\\/\\\/www.eren.ch\\\/joran\\\/#\\\/schema\\\/logo\\\/image\\\/\"}}]}<\/script>\n<!-- \/ Yoast SEO Premium plugin. -->","yoast_head_json":{"title":"Pr\u00e9dications et messages - Paroisse du Joran","robots":{"index":"index","follow":"follow","max-snippet":"max-snippet:-1","max-image-preview":"max-image-preview:large","max-video-preview":"max-video-preview:-1"},"canonical":"https:\/\/www.eren.ch\/joran\/spiritualite\/predications-et-messages\/","og_locale":"fr_FR","og_type":"article","og_title":"Pr\u00e9dications et messages","og_description":"Quelques pr\u00e9dications \u00e0 savourer Message du 12 avril 2026 &#8211; D. Landry Message du 6 mars 2026 &#8211; JMP &#8211; Lucienne Serex Message du 22 f\u00e9vrier 2026 &#8211; Car\u00eame- D.Landry Message du 28 d\u00e9cembre 2025 &#8211; Maranatha- C. Ph\u00e9bade Message du 7 d\u00e9cembre 2025 &#8211; D. Landry Message du 16 novembre 2025 &#8211; Micha Weiss &hellip; Continuer la lecture de &laquo;&nbsp;Pr\u00e9dications et messages&nbsp;&raquo;","og_url":"https:\/\/www.eren.ch\/joran\/spiritualite\/predications-et-messages\/","og_site_name":"Paroisse du Joran","article_modified_time":"2026-04-14T07:35:27+00:00","twitter_card":"summary_large_image","twitter_misc":{"Dur\u00e9e de lecture estim\u00e9e":"1 minute"},"schema":{"@context":"https:\/\/schema.org","@graph":[{"@type":"WebPage","@id":"https:\/\/www.eren.ch\/joran\/spiritualite\/predications-et-messages\/","url":"https:\/\/www.eren.ch\/joran\/spiritualite\/predications-et-messages\/","name":"Pr\u00e9dications et messages - Paroisse du Joran","isPartOf":{"@id":"https:\/\/www.eren.ch\/joran\/#website"},"datePublished":"2022-03-24T09:46:29+00:00","dateModified":"2026-04-14T07:35:27+00:00","breadcrumb":{"@id":"https:\/\/www.eren.ch\/joran\/spiritualite\/predications-et-messages\/#breadcrumb"},"inLanguage":"fr-FR","potentialAction":[{"@type":"ReadAction","target":["https:\/\/www.eren.ch\/joran\/spiritualite\/predications-et-messages\/"]}]},{"@type":"BreadcrumbList","@id":"https:\/\/www.eren.ch\/joran\/spiritualite\/predications-et-messages\/#breadcrumb","itemListElement":[{"@type":"ListItem","position":1,"name":"Accueil","item":"https:\/\/www.eren.ch\/joran\/"},{"@type":"ListItem","position":2,"name":"Spiritualit\u00e9","item":"https:\/\/www.eren.ch\/joran\/spiritualite\/"},{"@type":"ListItem","position":3,"name":"Pr\u00e9dications et messages"}]},{"@type":"WebSite","@id":"https:\/\/www.eren.ch\/joran\/#website","url":"https:\/\/www.eren.ch\/joran\/","name":"Paroisse du Joran","description":"Boudry, Cortaillod et La Grande B\u00e9roche","publisher":{"@id":"https:\/\/www.eren.ch\/joran\/#organization"},"potentialAction":[{"@type":"SearchAction","target":{"@type":"EntryPoint","urlTemplate":"https:\/\/www.eren.ch\/joran\/?s={search_term_string}"},"query-input":{"@type":"PropertyValueSpecification","valueRequired":true,"valueName":"search_term_string"}}],"inLanguage":"fr-FR"},{"@type":"Organization","@id":"https:\/\/www.eren.ch\/joran\/#organization","name":"Paroisse du Joran","url":"https:\/\/www.eren.ch\/joran\/","logo":{"@type":"ImageObject","inLanguage":"fr-FR","@id":"https:\/\/www.eren.ch\/joran\/#\/schema\/logo\/image\/","url":"https:\/\/www.eren.ch\/joran\/wp-content\/uploads\/sites\/17\/2022\/11\/logo-joran.png","contentUrl":"https:\/\/www.eren.ch\/joran\/wp-content\/uploads\/sites\/17\/2022\/11\/logo-joran.png","width":240,"height":117,"caption":"Paroisse du Joran"},"image":{"@id":"https:\/\/www.eren.ch\/joran\/#\/schema\/logo\/image\/"}}]}},"_links":{"self":[{"href":"https:\/\/www.eren.ch\/joran\/wp-json\/wp\/v2\/pages\/20","targetHints":{"allow":["GET"]}}],"collection":[{"href":"https:\/\/www.eren.ch\/joran\/wp-json\/wp\/v2\/pages"}],"about":[{"href":"https:\/\/www.eren.ch\/joran\/wp-json\/wp\/v2\/types\/page"}],"author":[{"embeddable":true,"href":"https:\/\/www.eren.ch\/joran\/wp-json\/wp\/v2\/users\/32"}],"replies":[{"embeddable":true,"href":"https:\/\/www.eren.ch\/joran\/wp-json\/wp\/v2\/comments?post=20"}],"version-history":[{"count":1,"href":"https:\/\/www.eren.ch\/joran\/wp-json\/wp\/v2\/pages\/20\/revisions"}],"predecessor-version":[{"id":10110,"href":"https:\/\/www.eren.ch\/joran\/wp-json\/wp\/v2\/pages\/20\/revisions\/10110"}],"up":[{"embeddable":true,"href":"https:\/\/www.eren.ch\/joran\/wp-json\/wp\/v2\/pages\/10"}],"wp:attachment":[{"href":"https:\/\/www.eren.ch\/joran\/wp-json\/wp\/v2\/media?parent=20"}],"curies":[{"name":"wp","href":"https:\/\/api.w.org\/{rel}","templated":true}]}}