{"id":2217,"date":"2023-12-01T17:23:32","date_gmt":"2023-12-01T16:23:32","guid":{"rendered":"https:\/\/www.eren.ch\/joran\/?page_id=2217"},"modified":"2026-04-07T22:15:38","modified_gmt":"2026-04-07T20:15:38","slug":"boudry","status":"publish","type":"page","link":"https:\/\/www.eren.ch\/joran\/boudry\/","title":{"rendered":"Boudry"},"content":{"rendered":"\n<figure class=\"wp-block-image size-large is-resized\"><img loading=\"lazy\" decoding=\"async\" width=\"692\" height=\"1024\" src=\"https:\/\/www.eren.ch\/joran\/wp-content\/uploads\/sites\/17\/2022\/05\/temple-boudry-692x1024.jpg\" alt=\"\" class=\"wp-image-197\" style=\"width:251px;height:auto\" srcset=\"https:\/\/www.eren.ch\/joran\/wp-content\/uploads\/sites\/17\/2022\/05\/temple-boudry-692x1024.jpg 692w, https:\/\/www.eren.ch\/joran\/wp-content\/uploads\/sites\/17\/2022\/05\/temple-boudry-203x300.jpg 203w, https:\/\/www.eren.ch\/joran\/wp-content\/uploads\/sites\/17\/2022\/05\/temple-boudry-768x1136.jpg 768w, https:\/\/www.eren.ch\/joran\/wp-content\/uploads\/sites\/17\/2022\/05\/temple-boudry.jpg 1014w\" sizes=\"auto, (max-width: 692px) 85vw, 692px\" \/><\/figure>\n\n\n\n<h2 class=\"wp-block-heading\" id=\"h-actuel\">Actuel<\/h2>\n\n\n\n<p class=\"has-yellow-background-color has-background has-medium-font-size\">Pri\u00e8re dans le temple tous les vendredis de 14h \u00e0 16h<\/p>\n\n\n\n<h2 class=\"wp-block-heading has-bright-red-color has-white-background-color has-text-color has-background has-link-color wp-elements-9c2ada0badadbc6ce19024dcdc4e88f9\" id=\"h-marches\">March\u00e9s<\/h2>\n\n\n\n<figure class=\"wp-block-image size-full is-resized\"><img loading=\"lazy\" decoding=\"async\" width=\"526\" height=\"372\" src=\"https:\/\/www.eren.ch\/joran\/wp-content\/uploads\/sites\/17\/2026\/03\/644215915_1485000546477909_5680864708055929177_n.jpg\" alt=\"\" class=\"wp-image-9935\" style=\"width:357px;height:auto\" srcset=\"https:\/\/www.eren.ch\/joran\/wp-content\/uploads\/sites\/17\/2026\/03\/644215915_1485000546477909_5680864708055929177_n.jpg 526w, https:\/\/www.eren.ch\/joran\/wp-content\/uploads\/sites\/17\/2026\/03\/644215915_1485000546477909_5680864708055929177_n-300x212.jpg 300w\" sizes=\"auto, (max-width: 526px) 85vw, 526px\" \/><\/figure>\n\n\n\n<ul class=\"wp-block-list has-medium-font-size\">\n<li class=\"has-medium-font-size\"><strong>March\u00e9&nbsp;<\/strong>au coeur du village : la paroisse est pr\u00e9sente avec son stand de livres, de tresses et p\u00e2tisseries maison, un lieu d\u2019accueil et de convivialit\u00e9.<strong>&nbsp;<\/strong> Dates : <strong>25.4\/30.5\/20.6\/22.8\/19.9\/24.5<\/strong><\/li>\n<\/ul>\n\n\n\n<ul class=\"wp-block-list has-medium-font-size\">\n<li class=\"has-medium-font-size\"><strong>Repas de paroisse <\/strong>le 22 ao\u00fbt 2026 apr\u00e8s le march\u00e9<\/li>\n\n\n\n<li><strong>Repas des b\u00e9n\u00e9voles <\/strong>de Boudry \u00e0 la cure fin janvier 2027.<\/li>\n<\/ul>\n\n\n\n<p class=\"has-yellow-background-color has-background\">MERCI A TOUS NOS B\u00e9N\u00e9VOLES <\/p>\n\n\n\n<figure class=\"wp-block-gallery has-nested-images columns-default is-cropped wp-block-gallery-1 is-layout-flex wp-block-gallery-is-layout-flex\">\n<figure class=\"wp-block-image size-large\"><img loading=\"lazy\" decoding=\"async\" width=\"1024\" height=\"768\" data-id=\"7683\" src=\"https:\/\/www.eren.ch\/joran\/wp-content\/uploads\/sites\/17\/2025\/06\/IMG_1070-1024x768.jpeg\" alt=\"\" class=\"wp-image-7683\" srcset=\"https:\/\/www.eren.ch\/joran\/wp-content\/uploads\/sites\/17\/2025\/06\/IMG_1070-1024x768.jpeg 1024w, https:\/\/www.eren.ch\/joran\/wp-content\/uploads\/sites\/17\/2025\/06\/IMG_1070-300x225.jpeg 300w, https:\/\/www.eren.ch\/joran\/wp-content\/uploads\/sites\/17\/2025\/06\/IMG_1070-768x576.jpeg 768w, https:\/\/www.eren.ch\/joran\/wp-content\/uploads\/sites\/17\/2025\/06\/IMG_1070-1536x1152.jpeg 1536w, https:\/\/www.eren.ch\/joran\/wp-content\/uploads\/sites\/17\/2025\/06\/IMG_1070-2048x1536.jpeg 2048w, https:\/\/www.eren.ch\/joran\/wp-content\/uploads\/sites\/17\/2025\/06\/IMG_1070-1200x900.jpeg 1200w\" sizes=\"auto, (max-width: 709px) 85vw, (max-width: 909px) 67vw, (max-width: 1362px) 62vw, 840px\" \/><\/figure>\n\n\n\n<figure class=\"wp-block-image size-large\"><img loading=\"lazy\" decoding=\"async\" width=\"1024\" height=\"768\" data-id=\"7685\" src=\"https:\/\/www.eren.ch\/joran\/wp-content\/uploads\/sites\/17\/2025\/06\/IMG_1067-1-1024x768.jpeg\" alt=\"\" class=\"wp-image-7685\" srcset=\"https:\/\/www.eren.ch\/joran\/wp-content\/uploads\/sites\/17\/2025\/06\/IMG_1067-1-1024x768.jpeg 1024w, https:\/\/www.eren.ch\/joran\/wp-content\/uploads\/sites\/17\/2025\/06\/IMG_1067-1-300x225.jpeg 300w, https:\/\/www.eren.ch\/joran\/wp-content\/uploads\/sites\/17\/2025\/06\/IMG_1067-1-768x576.jpeg 768w, https:\/\/www.eren.ch\/joran\/wp-content\/uploads\/sites\/17\/2025\/06\/IMG_1067-1-1536x1152.jpeg 1536w, https:\/\/www.eren.ch\/joran\/wp-content\/uploads\/sites\/17\/2025\/06\/IMG_1067-1-2048x1536.jpeg 2048w, https:\/\/www.eren.ch\/joran\/wp-content\/uploads\/sites\/17\/2025\/06\/IMG_1067-1-1200x900.jpeg 1200w\" sizes=\"auto, (max-width: 709px) 85vw, (max-width: 909px) 67vw, (max-width: 1362px) 62vw, 840px\" \/><\/figure>\n\n\n\n<figure class=\"wp-block-image size-large\"><img loading=\"lazy\" decoding=\"async\" width=\"1024\" height=\"768\" data-id=\"8688\" src=\"https:\/\/www.eren.ch\/joran\/wp-content\/uploads\/sites\/17\/2025\/10\/IMG_1809-1024x768.jpeg\" alt=\"\" class=\"wp-image-8688\" srcset=\"https:\/\/www.eren.ch\/joran\/wp-content\/uploads\/sites\/17\/2025\/10\/IMG_1809-1024x768.jpeg 1024w, https:\/\/www.eren.ch\/joran\/wp-content\/uploads\/sites\/17\/2025\/10\/IMG_1809-300x225.jpeg 300w, https:\/\/www.eren.ch\/joran\/wp-content\/uploads\/sites\/17\/2025\/10\/IMG_1809-768x576.jpeg 768w, https:\/\/www.eren.ch\/joran\/wp-content\/uploads\/sites\/17\/2025\/10\/IMG_1809-1536x1152.jpeg 1536w, https:\/\/www.eren.ch\/joran\/wp-content\/uploads\/sites\/17\/2025\/10\/IMG_1809-2048x1536.jpeg 2048w, https:\/\/www.eren.ch\/joran\/wp-content\/uploads\/sites\/17\/2025\/10\/IMG_1809-1200x900.jpeg 1200w\" sizes=\"auto, (max-width: 709px) 85vw, (max-width: 909px) 67vw, (max-width: 1362px) 62vw, 840px\" \/><\/figure>\n<\/figure>\n\n\n\n<p class=\"has-small-font-size\">Photos Christine Ph\u00e9bade. Repas et march\u00e9 2025<\/p>\n\n\n\n<h2 class=\"wp-block-heading has-bright-red-color has-text-color has-link-color wp-elements-7906f05541130a5c2663a854cef9afeb\" id=\"h-animations\">Animations<\/h2>\n\n\n\n<p class=\"has-medium-font-size\">Soir\u00e9es sp\u00e9ciales : th\u00e8mes \u00e0 venir<\/p>\n\n\n\n<p class=\"has-medium-font-size\">Soupes de l&rsquo;amiti\u00e9 les mardis de novembre.<\/p>\n\n\n\n<h2 class=\"wp-block-heading has-bright-red-color has-text-color has-link-color wp-elements-ec4945dc1cfddbfc7adac6307342cedb\">F\u00eates boudrysanes<\/h2>\n\n\n\n<ul class=\"wp-block-list\">\n<li class=\"has-medium-font-size\"><strong><a href=\"https:\/\/www.eren.ch\/joran\/wp-content\/uploads\/sites\/17\/2025\/08\/Boudrysia.pdf\">Boudrysia<\/a><\/strong><\/li>\n<\/ul>\n\n\n\n<p class=\"has-medium-font-size\">11 et 12 septembre 2027 : temple ouvert, des b\u00e9n\u00e9voles vous accueilleront le samedi de 15h \u00e0 21h et le dimanche de 13h \u00e0 17h. Une Exposition \u00e0 visiter durant les heures d&rsquo;ouverture du temple<\/p>\n\n\n\n<ul class=\"wp-block-list has-medium-font-size\">\n<li><strong>Pav\u00e9s en Folie<\/strong> le samedi 5 septembre 2026<\/li>\n<\/ul>\n\n\n\n<p class=\"has-medium-font-size\">Le temple sera ouvert et une permanence d&rsquo;accueil organis\u00e9e durant la journ\u00e9e. Le photographe Bernard Boule exposera quelques-une de ses oeuvres.<\/p>\n\n\n\n<p class=\"has-medium-font-size\">Un programme musical dans le temple toute la journ\u00e9e<\/p>\n","protected":false},"excerpt":{"rendered":"<p>Actuel Pri\u00e8re dans le temple tous les vendredis de 14h \u00e0 16h March\u00e9s MERCI A TOUS NOS B\u00e9N\u00e9VOLES Photos Christine Ph\u00e9bade. Repas et march\u00e9 2025 Animations Soir\u00e9es sp\u00e9ciales : th\u00e8mes \u00e0 venir Soupes de l&rsquo;amiti\u00e9 les mardis de novembre. F\u00eates boudrysanes 11 et 12 septembre 2027 : temple ouvert, des b\u00e9n\u00e9voles vous accueilleront le samedi &hellip; <a href=\"https:\/\/www.eren.ch\/joran\/boudry\/\" class=\"more-link\">Continuer la lecture<span class=\"screen-reader-text\"> de &laquo;&nbsp;Boudry&nbsp;&raquo;<\/span><\/a><\/p>\n","protected":false},"author":32,"featured_media":0,"parent":0,"menu_order":0,"comment_status":"closed","ping_status":"closed","template":"","meta":{"footnotes":""},"class_list":["post-2217","page","type-page","status-publish","hentry"],"yoast_head":"<!-- This site is optimized with the Yoast SEO Premium plugin v27.4 (Yoast SEO v27.4) - https:\/\/yoast.com\/product\/yoast-seo-premium-wordpress\/ -->\n<title>Boudry - Paroisse du Joran<\/title>\n<meta name=\"robots\" content=\"index, follow, max-snippet:-1, max-image-preview:large, max-video-preview:-1\" \/>\n<link rel=\"canonical\" href=\"https:\/\/www.eren.ch\/joran\/boudry\/\" \/>\n<meta property=\"og:locale\" content=\"fr_FR\" \/>\n<meta property=\"og:type\" content=\"article\" \/>\n<meta property=\"og:title\" content=\"Boudry\" \/>\n<meta property=\"og:description\" content=\"Actuel Pri\u00e8re dans le temple tous les vendredis de 14h \u00e0 16h March\u00e9s MERCI A TOUS NOS B\u00e9N\u00e9VOLES Photos Christine Ph\u00e9bade. Repas et march\u00e9 2025 Animations Soir\u00e9es sp\u00e9ciales : th\u00e8mes \u00e0 venir Soupes de l&rsquo;amiti\u00e9 les mardis de novembre. F\u00eates boudrysanes 11 et 12 septembre 2027 : temple ouvert, des b\u00e9n\u00e9voles vous accueilleront le samedi &hellip; Continuer la lecture de &laquo;&nbsp;Boudry&nbsp;&raquo;\" \/>\n<meta property=\"og:url\" content=\"https:\/\/www.eren.ch\/joran\/boudry\/\" \/>\n<meta property=\"og:site_name\" content=\"Paroisse du Joran\" \/>\n<meta property=\"article:modified_time\" content=\"2026-04-07T20:15:38+00:00\" \/>\n<meta property=\"og:image\" content=\"https:\/\/www.eren.ch\/joran\/wp-content\/uploads\/sites\/17\/2022\/05\/temple-boudry.jpg\" \/>\n\t<meta property=\"og:image:width\" content=\"1014\" \/>\n\t<meta property=\"og:image:height\" content=\"1500\" \/>\n\t<meta property=\"og:image:type\" content=\"image\/jpeg\" \/>\n<meta name=\"twitter:card\" content=\"summary_large_image\" \/>\n<meta name=\"twitter:label1\" content=\"Dur\u00e9e de lecture estim\u00e9e\" \/>\n\t<meta name=\"twitter:data1\" content=\"2 minutes\" \/>\n<script type=\"application\/ld+json\" class=\"yoast-schema-graph\">{\"@context\":\"https:\\\/\\\/schema.org\",\"@graph\":[{\"@type\":\"WebPage\",\"@id\":\"https:\\\/\\\/www.eren.ch\\\/joran\\\/boudry\\\/\",\"url\":\"https:\\\/\\\/www.eren.ch\\\/joran\\\/boudry\\\/\",\"name\":\"Boudry - Paroisse du Joran\",\"isPartOf\":{\"@id\":\"https:\\\/\\\/www.eren.ch\\\/joran\\\/#website\"},\"primaryImageOfPage\":{\"@id\":\"https:\\\/\\\/www.eren.ch\\\/joran\\\/boudry\\\/#primaryimage\"},\"image\":{\"@id\":\"https:\\\/\\\/www.eren.ch\\\/joran\\\/boudry\\\/#primaryimage\"},\"thumbnailUrl\":\"https:\\\/\\\/www.eren.ch\\\/joran\\\/wp-content\\\/uploads\\\/sites\\\/17\\\/2022\\\/05\\\/temple-boudry-692x1024.jpg\",\"datePublished\":\"2023-12-01T16:23:32+00:00\",\"dateModified\":\"2026-04-07T20:15:38+00:00\",\"breadcrumb\":{\"@id\":\"https:\\\/\\\/www.eren.ch\\\/joran\\\/boudry\\\/#breadcrumb\"},\"inLanguage\":\"fr-FR\",\"potentialAction\":[{\"@type\":\"ReadAction\",\"target\":[\"https:\\\/\\\/www.eren.ch\\\/joran\\\/boudry\\\/\"]}]},{\"@type\":\"ImageObject\",\"inLanguage\":\"fr-FR\",\"@id\":\"https:\\\/\\\/www.eren.ch\\\/joran\\\/boudry\\\/#primaryimage\",\"url\":\"https:\\\/\\\/www.eren.ch\\\/joran\\\/wp-content\\\/uploads\\\/sites\\\/17\\\/2022\\\/05\\\/temple-boudry.jpg\",\"contentUrl\":\"https:\\\/\\\/www.eren.ch\\\/joran\\\/wp-content\\\/uploads\\\/sites\\\/17\\\/2022\\\/05\\\/temple-boudry.jpg\",\"width\":1014,\"height\":1500},{\"@type\":\"BreadcrumbList\",\"@id\":\"https:\\\/\\\/www.eren.ch\\\/joran\\\/boudry\\\/#breadcrumb\",\"itemListElement\":[{\"@type\":\"ListItem\",\"position\":1,\"name\":\"Accueil\",\"item\":\"https:\\\/\\\/www.eren.ch\\\/joran\\\/\"},{\"@type\":\"ListItem\",\"position\":2,\"name\":\"Boudry\"}]},{\"@type\":\"WebSite\",\"@id\":\"https:\\\/\\\/www.eren.ch\\\/joran\\\/#website\",\"url\":\"https:\\\/\\\/www.eren.ch\\\/joran\\\/\",\"name\":\"Paroisse du Joran\",\"description\":\"Boudry, Cortaillod et La Grande B\u00e9roche\",\"publisher\":{\"@id\":\"https:\\\/\\\/www.eren.ch\\\/joran\\\/#organization\"},\"potentialAction\":[{\"@type\":\"SearchAction\",\"target\":{\"@type\":\"EntryPoint\",\"urlTemplate\":\"https:\\\/\\\/www.eren.ch\\\/joran\\\/?s={search_term_string}\"},\"query-input\":{\"@type\":\"PropertyValueSpecification\",\"valueRequired\":true,\"valueName\":\"search_term_string\"}}],\"inLanguage\":\"fr-FR\"},{\"@type\":\"Organization\",\"@id\":\"https:\\\/\\\/www.eren.ch\\\/joran\\\/#organization\",\"name\":\"Paroisse du Joran\",\"url\":\"https:\\\/\\\/www.eren.ch\\\/joran\\\/\",\"logo\":{\"@type\":\"ImageObject\",\"inLanguage\":\"fr-FR\",\"@id\":\"https:\\\/\\\/www.eren.ch\\\/joran\\\/#\\\/schema\\\/logo\\\/image\\\/\",\"url\":\"https:\\\/\\\/www.eren.ch\\\/joran\\\/wp-content\\\/uploads\\\/sites\\\/17\\\/2022\\\/11\\\/logo-joran.png\",\"contentUrl\":\"https:\\\/\\\/www.eren.ch\\\/joran\\\/wp-content\\\/uploads\\\/sites\\\/17\\\/2022\\\/11\\\/logo-joran.png\",\"width\":240,\"height\":117,\"caption\":\"Paroisse du Joran\"},\"image\":{\"@id\":\"https:\\\/\\\/www.eren.ch\\\/joran\\\/#\\\/schema\\\/logo\\\/image\\\/\"}}]}<\/script>\n<!-- \/ Yoast SEO Premium plugin. -->","yoast_head_json":{"title":"Boudry - Paroisse du Joran","robots":{"index":"index","follow":"follow","max-snippet":"max-snippet:-1","max-image-preview":"max-image-preview:large","max-video-preview":"max-video-preview:-1"},"canonical":"https:\/\/www.eren.ch\/joran\/boudry\/","og_locale":"fr_FR","og_type":"article","og_title":"Boudry","og_description":"Actuel Pri\u00e8re dans le temple tous les vendredis de 14h \u00e0 16h March\u00e9s MERCI A TOUS NOS B\u00e9N\u00e9VOLES Photos Christine Ph\u00e9bade. Repas et march\u00e9 2025 Animations Soir\u00e9es sp\u00e9ciales : th\u00e8mes \u00e0 venir Soupes de l&rsquo;amiti\u00e9 les mardis de novembre. F\u00eates boudrysanes 11 et 12 septembre 2027 : temple ouvert, des b\u00e9n\u00e9voles vous accueilleront le samedi &hellip; Continuer la lecture de &laquo;&nbsp;Boudry&nbsp;&raquo;","og_url":"https:\/\/www.eren.ch\/joran\/boudry\/","og_site_name":"Paroisse du Joran","article_modified_time":"2026-04-07T20:15:38+00:00","og_image":[{"width":1014,"height":1500,"url":"https:\/\/www.eren.ch\/joran\/wp-content\/uploads\/sites\/17\/2022\/05\/temple-boudry.jpg","type":"image\/jpeg"}],"twitter_card":"summary_large_image","twitter_misc":{"Dur\u00e9e de lecture estim\u00e9e":"2 minutes"},"schema":{"@context":"https:\/\/schema.org","@graph":[{"@type":"WebPage","@id":"https:\/\/www.eren.ch\/joran\/boudry\/","url":"https:\/\/www.eren.ch\/joran\/boudry\/","name":"Boudry - Paroisse du Joran","isPartOf":{"@id":"https:\/\/www.eren.ch\/joran\/#website"},"primaryImageOfPage":{"@id":"https:\/\/www.eren.ch\/joran\/boudry\/#primaryimage"},"image":{"@id":"https:\/\/www.eren.ch\/joran\/boudry\/#primaryimage"},"thumbnailUrl":"https:\/\/www.eren.ch\/joran\/wp-content\/uploads\/sites\/17\/2022\/05\/temple-boudry-692x1024.jpg","datePublished":"2023-12-01T16:23:32+00:00","dateModified":"2026-04-07T20:15:38+00:00","breadcrumb":{"@id":"https:\/\/www.eren.ch\/joran\/boudry\/#breadcrumb"},"inLanguage":"fr-FR","potentialAction":[{"@type":"ReadAction","target":["https:\/\/www.eren.ch\/joran\/boudry\/"]}]},{"@type":"ImageObject","inLanguage":"fr-FR","@id":"https:\/\/www.eren.ch\/joran\/boudry\/#primaryimage","url":"https:\/\/www.eren.ch\/joran\/wp-content\/uploads\/sites\/17\/2022\/05\/temple-boudry.jpg","contentUrl":"https:\/\/www.eren.ch\/joran\/wp-content\/uploads\/sites\/17\/2022\/05\/temple-boudry.jpg","width":1014,"height":1500},{"@type":"BreadcrumbList","@id":"https:\/\/www.eren.ch\/joran\/boudry\/#breadcrumb","itemListElement":[{"@type":"ListItem","position":1,"name":"Accueil","item":"https:\/\/www.eren.ch\/joran\/"},{"@type":"ListItem","position":2,"name":"Boudry"}]},{"@type":"WebSite","@id":"https:\/\/www.eren.ch\/joran\/#website","url":"https:\/\/www.eren.ch\/joran\/","name":"Paroisse du Joran","description":"Boudry, Cortaillod et La Grande B\u00e9roche","publisher":{"@id":"https:\/\/www.eren.ch\/joran\/#organization"},"potentialAction":[{"@type":"SearchAction","target":{"@type":"EntryPoint","urlTemplate":"https:\/\/www.eren.ch\/joran\/?s={search_term_string}"},"query-input":{"@type":"PropertyValueSpecification","valueRequired":true,"valueName":"search_term_string"}}],"inLanguage":"fr-FR"},{"@type":"Organization","@id":"https:\/\/www.eren.ch\/joran\/#organization","name":"Paroisse du Joran","url":"https:\/\/www.eren.ch\/joran\/","logo":{"@type":"ImageObject","inLanguage":"fr-FR","@id":"https:\/\/www.eren.ch\/joran\/#\/schema\/logo\/image\/","url":"https:\/\/www.eren.ch\/joran\/wp-content\/uploads\/sites\/17\/2022\/11\/logo-joran.png","contentUrl":"https:\/\/www.eren.ch\/joran\/wp-content\/uploads\/sites\/17\/2022\/11\/logo-joran.png","width":240,"height":117,"caption":"Paroisse du Joran"},"image":{"@id":"https:\/\/www.eren.ch\/joran\/#\/schema\/logo\/image\/"}}]}},"_links":{"self":[{"href":"https:\/\/www.eren.ch\/joran\/wp-json\/wp\/v2\/pages\/2217","targetHints":{"allow":["GET"]}}],"collection":[{"href":"https:\/\/www.eren.ch\/joran\/wp-json\/wp\/v2\/pages"}],"about":[{"href":"https:\/\/www.eren.ch\/joran\/wp-json\/wp\/v2\/types\/page"}],"author":[{"embeddable":true,"href":"https:\/\/www.eren.ch\/joran\/wp-json\/wp\/v2\/users\/32"}],"replies":[{"embeddable":true,"href":"https:\/\/www.eren.ch\/joran\/wp-json\/wp\/v2\/comments?post=2217"}],"version-history":[{"count":0,"href":"https:\/\/www.eren.ch\/joran\/wp-json\/wp\/v2\/pages\/2217\/revisions"}],"wp:attachment":[{"href":"https:\/\/www.eren.ch\/joran\/wp-json\/wp\/v2\/media?parent=2217"}],"curies":[{"name":"wp","href":"https:\/\/api.w.org\/{rel}","templated":true}]}}