{"id":25,"date":"2022-03-24T10:46:30","date_gmt":"2022-03-24T09:46:30","guid":{"rendered":"https:\/\/www.eren.ch\/joran\/jeunesse-familles\/eveil-a-la-foi\/"},"modified":"2026-02-10T10:28:14","modified_gmt":"2026-02-10T09:28:14","slug":"eveil-a-la-foi","status":"publish","type":"page","link":"https:\/\/www.eren.ch\/joran\/jeunesse-familles\/eveil-a-la-foi\/","title":{"rendered":"\u00c9veil \u00e0 la foi"},"content":{"rendered":"\n<p class=\"has-medium-font-size\">L\u2019Eveil \u00e0 la foi est une activit\u00e9 \u0153cum\u00e9nique destin\u00e9e aux enfant de 2 \u00e0 6 ans et \u00e0 leurs familles. Les rencontres ont lieu le dimanche apr\u00e8s midi, de 15h00 \u00e0 16h30 dans les \u00e9glises r\u00e9form\u00e9es et catholiques. Grands-parents, parrains\/marraines, fr\u00e8res et s\u0153urs sont aussi les bienvenues!<\/p>\n\n\n\n<p class=\"has-medium-font-size\">Chaque rencontre est l&rsquo;occasion de partir \u00e0 la rencontre de Dieu, ici ou plus loin, \u00e0 travers une histoire biblique, des chants, des pri\u00e8res, un bricolage ou une activit\u00e9 ludique. Contact: C\u00e9cile  Malfroy . Programme commun avec la paroisse de la C\u00f4te et l&rsquo;Eglise catholique.<\/p>\n\n\n\n<p class=\"has-medium-font-size\"><strong>Petite pri\u00e8re pour la nature<\/strong><\/p>\n\n\n\n<p><strong>Que les petites graines deviennent des arbres<\/strong><\/p>\n\n\n\n<p>Dieu de vie et d\u2019amour,<br>Merci pour les plus petites et les plus petits&nbsp;!<br>Nous te prions pour les enfants nouveau-n\u00e9s ici<br>et aussi dans les pays en guerre, ou en famine.<br>Que les plus puissants favorisent la vie et non la mort.<br>Que celles et ceux qui ont du pouvoir, pratiquent la justice.<br>Inspire-nous pour agir en harmonie avec nos proches<br>et en solidarit\u00e9 avec les plus petits d\u2019ici et d\u2019ailleurs.<br>Que beaucoup de nous aient de bonnes id\u00e9es<br>pour que de petites graines deviennent des arbres<br>de respect, de paix dans notre monde.<\/p>\n\n\n\n<p>Amen<\/p>\n\n\n\n<p><em>Sybille Pete<\/em>r<\/p>\n","protected":false},"excerpt":{"rendered":"<p>L\u2019Eveil \u00e0 la foi est une activit\u00e9 \u0153cum\u00e9nique destin\u00e9e aux enfant de 2 \u00e0 6 ans et \u00e0 leurs familles. Les rencontres ont lieu le dimanche apr\u00e8s midi, de 15h00 \u00e0 16h30 dans les \u00e9glises r\u00e9form\u00e9es et catholiques. Grands-parents, parrains\/marraines, fr\u00e8res et s\u0153urs sont aussi les bienvenues! Chaque rencontre est l&rsquo;occasion de partir \u00e0 la &hellip; <a href=\"https:\/\/www.eren.ch\/joran\/jeunesse-familles\/eveil-a-la-foi\/\" class=\"more-link\">Continuer la lecture<span class=\"screen-reader-text\"> de &laquo;&nbsp;\u00c9veil \u00e0 la foi&nbsp;&raquo;<\/span><\/a><\/p>\n","protected":false},"author":32,"featured_media":0,"parent":11,"menu_order":16,"comment_status":"closed","ping_status":"closed","template":"","meta":{"footnotes":""},"class_list":["post-25","page","type-page","status-publish","hentry"],"yoast_head":"<!-- This site is optimized with the Yoast SEO Premium plugin v27.4 (Yoast SEO v27.4) - https:\/\/yoast.com\/product\/yoast-seo-premium-wordpress\/ -->\n<title>\u00c9veil \u00e0 la foi - Paroisse du Joran<\/title>\n<meta name=\"robots\" content=\"index, follow, max-snippet:-1, max-image-preview:large, max-video-preview:-1\" \/>\n<link rel=\"canonical\" href=\"https:\/\/www.eren.ch\/joran\/jeunesse-familles\/eveil-a-la-foi\/\" \/>\n<meta property=\"og:locale\" content=\"fr_FR\" \/>\n<meta property=\"og:type\" content=\"article\" \/>\n<meta property=\"og:title\" content=\"\u00c9veil \u00e0 la foi\" \/>\n<meta property=\"og:description\" content=\"L\u2019Eveil \u00e0 la foi est une activit\u00e9 \u0153cum\u00e9nique destin\u00e9e aux enfant de 2 \u00e0 6 ans et \u00e0 leurs familles. Les rencontres ont lieu le dimanche apr\u00e8s midi, de 15h00 \u00e0 16h30 dans les \u00e9glises r\u00e9form\u00e9es et catholiques. Grands-parents, parrains\/marraines, fr\u00e8res et s\u0153urs sont aussi les bienvenues! Chaque rencontre est l&rsquo;occasion de partir \u00e0 la &hellip; Continuer la lecture de &laquo;&nbsp;\u00c9veil \u00e0 la foi&nbsp;&raquo;\" \/>\n<meta property=\"og:url\" content=\"https:\/\/www.eren.ch\/joran\/jeunesse-familles\/eveil-a-la-foi\/\" \/>\n<meta property=\"og:site_name\" content=\"Paroisse du Joran\" \/>\n<meta property=\"article:modified_time\" content=\"2026-02-10T09:28:14+00:00\" \/>\n<meta name=\"twitter:card\" content=\"summary_large_image\" \/>\n<meta name=\"twitter:label1\" content=\"Dur\u00e9e de lecture estim\u00e9e\" \/>\n\t<meta name=\"twitter:data1\" content=\"2 minutes\" \/>\n<script type=\"application\/ld+json\" class=\"yoast-schema-graph\">{\"@context\":\"https:\\\/\\\/schema.org\",\"@graph\":[{\"@type\":\"WebPage\",\"@id\":\"https:\\\/\\\/www.eren.ch\\\/joran\\\/jeunesse-familles\\\/eveil-a-la-foi\\\/\",\"url\":\"https:\\\/\\\/www.eren.ch\\\/joran\\\/jeunesse-familles\\\/eveil-a-la-foi\\\/\",\"name\":\"\u00c9veil \u00e0 la foi - Paroisse du Joran\",\"isPartOf\":{\"@id\":\"https:\\\/\\\/www.eren.ch\\\/joran\\\/#website\"},\"datePublished\":\"2022-03-24T09:46:30+00:00\",\"dateModified\":\"2026-02-10T09:28:14+00:00\",\"breadcrumb\":{\"@id\":\"https:\\\/\\\/www.eren.ch\\\/joran\\\/jeunesse-familles\\\/eveil-a-la-foi\\\/#breadcrumb\"},\"inLanguage\":\"fr-FR\",\"potentialAction\":[{\"@type\":\"ReadAction\",\"target\":[\"https:\\\/\\\/www.eren.ch\\\/joran\\\/jeunesse-familles\\\/eveil-a-la-foi\\\/\"]}]},{\"@type\":\"BreadcrumbList\",\"@id\":\"https:\\\/\\\/www.eren.ch\\\/joran\\\/jeunesse-familles\\\/eveil-a-la-foi\\\/#breadcrumb\",\"itemListElement\":[{\"@type\":\"ListItem\",\"position\":1,\"name\":\"Accueil\",\"item\":\"https:\\\/\\\/www.eren.ch\\\/joran\\\/\"},{\"@type\":\"ListItem\",\"position\":2,\"name\":\"Jeunesse &amp; familles\",\"item\":\"https:\\\/\\\/www.eren.ch\\\/joran\\\/jeunesse-familles\\\/\"},{\"@type\":\"ListItem\",\"position\":3,\"name\":\"\u00c9veil \u00e0 la foi\"}]},{\"@type\":\"WebSite\",\"@id\":\"https:\\\/\\\/www.eren.ch\\\/joran\\\/#website\",\"url\":\"https:\\\/\\\/www.eren.ch\\\/joran\\\/\",\"name\":\"Paroisse du Joran\",\"description\":\"Boudry, Cortaillod et La Grande B\u00e9roche\",\"publisher\":{\"@id\":\"https:\\\/\\\/www.eren.ch\\\/joran\\\/#organization\"},\"potentialAction\":[{\"@type\":\"SearchAction\",\"target\":{\"@type\":\"EntryPoint\",\"urlTemplate\":\"https:\\\/\\\/www.eren.ch\\\/joran\\\/?s={search_term_string}\"},\"query-input\":{\"@type\":\"PropertyValueSpecification\",\"valueRequired\":true,\"valueName\":\"search_term_string\"}}],\"inLanguage\":\"fr-FR\"},{\"@type\":\"Organization\",\"@id\":\"https:\\\/\\\/www.eren.ch\\\/joran\\\/#organization\",\"name\":\"Paroisse du Joran\",\"url\":\"https:\\\/\\\/www.eren.ch\\\/joran\\\/\",\"logo\":{\"@type\":\"ImageObject\",\"inLanguage\":\"fr-FR\",\"@id\":\"https:\\\/\\\/www.eren.ch\\\/joran\\\/#\\\/schema\\\/logo\\\/image\\\/\",\"url\":\"https:\\\/\\\/www.eren.ch\\\/joran\\\/wp-content\\\/uploads\\\/sites\\\/17\\\/2022\\\/11\\\/logo-joran.png\",\"contentUrl\":\"https:\\\/\\\/www.eren.ch\\\/joran\\\/wp-content\\\/uploads\\\/sites\\\/17\\\/2022\\\/11\\\/logo-joran.png\",\"width\":240,\"height\":117,\"caption\":\"Paroisse du Joran\"},\"image\":{\"@id\":\"https:\\\/\\\/www.eren.ch\\\/joran\\\/#\\\/schema\\\/logo\\\/image\\\/\"}}]}<\/script>\n<!-- \/ Yoast SEO Premium plugin. -->","yoast_head_json":{"title":"\u00c9veil \u00e0 la foi - Paroisse du Joran","robots":{"index":"index","follow":"follow","max-snippet":"max-snippet:-1","max-image-preview":"max-image-preview:large","max-video-preview":"max-video-preview:-1"},"canonical":"https:\/\/www.eren.ch\/joran\/jeunesse-familles\/eveil-a-la-foi\/","og_locale":"fr_FR","og_type":"article","og_title":"\u00c9veil \u00e0 la foi","og_description":"L\u2019Eveil \u00e0 la foi est une activit\u00e9 \u0153cum\u00e9nique destin\u00e9e aux enfant de 2 \u00e0 6 ans et \u00e0 leurs familles. Les rencontres ont lieu le dimanche apr\u00e8s midi, de 15h00 \u00e0 16h30 dans les \u00e9glises r\u00e9form\u00e9es et catholiques. Grands-parents, parrains\/marraines, fr\u00e8res et s\u0153urs sont aussi les bienvenues! Chaque rencontre est l&rsquo;occasion de partir \u00e0 la &hellip; Continuer la lecture de &laquo;&nbsp;\u00c9veil \u00e0 la foi&nbsp;&raquo;","og_url":"https:\/\/www.eren.ch\/joran\/jeunesse-familles\/eveil-a-la-foi\/","og_site_name":"Paroisse du Joran","article_modified_time":"2026-02-10T09:28:14+00:00","twitter_card":"summary_large_image","twitter_misc":{"Dur\u00e9e de lecture estim\u00e9e":"2 minutes"},"schema":{"@context":"https:\/\/schema.org","@graph":[{"@type":"WebPage","@id":"https:\/\/www.eren.ch\/joran\/jeunesse-familles\/eveil-a-la-foi\/","url":"https:\/\/www.eren.ch\/joran\/jeunesse-familles\/eveil-a-la-foi\/","name":"\u00c9veil \u00e0 la foi - Paroisse du Joran","isPartOf":{"@id":"https:\/\/www.eren.ch\/joran\/#website"},"datePublished":"2022-03-24T09:46:30+00:00","dateModified":"2026-02-10T09:28:14+00:00","breadcrumb":{"@id":"https:\/\/www.eren.ch\/joran\/jeunesse-familles\/eveil-a-la-foi\/#breadcrumb"},"inLanguage":"fr-FR","potentialAction":[{"@type":"ReadAction","target":["https:\/\/www.eren.ch\/joran\/jeunesse-familles\/eveil-a-la-foi\/"]}]},{"@type":"BreadcrumbList","@id":"https:\/\/www.eren.ch\/joran\/jeunesse-familles\/eveil-a-la-foi\/#breadcrumb","itemListElement":[{"@type":"ListItem","position":1,"name":"Accueil","item":"https:\/\/www.eren.ch\/joran\/"},{"@type":"ListItem","position":2,"name":"Jeunesse &amp; familles","item":"https:\/\/www.eren.ch\/joran\/jeunesse-familles\/"},{"@type":"ListItem","position":3,"name":"\u00c9veil \u00e0 la foi"}]},{"@type":"WebSite","@id":"https:\/\/www.eren.ch\/joran\/#website","url":"https:\/\/www.eren.ch\/joran\/","name":"Paroisse du Joran","description":"Boudry, Cortaillod et La Grande B\u00e9roche","publisher":{"@id":"https:\/\/www.eren.ch\/joran\/#organization"},"potentialAction":[{"@type":"SearchAction","target":{"@type":"EntryPoint","urlTemplate":"https:\/\/www.eren.ch\/joran\/?s={search_term_string}"},"query-input":{"@type":"PropertyValueSpecification","valueRequired":true,"valueName":"search_term_string"}}],"inLanguage":"fr-FR"},{"@type":"Organization","@id":"https:\/\/www.eren.ch\/joran\/#organization","name":"Paroisse du Joran","url":"https:\/\/www.eren.ch\/joran\/","logo":{"@type":"ImageObject","inLanguage":"fr-FR","@id":"https:\/\/www.eren.ch\/joran\/#\/schema\/logo\/image\/","url":"https:\/\/www.eren.ch\/joran\/wp-content\/uploads\/sites\/17\/2022\/11\/logo-joran.png","contentUrl":"https:\/\/www.eren.ch\/joran\/wp-content\/uploads\/sites\/17\/2022\/11\/logo-joran.png","width":240,"height":117,"caption":"Paroisse du Joran"},"image":{"@id":"https:\/\/www.eren.ch\/joran\/#\/schema\/logo\/image\/"}}]}},"_links":{"self":[{"href":"https:\/\/www.eren.ch\/joran\/wp-json\/wp\/v2\/pages\/25","targetHints":{"allow":["GET"]}}],"collection":[{"href":"https:\/\/www.eren.ch\/joran\/wp-json\/wp\/v2\/pages"}],"about":[{"href":"https:\/\/www.eren.ch\/joran\/wp-json\/wp\/v2\/types\/page"}],"author":[{"embeddable":true,"href":"https:\/\/www.eren.ch\/joran\/wp-json\/wp\/v2\/users\/32"}],"replies":[{"embeddable":true,"href":"https:\/\/www.eren.ch\/joran\/wp-json\/wp\/v2\/comments?post=25"}],"version-history":[{"count":0,"href":"https:\/\/www.eren.ch\/joran\/wp-json\/wp\/v2\/pages\/25\/revisions"}],"up":[{"embeddable":true,"href":"https:\/\/www.eren.ch\/joran\/wp-json\/wp\/v2\/pages\/11"}],"wp:attachment":[{"href":"https:\/\/www.eren.ch\/joran\/wp-json\/wp\/v2\/media?parent=25"}],"curies":[{"name":"wp","href":"https:\/\/api.w.org\/{rel}","templated":true}]}}