{"id":27,"date":"2022-03-24T10:46:30","date_gmt":"2022-03-24T09:46:30","guid":{"rendered":"https:\/\/www.eren.ch\/joran\/jeunesse-familles\/cultes-familles\/"},"modified":"2025-05-14T08:46:55","modified_gmt":"2025-05-14T06:46:55","slug":"cultes-familles","status":"publish","type":"page","link":"https:\/\/www.eren.ch\/joran\/jeunesse-familles\/cultes-familles\/","title":{"rendered":"Cultes familles et tous \u00e2ges"},"content":{"rendered":"\n<p class=\"has-medium-font-size\">Des cultes familles et tous \u00e2ges ont lieu r\u00e9guli\u00e8rement dans la paroisse. <\/p>\n\n\n\n<p class=\"has-medium-font-size\">Ces cultes participatifs permettent aux enfants et \u00e0 leurs parents d&rsquo;avoir leur place \u00e0 l&rsquo;\u00e9glise, se sentir \u00e0 l&rsquo;aise, de partager notre foi ensemble. Ils apportent aussi leur regard sur Dieu \u00e0 travers leur vie quotidienne. Durant le temps de message, les enfants restent avec nous mais un bricolage sur le th\u00e8me du jour leur est propos\u00e9.<\/p>\n\n\n\n<p class=\"has-medium-font-size\">Ces cultes sont ouverts \u00e0 tous, petits, grands, seniors.<\/p>\n\n\n\n<figure class=\"wp-block-gallery has-nested-images columns-default is-cropped wp-block-gallery-1 is-layout-flex wp-block-gallery-is-layout-flex\">\n<figure class=\"wp-block-image size-large\"><img loading=\"lazy\" decoding=\"async\" width=\"1024\" height=\"768\" data-id=\"4097\" src=\"https:\/\/www.eren.ch\/joran\/wp-content\/uploads\/sites\/17\/2024\/06\/WhatsApp-Image-2024-06-17-at-14.42.29-1024x768.jpeg\" alt=\"\" class=\"wp-image-4097\" srcset=\"https:\/\/www.eren.ch\/joran\/wp-content\/uploads\/sites\/17\/2024\/06\/WhatsApp-Image-2024-06-17-at-14.42.29-1024x768.jpeg 1024w, https:\/\/www.eren.ch\/joran\/wp-content\/uploads\/sites\/17\/2024\/06\/WhatsApp-Image-2024-06-17-at-14.42.29-300x225.jpeg 300w, https:\/\/www.eren.ch\/joran\/wp-content\/uploads\/sites\/17\/2024\/06\/WhatsApp-Image-2024-06-17-at-14.42.29-768x576.jpeg 768w, https:\/\/www.eren.ch\/joran\/wp-content\/uploads\/sites\/17\/2024\/06\/WhatsApp-Image-2024-06-17-at-14.42.29-1536x1152.jpeg 1536w, https:\/\/www.eren.ch\/joran\/wp-content\/uploads\/sites\/17\/2024\/06\/WhatsApp-Image-2024-06-17-at-14.42.29-1200x900.jpeg 1200w, https:\/\/www.eren.ch\/joran\/wp-content\/uploads\/sites\/17\/2024\/06\/WhatsApp-Image-2024-06-17-at-14.42.29.jpeg 2048w\" sizes=\"auto, (max-width: 709px) 85vw, (max-width: 909px) 67vw, (max-width: 1362px) 62vw, 840px\" \/><\/figure>\n\n\n\n<figure class=\"wp-block-image size-large\"><img decoding=\"async\" data-id=\"7441\" src=\"https:\/\/www.eren.ch\/joran\/wp-content\/uploads\/sites\/17\/2025\/05\/WhatsApp-Image-2025-04-06-at-13.21.26-577x1024.jpeg\" alt=\"\" class=\"wp-image-7441\" \/><\/figure>\n\n\n\n<figure class=\"wp-block-image size-large\"><img loading=\"lazy\" decoding=\"async\" width=\"1024\" height=\"768\" data-id=\"4564\" src=\"https:\/\/www.eren.ch\/joran\/wp-content\/uploads\/sites\/17\/2024\/09\/IMG-20240901-WA0040-1024x768.jpg\" alt=\"\" class=\"wp-image-4564\" srcset=\"https:\/\/www.eren.ch\/joran\/wp-content\/uploads\/sites\/17\/2024\/09\/IMG-20240901-WA0040-1024x768.jpg 1024w, https:\/\/www.eren.ch\/joran\/wp-content\/uploads\/sites\/17\/2024\/09\/IMG-20240901-WA0040-300x225.jpg 300w, https:\/\/www.eren.ch\/joran\/wp-content\/uploads\/sites\/17\/2024\/09\/IMG-20240901-WA0040-768x576.jpg 768w, https:\/\/www.eren.ch\/joran\/wp-content\/uploads\/sites\/17\/2024\/09\/IMG-20240901-WA0040-1536x1152.jpg 1536w, https:\/\/www.eren.ch\/joran\/wp-content\/uploads\/sites\/17\/2024\/09\/IMG-20240901-WA0040-1200x900.jpg 1200w, https:\/\/www.eren.ch\/joran\/wp-content\/uploads\/sites\/17\/2024\/09\/IMG-20240901-WA0040.jpg 1600w\" sizes=\"auto, (max-width: 709px) 85vw, (max-width: 909px) 67vw, (max-width: 1362px) 62vw, 840px\" \/><\/figure>\n\n\n\n<figure class=\"wp-block-image size-large\"><img loading=\"lazy\" decoding=\"async\" width=\"1024\" height=\"461\" data-id=\"4567\" src=\"https:\/\/www.eren.ch\/joran\/wp-content\/uploads\/sites\/17\/2024\/09\/20240901_102128-1024x461.jpg\" alt=\"\" class=\"wp-image-4567\" srcset=\"https:\/\/www.eren.ch\/joran\/wp-content\/uploads\/sites\/17\/2024\/09\/20240901_102128-1024x461.jpg 1024w, https:\/\/www.eren.ch\/joran\/wp-content\/uploads\/sites\/17\/2024\/09\/20240901_102128-300x135.jpg 300w, https:\/\/www.eren.ch\/joran\/wp-content\/uploads\/sites\/17\/2024\/09\/20240901_102128-768x346.jpg 768w, https:\/\/www.eren.ch\/joran\/wp-content\/uploads\/sites\/17\/2024\/09\/20240901_102128-1536x691.jpg 1536w, https:\/\/www.eren.ch\/joran\/wp-content\/uploads\/sites\/17\/2024\/09\/20240901_102128-2048x922.jpg 2048w, https:\/\/www.eren.ch\/joran\/wp-content\/uploads\/sites\/17\/2024\/09\/20240901_102128-1200x540.jpg 1200w\" sizes=\"auto, (max-width: 709px) 85vw, (max-width: 909px) 67vw, (max-width: 1362px) 62vw, 840px\" \/><\/figure>\n<\/figure>\n\n\n\n<h2 class=\"wp-block-heading\" id=\"h-dates-et-lieux-des-cultes\">Dates et lieux des cultes<\/h2>\n\n\n\n<figure class=\"wp-block-table has-medium-font-size\"><table><thead><tr><th>Dates 2024-2025<\/th><th>Lieu<\/th><th>Heure<\/th><\/tr><\/thead><tbody><tr><td>1er septembre<br>Rentr\u00e9e en famille<\/td><td>Petit Cortaillod (Tertilli\u00e8re)<\/td><td>10h<\/td><\/tr><tr><td>15 d\u00e9cembre<br>No\u00ebl des enfants, contes<\/td><td>Cortaillod <\/td><td>10h<\/td><\/tr><tr><td>6 avril 2025<br>Rameaux et P\u00e2ques<\/td><td>Bevaix<\/td><td>10h<\/td><\/tr><tr><td>25 mai 2025<br>F\u00eate des familles, cantate de Pentec\u00f4te<br><\/td><td>Boudry<\/td><td>10h<\/td><\/tr><\/tbody><\/table><\/figure>\n","protected":false},"excerpt":{"rendered":"<p>Des cultes familles et tous \u00e2ges ont lieu r\u00e9guli\u00e8rement dans la paroisse. Ces cultes participatifs permettent aux enfants et \u00e0 leurs parents d&rsquo;avoir leur place \u00e0 l&rsquo;\u00e9glise, se sentir \u00e0 l&rsquo;aise, de partager notre foi ensemble. Ils apportent aussi leur regard sur Dieu \u00e0 travers leur vie quotidienne. Durant le temps de message, les enfants &hellip; <a href=\"https:\/\/www.eren.ch\/joran\/jeunesse-familles\/cultes-familles\/\" class=\"more-link\">Continuer la lecture<span class=\"screen-reader-text\"> de &laquo;&nbsp;Cultes familles et tous \u00e2ges&nbsp;&raquo;<\/span><\/a><\/p>\n","protected":false},"author":32,"featured_media":0,"parent":11,"menu_order":18,"comment_status":"closed","ping_status":"closed","template":"","meta":{"footnotes":""},"class_list":["post-27","page","type-page","status-publish","hentry"],"yoast_head":"<!-- This site is optimized with the Yoast SEO Premium plugin v27.4 (Yoast SEO v27.4) - https:\/\/yoast.com\/product\/yoast-seo-premium-wordpress\/ -->\n<title>Cultes familles et tous \u00e2ges - Paroisse du Joran<\/title>\n<meta name=\"robots\" content=\"index, follow, max-snippet:-1, max-image-preview:large, max-video-preview:-1\" \/>\n<link rel=\"canonical\" href=\"https:\/\/www.eren.ch\/joran\/jeunesse-familles\/cultes-familles\/\" \/>\n<meta property=\"og:locale\" content=\"fr_FR\" \/>\n<meta property=\"og:type\" content=\"article\" \/>\n<meta property=\"og:title\" content=\"Cultes familles et tous \u00e2ges\" \/>\n<meta property=\"og:description\" content=\"Des cultes familles et tous \u00e2ges ont lieu r\u00e9guli\u00e8rement dans la paroisse. Ces cultes participatifs permettent aux enfants et \u00e0 leurs parents d&rsquo;avoir leur place \u00e0 l&rsquo;\u00e9glise, se sentir \u00e0 l&rsquo;aise, de partager notre foi ensemble. Ils apportent aussi leur regard sur Dieu \u00e0 travers leur vie quotidienne. Durant le temps de message, les enfants &hellip; Continuer la lecture de &laquo;&nbsp;Cultes familles et tous \u00e2ges&nbsp;&raquo;\" \/>\n<meta property=\"og:url\" content=\"https:\/\/www.eren.ch\/joran\/jeunesse-familles\/cultes-familles\/\" \/>\n<meta property=\"og:site_name\" content=\"Paroisse du Joran\" \/>\n<meta property=\"article:modified_time\" content=\"2025-05-14T06:46:55+00:00\" \/>\n<meta property=\"og:image\" content=\"https:\/\/www.eren.ch\/joran\/wp-content\/uploads\/sites\/17\/2024\/06\/WhatsApp-Image-2024-06-17-at-14.42.29.jpeg\" \/>\n\t<meta property=\"og:image:width\" content=\"2048\" \/>\n\t<meta property=\"og:image:height\" content=\"1536\" \/>\n\t<meta property=\"og:image:type\" content=\"image\/jpeg\" \/>\n<meta name=\"twitter:card\" content=\"summary_large_image\" \/>\n<meta name=\"twitter:label1\" content=\"Dur\u00e9e de lecture estim\u00e9e\" \/>\n\t<meta name=\"twitter:data1\" content=\"2 minutes\" \/>\n<script type=\"application\/ld+json\" class=\"yoast-schema-graph\">{\"@context\":\"https:\\\/\\\/schema.org\",\"@graph\":[{\"@type\":\"WebPage\",\"@id\":\"https:\\\/\\\/www.eren.ch\\\/joran\\\/jeunesse-familles\\\/cultes-familles\\\/\",\"url\":\"https:\\\/\\\/www.eren.ch\\\/joran\\\/jeunesse-familles\\\/cultes-familles\\\/\",\"name\":\"Cultes familles et tous \u00e2ges - Paroisse du Joran\",\"isPartOf\":{\"@id\":\"https:\\\/\\\/www.eren.ch\\\/joran\\\/#website\"},\"primaryImageOfPage\":{\"@id\":\"https:\\\/\\\/www.eren.ch\\\/joran\\\/jeunesse-familles\\\/cultes-familles\\\/#primaryimage\"},\"image\":{\"@id\":\"https:\\\/\\\/www.eren.ch\\\/joran\\\/jeunesse-familles\\\/cultes-familles\\\/#primaryimage\"},\"thumbnailUrl\":\"https:\\\/\\\/www.eren.ch\\\/joran\\\/wp-content\\\/uploads\\\/sites\\\/17\\\/2024\\\/06\\\/WhatsApp-Image-2024-06-17-at-14.42.29-1024x768.jpeg\",\"datePublished\":\"2022-03-24T09:46:30+00:00\",\"dateModified\":\"2025-05-14T06:46:55+00:00\",\"breadcrumb\":{\"@id\":\"https:\\\/\\\/www.eren.ch\\\/joran\\\/jeunesse-familles\\\/cultes-familles\\\/#breadcrumb\"},\"inLanguage\":\"fr-FR\",\"potentialAction\":[{\"@type\":\"ReadAction\",\"target\":[\"https:\\\/\\\/www.eren.ch\\\/joran\\\/jeunesse-familles\\\/cultes-familles\\\/\"]}]},{\"@type\":\"ImageObject\",\"inLanguage\":\"fr-FR\",\"@id\":\"https:\\\/\\\/www.eren.ch\\\/joran\\\/jeunesse-familles\\\/cultes-familles\\\/#primaryimage\",\"url\":\"https:\\\/\\\/www.eren.ch\\\/joran\\\/wp-content\\\/uploads\\\/sites\\\/17\\\/2024\\\/06\\\/WhatsApp-Image-2024-06-17-at-14.42.29.jpeg\",\"contentUrl\":\"https:\\\/\\\/www.eren.ch\\\/joran\\\/wp-content\\\/uploads\\\/sites\\\/17\\\/2024\\\/06\\\/WhatsApp-Image-2024-06-17-at-14.42.29.jpeg\",\"width\":2048,\"height\":1536},{\"@type\":\"BreadcrumbList\",\"@id\":\"https:\\\/\\\/www.eren.ch\\\/joran\\\/jeunesse-familles\\\/cultes-familles\\\/#breadcrumb\",\"itemListElement\":[{\"@type\":\"ListItem\",\"position\":1,\"name\":\"Accueil\",\"item\":\"https:\\\/\\\/www.eren.ch\\\/joran\\\/\"},{\"@type\":\"ListItem\",\"position\":2,\"name\":\"Jeunesse &amp; familles\",\"item\":\"https:\\\/\\\/www.eren.ch\\\/joran\\\/jeunesse-familles\\\/\"},{\"@type\":\"ListItem\",\"position\":3,\"name\":\"Cultes familles et tous \u00e2ges\"}]},{\"@type\":\"WebSite\",\"@id\":\"https:\\\/\\\/www.eren.ch\\\/joran\\\/#website\",\"url\":\"https:\\\/\\\/www.eren.ch\\\/joran\\\/\",\"name\":\"Paroisse du Joran\",\"description\":\"Boudry, Cortaillod et La Grande B\u00e9roche\",\"publisher\":{\"@id\":\"https:\\\/\\\/www.eren.ch\\\/joran\\\/#organization\"},\"potentialAction\":[{\"@type\":\"SearchAction\",\"target\":{\"@type\":\"EntryPoint\",\"urlTemplate\":\"https:\\\/\\\/www.eren.ch\\\/joran\\\/?s={search_term_string}\"},\"query-input\":{\"@type\":\"PropertyValueSpecification\",\"valueRequired\":true,\"valueName\":\"search_term_string\"}}],\"inLanguage\":\"fr-FR\"},{\"@type\":\"Organization\",\"@id\":\"https:\\\/\\\/www.eren.ch\\\/joran\\\/#organization\",\"name\":\"Paroisse du Joran\",\"url\":\"https:\\\/\\\/www.eren.ch\\\/joran\\\/\",\"logo\":{\"@type\":\"ImageObject\",\"inLanguage\":\"fr-FR\",\"@id\":\"https:\\\/\\\/www.eren.ch\\\/joran\\\/#\\\/schema\\\/logo\\\/image\\\/\",\"url\":\"https:\\\/\\\/www.eren.ch\\\/joran\\\/wp-content\\\/uploads\\\/sites\\\/17\\\/2022\\\/11\\\/logo-joran.png\",\"contentUrl\":\"https:\\\/\\\/www.eren.ch\\\/joran\\\/wp-content\\\/uploads\\\/sites\\\/17\\\/2022\\\/11\\\/logo-joran.png\",\"width\":240,\"height\":117,\"caption\":\"Paroisse du Joran\"},\"image\":{\"@id\":\"https:\\\/\\\/www.eren.ch\\\/joran\\\/#\\\/schema\\\/logo\\\/image\\\/\"}}]}<\/script>\n<!-- \/ Yoast SEO Premium plugin. -->","yoast_head_json":{"title":"Cultes familles et tous \u00e2ges - Paroisse du Joran","robots":{"index":"index","follow":"follow","max-snippet":"max-snippet:-1","max-image-preview":"max-image-preview:large","max-video-preview":"max-video-preview:-1"},"canonical":"https:\/\/www.eren.ch\/joran\/jeunesse-familles\/cultes-familles\/","og_locale":"fr_FR","og_type":"article","og_title":"Cultes familles et tous \u00e2ges","og_description":"Des cultes familles et tous \u00e2ges ont lieu r\u00e9guli\u00e8rement dans la paroisse. Ces cultes participatifs permettent aux enfants et \u00e0 leurs parents d&rsquo;avoir leur place \u00e0 l&rsquo;\u00e9glise, se sentir \u00e0 l&rsquo;aise, de partager notre foi ensemble. Ils apportent aussi leur regard sur Dieu \u00e0 travers leur vie quotidienne. Durant le temps de message, les enfants &hellip; Continuer la lecture de &laquo;&nbsp;Cultes familles et tous \u00e2ges&nbsp;&raquo;","og_url":"https:\/\/www.eren.ch\/joran\/jeunesse-familles\/cultes-familles\/","og_site_name":"Paroisse du Joran","article_modified_time":"2025-05-14T06:46:55+00:00","og_image":[{"width":2048,"height":1536,"url":"https:\/\/www.eren.ch\/joran\/wp-content\/uploads\/sites\/17\/2024\/06\/WhatsApp-Image-2024-06-17-at-14.42.29.jpeg","type":"image\/jpeg"}],"twitter_card":"summary_large_image","twitter_misc":{"Dur\u00e9e de lecture estim\u00e9e":"2 minutes"},"schema":{"@context":"https:\/\/schema.org","@graph":[{"@type":"WebPage","@id":"https:\/\/www.eren.ch\/joran\/jeunesse-familles\/cultes-familles\/","url":"https:\/\/www.eren.ch\/joran\/jeunesse-familles\/cultes-familles\/","name":"Cultes familles et tous \u00e2ges - Paroisse du Joran","isPartOf":{"@id":"https:\/\/www.eren.ch\/joran\/#website"},"primaryImageOfPage":{"@id":"https:\/\/www.eren.ch\/joran\/jeunesse-familles\/cultes-familles\/#primaryimage"},"image":{"@id":"https:\/\/www.eren.ch\/joran\/jeunesse-familles\/cultes-familles\/#primaryimage"},"thumbnailUrl":"https:\/\/www.eren.ch\/joran\/wp-content\/uploads\/sites\/17\/2024\/06\/WhatsApp-Image-2024-06-17-at-14.42.29-1024x768.jpeg","datePublished":"2022-03-24T09:46:30+00:00","dateModified":"2025-05-14T06:46:55+00:00","breadcrumb":{"@id":"https:\/\/www.eren.ch\/joran\/jeunesse-familles\/cultes-familles\/#breadcrumb"},"inLanguage":"fr-FR","potentialAction":[{"@type":"ReadAction","target":["https:\/\/www.eren.ch\/joran\/jeunesse-familles\/cultes-familles\/"]}]},{"@type":"ImageObject","inLanguage":"fr-FR","@id":"https:\/\/www.eren.ch\/joran\/jeunesse-familles\/cultes-familles\/#primaryimage","url":"https:\/\/www.eren.ch\/joran\/wp-content\/uploads\/sites\/17\/2024\/06\/WhatsApp-Image-2024-06-17-at-14.42.29.jpeg","contentUrl":"https:\/\/www.eren.ch\/joran\/wp-content\/uploads\/sites\/17\/2024\/06\/WhatsApp-Image-2024-06-17-at-14.42.29.jpeg","width":2048,"height":1536},{"@type":"BreadcrumbList","@id":"https:\/\/www.eren.ch\/joran\/jeunesse-familles\/cultes-familles\/#breadcrumb","itemListElement":[{"@type":"ListItem","position":1,"name":"Accueil","item":"https:\/\/www.eren.ch\/joran\/"},{"@type":"ListItem","position":2,"name":"Jeunesse &amp; familles","item":"https:\/\/www.eren.ch\/joran\/jeunesse-familles\/"},{"@type":"ListItem","position":3,"name":"Cultes familles et tous \u00e2ges"}]},{"@type":"WebSite","@id":"https:\/\/www.eren.ch\/joran\/#website","url":"https:\/\/www.eren.ch\/joran\/","name":"Paroisse du Joran","description":"Boudry, Cortaillod et La Grande B\u00e9roche","publisher":{"@id":"https:\/\/www.eren.ch\/joran\/#organization"},"potentialAction":[{"@type":"SearchAction","target":{"@type":"EntryPoint","urlTemplate":"https:\/\/www.eren.ch\/joran\/?s={search_term_string}"},"query-input":{"@type":"PropertyValueSpecification","valueRequired":true,"valueName":"search_term_string"}}],"inLanguage":"fr-FR"},{"@type":"Organization","@id":"https:\/\/www.eren.ch\/joran\/#organization","name":"Paroisse du Joran","url":"https:\/\/www.eren.ch\/joran\/","logo":{"@type":"ImageObject","inLanguage":"fr-FR","@id":"https:\/\/www.eren.ch\/joran\/#\/schema\/logo\/image\/","url":"https:\/\/www.eren.ch\/joran\/wp-content\/uploads\/sites\/17\/2022\/11\/logo-joran.png","contentUrl":"https:\/\/www.eren.ch\/joran\/wp-content\/uploads\/sites\/17\/2022\/11\/logo-joran.png","width":240,"height":117,"caption":"Paroisse du Joran"},"image":{"@id":"https:\/\/www.eren.ch\/joran\/#\/schema\/logo\/image\/"}}]}},"_links":{"self":[{"href":"https:\/\/www.eren.ch\/joran\/wp-json\/wp\/v2\/pages\/27","targetHints":{"allow":["GET"]}}],"collection":[{"href":"https:\/\/www.eren.ch\/joran\/wp-json\/wp\/v2\/pages"}],"about":[{"href":"https:\/\/www.eren.ch\/joran\/wp-json\/wp\/v2\/types\/page"}],"author":[{"embeddable":true,"href":"https:\/\/www.eren.ch\/joran\/wp-json\/wp\/v2\/users\/32"}],"replies":[{"embeddable":true,"href":"https:\/\/www.eren.ch\/joran\/wp-json\/wp\/v2\/comments?post=27"}],"version-history":[{"count":0,"href":"https:\/\/www.eren.ch\/joran\/wp-json\/wp\/v2\/pages\/27\/revisions"}],"up":[{"embeddable":true,"href":"https:\/\/www.eren.ch\/joran\/wp-json\/wp\/v2\/pages\/11"}],"wp:attachment":[{"href":"https:\/\/www.eren.ch\/joran\/wp-json\/wp\/v2\/media?parent=27"}],"curies":[{"name":"wp","href":"https:\/\/api.w.org\/{rel}","templated":true}]}}