{"id":29,"date":"2022-03-24T10:46:30","date_gmt":"2022-03-24T09:46:30","guid":{"rendered":"https:\/\/www.eren.ch\/joran\/jeunesse-familles\/catechisme\/"},"modified":"2026-04-16T08:32:42","modified_gmt":"2026-04-16T06:32:42","slug":"catechisme","status":"publish","type":"page","link":"https:\/\/www.eren.ch\/joran\/jeunesse-familles\/catechisme\/","title":{"rendered":"Cat\u00e9chisme 2025-2026"},"content":{"rendered":"\n<h2 class=\"wp-block-heading has-bright-red-color has-text-color has-link-color wp-elements-bef1b6a0eba23b11a95750929a8bcf97\" id=\"h-le-kt-en-quelques-mots\"><strong>Le KT en quelques mots<\/strong><\/h2>\n\n\n\n<p>Aborder les questions religieuses de mani\u00e8re ouverte et avec discernement est une priorit\u00e9 aujourd\u2019hui. La religion est souvent li\u00e9e \u00e0 l\u2019actualit\u00e9, en cons\u00e9quence il est important d\u2019offrir aux jeunes la possibilit\u00e9 de se questionner et appr\u00e9hender les questions de foi dans le respect de chacune et chacun.<\/p>\n\n\n\n<figure class=\"wp-block-image size-full\"><img loading=\"lazy\" decoding=\"async\" width=\"1600\" height=\"1200\" src=\"https:\/\/www.eren.ch\/joran\/wp-content\/uploads\/sites\/17\/2025\/05\/BREF-2024-2-1.jpg\" alt=\"\" class=\"wp-image-7450\" srcset=\"https:\/\/www.eren.ch\/joran\/wp-content\/uploads\/sites\/17\/2025\/05\/BREF-2024-2-1.jpg 1600w, https:\/\/www.eren.ch\/joran\/wp-content\/uploads\/sites\/17\/2025\/05\/BREF-2024-2-1-300x225.jpg 300w, https:\/\/www.eren.ch\/joran\/wp-content\/uploads\/sites\/17\/2025\/05\/BREF-2024-2-1-1024x768.jpg 1024w, https:\/\/www.eren.ch\/joran\/wp-content\/uploads\/sites\/17\/2025\/05\/BREF-2024-2-1-768x576.jpg 768w, https:\/\/www.eren.ch\/joran\/wp-content\/uploads\/sites\/17\/2025\/05\/BREF-2024-2-1-1536x1152.jpg 1536w, https:\/\/www.eren.ch\/joran\/wp-content\/uploads\/sites\/17\/2025\/05\/BREF-2024-2-1-1200x900.jpg 1200w\" sizes=\"auto, (max-width: 709px) 85vw, (max-width: 909px) 67vw, (max-width: 1362px) 62vw, 840px\" \/><figcaption class=\"wp-element-caption\">Rencontre du Festival BREF en novembre 2024 \u00e0 Morges<\/figcaption><\/figure>\n\n\n\n<p>Les paroisses de<a href=\"https:\/\/www.eren.ch\/barc\/\"> La BARC<\/a>, du Joran et de <a href=\"https:\/\/www.eren.ch\/vdt\">Val-de-Travers<\/a> sont heureuses deproposer aux jeunes de<strong> 11H <\/strong>un tel cat\u00e9chisme. Anim\u00e9 par des jeunes, le KT permet aux ados de confronter leurs id\u00e9es et leurs questionnements, d&rsquo;aborder des sujets importants sous un angle diff\u00e9rent, de s\u2019ouvrir \u00e0 la spiritualit\u00e9 et de d\u00e9velopper des comp\u00e9tences humaines de vivre-ensemble dans un cadre ouvert, respectueux de chacun\u00b7e et convivial.<\/p>\n\n\n\n<h2 class=\"wp-block-heading has-bright-red-color has-text-color has-link-color wp-elements-08e012437a1345c7f8f7bfdce7547bca\">Une soir\u00e9e d\u00e9couverte du KT<\/h2>\n\n\n\n<p>Nous invitons toute personne (parent et\/ou ado) int\u00e9ress\u00e9e ou curieuse de d\u00e9couvrir le cat\u00e9chisme \u00e0 participer \u00e0 la soir\u00e9e d\u00e9couverte le:<\/p>\n\n\n\n<figure class=\"wp-block-image size-large\"><img loading=\"lazy\" decoding=\"async\" width=\"722\" height=\"1024\" src=\"https:\/\/www.eren.ch\/joran\/wp-content\/uploads\/sites\/17\/2025\/09\/Flyer-KT-Barc-Joran-2025-2026-digital_page-0001-722x1024.jpg\" alt=\"\" class=\"wp-image-8324\" srcset=\"https:\/\/www.eren.ch\/joran\/wp-content\/uploads\/sites\/17\/2025\/09\/Flyer-KT-Barc-Joran-2025-2026-digital_page-0001-722x1024.jpg 722w, https:\/\/www.eren.ch\/joran\/wp-content\/uploads\/sites\/17\/2025\/09\/Flyer-KT-Barc-Joran-2025-2026-digital_page-0001-212x300.jpg 212w, https:\/\/www.eren.ch\/joran\/wp-content\/uploads\/sites\/17\/2025\/09\/Flyer-KT-Barc-Joran-2025-2026-digital_page-0001-768x1089.jpg 768w, https:\/\/www.eren.ch\/joran\/wp-content\/uploads\/sites\/17\/2025\/09\/Flyer-KT-Barc-Joran-2025-2026-digital_page-0001.jpg 875w\" sizes=\"auto, (max-width: 722px) 85vw, 722px\" \/><\/figure>\n\n\n\n<p class=\"has-text-align-center\"><strong>MARDI 30 SEPTEMBRE de 19h00 \u00e0 21h00 <br>\u00e0 la maison de paroisse de Cortaillod (place du Temple 17)<\/strong><\/p>\n\n\n\n<p>sans inscription ni engagement.<\/p>\n\n\n\n<ul class=\"wp-block-list\">\n<li><a href=\"https:\/\/www.eren.ch\/joran\/wp-content\/uploads\/sites\/17\/2025\/09\/Courrier-lancement-jeunes-KT-Barc-Joran-2025-2026-1.pdf\">Courrier de lancement adress\u00e9 aux jeunes<\/a><\/li>\n<\/ul>\n\n\n\n<ul class=\"wp-block-list\">\n<li><a href=\"https:\/\/www.eren.ch\/joran\/wp-content\/uploads\/sites\/17\/2025\/09\/Courrier-lancement-parents-KT-Barc-Joran-2025-2026-1.pdf\">Courrier de lancement adress\u00e9 aux parents<\/a><\/li>\n<\/ul>\n\n\n\n<h2 class=\"wp-block-heading has-bright-red-color has-text-color has-link-color wp-elements-d28b0f4be6b88e058fd7979978821cb4\" id=\"h-dates-a-retenir\">Dates \u00e0 retenir :<\/h2>\n\n\n\n<ul class=\"wp-block-list\">\n<li>Samedi 1er et dimanche 2 novembre. Week-end de lancement et culte d&rsquo;accueil<\/li>\n\n\n\n<li>Mardi 11 novembre<\/li>\n\n\n\n<li>Samedi 13 d\u00e9cembre<\/li>\n\n\n\n<li>Mardi 20 janvier<\/li>\n\n\n\n<li>Dimanche 15 f\u00e9vrier. Apr\u00e8s-midi et culte du soir<\/li>\n\n\n\n<li>Samedi 7 et dimanche 8 mars. Week-end de printemps<\/li>\n\n\n\n<li>Jeudi 2 avril<\/li>\n\n\n\n<li>Du mercredi 13 au dimanche 17 mai. Camp de La B\u00e9gude<\/li>\n\n\n\n<li>Dimanche 24 mai, Pentec\u00f4te. Culte de f\u00eate<\/li>\n<\/ul>\n\n\n\n<h2 class=\"wp-block-heading has-bright-red-color has-text-color has-link-color wp-elements-c60cda13c2db5535618be48bda05cf7a\" id=\"h-cout-du-kt\">Co\u00fbt du KT<\/h2>\n\n\n\n<p>On aime \u00e0 dire que \u00ab\u00a0Le KT, \u00e7a n&rsquo;a pas de prix&#8230; Mais un co\u00fbt !\u00a0\u00bb <\/p>\n\n\n\n<p>Une participation financi\u00e8re de&nbsp;<strong>CHF 300.-<\/strong>&nbsp;est demand\u00e9e par cat\u00e9chum\u00e8ne, payable en plusieurs fois. Si cette somme pose probl\u00e8me, un arrangement est toujours possible. Adressez-vous aux pasteur\u00b7es et diacres, discr\u00e9tion garantie.<br><strong>Ne renoncez pas pour des raisons financi\u00e8res !<\/strong><\/p>\n\n\n\n<p>Les professionnels (pasteur\u00b7e, diacre et animateur) sont salari\u00e9s gr\u00e2ce \u00e0 la contribution eccl\u00e9siastique volontaire dans le canton de Neuch\u00e2tel (imp\u00f4t d\u2019\u00c9glise) et de nombreux b\u00e9n\u00e9voles donnent gratuitement de leur temps. C\u2019est avec plaisir que l\u2019\u00c9glise travaille pour les jeunes. Elle compte sur l\u2019engagement b\u00e9n\u00e9vole des familles pour certaines activit\u00e9s ainsi que sur le versement de la contribution eccl\u00e9siastique pour pouvoir continuer sa t\u00e2che au service de toutes et tous.<\/p>\n\n\n\n<div class=\"wp-block-buttons is-content-justification-center is-layout-flex wp-container-core-buttons-is-layout-16018d1d wp-block-buttons-is-layout-flex\">\n<div class=\"wp-block-button\"><a class=\"wp-block-button__link has-text-align-center wp-element-button\" href=\"https:\/\/framaforms.org\/inscription-au-kt-la-barc-joran-val-de-travers-1755783893\">Inscription au KT 2025-2026<\/a><\/div>\n<\/div>\n\n\n\n<h2 class=\"wp-block-heading has-bright-red-color has-text-color has-link-color wp-elements-ea2ad64e97f20949073686c1034a2fe6\" id=\"h-camp-et-fete-du-kt\" style=\"font-size:26px\"><strong>Camp et f\u00eate du KT <\/strong><\/h2>\n\n\n\n<p><strong> Du jeudi 14 au dimanche 17 mai 2026<\/strong>, pendant le cong\u00e9 de l&rsquo;Ascension, le KT vivra son traditionnel camp de La B\u00e9gude.<\/p>\n\n\n\n<p><strong>Dimanche de Pentec\u00f4te 24 mai,<\/strong> les familles des jeunes, entour\u00e9es des paroisses de La BARC et du Joran, se retrouveront pour la f\u00eate du KT, c\u00e9l\u00e9bration festive, s\u2019il en est&nbsp;! R\u00e9unissant familles et amis, moniteurs de l\u2019\u00c9toile, professionnel-le-s et paroissien-ne-s, ce culte marquera le retour du camp de La B\u00e9gude. C\u2019est un moment fort et attendu&nbsp;!<\/p>\n\n\n\n<h2 class=\"wp-block-heading has-bright-red-color has-text-color has-link-color wp-elements-b36d4ceb891e508fe6ee62587bd9ef0d\" id=\"h-contact-amp-questions\">Contact &amp; questions<\/h2>\n\n\n\n<p>Pour toutes questions, il suffit de contacter :<\/p>\n\n\n\n<div class=\"wp-block-media-text is-stacked-on-mobile\" style=\"grid-template-columns:40% auto\"><figure class=\"wp-block-media-text__media\"><img decoding=\"async\" src=\"https:\/\/www.eren.ch\/siaj\/wp-content\/uploads\/sites\/26\/2025\/09\/leresche-jean-marc-c.jpg\" alt=\"\" \/><\/figure><div class=\"wp-block-media-text__content\">\n<p><strong>Jean-Marc Leresche<br><\/strong>diacre<br>+41 79 655 73 09<br>jean-marc.leresche@eren.ch<\/p>\n<\/div><\/div>\n\n\n\n<div class=\"wp-block-media-text is-stacked-on-mobile\" style=\"grid-template-columns:40% auto\"><figure class=\"wp-block-media-text__media\"><img decoding=\"async\" src=\"https:\/\/www.eren.ch\/siaj\/wp-content\/uploads\/sites\/26\/2025\/09\/weiss-micha-c.jpg\" alt=\"\" \/><\/figure><div class=\"wp-block-media-text__content\">\n<p><strong>Micha Weiss<br><\/strong>pasteur<br>+41 78 639 04 97<br>micha.weiss@eren.ch<\/p>\n<\/div><\/div>\n\n\n\n<p>Le KT fait partie du Service interparoissial de l&rsquo;accompagnement de la jeunesse (SIAJ)<\/p>\n\n\n\n<h2 class=\"wp-block-heading has-bright-red-color has-text-color has-link-color wp-elements-cdafd7d8621e0b38fedd5623546e77a6\" id=\"h-voir-aussi\">Voir aussi :<\/h2>\n\n\n\n<ul class=\"wp-block-list\">\n<li><a href=\"https:\/\/www.eren.ch\/joran\/jeunesse-familles\/eveil-a-la-foi\/\">\u00c9veil \u00e0 la foi<\/a><\/li>\n\n\n\n<li><a href=\"https:\/\/www.eren.ch\/joran\/jeunesse-familles\/culte-de-lenfance\/\">Culte de l\u2019enfance<\/a><\/li>\n\n\n\n<li><a href=\"https:\/\/www.eren.ch\/joran\/jeunesse-familles\/passeport-cate\/\">Passeport KT 2025-2026<\/a><\/li>\n\n\n\n<li><a href=\"https:\/\/www.eren.ch\/joran\/siaj\/\">Service interparoissial de l&rsquo;accompagnement de la jeunesse<\/a><\/li>\n<\/ul>\n","protected":false},"excerpt":{"rendered":"<p>Le KT en quelques mots Aborder les questions religieuses de mani\u00e8re ouverte et avec discernement est une priorit\u00e9 aujourd\u2019hui. La religion est souvent li\u00e9e \u00e0 l\u2019actualit\u00e9, en cons\u00e9quence il est important d\u2019offrir aux jeunes la possibilit\u00e9 de se questionner et appr\u00e9hender les questions de foi dans le respect de chacune et chacun. Les paroisses de &hellip; <a href=\"https:\/\/www.eren.ch\/joran\/jeunesse-familles\/catechisme\/\" class=\"more-link\">Continuer la lecture<span class=\"screen-reader-text\"> de &laquo;&nbsp;Cat\u00e9chisme 2025-2026&nbsp;&raquo;<\/span><\/a><\/p>\n","protected":false},"author":32,"featured_media":7643,"parent":11,"menu_order":20,"comment_status":"closed","ping_status":"closed","template":"","meta":{"footnotes":""},"class_list":["post-29","page","type-page","status-publish","has-post-thumbnail","hentry"],"yoast_head":"<!-- This site is optimized with the Yoast SEO Premium plugin v27.4 (Yoast SEO v27.4) - https:\/\/yoast.com\/product\/yoast-seo-premium-wordpress\/ -->\n<title>Cat\u00e9chisme 2025-2026 - Paroisse du Joran<\/title>\n<meta name=\"robots\" content=\"index, follow, max-snippet:-1, max-image-preview:large, max-video-preview:-1\" \/>\n<link rel=\"canonical\" href=\"https:\/\/www.eren.ch\/joran\/jeunesse-familles\/catechisme\/\" \/>\n<meta property=\"og:locale\" content=\"fr_FR\" \/>\n<meta property=\"og:type\" content=\"article\" \/>\n<meta property=\"og:title\" content=\"Cat\u00e9chisme 2025-2026\" \/>\n<meta property=\"og:description\" content=\"Le KT en quelques mots Aborder les questions religieuses de mani\u00e8re ouverte et avec discernement est une priorit\u00e9 aujourd\u2019hui. La religion est souvent li\u00e9e \u00e0 l\u2019actualit\u00e9, en cons\u00e9quence il est important d\u2019offrir aux jeunes la possibilit\u00e9 de se questionner et appr\u00e9hender les questions de foi dans le respect de chacune et chacun. Les paroisses de &hellip; Continuer la lecture de &laquo;&nbsp;Cat\u00e9chisme 2025-2026&nbsp;&raquo;\" \/>\n<meta property=\"og:url\" content=\"https:\/\/www.eren.ch\/joran\/jeunesse-familles\/catechisme\/\" \/>\n<meta property=\"og:site_name\" content=\"Paroisse du Joran\" \/>\n<meta property=\"article:modified_time\" content=\"2026-04-16T06:32:42+00:00\" \/>\n<meta property=\"og:image\" content=\"https:\/\/www.eren.ch\/joran\/wp-content\/uploads\/sites\/17\/2025\/06\/IMG-20250610-WA0001-e1770717498197.jpg\" \/>\n\t<meta property=\"og:image:width\" content=\"1477\" \/>\n\t<meta property=\"og:image:height\" content=\"628\" \/>\n\t<meta property=\"og:image:type\" content=\"image\/jpeg\" \/>\n<meta name=\"twitter:card\" content=\"summary_large_image\" \/>\n<meta name=\"twitter:label1\" content=\"Dur\u00e9e de lecture estim\u00e9e\" \/>\n\t<meta name=\"twitter:data1\" content=\"4 minutes\" \/>\n<script type=\"application\/ld+json\" class=\"yoast-schema-graph\">{\"@context\":\"https:\\\/\\\/schema.org\",\"@graph\":[{\"@type\":\"WebPage\",\"@id\":\"https:\\\/\\\/www.eren.ch\\\/joran\\\/jeunesse-familles\\\/catechisme\\\/\",\"url\":\"https:\\\/\\\/www.eren.ch\\\/joran\\\/jeunesse-familles\\\/catechisme\\\/\",\"name\":\"Cat\u00e9chisme 2025-2026 - Paroisse du Joran\",\"isPartOf\":{\"@id\":\"https:\\\/\\\/www.eren.ch\\\/joran\\\/#website\"},\"primaryImageOfPage\":{\"@id\":\"https:\\\/\\\/www.eren.ch\\\/joran\\\/jeunesse-familles\\\/catechisme\\\/#primaryimage\"},\"image\":{\"@id\":\"https:\\\/\\\/www.eren.ch\\\/joran\\\/jeunesse-familles\\\/catechisme\\\/#primaryimage\"},\"thumbnailUrl\":\"https:\\\/\\\/www.eren.ch\\\/joran\\\/wp-content\\\/uploads\\\/sites\\\/17\\\/2025\\\/06\\\/IMG-20250610-WA0001-e1770717498197.jpg\",\"datePublished\":\"2022-03-24T09:46:30+00:00\",\"dateModified\":\"2026-04-16T06:32:42+00:00\",\"breadcrumb\":{\"@id\":\"https:\\\/\\\/www.eren.ch\\\/joran\\\/jeunesse-familles\\\/catechisme\\\/#breadcrumb\"},\"inLanguage\":\"fr-FR\",\"potentialAction\":[{\"@type\":\"ReadAction\",\"target\":[\"https:\\\/\\\/www.eren.ch\\\/joran\\\/jeunesse-familles\\\/catechisme\\\/\"]}]},{\"@type\":\"ImageObject\",\"inLanguage\":\"fr-FR\",\"@id\":\"https:\\\/\\\/www.eren.ch\\\/joran\\\/jeunesse-familles\\\/catechisme\\\/#primaryimage\",\"url\":\"https:\\\/\\\/www.eren.ch\\\/joran\\\/wp-content\\\/uploads\\\/sites\\\/17\\\/2025\\\/06\\\/IMG-20250610-WA0001-e1770717498197.jpg\",\"contentUrl\":\"https:\\\/\\\/www.eren.ch\\\/joran\\\/wp-content\\\/uploads\\\/sites\\\/17\\\/2025\\\/06\\\/IMG-20250610-WA0001-e1770717498197.jpg\",\"width\":1477,\"height\":628,\"caption\":\"Le KT 2025-2026\"},{\"@type\":\"BreadcrumbList\",\"@id\":\"https:\\\/\\\/www.eren.ch\\\/joran\\\/jeunesse-familles\\\/catechisme\\\/#breadcrumb\",\"itemListElement\":[{\"@type\":\"ListItem\",\"position\":1,\"name\":\"Accueil\",\"item\":\"https:\\\/\\\/www.eren.ch\\\/joran\\\/\"},{\"@type\":\"ListItem\",\"position\":2,\"name\":\"Jeunesse &amp; familles\",\"item\":\"https:\\\/\\\/www.eren.ch\\\/joran\\\/jeunesse-familles\\\/\"},{\"@type\":\"ListItem\",\"position\":3,\"name\":\"Cat\u00e9chisme 2025-2026\"}]},{\"@type\":\"WebSite\",\"@id\":\"https:\\\/\\\/www.eren.ch\\\/joran\\\/#website\",\"url\":\"https:\\\/\\\/www.eren.ch\\\/joran\\\/\",\"name\":\"Paroisse du Joran\",\"description\":\"Boudry, Cortaillod et La Grande B\u00e9roche\",\"publisher\":{\"@id\":\"https:\\\/\\\/www.eren.ch\\\/joran\\\/#organization\"},\"potentialAction\":[{\"@type\":\"SearchAction\",\"target\":{\"@type\":\"EntryPoint\",\"urlTemplate\":\"https:\\\/\\\/www.eren.ch\\\/joran\\\/?s={search_term_string}\"},\"query-input\":{\"@type\":\"PropertyValueSpecification\",\"valueRequired\":true,\"valueName\":\"search_term_string\"}}],\"inLanguage\":\"fr-FR\"},{\"@type\":\"Organization\",\"@id\":\"https:\\\/\\\/www.eren.ch\\\/joran\\\/#organization\",\"name\":\"Paroisse du Joran\",\"url\":\"https:\\\/\\\/www.eren.ch\\\/joran\\\/\",\"logo\":{\"@type\":\"ImageObject\",\"inLanguage\":\"fr-FR\",\"@id\":\"https:\\\/\\\/www.eren.ch\\\/joran\\\/#\\\/schema\\\/logo\\\/image\\\/\",\"url\":\"https:\\\/\\\/www.eren.ch\\\/joran\\\/wp-content\\\/uploads\\\/sites\\\/17\\\/2022\\\/11\\\/logo-joran.png\",\"contentUrl\":\"https:\\\/\\\/www.eren.ch\\\/joran\\\/wp-content\\\/uploads\\\/sites\\\/17\\\/2022\\\/11\\\/logo-joran.png\",\"width\":240,\"height\":117,\"caption\":\"Paroisse du Joran\"},\"image\":{\"@id\":\"https:\\\/\\\/www.eren.ch\\\/joran\\\/#\\\/schema\\\/logo\\\/image\\\/\"}}]}<\/script>\n<!-- \/ Yoast SEO Premium plugin. -->","yoast_head_json":{"title":"Cat\u00e9chisme 2025-2026 - Paroisse du Joran","robots":{"index":"index","follow":"follow","max-snippet":"max-snippet:-1","max-image-preview":"max-image-preview:large","max-video-preview":"max-video-preview:-1"},"canonical":"https:\/\/www.eren.ch\/joran\/jeunesse-familles\/catechisme\/","og_locale":"fr_FR","og_type":"article","og_title":"Cat\u00e9chisme 2025-2026","og_description":"Le KT en quelques mots Aborder les questions religieuses de mani\u00e8re ouverte et avec discernement est une priorit\u00e9 aujourd\u2019hui. La religion est souvent li\u00e9e \u00e0 l\u2019actualit\u00e9, en cons\u00e9quence il est important d\u2019offrir aux jeunes la possibilit\u00e9 de se questionner et appr\u00e9hender les questions de foi dans le respect de chacune et chacun. Les paroisses de &hellip; Continuer la lecture de &laquo;&nbsp;Cat\u00e9chisme 2025-2026&nbsp;&raquo;","og_url":"https:\/\/www.eren.ch\/joran\/jeunesse-familles\/catechisme\/","og_site_name":"Paroisse du Joran","article_modified_time":"2026-04-16T06:32:42+00:00","og_image":[{"width":1477,"height":628,"url":"https:\/\/www.eren.ch\/joran\/wp-content\/uploads\/sites\/17\/2025\/06\/IMG-20250610-WA0001-e1770717498197.jpg","type":"image\/jpeg"}],"twitter_card":"summary_large_image","twitter_misc":{"Dur\u00e9e de lecture estim\u00e9e":"4 minutes"},"schema":{"@context":"https:\/\/schema.org","@graph":[{"@type":"WebPage","@id":"https:\/\/www.eren.ch\/joran\/jeunesse-familles\/catechisme\/","url":"https:\/\/www.eren.ch\/joran\/jeunesse-familles\/catechisme\/","name":"Cat\u00e9chisme 2025-2026 - Paroisse du Joran","isPartOf":{"@id":"https:\/\/www.eren.ch\/joran\/#website"},"primaryImageOfPage":{"@id":"https:\/\/www.eren.ch\/joran\/jeunesse-familles\/catechisme\/#primaryimage"},"image":{"@id":"https:\/\/www.eren.ch\/joran\/jeunesse-familles\/catechisme\/#primaryimage"},"thumbnailUrl":"https:\/\/www.eren.ch\/joran\/wp-content\/uploads\/sites\/17\/2025\/06\/IMG-20250610-WA0001-e1770717498197.jpg","datePublished":"2022-03-24T09:46:30+00:00","dateModified":"2026-04-16T06:32:42+00:00","breadcrumb":{"@id":"https:\/\/www.eren.ch\/joran\/jeunesse-familles\/catechisme\/#breadcrumb"},"inLanguage":"fr-FR","potentialAction":[{"@type":"ReadAction","target":["https:\/\/www.eren.ch\/joran\/jeunesse-familles\/catechisme\/"]}]},{"@type":"ImageObject","inLanguage":"fr-FR","@id":"https:\/\/www.eren.ch\/joran\/jeunesse-familles\/catechisme\/#primaryimage","url":"https:\/\/www.eren.ch\/joran\/wp-content\/uploads\/sites\/17\/2025\/06\/IMG-20250610-WA0001-e1770717498197.jpg","contentUrl":"https:\/\/www.eren.ch\/joran\/wp-content\/uploads\/sites\/17\/2025\/06\/IMG-20250610-WA0001-e1770717498197.jpg","width":1477,"height":628,"caption":"Le KT 2025-2026"},{"@type":"BreadcrumbList","@id":"https:\/\/www.eren.ch\/joran\/jeunesse-familles\/catechisme\/#breadcrumb","itemListElement":[{"@type":"ListItem","position":1,"name":"Accueil","item":"https:\/\/www.eren.ch\/joran\/"},{"@type":"ListItem","position":2,"name":"Jeunesse &amp; familles","item":"https:\/\/www.eren.ch\/joran\/jeunesse-familles\/"},{"@type":"ListItem","position":3,"name":"Cat\u00e9chisme 2025-2026"}]},{"@type":"WebSite","@id":"https:\/\/www.eren.ch\/joran\/#website","url":"https:\/\/www.eren.ch\/joran\/","name":"Paroisse du Joran","description":"Boudry, Cortaillod et La Grande B\u00e9roche","publisher":{"@id":"https:\/\/www.eren.ch\/joran\/#organization"},"potentialAction":[{"@type":"SearchAction","target":{"@type":"EntryPoint","urlTemplate":"https:\/\/www.eren.ch\/joran\/?s={search_term_string}"},"query-input":{"@type":"PropertyValueSpecification","valueRequired":true,"valueName":"search_term_string"}}],"inLanguage":"fr-FR"},{"@type":"Organization","@id":"https:\/\/www.eren.ch\/joran\/#organization","name":"Paroisse du Joran","url":"https:\/\/www.eren.ch\/joran\/","logo":{"@type":"ImageObject","inLanguage":"fr-FR","@id":"https:\/\/www.eren.ch\/joran\/#\/schema\/logo\/image\/","url":"https:\/\/www.eren.ch\/joran\/wp-content\/uploads\/sites\/17\/2022\/11\/logo-joran.png","contentUrl":"https:\/\/www.eren.ch\/joran\/wp-content\/uploads\/sites\/17\/2022\/11\/logo-joran.png","width":240,"height":117,"caption":"Paroisse du Joran"},"image":{"@id":"https:\/\/www.eren.ch\/joran\/#\/schema\/logo\/image\/"}}]}},"_links":{"self":[{"href":"https:\/\/www.eren.ch\/joran\/wp-json\/wp\/v2\/pages\/29","targetHints":{"allow":["GET"]}}],"collection":[{"href":"https:\/\/www.eren.ch\/joran\/wp-json\/wp\/v2\/pages"}],"about":[{"href":"https:\/\/www.eren.ch\/joran\/wp-json\/wp\/v2\/types\/page"}],"author":[{"embeddable":true,"href":"https:\/\/www.eren.ch\/joran\/wp-json\/wp\/v2\/users\/32"}],"replies":[{"embeddable":true,"href":"https:\/\/www.eren.ch\/joran\/wp-json\/wp\/v2\/comments?post=29"}],"version-history":[{"count":1,"href":"https:\/\/www.eren.ch\/joran\/wp-json\/wp\/v2\/pages\/29\/revisions"}],"predecessor-version":[{"id":10113,"href":"https:\/\/www.eren.ch\/joran\/wp-json\/wp\/v2\/pages\/29\/revisions\/10113"}],"up":[{"embeddable":true,"href":"https:\/\/www.eren.ch\/joran\/wp-json\/wp\/v2\/pages\/11"}],"wp:featuredmedia":[{"embeddable":true,"href":"https:\/\/www.eren.ch\/joran\/wp-json\/wp\/v2\/media\/7643"}],"wp:attachment":[{"href":"https:\/\/www.eren.ch\/joran\/wp-json\/wp\/v2\/media?parent=29"}],"curies":[{"name":"wp","href":"https:\/\/api.w.org\/{rel}","templated":true}]}}