{"id":30,"date":"2022-03-24T10:46:30","date_gmt":"2022-03-24T09:46:30","guid":{"rendered":"https:\/\/www.eren.ch\/joran\/jeunesse-familles\/etoile-post-kt\/"},"modified":"2026-02-26T11:32:37","modified_gmt":"2026-02-26T10:32:37","slug":"etoile-post-kt","status":"publish","type":"page","link":"https:\/\/www.eren.ch\/joran\/jeunesse-familles\/etoile-post-kt\/","title":{"rendered":"\u00c9toile (post-KT)"},"content":{"rendered":"\n<p><strong>Pour les ados et les jeunes adultes de 15 ans et plus<\/strong><\/p>\n\n\n\n<p>Des rencontres ponctuelles pour \u00e9changer, partager, progresser ensemble sur le chemin de la foi et des projets \u00e0 construire ensemble. Les jeunes ont la possibilit\u00e9 de participer \u00e0 diverses activit\u00e9s de la paroisse ainsi que de suivre une formation de moniteurs-trices et d\u2019animer le cat\u00e9chisme.<\/p>\n\n\n\n<h2 class=\"wp-block-heading\" id=\"h-la-formation-jef-jac-pour-devenir-moniteur-trice-de-catechisme\">La formation JEF-JAC pour devenir moniteur-trice de cat\u00e9chisme<\/h2>\n\n\n\n<p>Des modules de formation en compl\u00e9ment de l\u2019engagement dans l\u2019animation des rencontres du Passeport KT ou du KT permettent aux jeunes d\u2019obtenir un dipl\u00f4me de moniteur-trice de cat\u00e9chisme.<\/p>\n\n\n\n<p><strong>Contact:<\/strong>&nbsp;Sarah Platz, animatrice jeunesse,&nbsp;<a href=\"mailto:sarah.platz@icloud.com\">sarah.platz@icloud.com<\/a>, 078 406 01 9090<\/p>\n\n\n\n<p><\/p>\n","protected":false},"excerpt":{"rendered":"<p>Pour les ados et les jeunes adultes de 15 ans et plus Des rencontres ponctuelles pour \u00e9changer, partager, progresser ensemble sur le chemin de la foi et des projets \u00e0 construire ensemble. Les jeunes ont la possibilit\u00e9 de participer \u00e0 diverses activit\u00e9s de la paroisse ainsi que de suivre une formation de moniteurs-trices et d\u2019animer &hellip; <a href=\"https:\/\/www.eren.ch\/joran\/jeunesse-familles\/etoile-post-kt\/\" class=\"more-link\">Continuer la lecture<span class=\"screen-reader-text\"> de &laquo;&nbsp;\u00c9toile (post-KT)&nbsp;&raquo;<\/span><\/a><\/p>\n","protected":false},"author":32,"featured_media":0,"parent":11,"menu_order":21,"comment_status":"closed","ping_status":"closed","template":"","meta":{"footnotes":""},"class_list":["post-30","page","type-page","status-publish","hentry"],"yoast_head":"<!-- This site is optimized with the Yoast SEO Premium plugin v27.4 (Yoast SEO v27.4) - https:\/\/yoast.com\/product\/yoast-seo-premium-wordpress\/ -->\n<title>\u00c9toile (post-KT) - Paroisse du Joran<\/title>\n<meta name=\"robots\" content=\"index, follow, max-snippet:-1, max-image-preview:large, max-video-preview:-1\" \/>\n<link rel=\"canonical\" href=\"https:\/\/www.eren.ch\/joran\/jeunesse-familles\/etoile-post-kt\/\" \/>\n<meta property=\"og:locale\" content=\"fr_FR\" \/>\n<meta property=\"og:type\" content=\"article\" \/>\n<meta property=\"og:title\" content=\"\u00c9toile (post-KT)\" \/>\n<meta property=\"og:description\" content=\"Pour les ados et les jeunes adultes de 15 ans et plus Des rencontres ponctuelles pour \u00e9changer, partager, progresser ensemble sur le chemin de la foi et des projets \u00e0 construire ensemble. Les jeunes ont la possibilit\u00e9 de participer \u00e0 diverses activit\u00e9s de la paroisse ainsi que de suivre une formation de moniteurs-trices et d\u2019animer &hellip; Continuer la lecture de &laquo;&nbsp;\u00c9toile (post-KT)&nbsp;&raquo;\" \/>\n<meta property=\"og:url\" content=\"https:\/\/www.eren.ch\/joran\/jeunesse-familles\/etoile-post-kt\/\" \/>\n<meta property=\"og:site_name\" content=\"Paroisse du Joran\" \/>\n<meta property=\"article:modified_time\" content=\"2026-02-26T10:32:37+00:00\" \/>\n<meta name=\"twitter:card\" content=\"summary_large_image\" \/>\n<meta name=\"twitter:label1\" content=\"Dur\u00e9e de lecture estim\u00e9e\" \/>\n\t<meta name=\"twitter:data1\" content=\"1 minute\" \/>\n<script type=\"application\/ld+json\" class=\"yoast-schema-graph\">{\"@context\":\"https:\\\/\\\/schema.org\",\"@graph\":[{\"@type\":\"WebPage\",\"@id\":\"https:\\\/\\\/www.eren.ch\\\/joran\\\/jeunesse-familles\\\/etoile-post-kt\\\/\",\"url\":\"https:\\\/\\\/www.eren.ch\\\/joran\\\/jeunesse-familles\\\/etoile-post-kt\\\/\",\"name\":\"\u00c9toile (post-KT) - Paroisse du Joran\",\"isPartOf\":{\"@id\":\"https:\\\/\\\/www.eren.ch\\\/joran\\\/#website\"},\"datePublished\":\"2022-03-24T09:46:30+00:00\",\"dateModified\":\"2026-02-26T10:32:37+00:00\",\"breadcrumb\":{\"@id\":\"https:\\\/\\\/www.eren.ch\\\/joran\\\/jeunesse-familles\\\/etoile-post-kt\\\/#breadcrumb\"},\"inLanguage\":\"fr-FR\",\"potentialAction\":[{\"@type\":\"ReadAction\",\"target\":[\"https:\\\/\\\/www.eren.ch\\\/joran\\\/jeunesse-familles\\\/etoile-post-kt\\\/\"]}]},{\"@type\":\"BreadcrumbList\",\"@id\":\"https:\\\/\\\/www.eren.ch\\\/joran\\\/jeunesse-familles\\\/etoile-post-kt\\\/#breadcrumb\",\"itemListElement\":[{\"@type\":\"ListItem\",\"position\":1,\"name\":\"Accueil\",\"item\":\"https:\\\/\\\/www.eren.ch\\\/joran\\\/\"},{\"@type\":\"ListItem\",\"position\":2,\"name\":\"Jeunesse &amp; familles\",\"item\":\"https:\\\/\\\/www.eren.ch\\\/joran\\\/jeunesse-familles\\\/\"},{\"@type\":\"ListItem\",\"position\":3,\"name\":\"\u00c9toile (post-KT)\"}]},{\"@type\":\"WebSite\",\"@id\":\"https:\\\/\\\/www.eren.ch\\\/joran\\\/#website\",\"url\":\"https:\\\/\\\/www.eren.ch\\\/joran\\\/\",\"name\":\"Paroisse du Joran\",\"description\":\"Boudry, Cortaillod et La Grande B\u00e9roche\",\"publisher\":{\"@id\":\"https:\\\/\\\/www.eren.ch\\\/joran\\\/#organization\"},\"potentialAction\":[{\"@type\":\"SearchAction\",\"target\":{\"@type\":\"EntryPoint\",\"urlTemplate\":\"https:\\\/\\\/www.eren.ch\\\/joran\\\/?s={search_term_string}\"},\"query-input\":{\"@type\":\"PropertyValueSpecification\",\"valueRequired\":true,\"valueName\":\"search_term_string\"}}],\"inLanguage\":\"fr-FR\"},{\"@type\":\"Organization\",\"@id\":\"https:\\\/\\\/www.eren.ch\\\/joran\\\/#organization\",\"name\":\"Paroisse du Joran\",\"url\":\"https:\\\/\\\/www.eren.ch\\\/joran\\\/\",\"logo\":{\"@type\":\"ImageObject\",\"inLanguage\":\"fr-FR\",\"@id\":\"https:\\\/\\\/www.eren.ch\\\/joran\\\/#\\\/schema\\\/logo\\\/image\\\/\",\"url\":\"https:\\\/\\\/www.eren.ch\\\/joran\\\/wp-content\\\/uploads\\\/sites\\\/17\\\/2022\\\/11\\\/logo-joran.png\",\"contentUrl\":\"https:\\\/\\\/www.eren.ch\\\/joran\\\/wp-content\\\/uploads\\\/sites\\\/17\\\/2022\\\/11\\\/logo-joran.png\",\"width\":240,\"height\":117,\"caption\":\"Paroisse du Joran\"},\"image\":{\"@id\":\"https:\\\/\\\/www.eren.ch\\\/joran\\\/#\\\/schema\\\/logo\\\/image\\\/\"}}]}<\/script>\n<!-- \/ Yoast SEO Premium plugin. -->","yoast_head_json":{"title":"\u00c9toile (post-KT) - Paroisse du Joran","robots":{"index":"index","follow":"follow","max-snippet":"max-snippet:-1","max-image-preview":"max-image-preview:large","max-video-preview":"max-video-preview:-1"},"canonical":"https:\/\/www.eren.ch\/joran\/jeunesse-familles\/etoile-post-kt\/","og_locale":"fr_FR","og_type":"article","og_title":"\u00c9toile (post-KT)","og_description":"Pour les ados et les jeunes adultes de 15 ans et plus Des rencontres ponctuelles pour \u00e9changer, partager, progresser ensemble sur le chemin de la foi et des projets \u00e0 construire ensemble. Les jeunes ont la possibilit\u00e9 de participer \u00e0 diverses activit\u00e9s de la paroisse ainsi que de suivre une formation de moniteurs-trices et d\u2019animer &hellip; Continuer la lecture de &laquo;&nbsp;\u00c9toile (post-KT)&nbsp;&raquo;","og_url":"https:\/\/www.eren.ch\/joran\/jeunesse-familles\/etoile-post-kt\/","og_site_name":"Paroisse du Joran","article_modified_time":"2026-02-26T10:32:37+00:00","twitter_card":"summary_large_image","twitter_misc":{"Dur\u00e9e de lecture estim\u00e9e":"1 minute"},"schema":{"@context":"https:\/\/schema.org","@graph":[{"@type":"WebPage","@id":"https:\/\/www.eren.ch\/joran\/jeunesse-familles\/etoile-post-kt\/","url":"https:\/\/www.eren.ch\/joran\/jeunesse-familles\/etoile-post-kt\/","name":"\u00c9toile (post-KT) - Paroisse du Joran","isPartOf":{"@id":"https:\/\/www.eren.ch\/joran\/#website"},"datePublished":"2022-03-24T09:46:30+00:00","dateModified":"2026-02-26T10:32:37+00:00","breadcrumb":{"@id":"https:\/\/www.eren.ch\/joran\/jeunesse-familles\/etoile-post-kt\/#breadcrumb"},"inLanguage":"fr-FR","potentialAction":[{"@type":"ReadAction","target":["https:\/\/www.eren.ch\/joran\/jeunesse-familles\/etoile-post-kt\/"]}]},{"@type":"BreadcrumbList","@id":"https:\/\/www.eren.ch\/joran\/jeunesse-familles\/etoile-post-kt\/#breadcrumb","itemListElement":[{"@type":"ListItem","position":1,"name":"Accueil","item":"https:\/\/www.eren.ch\/joran\/"},{"@type":"ListItem","position":2,"name":"Jeunesse &amp; familles","item":"https:\/\/www.eren.ch\/joran\/jeunesse-familles\/"},{"@type":"ListItem","position":3,"name":"\u00c9toile (post-KT)"}]},{"@type":"WebSite","@id":"https:\/\/www.eren.ch\/joran\/#website","url":"https:\/\/www.eren.ch\/joran\/","name":"Paroisse du Joran","description":"Boudry, Cortaillod et La Grande B\u00e9roche","publisher":{"@id":"https:\/\/www.eren.ch\/joran\/#organization"},"potentialAction":[{"@type":"SearchAction","target":{"@type":"EntryPoint","urlTemplate":"https:\/\/www.eren.ch\/joran\/?s={search_term_string}"},"query-input":{"@type":"PropertyValueSpecification","valueRequired":true,"valueName":"search_term_string"}}],"inLanguage":"fr-FR"},{"@type":"Organization","@id":"https:\/\/www.eren.ch\/joran\/#organization","name":"Paroisse du Joran","url":"https:\/\/www.eren.ch\/joran\/","logo":{"@type":"ImageObject","inLanguage":"fr-FR","@id":"https:\/\/www.eren.ch\/joran\/#\/schema\/logo\/image\/","url":"https:\/\/www.eren.ch\/joran\/wp-content\/uploads\/sites\/17\/2022\/11\/logo-joran.png","contentUrl":"https:\/\/www.eren.ch\/joran\/wp-content\/uploads\/sites\/17\/2022\/11\/logo-joran.png","width":240,"height":117,"caption":"Paroisse du Joran"},"image":{"@id":"https:\/\/www.eren.ch\/joran\/#\/schema\/logo\/image\/"}}]}},"_links":{"self":[{"href":"https:\/\/www.eren.ch\/joran\/wp-json\/wp\/v2\/pages\/30","targetHints":{"allow":["GET"]}}],"collection":[{"href":"https:\/\/www.eren.ch\/joran\/wp-json\/wp\/v2\/pages"}],"about":[{"href":"https:\/\/www.eren.ch\/joran\/wp-json\/wp\/v2\/types\/page"}],"author":[{"embeddable":true,"href":"https:\/\/www.eren.ch\/joran\/wp-json\/wp\/v2\/users\/32"}],"replies":[{"embeddable":true,"href":"https:\/\/www.eren.ch\/joran\/wp-json\/wp\/v2\/comments?post=30"}],"version-history":[{"count":0,"href":"https:\/\/www.eren.ch\/joran\/wp-json\/wp\/v2\/pages\/30\/revisions"}],"up":[{"embeddable":true,"href":"https:\/\/www.eren.ch\/joran\/wp-json\/wp\/v2\/pages\/11"}],"wp:attachment":[{"href":"https:\/\/www.eren.ch\/joran\/wp-json\/wp\/v2\/media?parent=30"}],"curies":[{"name":"wp","href":"https:\/\/api.w.org\/{rel}","templated":true}]}}