{"id":36,"date":"2022-03-24T10:46:30","date_gmt":"2022-03-24T09:46:30","guid":{"rendered":"https:\/\/www.eren.ch\/joran\/batiments\/salles-a-louer\/saint-aubin\/"},"modified":"2024-04-24T13:57:25","modified_gmt":"2024-04-24T11:57:25","slug":"saint-aubin","status":"publish","type":"page","link":"https:\/\/www.eren.ch\/joran\/salles-a-louer\/saint-aubin\/","title":{"rendered":"Maison de paroisse de Saint-Aubin"},"content":{"rendered":"\n<p>Le Carillon<br>Rue de la Reusi\u00e8re<br>2024 Saint-Aubin-Sauges<\/p>\n\n\n\n<p>R\u00e9servations: +41 32 841 58 24 (aux <a href=\"https:\/\/www.eren.ch\/joran\/contacts\/\" target=\"_blank\" rel=\"noreferrer noopener\">heures d&rsquo;ouverture<\/a> du secr\u00e9tariat) OU &nbsp;<a href=\"mailto:joran@eren.ch\">joran@eren.ch<\/a> OU   <a href=\"https:\/\/gelore.ne.ch\/app\/gelore2_145\/DBP_GEWEB_FORM.affFormHome?myPiSocId=58&amp;myPiCheck=2175112307&amp;myPiMode=52420&amp;myPiLang=FR\">Acc\u00e8s aux r\u00e9servations de salles<\/a><\/p>\n\n\n\n<p><\/p>\n\n\n\n<figure class=\"wp-block-image size-large\"><img loading=\"lazy\" decoding=\"async\" width=\"1024\" height=\"768\" src=\"https:\/\/www.eren.ch\/joran\/wp-content\/uploads\/sites\/17\/2022\/12\/saint-aubin-7-1024x768.jpg\" alt=\"\" class=\"wp-image-419\" srcset=\"https:\/\/www.eren.ch\/joran\/wp-content\/uploads\/sites\/17\/2022\/12\/saint-aubin-7-1024x768.jpg 1024w, https:\/\/www.eren.ch\/joran\/wp-content\/uploads\/sites\/17\/2022\/12\/saint-aubin-7-300x225.jpg 300w, https:\/\/www.eren.ch\/joran\/wp-content\/uploads\/sites\/17\/2022\/12\/saint-aubin-7-768x576.jpg 768w, https:\/\/www.eren.ch\/joran\/wp-content\/uploads\/sites\/17\/2022\/12\/saint-aubin-7-1200x900.jpg 1200w, https:\/\/www.eren.ch\/joran\/wp-content\/uploads\/sites\/17\/2022\/12\/saint-aubin-7.jpg 1500w\" sizes=\"auto, (max-width: 709px) 85vw, (max-width: 909px) 67vw, (max-width: 1362px) 62vw, 840px\" \/><\/figure>\n\n\n\n<h2 class=\"wp-block-heading\" id=\"h-grande-salle\">Grande salle<\/h2>\n\n\n\n<ul class=\"wp-block-list\">\n<li>2\u00e8me \u00e9tage, avec ascenseur  (sanitaires au 1er \u00e9tage)<\/li>\n\n\n\n<li>Max. 100 pl. (Tables &amp; chaises)<\/li>\n\n\n\n<li>Surface: 118 m2<\/li>\n\n\n\n<li>Wifi<\/li>\n\n\n\n<li>Piano<\/li>\n\n\n\n<li>Vid\u00e9o projecteur<\/li>\n\n\n\n<li>Ecran motoris\u00e9<\/li>\n\n\n\n<li>Prise vid\u00e9o &amp; inform.<\/li>\n\n\n\n<li>Sono 2 micro<\/li>\n\n\n\n<li>Projecteurs lum.<\/li>\n\n\n\n<li>En option et sur demande: Cuisine professionnelle agenc\u00e9 et \u00e9quip\u00e9e; lave-vaisselle; vaisselle, verres et services pour 100 p.<\/li>\n<\/ul>\n\n\n\n<figure class=\"wp-block-image size-large\"><img loading=\"lazy\" decoding=\"async\" width=\"1024\" height=\"768\" src=\"https:\/\/www.eren.ch\/joran\/wp-content\/uploads\/sites\/17\/2022\/12\/saint-aubin-6-1024x768.jpg\" alt=\"\" class=\"wp-image-418\" srcset=\"https:\/\/www.eren.ch\/joran\/wp-content\/uploads\/sites\/17\/2022\/12\/saint-aubin-6-1024x768.jpg 1024w, https:\/\/www.eren.ch\/joran\/wp-content\/uploads\/sites\/17\/2022\/12\/saint-aubin-6-300x225.jpg 300w, https:\/\/www.eren.ch\/joran\/wp-content\/uploads\/sites\/17\/2022\/12\/saint-aubin-6-768x576.jpg 768w, https:\/\/www.eren.ch\/joran\/wp-content\/uploads\/sites\/17\/2022\/12\/saint-aubin-6-1200x900.jpg 1200w, https:\/\/www.eren.ch\/joran\/wp-content\/uploads\/sites\/17\/2022\/12\/saint-aubin-6.jpg 1500w\" sizes=\"auto, (max-width: 709px) 85vw, (max-width: 909px) 67vw, (max-width: 1362px) 62vw, 840px\" \/><\/figure>\n\n\n\n<figure class=\"wp-block-image size-large\"><img loading=\"lazy\" decoding=\"async\" width=\"1024\" height=\"768\" src=\"https:\/\/www.eren.ch\/joran\/wp-content\/uploads\/sites\/17\/2022\/12\/saint-aubin-1-1-1024x768.jpg\" alt=\"\" class=\"wp-image-413\" srcset=\"https:\/\/www.eren.ch\/joran\/wp-content\/uploads\/sites\/17\/2022\/12\/saint-aubin-1-1-1024x768.jpg 1024w, https:\/\/www.eren.ch\/joran\/wp-content\/uploads\/sites\/17\/2022\/12\/saint-aubin-1-1-300x225.jpg 300w, https:\/\/www.eren.ch\/joran\/wp-content\/uploads\/sites\/17\/2022\/12\/saint-aubin-1-1-768x576.jpg 768w, https:\/\/www.eren.ch\/joran\/wp-content\/uploads\/sites\/17\/2022\/12\/saint-aubin-1-1-1200x900.jpg 1200w, https:\/\/www.eren.ch\/joran\/wp-content\/uploads\/sites\/17\/2022\/12\/saint-aubin-1-1.jpg 1500w\" sizes=\"auto, (max-width: 709px) 85vw, (max-width: 909px) 67vw, (max-width: 1362px) 62vw, 840px\" \/><\/figure>\n\n\n\n<h2 class=\"wp-block-heading\" id=\"h-carillon-a\">Carillon A<\/h2>\n\n\n\n<ul class=\"wp-block-list\">\n<li>Rez, avec Ascenseur (sanitaires au 1er \u00e9tage)<\/li>\n\n\n\n<li>Max. 18 pl. (Tables &amp; chaises)<\/li>\n\n\n\n<li>Surface: 31 m2<\/li>\n\n\n\n<li>Wifi<\/li>\n\n\n\n<li>Ecran connect\u00e9 (diag. 208cm)<\/li>\n\n\n\n<li>Lecteur m\u00e9dia<\/li>\n\n\n\n<li>Prise vid\u00e9o &amp; inform.<\/li>\n\n\n\n<li>Y compris, acc\u00e8s espace commun et cuisine basique et lave-vaisselle<\/li>\n\n\n\n<li>Verres pour 50 p.<\/li>\n<\/ul>\n\n\n\n<figure class=\"wp-block-image size-large\"><img loading=\"lazy\" decoding=\"async\" width=\"1024\" height=\"768\" src=\"https:\/\/www.eren.ch\/joran\/wp-content\/uploads\/sites\/17\/2022\/12\/saint-aubin-2-1-1024x768.jpg\" alt=\"\" class=\"wp-image-414\" srcset=\"https:\/\/www.eren.ch\/joran\/wp-content\/uploads\/sites\/17\/2022\/12\/saint-aubin-2-1-1024x768.jpg 1024w, https:\/\/www.eren.ch\/joran\/wp-content\/uploads\/sites\/17\/2022\/12\/saint-aubin-2-1-300x225.jpg 300w, https:\/\/www.eren.ch\/joran\/wp-content\/uploads\/sites\/17\/2022\/12\/saint-aubin-2-1-768x576.jpg 768w, https:\/\/www.eren.ch\/joran\/wp-content\/uploads\/sites\/17\/2022\/12\/saint-aubin-2-1-1200x900.jpg 1200w, https:\/\/www.eren.ch\/joran\/wp-content\/uploads\/sites\/17\/2022\/12\/saint-aubin-2-1.jpg 1500w\" sizes=\"auto, (max-width: 709px) 85vw, (max-width: 909px) 67vw, (max-width: 1362px) 62vw, 840px\" \/><\/figure>\n\n\n\n<h2 class=\"wp-block-heading\" id=\"h-carillon-b\">Carillon B<\/h2>\n\n\n\n<ul class=\"wp-block-list\">\n<li>Rez, avec Ascenseur (sanitaires au 1er \u00e9tage)<\/li>\n\n\n\n<li>Max. 18 pl. (Tables &amp; chaises)<\/li>\n\n\n\n<li>Surface: 29 m2<\/li>\n\n\n\n<li>Wifi<\/li>\n\n\n\n<li>Y compris, acc\u00e8s espace commun et cuisine basique et lave-vaisselle<\/li>\n\n\n\n<li>Verres pour 50 p.<\/li>\n<\/ul>\n\n\n\n<figure class=\"wp-block-image size-large\"><img loading=\"lazy\" decoding=\"async\" width=\"1024\" height=\"768\" src=\"https:\/\/www.eren.ch\/joran\/wp-content\/uploads\/sites\/17\/2022\/12\/saint-aubin-3-1-1024x768.jpg\" alt=\"\" class=\"wp-image-415\" srcset=\"https:\/\/www.eren.ch\/joran\/wp-content\/uploads\/sites\/17\/2022\/12\/saint-aubin-3-1-1024x768.jpg 1024w, https:\/\/www.eren.ch\/joran\/wp-content\/uploads\/sites\/17\/2022\/12\/saint-aubin-3-1-300x225.jpg 300w, https:\/\/www.eren.ch\/joran\/wp-content\/uploads\/sites\/17\/2022\/12\/saint-aubin-3-1-768x576.jpg 768w, https:\/\/www.eren.ch\/joran\/wp-content\/uploads\/sites\/17\/2022\/12\/saint-aubin-3-1-1200x900.jpg 1200w, https:\/\/www.eren.ch\/joran\/wp-content\/uploads\/sites\/17\/2022\/12\/saint-aubin-3-1.jpg 1500w\" sizes=\"auto, (max-width: 709px) 85vw, (max-width: 909px) 67vw, (max-width: 1362px) 62vw, 840px\" \/><\/figure>\n\n\n\n<h2 class=\"wp-block-heading\" id=\"h-carillon-a-b\">Carillon A+B<\/h2>\n\n\n\n<ul class=\"wp-block-list\">\n<li>Rez, avec Ascenseur (sanitaires au 1er \u00e9tage)<\/li>\n\n\n\n<li>Max. 40 pl. (Tables &amp; chaises)<\/li>\n\n\n\n<li>Surface: 60 m2<\/li>\n\n\n\n<li>Wifi<\/li>\n\n\n\n<li>Ecran connect\u00e9 (diag. 208cm)<\/li>\n\n\n\n<li>Lecteur m\u00e9dia<\/li>\n\n\n\n<li>Prise vid\u00e9o &amp; inform<\/li>\n\n\n\n<li>Y compris, acc\u00e8s espace commun et cuisine basique et lave-vaisselle<\/li>\n\n\n\n<li>Verres pour 50 p.<\/li>\n<\/ul>\n\n\n\n<figure class=\"wp-block-image size-large\"><img loading=\"lazy\" decoding=\"async\" width=\"1024\" height=\"768\" src=\"https:\/\/www.eren.ch\/joran\/wp-content\/uploads\/sites\/17\/2022\/12\/saint-aubin-4-1-1024x768.jpg\" alt=\"\" class=\"wp-image-416\" srcset=\"https:\/\/www.eren.ch\/joran\/wp-content\/uploads\/sites\/17\/2022\/12\/saint-aubin-4-1-1024x768.jpg 1024w, https:\/\/www.eren.ch\/joran\/wp-content\/uploads\/sites\/17\/2022\/12\/saint-aubin-4-1-300x225.jpg 300w, https:\/\/www.eren.ch\/joran\/wp-content\/uploads\/sites\/17\/2022\/12\/saint-aubin-4-1-768x576.jpg 768w, https:\/\/www.eren.ch\/joran\/wp-content\/uploads\/sites\/17\/2022\/12\/saint-aubin-4-1-1200x900.jpg 1200w, https:\/\/www.eren.ch\/joran\/wp-content\/uploads\/sites\/17\/2022\/12\/saint-aubin-4-1.jpg 1500w\" sizes=\"auto, (max-width: 709px) 85vw, (max-width: 909px) 67vw, (max-width: 1362px) 62vw, 840px\" \/><\/figure>\n\n\n\n<h2 class=\"wp-block-heading\" id=\"h-carillon-c\">Carillon C<\/h2>\n\n\n\n<ul class=\"wp-block-list\">\n<li>Rez, avec Ascenseur (sanitaires au 1er \u00e9tage)<\/li>\n\n\n\n<li>Max. 14 pl. (Tables &amp; chaises)<\/li>\n\n\n\n<li>Surface: 21 m2<\/li>\n\n\n\n<li>Wifi<\/li>\n\n\n\n<li>Y compris, acc\u00e8s espace commun et cuisine basique et lave-vaisselle<\/li>\n\n\n\n<li>Verres pour 50 p.<\/li>\n<\/ul>\n\n\n\n<figure class=\"wp-block-image size-large\"><img loading=\"lazy\" decoding=\"async\" width=\"1024\" height=\"768\" src=\"https:\/\/www.eren.ch\/joran\/wp-content\/uploads\/sites\/17\/2022\/12\/saint-aubin-5-1-1024x768.jpg\" alt=\"\" class=\"wp-image-417\" srcset=\"https:\/\/www.eren.ch\/joran\/wp-content\/uploads\/sites\/17\/2022\/12\/saint-aubin-5-1-1024x768.jpg 1024w, https:\/\/www.eren.ch\/joran\/wp-content\/uploads\/sites\/17\/2022\/12\/saint-aubin-5-1-300x225.jpg 300w, https:\/\/www.eren.ch\/joran\/wp-content\/uploads\/sites\/17\/2022\/12\/saint-aubin-5-1-768x576.jpg 768w, https:\/\/www.eren.ch\/joran\/wp-content\/uploads\/sites\/17\/2022\/12\/saint-aubin-5-1-1200x900.jpg 1200w, https:\/\/www.eren.ch\/joran\/wp-content\/uploads\/sites\/17\/2022\/12\/saint-aubin-5-1.jpg 1500w\" sizes=\"auto, (max-width: 709px) 85vw, (max-width: 909px) 67vw, (max-width: 1362px) 62vw, 840px\" \/><\/figure>\n\n\n\n<h2 class=\"wp-block-heading\" id=\"h-espace-commun-amp-cuisine\">Espace commun &amp; cuisine<\/h2>\n\n\n\n<figure class=\"wp-block-image size-large\"><img loading=\"lazy\" decoding=\"async\" width=\"1024\" height=\"768\" src=\"https:\/\/www.eren.ch\/joran\/wp-content\/uploads\/sites\/17\/2022\/12\/saint-aubin-8-1024x768.jpg\" alt=\"\" class=\"wp-image-420\" srcset=\"https:\/\/www.eren.ch\/joran\/wp-content\/uploads\/sites\/17\/2022\/12\/saint-aubin-8-1024x768.jpg 1024w, https:\/\/www.eren.ch\/joran\/wp-content\/uploads\/sites\/17\/2022\/12\/saint-aubin-8-300x225.jpg 300w, https:\/\/www.eren.ch\/joran\/wp-content\/uploads\/sites\/17\/2022\/12\/saint-aubin-8-768x576.jpg 768w, https:\/\/www.eren.ch\/joran\/wp-content\/uploads\/sites\/17\/2022\/12\/saint-aubin-8-1200x900.jpg 1200w, https:\/\/www.eren.ch\/joran\/wp-content\/uploads\/sites\/17\/2022\/12\/saint-aubin-8.jpg 1500w\" sizes=\"auto, (max-width: 709px) 85vw, (max-width: 909px) 67vw, (max-width: 1362px) 62vw, 840px\" \/><\/figure>\n","protected":false},"excerpt":{"rendered":"<p>Le CarillonRue de la Reusi\u00e8re2024 Saint-Aubin-Sauges R\u00e9servations: +41 32 841 58 24 (aux heures d&rsquo;ouverture du secr\u00e9tariat) OU &nbsp;joran@eren.ch OU Acc\u00e8s aux r\u00e9servations de salles Grande salle Carillon A Carillon B Carillon A+B Carillon C Espace commun &amp; cuisine<\/p>\n","protected":false},"author":1,"featured_media":0,"parent":31,"menu_order":27,"comment_status":"closed","ping_status":"closed","template":"","meta":{"footnotes":""},"class_list":["post-36","page","type-page","status-publish","hentry"],"yoast_head":"<!-- This site is optimized with the Yoast SEO Premium plugin v27.4 (Yoast SEO v27.4) - https:\/\/yoast.com\/product\/yoast-seo-premium-wordpress\/ -->\n<title>Maison de paroisse de Saint-Aubin - Paroisse du Joran<\/title>\n<meta name=\"robots\" content=\"index, follow, max-snippet:-1, max-image-preview:large, max-video-preview:-1\" \/>\n<link rel=\"canonical\" href=\"https:\/\/www.eren.ch\/joran\/salles-a-louer\/saint-aubin\/\" \/>\n<meta property=\"og:locale\" content=\"fr_FR\" \/>\n<meta property=\"og:type\" content=\"article\" \/>\n<meta property=\"og:title\" content=\"Maison de paroisse de Saint-Aubin\" \/>\n<meta property=\"og:description\" content=\"Le CarillonRue de la Reusi\u00e8re2024 Saint-Aubin-Sauges R\u00e9servations: +41 32 841 58 24 (aux heures d&rsquo;ouverture du secr\u00e9tariat) OU &nbsp;joran@eren.ch OU Acc\u00e8s aux r\u00e9servations de salles Grande salle Carillon A Carillon B Carillon A+B Carillon C Espace commun &amp; cuisine\" \/>\n<meta property=\"og:url\" content=\"https:\/\/www.eren.ch\/joran\/salles-a-louer\/saint-aubin\/\" \/>\n<meta property=\"og:site_name\" content=\"Paroisse du Joran\" \/>\n<meta property=\"article:modified_time\" content=\"2024-04-24T11:57:25+00:00\" \/>\n<meta property=\"og:image\" content=\"https:\/\/www.eren.ch\/joran\/wp-content\/uploads\/sites\/17\/2022\/12\/saint-aubin-7-1024x768.jpg\" \/>\n<meta name=\"twitter:card\" content=\"summary_large_image\" \/>\n<meta name=\"twitter:label1\" content=\"Dur\u00e9e de lecture estim\u00e9e\" \/>\n\t<meta name=\"twitter:data1\" content=\"3 minutes\" \/>\n<script type=\"application\/ld+json\" class=\"yoast-schema-graph\">{\"@context\":\"https:\\\/\\\/schema.org\",\"@graph\":[{\"@type\":\"WebPage\",\"@id\":\"https:\\\/\\\/www.eren.ch\\\/joran\\\/salles-a-louer\\\/saint-aubin\\\/\",\"url\":\"https:\\\/\\\/www.eren.ch\\\/joran\\\/salles-a-louer\\\/saint-aubin\\\/\",\"name\":\"Maison de paroisse de Saint-Aubin - Paroisse du Joran\",\"isPartOf\":{\"@id\":\"https:\\\/\\\/www.eren.ch\\\/joran\\\/#website\"},\"primaryImageOfPage\":{\"@id\":\"https:\\\/\\\/www.eren.ch\\\/joran\\\/salles-a-louer\\\/saint-aubin\\\/#primaryimage\"},\"image\":{\"@id\":\"https:\\\/\\\/www.eren.ch\\\/joran\\\/salles-a-louer\\\/saint-aubin\\\/#primaryimage\"},\"thumbnailUrl\":\"https:\\\/\\\/www.eren.ch\\\/joran\\\/wp-content\\\/uploads\\\/sites\\\/17\\\/2022\\\/12\\\/saint-aubin-7-1024x768.jpg\",\"datePublished\":\"2022-03-24T09:46:30+00:00\",\"dateModified\":\"2024-04-24T11:57:25+00:00\",\"breadcrumb\":{\"@id\":\"https:\\\/\\\/www.eren.ch\\\/joran\\\/salles-a-louer\\\/saint-aubin\\\/#breadcrumb\"},\"inLanguage\":\"fr-FR\",\"potentialAction\":[{\"@type\":\"ReadAction\",\"target\":[\"https:\\\/\\\/www.eren.ch\\\/joran\\\/salles-a-louer\\\/saint-aubin\\\/\"]}]},{\"@type\":\"ImageObject\",\"inLanguage\":\"fr-FR\",\"@id\":\"https:\\\/\\\/www.eren.ch\\\/joran\\\/salles-a-louer\\\/saint-aubin\\\/#primaryimage\",\"url\":\"https:\\\/\\\/www.eren.ch\\\/joran\\\/wp-content\\\/uploads\\\/sites\\\/17\\\/2022\\\/12\\\/saint-aubin-7.jpg\",\"contentUrl\":\"https:\\\/\\\/www.eren.ch\\\/joran\\\/wp-content\\\/uploads\\\/sites\\\/17\\\/2022\\\/12\\\/saint-aubin-7.jpg\",\"width\":1500,\"height\":1125},{\"@type\":\"BreadcrumbList\",\"@id\":\"https:\\\/\\\/www.eren.ch\\\/joran\\\/salles-a-louer\\\/saint-aubin\\\/#breadcrumb\",\"itemListElement\":[{\"@type\":\"ListItem\",\"position\":1,\"name\":\"Accueil\",\"item\":\"https:\\\/\\\/www.eren.ch\\\/joran\\\/\"},{\"@type\":\"ListItem\",\"position\":2,\"name\":\"Salles \u00e0 louer\",\"item\":\"https:\\\/\\\/www.eren.ch\\\/joran\\\/salles-a-louer\\\/\"},{\"@type\":\"ListItem\",\"position\":3,\"name\":\"Maison de paroisse de Saint-Aubin\"}]},{\"@type\":\"WebSite\",\"@id\":\"https:\\\/\\\/www.eren.ch\\\/joran\\\/#website\",\"url\":\"https:\\\/\\\/www.eren.ch\\\/joran\\\/\",\"name\":\"Paroisse du Joran\",\"description\":\"Boudry, Cortaillod et La Grande B\u00e9roche\",\"publisher\":{\"@id\":\"https:\\\/\\\/www.eren.ch\\\/joran\\\/#organization\"},\"potentialAction\":[{\"@type\":\"SearchAction\",\"target\":{\"@type\":\"EntryPoint\",\"urlTemplate\":\"https:\\\/\\\/www.eren.ch\\\/joran\\\/?s={search_term_string}\"},\"query-input\":{\"@type\":\"PropertyValueSpecification\",\"valueRequired\":true,\"valueName\":\"search_term_string\"}}],\"inLanguage\":\"fr-FR\"},{\"@type\":\"Organization\",\"@id\":\"https:\\\/\\\/www.eren.ch\\\/joran\\\/#organization\",\"name\":\"Paroisse du Joran\",\"url\":\"https:\\\/\\\/www.eren.ch\\\/joran\\\/\",\"logo\":{\"@type\":\"ImageObject\",\"inLanguage\":\"fr-FR\",\"@id\":\"https:\\\/\\\/www.eren.ch\\\/joran\\\/#\\\/schema\\\/logo\\\/image\\\/\",\"url\":\"https:\\\/\\\/www.eren.ch\\\/joran\\\/wp-content\\\/uploads\\\/sites\\\/17\\\/2022\\\/11\\\/logo-joran.png\",\"contentUrl\":\"https:\\\/\\\/www.eren.ch\\\/joran\\\/wp-content\\\/uploads\\\/sites\\\/17\\\/2022\\\/11\\\/logo-joran.png\",\"width\":240,\"height\":117,\"caption\":\"Paroisse du Joran\"},\"image\":{\"@id\":\"https:\\\/\\\/www.eren.ch\\\/joran\\\/#\\\/schema\\\/logo\\\/image\\\/\"}}]}<\/script>\n<!-- \/ Yoast SEO Premium plugin. -->","yoast_head_json":{"title":"Maison de paroisse de Saint-Aubin - Paroisse du Joran","robots":{"index":"index","follow":"follow","max-snippet":"max-snippet:-1","max-image-preview":"max-image-preview:large","max-video-preview":"max-video-preview:-1"},"canonical":"https:\/\/www.eren.ch\/joran\/salles-a-louer\/saint-aubin\/","og_locale":"fr_FR","og_type":"article","og_title":"Maison de paroisse de Saint-Aubin","og_description":"Le CarillonRue de la Reusi\u00e8re2024 Saint-Aubin-Sauges R\u00e9servations: +41 32 841 58 24 (aux heures d&rsquo;ouverture du secr\u00e9tariat) OU &nbsp;joran@eren.ch OU Acc\u00e8s aux r\u00e9servations de salles Grande salle Carillon A Carillon B Carillon A+B Carillon C Espace commun &amp; cuisine","og_url":"https:\/\/www.eren.ch\/joran\/salles-a-louer\/saint-aubin\/","og_site_name":"Paroisse du Joran","article_modified_time":"2024-04-24T11:57:25+00:00","og_image":[{"url":"https:\/\/www.eren.ch\/joran\/wp-content\/uploads\/sites\/17\/2022\/12\/saint-aubin-7-1024x768.jpg","type":"","width":"","height":""}],"twitter_card":"summary_large_image","twitter_misc":{"Dur\u00e9e de lecture estim\u00e9e":"3 minutes"},"schema":{"@context":"https:\/\/schema.org","@graph":[{"@type":"WebPage","@id":"https:\/\/www.eren.ch\/joran\/salles-a-louer\/saint-aubin\/","url":"https:\/\/www.eren.ch\/joran\/salles-a-louer\/saint-aubin\/","name":"Maison de paroisse de Saint-Aubin - Paroisse du Joran","isPartOf":{"@id":"https:\/\/www.eren.ch\/joran\/#website"},"primaryImageOfPage":{"@id":"https:\/\/www.eren.ch\/joran\/salles-a-louer\/saint-aubin\/#primaryimage"},"image":{"@id":"https:\/\/www.eren.ch\/joran\/salles-a-louer\/saint-aubin\/#primaryimage"},"thumbnailUrl":"https:\/\/www.eren.ch\/joran\/wp-content\/uploads\/sites\/17\/2022\/12\/saint-aubin-7-1024x768.jpg","datePublished":"2022-03-24T09:46:30+00:00","dateModified":"2024-04-24T11:57:25+00:00","breadcrumb":{"@id":"https:\/\/www.eren.ch\/joran\/salles-a-louer\/saint-aubin\/#breadcrumb"},"inLanguage":"fr-FR","potentialAction":[{"@type":"ReadAction","target":["https:\/\/www.eren.ch\/joran\/salles-a-louer\/saint-aubin\/"]}]},{"@type":"ImageObject","inLanguage":"fr-FR","@id":"https:\/\/www.eren.ch\/joran\/salles-a-louer\/saint-aubin\/#primaryimage","url":"https:\/\/www.eren.ch\/joran\/wp-content\/uploads\/sites\/17\/2022\/12\/saint-aubin-7.jpg","contentUrl":"https:\/\/www.eren.ch\/joran\/wp-content\/uploads\/sites\/17\/2022\/12\/saint-aubin-7.jpg","width":1500,"height":1125},{"@type":"BreadcrumbList","@id":"https:\/\/www.eren.ch\/joran\/salles-a-louer\/saint-aubin\/#breadcrumb","itemListElement":[{"@type":"ListItem","position":1,"name":"Accueil","item":"https:\/\/www.eren.ch\/joran\/"},{"@type":"ListItem","position":2,"name":"Salles \u00e0 louer","item":"https:\/\/www.eren.ch\/joran\/salles-a-louer\/"},{"@type":"ListItem","position":3,"name":"Maison de paroisse de Saint-Aubin"}]},{"@type":"WebSite","@id":"https:\/\/www.eren.ch\/joran\/#website","url":"https:\/\/www.eren.ch\/joran\/","name":"Paroisse du Joran","description":"Boudry, Cortaillod et La Grande B\u00e9roche","publisher":{"@id":"https:\/\/www.eren.ch\/joran\/#organization"},"potentialAction":[{"@type":"SearchAction","target":{"@type":"EntryPoint","urlTemplate":"https:\/\/www.eren.ch\/joran\/?s={search_term_string}"},"query-input":{"@type":"PropertyValueSpecification","valueRequired":true,"valueName":"search_term_string"}}],"inLanguage":"fr-FR"},{"@type":"Organization","@id":"https:\/\/www.eren.ch\/joran\/#organization","name":"Paroisse du Joran","url":"https:\/\/www.eren.ch\/joran\/","logo":{"@type":"ImageObject","inLanguage":"fr-FR","@id":"https:\/\/www.eren.ch\/joran\/#\/schema\/logo\/image\/","url":"https:\/\/www.eren.ch\/joran\/wp-content\/uploads\/sites\/17\/2022\/11\/logo-joran.png","contentUrl":"https:\/\/www.eren.ch\/joran\/wp-content\/uploads\/sites\/17\/2022\/11\/logo-joran.png","width":240,"height":117,"caption":"Paroisse du Joran"},"image":{"@id":"https:\/\/www.eren.ch\/joran\/#\/schema\/logo\/image\/"}}]}},"_links":{"self":[{"href":"https:\/\/www.eren.ch\/joran\/wp-json\/wp\/v2\/pages\/36","targetHints":{"allow":["GET"]}}],"collection":[{"href":"https:\/\/www.eren.ch\/joran\/wp-json\/wp\/v2\/pages"}],"about":[{"href":"https:\/\/www.eren.ch\/joran\/wp-json\/wp\/v2\/types\/page"}],"author":[{"embeddable":true,"href":"https:\/\/www.eren.ch\/joran\/wp-json\/wp\/v2\/users\/1"}],"replies":[{"embeddable":true,"href":"https:\/\/www.eren.ch\/joran\/wp-json\/wp\/v2\/comments?post=36"}],"version-history":[{"count":0,"href":"https:\/\/www.eren.ch\/joran\/wp-json\/wp\/v2\/pages\/36\/revisions"}],"up":[{"embeddable":true,"href":"https:\/\/www.eren.ch\/joran\/wp-json\/wp\/v2\/pages\/31"}],"wp:attachment":[{"href":"https:\/\/www.eren.ch\/joran\/wp-json\/wp\/v2\/media?parent=36"}],"curies":[{"name":"wp","href":"https:\/\/api.w.org\/{rel}","templated":true}]}}