{"id":4789,"date":"2024-09-17T09:03:51","date_gmt":"2024-09-17T07:03:51","guid":{"rendered":"https:\/\/www.eren.ch\/joran\/?page_id=4789"},"modified":"2026-04-07T22:14:07","modified_gmt":"2026-04-07T20:14:07","slug":"saint-aubin","status":"publish","type":"page","link":"https:\/\/www.eren.ch\/joran\/saint-aubin\/","title":{"rendered":"Saint-Aubin"},"content":{"rendered":"\n<figure class=\"wp-block-image size-large is-resized\"><img loading=\"lazy\" decoding=\"async\" width=\"643\" height=\"1024\" src=\"https:\/\/www.eren.ch\/joran\/wp-content\/uploads\/sites\/17\/2022\/05\/temple-saint-aubin-643x1024.jpg\" alt=\"\" class=\"wp-image-199\" style=\"width:240px;height:auto\" srcset=\"https:\/\/www.eren.ch\/joran\/wp-content\/uploads\/sites\/17\/2022\/05\/temple-saint-aubin-643x1024.jpg 643w, https:\/\/www.eren.ch\/joran\/wp-content\/uploads\/sites\/17\/2022\/05\/temple-saint-aubin-188x300.jpg 188w, https:\/\/www.eren.ch\/joran\/wp-content\/uploads\/sites\/17\/2022\/05\/temple-saint-aubin-768x1223.jpg 768w, https:\/\/www.eren.ch\/joran\/wp-content\/uploads\/sites\/17\/2022\/05\/temple-saint-aubin.jpg 942w\" sizes=\"auto, (max-width: 643px) 85vw, 643px\" \/><\/figure>\n\n\n\n<h2 class=\"wp-block-heading\" id=\"h-actuel\">Actuel<\/h2>\n\n\n\n<h3 class=\"wp-block-heading has-bright-red-color has-text-color has-link-color wp-elements-e4de39e3c19d6a04eeca8c4d8a10add9\" id=\"h-animations-regulieres\">Animations r\u00e9guli\u00e8res<\/h3>\n\n\n\n<p class=\"has-medium-font-size\"><strong><a href=\"https:\/\/www.eren.ch\/joran\/wp-content\/uploads\/sites\/17\/2025\/11\/20250930Cafe-Beroche-2026.pdf\">Caf\u00e9 B\u00e9roche <\/a><\/strong>un mercredi par mois \u00e0 15h. Prochain caf\u00e9 le 21 janvier.<\/p>\n\n\n\n<figure class=\"wp-block-table has-medium-font-size\"><table class=\"has-fixed-layout\"><tbody><tr><td>Une belle occasion de garder le contact avec la paroisse et les ami-e-s. Une fois par mois, le mercredi, entre 15h et 16h30, \u00e0 la salle de paroisse de St-Aubin, salle du bas. <br>Contact&nbsp;: Sylvane Auvinet au 078 657 77 84.<\/td><\/tr><\/tbody><\/table><\/figure>\n\n\n\n<p class=\"has-medium-font-size\"><strong><a href=\"https:\/\/www.eren.ch\/joran\/wp-content\/uploads\/sites\/17\/2025\/07\/Prier-avec-son-corps-impression.pdf\">Prier avec son <\/a><a href=\"https:\/\/www.eren.ch\/joran\/yoga-joran-prier-avec-son-corps\/\">corps<\/a><\/strong> tous les mercredis \u00e0 18h \u00e0 la Maison de paroisse de St-Aubin, dans la salle du haut. <br>Informations et inscriptions&nbsp;aupr\u00e8s de Sylvane Auvinet au 078 657 77 84. Consulter l&rsquo;onglet <a href=\"https:\/\/www.eren.ch\/joran\/yoga-joran-prier-avec-son-corps\/\">\u00ab\u00a0YOGA Joran\u00a0\u00bb<\/a><\/p>\n\n\n\n<p style=\"font-size:20px\"><a href=\"https:\/\/www.eren.ch\/joran\/wp-content\/uploads\/sites\/17\/2025\/10\/Repas-chasse-2025.pdf\"><strong>Repas chasse<\/strong> <\/a>le samedi 7 novembre 2026 d\u00e8s 11h30 \u00e0 la Maison de paroisse.<\/p>\n\n\n\n<p style=\"font-size:20px\"><strong>Souper raclette<\/strong> en f\u00e9vrier , salle de paroisse (tous les 2 ans)<\/p>\n\n\n\n<p class=\"has-medium-font-size\"><strong>Stand gaufres \u00e0 la braderie<\/strong> : premier samedi de septembre<\/p>\n\n\n\n<h3 class=\"wp-block-heading has-bright-red-color has-text-color has-link-color wp-elements-fb00c2474a820b8a5dcec8377a7c67e0\" id=\"h-activites-oecumeniques-polo\">Activit\u00e9s oecum\u00e9niques (POLO)<\/h3>\n\n\n\n<p class=\"has-medium-font-size\"><strong>POLO<\/strong> (Pastorale oecum\u00e9nique Littoral Ouest) <\/p>\n\n\n\n<figure class=\"wp-block-gallery has-nested-images columns-default is-cropped wp-block-gallery-1 is-layout-flex wp-block-gallery-is-layout-flex\">\n<figure class=\"wp-block-image size-large\"><img loading=\"lazy\" decoding=\"async\" width=\"1024\" height=\"724\" data-id=\"8537\" src=\"https:\/\/www.eren.ch\/joran\/wp-content\/uploads\/sites\/17\/2025\/09\/PAGE-2-1024x724.jpg\" alt=\"\" class=\"wp-image-8537\" srcset=\"https:\/\/www.eren.ch\/joran\/wp-content\/uploads\/sites\/17\/2025\/09\/PAGE-2-1024x724.jpg 1024w, https:\/\/www.eren.ch\/joran\/wp-content\/uploads\/sites\/17\/2025\/09\/PAGE-2-300x212.jpg 300w, https:\/\/www.eren.ch\/joran\/wp-content\/uploads\/sites\/17\/2025\/09\/PAGE-2-768x543.jpg 768w, https:\/\/www.eren.ch\/joran\/wp-content\/uploads\/sites\/17\/2025\/09\/PAGE-2-1536x1086.jpg 1536w, https:\/\/www.eren.ch\/joran\/wp-content\/uploads\/sites\/17\/2025\/09\/PAGE-2-2048x1448.jpg 2048w, https:\/\/www.eren.ch\/joran\/wp-content\/uploads\/sites\/17\/2025\/09\/PAGE-2-1200x849.jpg 1200w\" sizes=\"auto, (max-width: 709px) 85vw, (max-width: 909px) 67vw, (max-width: 1362px) 62vw, 840px\" \/><\/figure>\n\n\n\n<figure class=\"wp-block-image size-large\"><img loading=\"lazy\" decoding=\"async\" width=\"1024\" height=\"724\" data-id=\"8538\" src=\"https:\/\/www.eren.ch\/joran\/wp-content\/uploads\/sites\/17\/2025\/09\/PAGE-2-2-1024x724.jpg\" alt=\"\" class=\"wp-image-8538\" srcset=\"https:\/\/www.eren.ch\/joran\/wp-content\/uploads\/sites\/17\/2025\/09\/PAGE-2-2-1024x724.jpg 1024w, https:\/\/www.eren.ch\/joran\/wp-content\/uploads\/sites\/17\/2025\/09\/PAGE-2-2-300x212.jpg 300w, https:\/\/www.eren.ch\/joran\/wp-content\/uploads\/sites\/17\/2025\/09\/PAGE-2-2-768x543.jpg 768w, https:\/\/www.eren.ch\/joran\/wp-content\/uploads\/sites\/17\/2025\/09\/PAGE-2-2-1536x1086.jpg 1536w, https:\/\/www.eren.ch\/joran\/wp-content\/uploads\/sites\/17\/2025\/09\/PAGE-2-2-2048x1448.jpg 2048w, https:\/\/www.eren.ch\/joran\/wp-content\/uploads\/sites\/17\/2025\/09\/PAGE-2-2-1200x849.jpg 1200w\" sizes=\"auto, (max-width: 709px) 85vw, (max-width: 909px) 67vw, (max-width: 1362px) 62vw, 840px\" \/><\/figure>\n<\/figure>\n\n\n\n<ul class=\"wp-block-list\">\n<li class=\"has-medium-font-size\"><strong>Lectio divina<\/strong> en septembre<\/li>\n\n\n\n<li class=\"has-medium-font-size\"><strong>Th\u00e9\u00e2tre La Marelle<\/strong> <\/li>\n\n\n\n<li class=\"has-medium-font-size\"><strong>Semaine de l&rsquo;Unit\u00e9 <\/strong>du 18 au 25 janvier. <\/li>\n<\/ul>\n\n\n\n<ul class=\"wp-block-list\">\n<li class=\"has-medium-font-size\"><strong>Journ\u00e9e mondiale de pri\u00e8re<\/strong> 2026. Dimanche 8 mars \u00e0 10h. Contact Dominique Laude<\/li>\n<\/ul>\n\n\n\n<p><\/p>\n","protected":false},"excerpt":{"rendered":"<p>Actuel Animations r\u00e9guli\u00e8res Caf\u00e9 B\u00e9roche un mercredi par mois \u00e0 15h. Prochain caf\u00e9 le 21 janvier. Une belle occasion de garder le contact avec la paroisse et les ami-e-s. Une fois par mois, le mercredi, entre 15h et 16h30, \u00e0 la salle de paroisse de St-Aubin, salle du bas. Contact&nbsp;: Sylvane Auvinet au 078 657 &hellip; <a href=\"https:\/\/www.eren.ch\/joran\/saint-aubin\/\" class=\"more-link\">Continuer la lecture<span class=\"screen-reader-text\"> de &laquo;&nbsp;Saint-Aubin&nbsp;&raquo;<\/span><\/a><\/p>\n","protected":false},"author":32,"featured_media":0,"parent":0,"menu_order":0,"comment_status":"closed","ping_status":"closed","template":"","meta":{"footnotes":""},"class_list":["post-4789","page","type-page","status-publish","hentry"],"yoast_head":"<!-- This site is optimized with the Yoast SEO Premium plugin v27.3 (Yoast SEO v27.3) - https:\/\/yoast.com\/product\/yoast-seo-premium-wordpress\/ -->\n<title>Saint-Aubin - Paroisse du Joran<\/title>\n<meta name=\"robots\" content=\"index, follow, max-snippet:-1, max-image-preview:large, max-video-preview:-1\" \/>\n<link rel=\"canonical\" href=\"https:\/\/www.eren.ch\/joran\/saint-aubin\/\" \/>\n<meta property=\"og:locale\" content=\"fr_FR\" \/>\n<meta property=\"og:type\" content=\"article\" \/>\n<meta property=\"og:title\" content=\"Saint-Aubin\" \/>\n<meta property=\"og:description\" content=\"Actuel Animations r\u00e9guli\u00e8res Caf\u00e9 B\u00e9roche un mercredi par mois \u00e0 15h. Prochain caf\u00e9 le 21 janvier. Une belle occasion de garder le contact avec la paroisse et les ami-e-s. Une fois par mois, le mercredi, entre 15h et 16h30, \u00e0 la salle de paroisse de St-Aubin, salle du bas. Contact&nbsp;: Sylvane Auvinet au 078 657 &hellip; Continuer la lecture de &laquo;&nbsp;Saint-Aubin&nbsp;&raquo;\" \/>\n<meta property=\"og:url\" content=\"https:\/\/www.eren.ch\/joran\/saint-aubin\/\" \/>\n<meta property=\"og:site_name\" content=\"Paroisse du Joran\" \/>\n<meta property=\"article:modified_time\" content=\"2026-04-07T20:14:07+00:00\" \/>\n<meta property=\"og:image\" content=\"https:\/\/www.eren.ch\/joran\/wp-content\/uploads\/sites\/17\/2022\/05\/temple-saint-aubin.jpg\" \/>\n\t<meta property=\"og:image:width\" content=\"942\" \/>\n\t<meta property=\"og:image:height\" content=\"1500\" \/>\n\t<meta property=\"og:image:type\" content=\"image\/jpeg\" \/>\n<meta name=\"twitter:card\" content=\"summary_large_image\" \/>\n<meta name=\"twitter:label1\" content=\"Dur\u00e9e de lecture estim\u00e9e\" \/>\n\t<meta name=\"twitter:data1\" content=\"2 minutes\" \/>\n<script type=\"application\/ld+json\" class=\"yoast-schema-graph\">{\"@context\":\"https:\\\/\\\/schema.org\",\"@graph\":[{\"@type\":\"WebPage\",\"@id\":\"https:\\\/\\\/www.eren.ch\\\/joran\\\/saint-aubin\\\/\",\"url\":\"https:\\\/\\\/www.eren.ch\\\/joran\\\/saint-aubin\\\/\",\"name\":\"Saint-Aubin - Paroisse du Joran\",\"isPartOf\":{\"@id\":\"https:\\\/\\\/www.eren.ch\\\/joran\\\/#website\"},\"primaryImageOfPage\":{\"@id\":\"https:\\\/\\\/www.eren.ch\\\/joran\\\/saint-aubin\\\/#primaryimage\"},\"image\":{\"@id\":\"https:\\\/\\\/www.eren.ch\\\/joran\\\/saint-aubin\\\/#primaryimage\"},\"thumbnailUrl\":\"https:\\\/\\\/www.eren.ch\\\/joran\\\/wp-content\\\/uploads\\\/sites\\\/17\\\/2022\\\/05\\\/temple-saint-aubin-643x1024.jpg\",\"datePublished\":\"2024-09-17T07:03:51+00:00\",\"dateModified\":\"2026-04-07T20:14:07+00:00\",\"breadcrumb\":{\"@id\":\"https:\\\/\\\/www.eren.ch\\\/joran\\\/saint-aubin\\\/#breadcrumb\"},\"inLanguage\":\"fr-FR\",\"potentialAction\":[{\"@type\":\"ReadAction\",\"target\":[\"https:\\\/\\\/www.eren.ch\\\/joran\\\/saint-aubin\\\/\"]}]},{\"@type\":\"ImageObject\",\"inLanguage\":\"fr-FR\",\"@id\":\"https:\\\/\\\/www.eren.ch\\\/joran\\\/saint-aubin\\\/#primaryimage\",\"url\":\"https:\\\/\\\/www.eren.ch\\\/joran\\\/wp-content\\\/uploads\\\/sites\\\/17\\\/2022\\\/05\\\/temple-saint-aubin.jpg\",\"contentUrl\":\"https:\\\/\\\/www.eren.ch\\\/joran\\\/wp-content\\\/uploads\\\/sites\\\/17\\\/2022\\\/05\\\/temple-saint-aubin.jpg\",\"width\":942,\"height\":1500},{\"@type\":\"BreadcrumbList\",\"@id\":\"https:\\\/\\\/www.eren.ch\\\/joran\\\/saint-aubin\\\/#breadcrumb\",\"itemListElement\":[{\"@type\":\"ListItem\",\"position\":1,\"name\":\"Accueil\",\"item\":\"https:\\\/\\\/www.eren.ch\\\/joran\\\/\"},{\"@type\":\"ListItem\",\"position\":2,\"name\":\"Saint-Aubin\"}]},{\"@type\":\"WebSite\",\"@id\":\"https:\\\/\\\/www.eren.ch\\\/joran\\\/#website\",\"url\":\"https:\\\/\\\/www.eren.ch\\\/joran\\\/\",\"name\":\"Paroisse du Joran\",\"description\":\"Boudry, Cortaillod et La Grande B\u00e9roche\",\"publisher\":{\"@id\":\"https:\\\/\\\/www.eren.ch\\\/joran\\\/#organization\"},\"potentialAction\":[{\"@type\":\"SearchAction\",\"target\":{\"@type\":\"EntryPoint\",\"urlTemplate\":\"https:\\\/\\\/www.eren.ch\\\/joran\\\/?s={search_term_string}\"},\"query-input\":{\"@type\":\"PropertyValueSpecification\",\"valueRequired\":true,\"valueName\":\"search_term_string\"}}],\"inLanguage\":\"fr-FR\"},{\"@type\":\"Organization\",\"@id\":\"https:\\\/\\\/www.eren.ch\\\/joran\\\/#organization\",\"name\":\"Paroisse du Joran\",\"url\":\"https:\\\/\\\/www.eren.ch\\\/joran\\\/\",\"logo\":{\"@type\":\"ImageObject\",\"inLanguage\":\"fr-FR\",\"@id\":\"https:\\\/\\\/www.eren.ch\\\/joran\\\/#\\\/schema\\\/logo\\\/image\\\/\",\"url\":\"https:\\\/\\\/www.eren.ch\\\/joran\\\/wp-content\\\/uploads\\\/sites\\\/17\\\/2022\\\/11\\\/logo-joran.png\",\"contentUrl\":\"https:\\\/\\\/www.eren.ch\\\/joran\\\/wp-content\\\/uploads\\\/sites\\\/17\\\/2022\\\/11\\\/logo-joran.png\",\"width\":240,\"height\":117,\"caption\":\"Paroisse du Joran\"},\"image\":{\"@id\":\"https:\\\/\\\/www.eren.ch\\\/joran\\\/#\\\/schema\\\/logo\\\/image\\\/\"}}]}<\/script>\n<!-- \/ Yoast SEO Premium plugin. -->","yoast_head_json":{"title":"Saint-Aubin - Paroisse du Joran","robots":{"index":"index","follow":"follow","max-snippet":"max-snippet:-1","max-image-preview":"max-image-preview:large","max-video-preview":"max-video-preview:-1"},"canonical":"https:\/\/www.eren.ch\/joran\/saint-aubin\/","og_locale":"fr_FR","og_type":"article","og_title":"Saint-Aubin","og_description":"Actuel Animations r\u00e9guli\u00e8res Caf\u00e9 B\u00e9roche un mercredi par mois \u00e0 15h. Prochain caf\u00e9 le 21 janvier. Une belle occasion de garder le contact avec la paroisse et les ami-e-s. Une fois par mois, le mercredi, entre 15h et 16h30, \u00e0 la salle de paroisse de St-Aubin, salle du bas. Contact&nbsp;: Sylvane Auvinet au 078 657 &hellip; Continuer la lecture de &laquo;&nbsp;Saint-Aubin&nbsp;&raquo;","og_url":"https:\/\/www.eren.ch\/joran\/saint-aubin\/","og_site_name":"Paroisse du Joran","article_modified_time":"2026-04-07T20:14:07+00:00","og_image":[{"width":942,"height":1500,"url":"https:\/\/www.eren.ch\/joran\/wp-content\/uploads\/sites\/17\/2022\/05\/temple-saint-aubin.jpg","type":"image\/jpeg"}],"twitter_card":"summary_large_image","twitter_misc":{"Dur\u00e9e de lecture estim\u00e9e":"2 minutes"},"schema":{"@context":"https:\/\/schema.org","@graph":[{"@type":"WebPage","@id":"https:\/\/www.eren.ch\/joran\/saint-aubin\/","url":"https:\/\/www.eren.ch\/joran\/saint-aubin\/","name":"Saint-Aubin - Paroisse du Joran","isPartOf":{"@id":"https:\/\/www.eren.ch\/joran\/#website"},"primaryImageOfPage":{"@id":"https:\/\/www.eren.ch\/joran\/saint-aubin\/#primaryimage"},"image":{"@id":"https:\/\/www.eren.ch\/joran\/saint-aubin\/#primaryimage"},"thumbnailUrl":"https:\/\/www.eren.ch\/joran\/wp-content\/uploads\/sites\/17\/2022\/05\/temple-saint-aubin-643x1024.jpg","datePublished":"2024-09-17T07:03:51+00:00","dateModified":"2026-04-07T20:14:07+00:00","breadcrumb":{"@id":"https:\/\/www.eren.ch\/joran\/saint-aubin\/#breadcrumb"},"inLanguage":"fr-FR","potentialAction":[{"@type":"ReadAction","target":["https:\/\/www.eren.ch\/joran\/saint-aubin\/"]}]},{"@type":"ImageObject","inLanguage":"fr-FR","@id":"https:\/\/www.eren.ch\/joran\/saint-aubin\/#primaryimage","url":"https:\/\/www.eren.ch\/joran\/wp-content\/uploads\/sites\/17\/2022\/05\/temple-saint-aubin.jpg","contentUrl":"https:\/\/www.eren.ch\/joran\/wp-content\/uploads\/sites\/17\/2022\/05\/temple-saint-aubin.jpg","width":942,"height":1500},{"@type":"BreadcrumbList","@id":"https:\/\/www.eren.ch\/joran\/saint-aubin\/#breadcrumb","itemListElement":[{"@type":"ListItem","position":1,"name":"Accueil","item":"https:\/\/www.eren.ch\/joran\/"},{"@type":"ListItem","position":2,"name":"Saint-Aubin"}]},{"@type":"WebSite","@id":"https:\/\/www.eren.ch\/joran\/#website","url":"https:\/\/www.eren.ch\/joran\/","name":"Paroisse du Joran","description":"Boudry, Cortaillod et La Grande B\u00e9roche","publisher":{"@id":"https:\/\/www.eren.ch\/joran\/#organization"},"potentialAction":[{"@type":"SearchAction","target":{"@type":"EntryPoint","urlTemplate":"https:\/\/www.eren.ch\/joran\/?s={search_term_string}"},"query-input":{"@type":"PropertyValueSpecification","valueRequired":true,"valueName":"search_term_string"}}],"inLanguage":"fr-FR"},{"@type":"Organization","@id":"https:\/\/www.eren.ch\/joran\/#organization","name":"Paroisse du Joran","url":"https:\/\/www.eren.ch\/joran\/","logo":{"@type":"ImageObject","inLanguage":"fr-FR","@id":"https:\/\/www.eren.ch\/joran\/#\/schema\/logo\/image\/","url":"https:\/\/www.eren.ch\/joran\/wp-content\/uploads\/sites\/17\/2022\/11\/logo-joran.png","contentUrl":"https:\/\/www.eren.ch\/joran\/wp-content\/uploads\/sites\/17\/2022\/11\/logo-joran.png","width":240,"height":117,"caption":"Paroisse du Joran"},"image":{"@id":"https:\/\/www.eren.ch\/joran\/#\/schema\/logo\/image\/"}}]}},"_links":{"self":[{"href":"https:\/\/www.eren.ch\/joran\/wp-json\/wp\/v2\/pages\/4789","targetHints":{"allow":["GET"]}}],"collection":[{"href":"https:\/\/www.eren.ch\/joran\/wp-json\/wp\/v2\/pages"}],"about":[{"href":"https:\/\/www.eren.ch\/joran\/wp-json\/wp\/v2\/types\/page"}],"author":[{"embeddable":true,"href":"https:\/\/www.eren.ch\/joran\/wp-json\/wp\/v2\/users\/32"}],"replies":[{"embeddable":true,"href":"https:\/\/www.eren.ch\/joran\/wp-json\/wp\/v2\/comments?post=4789"}],"version-history":[{"count":1,"href":"https:\/\/www.eren.ch\/joran\/wp-json\/wp\/v2\/pages\/4789\/revisions"}],"predecessor-version":[{"id":10082,"href":"https:\/\/www.eren.ch\/joran\/wp-json\/wp\/v2\/pages\/4789\/revisions\/10082"}],"wp:attachment":[{"href":"https:\/\/www.eren.ch\/joran\/wp-json\/wp\/v2\/media?parent=4789"}],"curies":[{"name":"wp","href":"https:\/\/api.w.org\/{rel}","templated":true}]}}