{"id":82,"date":"2022-03-24T10:53:25","date_gmt":"2022-03-24T09:53:25","guid":{"rendered":"https:\/\/www.eren.ch\/joran\/solidarite\/a-la-rencontre-asile\/"},"modified":"2026-03-12T20:31:28","modified_gmt":"2026-03-12T19:31:28","slug":"a-la-rencontre-asile","status":"publish","type":"page","link":"https:\/\/www.eren.ch\/joran\/a-la-rencontre-asile\/","title":{"rendered":"\u00c0 la Rencontre (Asile)"},"content":{"rendered":"\n<blockquote class=\"wp-block-quote is-style-plain is-layout-flow wp-block-quote-is-layout-flow\">\n<p>M\u00eame sans parler la m\u00eame langue, on peut prendre un verre ensemble, faire un jeu ou partager un peu de chaleur humaine.<\/p>\n<\/blockquote>\n\n\n\n<hr class=\"wp-block-separator has-alpha-channel-opacity\" \/>\n\n\n\n<h2 class=\"wp-block-heading\" id=\"h-actuel\">Actuel<\/h2>\n\n\n\n<p class=\"has-large-font-size\"><strong>Soir\u00e9es-cin\u00e9<\/strong><\/p>\n\n\n\n<div data-wp-interactive=\"core\/file\" class=\"wp-block-file\"><object data-wp-bind--hidden=\"!state.hasPdfPreview\" hidden class=\"wp-block-file__embed\" data=\"https:\/\/www.eren.ch\/joran\/wp-content\/uploads\/sites\/17\/2026\/03\/202603Soirees-Cine-reflexion-AlaR-1.pdf\" type=\"application\/pdf\" style=\"width:100%;height:600px\" aria-label=\"Contenu embarqu\u00e9 202603Soire\u0301es Cine\u0301-re\u0301flexion AlaR.\"><\/object><a id=\"wp-block-file--media-3183909e-4f5a-473d-be73-f622fd777f71\" href=\"https:\/\/www.eren.ch\/joran\/wp-content\/uploads\/sites\/17\/2026\/03\/202603Soirees-Cine-reflexion-AlaR-1.pdf\">202603Soire\u0301es Cine\u0301-re\u0301flexion AlaR<\/a><a href=\"https:\/\/www.eren.ch\/joran\/wp-content\/uploads\/sites\/17\/2026\/03\/202603Soirees-Cine-reflexion-AlaR-1.pdf\" class=\"wp-block-file__button wp-element-button\" download aria-describedby=\"wp-block-file--media-3183909e-4f5a-473d-be73-f622fd777f71\">T\u00e9l\u00e9charger<\/a><\/div>\n\n\n\n<h2 class=\"wp-block-heading\" id=\"h-noel-multiculturel-2025\">No\u00ebl multiculturel 2025<\/h2>\n\n\n\n<p>Cette f\u00eate de No\u00ebl est une belle occasion de rencontre entre les habitant-e-s du CFA de Perreux et la population locale. Participation de l&rsquo;AMAR, du collectif agricole les Hirondelles et de la ferme de Trois-Rods. <br><strong>19 d\u00e9cembre 2025 \u00e0 la salle de spectacle de Boudry de 16h \u00e0 20h<\/strong><\/p>\n\n\n\n<figure class=\"wp-block-image size-large\"><img loading=\"lazy\" decoding=\"async\" width=\"724\" height=\"1024\" src=\"https:\/\/www.eren.ch\/joran\/wp-content\/uploads\/sites\/17\/2026\/02\/affiche-magenta-habitantes-pdf-724x1024.jpg\" alt=\"\" class=\"wp-image-9722\" \/><\/figure>\n\n\n\n<h2 class=\"wp-block-heading\" id=\"h-noel-multiculturel-2024\">No\u00ebl multiculturel 2024<br><\/h2>\n\n\n\n<p><strong>Article Arcinfo du 17 d\u00e9cembre 2024<\/strong><\/p>\n\n\n\n<figure class=\"wp-block-image size-large\"><img loading=\"lazy\" decoding=\"async\" width=\"688\" height=\"1024\" src=\"https:\/\/www.eren.ch\/joran\/wp-content\/uploads\/sites\/17\/2024\/12\/Capture-decran-2024-12-27-a-11.52.15-1-688x1024.png\" alt=\"\" class=\"wp-image-6156\" srcset=\"https:\/\/www.eren.ch\/joran\/wp-content\/uploads\/sites\/17\/2024\/12\/Capture-decran-2024-12-27-a-11.52.15-1-688x1024.png 688w, https:\/\/www.eren.ch\/joran\/wp-content\/uploads\/sites\/17\/2024\/12\/Capture-decran-2024-12-27-a-11.52.15-1-201x300.png 201w, https:\/\/www.eren.ch\/joran\/wp-content\/uploads\/sites\/17\/2024\/12\/Capture-decran-2024-12-27-a-11.52.15-1.png 728w\" sizes=\"auto, (max-width: 688px) 85vw, 688px\" \/><\/figure>\n\n\n\n<figure class=\"wp-block-image size-large\"><img loading=\"lazy\" decoding=\"async\" width=\"681\" height=\"1024\" src=\"https:\/\/www.eren.ch\/joran\/wp-content\/uploads\/sites\/17\/2024\/12\/Capture-decran-2024-12-27-a-11.52.38-681x1024.png\" alt=\"\" class=\"wp-image-6158\" srcset=\"https:\/\/www.eren.ch\/joran\/wp-content\/uploads\/sites\/17\/2024\/12\/Capture-decran-2024-12-27-a-11.52.38-681x1024.png 681w, https:\/\/www.eren.ch\/joran\/wp-content\/uploads\/sites\/17\/2024\/12\/Capture-decran-2024-12-27-a-11.52.38-199x300.png 199w, https:\/\/www.eren.ch\/joran\/wp-content\/uploads\/sites\/17\/2024\/12\/Capture-decran-2024-12-27-a-11.52.38.png 730w\" sizes=\"auto, (max-width: 681px) 85vw, 681px\" \/><\/figure>\n\n\n\n<p><\/p>\n\n\n\n<p><strong>Reportage de Canalalpha, journal du 17 d\u00e9cembre 2024<\/strong><\/p>\n\n\n\n<p><br><a href=\"https:\/\/www.canalalpha.ch\/play\/le-journal\/topic\/36212\/requerants-et-habitants-ont-fete-noel-main-dans-la-main\">https:\/\/www.canalalpha.ch\/play\/le-journal\/topic\/36212\/requerants-et-habitants-ont-fete-noel-main-dans-la-main<\/a><\/p>\n\n\n\n<h2 class=\"wp-block-heading\" id=\"h-fete-d-ete-juin-2024\">F\u00eate d&rsquo;\u00e9t\u00e9, juin 2024<\/h2>\n\n\n\n<figure class=\"wp-block-image size-large\"><img loading=\"lazy\" decoding=\"async\" width=\"2560\" height=\"2505\" src=\"https:\/\/www.eren.ch\/joran\/wp-content\/uploads\/sites\/17\/2024\/10\/DSC_0515_DxO-1-edited-scaled.jpg\" alt=\"\" class=\"wp-image-5090\" srcset=\"https:\/\/www.eren.ch\/joran\/wp-content\/uploads\/sites\/17\/2024\/10\/DSC_0515_DxO-1-edited-scaled.jpg 2560w, https:\/\/www.eren.ch\/joran\/wp-content\/uploads\/sites\/17\/2024\/10\/DSC_0515_DxO-1-edited-300x294.jpg 300w, https:\/\/www.eren.ch\/joran\/wp-content\/uploads\/sites\/17\/2024\/10\/DSC_0515_DxO-1-edited-1024x1002.jpg 1024w, https:\/\/www.eren.ch\/joran\/wp-content\/uploads\/sites\/17\/2024\/10\/DSC_0515_DxO-1-edited-768x751.jpg 768w, https:\/\/www.eren.ch\/joran\/wp-content\/uploads\/sites\/17\/2024\/10\/DSC_0515_DxO-1-edited-1536x1503.jpg 1536w, https:\/\/www.eren.ch\/joran\/wp-content\/uploads\/sites\/17\/2024\/10\/DSC_0515_DxO-1-edited-2048x2004.jpg 2048w, https:\/\/www.eren.ch\/joran\/wp-content\/uploads\/sites\/17\/2024\/10\/DSC_0515_DxO-1-edited-1200x1174.jpg 1200w\" sizes=\"auto, (max-width: 709px) 85vw, (max-width: 909px) 67vw, (max-width: 1362px) 62vw, 840px\" \/><\/figure>\n\n\n\n<p><\/p>\n\n\n\n<hr class=\"wp-block-separator has-alpha-channel-opacity\" \/>\n\n\n\n<p><\/p>\n","protected":false},"excerpt":{"rendered":"<p>M\u00eame sans parler la m\u00eame langue, on peut prendre un verre ensemble, faire un jeu ou partager un peu de chaleur humaine. Actuel Soir\u00e9es-cin\u00e9 No\u00ebl multiculturel 2025 Cette f\u00eate de No\u00ebl est une belle occasion de rencontre entre les habitant-e-s du CFA de Perreux et la population locale. Participation de l&rsquo;AMAR, du collectif agricole les &hellip; <a href=\"https:\/\/www.eren.ch\/joran\/a-la-rencontre-asile\/\" class=\"more-link\">Continuer la lecture<span class=\"screen-reader-text\"> de &laquo;&nbsp;\u00c0 la Rencontre (Asile)&nbsp;&raquo;<\/span><\/a><\/p>\n","protected":false},"author":30,"featured_media":5174,"parent":0,"menu_order":42,"comment_status":"closed","ping_status":"closed","template":"","meta":{"footnotes":""},"class_list":["post-82","page","type-page","status-publish","has-post-thumbnail","hentry"],"yoast_head":"<!-- This site is optimized with the Yoast SEO Premium plugin v27.4 (Yoast SEO v27.4) - https:\/\/yoast.com\/product\/yoast-seo-premium-wordpress\/ -->\n<title>\u00c0 la Rencontre (Asile) - Paroisse du Joran<\/title>\n<meta name=\"robots\" content=\"index, follow, max-snippet:-1, max-image-preview:large, max-video-preview:-1\" \/>\n<link rel=\"canonical\" href=\"https:\/\/www.eren.ch\/joran\/a-la-rencontre-asile\/\" \/>\n<meta property=\"og:locale\" content=\"fr_FR\" \/>\n<meta property=\"og:type\" content=\"article\" \/>\n<meta property=\"og:title\" content=\"\u00c0 la Rencontre (Asile)\" \/>\n<meta property=\"og:description\" content=\"M\u00eame sans parler la m\u00eame langue, on peut prendre un verre ensemble, faire un jeu ou partager un peu de chaleur humaine. Actuel Soir\u00e9es-cin\u00e9 No\u00ebl multiculturel 2025 Cette f\u00eate de No\u00ebl est une belle occasion de rencontre entre les habitant-e-s du CFA de Perreux et la population locale. Participation de l&rsquo;AMAR, du collectif agricole les &hellip; Continuer la lecture de &laquo;&nbsp;\u00c0 la Rencontre (Asile)&nbsp;&raquo;\" \/>\n<meta property=\"og:url\" content=\"https:\/\/www.eren.ch\/joran\/a-la-rencontre-asile\/\" \/>\n<meta property=\"og:site_name\" content=\"Paroisse du Joran\" \/>\n<meta property=\"article:modified_time\" content=\"2026-03-12T19:31:28+00:00\" \/>\n<meta property=\"og:image\" content=\"https:\/\/www.eren.ch\/joran\/wp-content\/uploads\/sites\/17\/2024\/10\/en-tete-1.png\" \/>\n\t<meta property=\"og:image:width\" content=\"2539\" \/>\n\t<meta property=\"og:image:height\" content=\"591\" \/>\n\t<meta property=\"og:image:type\" content=\"image\/png\" \/>\n<meta name=\"twitter:card\" content=\"summary_large_image\" \/>\n<meta name=\"twitter:label1\" content=\"Dur\u00e9e de lecture estim\u00e9e\" \/>\n\t<meta name=\"twitter:data1\" content=\"2 minutes\" \/>\n<script type=\"application\/ld+json\" class=\"yoast-schema-graph\">{\"@context\":\"https:\\\/\\\/schema.org\",\"@graph\":[{\"@type\":\"WebPage\",\"@id\":\"https:\\\/\\\/www.eren.ch\\\/joran\\\/a-la-rencontre-asile\\\/\",\"url\":\"https:\\\/\\\/www.eren.ch\\\/joran\\\/a-la-rencontre-asile\\\/\",\"name\":\"\u00c0 la Rencontre (Asile) - Paroisse du Joran\",\"isPartOf\":{\"@id\":\"https:\\\/\\\/www.eren.ch\\\/joran\\\/#website\"},\"primaryImageOfPage\":{\"@id\":\"https:\\\/\\\/www.eren.ch\\\/joran\\\/a-la-rencontre-asile\\\/#primaryimage\"},\"image\":{\"@id\":\"https:\\\/\\\/www.eren.ch\\\/joran\\\/a-la-rencontre-asile\\\/#primaryimage\"},\"thumbnailUrl\":\"https:\\\/\\\/www.eren.ch\\\/joran\\\/wp-content\\\/uploads\\\/sites\\\/17\\\/2024\\\/10\\\/en-tete-1.png\",\"datePublished\":\"2022-03-24T09:53:25+00:00\",\"dateModified\":\"2026-03-12T19:31:28+00:00\",\"breadcrumb\":{\"@id\":\"https:\\\/\\\/www.eren.ch\\\/joran\\\/a-la-rencontre-asile\\\/#breadcrumb\"},\"inLanguage\":\"fr-FR\",\"potentialAction\":[{\"@type\":\"ReadAction\",\"target\":[\"https:\\\/\\\/www.eren.ch\\\/joran\\\/a-la-rencontre-asile\\\/\"]}]},{\"@type\":\"ImageObject\",\"inLanguage\":\"fr-FR\",\"@id\":\"https:\\\/\\\/www.eren.ch\\\/joran\\\/a-la-rencontre-asile\\\/#primaryimage\",\"url\":\"https:\\\/\\\/www.eren.ch\\\/joran\\\/wp-content\\\/uploads\\\/sites\\\/17\\\/2024\\\/10\\\/en-tete-1.png\",\"contentUrl\":\"https:\\\/\\\/www.eren.ch\\\/joran\\\/wp-content\\\/uploads\\\/sites\\\/17\\\/2024\\\/10\\\/en-tete-1.png\",\"width\":2539,\"height\":591},{\"@type\":\"BreadcrumbList\",\"@id\":\"https:\\\/\\\/www.eren.ch\\\/joran\\\/a-la-rencontre-asile\\\/#breadcrumb\",\"itemListElement\":[{\"@type\":\"ListItem\",\"position\":1,\"name\":\"Accueil\",\"item\":\"https:\\\/\\\/www.eren.ch\\\/joran\\\/\"},{\"@type\":\"ListItem\",\"position\":2,\"name\":\"\u00c0 la Rencontre (Asile)\"}]},{\"@type\":\"WebSite\",\"@id\":\"https:\\\/\\\/www.eren.ch\\\/joran\\\/#website\",\"url\":\"https:\\\/\\\/www.eren.ch\\\/joran\\\/\",\"name\":\"Paroisse du Joran\",\"description\":\"Boudry, Cortaillod et La Grande B\u00e9roche\",\"publisher\":{\"@id\":\"https:\\\/\\\/www.eren.ch\\\/joran\\\/#organization\"},\"potentialAction\":[{\"@type\":\"SearchAction\",\"target\":{\"@type\":\"EntryPoint\",\"urlTemplate\":\"https:\\\/\\\/www.eren.ch\\\/joran\\\/?s={search_term_string}\"},\"query-input\":{\"@type\":\"PropertyValueSpecification\",\"valueRequired\":true,\"valueName\":\"search_term_string\"}}],\"inLanguage\":\"fr-FR\"},{\"@type\":\"Organization\",\"@id\":\"https:\\\/\\\/www.eren.ch\\\/joran\\\/#organization\",\"name\":\"Paroisse du Joran\",\"url\":\"https:\\\/\\\/www.eren.ch\\\/joran\\\/\",\"logo\":{\"@type\":\"ImageObject\",\"inLanguage\":\"fr-FR\",\"@id\":\"https:\\\/\\\/www.eren.ch\\\/joran\\\/#\\\/schema\\\/logo\\\/image\\\/\",\"url\":\"https:\\\/\\\/www.eren.ch\\\/joran\\\/wp-content\\\/uploads\\\/sites\\\/17\\\/2022\\\/11\\\/logo-joran.png\",\"contentUrl\":\"https:\\\/\\\/www.eren.ch\\\/joran\\\/wp-content\\\/uploads\\\/sites\\\/17\\\/2022\\\/11\\\/logo-joran.png\",\"width\":240,\"height\":117,\"caption\":\"Paroisse du Joran\"},\"image\":{\"@id\":\"https:\\\/\\\/www.eren.ch\\\/joran\\\/#\\\/schema\\\/logo\\\/image\\\/\"}}]}<\/script>\n<!-- \/ Yoast SEO Premium plugin. -->","yoast_head_json":{"title":"\u00c0 la Rencontre (Asile) - Paroisse du Joran","robots":{"index":"index","follow":"follow","max-snippet":"max-snippet:-1","max-image-preview":"max-image-preview:large","max-video-preview":"max-video-preview:-1"},"canonical":"https:\/\/www.eren.ch\/joran\/a-la-rencontre-asile\/","og_locale":"fr_FR","og_type":"article","og_title":"\u00c0 la Rencontre (Asile)","og_description":"M\u00eame sans parler la m\u00eame langue, on peut prendre un verre ensemble, faire un jeu ou partager un peu de chaleur humaine. Actuel Soir\u00e9es-cin\u00e9 No\u00ebl multiculturel 2025 Cette f\u00eate de No\u00ebl est une belle occasion de rencontre entre les habitant-e-s du CFA de Perreux et la population locale. Participation de l&rsquo;AMAR, du collectif agricole les &hellip; Continuer la lecture de &laquo;&nbsp;\u00c0 la Rencontre (Asile)&nbsp;&raquo;","og_url":"https:\/\/www.eren.ch\/joran\/a-la-rencontre-asile\/","og_site_name":"Paroisse du Joran","article_modified_time":"2026-03-12T19:31:28+00:00","og_image":[{"width":2539,"height":591,"url":"https:\/\/www.eren.ch\/joran\/wp-content\/uploads\/sites\/17\/2024\/10\/en-tete-1.png","type":"image\/png"}],"twitter_card":"summary_large_image","twitter_misc":{"Dur\u00e9e de lecture estim\u00e9e":"2 minutes"},"schema":{"@context":"https:\/\/schema.org","@graph":[{"@type":"WebPage","@id":"https:\/\/www.eren.ch\/joran\/a-la-rencontre-asile\/","url":"https:\/\/www.eren.ch\/joran\/a-la-rencontre-asile\/","name":"\u00c0 la Rencontre (Asile) - Paroisse du Joran","isPartOf":{"@id":"https:\/\/www.eren.ch\/joran\/#website"},"primaryImageOfPage":{"@id":"https:\/\/www.eren.ch\/joran\/a-la-rencontre-asile\/#primaryimage"},"image":{"@id":"https:\/\/www.eren.ch\/joran\/a-la-rencontre-asile\/#primaryimage"},"thumbnailUrl":"https:\/\/www.eren.ch\/joran\/wp-content\/uploads\/sites\/17\/2024\/10\/en-tete-1.png","datePublished":"2022-03-24T09:53:25+00:00","dateModified":"2026-03-12T19:31:28+00:00","breadcrumb":{"@id":"https:\/\/www.eren.ch\/joran\/a-la-rencontre-asile\/#breadcrumb"},"inLanguage":"fr-FR","potentialAction":[{"@type":"ReadAction","target":["https:\/\/www.eren.ch\/joran\/a-la-rencontre-asile\/"]}]},{"@type":"ImageObject","inLanguage":"fr-FR","@id":"https:\/\/www.eren.ch\/joran\/a-la-rencontre-asile\/#primaryimage","url":"https:\/\/www.eren.ch\/joran\/wp-content\/uploads\/sites\/17\/2024\/10\/en-tete-1.png","contentUrl":"https:\/\/www.eren.ch\/joran\/wp-content\/uploads\/sites\/17\/2024\/10\/en-tete-1.png","width":2539,"height":591},{"@type":"BreadcrumbList","@id":"https:\/\/www.eren.ch\/joran\/a-la-rencontre-asile\/#breadcrumb","itemListElement":[{"@type":"ListItem","position":1,"name":"Accueil","item":"https:\/\/www.eren.ch\/joran\/"},{"@type":"ListItem","position":2,"name":"\u00c0 la Rencontre (Asile)"}]},{"@type":"WebSite","@id":"https:\/\/www.eren.ch\/joran\/#website","url":"https:\/\/www.eren.ch\/joran\/","name":"Paroisse du Joran","description":"Boudry, Cortaillod et La Grande B\u00e9roche","publisher":{"@id":"https:\/\/www.eren.ch\/joran\/#organization"},"potentialAction":[{"@type":"SearchAction","target":{"@type":"EntryPoint","urlTemplate":"https:\/\/www.eren.ch\/joran\/?s={search_term_string}"},"query-input":{"@type":"PropertyValueSpecification","valueRequired":true,"valueName":"search_term_string"}}],"inLanguage":"fr-FR"},{"@type":"Organization","@id":"https:\/\/www.eren.ch\/joran\/#organization","name":"Paroisse du Joran","url":"https:\/\/www.eren.ch\/joran\/","logo":{"@type":"ImageObject","inLanguage":"fr-FR","@id":"https:\/\/www.eren.ch\/joran\/#\/schema\/logo\/image\/","url":"https:\/\/www.eren.ch\/joran\/wp-content\/uploads\/sites\/17\/2022\/11\/logo-joran.png","contentUrl":"https:\/\/www.eren.ch\/joran\/wp-content\/uploads\/sites\/17\/2022\/11\/logo-joran.png","width":240,"height":117,"caption":"Paroisse du Joran"},"image":{"@id":"https:\/\/www.eren.ch\/joran\/#\/schema\/logo\/image\/"}}]}},"_links":{"self":[{"href":"https:\/\/www.eren.ch\/joran\/wp-json\/wp\/v2\/pages\/82","targetHints":{"allow":["GET"]}}],"collection":[{"href":"https:\/\/www.eren.ch\/joran\/wp-json\/wp\/v2\/pages"}],"about":[{"href":"https:\/\/www.eren.ch\/joran\/wp-json\/wp\/v2\/types\/page"}],"author":[{"embeddable":true,"href":"https:\/\/www.eren.ch\/joran\/wp-json\/wp\/v2\/users\/30"}],"replies":[{"embeddable":true,"href":"https:\/\/www.eren.ch\/joran\/wp-json\/wp\/v2\/comments?post=82"}],"version-history":[{"count":0,"href":"https:\/\/www.eren.ch\/joran\/wp-json\/wp\/v2\/pages\/82\/revisions"}],"wp:featuredmedia":[{"embeddable":true,"href":"https:\/\/www.eren.ch\/joran\/wp-json\/wp\/v2\/media\/5174"}],"wp:attachment":[{"href":"https:\/\/www.eren.ch\/joran\/wp-json\/wp\/v2\/media?parent=82"}],"curies":[{"name":"wp","href":"https:\/\/api.w.org\/{rel}","templated":true}]}}