{"id":83,"date":"2022-03-24T10:53:25","date_gmt":"2022-03-24T09:53:25","guid":{"rendered":"https:\/\/www.eren.ch\/joran\/solidarite\/terre-nouvelle\/cabas-terrespoir\/"},"modified":"2025-10-06T08:21:14","modified_gmt":"2025-10-06T06:21:14","slug":"cabas-terrespoir","status":"publish","type":"page","link":"https:\/\/www.eren.ch\/joran\/solidarite\/terre-nouvelle\/cabas-terrespoir\/","title":{"rendered":"Je\u00fbne f\u00e9d\u00e9ral (AJS)"},"content":{"rendered":"\n<figure class=\"wp-block-embed is-type-video is-provider-youtube wp-block-embed-youtube wp-embed-aspect-4-3 wp-has-aspect-ratio\"><div class=\"wp-block-embed__wrapper\">\n<iframe loading=\"lazy\" title=\"Pla\u00eet-il? - C&#039;est quoi le jeu\u0302ne?\" width=\"840\" height=\"630\" src=\"https:\/\/www.youtube.com\/embed\/-YhmGL8xASM?feature=oembed\" frameborder=\"0\" allow=\"accelerometer; autoplay; clipboard-write; encrypted-media; gyroscope; picture-in-picture; web-share\" referrerpolicy=\"strict-origin-when-cross-origin\" allowfullscreen><\/iframe>\n<\/div><\/figure>\n\n\n\n<p class=\"has-yellow-background-color has-background has-medium-font-size\"><strong><a href=\"https:\/\/www.eren.ch\/joran\/wp-content\/uploads\/sites\/17\/2025\/07\/Celebration-oecumenique-du-Jeune-federal.pdf\">C\u00e9l\u00e9bration le dimanche 21 septembre 2025 \u00e0 l&rsquo;\u00e9glise catholique de Boudry \u00e0 10h<\/a><\/strong>. Le message sera apport\u00e9 par Sandro Agustoni de retour d&rsquo;Ha\u00efti apr\u00e8s 3 ans en mission dans ce pays. Prochaine c\u00e9l\u00e9bration \u00e0 St-Aubin en 2026<\/p>\n\n\n\n<p class=\"has-bright-red-color has-text-color has-link-color has-medium-font-size wp-elements-5ddad064024bb7895563e2e381e0a3d4\"><em><strong>D\u00e9gustation de g\u00e2teaux aux pruneaux que les paroissien-ne-s ont  apport\u00e9s, apr\u00e8s la c\u00e9l\u00e9bration<\/strong><\/em> dans la salle partoissiale. MERCI !!<\/p>\n\n\n\n<figure class=\"wp-block-gallery has-nested-images columns-default is-cropped wp-block-gallery-1 is-layout-flex wp-block-gallery-is-layout-flex\">\n<figure class=\"wp-block-image size-large\"><img decoding=\"async\" data-id=\"7952\" src=\"https:\/\/www.eren.ch\/joran\/wp-content\/uploads\/sites\/17\/2025\/07\/Celebration-oecumenique-du-Jeune-federal-724x1024.jpg\" alt=\"\" class=\"wp-image-7952\" \/><\/figure>\n\n\n\n<figure class=\"wp-block-image size-large\"><img loading=\"lazy\" decoding=\"async\" width=\"768\" height=\"1024\" data-id=\"4767\" src=\"https:\/\/www.eren.ch\/joran\/wp-content\/uploads\/sites\/17\/2024\/09\/IMG-20240915-WA0006-768x1024.jpg\" alt=\"\" class=\"wp-image-4767\" srcset=\"https:\/\/www.eren.ch\/joran\/wp-content\/uploads\/sites\/17\/2024\/09\/IMG-20240915-WA0006-768x1024.jpg 768w, https:\/\/www.eren.ch\/joran\/wp-content\/uploads\/sites\/17\/2024\/09\/IMG-20240915-WA0006-225x300.jpg 225w, https:\/\/www.eren.ch\/joran\/wp-content\/uploads\/sites\/17\/2024\/09\/IMG-20240915-WA0006-1152x1536.jpg 1152w, https:\/\/www.eren.ch\/joran\/wp-content\/uploads\/sites\/17\/2024\/09\/IMG-20240915-WA0006.jpg 1200w\" sizes=\"auto, (max-width: 768px) 85vw, 768px\" \/><\/figure>\n<\/figure>\n\n\n\n<p>Photos 9\/2024 Christine Ph\u00e9bade<\/p>\n\n\n\n<p><\/p>\n","protected":false},"excerpt":{"rendered":"<p>C\u00e9l\u00e9bration le dimanche 21 septembre 2025 \u00e0 l&rsquo;\u00e9glise catholique de Boudry \u00e0 10h. Le message sera apport\u00e9 par Sandro Agustoni de retour d&rsquo;Ha\u00efti apr\u00e8s 3 ans en mission dans ce pays. Prochaine c\u00e9l\u00e9bration \u00e0 St-Aubin en 2026 D\u00e9gustation de g\u00e2teaux aux pruneaux que les paroissien-ne-s ont apport\u00e9s, apr\u00e8s la c\u00e9l\u00e9bration dans la salle partoissiale. MERCI &hellip; <a href=\"https:\/\/www.eren.ch\/joran\/solidarite\/terre-nouvelle\/cabas-terrespoir\/\" class=\"more-link\">Continuer la lecture<span class=\"screen-reader-text\"> de &laquo;&nbsp;Je\u00fbne f\u00e9d\u00e9ral (AJS)&nbsp;&raquo;<\/span><\/a><\/p>\n","protected":false},"author":1,"featured_media":0,"parent":81,"menu_order":43,"comment_status":"closed","ping_status":"closed","template":"","meta":{"footnotes":""},"class_list":["post-83","page","type-page","status-publish","hentry"],"yoast_head":"<!-- This site is optimized with the Yoast SEO Premium plugin v27.4 (Yoast SEO v27.4) - https:\/\/yoast.com\/product\/yoast-seo-premium-wordpress\/ -->\n<title>Je\u00fbne f\u00e9d\u00e9ral (AJS) - Paroisse du Joran<\/title>\n<meta name=\"robots\" content=\"index, follow, max-snippet:-1, max-image-preview:large, max-video-preview:-1\" \/>\n<link rel=\"canonical\" href=\"https:\/\/www.eren.ch\/joran\/solidarite\/terre-nouvelle\/cabas-terrespoir\/\" \/>\n<meta property=\"og:locale\" content=\"fr_FR\" \/>\n<meta property=\"og:type\" content=\"article\" \/>\n<meta property=\"og:title\" content=\"Je\u00fbne f\u00e9d\u00e9ral (AJS)\" \/>\n<meta property=\"og:description\" content=\"C\u00e9l\u00e9bration le dimanche 21 septembre 2025 \u00e0 l&rsquo;\u00e9glise catholique de Boudry \u00e0 10h. Le message sera apport\u00e9 par Sandro Agustoni de retour d&rsquo;Ha\u00efti apr\u00e8s 3 ans en mission dans ce pays. Prochaine c\u00e9l\u00e9bration \u00e0 St-Aubin en 2026 D\u00e9gustation de g\u00e2teaux aux pruneaux que les paroissien-ne-s ont apport\u00e9s, apr\u00e8s la c\u00e9l\u00e9bration dans la salle partoissiale. MERCI &hellip; Continuer la lecture de &laquo;&nbsp;Je\u00fbne f\u00e9d\u00e9ral (AJS)&nbsp;&raquo;\" \/>\n<meta property=\"og:url\" content=\"https:\/\/www.eren.ch\/joran\/solidarite\/terre-nouvelle\/cabas-terrespoir\/\" \/>\n<meta property=\"og:site_name\" content=\"Paroisse du Joran\" \/>\n<meta property=\"article:modified_time\" content=\"2025-10-06T06:21:14+00:00\" \/>\n<meta name=\"twitter:card\" content=\"summary_large_image\" \/>\n<meta name=\"twitter:label1\" content=\"Dur\u00e9e de lecture estim\u00e9e\" \/>\n\t<meta name=\"twitter:data1\" content=\"1 minute\" \/>\n<script type=\"application\/ld+json\" class=\"yoast-schema-graph\">{\"@context\":\"https:\\\/\\\/schema.org\",\"@graph\":[{\"@type\":\"WebPage\",\"@id\":\"https:\\\/\\\/www.eren.ch\\\/joran\\\/solidarite\\\/terre-nouvelle\\\/cabas-terrespoir\\\/\",\"url\":\"https:\\\/\\\/www.eren.ch\\\/joran\\\/solidarite\\\/terre-nouvelle\\\/cabas-terrespoir\\\/\",\"name\":\"Je\u00fbne f\u00e9d\u00e9ral (AJS) - Paroisse du Joran\",\"isPartOf\":{\"@id\":\"https:\\\/\\\/www.eren.ch\\\/joran\\\/#website\"},\"primaryImageOfPage\":{\"@id\":\"https:\\\/\\\/www.eren.ch\\\/joran\\\/solidarite\\\/terre-nouvelle\\\/cabas-terrespoir\\\/#primaryimage\"},\"image\":{\"@id\":\"https:\\\/\\\/www.eren.ch\\\/joran\\\/solidarite\\\/terre-nouvelle\\\/cabas-terrespoir\\\/#primaryimage\"},\"thumbnailUrl\":\"https:\\\/\\\/www.eren.ch\\\/joran\\\/wp-content\\\/uploads\\\/sites\\\/17\\\/2025\\\/07\\\/Celebration-oecumenique-du-Jeune-federal-724x1024.jpg\",\"datePublished\":\"2022-03-24T09:53:25+00:00\",\"dateModified\":\"2025-10-06T06:21:14+00:00\",\"breadcrumb\":{\"@id\":\"https:\\\/\\\/www.eren.ch\\\/joran\\\/solidarite\\\/terre-nouvelle\\\/cabas-terrespoir\\\/#breadcrumb\"},\"inLanguage\":\"fr-FR\",\"potentialAction\":[{\"@type\":\"ReadAction\",\"target\":[\"https:\\\/\\\/www.eren.ch\\\/joran\\\/solidarite\\\/terre-nouvelle\\\/cabas-terrespoir\\\/\"]}]},{\"@type\":\"ImageObject\",\"inLanguage\":\"fr-FR\",\"@id\":\"https:\\\/\\\/www.eren.ch\\\/joran\\\/solidarite\\\/terre-nouvelle\\\/cabas-terrespoir\\\/#primaryimage\",\"url\":\"\",\"contentUrl\":\"\"},{\"@type\":\"BreadcrumbList\",\"@id\":\"https:\\\/\\\/www.eren.ch\\\/joran\\\/solidarite\\\/terre-nouvelle\\\/cabas-terrespoir\\\/#breadcrumb\",\"itemListElement\":[{\"@type\":\"ListItem\",\"position\":1,\"name\":\"Accueil\",\"item\":\"https:\\\/\\\/www.eren.ch\\\/joran\\\/\"},{\"@type\":\"ListItem\",\"position\":2,\"name\":\"Solidarit\u00e9\",\"item\":\"https:\\\/\\\/www.eren.ch\\\/joran\\\/solidarite\\\/\"},{\"@type\":\"ListItem\",\"position\":3,\"name\":\"Terre Nouvelle\",\"item\":\"https:\\\/\\\/www.eren.ch\\\/joran\\\/solidarite\\\/terre-nouvelle\\\/\"},{\"@type\":\"ListItem\",\"position\":4,\"name\":\"Je\u00fbne f\u00e9d\u00e9ral (AJS)\"}]},{\"@type\":\"WebSite\",\"@id\":\"https:\\\/\\\/www.eren.ch\\\/joran\\\/#website\",\"url\":\"https:\\\/\\\/www.eren.ch\\\/joran\\\/\",\"name\":\"Paroisse du Joran\",\"description\":\"Boudry, Cortaillod et La Grande B\u00e9roche\",\"publisher\":{\"@id\":\"https:\\\/\\\/www.eren.ch\\\/joran\\\/#organization\"},\"potentialAction\":[{\"@type\":\"SearchAction\",\"target\":{\"@type\":\"EntryPoint\",\"urlTemplate\":\"https:\\\/\\\/www.eren.ch\\\/joran\\\/?s={search_term_string}\"},\"query-input\":{\"@type\":\"PropertyValueSpecification\",\"valueRequired\":true,\"valueName\":\"search_term_string\"}}],\"inLanguage\":\"fr-FR\"},{\"@type\":\"Organization\",\"@id\":\"https:\\\/\\\/www.eren.ch\\\/joran\\\/#organization\",\"name\":\"Paroisse du Joran\",\"url\":\"https:\\\/\\\/www.eren.ch\\\/joran\\\/\",\"logo\":{\"@type\":\"ImageObject\",\"inLanguage\":\"fr-FR\",\"@id\":\"https:\\\/\\\/www.eren.ch\\\/joran\\\/#\\\/schema\\\/logo\\\/image\\\/\",\"url\":\"https:\\\/\\\/www.eren.ch\\\/joran\\\/wp-content\\\/uploads\\\/sites\\\/17\\\/2022\\\/11\\\/logo-joran.png\",\"contentUrl\":\"https:\\\/\\\/www.eren.ch\\\/joran\\\/wp-content\\\/uploads\\\/sites\\\/17\\\/2022\\\/11\\\/logo-joran.png\",\"width\":240,\"height\":117,\"caption\":\"Paroisse du Joran\"},\"image\":{\"@id\":\"https:\\\/\\\/www.eren.ch\\\/joran\\\/#\\\/schema\\\/logo\\\/image\\\/\"}}]}<\/script>\n<!-- \/ Yoast SEO Premium plugin. -->","yoast_head_json":{"title":"Je\u00fbne f\u00e9d\u00e9ral (AJS) - Paroisse du Joran","robots":{"index":"index","follow":"follow","max-snippet":"max-snippet:-1","max-image-preview":"max-image-preview:large","max-video-preview":"max-video-preview:-1"},"canonical":"https:\/\/www.eren.ch\/joran\/solidarite\/terre-nouvelle\/cabas-terrespoir\/","og_locale":"fr_FR","og_type":"article","og_title":"Je\u00fbne f\u00e9d\u00e9ral (AJS)","og_description":"C\u00e9l\u00e9bration le dimanche 21 septembre 2025 \u00e0 l&rsquo;\u00e9glise catholique de Boudry \u00e0 10h. Le message sera apport\u00e9 par Sandro Agustoni de retour d&rsquo;Ha\u00efti apr\u00e8s 3 ans en mission dans ce pays. Prochaine c\u00e9l\u00e9bration \u00e0 St-Aubin en 2026 D\u00e9gustation de g\u00e2teaux aux pruneaux que les paroissien-ne-s ont apport\u00e9s, apr\u00e8s la c\u00e9l\u00e9bration dans la salle partoissiale. MERCI &hellip; Continuer la lecture de &laquo;&nbsp;Je\u00fbne f\u00e9d\u00e9ral (AJS)&nbsp;&raquo;","og_url":"https:\/\/www.eren.ch\/joran\/solidarite\/terre-nouvelle\/cabas-terrespoir\/","og_site_name":"Paroisse du Joran","article_modified_time":"2025-10-06T06:21:14+00:00","twitter_card":"summary_large_image","twitter_misc":{"Dur\u00e9e de lecture estim\u00e9e":"1 minute"},"schema":{"@context":"https:\/\/schema.org","@graph":[{"@type":"WebPage","@id":"https:\/\/www.eren.ch\/joran\/solidarite\/terre-nouvelle\/cabas-terrespoir\/","url":"https:\/\/www.eren.ch\/joran\/solidarite\/terre-nouvelle\/cabas-terrespoir\/","name":"Je\u00fbne f\u00e9d\u00e9ral (AJS) - Paroisse du Joran","isPartOf":{"@id":"https:\/\/www.eren.ch\/joran\/#website"},"primaryImageOfPage":{"@id":"https:\/\/www.eren.ch\/joran\/solidarite\/terre-nouvelle\/cabas-terrespoir\/#primaryimage"},"image":{"@id":"https:\/\/www.eren.ch\/joran\/solidarite\/terre-nouvelle\/cabas-terrespoir\/#primaryimage"},"thumbnailUrl":"https:\/\/www.eren.ch\/joran\/wp-content\/uploads\/sites\/17\/2025\/07\/Celebration-oecumenique-du-Jeune-federal-724x1024.jpg","datePublished":"2022-03-24T09:53:25+00:00","dateModified":"2025-10-06T06:21:14+00:00","breadcrumb":{"@id":"https:\/\/www.eren.ch\/joran\/solidarite\/terre-nouvelle\/cabas-terrespoir\/#breadcrumb"},"inLanguage":"fr-FR","potentialAction":[{"@type":"ReadAction","target":["https:\/\/www.eren.ch\/joran\/solidarite\/terre-nouvelle\/cabas-terrespoir\/"]}]},{"@type":"ImageObject","inLanguage":"fr-FR","@id":"https:\/\/www.eren.ch\/joran\/solidarite\/terre-nouvelle\/cabas-terrespoir\/#primaryimage","url":"","contentUrl":""},{"@type":"BreadcrumbList","@id":"https:\/\/www.eren.ch\/joran\/solidarite\/terre-nouvelle\/cabas-terrespoir\/#breadcrumb","itemListElement":[{"@type":"ListItem","position":1,"name":"Accueil","item":"https:\/\/www.eren.ch\/joran\/"},{"@type":"ListItem","position":2,"name":"Solidarit\u00e9","item":"https:\/\/www.eren.ch\/joran\/solidarite\/"},{"@type":"ListItem","position":3,"name":"Terre Nouvelle","item":"https:\/\/www.eren.ch\/joran\/solidarite\/terre-nouvelle\/"},{"@type":"ListItem","position":4,"name":"Je\u00fbne f\u00e9d\u00e9ral (AJS)"}]},{"@type":"WebSite","@id":"https:\/\/www.eren.ch\/joran\/#website","url":"https:\/\/www.eren.ch\/joran\/","name":"Paroisse du Joran","description":"Boudry, Cortaillod et La Grande B\u00e9roche","publisher":{"@id":"https:\/\/www.eren.ch\/joran\/#organization"},"potentialAction":[{"@type":"SearchAction","target":{"@type":"EntryPoint","urlTemplate":"https:\/\/www.eren.ch\/joran\/?s={search_term_string}"},"query-input":{"@type":"PropertyValueSpecification","valueRequired":true,"valueName":"search_term_string"}}],"inLanguage":"fr-FR"},{"@type":"Organization","@id":"https:\/\/www.eren.ch\/joran\/#organization","name":"Paroisse du Joran","url":"https:\/\/www.eren.ch\/joran\/","logo":{"@type":"ImageObject","inLanguage":"fr-FR","@id":"https:\/\/www.eren.ch\/joran\/#\/schema\/logo\/image\/","url":"https:\/\/www.eren.ch\/joran\/wp-content\/uploads\/sites\/17\/2022\/11\/logo-joran.png","contentUrl":"https:\/\/www.eren.ch\/joran\/wp-content\/uploads\/sites\/17\/2022\/11\/logo-joran.png","width":240,"height":117,"caption":"Paroisse du Joran"},"image":{"@id":"https:\/\/www.eren.ch\/joran\/#\/schema\/logo\/image\/"}}]}},"_links":{"self":[{"href":"https:\/\/www.eren.ch\/joran\/wp-json\/wp\/v2\/pages\/83","targetHints":{"allow":["GET"]}}],"collection":[{"href":"https:\/\/www.eren.ch\/joran\/wp-json\/wp\/v2\/pages"}],"about":[{"href":"https:\/\/www.eren.ch\/joran\/wp-json\/wp\/v2\/types\/page"}],"author":[{"embeddable":true,"href":"https:\/\/www.eren.ch\/joran\/wp-json\/wp\/v2\/users\/1"}],"replies":[{"embeddable":true,"href":"https:\/\/www.eren.ch\/joran\/wp-json\/wp\/v2\/comments?post=83"}],"version-history":[{"count":0,"href":"https:\/\/www.eren.ch\/joran\/wp-json\/wp\/v2\/pages\/83\/revisions"}],"up":[{"embeddable":true,"href":"https:\/\/www.eren.ch\/joran\/wp-json\/wp\/v2\/pages\/81"}],"wp:attachment":[{"href":"https:\/\/www.eren.ch\/joran\/wp-json\/wp\/v2\/media?parent=83"}],"curies":[{"name":"wp","href":"https:\/\/api.w.org\/{rel}","templated":true}]}}