{"id":23,"date":"2021-06-30T10:00:47","date_gmt":"2021-06-30T08:00:47","guid":{"rendered":"https:\/\/www.eren.ch\/lanterne\/?page_id=23"},"modified":"2026-05-09T14:11:43","modified_gmt":"2026-05-09T12:11:43","slug":"a-lemporter","status":"publish","type":"page","link":"https:\/\/www.eren.ch\/lanterne\/a-lemporter\/","title":{"rendered":"\u00c0 l&#8217;emporter"},"content":{"rendered":"\n<p>Nous vous proposons ici des nouvelles de La Lanterne \u00e0 emporter, \u00e0 partager autour de vous, \u00e0 faire conna\u00eetre :<\/p>\n\n\n\n<h2 class=\"wp-block-heading\" id=\"h-nos-reflets\">Nos Reflets<\/h2>\n\n\n\n<p>le Journal REFLETS qui para\u00eet deux fois par ann\u00e9e et qui donne la parole aux acteurs et actrices de l&rsquo;aum\u00f4nerie de rue.<\/p>\n\n\n\n<p><img loading=\"lazy\" decoding=\"async\" width=\"51\" height=\"48\" class=\"alignnone wp-image-8\" src=\"https:\/\/www.eren.ch\/lanterne\/wp-content\/uploads\/sites\/15\/2021\/06\/Logo_couleurs.jpg\" alt=\"La Lanterne\"> <a href=\"https:\/\/www.eren.ch\/lanterne\/wp-content\/uploads\/sites\/15\/2026\/05\/1-Reflets_2026-v1.pdf\" id=\"461\">Reflets de la Lanterne-2026-1<\/a><\/p>\n\n\n\n<p><img loading=\"lazy\" decoding=\"async\" width=\"51\" height=\"48\" class=\"alignnone wp-image-8\" src=\"https:\/\/www.eren.ch\/lanterne\/wp-content\/uploads\/sites\/15\/2021\/06\/Logo_couleurs.jpg\" alt=\"La Lanterne\"> <a href=\"https:\/\/www.eren.ch\/lanterne\/wp-content\/uploads\/sites\/15\/2025\/11\/2-Reflets_2025-v1.pdf\">Reflets de la Lanterne-2025-2<\/a><\/p>\n\n\n\n<p><img loading=\"lazy\" decoding=\"async\" width=\"51\" height=\"48\" class=\"alignnone wp-image-8\" src=\"https:\/\/www.eren.ch\/lanterne\/wp-content\/uploads\/sites\/15\/2021\/06\/Logo_couleurs.jpg\" alt=\"La Lanterne\">  <a href=\"https:\/\/www.eren.ch\/lanterne\/wp-content\/uploads\/sites\/15\/2025\/05\/1-Reflets_2025-v1.pdf\">Reflets de la Lanterne-2025-1<\/a><\/p>\n\n\n\n<p><a href=\"https:\/\/www.eren.ch\/lanterne\/wp-content\/uploads\/sites\/15\/2024\/12\/Echo-magazine-n-51-52-LaLanterne.pdf\">Ils accueillent au nom du Christ<\/a> (Echo-Magazine d\u00e9cembre 2024)<\/p>\n\n\n\n<p><img loading=\"lazy\" decoding=\"async\" width=\"51\" height=\"48\" class=\"alignnone wp-image-8\" src=\"https:\/\/www.eren.ch\/lanterne\/wp-content\/uploads\/sites\/15\/2021\/06\/Logo_couleurs.jpg\" alt=\"La Lanterne\"> <a href=\"https:\/\/www.eren.ch\/lanterne\/wp-content\/uploads\/sites\/15\/2024\/11\/2-Reflets_2024-v1.pdf\">Reflets de la Lanterne-2024-2<\/a><\/p>\n\n\n\n<p><img loading=\"lazy\" decoding=\"async\" width=\"51\" height=\"48\" class=\"alignnone wp-image-8\" src=\"https:\/\/www.eren.ch\/lanterne\/wp-content\/uploads\/sites\/15\/2021\/06\/Logo_couleurs.jpg\" alt=\"La Lanterne\"> <a href=\"https:\/\/www.eren.ch\/lanterne\/wp-content\/uploads\/sites\/15\/2024\/05\/1-Reflets_2024-v1.pdf\">Reflets de la Lanterne-2024-1<\/a><\/p>\n\n\n\n<p><img loading=\"lazy\" decoding=\"async\" width=\"51\" height=\"48\" class=\"alignnone wp-image-8\" src=\"https:\/\/www.eren.ch\/lanterne\/wp-content\/uploads\/sites\/15\/2021\/06\/Logo_couleurs.jpg\" alt=\"La Lanterne\"> <a href=\"https:\/\/www.eren.ch\/lanterne\/wp-content\/uploads\/sites\/15\/2023\/10\/2-Reflets_2023-v1.pdf\">Reflets de la Lanterne-2023-2<\/a><\/p>\n\n\n\n<p><img loading=\"lazy\" decoding=\"async\" width=\"51\" height=\"48\" class=\"alignnone wp-image-8\" src=\"https:\/\/www.eren.ch\/lanterne\/wp-content\/uploads\/sites\/15\/2021\/06\/Logo_couleurs.jpg\" alt=\"La Lanterne\">&nbsp; <a href=\"https:\/\/www.eren.ch\/lanterne\/wp-content\/uploads\/sites\/15\/2023\/06\/copie_1-Reflets_2023-v3.pdf\">Reflets de la Lanterne-2023-1<\/a><\/p>\n\n\n\n<p><img loading=\"lazy\" decoding=\"async\" class=\"alignnone wp-image-8\" src=\"https:\/\/www.eren.ch\/lanterne\/wp-content\/uploads\/sites\/15\/2021\/06\/Logo_couleurs.jpg\" alt=\"La Lanterne\" width=\"51\" height=\"48\"> &nbsp;&nbsp;<a href=\"https:\/\/www.eren.ch\/lanterne\/wp-content\/uploads\/sites\/15\/2022\/10\/2-Reflets_2022-v1.pdf\">Reflets de la Lanterne-2022-2<\/a><\/p>\n\n\n\n<p><img loading=\"lazy\" decoding=\"async\" class=\"alignnone wp-image-8\" src=\"https:\/\/www.eren.ch\/lanterne\/wp-content\/uploads\/sites\/15\/2021\/06\/Logo_couleurs.jpg\" alt=\"La Lanterne\" width=\"51\" height=\"48\"> &nbsp;&nbsp;<a href=\"https:\/\/www.eren.ch\/lanterne\/wp-content\/uploads\/sites\/15\/2022\/04\/1-Reflets_2022-v2a.pdf\">Reflets de la Lanterne-2022-1<\/a><\/p>\n\n\n\n<p><img loading=\"lazy\" decoding=\"async\" class=\"alignnone wp-image-8\" src=\"https:\/\/www.eren.ch\/lanterne\/wp-content\/uploads\/sites\/15\/2021\/06\/Logo_couleurs.jpg\" alt=\"La Lanterne\" width=\"51\" height=\"48\"> &nbsp;&nbsp;<a href=\"https:\/\/www.eren.ch\/lanterne\/wp-content\/uploads\/sites\/15\/2021\/11\/Reflets-de-la-Lanterne_3_2021-1.pdf\">Reflets de la Lanterne-2021-2<\/a><\/p>\n\n\n\n<p><a href=\"https:\/\/www.eren.ch\/lanterne\/wp-content\/uploads\/sites\/15\/2021\/11\/Tire-a-part_Itineraires.pdf\">Faire chemin avec&#8230; Une aum\u00f4nerie au c\u0153ur de la ville<\/a> (tir\u00e9 \u00e0 part)<\/p>\n\n\n\n<p><img loading=\"lazy\" decoding=\"async\" class=\"alignnone wp-image-8\" src=\"https:\/\/www.eren.ch\/lanterne\/wp-content\/uploads\/sites\/15\/2021\/06\/Logo_couleurs.jpg\" alt=\"La Lanterne\" width=\"51\" height=\"48\"> &nbsp; <a href=\"https:\/\/www.eren.ch\/lanterne\/wp-content\/uploads\/sites\/15\/2021\/06\/reflets-lanterne-2021-1.pdf\">Reflets de la Lanterne-2021-1<\/a><\/p>\n\n\n\n<h2 class=\"wp-block-heading\" id=\"h-meditations-a-l-emporter\">M\u00e9ditations \u00e0 l&#8217;emporter<\/h2>\n\n\n\n<p>Des m\u00e9ditations \u00e0 l&#8217;emporter, sorte de mini-culte \u00e0 lire et \u00e0 m\u00e9diter seul\u00b7e ou \u00e0 plusieurs :<\/p>\n\n\n\n<p><a href=\"https:\/\/www.eren.ch\/lanterne\/wp-content\/uploads\/sites\/15\/2021\/06\/20210602_Me\u0301ditation_emporter_enfants.pdf\">Laissez venir les petits enfants<\/a><\/p>\n\n\n\n<p><a href=\"https:\/\/www.eren.ch\/lanterne\/wp-content\/uploads\/sites\/15\/2021\/07\/20210702_Me\u0301ditation_emporter_nom.pdf\">Quel est ton nom ?<\/a><\/p>\n\n\n\n<p><a href=\"https:\/\/www.eren.ch\/lanterne\/wp-content\/uploads\/sites\/15\/2021\/08\/202100802_Me\u0301ditation_emporter_doute.pdf\">\u00d4tez-moi d&rsquo;un doute<\/a><\/p>\n\n\n\n<p><a href=\"https:\/\/www.eren.ch\/lanterne\/wp-content\/uploads\/sites\/15\/2021\/08\/202100901_Me\u0301ditation_emporter_ouvriers.pdf\">Travail \u00e9gal, salaire \u00e9gal ?<\/a><\/p>\n\n\n\n<p><a href=\"https:\/\/www.eren.ch\/lanterne\/wp-content\/uploads\/sites\/15\/2021\/10\/202101006_Me\u0301ditation_emporter_parole.pdf\">Je n&rsquo;ai pas la parole facile<\/a><\/p>\n\n\n\n<p><a href=\"https:\/\/www.eren.ch\/lanterne\/wp-content\/uploads\/sites\/15\/2021\/11\/202101006_Meditation_emporter_dernier.pdf\">Le petit dernier<\/a><\/p>\n\n\n\n<p><a href=\"https:\/\/www.eren.ch\/lanterne\/wp-content\/uploads\/sites\/15\/2021\/12\/20211206_Meditation_emporter_Avent.pdf\">Pr\u00e9parer le chemin<\/a><\/p>\n\n\n\n<p><a href=\"https:\/\/www.eren.ch\/lanterne\/wp-content\/uploads\/sites\/15\/2022\/04\/20220410_Meditation_emporter_Paques22.pdf\">En chemin vers P\u00e2ques<\/a><\/p>\n\n\n\n<p><a href=\"https:\/\/www.eren.ch\/lanterne\/wp-content\/uploads\/sites\/15\/2022\/07\/20220007_Marthe-et-Marie.pdf\">Marthe et Marie ou l&rsquo;art de recevoir<\/a><\/p>\n\n\n\n<p><a href=\"https:\/\/www.eren.ch\/lanterne\/wp-content\/uploads\/sites\/15\/2022\/11\/20221128_Meditation_Avent22.pdf\">M\u00e9ditation du temps de l&rsquo;Avent<\/a><\/p>\n\n\n\n<p><a href=\"https:\/\/www.eren.ch\/lanterne\/wp-content\/uploads\/sites\/15\/2024\/02\/24-02-07CelebrationLanterne.pdf\">C\u00e9l\u00e9bration Spaghetti du 7 f\u00e9vrier 2024<\/a><\/p>\n","protected":false},"excerpt":{"rendered":"<p>Nous vous proposons ici des nouvelles de La Lanterne \u00e0 emporter, \u00e0 partager autour de vous, \u00e0 faire conna\u00eetre : Nos Reflets le Journal REFLETS qui para\u00eet deux fois par ann\u00e9e et qui donne la parole aux acteurs et actrices de l&rsquo;aum\u00f4nerie de rue. Reflets de la Lanterne-2026-1 Reflets de la Lanterne-2025-2 Reflets de la &hellip; <a href=\"https:\/\/www.eren.ch\/lanterne\/a-lemporter\/\" class=\"more-link\">Continuer la lecture<span class=\"screen-reader-text\"> de &laquo;&nbsp;\u00c0 l&#8217;emporter&nbsp;&raquo;<\/span><\/a><\/p>\n","protected":false},"author":23,"featured_media":26,"parent":0,"menu_order":0,"comment_status":"closed","ping_status":"closed","template":"","meta":{"footnotes":""},"class_list":["post-23","page","type-page","status-publish","has-post-thumbnail","hentry"],"yoast_head":"<!-- This site is optimized with the Yoast SEO Premium plugin v27.6 (Yoast SEO v27.6) - https:\/\/yoast.com\/product\/yoast-seo-premium-wordpress\/ -->\n<title>\u00c0 l&#039;emporter - La Lanterne<\/title>\n<meta name=\"description\" content=\"La Lanterne, c&#039;est aussi un journal REFLETS qui para\u00eet deux fois par an, donnant des nouvelles de ce qui se passe dans ce lieu.\" \/>\n<meta name=\"robots\" content=\"index, follow, max-snippet:-1, max-image-preview:large, max-video-preview:-1\" \/>\n<link rel=\"canonical\" href=\"https:\/\/www.eren.ch\/lanterne\/a-lemporter\/\" \/>\n<meta property=\"og:locale\" content=\"fr_FR\" \/>\n<meta property=\"og:type\" content=\"article\" \/>\n<meta property=\"og:title\" content=\"\u00c0 l&#039;emporter\" \/>\n<meta property=\"og:description\" content=\"La Lanterne, c&#039;est aussi un journal REFLETS qui para\u00eet deux fois par an, donnant des nouvelles de ce qui se passe dans ce lieu.\" \/>\n<meta property=\"og:url\" content=\"https:\/\/www.eren.ch\/lanterne\/a-lemporter\/\" \/>\n<meta property=\"og:site_name\" content=\"La Lanterne\" \/>\n<meta property=\"article:modified_time\" content=\"2026-05-09T12:11:43+00:00\" \/>\n<meta property=\"og:image\" content=\"https:\/\/www.eren.ch\/lanterne\/wp-content\/uploads\/sites\/15\/2021\/06\/lanterne_reflets.jpg\" \/>\n\t<meta property=\"og:image:width\" content=\"1024\" \/>\n\t<meta property=\"og:image:height\" content=\"851\" \/>\n\t<meta property=\"og:image:type\" content=\"image\/jpeg\" \/>\n<meta name=\"twitter:card\" content=\"summary_large_image\" \/>\n<meta name=\"twitter:label1\" content=\"Dur\u00e9e de lecture estim\u00e9e\" \/>\n\t<meta name=\"twitter:data1\" content=\"4 minutes\" \/>\n<script type=\"application\/ld+json\" class=\"yoast-schema-graph\">{\"@context\":\"https:\\\/\\\/schema.org\",\"@graph\":[{\"@type\":\"WebPage\",\"@id\":\"https:\\\/\\\/www.eren.ch\\\/lanterne\\\/a-lemporter\\\/\",\"url\":\"https:\\\/\\\/www.eren.ch\\\/lanterne\\\/a-lemporter\\\/\",\"name\":\"\u00c0 l'emporter - La Lanterne\",\"isPartOf\":{\"@id\":\"https:\\\/\\\/www.eren.ch\\\/lanterne\\\/#website\"},\"primaryImageOfPage\":{\"@id\":\"https:\\\/\\\/www.eren.ch\\\/lanterne\\\/a-lemporter\\\/#primaryimage\"},\"image\":{\"@id\":\"https:\\\/\\\/www.eren.ch\\\/lanterne\\\/a-lemporter\\\/#primaryimage\"},\"thumbnailUrl\":\"https:\\\/\\\/www.eren.ch\\\/lanterne\\\/wp-content\\\/uploads\\\/sites\\\/15\\\/2021\\\/06\\\/lanterne_reflets.jpg\",\"datePublished\":\"2021-06-30T08:00:47+00:00\",\"dateModified\":\"2026-05-09T12:11:43+00:00\",\"description\":\"La Lanterne, c'est aussi un journal REFLETS qui para\u00eet deux fois par an, donnant des nouvelles de ce qui se passe dans ce lieu.\",\"breadcrumb\":{\"@id\":\"https:\\\/\\\/www.eren.ch\\\/lanterne\\\/a-lemporter\\\/#breadcrumb\"},\"inLanguage\":\"fr-FR\",\"potentialAction\":[{\"@type\":\"ReadAction\",\"target\":[\"https:\\\/\\\/www.eren.ch\\\/lanterne\\\/a-lemporter\\\/\"]}]},{\"@type\":\"ImageObject\",\"inLanguage\":\"fr-FR\",\"@id\":\"https:\\\/\\\/www.eren.ch\\\/lanterne\\\/a-lemporter\\\/#primaryimage\",\"url\":\"https:\\\/\\\/www.eren.ch\\\/lanterne\\\/wp-content\\\/uploads\\\/sites\\\/15\\\/2021\\\/06\\\/lanterne_reflets.jpg\",\"contentUrl\":\"https:\\\/\\\/www.eren.ch\\\/lanterne\\\/wp-content\\\/uploads\\\/sites\\\/15\\\/2021\\\/06\\\/lanterne_reflets.jpg\",\"width\":1024,\"height\":851,\"caption\":\"Lanterne_reflets\"},{\"@type\":\"BreadcrumbList\",\"@id\":\"https:\\\/\\\/www.eren.ch\\\/lanterne\\\/a-lemporter\\\/#breadcrumb\",\"itemListElement\":[{\"@type\":\"ListItem\",\"position\":1,\"name\":\"Accueil\",\"item\":\"https:\\\/\\\/www.eren.ch\\\/lanterne\\\/\"},{\"@type\":\"ListItem\",\"position\":2,\"name\":\"\u00c0 l&#8217;emporter\"}]},{\"@type\":\"WebSite\",\"@id\":\"https:\\\/\\\/www.eren.ch\\\/lanterne\\\/#website\",\"url\":\"https:\\\/\\\/www.eren.ch\\\/lanterne\\\/\",\"name\":\"La Lanterne\",\"description\":\"Aum\u00f4nerie \u0153cum\u00e9nique de rue en Ville de Neuch\u00e2tel\",\"potentialAction\":[{\"@type\":\"SearchAction\",\"target\":{\"@type\":\"EntryPoint\",\"urlTemplate\":\"https:\\\/\\\/www.eren.ch\\\/lanterne\\\/?s={search_term_string}\"},\"query-input\":{\"@type\":\"PropertyValueSpecification\",\"valueRequired\":true,\"valueName\":\"search_term_string\"}}],\"inLanguage\":\"fr-FR\"}]}<\/script>\n<!-- \/ Yoast SEO Premium plugin. -->","yoast_head_json":{"title":"\u00c0 l'emporter - La Lanterne","description":"La Lanterne, c'est aussi un journal REFLETS qui para\u00eet deux fois par an, donnant des nouvelles de ce qui se passe dans ce lieu.","robots":{"index":"index","follow":"follow","max-snippet":"max-snippet:-1","max-image-preview":"max-image-preview:large","max-video-preview":"max-video-preview:-1"},"canonical":"https:\/\/www.eren.ch\/lanterne\/a-lemporter\/","og_locale":"fr_FR","og_type":"article","og_title":"\u00c0 l'emporter","og_description":"La Lanterne, c'est aussi un journal REFLETS qui para\u00eet deux fois par an, donnant des nouvelles de ce qui se passe dans ce lieu.","og_url":"https:\/\/www.eren.ch\/lanterne\/a-lemporter\/","og_site_name":"La Lanterne","article_modified_time":"2026-05-09T12:11:43+00:00","og_image":[{"width":1024,"height":851,"url":"https:\/\/www.eren.ch\/lanterne\/wp-content\/uploads\/sites\/15\/2021\/06\/lanterne_reflets.jpg","type":"image\/jpeg"}],"twitter_card":"summary_large_image","twitter_misc":{"Dur\u00e9e de lecture estim\u00e9e":"4 minutes"},"schema":{"@context":"https:\/\/schema.org","@graph":[{"@type":"WebPage","@id":"https:\/\/www.eren.ch\/lanterne\/a-lemporter\/","url":"https:\/\/www.eren.ch\/lanterne\/a-lemporter\/","name":"\u00c0 l'emporter - La Lanterne","isPartOf":{"@id":"https:\/\/www.eren.ch\/lanterne\/#website"},"primaryImageOfPage":{"@id":"https:\/\/www.eren.ch\/lanterne\/a-lemporter\/#primaryimage"},"image":{"@id":"https:\/\/www.eren.ch\/lanterne\/a-lemporter\/#primaryimage"},"thumbnailUrl":"https:\/\/www.eren.ch\/lanterne\/wp-content\/uploads\/sites\/15\/2021\/06\/lanterne_reflets.jpg","datePublished":"2021-06-30T08:00:47+00:00","dateModified":"2026-05-09T12:11:43+00:00","description":"La Lanterne, c'est aussi un journal REFLETS qui para\u00eet deux fois par an, donnant des nouvelles de ce qui se passe dans ce lieu.","breadcrumb":{"@id":"https:\/\/www.eren.ch\/lanterne\/a-lemporter\/#breadcrumb"},"inLanguage":"fr-FR","potentialAction":[{"@type":"ReadAction","target":["https:\/\/www.eren.ch\/lanterne\/a-lemporter\/"]}]},{"@type":"ImageObject","inLanguage":"fr-FR","@id":"https:\/\/www.eren.ch\/lanterne\/a-lemporter\/#primaryimage","url":"https:\/\/www.eren.ch\/lanterne\/wp-content\/uploads\/sites\/15\/2021\/06\/lanterne_reflets.jpg","contentUrl":"https:\/\/www.eren.ch\/lanterne\/wp-content\/uploads\/sites\/15\/2021\/06\/lanterne_reflets.jpg","width":1024,"height":851,"caption":"Lanterne_reflets"},{"@type":"BreadcrumbList","@id":"https:\/\/www.eren.ch\/lanterne\/a-lemporter\/#breadcrumb","itemListElement":[{"@type":"ListItem","position":1,"name":"Accueil","item":"https:\/\/www.eren.ch\/lanterne\/"},{"@type":"ListItem","position":2,"name":"\u00c0 l&#8217;emporter"}]},{"@type":"WebSite","@id":"https:\/\/www.eren.ch\/lanterne\/#website","url":"https:\/\/www.eren.ch\/lanterne\/","name":"La Lanterne","description":"Aum\u00f4nerie \u0153cum\u00e9nique de rue en Ville de Neuch\u00e2tel","potentialAction":[{"@type":"SearchAction","target":{"@type":"EntryPoint","urlTemplate":"https:\/\/www.eren.ch\/lanterne\/?s={search_term_string}"},"query-input":{"@type":"PropertyValueSpecification","valueRequired":true,"valueName":"search_term_string"}}],"inLanguage":"fr-FR"}]}},"_links":{"self":[{"href":"https:\/\/www.eren.ch\/lanterne\/wp-json\/wp\/v2\/pages\/23","targetHints":{"allow":["GET"]}}],"collection":[{"href":"https:\/\/www.eren.ch\/lanterne\/wp-json\/wp\/v2\/pages"}],"about":[{"href":"https:\/\/www.eren.ch\/lanterne\/wp-json\/wp\/v2\/types\/page"}],"author":[{"embeddable":true,"href":"https:\/\/www.eren.ch\/lanterne\/wp-json\/wp\/v2\/users\/23"}],"replies":[{"embeddable":true,"href":"https:\/\/www.eren.ch\/lanterne\/wp-json\/wp\/v2\/comments?post=23"}],"version-history":[{"count":11,"href":"https:\/\/www.eren.ch\/lanterne\/wp-json\/wp\/v2\/pages\/23\/revisions"}],"predecessor-version":[{"id":466,"href":"https:\/\/www.eren.ch\/lanterne\/wp-json\/wp\/v2\/pages\/23\/revisions\/466"}],"wp:featuredmedia":[{"embeddable":true,"href":"https:\/\/www.eren.ch\/lanterne\/wp-json\/wp\/v2\/media\/26"}],"wp:attachment":[{"href":"https:\/\/www.eren.ch\/lanterne\/wp-json\/wp\/v2\/media?parent=23"}],"curies":[{"name":"wp","href":"https:\/\/api.w.org\/{rel}","templated":true}]}}