{"id":31,"date":"2021-07-01T10:27:25","date_gmt":"2021-07-01T08:27:25","guid":{"rendered":"https:\/\/www.eren.ch\/lanterne\/?page_id=31"},"modified":"2021-07-16T14:51:03","modified_gmt":"2021-07-16T12:51:03","slug":"le-lieu","status":"publish","type":"page","link":"https:\/\/www.eren.ch\/lanterne\/le-lieu\/","title":{"rendered":"Le lieu"},"content":{"rendered":"<p>La Lanterne est un lieu d&rsquo;humanit\u00e9 o\u00f9 se croisent et s&rsquo;entrecroisent des histoires de vie. Dans l&rsquo;ambiance d&rsquo;un bistrot et dans le recueillement d&rsquo;une chapelle, chacun y trouvera son lieu.<\/p>\n<h2>Le bistrot<\/h2>\n<p>La Lanterne se compose d&rsquo;un coin Bistrot o\u00f9 chacun\u00b7e est accueilli\u00b7e pour passer un moment, boire un caf\u00e9, un th\u00e9, un coca, un verre d&rsquo;eau. On proposera aussi une collation pr\u00e9par\u00e9e par les b\u00e9n\u00e9voles. C&rsquo;est un lieu o\u00f9 on papote, partage ses pr\u00e9occupations. Il y a une oreille attentive, un accueil humain.<\/p>\n<figure id=\"attachment_32\" aria-describedby=\"caption-attachment-32\" style=\"width: 615px\" class=\"wp-caption aligncenter\"><a href=\"https:\/\/www.eren.ch\/lanterne\/wp-content\/uploads\/sites\/15\/2021\/07\/Lanterne_bistrot.jpg\"><img loading=\"lazy\" decoding=\"async\" class=\"wp-image-32\" src=\"https:\/\/www.eren.ch\/lanterne\/wp-content\/uploads\/sites\/15\/2021\/07\/Lanterne_bistrot-300x145.jpg\" alt=\"La Lanterne-bistrot\" width=\"615\" height=\"297\" srcset=\"https:\/\/www.eren.ch\/lanterne\/wp-content\/uploads\/sites\/15\/2021\/07\/Lanterne_bistrot-300x145.jpg 300w, https:\/\/www.eren.ch\/lanterne\/wp-content\/uploads\/sites\/15\/2021\/07\/Lanterne_bistrot-768x371.jpg 768w, https:\/\/www.eren.ch\/lanterne\/wp-content\/uploads\/sites\/15\/2021\/07\/Lanterne_bistrot.jpg 1024w\" sizes=\"auto, (max-width: 615px) 85vw, 615px\" \/><\/a><figcaption id=\"caption-attachment-32\" class=\"wp-caption-text\">L\u00e0 o\u00f9 il fait bon s&rsquo;arr\u00eater.<\/figcaption><\/figure>\n<h2>La chapelle<\/h2>\n<p>La Lanterne offre aussi une chapelle o\u00f9 chacun\u00b7e peut se recueillir en silence ou en musique, prier, s&rsquo;entretenir avec l&rsquo;aum\u00f4nier, l&rsquo;animateur, un\u00b7e b\u00e9n\u00e9vole, confier dans le livre de pri\u00e8res un nom ou une situation. Tout cela dans la confidentialit\u00e9 la plus stricte.<\/p>\n<figure id=\"attachment_55\" aria-describedby=\"caption-attachment-55\" style=\"width: 596px\" class=\"wp-caption aligncenter\"><a href=\"https:\/\/www.eren.ch\/lanterne\/wp-content\/uploads\/sites\/15\/2021\/07\/chapelle2.jpg\"><img loading=\"lazy\" decoding=\"async\" class=\"wp-image-55 \" src=\"https:\/\/www.eren.ch\/lanterne\/wp-content\/uploads\/sites\/15\/2021\/07\/chapelle2-300x144.jpg\" alt=\"la chapelle\" width=\"596\" height=\"286\" srcset=\"https:\/\/www.eren.ch\/lanterne\/wp-content\/uploads\/sites\/15\/2021\/07\/chapelle2-300x144.jpg 300w, https:\/\/www.eren.ch\/lanterne\/wp-content\/uploads\/sites\/15\/2021\/07\/chapelle2-768x368.jpg 768w, https:\/\/www.eren.ch\/lanterne\/wp-content\/uploads\/sites\/15\/2021\/07\/chapelle2.jpg 1024w\" sizes=\"auto, (max-width: 596px) 85vw, 596px\" \/><\/a><figcaption id=\"caption-attachment-55\" class=\"wp-caption-text\">Un lieu o\u00f9 il fait bon se recueillir<\/figcaption><\/figure>\n<p>La chapelle est orn\u00e9e d&rsquo;un tr\u00e8s beau vitrail r\u00e9alis\u00e9 par David Froidevaux, l&rsquo;un des compagnons de route. Le jeu de lumi\u00e8res offre une atmosph\u00e8re reposante \u00e0 ce lieu.<\/p>\n<figure id=\"attachment_34\" aria-describedby=\"caption-attachment-34\" style=\"width: 238px\" class=\"wp-caption aligncenter\"><a href=\"https:\/\/www.eren.ch\/lanterne\/wp-content\/uploads\/sites\/15\/2021\/07\/Vitrail.jpg\"><img loading=\"lazy\" decoding=\"async\" class=\"wp-image-34\" src=\"https:\/\/www.eren.ch\/lanterne\/wp-content\/uploads\/sites\/15\/2021\/07\/Vitrail-145x300.jpg\" alt=\"Vitrail de la chapelle\" width=\"238\" height=\"493\" srcset=\"https:\/\/www.eren.ch\/lanterne\/wp-content\/uploads\/sites\/15\/2021\/07\/Vitrail-145x300.jpg 145w, https:\/\/www.eren.ch\/lanterne\/wp-content\/uploads\/sites\/15\/2021\/07\/Vitrail.jpg 495w\" sizes=\"auto, (max-width: 238px) 85vw, 238px\" \/><\/a><figcaption id=\"caption-attachment-34\" class=\"wp-caption-text\">L\u00e0 o\u00f9 la lumi\u00e8re se fait jour.<\/figcaption><\/figure>\n","protected":false},"excerpt":{"rendered":"<p>La Lanterne est un lieu d&rsquo;humanit\u00e9 o\u00f9 se croisent et s&rsquo;entrecroisent des histoires de vie. Dans l&rsquo;ambiance d&rsquo;un bistrot et dans le recueillement d&rsquo;une chapelle, chacun y trouvera son lieu. Le bistrot La Lanterne se compose d&rsquo;un coin Bistrot o\u00f9 chacun\u00b7e est accueilli\u00b7e pour passer un moment, boire un caf\u00e9, un th\u00e9, un coca, un &hellip; <a href=\"https:\/\/www.eren.ch\/lanterne\/le-lieu\/\" class=\"more-link\">Continuer la lecture<span class=\"screen-reader-text\"> de &laquo;&nbsp;Le lieu&nbsp;&raquo;<\/span><\/a><\/p>\n","protected":false},"author":23,"featured_media":35,"parent":0,"menu_order":0,"comment_status":"closed","ping_status":"closed","template":"","meta":{"footnotes":""},"class_list":["post-31","page","type-page","status-publish","has-post-thumbnail","hentry"],"yoast_head":"<!-- This site is optimized with the Yoast SEO Premium plugin v27.6 (Yoast SEO v27.6) - https:\/\/yoast.com\/product\/yoast-seo-premium-wordpress\/ -->\n<title>Le lieu - La Lanterne<\/title>\n<meta name=\"description\" content=\"La Lanterne offre un coin Bistrot et une chapelle o\u00f9 chacun peut s&#039;arr\u00eater pour confier ce qui lui est difficile ou passer un bon moment.\" \/>\n<meta name=\"robots\" content=\"index, follow, max-snippet:-1, max-image-preview:large, max-video-preview:-1\" \/>\n<link rel=\"canonical\" href=\"https:\/\/www.eren.ch\/lanterne\/le-lieu\/\" \/>\n<meta property=\"og:locale\" content=\"fr_FR\" \/>\n<meta property=\"og:type\" content=\"article\" \/>\n<meta property=\"og:title\" content=\"Le lieu\" \/>\n<meta property=\"og:description\" content=\"La Lanterne offre un coin Bistrot et une chapelle o\u00f9 chacun peut s&#039;arr\u00eater pour confier ce qui lui est difficile ou passer un bon moment.\" \/>\n<meta property=\"og:url\" content=\"https:\/\/www.eren.ch\/lanterne\/le-lieu\/\" \/>\n<meta property=\"og:site_name\" content=\"La Lanterne\" \/>\n<meta property=\"article:modified_time\" content=\"2021-07-16T12:51:03+00:00\" \/>\n<meta property=\"og:image\" content=\"https:\/\/www.eren.ch\/lanterne\/wp-content\/uploads\/sites\/15\/2021\/07\/Lanterne_inte\u0301rieur.jpg\" \/>\n\t<meta property=\"og:image:width\" content=\"1024\" \/>\n\t<meta property=\"og:image:height\" content=\"495\" \/>\n\t<meta property=\"og:image:type\" content=\"image\/jpeg\" \/>\n<meta name=\"twitter:card\" content=\"summary_large_image\" \/>\n<meta name=\"twitter:label1\" content=\"Dur\u00e9e de lecture estim\u00e9e\" \/>\n\t<meta name=\"twitter:data1\" content=\"2 minutes\" \/>\n<script type=\"application\/ld+json\" class=\"yoast-schema-graph\">{\"@context\":\"https:\\\/\\\/schema.org\",\"@graph\":[{\"@type\":\"WebPage\",\"@id\":\"https:\\\/\\\/www.eren.ch\\\/lanterne\\\/le-lieu\\\/\",\"url\":\"https:\\\/\\\/www.eren.ch\\\/lanterne\\\/le-lieu\\\/\",\"name\":\"Le lieu - La Lanterne\",\"isPartOf\":{\"@id\":\"https:\\\/\\\/www.eren.ch\\\/lanterne\\\/#website\"},\"primaryImageOfPage\":{\"@id\":\"https:\\\/\\\/www.eren.ch\\\/lanterne\\\/le-lieu\\\/#primaryimage\"},\"image\":{\"@id\":\"https:\\\/\\\/www.eren.ch\\\/lanterne\\\/le-lieu\\\/#primaryimage\"},\"thumbnailUrl\":\"https:\\\/\\\/www.eren.ch\\\/lanterne\\\/wp-content\\\/uploads\\\/sites\\\/15\\\/2021\\\/07\\\/Lanterne_inte\u0301rieur.jpg\",\"datePublished\":\"2021-07-01T08:27:25+00:00\",\"dateModified\":\"2021-07-16T12:51:03+00:00\",\"description\":\"La Lanterne offre un coin Bistrot et une chapelle o\u00f9 chacun peut s'arr\u00eater pour confier ce qui lui est difficile ou passer un bon moment.\",\"breadcrumb\":{\"@id\":\"https:\\\/\\\/www.eren.ch\\\/lanterne\\\/le-lieu\\\/#breadcrumb\"},\"inLanguage\":\"fr-FR\",\"potentialAction\":[{\"@type\":\"ReadAction\",\"target\":[\"https:\\\/\\\/www.eren.ch\\\/lanterne\\\/le-lieu\\\/\"]}]},{\"@type\":\"ImageObject\",\"inLanguage\":\"fr-FR\",\"@id\":\"https:\\\/\\\/www.eren.ch\\\/lanterne\\\/le-lieu\\\/#primaryimage\",\"url\":\"https:\\\/\\\/www.eren.ch\\\/lanterne\\\/wp-content\\\/uploads\\\/sites\\\/15\\\/2021\\\/07\\\/Lanterne_inte\u0301rieur.jpg\",\"contentUrl\":\"https:\\\/\\\/www.eren.ch\\\/lanterne\\\/wp-content\\\/uploads\\\/sites\\\/15\\\/2021\\\/07\\\/Lanterne_inte\u0301rieur.jpg\",\"width\":1024,\"height\":495},{\"@type\":\"BreadcrumbList\",\"@id\":\"https:\\\/\\\/www.eren.ch\\\/lanterne\\\/le-lieu\\\/#breadcrumb\",\"itemListElement\":[{\"@type\":\"ListItem\",\"position\":1,\"name\":\"Accueil\",\"item\":\"https:\\\/\\\/www.eren.ch\\\/lanterne\\\/\"},{\"@type\":\"ListItem\",\"position\":2,\"name\":\"Le lieu\"}]},{\"@type\":\"WebSite\",\"@id\":\"https:\\\/\\\/www.eren.ch\\\/lanterne\\\/#website\",\"url\":\"https:\\\/\\\/www.eren.ch\\\/lanterne\\\/\",\"name\":\"La Lanterne\",\"description\":\"Aum\u00f4nerie \u0153cum\u00e9nique de rue en Ville de Neuch\u00e2tel\",\"potentialAction\":[{\"@type\":\"SearchAction\",\"target\":{\"@type\":\"EntryPoint\",\"urlTemplate\":\"https:\\\/\\\/www.eren.ch\\\/lanterne\\\/?s={search_term_string}\"},\"query-input\":{\"@type\":\"PropertyValueSpecification\",\"valueRequired\":true,\"valueName\":\"search_term_string\"}}],\"inLanguage\":\"fr-FR\"}]}<\/script>\n<!-- \/ Yoast SEO Premium plugin. -->","yoast_head_json":{"title":"Le lieu - La Lanterne","description":"La Lanterne offre un coin Bistrot et une chapelle o\u00f9 chacun peut s'arr\u00eater pour confier ce qui lui est difficile ou passer un bon moment.","robots":{"index":"index","follow":"follow","max-snippet":"max-snippet:-1","max-image-preview":"max-image-preview:large","max-video-preview":"max-video-preview:-1"},"canonical":"https:\/\/www.eren.ch\/lanterne\/le-lieu\/","og_locale":"fr_FR","og_type":"article","og_title":"Le lieu","og_description":"La Lanterne offre un coin Bistrot et une chapelle o\u00f9 chacun peut s'arr\u00eater pour confier ce qui lui est difficile ou passer un bon moment.","og_url":"https:\/\/www.eren.ch\/lanterne\/le-lieu\/","og_site_name":"La Lanterne","article_modified_time":"2021-07-16T12:51:03+00:00","og_image":[{"width":1024,"height":495,"url":"https:\/\/www.eren.ch\/lanterne\/wp-content\/uploads\/sites\/15\/2021\/07\/Lanterne_inte\u0301rieur.jpg","type":"image\/jpeg"}],"twitter_card":"summary_large_image","twitter_misc":{"Dur\u00e9e de lecture estim\u00e9e":"2 minutes"},"schema":{"@context":"https:\/\/schema.org","@graph":[{"@type":"WebPage","@id":"https:\/\/www.eren.ch\/lanterne\/le-lieu\/","url":"https:\/\/www.eren.ch\/lanterne\/le-lieu\/","name":"Le lieu - La Lanterne","isPartOf":{"@id":"https:\/\/www.eren.ch\/lanterne\/#website"},"primaryImageOfPage":{"@id":"https:\/\/www.eren.ch\/lanterne\/le-lieu\/#primaryimage"},"image":{"@id":"https:\/\/www.eren.ch\/lanterne\/le-lieu\/#primaryimage"},"thumbnailUrl":"https:\/\/www.eren.ch\/lanterne\/wp-content\/uploads\/sites\/15\/2021\/07\/Lanterne_inte\u0301rieur.jpg","datePublished":"2021-07-01T08:27:25+00:00","dateModified":"2021-07-16T12:51:03+00:00","description":"La Lanterne offre un coin Bistrot et une chapelle o\u00f9 chacun peut s'arr\u00eater pour confier ce qui lui est difficile ou passer un bon moment.","breadcrumb":{"@id":"https:\/\/www.eren.ch\/lanterne\/le-lieu\/#breadcrumb"},"inLanguage":"fr-FR","potentialAction":[{"@type":"ReadAction","target":["https:\/\/www.eren.ch\/lanterne\/le-lieu\/"]}]},{"@type":"ImageObject","inLanguage":"fr-FR","@id":"https:\/\/www.eren.ch\/lanterne\/le-lieu\/#primaryimage","url":"https:\/\/www.eren.ch\/lanterne\/wp-content\/uploads\/sites\/15\/2021\/07\/Lanterne_inte\u0301rieur.jpg","contentUrl":"https:\/\/www.eren.ch\/lanterne\/wp-content\/uploads\/sites\/15\/2021\/07\/Lanterne_inte\u0301rieur.jpg","width":1024,"height":495},{"@type":"BreadcrumbList","@id":"https:\/\/www.eren.ch\/lanterne\/le-lieu\/#breadcrumb","itemListElement":[{"@type":"ListItem","position":1,"name":"Accueil","item":"https:\/\/www.eren.ch\/lanterne\/"},{"@type":"ListItem","position":2,"name":"Le lieu"}]},{"@type":"WebSite","@id":"https:\/\/www.eren.ch\/lanterne\/#website","url":"https:\/\/www.eren.ch\/lanterne\/","name":"La Lanterne","description":"Aum\u00f4nerie \u0153cum\u00e9nique de rue en Ville de Neuch\u00e2tel","potentialAction":[{"@type":"SearchAction","target":{"@type":"EntryPoint","urlTemplate":"https:\/\/www.eren.ch\/lanterne\/?s={search_term_string}"},"query-input":{"@type":"PropertyValueSpecification","valueRequired":true,"valueName":"search_term_string"}}],"inLanguage":"fr-FR"}]}},"_links":{"self":[{"href":"https:\/\/www.eren.ch\/lanterne\/wp-json\/wp\/v2\/pages\/31","targetHints":{"allow":["GET"]}}],"collection":[{"href":"https:\/\/www.eren.ch\/lanterne\/wp-json\/wp\/v2\/pages"}],"about":[{"href":"https:\/\/www.eren.ch\/lanterne\/wp-json\/wp\/v2\/types\/page"}],"author":[{"embeddable":true,"href":"https:\/\/www.eren.ch\/lanterne\/wp-json\/wp\/v2\/users\/23"}],"replies":[{"embeddable":true,"href":"https:\/\/www.eren.ch\/lanterne\/wp-json\/wp\/v2\/comments?post=31"}],"version-history":[{"count":4,"href":"https:\/\/www.eren.ch\/lanterne\/wp-json\/wp\/v2\/pages\/31\/revisions"}],"predecessor-version":[{"id":61,"href":"https:\/\/www.eren.ch\/lanterne\/wp-json\/wp\/v2\/pages\/31\/revisions\/61"}],"wp:featuredmedia":[{"embeddable":true,"href":"https:\/\/www.eren.ch\/lanterne\/wp-json\/wp\/v2\/media\/35"}],"wp:attachment":[{"href":"https:\/\/www.eren.ch\/lanterne\/wp-json\/wp\/v2\/media?parent=31"}],"curies":[{"name":"wp","href":"https:\/\/api.w.org\/{rel}","templated":true}]}}