{"id":10,"date":"2015-12-28T10:57:41","date_gmt":"2015-12-28T09:57:41","guid":{"rendered":"https:\/\/www.eren.ch\/neuchatel\/?page_id=10"},"modified":"2026-02-18T10:57:43","modified_gmt":"2026-02-18T09:57:43","slug":"sud","status":"publish","type":"page","link":"https:\/\/www.eren.ch\/neuchatel\/paroisse\/lieux-de-vie\/sud\/","title":{"rendered":"Lieu de vie Sud"},"content":{"rendered":"<p><img decoding=\"async\" class=\"wp-image-486 size-medium alignleft\" src=\"https:\/\/www.eren.ch\/neuchatel\/wp-content\/uploads\/sites\/3\/2015\/12\/DSCF2732-300x200.jpg\" alt=\"DSCF2732\" width=\"300\" height=\"200\" srcset=\"https:\/\/www.eren.ch\/neuchatel\/wp-content\/uploads\/sites\/3\/2015\/12\/DSCF2732-300x200.jpg 300w, https:\/\/www.eren.ch\/neuchatel\/wp-content\/uploads\/sites\/3\/2015\/12\/DSCF2732-768x512.jpg 768w, https:\/\/www.eren.ch\/neuchatel\/wp-content\/uploads\/sites\/3\/2015\/12\/DSCF2732-1024x683.jpg 1024w, https:\/\/www.eren.ch\/neuchatel\/wp-content\/uploads\/sites\/3\/2015\/12\/DSCF2732-1200x800.jpg 1200w, https:\/\/www.eren.ch\/neuchatel\/wp-content\/uploads\/sites\/3\/2015\/12\/DSCF2732.jpg 1500w\" sizes=\"(max-width: 300px) 85vw, 300px\" \/><\/p>\n<p><a href=\"https:\/\/www.eren.ch\/neuchatel\/culture\/patrimoine-architectural\/collegiale\/\">La Coll\u00e9giale<\/a>, lieu de patrimoine et de culture et le <a href=\"https:\/\/www.eren.ch\/neuchatel\/culture\/patrimoine-architectural\/temple-du-bas\/\">Temple du Bas<\/a>, n\u00e9 de l\u2019effervescence de la foi r\u00e9form\u00e9e, forment <strong>le lieu de vie Sud<\/strong>.<\/p>\n<p>&nbsp;<\/p>\n<p><strong><img decoding=\"async\" class=\"size-full wp-image-487 alignright\" src=\"https:\/\/www.eren.ch\/neuchatel\/wp-content\/uploads\/sites\/3\/2015\/12\/templedubas.png\" alt=\"templedubas\" width=\"276\" height=\"183\" \/><\/strong><\/p>\n<p>&nbsp;<\/p>\n<p><strong>Au c\u0153ur des rues<\/strong> quotidiennement fr\u00e9quent\u00e9es des citoyens, mais \u00e9galement arpent\u00e9es par des gens de passage, <strong>ils se compl\u00e8tent<\/strong> alliant <strong>culture de la tradition<\/strong> \u00e0 la Coll\u00e9giale et <strong>moments innovants<\/strong> au Temple du Bas.<\/p>\n<h2>Vie liturgique<\/h2>\n<p><img decoding=\"async\" class=\"wp-image-536 size-medium alignleft\" src=\"https:\/\/www.eren.ch\/neuchatel\/wp-content\/uploads\/sites\/3\/2015\/12\/gens_parvis_coll-300x225.jpg\" alt=\"gens_parvis_coll\" width=\"300\" height=\"225\" srcset=\"https:\/\/www.eren.ch\/neuchatel\/wp-content\/uploads\/sites\/3\/2015\/12\/gens_parvis_coll-300x225.jpg 300w, https:\/\/www.eren.ch\/neuchatel\/wp-content\/uploads\/sites\/3\/2015\/12\/gens_parvis_coll-768x576.jpg 768w, https:\/\/www.eren.ch\/neuchatel\/wp-content\/uploads\/sites\/3\/2015\/12\/gens_parvis_coll-1024x768.jpg 1024w, https:\/\/www.eren.ch\/neuchatel\/wp-content\/uploads\/sites\/3\/2015\/12\/gens_parvis_coll-1200x900.jpg 1200w, https:\/\/www.eren.ch\/neuchatel\/wp-content\/uploads\/sites\/3\/2015\/12\/gens_parvis_coll.jpg 1500w\" sizes=\"(max-width: 300px) 85vw, 300px\" \/><strong>\u00c0\u00a0la Coll\u00e9giale<\/strong>, le <a href=\"https:\/\/www.eren.ch\/neuchatel\/cultes\/cultes-reguliers\/\">culte<\/a> avec sainte c\u00e8ne\u00a0a lieu <strong>tous les dimanches<\/strong>. Ils sont assur\u00e9s alternativement par la pasteur du lieu, les autres\u00a0ministres de\u00a0notre paroisse, des pasteurs retrait\u00e9s ou encore\u00a0des <em>h\u00f4tes de ce jour<\/em>. La <strong>pluralit\u00e9 des voix offre <\/strong>une\u00a0richesse liturgique qui\u00a0convient \u00e0 la multiplicit\u00e9 des identit\u00e9s de chaque chr\u00e9tien et chr\u00e9tienne d\u2019aujourd\u2019hui. Quatre fois par ann\u00e9e, la Coll\u00e9giale propose des <a href=\"https:\/\/www.eren.ch\/neuchatel\/cultes\/cultes-en-musique\/\">cultes-cantates<\/a>, avec le plus souvent une cantate de Bach.<\/p>\n<p>Les cultes, en \u00e9t\u00e9, sont regroup\u00e9s \u00e0 la Coll\u00e9giale et sont suivis d&rsquo;un ap\u00e9ritif convivial et, pour la reprise, d&rsquo;un repas communautaire sur l&rsquo;esplanade.<\/p>\n<p><strong><img decoding=\"async\" class=\"wp-image-890 size-medium alignleft\" src=\"https:\/\/www.eren.ch\/neuchatel\/wp-content\/uploads\/sites\/3\/2015\/12\/culteKT2016_8-300x225.jpg\" alt=\"culteKT2016_8\" width=\"300\" height=\"225\" srcset=\"https:\/\/www.eren.ch\/neuchatel\/wp-content\/uploads\/sites\/3\/2015\/12\/culteKT2016_8-300x225.jpg 300w, https:\/\/www.eren.ch\/neuchatel\/wp-content\/uploads\/sites\/3\/2015\/12\/culteKT2016_8-768x576.jpg 768w, https:\/\/www.eren.ch\/neuchatel\/wp-content\/uploads\/sites\/3\/2015\/12\/culteKT2016_8-1024x768.jpg 1024w, https:\/\/www.eren.ch\/neuchatel\/wp-content\/uploads\/sites\/3\/2015\/12\/culteKT2016_8-1200x900.jpg 1200w, https:\/\/www.eren.ch\/neuchatel\/wp-content\/uploads\/sites\/3\/2015\/12\/culteKT2016_8.jpg 1500w\" sizes=\"(max-width: 300px) 85vw, 300px\" \/>Le Temple du Bas<\/strong> c\u00e9l\u00e8bre le culte paroissial chaque <strong>premier dimanche du mois \u00e0 10h15 avec \u00e9cole du dimanche pour les plus petits.<\/strong> Il\u00a0accueille par ailleurs <a href=\"https:\/\/www.eren.ch\/neuchatel\/cultes\/temps-liturgiques-particuliers\/\">les cultes sp\u00e9ciaux<\/a> tels que le retour de camp.<\/p>\n<p>&nbsp;<\/p>\n<h2>Vie communautaire<\/h2>\n<p><img decoding=\"async\" class=\"wp-image-891 size-medium alignright\" src=\"https:\/\/www.eren.ch\/neuchatel\/wp-content\/uploads\/sites\/3\/2015\/12\/chantsrusses_coll-225x300.jpg\" alt=\"OLYMPUS DIGITAL CAMERA\" width=\"225\" height=\"300\" srcset=\"https:\/\/www.eren.ch\/neuchatel\/wp-content\/uploads\/sites\/3\/2015\/12\/chantsrusses_coll-225x300.jpg 225w, https:\/\/www.eren.ch\/neuchatel\/wp-content\/uploads\/sites\/3\/2015\/12\/chantsrusses_coll-768x1024.jpg 768w, https:\/\/www.eren.ch\/neuchatel\/wp-content\/uploads\/sites\/3\/2015\/12\/chantsrusses_coll-1200x1600.jpg 1200w, https:\/\/www.eren.ch\/neuchatel\/wp-content\/uploads\/sites\/3\/2015\/12\/chantsrusses_coll.jpg 1500w\" sizes=\"(max-width: 225px) 85vw, 225px\" \/><\/p>\n<p><strong>\u00c0\u00a0la Coll\u00e9giale<\/strong>, les <strong>oreilles musicales<\/strong> se r\u00e9jouiront des 12 vendredis \u00e0 la d\u00e9couverte de l\u2019orgue ainsi que du riche programme des <a href=\"https:\/\/www.collegiale.ch\/concerts-accueil\" target=\"_blank\" rel=\"noopener noreferrer\">Concerts de la Coll\u00e9giale<\/a>. Haut lieu historique, la Coll\u00e9giale continue \u00e0 vivre gr\u00e2ce \u00e0 la passion z\u00e9l\u00e9e des membres de <a href=\"https:\/\/www.collegiale.ch\/association-accueil\"><span style=\"color: #0066cc;\">l\u2019Association pour la Coll\u00e9giale<\/span><\/a>. Elle organise tous les deux ans\u00a0la <em>Schubertiade sur la Colline<\/em>, riche s\u00e9rie de concerts.<\/p>\n<p><strong>Le Temple du Bas<\/strong> abrite aujourd&rsquo;hui la salle de musique de Neuch\u00e2tel o\u00f9 la <a href=\"https:\/\/www.socmus.ch\/\" target=\"_blank\" rel=\"noopener noreferrer\">Soci\u00e9t\u00e9 des Concerts<\/a> propose sa programmation vari\u00e9e. De nombreuses expositions et conf\u00e9rences-d\u00e9bats y sont r\u00e9guli\u00e8rement organis\u00e9es.<\/p>\n<p><img decoding=\"async\" class=\"wp-image-894 size-medium alignleft\" src=\"https:\/\/www.eren.ch\/neuchatel\/wp-content\/uploads\/sites\/3\/2015\/12\/TB_repas_1.4.2016_17-214x300.jpg\" alt=\"TB_repas_1.4.2016_17\" width=\"214\" height=\"300\" srcset=\"https:\/\/www.eren.ch\/neuchatel\/wp-content\/uploads\/sites\/3\/2015\/12\/TB_repas_1.4.2016_17-214x300.jpg 214w, https:\/\/www.eren.ch\/neuchatel\/wp-content\/uploads\/sites\/3\/2015\/12\/TB_repas_1.4.2016_17-768x1079.jpg 768w, https:\/\/www.eren.ch\/neuchatel\/wp-content\/uploads\/sites\/3\/2015\/12\/TB_repas_1.4.2016_17-729x1024.jpg 729w, https:\/\/www.eren.ch\/neuchatel\/wp-content\/uploads\/sites\/3\/2015\/12\/TB_repas_1.4.2016_17-1200x1686.jpg 1200w, https:\/\/www.eren.ch\/neuchatel\/wp-content\/uploads\/sites\/3\/2015\/12\/TB_repas_1.4.2016_17.jpg 1500w\" sizes=\"(max-width: 214px) 85vw, 214px\" \/><\/p>\n<p>&nbsp;<\/p>\n<p>Le privil\u00e8ge du <strong>Temple du Bas<\/strong> est d\u2019\u00eatre une \u00c9glise ouverte de <strong>mai \u00e0 septembre<\/strong>. Il organise \u00e9galement, <strong>un vendredi midi par mois<\/strong>, un <a href=\"https:\/\/www.eren.ch\/neuchatel\/convivialite\/rencontrer\/\">repas communautaire<\/a> \u00e0 prix libre qui\u00a0offre une pause d\u00e9jeuner d\u00e9tendue et conviviale.<\/p>\n<p>&nbsp;<\/p>\n<p>&nbsp;<\/p>\n<p>&nbsp;<\/p>\n<p>&nbsp;<\/p>\n<p><img decoding=\"async\" class=\"wp-image-538 size-medium alignright\" src=\"https:\/\/www.eren.ch\/neuchatel\/wp-content\/uploads\/sites\/3\/2015\/12\/medit.careme4-300x225.jpg\" alt=\"medit.careme4\" width=\"300\" height=\"225\" srcset=\"https:\/\/www.eren.ch\/neuchatel\/wp-content\/uploads\/sites\/3\/2015\/12\/medit.careme4-300x225.jpg 300w, https:\/\/www.eren.ch\/neuchatel\/wp-content\/uploads\/sites\/3\/2015\/12\/medit.careme4-768x576.jpg 768w, https:\/\/www.eren.ch\/neuchatel\/wp-content\/uploads\/sites\/3\/2015\/12\/medit.careme4-1024x768.jpg 1024w, https:\/\/www.eren.ch\/neuchatel\/wp-content\/uploads\/sites\/3\/2015\/12\/medit.careme4-1200x900.jpg 1200w, https:\/\/www.eren.ch\/neuchatel\/wp-content\/uploads\/sites\/3\/2015\/12\/medit.careme4.jpg 1500w\" sizes=\"(max-width: 300px) 85vw, 300px\" \/><\/p>\n<p>Des <a href=\"https:\/\/www.eren.ch\/neuchatel\/spiritualite\/reflexions-et-meditations\/\">m\u00e9ditations<\/a> hebdomadaires ont lieu \u00e0 la <strong>Coll\u00e9giale<\/strong> durant le Car\u00eame\u00a0et journali\u00e8res durant l&rsquo;Avent. Chaque semaine\u00a0le <strong>Temple du Bas <\/strong>propose un quart d&rsquo;heure de m\u00e9ditation organis\u00e9 par les paroissiens sous l&rsquo;\u00e9gide d&rsquo;un pasteur, et\u00a0<strong>chaque mois <\/strong>il accueille un temps de pri\u00e8re pour la paroisse.<\/p>\n<p>&nbsp;<\/p>\n<h2>Pasteurs r\u00e9f\u00e9rents<\/h2>\n<p>Coll\u00e9giale : Florian Schubert, 079 883 00 44, <a href=\"mailto:florian.schubert@eren.ch\">florian.schubert@eren.ch<\/a><\/p>\n<h2>Pr\u00e9sidents du Conseil de Communaut\u00e9 Locale<\/h2>\n<p>Virginie Ruegger, 032 842 57 65<br \/>\nMichel Humbert, 032 724 41 12<\/p>\n","protected":false},"excerpt":{"rendered":"<p>La Coll\u00e9giale, lieu de patrimoine et de culture et le Temple du Bas, n\u00e9 de l\u2019effervescence de la foi r\u00e9form\u00e9e, forment le lieu de vie Sud. &nbsp; &nbsp; Au c\u0153ur des rues quotidiennement fr\u00e9quent\u00e9es des citoyens, mais \u00e9galement arpent\u00e9es par des gens de passage, ils se compl\u00e8tent alliant culture de la tradition \u00e0 la Coll\u00e9giale &hellip; <a href=\"https:\/\/www.eren.ch\/neuchatel\/paroisse\/lieux-de-vie\/sud\/\" class=\"more-link\">Continuer la lecture<span class=\"screen-reader-text\"> de &laquo;&nbsp;Lieu de vie Sud&nbsp;&raquo;<\/span><\/a><\/p>\n","protected":false},"author":31,"featured_media":0,"parent":6,"menu_order":20,"comment_status":"closed","ping_status":"closed","template":"","meta":{"footnotes":""},"class_list":["post-10","page","type-page","status-publish","hentry"],"yoast_head":"<!-- This site is optimized with the Yoast SEO Premium plugin v27.3 (Yoast SEO v27.3) - https:\/\/yoast.com\/product\/yoast-seo-premium-wordpress\/ -->\n<title>Lieu de vie Sud - Paroisse de Neuch\u00e2tel<\/title>\n<meta name=\"description\" content=\"La Coll\u00e9giale, lieu de patrimoine et de culture et le Temple du Bas, n\u00e9 de l\u2019effervescence de la foi r\u00e9form\u00e9e, forment le lieu de vie Sud. &nbsp; &nbsp;\" \/>\n<meta name=\"robots\" content=\"index, follow, max-snippet:-1, max-image-preview:large, max-video-preview:-1\" \/>\n<link rel=\"canonical\" href=\"https:\/\/www.eren.ch\/neuchatel\/paroisse\/lieux-de-vie\/sud\/\" \/>\n<meta property=\"og:locale\" content=\"fr_FR\" \/>\n<meta property=\"og:type\" content=\"article\" \/>\n<meta property=\"og:title\" content=\"Lieu de vie Sud\" \/>\n<meta property=\"og:description\" content=\"La Coll\u00e9giale, lieu de patrimoine et de culture et le Temple du Bas, n\u00e9 de l\u2019effervescence de la foi r\u00e9form\u00e9e, forment le lieu de vie Sud. &nbsp; &nbsp;\" \/>\n<meta property=\"og:url\" content=\"https:\/\/www.eren.ch\/neuchatel\/paroisse\/lieux-de-vie\/sud\/\" \/>\n<meta property=\"og:site_name\" content=\"Paroisse de Neuch\u00e2tel\" \/>\n<meta property=\"article:publisher\" content=\"https:\/\/www.facebook.com\/eglise.EREN\" \/>\n<meta property=\"article:modified_time\" content=\"2026-02-18T09:57:43+00:00\" \/>\n<meta property=\"og:image\" content=\"https:\/\/www.eren.ch\/neuchatel\/wp-content\/uploads\/sites\/3\/2015\/12\/DSCF2732.jpg\" \/>\n\t<meta property=\"og:image:width\" content=\"1500\" \/>\n\t<meta property=\"og:image:height\" content=\"1000\" \/>\n\t<meta property=\"og:image:type\" content=\"image\/jpeg\" \/>\n<meta name=\"twitter:card\" content=\"summary_large_image\" \/>\n<meta name=\"twitter:site\" content=\"@egliseeren\" \/>\n<meta name=\"twitter:label1\" content=\"Dur\u00e9e de lecture estim\u00e9e\" \/>\n\t<meta name=\"twitter:data1\" content=\"4 minutes\" \/>\n<script type=\"application\/ld+json\" class=\"yoast-schema-graph\">{\"@context\":\"https:\\\/\\\/schema.org\",\"@graph\":[{\"@type\":\"WebPage\",\"@id\":\"https:\\\/\\\/www.eren.ch\\\/neuchatel\\\/paroisse\\\/lieux-de-vie\\\/sud\\\/\",\"url\":\"https:\\\/\\\/www.eren.ch\\\/neuchatel\\\/paroisse\\\/lieux-de-vie\\\/sud\\\/\",\"name\":\"Lieu de vie Sud - Paroisse de Neuch\u00e2tel\",\"isPartOf\":{\"@id\":\"https:\\\/\\\/www.eren.ch\\\/neuchatel\\\/#website\"},\"primaryImageOfPage\":{\"@id\":\"https:\\\/\\\/www.eren.ch\\\/neuchatel\\\/paroisse\\\/lieux-de-vie\\\/sud\\\/#primaryimage\"},\"image\":{\"@id\":\"https:\\\/\\\/www.eren.ch\\\/neuchatel\\\/paroisse\\\/lieux-de-vie\\\/sud\\\/#primaryimage\"},\"thumbnailUrl\":\"https:\\\/\\\/www.eren.ch\\\/neuchatel\\\/wp-content\\\/uploads\\\/sites\\\/3\\\/2015\\\/12\\\/DSCF2732-300x200.jpg\",\"datePublished\":\"2015-12-28T09:57:41+00:00\",\"dateModified\":\"2026-02-18T09:57:43+00:00\",\"description\":\"La Coll\u00e9giale, lieu de patrimoine et de culture et le Temple du Bas, n\u00e9 de l\u2019effervescence de la foi r\u00e9form\u00e9e, forment le lieu de vie Sud. &nbsp; &nbsp;\",\"breadcrumb\":{\"@id\":\"https:\\\/\\\/www.eren.ch\\\/neuchatel\\\/paroisse\\\/lieux-de-vie\\\/sud\\\/#breadcrumb\"},\"inLanguage\":\"fr-FR\",\"potentialAction\":[{\"@type\":\"ReadAction\",\"target\":[\"https:\\\/\\\/www.eren.ch\\\/neuchatel\\\/paroisse\\\/lieux-de-vie\\\/sud\\\/\"]}]},{\"@type\":\"ImageObject\",\"inLanguage\":\"fr-FR\",\"@id\":\"https:\\\/\\\/www.eren.ch\\\/neuchatel\\\/paroisse\\\/lieux-de-vie\\\/sud\\\/#primaryimage\",\"url\":\"https:\\\/\\\/www.eren.ch\\\/neuchatel\\\/wp-content\\\/uploads\\\/sites\\\/3\\\/2015\\\/12\\\/DSCF2732.jpg\",\"contentUrl\":\"https:\\\/\\\/www.eren.ch\\\/neuchatel\\\/wp-content\\\/uploads\\\/sites\\\/3\\\/2015\\\/12\\\/DSCF2732.jpg\",\"width\":1500,\"height\":1000},{\"@type\":\"BreadcrumbList\",\"@id\":\"https:\\\/\\\/www.eren.ch\\\/neuchatel\\\/paroisse\\\/lieux-de-vie\\\/sud\\\/#breadcrumb\",\"itemListElement\":[{\"@type\":\"ListItem\",\"position\":1,\"name\":\"Accueil\",\"item\":\"https:\\\/\\\/www.eren.ch\\\/neuchatel\\\/\"},{\"@type\":\"ListItem\",\"position\":2,\"name\":\"La paroisse\",\"item\":\"https:\\\/\\\/www.eren.ch\\\/neuchatel\\\/\"},{\"@type\":\"ListItem\",\"position\":3,\"name\":\"Lieux de vie\",\"item\":\"https:\\\/\\\/www.eren.ch\\\/neuchatel\\\/paroisse\\\/lieux-de-vie\\\/\"},{\"@type\":\"ListItem\",\"position\":4,\"name\":\"Lieu de vie Sud\"}]},{\"@type\":\"WebSite\",\"@id\":\"https:\\\/\\\/www.eren.ch\\\/neuchatel\\\/#website\",\"url\":\"https:\\\/\\\/www.eren.ch\\\/neuchatel\\\/\",\"name\":\"Paroisse de Neuch\u00e2tel\",\"description\":\"La pr\u00e9sence protestante reconnue en ville de Neuch\u00e2tel\",\"publisher\":{\"@id\":\"https:\\\/\\\/www.eren.ch\\\/neuchatel\\\/#organization\"},\"potentialAction\":[{\"@type\":\"SearchAction\",\"target\":{\"@type\":\"EntryPoint\",\"urlTemplate\":\"https:\\\/\\\/www.eren.ch\\\/neuchatel\\\/?s={search_term_string}\"},\"query-input\":{\"@type\":\"PropertyValueSpecification\",\"valueRequired\":true,\"valueName\":\"search_term_string\"}}],\"inLanguage\":\"fr-FR\"},{\"@type\":\"Organization\",\"@id\":\"https:\\\/\\\/www.eren.ch\\\/neuchatel\\\/#organization\",\"name\":\"Paroisse de Neuch\u00e2tel\",\"url\":\"https:\\\/\\\/www.eren.ch\\\/neuchatel\\\/\",\"logo\":{\"@type\":\"ImageObject\",\"inLanguage\":\"fr-FR\",\"@id\":\"https:\\\/\\\/www.eren.ch\\\/neuchatel\\\/#\\\/schema\\\/logo\\\/image\\\/\",\"url\":\"https:\\\/\\\/www.eren.ch\\\/neuchatel\\\/wp-content\\\/uploads\\\/sites\\\/3\\\/2020\\\/12\\\/logo-neuchatel.png\",\"contentUrl\":\"https:\\\/\\\/www.eren.ch\\\/neuchatel\\\/wp-content\\\/uploads\\\/sites\\\/3\\\/2020\\\/12\\\/logo-neuchatel.png\",\"width\":240,\"height\":117,\"caption\":\"Paroisse de Neuch\u00e2tel\"},\"image\":{\"@id\":\"https:\\\/\\\/www.eren.ch\\\/neuchatel\\\/#\\\/schema\\\/logo\\\/image\\\/\"},\"sameAs\":[\"https:\\\/\\\/www.facebook.com\\\/eglise.EREN\",\"https:\\\/\\\/x.com\\\/egliseeren\",\"https:\\\/\\\/fr.wikipedia.org\\\/wiki\\\/glise_rforme_vanglique_du_canton_de_Neuchtel\"]}]}<\/script>\n<!-- \/ Yoast SEO Premium plugin. -->","yoast_head_json":{"title":"Lieu de vie Sud - Paroisse de Neuch\u00e2tel","description":"La Coll\u00e9giale, lieu de patrimoine et de culture et le Temple du Bas, n\u00e9 de l\u2019effervescence de la foi r\u00e9form\u00e9e, forment le lieu de vie Sud. &nbsp; &nbsp;","robots":{"index":"index","follow":"follow","max-snippet":"max-snippet:-1","max-image-preview":"max-image-preview:large","max-video-preview":"max-video-preview:-1"},"canonical":"https:\/\/www.eren.ch\/neuchatel\/paroisse\/lieux-de-vie\/sud\/","og_locale":"fr_FR","og_type":"article","og_title":"Lieu de vie Sud","og_description":"La Coll\u00e9giale, lieu de patrimoine et de culture et le Temple du Bas, n\u00e9 de l\u2019effervescence de la foi r\u00e9form\u00e9e, forment le lieu de vie Sud. &nbsp; &nbsp;","og_url":"https:\/\/www.eren.ch\/neuchatel\/paroisse\/lieux-de-vie\/sud\/","og_site_name":"Paroisse de Neuch\u00e2tel","article_publisher":"https:\/\/www.facebook.com\/eglise.EREN","article_modified_time":"2026-02-18T09:57:43+00:00","og_image":[{"width":1500,"height":1000,"url":"https:\/\/www.eren.ch\/neuchatel\/wp-content\/uploads\/sites\/3\/2015\/12\/DSCF2732.jpg","type":"image\/jpeg"}],"twitter_card":"summary_large_image","twitter_site":"@egliseeren","twitter_misc":{"Dur\u00e9e de lecture estim\u00e9e":"4 minutes"},"schema":{"@context":"https:\/\/schema.org","@graph":[{"@type":"WebPage","@id":"https:\/\/www.eren.ch\/neuchatel\/paroisse\/lieux-de-vie\/sud\/","url":"https:\/\/www.eren.ch\/neuchatel\/paroisse\/lieux-de-vie\/sud\/","name":"Lieu de vie Sud - Paroisse de Neuch\u00e2tel","isPartOf":{"@id":"https:\/\/www.eren.ch\/neuchatel\/#website"},"primaryImageOfPage":{"@id":"https:\/\/www.eren.ch\/neuchatel\/paroisse\/lieux-de-vie\/sud\/#primaryimage"},"image":{"@id":"https:\/\/www.eren.ch\/neuchatel\/paroisse\/lieux-de-vie\/sud\/#primaryimage"},"thumbnailUrl":"https:\/\/www.eren.ch\/neuchatel\/wp-content\/uploads\/sites\/3\/2015\/12\/DSCF2732-300x200.jpg","datePublished":"2015-12-28T09:57:41+00:00","dateModified":"2026-02-18T09:57:43+00:00","description":"La Coll\u00e9giale, lieu de patrimoine et de culture et le Temple du Bas, n\u00e9 de l\u2019effervescence de la foi r\u00e9form\u00e9e, forment le lieu de vie Sud. &nbsp; &nbsp;","breadcrumb":{"@id":"https:\/\/www.eren.ch\/neuchatel\/paroisse\/lieux-de-vie\/sud\/#breadcrumb"},"inLanguage":"fr-FR","potentialAction":[{"@type":"ReadAction","target":["https:\/\/www.eren.ch\/neuchatel\/paroisse\/lieux-de-vie\/sud\/"]}]},{"@type":"ImageObject","inLanguage":"fr-FR","@id":"https:\/\/www.eren.ch\/neuchatel\/paroisse\/lieux-de-vie\/sud\/#primaryimage","url":"https:\/\/www.eren.ch\/neuchatel\/wp-content\/uploads\/sites\/3\/2015\/12\/DSCF2732.jpg","contentUrl":"https:\/\/www.eren.ch\/neuchatel\/wp-content\/uploads\/sites\/3\/2015\/12\/DSCF2732.jpg","width":1500,"height":1000},{"@type":"BreadcrumbList","@id":"https:\/\/www.eren.ch\/neuchatel\/paroisse\/lieux-de-vie\/sud\/#breadcrumb","itemListElement":[{"@type":"ListItem","position":1,"name":"Accueil","item":"https:\/\/www.eren.ch\/neuchatel\/"},{"@type":"ListItem","position":2,"name":"La paroisse","item":"https:\/\/www.eren.ch\/neuchatel\/"},{"@type":"ListItem","position":3,"name":"Lieux de vie","item":"https:\/\/www.eren.ch\/neuchatel\/paroisse\/lieux-de-vie\/"},{"@type":"ListItem","position":4,"name":"Lieu de vie Sud"}]},{"@type":"WebSite","@id":"https:\/\/www.eren.ch\/neuchatel\/#website","url":"https:\/\/www.eren.ch\/neuchatel\/","name":"Paroisse de Neuch\u00e2tel","description":"La pr\u00e9sence protestante reconnue en ville de Neuch\u00e2tel","publisher":{"@id":"https:\/\/www.eren.ch\/neuchatel\/#organization"},"potentialAction":[{"@type":"SearchAction","target":{"@type":"EntryPoint","urlTemplate":"https:\/\/www.eren.ch\/neuchatel\/?s={search_term_string}"},"query-input":{"@type":"PropertyValueSpecification","valueRequired":true,"valueName":"search_term_string"}}],"inLanguage":"fr-FR"},{"@type":"Organization","@id":"https:\/\/www.eren.ch\/neuchatel\/#organization","name":"Paroisse de Neuch\u00e2tel","url":"https:\/\/www.eren.ch\/neuchatel\/","logo":{"@type":"ImageObject","inLanguage":"fr-FR","@id":"https:\/\/www.eren.ch\/neuchatel\/#\/schema\/logo\/image\/","url":"https:\/\/www.eren.ch\/neuchatel\/wp-content\/uploads\/sites\/3\/2020\/12\/logo-neuchatel.png","contentUrl":"https:\/\/www.eren.ch\/neuchatel\/wp-content\/uploads\/sites\/3\/2020\/12\/logo-neuchatel.png","width":240,"height":117,"caption":"Paroisse de Neuch\u00e2tel"},"image":{"@id":"https:\/\/www.eren.ch\/neuchatel\/#\/schema\/logo\/image\/"},"sameAs":["https:\/\/www.facebook.com\/eglise.EREN","https:\/\/x.com\/egliseeren","https:\/\/fr.wikipedia.org\/wiki\/glise_rforme_vanglique_du_canton_de_Neuchtel"]}]}},"_links":{"self":[{"href":"https:\/\/www.eren.ch\/neuchatel\/wp-json\/wp\/v2\/pages\/10","targetHints":{"allow":["GET"]}}],"collection":[{"href":"https:\/\/www.eren.ch\/neuchatel\/wp-json\/wp\/v2\/pages"}],"about":[{"href":"https:\/\/www.eren.ch\/neuchatel\/wp-json\/wp\/v2\/types\/page"}],"author":[{"embeddable":true,"href":"https:\/\/www.eren.ch\/neuchatel\/wp-json\/wp\/v2\/users\/31"}],"replies":[{"embeddable":true,"href":"https:\/\/www.eren.ch\/neuchatel\/wp-json\/wp\/v2\/comments?post=10"}],"version-history":[{"count":6,"href":"https:\/\/www.eren.ch\/neuchatel\/wp-json\/wp\/v2\/pages\/10\/revisions"}],"predecessor-version":[{"id":7671,"href":"https:\/\/www.eren.ch\/neuchatel\/wp-json\/wp\/v2\/pages\/10\/revisions\/7671"}],"up":[{"embeddable":true,"href":"https:\/\/www.eren.ch\/neuchatel\/wp-json\/wp\/v2\/pages\/6"}],"wp:attachment":[{"href":"https:\/\/www.eren.ch\/neuchatel\/wp-json\/wp\/v2\/media?parent=10"}],"curies":[{"name":"wp","href":"https:\/\/api.w.org\/{rel}","templated":true}]}}