{"id":12,"date":"2015-12-28T10:58:55","date_gmt":"2015-12-28T09:58:55","guid":{"rendered":"https:\/\/www.eren.ch\/neuchatel\/?page_id=12"},"modified":"2023-08-18T08:53:24","modified_gmt":"2023-08-18T06:53:24","slug":"lieu-de-vie-est","status":"publish","type":"page","link":"https:\/\/www.eren.ch\/neuchatel\/paroisse\/lieux-de-vie\/lieu-de-vie-est\/","title":{"rendered":"Lieu de vie Est"},"content":{"rendered":"<p><img decoding=\"async\" class=\"alignleft wp-image-523 size-thumbnail\" src=\"https:\/\/www.eren.ch\/neuchatel\/wp-content\/uploads\/sites\/3\/2015\/12\/lacoudre-150x150.jpg\" alt=\"lacoudre\" width=\"150\" height=\"150\" \/><strong>\u00ab\u00a0Du bord de l\u2019eau jusqu\u2019au ciel l\u00e0-haut\u00a0\u00bb<\/strong> disait la chanson du vigneron qui d\u00e9crit \u00e0 merveille le lieu de vie Est. <img decoding=\"async\" class=\"size-full wp-image-525 alignright\" src=\"https:\/\/www.eren.ch\/neuchatel\/wp-content\/uploads\/sites\/3\/2015\/12\/maladiere2.png\" alt=\"maladiere2\" width=\"128\" height=\"170\" \/><\/p>\n<p><strong>Le\u00a0lieu de vie Est<\/strong> s&rsquo;\u00e9tend de\u00a0la rive du lac\u00a0proche de\u00a0la <a href=\"https:\/\/www.eren.ch\/neuchatel\/culture\/patrimoine-architectural\/chapelle-de-maladiere\/\">chapelle de la Maladi\u00e8re<\/a> jusqu&rsquo;aux cr\u00eates de Chaumont\u00a0qui surplombent <a href=\"https:\/\/www.eren.ch\/neuchatel\/culture\/patrimoine-architectural\/chapelle-de-chaumont\/\">la chapelle<\/a>, en passant par les hauts de la ville et <a href=\"https:\/\/www.eren.ch\/neuchatel\/culture\/patrimoine-architectural\/temple-de-la-coudre\/\">le temple de La Coudre<\/a>.<\/p>\n<h2>Vie liturgique<\/h2>\n<p><img decoding=\"async\" class=\"wp-image-816 size-medium alignleft\" src=\"https:\/\/www.eren.ch\/neuchatel\/wp-content\/uploads\/sites\/3\/2015\/12\/coudrepaques2016_3-300x225.jpg\" alt=\"coudrepaques2016_3\" width=\"300\" height=\"225\" srcset=\"https:\/\/www.eren.ch\/neuchatel\/wp-content\/uploads\/sites\/3\/2015\/12\/coudrepaques2016_3-300x225.jpg 300w, https:\/\/www.eren.ch\/neuchatel\/wp-content\/uploads\/sites\/3\/2015\/12\/coudrepaques2016_3-768x576.jpg 768w, https:\/\/www.eren.ch\/neuchatel\/wp-content\/uploads\/sites\/3\/2015\/12\/coudrepaques2016_3-1024x768.jpg 1024w, https:\/\/www.eren.ch\/neuchatel\/wp-content\/uploads\/sites\/3\/2015\/12\/coudrepaques2016_3-1200x900.jpg 1200w, https:\/\/www.eren.ch\/neuchatel\/wp-content\/uploads\/sites\/3\/2015\/12\/coudrepaques2016_3.jpg 1500w\" sizes=\"(max-width: 300px) 85vw, 300px\" \/><\/p>\n<p>&nbsp;<\/p>\n<p>Le<strong> temple de La Coudre<\/strong>, outre les\u00a0<a href=\"https:\/\/www.eren.ch\/neuchatel\/cultes\/cultes-reguliers\/\">cultes<\/a>\u00a0traditionnels, accueille plusieurs\u00a0<strong>samedis soirs<\/strong>\u00a0le <a href=\"https:\/\/www.eren.ch\/neuchatel\/cultes\/cultes-en-famille\/\">culte des familles, <\/a>\u00e0 <strong>18h<\/strong>, suivi d&rsquo;une repas canadien et d&rsquo;une soir\u00e9e jeux.<\/p>\n<p>&nbsp;<\/p>\n<p>&nbsp;<\/p>\n<p><img decoding=\"async\" class=\"alignright wp-image-1101 size-medium\" src=\"https:\/\/www.eren.ch\/neuchatel\/wp-content\/uploads\/sites\/3\/2015\/12\/culte_mala-300x189.jpg\" alt=\"culte_mala\" width=\"300\" height=\"189\" srcset=\"https:\/\/www.eren.ch\/neuchatel\/wp-content\/uploads\/sites\/3\/2015\/12\/culte_mala-300x189.jpg 300w, https:\/\/www.eren.ch\/neuchatel\/wp-content\/uploads\/sites\/3\/2015\/12\/culte_mala-768x483.jpg 768w, https:\/\/www.eren.ch\/neuchatel\/wp-content\/uploads\/sites\/3\/2015\/12\/culte_mala-1024x644.jpg 1024w, https:\/\/www.eren.ch\/neuchatel\/wp-content\/uploads\/sites\/3\/2015\/12\/culte_mala-1200x754.jpg 1200w, https:\/\/www.eren.ch\/neuchatel\/wp-content\/uploads\/sites\/3\/2015\/12\/culte_mala.jpg 1500w\" sizes=\"(max-width: 300px) 85vw, 300px\" \/>La <strong>chapelle de la Maladi\u00e8re<\/strong> propose des c\u00e9l\u00e9brations <a href=\"https:\/\/www.eren.ch\/neuchatel\/cultes\/cultes-en-musique\/\">Parole &amp; Musique<\/a>, en principe le <strong>deuxi\u00e8me samedi du mois \u00e0 18h<\/strong> o\u00f9\u00a0un th\u00e8me choisi est exprim\u00e9 tant dans la liturgie parl\u00e9e que par la musique de divers instruments.\u00a0Un ap\u00e9ritif \u00e0 l&rsquo;issue du culte r\u00e9unit c\u00e9l\u00e9brants et musiciens.<\/p>\n<p>&nbsp;<\/p>\n<p><img decoding=\"async\" class=\"wp-image-818 size-thumbnail alignleft\" src=\"https:\/\/www.eren.ch\/neuchatel\/wp-content\/uploads\/sites\/3\/2015\/12\/chaumont_chapelle-150x150.jpg\" alt=\"chaumont_chapelle\" width=\"150\" height=\"150\" \/><\/p>\n<p>&nbsp;<\/p>\n<p>\u00c0\u00a0la <strong>chapelle de Chaumont<\/strong>, le culte se tient dix fois par an, <strong>le dimanche \u00e0 11h15<\/strong>.<\/p>\n<p>&nbsp;<\/p>\n<p><strong>Le lieu de vie Est<\/strong> met le temple de La Coudre et la chapelle de la Maladi\u00e8re \u00e0 disposition d\u2019<strong>autres communaut\u00e9s\u00a0chr\u00e9tiennes<\/strong> qui n\u2019ont pas de lieu pour se rencontrer et c\u00e9l\u00e9brer: l&rsquo;\u00c9glise anglicane \u00e0 La Coudre, la communaut\u00e9 r\u00e9form\u00e9e malgache et la communaut\u00e9 \u00e9rythr\u00e9enne \u00e0 la Maladi\u00e8re, et parfois d\u2019autres groupes encore&#8230;<\/p>\n<h2>Vie communautaire<\/h2>\n<p>La <strong>salle de paroisse de La Coudre<\/strong> accueille les enfants\u00a0<strong>chaque vendredi apr\u00e8s-midi<\/strong> en p\u00e9riode scolaire. Ils se r\u00e9unissent pour le <a href=\"https:\/\/www.eren.ch\/neuchatel\/enfance-et-jeunesse\/enfance\/\"><strong>culte de l&rsquo;enfance<\/strong><\/a> et le <strong><a href=\"https:\/\/www.eren.ch\/neuchatel\/enfance-et-jeunesse\/enfance\/\">culte de jeunesse<\/a><\/strong>.<\/p>\n<p>Le <a href=\"https:\/\/www.eren.ch\/neuchatel\/convivialite\/rencontrer\/\"><strong>groupe de discussion \u00ab\u00a0caf\u00e9-partage\u00a0\u00bb<\/strong><\/a> se r\u00e9unit r\u00e9guli\u00e8rement et accueille toute personne int\u00e9ress\u00e9e \u00e0 partager un <strong>moment convivial<\/strong>. Il anime <strong>la vie du quartier<\/strong> en mettant sur pied chaque ann\u00e9e son <a href=\"https:\/\/www.eren.ch\/neuchatel\/cultes\/temps-liturgiques-particuliers\/\">calendrier g\u00e9ant de l&rsquo;avent<\/a>: chaque jour une fen\u00eatre d\u00e9cor\u00e9e est illumin\u00e9e et\u00a0chaque passant est invit\u00e9 \u00e0 entrer pour partager th\u00e9 et biscuits. Favoriser les <strong>\u00e9changes et le partage<\/strong> est \u00e9galement le ma\u00eetre mot du <strong>troc<\/strong> organis\u00e9 par ce groupe plein d&rsquo;\u00e9nergie et de motivation.<\/p>\n<p><img decoding=\"async\" class=\"alignleft wp-image-820 size-thumbnail\" src=\"https:\/\/www.eren.ch\/neuchatel\/wp-content\/uploads\/sites\/3\/2015\/12\/groupe_coudre-150x150.png\" alt=\"groupe_coudre\" width=\"150\" height=\"150\" \/><br \/>\nLe <strong>groupe biblique \u0153cum\u00e9nique de La Coudre<\/strong> est un temps de r\u00e9union et de lecture un mercredi par mois<strong>. <\/strong>Une soir\u00e9e r\u00e9serv\u00e9e\u00a0pour \u00e9changer ses impressions autour d&rsquo;un chapitre de la Bible suivi pendant quelques mois.<\/p>\n<p>&nbsp;<\/p>\n<p><img decoding=\"async\" class=\"alignright wp-image-1312 size-medium\" src=\"https:\/\/www.eren.ch\/neuchatel\/wp-content\/uploads\/sites\/3\/2015\/12\/expo_coudre_2015_1-300x225.jpg\" alt=\"expo_coudre_2015_1\" width=\"300\" height=\"225\" srcset=\"https:\/\/www.eren.ch\/neuchatel\/wp-content\/uploads\/sites\/3\/2015\/12\/expo_coudre_2015_1-300x225.jpg 300w, https:\/\/www.eren.ch\/neuchatel\/wp-content\/uploads\/sites\/3\/2015\/12\/expo_coudre_2015_1-768x576.jpg 768w, https:\/\/www.eren.ch\/neuchatel\/wp-content\/uploads\/sites\/3\/2015\/12\/expo_coudre_2015_1-1024x768.jpg 1024w, https:\/\/www.eren.ch\/neuchatel\/wp-content\/uploads\/sites\/3\/2015\/12\/expo_coudre_2015_1-1200x900.jpg 1200w, https:\/\/www.eren.ch\/neuchatel\/wp-content\/uploads\/sites\/3\/2015\/12\/expo_coudre_2015_1.jpg 1500w\" sizes=\"(max-width: 300px) 85vw, 300px\" \/><br \/>\n\u00c0\u00a0l&rsquo;initiative de la paroisse se tient chaque ann\u00e9e, en f\u00e9vrier,\u00a0l\u2019<strong>Exposition de La Coudre<\/strong> au coll\u00e8ge du Cr\u00eat-du-Ch\u00eane. Commer\u00e7ants et artisans, du quartier et de plus loin, viennent pr\u00e9senter leurs cr\u00e9ations sur\u00a0un th\u00e8me propos\u00e9. Le Lieu de vie Est y participe activement par le <strong>culte du dimanche matin<\/strong> et <strong>diverses animations <\/strong>autour de son stand.<\/p>\n<h2>Pasteur r\u00e9f\u00e9rent<\/h2>\n<p>Zach\u00e9e Betche, 076 488 05 57, <a href=\"mailto:zachee.betche@eren.ch\">zachee.betche@eren.ch<\/a><\/p>\n<h2>Pr\u00e9sidente du Groupe Culte et Vie spirituelle<\/h2>\n<p>Elisabeth Studer, 032 725 79 59<\/p>\n","protected":false},"excerpt":{"rendered":"<p>\u00ab\u00a0Du bord de l\u2019eau jusqu\u2019au ciel l\u00e0-haut\u00a0\u00bb disait la chanson du vigneron qui d\u00e9crit \u00e0 merveille le lieu de vie Est. Le\u00a0lieu de vie Est s&rsquo;\u00e9tend de\u00a0la rive du lac\u00a0proche de\u00a0la chapelle de la Maladi\u00e8re jusqu&rsquo;aux cr\u00eates de Chaumont\u00a0qui surplombent la chapelle, en passant par les hauts de la ville et le temple de La &hellip; <a href=\"https:\/\/www.eren.ch\/neuchatel\/paroisse\/lieux-de-vie\/lieu-de-vie-est\/\" class=\"more-link\">Continuer la lecture<span class=\"screen-reader-text\"> de &laquo;&nbsp;Lieu de vie Est&nbsp;&raquo;<\/span><\/a><\/p>\n","protected":false},"author":31,"featured_media":0,"parent":6,"menu_order":30,"comment_status":"closed","ping_status":"closed","template":"","meta":{"footnotes":""},"class_list":["post-12","page","type-page","status-publish","hentry"],"yoast_head":"<!-- This site is optimized with the Yoast SEO Premium plugin v27.4 (Yoast SEO v27.4) - https:\/\/yoast.com\/product\/yoast-seo-premium-wordpress\/ -->\n<title>Lieu de vie Est - Paroisse de Neuch\u00e2tel<\/title>\n<meta name=\"description\" content=\"&quot;Du bord de l\u2019eau jusqu\u2019au ciel l\u00e0-haut&quot; disait la chanson du vigneron qui d\u00e9crit \u00e0 merveille le lieu de vie Est. Le\u00a0lieu de vie Est s&#039;\u00e9tend de\u00a0la rive du\" \/>\n<meta name=\"robots\" content=\"index, follow, max-snippet:-1, max-image-preview:large, max-video-preview:-1\" \/>\n<link rel=\"canonical\" href=\"https:\/\/www.eren.ch\/neuchatel\/paroisse\/lieux-de-vie\/lieu-de-vie-est\/\" \/>\n<meta property=\"og:locale\" content=\"fr_FR\" \/>\n<meta property=\"og:type\" content=\"article\" \/>\n<meta property=\"og:title\" content=\"Lieu de vie Est\" \/>\n<meta property=\"og:description\" content=\"&quot;Du bord de l\u2019eau jusqu\u2019au ciel l\u00e0-haut&quot; disait la chanson du vigneron qui d\u00e9crit \u00e0 merveille le lieu de vie Est. Le\u00a0lieu de vie Est s&#039;\u00e9tend de\u00a0la rive du\" \/>\n<meta property=\"og:url\" content=\"https:\/\/www.eren.ch\/neuchatel\/paroisse\/lieux-de-vie\/lieu-de-vie-est\/\" \/>\n<meta property=\"og:site_name\" content=\"Paroisse de Neuch\u00e2tel\" \/>\n<meta property=\"article:publisher\" content=\"https:\/\/www.facebook.com\/eglise.EREN\" \/>\n<meta property=\"article:modified_time\" content=\"2023-08-18T06:53:24+00:00\" \/>\n<meta property=\"og:image\" content=\"https:\/\/www.eren.ch\/neuchatel\/wp-content\/uploads\/sites\/3\/2015\/12\/lacoudre-150x150.jpg\" \/>\n<meta name=\"twitter:card\" content=\"summary_large_image\" \/>\n<meta name=\"twitter:site\" content=\"@egliseeren\" \/>\n<meta name=\"twitter:label1\" content=\"Dur\u00e9e de lecture estim\u00e9e\" \/>\n\t<meta name=\"twitter:data1\" content=\"4 minutes\" \/>\n<script type=\"application\/ld+json\" class=\"yoast-schema-graph\">{\"@context\":\"https:\\\/\\\/schema.org\",\"@graph\":[{\"@type\":\"WebPage\",\"@id\":\"https:\\\/\\\/www.eren.ch\\\/neuchatel\\\/paroisse\\\/lieux-de-vie\\\/lieu-de-vie-est\\\/\",\"url\":\"https:\\\/\\\/www.eren.ch\\\/neuchatel\\\/paroisse\\\/lieux-de-vie\\\/lieu-de-vie-est\\\/\",\"name\":\"Lieu de vie Est - Paroisse de Neuch\u00e2tel\",\"isPartOf\":{\"@id\":\"https:\\\/\\\/www.eren.ch\\\/neuchatel\\\/#website\"},\"primaryImageOfPage\":{\"@id\":\"https:\\\/\\\/www.eren.ch\\\/neuchatel\\\/paroisse\\\/lieux-de-vie\\\/lieu-de-vie-est\\\/#primaryimage\"},\"image\":{\"@id\":\"https:\\\/\\\/www.eren.ch\\\/neuchatel\\\/paroisse\\\/lieux-de-vie\\\/lieu-de-vie-est\\\/#primaryimage\"},\"thumbnailUrl\":\"https:\\\/\\\/www.eren.ch\\\/neuchatel\\\/wp-content\\\/uploads\\\/sites\\\/3\\\/2015\\\/12\\\/lacoudre-150x150.jpg\",\"datePublished\":\"2015-12-28T09:58:55+00:00\",\"dateModified\":\"2023-08-18T06:53:24+00:00\",\"description\":\"\\\"Du bord de l\u2019eau jusqu\u2019au ciel l\u00e0-haut\\\" disait la chanson du vigneron qui d\u00e9crit \u00e0 merveille le lieu de vie Est. Le\u00a0lieu de vie Est s'\u00e9tend de\u00a0la rive du\",\"breadcrumb\":{\"@id\":\"https:\\\/\\\/www.eren.ch\\\/neuchatel\\\/paroisse\\\/lieux-de-vie\\\/lieu-de-vie-est\\\/#breadcrumb\"},\"inLanguage\":\"fr-FR\",\"potentialAction\":[{\"@type\":\"ReadAction\",\"target\":[\"https:\\\/\\\/www.eren.ch\\\/neuchatel\\\/paroisse\\\/lieux-de-vie\\\/lieu-de-vie-est\\\/\"]}]},{\"@type\":\"ImageObject\",\"inLanguage\":\"fr-FR\",\"@id\":\"https:\\\/\\\/www.eren.ch\\\/neuchatel\\\/paroisse\\\/lieux-de-vie\\\/lieu-de-vie-est\\\/#primaryimage\",\"url\":\"https:\\\/\\\/www.eren.ch\\\/neuchatel\\\/wp-content\\\/uploads\\\/sites\\\/3\\\/2015\\\/12\\\/lacoudre.jpg\",\"contentUrl\":\"https:\\\/\\\/www.eren.ch\\\/neuchatel\\\/wp-content\\\/uploads\\\/sites\\\/3\\\/2015\\\/12\\\/lacoudre.jpg\",\"width\":259,\"height\":194},{\"@type\":\"BreadcrumbList\",\"@id\":\"https:\\\/\\\/www.eren.ch\\\/neuchatel\\\/paroisse\\\/lieux-de-vie\\\/lieu-de-vie-est\\\/#breadcrumb\",\"itemListElement\":[{\"@type\":\"ListItem\",\"position\":1,\"name\":\"Accueil\",\"item\":\"https:\\\/\\\/www.eren.ch\\\/neuchatel\\\/\"},{\"@type\":\"ListItem\",\"position\":2,\"name\":\"La paroisse\",\"item\":\"https:\\\/\\\/www.eren.ch\\\/neuchatel\\\/\"},{\"@type\":\"ListItem\",\"position\":3,\"name\":\"Lieux de vie\",\"item\":\"https:\\\/\\\/www.eren.ch\\\/neuchatel\\\/paroisse\\\/lieux-de-vie\\\/\"},{\"@type\":\"ListItem\",\"position\":4,\"name\":\"Lieu de vie Est\"}]},{\"@type\":\"WebSite\",\"@id\":\"https:\\\/\\\/www.eren.ch\\\/neuchatel\\\/#website\",\"url\":\"https:\\\/\\\/www.eren.ch\\\/neuchatel\\\/\",\"name\":\"Paroisse de Neuch\u00e2tel\",\"description\":\"La pr\u00e9sence protestante reconnue en ville de Neuch\u00e2tel\",\"publisher\":{\"@id\":\"https:\\\/\\\/www.eren.ch\\\/neuchatel\\\/#organization\"},\"potentialAction\":[{\"@type\":\"SearchAction\",\"target\":{\"@type\":\"EntryPoint\",\"urlTemplate\":\"https:\\\/\\\/www.eren.ch\\\/neuchatel\\\/?s={search_term_string}\"},\"query-input\":{\"@type\":\"PropertyValueSpecification\",\"valueRequired\":true,\"valueName\":\"search_term_string\"}}],\"inLanguage\":\"fr-FR\"},{\"@type\":\"Organization\",\"@id\":\"https:\\\/\\\/www.eren.ch\\\/neuchatel\\\/#organization\",\"name\":\"Paroisse de Neuch\u00e2tel\",\"url\":\"https:\\\/\\\/www.eren.ch\\\/neuchatel\\\/\",\"logo\":{\"@type\":\"ImageObject\",\"inLanguage\":\"fr-FR\",\"@id\":\"https:\\\/\\\/www.eren.ch\\\/neuchatel\\\/#\\\/schema\\\/logo\\\/image\\\/\",\"url\":\"https:\\\/\\\/www.eren.ch\\\/neuchatel\\\/wp-content\\\/uploads\\\/sites\\\/3\\\/2020\\\/12\\\/logo-neuchatel.png\",\"contentUrl\":\"https:\\\/\\\/www.eren.ch\\\/neuchatel\\\/wp-content\\\/uploads\\\/sites\\\/3\\\/2020\\\/12\\\/logo-neuchatel.png\",\"width\":240,\"height\":117,\"caption\":\"Paroisse de Neuch\u00e2tel\"},\"image\":{\"@id\":\"https:\\\/\\\/www.eren.ch\\\/neuchatel\\\/#\\\/schema\\\/logo\\\/image\\\/\"},\"sameAs\":[\"https:\\\/\\\/www.facebook.com\\\/eglise.EREN\",\"https:\\\/\\\/x.com\\\/egliseeren\",\"https:\\\/\\\/fr.wikipedia.org\\\/wiki\\\/glise_rforme_vanglique_du_canton_de_Neuchtel\"]}]}<\/script>\n<!-- \/ Yoast SEO Premium plugin. -->","yoast_head_json":{"title":"Lieu de vie Est - Paroisse de Neuch\u00e2tel","description":"\"Du bord de l\u2019eau jusqu\u2019au ciel l\u00e0-haut\" disait la chanson du vigneron qui d\u00e9crit \u00e0 merveille le lieu de vie Est. Le\u00a0lieu de vie Est s'\u00e9tend de\u00a0la rive du","robots":{"index":"index","follow":"follow","max-snippet":"max-snippet:-1","max-image-preview":"max-image-preview:large","max-video-preview":"max-video-preview:-1"},"canonical":"https:\/\/www.eren.ch\/neuchatel\/paroisse\/lieux-de-vie\/lieu-de-vie-est\/","og_locale":"fr_FR","og_type":"article","og_title":"Lieu de vie Est","og_description":"\"Du bord de l\u2019eau jusqu\u2019au ciel l\u00e0-haut\" disait la chanson du vigneron qui d\u00e9crit \u00e0 merveille le lieu de vie Est. Le\u00a0lieu de vie Est s'\u00e9tend de\u00a0la rive du","og_url":"https:\/\/www.eren.ch\/neuchatel\/paroisse\/lieux-de-vie\/lieu-de-vie-est\/","og_site_name":"Paroisse de Neuch\u00e2tel","article_publisher":"https:\/\/www.facebook.com\/eglise.EREN","article_modified_time":"2023-08-18T06:53:24+00:00","og_image":[{"url":"https:\/\/www.eren.ch\/neuchatel\/wp-content\/uploads\/sites\/3\/2015\/12\/lacoudre-150x150.jpg","type":"","width":"","height":""}],"twitter_card":"summary_large_image","twitter_site":"@egliseeren","twitter_misc":{"Dur\u00e9e de lecture estim\u00e9e":"4 minutes"},"schema":{"@context":"https:\/\/schema.org","@graph":[{"@type":"WebPage","@id":"https:\/\/www.eren.ch\/neuchatel\/paroisse\/lieux-de-vie\/lieu-de-vie-est\/","url":"https:\/\/www.eren.ch\/neuchatel\/paroisse\/lieux-de-vie\/lieu-de-vie-est\/","name":"Lieu de vie Est - Paroisse de Neuch\u00e2tel","isPartOf":{"@id":"https:\/\/www.eren.ch\/neuchatel\/#website"},"primaryImageOfPage":{"@id":"https:\/\/www.eren.ch\/neuchatel\/paroisse\/lieux-de-vie\/lieu-de-vie-est\/#primaryimage"},"image":{"@id":"https:\/\/www.eren.ch\/neuchatel\/paroisse\/lieux-de-vie\/lieu-de-vie-est\/#primaryimage"},"thumbnailUrl":"https:\/\/www.eren.ch\/neuchatel\/wp-content\/uploads\/sites\/3\/2015\/12\/lacoudre-150x150.jpg","datePublished":"2015-12-28T09:58:55+00:00","dateModified":"2023-08-18T06:53:24+00:00","description":"\"Du bord de l\u2019eau jusqu\u2019au ciel l\u00e0-haut\" disait la chanson du vigneron qui d\u00e9crit \u00e0 merveille le lieu de vie Est. Le\u00a0lieu de vie Est s'\u00e9tend de\u00a0la rive du","breadcrumb":{"@id":"https:\/\/www.eren.ch\/neuchatel\/paroisse\/lieux-de-vie\/lieu-de-vie-est\/#breadcrumb"},"inLanguage":"fr-FR","potentialAction":[{"@type":"ReadAction","target":["https:\/\/www.eren.ch\/neuchatel\/paroisse\/lieux-de-vie\/lieu-de-vie-est\/"]}]},{"@type":"ImageObject","inLanguage":"fr-FR","@id":"https:\/\/www.eren.ch\/neuchatel\/paroisse\/lieux-de-vie\/lieu-de-vie-est\/#primaryimage","url":"https:\/\/www.eren.ch\/neuchatel\/wp-content\/uploads\/sites\/3\/2015\/12\/lacoudre.jpg","contentUrl":"https:\/\/www.eren.ch\/neuchatel\/wp-content\/uploads\/sites\/3\/2015\/12\/lacoudre.jpg","width":259,"height":194},{"@type":"BreadcrumbList","@id":"https:\/\/www.eren.ch\/neuchatel\/paroisse\/lieux-de-vie\/lieu-de-vie-est\/#breadcrumb","itemListElement":[{"@type":"ListItem","position":1,"name":"Accueil","item":"https:\/\/www.eren.ch\/neuchatel\/"},{"@type":"ListItem","position":2,"name":"La paroisse","item":"https:\/\/www.eren.ch\/neuchatel\/"},{"@type":"ListItem","position":3,"name":"Lieux de vie","item":"https:\/\/www.eren.ch\/neuchatel\/paroisse\/lieux-de-vie\/"},{"@type":"ListItem","position":4,"name":"Lieu de vie Est"}]},{"@type":"WebSite","@id":"https:\/\/www.eren.ch\/neuchatel\/#website","url":"https:\/\/www.eren.ch\/neuchatel\/","name":"Paroisse de Neuch\u00e2tel","description":"La pr\u00e9sence protestante reconnue en ville de Neuch\u00e2tel","publisher":{"@id":"https:\/\/www.eren.ch\/neuchatel\/#organization"},"potentialAction":[{"@type":"SearchAction","target":{"@type":"EntryPoint","urlTemplate":"https:\/\/www.eren.ch\/neuchatel\/?s={search_term_string}"},"query-input":{"@type":"PropertyValueSpecification","valueRequired":true,"valueName":"search_term_string"}}],"inLanguage":"fr-FR"},{"@type":"Organization","@id":"https:\/\/www.eren.ch\/neuchatel\/#organization","name":"Paroisse de Neuch\u00e2tel","url":"https:\/\/www.eren.ch\/neuchatel\/","logo":{"@type":"ImageObject","inLanguage":"fr-FR","@id":"https:\/\/www.eren.ch\/neuchatel\/#\/schema\/logo\/image\/","url":"https:\/\/www.eren.ch\/neuchatel\/wp-content\/uploads\/sites\/3\/2020\/12\/logo-neuchatel.png","contentUrl":"https:\/\/www.eren.ch\/neuchatel\/wp-content\/uploads\/sites\/3\/2020\/12\/logo-neuchatel.png","width":240,"height":117,"caption":"Paroisse de Neuch\u00e2tel"},"image":{"@id":"https:\/\/www.eren.ch\/neuchatel\/#\/schema\/logo\/image\/"},"sameAs":["https:\/\/www.facebook.com\/eglise.EREN","https:\/\/x.com\/egliseeren","https:\/\/fr.wikipedia.org\/wiki\/glise_rforme_vanglique_du_canton_de_Neuchtel"]}]}},"_links":{"self":[{"href":"https:\/\/www.eren.ch\/neuchatel\/wp-json\/wp\/v2\/pages\/12","targetHints":{"allow":["GET"]}}],"collection":[{"href":"https:\/\/www.eren.ch\/neuchatel\/wp-json\/wp\/v2\/pages"}],"about":[{"href":"https:\/\/www.eren.ch\/neuchatel\/wp-json\/wp\/v2\/types\/page"}],"author":[{"embeddable":true,"href":"https:\/\/www.eren.ch\/neuchatel\/wp-json\/wp\/v2\/users\/31"}],"replies":[{"embeddable":true,"href":"https:\/\/www.eren.ch\/neuchatel\/wp-json\/wp\/v2\/comments?post=12"}],"version-history":[{"count":5,"href":"https:\/\/www.eren.ch\/neuchatel\/wp-json\/wp\/v2\/pages\/12\/revisions"}],"predecessor-version":[{"id":6273,"href":"https:\/\/www.eren.ch\/neuchatel\/wp-json\/wp\/v2\/pages\/12\/revisions\/6273"}],"up":[{"embeddable":true,"href":"https:\/\/www.eren.ch\/neuchatel\/wp-json\/wp\/v2\/pages\/6"}],"wp:attachment":[{"href":"https:\/\/www.eren.ch\/neuchatel\/wp-json\/wp\/v2\/media?parent=12"}],"curies":[{"name":"wp","href":"https:\/\/api.w.org\/{rel}","templated":true}]}}