{"id":26,"date":"2015-12-31T10:25:16","date_gmt":"2015-12-31T09:25:16","guid":{"rendered":"https:\/\/www.eren.ch\/neuchatel\/?page_id=26"},"modified":"2025-11-21T14:30:50","modified_gmt":"2025-11-21T13:30:50","slug":"catechisme","status":"publish","type":"page","link":"https:\/\/www.eren.ch\/neuchatel\/enfance-et-jeunesse\/catechisme\/","title":{"rendered":"Cat\u00e9chisme"},"content":{"rendered":"\n<p class=\"has-light-gray-background-color has-background has-medium-font-size\">Les informations pratiques et les programmes sont d\u00e9sormais disponibles pour tout le canton sur le site du&nbsp;<a href=\"https:\/\/www.eren.ch\/siaj\/\">Service interparoissial de l\u2019accompagnement de la Jeunesse (SIAJ)<\/a>.<\/p>\n\n\n\n<p>Le KT s\u2019adresse aux jeunes de 10H et 11H et se donne sur deux ans, en collaboration avec la paroisse de La C\u00f4te (Peseux-Corcelles-Cormondr\u00e8che).<\/p>\n\n\n\n<p>En r\u00e9sum\u00e9, c\u2019est quoi le KT&nbsp;?<\/p>\n\n\n\n<p>Pour nous, le KT n\u2019est pas simplement une transmission de connaissances. C\u2019est plut\u00f4t un espace o\u00f9 sont abord\u00e9s des th\u00e8mes qui touchent \u00e0 notre existence, qui nous questionnent, des sujets en lien avec la foi, la spiritualit\u00e9 et les valeurs chr\u00e9tiennes.<\/p>\n\n\n\n<p>Une dynamique \u00e9quipe de monos (monitrices et moniteurs) anime les rencontres, o\u00f9 l\u2019on peut poser des questions sur le sens de la vie, sur les valeurs humaines, sur Dieu.<\/p>\n\n\n\n<p>Tout cela dans un esprit de respect, d\u2019ouverture et de partage, qui permet aux jeunes la confrontation de leurs id\u00e9es et le dialogue dans un cadre s\u00e9curisant et convivial.<\/p>\n\n\n\n<p><strong>Contacts:<\/strong><\/p>\n\n\n\n<ul class=\"wp-block-list\">\n<li>Constantin Bacha (Neuch\u00e2tel), 079 707 47 77, constantin.bacha@eren.ch<\/li>\n\n\n\n<li>Yvena Garraud (La C\u00f4te), 079 273 12 87, yvena.garraudthomas@eren.ch<\/li>\n<\/ul>\n","protected":false},"excerpt":{"rendered":"<p>Les informations pratiques et les programmes sont d\u00e9sormais disponibles pour tout le canton sur le site du&nbsp;Service interparoissial de l\u2019accompagnement de la Jeunesse (SIAJ). Le KT s\u2019adresse aux jeunes de 10H et 11H et se donne sur deux ans, en collaboration avec la paroisse de La C\u00f4te (Peseux-Corcelles-Cormondr\u00e8che). En r\u00e9sum\u00e9, c\u2019est quoi le KT&nbsp;? Pour &hellip; <a href=\"https:\/\/www.eren.ch\/neuchatel\/enfance-et-jeunesse\/catechisme\/\" class=\"more-link\">Continuer la lecture<span class=\"screen-reader-text\"> de &laquo;&nbsp;Cat\u00e9chisme&nbsp;&raquo;<\/span><\/a><\/p>\n","protected":false},"author":31,"featured_media":0,"parent":24,"menu_order":20,"comment_status":"closed","ping_status":"closed","template":"","meta":{"footnotes":""},"class_list":["post-26","page","type-page","status-publish","hentry"],"yoast_head":"<!-- This site is optimized with the Yoast SEO Premium plugin v27.4 (Yoast SEO v27.4) - https:\/\/yoast.com\/product\/yoast-seo-premium-wordpress\/ -->\n<title>Cat\u00e9chisme - Paroisse de Neuch\u00e2tel<\/title>\n<meta name=\"description\" content=\"Les informations pratiques et les programmes sont d\u00e9sormais disponibles pour tout le canton sur le site du&nbsp;Service interparoissial de\" \/>\n<meta name=\"robots\" content=\"index, follow, max-snippet:-1, max-image-preview:large, max-video-preview:-1\" \/>\n<link rel=\"canonical\" href=\"https:\/\/www.eren.ch\/neuchatel\/enfance-et-jeunesse\/catechisme\/\" \/>\n<meta property=\"og:locale\" content=\"fr_FR\" \/>\n<meta property=\"og:type\" content=\"article\" \/>\n<meta property=\"og:title\" content=\"Cat\u00e9chisme\" \/>\n<meta property=\"og:description\" content=\"Les informations pratiques et les programmes sont d\u00e9sormais disponibles pour tout le canton sur le site du&nbsp;Service interparoissial de\" \/>\n<meta property=\"og:url\" content=\"https:\/\/www.eren.ch\/neuchatel\/enfance-et-jeunesse\/catechisme\/\" \/>\n<meta property=\"og:site_name\" content=\"Paroisse de Neuch\u00e2tel\" \/>\n<meta property=\"article:publisher\" content=\"https:\/\/www.facebook.com\/eglise.EREN\" \/>\n<meta property=\"article:modified_time\" content=\"2025-11-21T13:30:50+00:00\" \/>\n<meta name=\"twitter:card\" content=\"summary_large_image\" \/>\n<meta name=\"twitter:site\" content=\"@egliseeren\" \/>\n<meta name=\"twitter:label1\" content=\"Dur\u00e9e de lecture estim\u00e9e\" \/>\n\t<meta name=\"twitter:data1\" content=\"1 minute\" \/>\n<script type=\"application\/ld+json\" class=\"yoast-schema-graph\">{\"@context\":\"https:\\\/\\\/schema.org\",\"@graph\":[{\"@type\":\"WebPage\",\"@id\":\"https:\\\/\\\/www.eren.ch\\\/neuchatel\\\/enfance-et-jeunesse\\\/catechisme\\\/\",\"url\":\"https:\\\/\\\/www.eren.ch\\\/neuchatel\\\/enfance-et-jeunesse\\\/catechisme\\\/\",\"name\":\"Cat\u00e9chisme - Paroisse de Neuch\u00e2tel\",\"isPartOf\":{\"@id\":\"https:\\\/\\\/www.eren.ch\\\/neuchatel\\\/#website\"},\"datePublished\":\"2015-12-31T09:25:16+00:00\",\"dateModified\":\"2025-11-21T13:30:50+00:00\",\"description\":\"Les informations pratiques et les programmes sont d\u00e9sormais disponibles pour tout le canton sur le site du&nbsp;Service interparoissial de\",\"breadcrumb\":{\"@id\":\"https:\\\/\\\/www.eren.ch\\\/neuchatel\\\/enfance-et-jeunesse\\\/catechisme\\\/#breadcrumb\"},\"inLanguage\":\"fr-FR\",\"potentialAction\":[{\"@type\":\"ReadAction\",\"target\":[\"https:\\\/\\\/www.eren.ch\\\/neuchatel\\\/enfance-et-jeunesse\\\/catechisme\\\/\"]}]},{\"@type\":\"BreadcrumbList\",\"@id\":\"https:\\\/\\\/www.eren.ch\\\/neuchatel\\\/enfance-et-jeunesse\\\/catechisme\\\/#breadcrumb\",\"itemListElement\":[{\"@type\":\"ListItem\",\"position\":1,\"name\":\"Accueil\",\"item\":\"https:\\\/\\\/www.eren.ch\\\/neuchatel\\\/\"},{\"@type\":\"ListItem\",\"position\":2,\"name\":\"Enfance et jeunesse\",\"item\":\"https:\\\/\\\/www.eren.ch\\\/neuchatel\\\/enfance-et-jeunesse\\\/\"},{\"@type\":\"ListItem\",\"position\":3,\"name\":\"Cat\u00e9chisme\"}]},{\"@type\":\"WebSite\",\"@id\":\"https:\\\/\\\/www.eren.ch\\\/neuchatel\\\/#website\",\"url\":\"https:\\\/\\\/www.eren.ch\\\/neuchatel\\\/\",\"name\":\"Paroisse de Neuch\u00e2tel\",\"description\":\"La pr\u00e9sence protestante reconnue en ville de Neuch\u00e2tel\",\"publisher\":{\"@id\":\"https:\\\/\\\/www.eren.ch\\\/neuchatel\\\/#organization\"},\"potentialAction\":[{\"@type\":\"SearchAction\",\"target\":{\"@type\":\"EntryPoint\",\"urlTemplate\":\"https:\\\/\\\/www.eren.ch\\\/neuchatel\\\/?s={search_term_string}\"},\"query-input\":{\"@type\":\"PropertyValueSpecification\",\"valueRequired\":true,\"valueName\":\"search_term_string\"}}],\"inLanguage\":\"fr-FR\"},{\"@type\":\"Organization\",\"@id\":\"https:\\\/\\\/www.eren.ch\\\/neuchatel\\\/#organization\",\"name\":\"Paroisse de Neuch\u00e2tel\",\"url\":\"https:\\\/\\\/www.eren.ch\\\/neuchatel\\\/\",\"logo\":{\"@type\":\"ImageObject\",\"inLanguage\":\"fr-FR\",\"@id\":\"https:\\\/\\\/www.eren.ch\\\/neuchatel\\\/#\\\/schema\\\/logo\\\/image\\\/\",\"url\":\"https:\\\/\\\/www.eren.ch\\\/neuchatel\\\/wp-content\\\/uploads\\\/sites\\\/3\\\/2020\\\/12\\\/logo-neuchatel.png\",\"contentUrl\":\"https:\\\/\\\/www.eren.ch\\\/neuchatel\\\/wp-content\\\/uploads\\\/sites\\\/3\\\/2020\\\/12\\\/logo-neuchatel.png\",\"width\":240,\"height\":117,\"caption\":\"Paroisse de Neuch\u00e2tel\"},\"image\":{\"@id\":\"https:\\\/\\\/www.eren.ch\\\/neuchatel\\\/#\\\/schema\\\/logo\\\/image\\\/\"},\"sameAs\":[\"https:\\\/\\\/www.facebook.com\\\/eglise.EREN\",\"https:\\\/\\\/x.com\\\/egliseeren\",\"https:\\\/\\\/fr.wikipedia.org\\\/wiki\\\/glise_rforme_vanglique_du_canton_de_Neuchtel\"]}]}<\/script>\n<!-- \/ Yoast SEO Premium plugin. -->","yoast_head_json":{"title":"Cat\u00e9chisme - Paroisse de Neuch\u00e2tel","description":"Les informations pratiques et les programmes sont d\u00e9sormais disponibles pour tout le canton sur le site du&nbsp;Service interparoissial de","robots":{"index":"index","follow":"follow","max-snippet":"max-snippet:-1","max-image-preview":"max-image-preview:large","max-video-preview":"max-video-preview:-1"},"canonical":"https:\/\/www.eren.ch\/neuchatel\/enfance-et-jeunesse\/catechisme\/","og_locale":"fr_FR","og_type":"article","og_title":"Cat\u00e9chisme","og_description":"Les informations pratiques et les programmes sont d\u00e9sormais disponibles pour tout le canton sur le site du&nbsp;Service interparoissial de","og_url":"https:\/\/www.eren.ch\/neuchatel\/enfance-et-jeunesse\/catechisme\/","og_site_name":"Paroisse de Neuch\u00e2tel","article_publisher":"https:\/\/www.facebook.com\/eglise.EREN","article_modified_time":"2025-11-21T13:30:50+00:00","twitter_card":"summary_large_image","twitter_site":"@egliseeren","twitter_misc":{"Dur\u00e9e de lecture estim\u00e9e":"1 minute"},"schema":{"@context":"https:\/\/schema.org","@graph":[{"@type":"WebPage","@id":"https:\/\/www.eren.ch\/neuchatel\/enfance-et-jeunesse\/catechisme\/","url":"https:\/\/www.eren.ch\/neuchatel\/enfance-et-jeunesse\/catechisme\/","name":"Cat\u00e9chisme - Paroisse de Neuch\u00e2tel","isPartOf":{"@id":"https:\/\/www.eren.ch\/neuchatel\/#website"},"datePublished":"2015-12-31T09:25:16+00:00","dateModified":"2025-11-21T13:30:50+00:00","description":"Les informations pratiques et les programmes sont d\u00e9sormais disponibles pour tout le canton sur le site du&nbsp;Service interparoissial de","breadcrumb":{"@id":"https:\/\/www.eren.ch\/neuchatel\/enfance-et-jeunesse\/catechisme\/#breadcrumb"},"inLanguage":"fr-FR","potentialAction":[{"@type":"ReadAction","target":["https:\/\/www.eren.ch\/neuchatel\/enfance-et-jeunesse\/catechisme\/"]}]},{"@type":"BreadcrumbList","@id":"https:\/\/www.eren.ch\/neuchatel\/enfance-et-jeunesse\/catechisme\/#breadcrumb","itemListElement":[{"@type":"ListItem","position":1,"name":"Accueil","item":"https:\/\/www.eren.ch\/neuchatel\/"},{"@type":"ListItem","position":2,"name":"Enfance et jeunesse","item":"https:\/\/www.eren.ch\/neuchatel\/enfance-et-jeunesse\/"},{"@type":"ListItem","position":3,"name":"Cat\u00e9chisme"}]},{"@type":"WebSite","@id":"https:\/\/www.eren.ch\/neuchatel\/#website","url":"https:\/\/www.eren.ch\/neuchatel\/","name":"Paroisse de Neuch\u00e2tel","description":"La pr\u00e9sence protestante reconnue en ville de Neuch\u00e2tel","publisher":{"@id":"https:\/\/www.eren.ch\/neuchatel\/#organization"},"potentialAction":[{"@type":"SearchAction","target":{"@type":"EntryPoint","urlTemplate":"https:\/\/www.eren.ch\/neuchatel\/?s={search_term_string}"},"query-input":{"@type":"PropertyValueSpecification","valueRequired":true,"valueName":"search_term_string"}}],"inLanguage":"fr-FR"},{"@type":"Organization","@id":"https:\/\/www.eren.ch\/neuchatel\/#organization","name":"Paroisse de Neuch\u00e2tel","url":"https:\/\/www.eren.ch\/neuchatel\/","logo":{"@type":"ImageObject","inLanguage":"fr-FR","@id":"https:\/\/www.eren.ch\/neuchatel\/#\/schema\/logo\/image\/","url":"https:\/\/www.eren.ch\/neuchatel\/wp-content\/uploads\/sites\/3\/2020\/12\/logo-neuchatel.png","contentUrl":"https:\/\/www.eren.ch\/neuchatel\/wp-content\/uploads\/sites\/3\/2020\/12\/logo-neuchatel.png","width":240,"height":117,"caption":"Paroisse de Neuch\u00e2tel"},"image":{"@id":"https:\/\/www.eren.ch\/neuchatel\/#\/schema\/logo\/image\/"},"sameAs":["https:\/\/www.facebook.com\/eglise.EREN","https:\/\/x.com\/egliseeren","https:\/\/fr.wikipedia.org\/wiki\/glise_rforme_vanglique_du_canton_de_Neuchtel"]}]}},"_links":{"self":[{"href":"https:\/\/www.eren.ch\/neuchatel\/wp-json\/wp\/v2\/pages\/26","targetHints":{"allow":["GET"]}}],"collection":[{"href":"https:\/\/www.eren.ch\/neuchatel\/wp-json\/wp\/v2\/pages"}],"about":[{"href":"https:\/\/www.eren.ch\/neuchatel\/wp-json\/wp\/v2\/types\/page"}],"author":[{"embeddable":true,"href":"https:\/\/www.eren.ch\/neuchatel\/wp-json\/wp\/v2\/users\/31"}],"replies":[{"embeddable":true,"href":"https:\/\/www.eren.ch\/neuchatel\/wp-json\/wp\/v2\/comments?post=26"}],"version-history":[{"count":5,"href":"https:\/\/www.eren.ch\/neuchatel\/wp-json\/wp\/v2\/pages\/26\/revisions"}],"predecessor-version":[{"id":7555,"href":"https:\/\/www.eren.ch\/neuchatel\/wp-json\/wp\/v2\/pages\/26\/revisions\/7555"}],"up":[{"embeddable":true,"href":"https:\/\/www.eren.ch\/neuchatel\/wp-json\/wp\/v2\/pages\/24"}],"wp:attachment":[{"href":"https:\/\/www.eren.ch\/neuchatel\/wp-json\/wp\/v2\/media?parent=26"}],"curies":[{"name":"wp","href":"https:\/\/api.w.org\/{rel}","templated":true}]}}