{"id":291,"date":"2016-03-22T14:44:44","date_gmt":"2016-03-22T13:44:39","guid":{"rendered":"https:\/\/www.eren.ch\/neuchatel\/?page_id=291"},"modified":"2024-01-23T11:37:09","modified_gmt":"2024-01-23T10:37:09","slug":"lire","status":"publish","type":"page","link":"https:\/\/www.eren.ch\/neuchatel\/convivialite\/lire\/","title":{"rendered":"Lectures bibliques"},"content":{"rendered":"<p><img decoding=\"async\" class=\"alignnone wp-image-548 size-large\" src=\"https:\/\/www.eren.ch\/neuchatel\/wp-content\/uploads\/sites\/3\/2016\/03\/bible1-e1458767588476-1024x359.jpg\" alt=\"bible1\" width=\"840\" height=\"294\" srcset=\"https:\/\/www.eren.ch\/neuchatel\/wp-content\/uploads\/sites\/3\/2016\/03\/bible1-e1458767588476-1024x359.jpg 1024w, https:\/\/www.eren.ch\/neuchatel\/wp-content\/uploads\/sites\/3\/2016\/03\/bible1-e1458767588476-300x105.jpg 300w, https:\/\/www.eren.ch\/neuchatel\/wp-content\/uploads\/sites\/3\/2016\/03\/bible1-e1458767588476-768x269.jpg 768w, https:\/\/www.eren.ch\/neuchatel\/wp-content\/uploads\/sites\/3\/2016\/03\/bible1-e1458767588476-1200x420.jpg 1200w, https:\/\/www.eren.ch\/neuchatel\/wp-content\/uploads\/sites\/3\/2016\/03\/bible1-e1458767588476.jpg 1500w\" sizes=\"(max-width: 709px) 85vw, (max-width: 909px) 67vw, (max-width: 1362px) 62vw, 840px\" \/><\/p>\n<blockquote><p>Lire la Bible, c\u2019est entendre Dieu nous parler (Calvin)<\/p><\/blockquote>\n<p>Venez vivre et faire vivre la Parole par des lectures de groupe participatives, riches d\u2019enseignement et de partage de sa foi.<\/p>\n<h3>Le groupe \u0153cum\u00e9nique de Serri\u00e8res<\/h3>\n<p>Ce groupe se r\u00e9unit <strong>deux fois par mois<\/strong>.\u00a0Il est anim\u00e9 par le pasteur Florian Schubert qui propose aux participants une r\u00e9flexion de groupe sur la lecture biblique \u0153cum\u00e9nique de l\u2019\u00e9vangile du dimanche suivant. Contact, Florian Schubert, 079 883 00 44, <a href=\"mailto:florian.schubert@eren.ch\">florian.schubert@eren.ch<\/a><\/p>\n<h3>Le groupe biblique \u0153cum\u00e9nique de La Coudre<\/h3>\n<p><img decoding=\"async\" class=\"alignleft wp-image-701 size-medium\" src=\"https:\/\/www.eren.ch\/neuchatel\/wp-content\/uploads\/sites\/3\/2016\/03\/groupe_coudre1-300x225.png\" alt=\"groupe_coudre1\" width=\"300\" height=\"225\" srcset=\"https:\/\/www.eren.ch\/neuchatel\/wp-content\/uploads\/sites\/3\/2016\/03\/groupe_coudre1-300x225.png 300w, https:\/\/www.eren.ch\/neuchatel\/wp-content\/uploads\/sites\/3\/2016\/03\/groupe_coudre1-768x576.png 768w, https:\/\/www.eren.ch\/neuchatel\/wp-content\/uploads\/sites\/3\/2016\/03\/groupe_coudre1-1024x768.png 1024w, https:\/\/www.eren.ch\/neuchatel\/wp-content\/uploads\/sites\/3\/2016\/03\/groupe_coudre1-1200x900.png 1200w, https:\/\/www.eren.ch\/neuchatel\/wp-content\/uploads\/sites\/3\/2016\/03\/groupe_coudre1.png 1500w\" sizes=\"(max-width: 300px) 85vw, 300px\" \/><\/p>\n<p>Ce groupe se r\u00e9unit <strong>un mercredi par mois, de 18h30 \u00e0 20h<\/strong> autour d\u2019un choix de lectures bibliques, \u00e0 la salle de paroisse de St-Norbert, anim\u00e9 par Zach\u00e9e Betche. Contact. Zach\u00e9e Betche, 076 488 05 57, <a href=\"mailto:zachee.betche@eren.ch\">zachee.betche@eren.ch<\/a><\/p>\n<p>&nbsp;<\/p>\n<h3>Themennachmittag<\/h3>\n<p>Einmal im Monat <strong>von 14Uhr30 bis 16Uhr00<\/strong> in der rue des Poudri\u00e8res 21. Austausch zu einem biblischen Thema mit Pfarrer Florian Schubert. Le 2e mardi du mois de14h30-16h00, rue des Poudri\u00e8res 21. Venez \u00e9changer en allemand sur un th\u00e8me biblique, rencontres anim\u00e9es par Florian Schubert, 079 883 00 44, <a href=\"mailto:florian.schubert@eren.ch\">florian.schubert@eren.ch<\/a><\/p>\n<p>&nbsp;<\/p>\n","protected":false},"excerpt":{"rendered":"<p>Lire la Bible, c\u2019est entendre Dieu nous parler (Calvin) Venez vivre et faire vivre la Parole par des lectures de groupe participatives, riches d\u2019enseignement et de partage de sa foi. Le groupe \u0153cum\u00e9nique de Serri\u00e8res Ce groupe se r\u00e9unit deux fois par mois.\u00a0Il est anim\u00e9 par le pasteur Florian Schubert qui propose aux participants une &hellip; <a href=\"https:\/\/www.eren.ch\/neuchatel\/convivialite\/lire\/\" class=\"more-link\">Continuer la lecture<span class=\"screen-reader-text\"> de &laquo;&nbsp;Lectures bibliques&nbsp;&raquo;<\/span><\/a><\/p>\n","protected":false},"author":31,"featured_media":0,"parent":135,"menu_order":20,"comment_status":"closed","ping_status":"closed","template":"","meta":{"footnotes":""},"class_list":["post-291","page","type-page","status-publish","hentry"],"yoast_head":"<!-- This site is optimized with the Yoast SEO Premium plugin v27.4 (Yoast SEO v27.4) - https:\/\/yoast.com\/product\/yoast-seo-premium-wordpress\/ -->\n<title>Lectures bibliques - Paroisse de Neuch\u00e2tel<\/title>\n<meta name=\"description\" content=\"Lire la Bible, c\u2019est entendre Dieu nous parler (Calvin) Venez vivre et faire vivre la Parole par des lectures de groupe participatives, riches\" \/>\n<meta name=\"robots\" content=\"index, follow, max-snippet:-1, max-image-preview:large, max-video-preview:-1\" \/>\n<link rel=\"canonical\" href=\"https:\/\/www.eren.ch\/neuchatel\/convivialite\/lire\/\" \/>\n<meta property=\"og:locale\" content=\"fr_FR\" \/>\n<meta property=\"og:type\" content=\"article\" \/>\n<meta property=\"og:title\" content=\"Lectures bibliques\" \/>\n<meta property=\"og:description\" content=\"Lire la Bible, c\u2019est entendre Dieu nous parler (Calvin) Venez vivre et faire vivre la Parole par des lectures de groupe participatives, riches\" \/>\n<meta property=\"og:url\" content=\"https:\/\/www.eren.ch\/neuchatel\/convivialite\/lire\/\" \/>\n<meta property=\"og:site_name\" content=\"Paroisse de Neuch\u00e2tel\" \/>\n<meta property=\"article:publisher\" content=\"https:\/\/www.facebook.com\/eglise.EREN\" \/>\n<meta property=\"article:modified_time\" content=\"2024-01-23T10:37:09+00:00\" \/>\n<meta property=\"og:image\" content=\"https:\/\/www.eren.ch\/neuchatel\/wp-content\/uploads\/sites\/3\/2016\/03\/bible1-e1458767588476-1024x359.jpg\" \/>\n<meta name=\"twitter:card\" content=\"summary_large_image\" \/>\n<meta name=\"twitter:site\" content=\"@egliseeren\" \/>\n<meta name=\"twitter:label1\" content=\"Dur\u00e9e de lecture estim\u00e9e\" \/>\n\t<meta name=\"twitter:data1\" content=\"2 minutes\" \/>\n<script type=\"application\/ld+json\" class=\"yoast-schema-graph\">{\"@context\":\"https:\\\/\\\/schema.org\",\"@graph\":[{\"@type\":\"WebPage\",\"@id\":\"https:\\\/\\\/www.eren.ch\\\/neuchatel\\\/convivialite\\\/lire\\\/\",\"url\":\"https:\\\/\\\/www.eren.ch\\\/neuchatel\\\/convivialite\\\/lire\\\/\",\"name\":\"Lectures bibliques - Paroisse de Neuch\u00e2tel\",\"isPartOf\":{\"@id\":\"https:\\\/\\\/www.eren.ch\\\/neuchatel\\\/#website\"},\"primaryImageOfPage\":{\"@id\":\"https:\\\/\\\/www.eren.ch\\\/neuchatel\\\/convivialite\\\/lire\\\/#primaryimage\"},\"image\":{\"@id\":\"https:\\\/\\\/www.eren.ch\\\/neuchatel\\\/convivialite\\\/lire\\\/#primaryimage\"},\"thumbnailUrl\":\"https:\\\/\\\/www.eren.ch\\\/neuchatel\\\/wp-content\\\/uploads\\\/sites\\\/3\\\/2016\\\/03\\\/bible1-e1458767588476-1024x359.jpg\",\"datePublished\":\"2016-03-22T13:44:39+00:00\",\"dateModified\":\"2024-01-23T10:37:09+00:00\",\"description\":\"Lire la Bible, c\u2019est entendre Dieu nous parler (Calvin) Venez vivre et faire vivre la Parole par des lectures de groupe participatives, riches\",\"breadcrumb\":{\"@id\":\"https:\\\/\\\/www.eren.ch\\\/neuchatel\\\/convivialite\\\/lire\\\/#breadcrumb\"},\"inLanguage\":\"fr-FR\",\"potentialAction\":[{\"@type\":\"ReadAction\",\"target\":[\"https:\\\/\\\/www.eren.ch\\\/neuchatel\\\/convivialite\\\/lire\\\/\"]}]},{\"@type\":\"ImageObject\",\"inLanguage\":\"fr-FR\",\"@id\":\"https:\\\/\\\/www.eren.ch\\\/neuchatel\\\/convivialite\\\/lire\\\/#primaryimage\",\"url\":\"https:\\\/\\\/www.eren.ch\\\/neuchatel\\\/wp-content\\\/uploads\\\/sites\\\/3\\\/2016\\\/03\\\/bible1-e1458767588476.jpg\",\"contentUrl\":\"https:\\\/\\\/www.eren.ch\\\/neuchatel\\\/wp-content\\\/uploads\\\/sites\\\/3\\\/2016\\\/03\\\/bible1-e1458767588476.jpg\",\"width\":1500,\"height\":525},{\"@type\":\"BreadcrumbList\",\"@id\":\"https:\\\/\\\/www.eren.ch\\\/neuchatel\\\/convivialite\\\/lire\\\/#breadcrumb\",\"itemListElement\":[{\"@type\":\"ListItem\",\"position\":1,\"name\":\"Accueil\",\"item\":\"https:\\\/\\\/www.eren.ch\\\/neuchatel\\\/\"},{\"@type\":\"ListItem\",\"position\":2,\"name\":\"Convivialit\u00e9\",\"item\":\"https:\\\/\\\/www.eren.ch\\\/neuchatel\\\/convivialite\\\/\"},{\"@type\":\"ListItem\",\"position\":3,\"name\":\"Lectures bibliques\"}]},{\"@type\":\"WebSite\",\"@id\":\"https:\\\/\\\/www.eren.ch\\\/neuchatel\\\/#website\",\"url\":\"https:\\\/\\\/www.eren.ch\\\/neuchatel\\\/\",\"name\":\"Paroisse de Neuch\u00e2tel\",\"description\":\"La pr\u00e9sence protestante reconnue en ville de Neuch\u00e2tel\",\"publisher\":{\"@id\":\"https:\\\/\\\/www.eren.ch\\\/neuchatel\\\/#organization\"},\"potentialAction\":[{\"@type\":\"SearchAction\",\"target\":{\"@type\":\"EntryPoint\",\"urlTemplate\":\"https:\\\/\\\/www.eren.ch\\\/neuchatel\\\/?s={search_term_string}\"},\"query-input\":{\"@type\":\"PropertyValueSpecification\",\"valueRequired\":true,\"valueName\":\"search_term_string\"}}],\"inLanguage\":\"fr-FR\"},{\"@type\":\"Organization\",\"@id\":\"https:\\\/\\\/www.eren.ch\\\/neuchatel\\\/#organization\",\"name\":\"Paroisse de Neuch\u00e2tel\",\"url\":\"https:\\\/\\\/www.eren.ch\\\/neuchatel\\\/\",\"logo\":{\"@type\":\"ImageObject\",\"inLanguage\":\"fr-FR\",\"@id\":\"https:\\\/\\\/www.eren.ch\\\/neuchatel\\\/#\\\/schema\\\/logo\\\/image\\\/\",\"url\":\"https:\\\/\\\/www.eren.ch\\\/neuchatel\\\/wp-content\\\/uploads\\\/sites\\\/3\\\/2020\\\/12\\\/logo-neuchatel.png\",\"contentUrl\":\"https:\\\/\\\/www.eren.ch\\\/neuchatel\\\/wp-content\\\/uploads\\\/sites\\\/3\\\/2020\\\/12\\\/logo-neuchatel.png\",\"width\":240,\"height\":117,\"caption\":\"Paroisse de Neuch\u00e2tel\"},\"image\":{\"@id\":\"https:\\\/\\\/www.eren.ch\\\/neuchatel\\\/#\\\/schema\\\/logo\\\/image\\\/\"},\"sameAs\":[\"https:\\\/\\\/www.facebook.com\\\/eglise.EREN\",\"https:\\\/\\\/x.com\\\/egliseeren\",\"https:\\\/\\\/fr.wikipedia.org\\\/wiki\\\/glise_rforme_vanglique_du_canton_de_Neuchtel\"]}]}<\/script>\n<!-- \/ Yoast SEO Premium plugin. -->","yoast_head_json":{"title":"Lectures bibliques - Paroisse de Neuch\u00e2tel","description":"Lire la Bible, c\u2019est entendre Dieu nous parler (Calvin) Venez vivre et faire vivre la Parole par des lectures de groupe participatives, riches","robots":{"index":"index","follow":"follow","max-snippet":"max-snippet:-1","max-image-preview":"max-image-preview:large","max-video-preview":"max-video-preview:-1"},"canonical":"https:\/\/www.eren.ch\/neuchatel\/convivialite\/lire\/","og_locale":"fr_FR","og_type":"article","og_title":"Lectures bibliques","og_description":"Lire la Bible, c\u2019est entendre Dieu nous parler (Calvin) Venez vivre et faire vivre la Parole par des lectures de groupe participatives, riches","og_url":"https:\/\/www.eren.ch\/neuchatel\/convivialite\/lire\/","og_site_name":"Paroisse de Neuch\u00e2tel","article_publisher":"https:\/\/www.facebook.com\/eglise.EREN","article_modified_time":"2024-01-23T10:37:09+00:00","og_image":[{"url":"https:\/\/www.eren.ch\/neuchatel\/wp-content\/uploads\/sites\/3\/2016\/03\/bible1-e1458767588476-1024x359.jpg","type":"","width":"","height":""}],"twitter_card":"summary_large_image","twitter_site":"@egliseeren","twitter_misc":{"Dur\u00e9e de lecture estim\u00e9e":"2 minutes"},"schema":{"@context":"https:\/\/schema.org","@graph":[{"@type":"WebPage","@id":"https:\/\/www.eren.ch\/neuchatel\/convivialite\/lire\/","url":"https:\/\/www.eren.ch\/neuchatel\/convivialite\/lire\/","name":"Lectures bibliques - Paroisse de Neuch\u00e2tel","isPartOf":{"@id":"https:\/\/www.eren.ch\/neuchatel\/#website"},"primaryImageOfPage":{"@id":"https:\/\/www.eren.ch\/neuchatel\/convivialite\/lire\/#primaryimage"},"image":{"@id":"https:\/\/www.eren.ch\/neuchatel\/convivialite\/lire\/#primaryimage"},"thumbnailUrl":"https:\/\/www.eren.ch\/neuchatel\/wp-content\/uploads\/sites\/3\/2016\/03\/bible1-e1458767588476-1024x359.jpg","datePublished":"2016-03-22T13:44:39+00:00","dateModified":"2024-01-23T10:37:09+00:00","description":"Lire la Bible, c\u2019est entendre Dieu nous parler (Calvin) Venez vivre et faire vivre la Parole par des lectures de groupe participatives, riches","breadcrumb":{"@id":"https:\/\/www.eren.ch\/neuchatel\/convivialite\/lire\/#breadcrumb"},"inLanguage":"fr-FR","potentialAction":[{"@type":"ReadAction","target":["https:\/\/www.eren.ch\/neuchatel\/convivialite\/lire\/"]}]},{"@type":"ImageObject","inLanguage":"fr-FR","@id":"https:\/\/www.eren.ch\/neuchatel\/convivialite\/lire\/#primaryimage","url":"https:\/\/www.eren.ch\/neuchatel\/wp-content\/uploads\/sites\/3\/2016\/03\/bible1-e1458767588476.jpg","contentUrl":"https:\/\/www.eren.ch\/neuchatel\/wp-content\/uploads\/sites\/3\/2016\/03\/bible1-e1458767588476.jpg","width":1500,"height":525},{"@type":"BreadcrumbList","@id":"https:\/\/www.eren.ch\/neuchatel\/convivialite\/lire\/#breadcrumb","itemListElement":[{"@type":"ListItem","position":1,"name":"Accueil","item":"https:\/\/www.eren.ch\/neuchatel\/"},{"@type":"ListItem","position":2,"name":"Convivialit\u00e9","item":"https:\/\/www.eren.ch\/neuchatel\/convivialite\/"},{"@type":"ListItem","position":3,"name":"Lectures bibliques"}]},{"@type":"WebSite","@id":"https:\/\/www.eren.ch\/neuchatel\/#website","url":"https:\/\/www.eren.ch\/neuchatel\/","name":"Paroisse de Neuch\u00e2tel","description":"La pr\u00e9sence protestante reconnue en ville de Neuch\u00e2tel","publisher":{"@id":"https:\/\/www.eren.ch\/neuchatel\/#organization"},"potentialAction":[{"@type":"SearchAction","target":{"@type":"EntryPoint","urlTemplate":"https:\/\/www.eren.ch\/neuchatel\/?s={search_term_string}"},"query-input":{"@type":"PropertyValueSpecification","valueRequired":true,"valueName":"search_term_string"}}],"inLanguage":"fr-FR"},{"@type":"Organization","@id":"https:\/\/www.eren.ch\/neuchatel\/#organization","name":"Paroisse de Neuch\u00e2tel","url":"https:\/\/www.eren.ch\/neuchatel\/","logo":{"@type":"ImageObject","inLanguage":"fr-FR","@id":"https:\/\/www.eren.ch\/neuchatel\/#\/schema\/logo\/image\/","url":"https:\/\/www.eren.ch\/neuchatel\/wp-content\/uploads\/sites\/3\/2020\/12\/logo-neuchatel.png","contentUrl":"https:\/\/www.eren.ch\/neuchatel\/wp-content\/uploads\/sites\/3\/2020\/12\/logo-neuchatel.png","width":240,"height":117,"caption":"Paroisse de Neuch\u00e2tel"},"image":{"@id":"https:\/\/www.eren.ch\/neuchatel\/#\/schema\/logo\/image\/"},"sameAs":["https:\/\/www.facebook.com\/eglise.EREN","https:\/\/x.com\/egliseeren","https:\/\/fr.wikipedia.org\/wiki\/glise_rforme_vanglique_du_canton_de_Neuchtel"]}]}},"_links":{"self":[{"href":"https:\/\/www.eren.ch\/neuchatel\/wp-json\/wp\/v2\/pages\/291","targetHints":{"allow":["GET"]}}],"collection":[{"href":"https:\/\/www.eren.ch\/neuchatel\/wp-json\/wp\/v2\/pages"}],"about":[{"href":"https:\/\/www.eren.ch\/neuchatel\/wp-json\/wp\/v2\/types\/page"}],"author":[{"embeddable":true,"href":"https:\/\/www.eren.ch\/neuchatel\/wp-json\/wp\/v2\/users\/31"}],"replies":[{"embeddable":true,"href":"https:\/\/www.eren.ch\/neuchatel\/wp-json\/wp\/v2\/comments?post=291"}],"version-history":[{"count":5,"href":"https:\/\/www.eren.ch\/neuchatel\/wp-json\/wp\/v2\/pages\/291\/revisions"}],"predecessor-version":[{"id":6493,"href":"https:\/\/www.eren.ch\/neuchatel\/wp-json\/wp\/v2\/pages\/291\/revisions\/6493"}],"up":[{"embeddable":true,"href":"https:\/\/www.eren.ch\/neuchatel\/wp-json\/wp\/v2\/pages\/135"}],"wp:attachment":[{"href":"https:\/\/www.eren.ch\/neuchatel\/wp-json\/wp\/v2\/media?parent=291"}],"curies":[{"name":"wp","href":"https:\/\/api.w.org\/{rel}","templated":true}]}}