{"id":314,"date":"2016-03-22T14:49:15","date_gmt":"2016-03-22T13:49:15","guid":{"rendered":"https:\/\/www.eren.ch\/neuchatel\/?page_id=314"},"modified":"2026-04-16T13:54:03","modified_gmt":"2026-04-16T11:54:03","slug":"mariage","status":"publish","type":"page","link":"https:\/\/www.eren.ch\/neuchatel\/celebrations\/mariage\/","title":{"rendered":"Mariage"},"content":{"rendered":"<p><img decoding=\"async\" class=\"size-medium wp-image-7867 alignleft\" src=\"https:\/\/www.eren.ch\/neuchatel\/wp-content\/uploads\/sites\/3\/2026\/04\/Mariage-300x159.jpg\" alt=\"\" width=\"300\" height=\"159\" srcset=\"https:\/\/www.eren.ch\/neuchatel\/wp-content\/uploads\/sites\/3\/2026\/04\/Mariage-300x159.jpg 300w, https:\/\/www.eren.ch\/neuchatel\/wp-content\/uploads\/sites\/3\/2026\/04\/Mariage-1024x542.jpg 1024w, https:\/\/www.eren.ch\/neuchatel\/wp-content\/uploads\/sites\/3\/2026\/04\/Mariage-768x406.jpg 768w, https:\/\/www.eren.ch\/neuchatel\/wp-content\/uploads\/sites\/3\/2026\/04\/Mariage-1536x813.jpg 1536w, https:\/\/www.eren.ch\/neuchatel\/wp-content\/uploads\/sites\/3\/2026\/04\/Mariage-1200x635.jpg 1200w, https:\/\/www.eren.ch\/neuchatel\/wp-content\/uploads\/sites\/3\/2026\/04\/Mariage.jpg 1920w\" sizes=\"(max-width: 300px) 85vw, 300px\" \/>Vous souhaitez <strong>vous unir devant Dieu<\/strong> et lier vos destins, prenez contact assez t\u00f4t avec le ou la pasteur.e. de votre lieu de vie ou le secr\u00e9tariat de la paroisse, m\u00eame si vous souhaitez que la b\u00e9n\u00e9diction de votre mariage soit c\u00e9l\u00e9br\u00e9e ailleurs ou par une autre personne.<\/p>\n<p>&nbsp;<\/p>\n<p>Ensemble, nous conviendrons de la pr\u00e9paration de la c\u00e9l\u00e9bration de votre union.\u00a0 N&rsquo;h\u00e9sitez\u00a0 pas \u00e0 prendre contact avec nous : <a href=\"mailto:paroisse.ne@eren.ch\">paroisse.ne@eren.ch<\/a><\/p>\n","protected":false},"excerpt":{"rendered":"<p>Vous souhaitez vous unir devant Dieu et lier vos destins, prenez contact assez t\u00f4t avec le ou la pasteur.e. de votre lieu de vie ou le secr\u00e9tariat de la paroisse, m\u00eame si vous souhaitez que la b\u00e9n\u00e9diction de votre mariage soit c\u00e9l\u00e9br\u00e9e ailleurs ou par une autre personne. &nbsp; Ensemble, nous conviendrons de la pr\u00e9paration &hellip; <a href=\"https:\/\/www.eren.ch\/neuchatel\/celebrations\/mariage\/\" class=\"more-link\">Continuer la lecture<span class=\"screen-reader-text\"> de &laquo;&nbsp;Mariage&nbsp;&raquo;<\/span><\/a><\/p>\n","protected":false},"author":31,"featured_media":0,"parent":6075,"menu_order":20,"comment_status":"closed","ping_status":"closed","template":"","meta":{"footnotes":""},"class_list":["post-314","page","type-page","status-publish","hentry"],"yoast_head":"<!-- This site is optimized with the Yoast SEO Premium plugin v27.6 (Yoast SEO v27.6) - https:\/\/yoast.com\/product\/yoast-seo-premium-wordpress\/ -->\n<title>Se marier \u00e0 l&#039;\u00c9glise \u00e0 Neuch\u00e2tel - Paroisse de Neuch\u00e2tel<\/title>\n<meta name=\"description\" content=\"Vous souhaitez vous unir devant Dieu et lier vos destins, prenez contact assez t\u00f4t avec le ou la pasteur.e. de votre lieu de vie ou le secr\u00e9tariat de la\" \/>\n<meta name=\"robots\" content=\"index, follow, max-snippet:-1, max-image-preview:large, max-video-preview:-1\" \/>\n<link rel=\"canonical\" href=\"https:\/\/www.eren.ch\/neuchatel\/celebrations\/mariage\/\" \/>\n<meta property=\"og:locale\" content=\"fr_FR\" \/>\n<meta property=\"og:type\" content=\"article\" \/>\n<meta property=\"og:title\" content=\"Mariage\" \/>\n<meta property=\"og:description\" content=\"Vous souhaitez vous unir devant Dieu et lier vos destins, prenez contact assez t\u00f4t avec le ou la pasteur.e. de votre lieu de vie ou le secr\u00e9tariat de la\" \/>\n<meta property=\"og:url\" content=\"https:\/\/www.eren.ch\/neuchatel\/celebrations\/mariage\/\" \/>\n<meta property=\"og:site_name\" content=\"Paroisse de Neuch\u00e2tel\" \/>\n<meta property=\"article:publisher\" content=\"https:\/\/www.facebook.com\/eglise.EREN\" \/>\n<meta property=\"article:modified_time\" content=\"2026-04-16T11:54:03+00:00\" \/>\n<meta property=\"og:image\" content=\"https:\/\/www.eren.ch\/neuchatel\/wp-content\/uploads\/sites\/3\/2026\/04\/Mariage.jpg\" \/>\n\t<meta property=\"og:image:width\" content=\"1920\" \/>\n\t<meta property=\"og:image:height\" content=\"1016\" \/>\n\t<meta property=\"og:image:type\" content=\"image\/jpeg\" \/>\n<meta name=\"twitter:card\" content=\"summary_large_image\" \/>\n<meta name=\"twitter:site\" content=\"@egliseeren\" \/>\n<meta name=\"twitter:label1\" content=\"Dur\u00e9e de lecture estim\u00e9e\" \/>\n\t<meta name=\"twitter:data1\" content=\"1 minute\" \/>\n<script type=\"application\/ld+json\" class=\"yoast-schema-graph\">{\"@context\":\"https:\\\/\\\/schema.org\",\"@graph\":[{\"@type\":\"WebPage\",\"@id\":\"https:\\\/\\\/www.eren.ch\\\/neuchatel\\\/celebrations\\\/mariage\\\/\",\"url\":\"https:\\\/\\\/www.eren.ch\\\/neuchatel\\\/celebrations\\\/mariage\\\/\",\"name\":\"Se marier \u00e0 l'\u00c9glise \u00e0 Neuch\u00e2tel - Paroisse de Neuch\u00e2tel\",\"isPartOf\":{\"@id\":\"https:\\\/\\\/www.eren.ch\\\/neuchatel\\\/#website\"},\"primaryImageOfPage\":{\"@id\":\"https:\\\/\\\/www.eren.ch\\\/neuchatel\\\/celebrations\\\/mariage\\\/#primaryimage\"},\"image\":{\"@id\":\"https:\\\/\\\/www.eren.ch\\\/neuchatel\\\/celebrations\\\/mariage\\\/#primaryimage\"},\"thumbnailUrl\":\"https:\\\/\\\/www.eren.ch\\\/neuchatel\\\/wp-content\\\/uploads\\\/sites\\\/3\\\/2026\\\/04\\\/Mariage-300x159.jpg\",\"datePublished\":\"2016-03-22T13:49:15+00:00\",\"dateModified\":\"2026-04-16T11:54:03+00:00\",\"description\":\"Vous souhaitez vous unir devant Dieu et lier vos destins, prenez contact assez t\u00f4t avec le ou la pasteur.e. de votre lieu de vie ou le secr\u00e9tariat de la\",\"breadcrumb\":{\"@id\":\"https:\\\/\\\/www.eren.ch\\\/neuchatel\\\/celebrations\\\/mariage\\\/#breadcrumb\"},\"inLanguage\":\"fr-FR\",\"potentialAction\":[{\"@type\":\"ReadAction\",\"target\":[\"https:\\\/\\\/www.eren.ch\\\/neuchatel\\\/celebrations\\\/mariage\\\/\"]}]},{\"@type\":\"ImageObject\",\"inLanguage\":\"fr-FR\",\"@id\":\"https:\\\/\\\/www.eren.ch\\\/neuchatel\\\/celebrations\\\/mariage\\\/#primaryimage\",\"url\":\"https:\\\/\\\/www.eren.ch\\\/neuchatel\\\/wp-content\\\/uploads\\\/sites\\\/3\\\/2026\\\/04\\\/Mariage.jpg\",\"contentUrl\":\"https:\\\/\\\/www.eren.ch\\\/neuchatel\\\/wp-content\\\/uploads\\\/sites\\\/3\\\/2026\\\/04\\\/Mariage.jpg\",\"width\":1920,\"height\":1016},{\"@type\":\"BreadcrumbList\",\"@id\":\"https:\\\/\\\/www.eren.ch\\\/neuchatel\\\/celebrations\\\/mariage\\\/#breadcrumb\",\"itemListElement\":[{\"@type\":\"ListItem\",\"position\":1,\"name\":\"Accueil\",\"item\":\"https:\\\/\\\/www.eren.ch\\\/neuchatel\\\/\"},{\"@type\":\"ListItem\",\"position\":2,\"name\":\"C\u00e9l\u00e9brations\",\"item\":\"https:\\\/\\\/www.eren.ch\\\/neuchatel\\\/celebrations\\\/\"},{\"@type\":\"ListItem\",\"position\":3,\"name\":\"Mariage\"}]},{\"@type\":\"WebSite\",\"@id\":\"https:\\\/\\\/www.eren.ch\\\/neuchatel\\\/#website\",\"url\":\"https:\\\/\\\/www.eren.ch\\\/neuchatel\\\/\",\"name\":\"Paroisse de Neuch\u00e2tel\",\"description\":\"La pr\u00e9sence protestante reconnue en ville de Neuch\u00e2tel\",\"publisher\":{\"@id\":\"https:\\\/\\\/www.eren.ch\\\/neuchatel\\\/#organization\"},\"potentialAction\":[{\"@type\":\"SearchAction\",\"target\":{\"@type\":\"EntryPoint\",\"urlTemplate\":\"https:\\\/\\\/www.eren.ch\\\/neuchatel\\\/?s={search_term_string}\"},\"query-input\":{\"@type\":\"PropertyValueSpecification\",\"valueRequired\":true,\"valueName\":\"search_term_string\"}}],\"inLanguage\":\"fr-FR\"},{\"@type\":\"Organization\",\"@id\":\"https:\\\/\\\/www.eren.ch\\\/neuchatel\\\/#organization\",\"name\":\"Paroisse de Neuch\u00e2tel\",\"url\":\"https:\\\/\\\/www.eren.ch\\\/neuchatel\\\/\",\"logo\":{\"@type\":\"ImageObject\",\"inLanguage\":\"fr-FR\",\"@id\":\"https:\\\/\\\/www.eren.ch\\\/neuchatel\\\/#\\\/schema\\\/logo\\\/image\\\/\",\"url\":\"https:\\\/\\\/www.eren.ch\\\/neuchatel\\\/wp-content\\\/uploads\\\/sites\\\/3\\\/2020\\\/12\\\/logo-neuchatel.png\",\"contentUrl\":\"https:\\\/\\\/www.eren.ch\\\/neuchatel\\\/wp-content\\\/uploads\\\/sites\\\/3\\\/2020\\\/12\\\/logo-neuchatel.png\",\"width\":240,\"height\":117,\"caption\":\"Paroisse de Neuch\u00e2tel\"},\"image\":{\"@id\":\"https:\\\/\\\/www.eren.ch\\\/neuchatel\\\/#\\\/schema\\\/logo\\\/image\\\/\"},\"sameAs\":[\"https:\\\/\\\/www.facebook.com\\\/eglise.EREN\",\"https:\\\/\\\/x.com\\\/egliseeren\",\"https:\\\/\\\/fr.wikipedia.org\\\/wiki\\\/glise_rforme_vanglique_du_canton_de_Neuchtel\"]}]}<\/script>\n<!-- \/ Yoast SEO Premium plugin. -->","yoast_head_json":{"title":"Se marier \u00e0 l'\u00c9glise \u00e0 Neuch\u00e2tel - Paroisse de Neuch\u00e2tel","description":"Vous souhaitez vous unir devant Dieu et lier vos destins, prenez contact assez t\u00f4t avec le ou la pasteur.e. de votre lieu de vie ou le secr\u00e9tariat de la","robots":{"index":"index","follow":"follow","max-snippet":"max-snippet:-1","max-image-preview":"max-image-preview:large","max-video-preview":"max-video-preview:-1"},"canonical":"https:\/\/www.eren.ch\/neuchatel\/celebrations\/mariage\/","og_locale":"fr_FR","og_type":"article","og_title":"Mariage","og_description":"Vous souhaitez vous unir devant Dieu et lier vos destins, prenez contact assez t\u00f4t avec le ou la pasteur.e. de votre lieu de vie ou le secr\u00e9tariat de la","og_url":"https:\/\/www.eren.ch\/neuchatel\/celebrations\/mariage\/","og_site_name":"Paroisse de Neuch\u00e2tel","article_publisher":"https:\/\/www.facebook.com\/eglise.EREN","article_modified_time":"2026-04-16T11:54:03+00:00","og_image":[{"width":1920,"height":1016,"url":"https:\/\/www.eren.ch\/neuchatel\/wp-content\/uploads\/sites\/3\/2026\/04\/Mariage.jpg","type":"image\/jpeg"}],"twitter_card":"summary_large_image","twitter_site":"@egliseeren","twitter_misc":{"Dur\u00e9e de lecture estim\u00e9e":"1 minute"},"schema":{"@context":"https:\/\/schema.org","@graph":[{"@type":"WebPage","@id":"https:\/\/www.eren.ch\/neuchatel\/celebrations\/mariage\/","url":"https:\/\/www.eren.ch\/neuchatel\/celebrations\/mariage\/","name":"Se marier \u00e0 l'\u00c9glise \u00e0 Neuch\u00e2tel - Paroisse de Neuch\u00e2tel","isPartOf":{"@id":"https:\/\/www.eren.ch\/neuchatel\/#website"},"primaryImageOfPage":{"@id":"https:\/\/www.eren.ch\/neuchatel\/celebrations\/mariage\/#primaryimage"},"image":{"@id":"https:\/\/www.eren.ch\/neuchatel\/celebrations\/mariage\/#primaryimage"},"thumbnailUrl":"https:\/\/www.eren.ch\/neuchatel\/wp-content\/uploads\/sites\/3\/2026\/04\/Mariage-300x159.jpg","datePublished":"2016-03-22T13:49:15+00:00","dateModified":"2026-04-16T11:54:03+00:00","description":"Vous souhaitez vous unir devant Dieu et lier vos destins, prenez contact assez t\u00f4t avec le ou la pasteur.e. de votre lieu de vie ou le secr\u00e9tariat de la","breadcrumb":{"@id":"https:\/\/www.eren.ch\/neuchatel\/celebrations\/mariage\/#breadcrumb"},"inLanguage":"fr-FR","potentialAction":[{"@type":"ReadAction","target":["https:\/\/www.eren.ch\/neuchatel\/celebrations\/mariage\/"]}]},{"@type":"ImageObject","inLanguage":"fr-FR","@id":"https:\/\/www.eren.ch\/neuchatel\/celebrations\/mariage\/#primaryimage","url":"https:\/\/www.eren.ch\/neuchatel\/wp-content\/uploads\/sites\/3\/2026\/04\/Mariage.jpg","contentUrl":"https:\/\/www.eren.ch\/neuchatel\/wp-content\/uploads\/sites\/3\/2026\/04\/Mariage.jpg","width":1920,"height":1016},{"@type":"BreadcrumbList","@id":"https:\/\/www.eren.ch\/neuchatel\/celebrations\/mariage\/#breadcrumb","itemListElement":[{"@type":"ListItem","position":1,"name":"Accueil","item":"https:\/\/www.eren.ch\/neuchatel\/"},{"@type":"ListItem","position":2,"name":"C\u00e9l\u00e9brations","item":"https:\/\/www.eren.ch\/neuchatel\/celebrations\/"},{"@type":"ListItem","position":3,"name":"Mariage"}]},{"@type":"WebSite","@id":"https:\/\/www.eren.ch\/neuchatel\/#website","url":"https:\/\/www.eren.ch\/neuchatel\/","name":"Paroisse de Neuch\u00e2tel","description":"La pr\u00e9sence protestante reconnue en ville de Neuch\u00e2tel","publisher":{"@id":"https:\/\/www.eren.ch\/neuchatel\/#organization"},"potentialAction":[{"@type":"SearchAction","target":{"@type":"EntryPoint","urlTemplate":"https:\/\/www.eren.ch\/neuchatel\/?s={search_term_string}"},"query-input":{"@type":"PropertyValueSpecification","valueRequired":true,"valueName":"search_term_string"}}],"inLanguage":"fr-FR"},{"@type":"Organization","@id":"https:\/\/www.eren.ch\/neuchatel\/#organization","name":"Paroisse de Neuch\u00e2tel","url":"https:\/\/www.eren.ch\/neuchatel\/","logo":{"@type":"ImageObject","inLanguage":"fr-FR","@id":"https:\/\/www.eren.ch\/neuchatel\/#\/schema\/logo\/image\/","url":"https:\/\/www.eren.ch\/neuchatel\/wp-content\/uploads\/sites\/3\/2020\/12\/logo-neuchatel.png","contentUrl":"https:\/\/www.eren.ch\/neuchatel\/wp-content\/uploads\/sites\/3\/2020\/12\/logo-neuchatel.png","width":240,"height":117,"caption":"Paroisse de Neuch\u00e2tel"},"image":{"@id":"https:\/\/www.eren.ch\/neuchatel\/#\/schema\/logo\/image\/"},"sameAs":["https:\/\/www.facebook.com\/eglise.EREN","https:\/\/x.com\/egliseeren","https:\/\/fr.wikipedia.org\/wiki\/glise_rforme_vanglique_du_canton_de_Neuchtel"]}]}},"_links":{"self":[{"href":"https:\/\/www.eren.ch\/neuchatel\/wp-json\/wp\/v2\/pages\/314","targetHints":{"allow":["GET"]}}],"collection":[{"href":"https:\/\/www.eren.ch\/neuchatel\/wp-json\/wp\/v2\/pages"}],"about":[{"href":"https:\/\/www.eren.ch\/neuchatel\/wp-json\/wp\/v2\/types\/page"}],"author":[{"embeddable":true,"href":"https:\/\/www.eren.ch\/neuchatel\/wp-json\/wp\/v2\/users\/31"}],"replies":[{"embeddable":true,"href":"https:\/\/www.eren.ch\/neuchatel\/wp-json\/wp\/v2\/comments?post=314"}],"version-history":[{"count":9,"href":"https:\/\/www.eren.ch\/neuchatel\/wp-json\/wp\/v2\/pages\/314\/revisions"}],"predecessor-version":[{"id":7873,"href":"https:\/\/www.eren.ch\/neuchatel\/wp-json\/wp\/v2\/pages\/314\/revisions\/7873"}],"up":[{"embeddable":true,"href":"https:\/\/www.eren.ch\/neuchatel\/wp-json\/wp\/v2\/pages\/6075"}],"wp:attachment":[{"href":"https:\/\/www.eren.ch\/neuchatel\/wp-json\/wp\/v2\/media?parent=314"}],"curies":[{"name":"wp","href":"https:\/\/api.w.org\/{rel}","templated":true}]}}