{"id":349,"date":"2016-03-22T15:34:35","date_gmt":"2016-03-22T14:34:35","guid":{"rendered":"https:\/\/www.eren.ch\/neuchatel\/?page_id=349"},"modified":"2026-04-19T08:41:57","modified_gmt":"2026-04-19T06:41:57","slug":"cultes-reguliers","status":"publish","type":"page","link":"https:\/\/www.eren.ch\/neuchatel\/cultes\/cultes-reguliers\/","title":{"rendered":"Cultes r\u00e9guliers"},"content":{"rendered":"<h2><\/h2>\n<p><strong><a href=\"https:\/\/www.eren.ch\/neuchatel\/wp-content\/uploads\/sites\/3\/2026\/04\/Bible_Lecture.jpg\"><img decoding=\"async\" class=\"alignleft size-medium wp-image-7881\" src=\"https:\/\/www.eren.ch\/neuchatel\/wp-content\/uploads\/sites\/3\/2026\/04\/Bible_Lecture-200x300.jpg\" alt=\"\" width=\"200\" height=\"300\" srcset=\"https:\/\/www.eren.ch\/neuchatel\/wp-content\/uploads\/sites\/3\/2026\/04\/Bible_Lecture-200x300.jpg 200w, https:\/\/www.eren.ch\/neuchatel\/wp-content\/uploads\/sites\/3\/2026\/04\/Bible_Lecture-683x1024.jpg 683w, https:\/\/www.eren.ch\/neuchatel\/wp-content\/uploads\/sites\/3\/2026\/04\/Bible_Lecture-768x1152.jpg 768w, https:\/\/www.eren.ch\/neuchatel\/wp-content\/uploads\/sites\/3\/2026\/04\/Bible_Lecture-1024x1536.jpg 1024w, https:\/\/www.eren.ch\/neuchatel\/wp-content\/uploads\/sites\/3\/2026\/04\/Bible_Lecture-1200x1800.jpg 1200w, https:\/\/www.eren.ch\/neuchatel\/wp-content\/uploads\/sites\/3\/2026\/04\/Bible_Lecture.jpg 1280w\" sizes=\"(max-width: 200px) 85vw, 200px\" \/><\/a><\/strong><\/p>\n<p>&nbsp;<\/p>\n<p>L&rsquo;agenda actualis\u00e9 est disponible sur la <a href=\"https:\/\/www.eren.ch\/neuchatel\/\">page d&rsquo;accueil<\/a>.<\/p>\n<p>Vous d\u00e9sirez recevoir chaque semaine les informations relatives aux cultes dans notre paroisse\u00a0 ? N&rsquo;h\u00e9sitez pas \u00e0 nous \u00e9crire : <a href=\"mailto:paroisse.ne@eren.ch\">paroisse.ne@eren.ch.<\/a><\/p>\n<p>Des\u00a0<a href=\"https:\/\/www.eren.ch\/neuchatel\/cultes\/cultes-en-famille\/\">Cultes en famille<\/a> ont lieu r\u00e9guli\u00e8rement dans la paroisse.<\/p>\n","protected":false},"excerpt":{"rendered":"<p>&nbsp; L&rsquo;agenda actualis\u00e9 est disponible sur la page d&rsquo;accueil. Vous d\u00e9sirez recevoir chaque semaine les informations relatives aux cultes dans notre paroisse\u00a0 ? N&rsquo;h\u00e9sitez pas \u00e0 nous \u00e9crire : paroisse.ne@eren.ch. Des\u00a0Cultes en famille ont lieu r\u00e9guli\u00e8rement dans la paroisse.<\/p>\n","protected":false},"author":31,"featured_media":0,"parent":307,"menu_order":10,"comment_status":"closed","ping_status":"closed","template":"","meta":{"footnotes":""},"class_list":["post-349","page","type-page","status-publish","hentry"],"yoast_head":"<!-- This site is optimized with the Yoast SEO Premium plugin v27.4 (Yoast SEO v27.4) - https:\/\/yoast.com\/product\/yoast-seo-premium-wordpress\/ -->\n<title>Cultes r\u00e9guliers - Paroisse de Neuch\u00e2tel<\/title>\n<meta name=\"description\" content=\"&nbsp; L&#039;agenda actualis\u00e9 est disponible sur la page d&#039;accueil. Vous d\u00e9sirez recevoir chaque semaine les informations relatives aux cultes dans notre\" \/>\n<meta name=\"robots\" content=\"index, follow, max-snippet:-1, max-image-preview:large, max-video-preview:-1\" \/>\n<link rel=\"canonical\" href=\"https:\/\/www.eren.ch\/neuchatel\/cultes\/cultes-reguliers\/\" \/>\n<meta property=\"og:locale\" content=\"fr_FR\" \/>\n<meta property=\"og:type\" content=\"article\" \/>\n<meta property=\"og:title\" content=\"Cultes r\u00e9guliers\" \/>\n<meta property=\"og:description\" content=\"&nbsp; L&#039;agenda actualis\u00e9 est disponible sur la page d&#039;accueil. Vous d\u00e9sirez recevoir chaque semaine les informations relatives aux cultes dans notre\" \/>\n<meta property=\"og:url\" content=\"https:\/\/www.eren.ch\/neuchatel\/cultes\/cultes-reguliers\/\" \/>\n<meta property=\"og:site_name\" content=\"Paroisse de Neuch\u00e2tel\" \/>\n<meta property=\"article:publisher\" content=\"https:\/\/www.facebook.com\/eglise.EREN\" \/>\n<meta property=\"article:modified_time\" content=\"2026-04-19T06:41:57+00:00\" \/>\n<meta property=\"og:image\" content=\"https:\/\/www.eren.ch\/neuchatel\/wp-content\/uploads\/sites\/3\/2026\/04\/Bible_Lecture.jpg\" \/>\n\t<meta property=\"og:image:width\" content=\"1280\" \/>\n\t<meta property=\"og:image:height\" content=\"1920\" \/>\n\t<meta property=\"og:image:type\" content=\"image\/jpeg\" \/>\n<meta name=\"twitter:card\" content=\"summary_large_image\" \/>\n<meta name=\"twitter:site\" content=\"@egliseeren\" \/>\n<meta name=\"twitter:label1\" content=\"Dur\u00e9e de lecture estim\u00e9e\" \/>\n\t<meta name=\"twitter:data1\" content=\"1 minute\" \/>\n<script type=\"application\/ld+json\" class=\"yoast-schema-graph\">{\"@context\":\"https:\\\/\\\/schema.org\",\"@graph\":[{\"@type\":\"WebPage\",\"@id\":\"https:\\\/\\\/www.eren.ch\\\/neuchatel\\\/cultes\\\/cultes-reguliers\\\/\",\"url\":\"https:\\\/\\\/www.eren.ch\\\/neuchatel\\\/cultes\\\/cultes-reguliers\\\/\",\"name\":\"Cultes r\u00e9guliers - Paroisse de Neuch\u00e2tel\",\"isPartOf\":{\"@id\":\"https:\\\/\\\/www.eren.ch\\\/neuchatel\\\/#website\"},\"primaryImageOfPage\":{\"@id\":\"https:\\\/\\\/www.eren.ch\\\/neuchatel\\\/cultes\\\/cultes-reguliers\\\/#primaryimage\"},\"image\":{\"@id\":\"https:\\\/\\\/www.eren.ch\\\/neuchatel\\\/cultes\\\/cultes-reguliers\\\/#primaryimage\"},\"thumbnailUrl\":\"https:\\\/\\\/www.eren.ch\\\/neuchatel\\\/wp-content\\\/uploads\\\/sites\\\/3\\\/2026\\\/04\\\/Bible_Lecture-200x300.jpg\",\"datePublished\":\"2016-03-22T14:34:35+00:00\",\"dateModified\":\"2026-04-19T06:41:57+00:00\",\"description\":\"&nbsp; L'agenda actualis\u00e9 est disponible sur la page d'accueil. Vous d\u00e9sirez recevoir chaque semaine les informations relatives aux cultes dans notre\",\"breadcrumb\":{\"@id\":\"https:\\\/\\\/www.eren.ch\\\/neuchatel\\\/cultes\\\/cultes-reguliers\\\/#breadcrumb\"},\"inLanguage\":\"fr-FR\",\"potentialAction\":[{\"@type\":\"ReadAction\",\"target\":[\"https:\\\/\\\/www.eren.ch\\\/neuchatel\\\/cultes\\\/cultes-reguliers\\\/\"]}]},{\"@type\":\"ImageObject\",\"inLanguage\":\"fr-FR\",\"@id\":\"https:\\\/\\\/www.eren.ch\\\/neuchatel\\\/cultes\\\/cultes-reguliers\\\/#primaryimage\",\"url\":\"https:\\\/\\\/www.eren.ch\\\/neuchatel\\\/wp-content\\\/uploads\\\/sites\\\/3\\\/2026\\\/04\\\/Bible_Lecture.jpg\",\"contentUrl\":\"https:\\\/\\\/www.eren.ch\\\/neuchatel\\\/wp-content\\\/uploads\\\/sites\\\/3\\\/2026\\\/04\\\/Bible_Lecture.jpg\",\"width\":1280,\"height\":1920},{\"@type\":\"BreadcrumbList\",\"@id\":\"https:\\\/\\\/www.eren.ch\\\/neuchatel\\\/cultes\\\/cultes-reguliers\\\/#breadcrumb\",\"itemListElement\":[{\"@type\":\"ListItem\",\"position\":1,\"name\":\"Accueil\",\"item\":\"https:\\\/\\\/www.eren.ch\\\/neuchatel\\\/\"},{\"@type\":\"ListItem\",\"position\":2,\"name\":\"Cultes\",\"item\":\"https:\\\/\\\/www.eren.ch\\\/neuchatel\\\/cultes\\\/\"},{\"@type\":\"ListItem\",\"position\":3,\"name\":\"Cultes r\u00e9guliers\"}]},{\"@type\":\"WebSite\",\"@id\":\"https:\\\/\\\/www.eren.ch\\\/neuchatel\\\/#website\",\"url\":\"https:\\\/\\\/www.eren.ch\\\/neuchatel\\\/\",\"name\":\"Paroisse de Neuch\u00e2tel\",\"description\":\"La pr\u00e9sence protestante reconnue en ville de Neuch\u00e2tel\",\"publisher\":{\"@id\":\"https:\\\/\\\/www.eren.ch\\\/neuchatel\\\/#organization\"},\"potentialAction\":[{\"@type\":\"SearchAction\",\"target\":{\"@type\":\"EntryPoint\",\"urlTemplate\":\"https:\\\/\\\/www.eren.ch\\\/neuchatel\\\/?s={search_term_string}\"},\"query-input\":{\"@type\":\"PropertyValueSpecification\",\"valueRequired\":true,\"valueName\":\"search_term_string\"}}],\"inLanguage\":\"fr-FR\"},{\"@type\":\"Organization\",\"@id\":\"https:\\\/\\\/www.eren.ch\\\/neuchatel\\\/#organization\",\"name\":\"Paroisse de Neuch\u00e2tel\",\"url\":\"https:\\\/\\\/www.eren.ch\\\/neuchatel\\\/\",\"logo\":{\"@type\":\"ImageObject\",\"inLanguage\":\"fr-FR\",\"@id\":\"https:\\\/\\\/www.eren.ch\\\/neuchatel\\\/#\\\/schema\\\/logo\\\/image\\\/\",\"url\":\"https:\\\/\\\/www.eren.ch\\\/neuchatel\\\/wp-content\\\/uploads\\\/sites\\\/3\\\/2020\\\/12\\\/logo-neuchatel.png\",\"contentUrl\":\"https:\\\/\\\/www.eren.ch\\\/neuchatel\\\/wp-content\\\/uploads\\\/sites\\\/3\\\/2020\\\/12\\\/logo-neuchatel.png\",\"width\":240,\"height\":117,\"caption\":\"Paroisse de Neuch\u00e2tel\"},\"image\":{\"@id\":\"https:\\\/\\\/www.eren.ch\\\/neuchatel\\\/#\\\/schema\\\/logo\\\/image\\\/\"},\"sameAs\":[\"https:\\\/\\\/www.facebook.com\\\/eglise.EREN\",\"https:\\\/\\\/x.com\\\/egliseeren\",\"https:\\\/\\\/fr.wikipedia.org\\\/wiki\\\/glise_rforme_vanglique_du_canton_de_Neuchtel\"]}]}<\/script>\n<!-- \/ Yoast SEO Premium plugin. -->","yoast_head_json":{"title":"Cultes r\u00e9guliers - Paroisse de Neuch\u00e2tel","description":"&nbsp; L'agenda actualis\u00e9 est disponible sur la page d'accueil. Vous d\u00e9sirez recevoir chaque semaine les informations relatives aux cultes dans notre","robots":{"index":"index","follow":"follow","max-snippet":"max-snippet:-1","max-image-preview":"max-image-preview:large","max-video-preview":"max-video-preview:-1"},"canonical":"https:\/\/www.eren.ch\/neuchatel\/cultes\/cultes-reguliers\/","og_locale":"fr_FR","og_type":"article","og_title":"Cultes r\u00e9guliers","og_description":"&nbsp; L'agenda actualis\u00e9 est disponible sur la page d'accueil. Vous d\u00e9sirez recevoir chaque semaine les informations relatives aux cultes dans notre","og_url":"https:\/\/www.eren.ch\/neuchatel\/cultes\/cultes-reguliers\/","og_site_name":"Paroisse de Neuch\u00e2tel","article_publisher":"https:\/\/www.facebook.com\/eglise.EREN","article_modified_time":"2026-04-19T06:41:57+00:00","og_image":[{"width":1280,"height":1920,"url":"https:\/\/www.eren.ch\/neuchatel\/wp-content\/uploads\/sites\/3\/2026\/04\/Bible_Lecture.jpg","type":"image\/jpeg"}],"twitter_card":"summary_large_image","twitter_site":"@egliseeren","twitter_misc":{"Dur\u00e9e de lecture estim\u00e9e":"1 minute"},"schema":{"@context":"https:\/\/schema.org","@graph":[{"@type":"WebPage","@id":"https:\/\/www.eren.ch\/neuchatel\/cultes\/cultes-reguliers\/","url":"https:\/\/www.eren.ch\/neuchatel\/cultes\/cultes-reguliers\/","name":"Cultes r\u00e9guliers - Paroisse de Neuch\u00e2tel","isPartOf":{"@id":"https:\/\/www.eren.ch\/neuchatel\/#website"},"primaryImageOfPage":{"@id":"https:\/\/www.eren.ch\/neuchatel\/cultes\/cultes-reguliers\/#primaryimage"},"image":{"@id":"https:\/\/www.eren.ch\/neuchatel\/cultes\/cultes-reguliers\/#primaryimage"},"thumbnailUrl":"https:\/\/www.eren.ch\/neuchatel\/wp-content\/uploads\/sites\/3\/2026\/04\/Bible_Lecture-200x300.jpg","datePublished":"2016-03-22T14:34:35+00:00","dateModified":"2026-04-19T06:41:57+00:00","description":"&nbsp; L'agenda actualis\u00e9 est disponible sur la page d'accueil. Vous d\u00e9sirez recevoir chaque semaine les informations relatives aux cultes dans notre","breadcrumb":{"@id":"https:\/\/www.eren.ch\/neuchatel\/cultes\/cultes-reguliers\/#breadcrumb"},"inLanguage":"fr-FR","potentialAction":[{"@type":"ReadAction","target":["https:\/\/www.eren.ch\/neuchatel\/cultes\/cultes-reguliers\/"]}]},{"@type":"ImageObject","inLanguage":"fr-FR","@id":"https:\/\/www.eren.ch\/neuchatel\/cultes\/cultes-reguliers\/#primaryimage","url":"https:\/\/www.eren.ch\/neuchatel\/wp-content\/uploads\/sites\/3\/2026\/04\/Bible_Lecture.jpg","contentUrl":"https:\/\/www.eren.ch\/neuchatel\/wp-content\/uploads\/sites\/3\/2026\/04\/Bible_Lecture.jpg","width":1280,"height":1920},{"@type":"BreadcrumbList","@id":"https:\/\/www.eren.ch\/neuchatel\/cultes\/cultes-reguliers\/#breadcrumb","itemListElement":[{"@type":"ListItem","position":1,"name":"Accueil","item":"https:\/\/www.eren.ch\/neuchatel\/"},{"@type":"ListItem","position":2,"name":"Cultes","item":"https:\/\/www.eren.ch\/neuchatel\/cultes\/"},{"@type":"ListItem","position":3,"name":"Cultes r\u00e9guliers"}]},{"@type":"WebSite","@id":"https:\/\/www.eren.ch\/neuchatel\/#website","url":"https:\/\/www.eren.ch\/neuchatel\/","name":"Paroisse de Neuch\u00e2tel","description":"La pr\u00e9sence protestante reconnue en ville de Neuch\u00e2tel","publisher":{"@id":"https:\/\/www.eren.ch\/neuchatel\/#organization"},"potentialAction":[{"@type":"SearchAction","target":{"@type":"EntryPoint","urlTemplate":"https:\/\/www.eren.ch\/neuchatel\/?s={search_term_string}"},"query-input":{"@type":"PropertyValueSpecification","valueRequired":true,"valueName":"search_term_string"}}],"inLanguage":"fr-FR"},{"@type":"Organization","@id":"https:\/\/www.eren.ch\/neuchatel\/#organization","name":"Paroisse de Neuch\u00e2tel","url":"https:\/\/www.eren.ch\/neuchatel\/","logo":{"@type":"ImageObject","inLanguage":"fr-FR","@id":"https:\/\/www.eren.ch\/neuchatel\/#\/schema\/logo\/image\/","url":"https:\/\/www.eren.ch\/neuchatel\/wp-content\/uploads\/sites\/3\/2020\/12\/logo-neuchatel.png","contentUrl":"https:\/\/www.eren.ch\/neuchatel\/wp-content\/uploads\/sites\/3\/2020\/12\/logo-neuchatel.png","width":240,"height":117,"caption":"Paroisse de Neuch\u00e2tel"},"image":{"@id":"https:\/\/www.eren.ch\/neuchatel\/#\/schema\/logo\/image\/"},"sameAs":["https:\/\/www.facebook.com\/eglise.EREN","https:\/\/x.com\/egliseeren","https:\/\/fr.wikipedia.org\/wiki\/glise_rforme_vanglique_du_canton_de_Neuchtel"]}]}},"_links":{"self":[{"href":"https:\/\/www.eren.ch\/neuchatel\/wp-json\/wp\/v2\/pages\/349","targetHints":{"allow":["GET"]}}],"collection":[{"href":"https:\/\/www.eren.ch\/neuchatel\/wp-json\/wp\/v2\/pages"}],"about":[{"href":"https:\/\/www.eren.ch\/neuchatel\/wp-json\/wp\/v2\/types\/page"}],"author":[{"embeddable":true,"href":"https:\/\/www.eren.ch\/neuchatel\/wp-json\/wp\/v2\/users\/31"}],"replies":[{"embeddable":true,"href":"https:\/\/www.eren.ch\/neuchatel\/wp-json\/wp\/v2\/comments?post=349"}],"version-history":[{"count":15,"href":"https:\/\/www.eren.ch\/neuchatel\/wp-json\/wp\/v2\/pages\/349\/revisions"}],"predecessor-version":[{"id":7882,"href":"https:\/\/www.eren.ch\/neuchatel\/wp-json\/wp\/v2\/pages\/349\/revisions\/7882"}],"up":[{"embeddable":true,"href":"https:\/\/www.eren.ch\/neuchatel\/wp-json\/wp\/v2\/pages\/307"}],"wp:attachment":[{"href":"https:\/\/www.eren.ch\/neuchatel\/wp-json\/wp\/v2\/media?parent=349"}],"curies":[{"name":"wp","href":"https:\/\/api.w.org\/{rel}","templated":true}]}}