{"id":351,"date":"2016-03-22T15:35:39","date_gmt":"2016-03-22T14:35:39","guid":{"rendered":"https:\/\/www.eren.ch\/neuchatel\/?page_id=351"},"modified":"2026-04-20T10:04:58","modified_gmt":"2026-04-20T08:04:58","slug":"temps-liturgiques-particuliers","status":"publish","type":"page","link":"https:\/\/www.eren.ch\/neuchatel\/cultes\/temps-liturgiques-particuliers\/","title":{"rendered":"Temps liturgiques particuliers"},"content":{"rendered":"<h3><strong>P\u00e2ques<\/strong><\/h3>\n<p>J\u00e9sus, son minist\u00e8re, sa passion, sa mort et sa r\u00e9surrection\u00a0: autant d\u2019occasion de faire m\u00e9moire de celui qui nous a annonc\u00e9 la bonne nouvelle de l\u2019Evangile.<\/p>\n<ul>\n<li><strong>M\u00e9ditation du temps de Car\u00eame : <\/strong>les mercredis, la Coll\u00e9giale.<\/li>\n<li><strong>Agneau pascal<\/strong> : jeudi 19h00, Ermitage. En souvenir du dernier repas du Christ avec ses disciples.<\/li>\n<li><strong>Vendredi Saint<\/strong> :\u00a0apr\u00e8s les cultes du matin c\u00e9l\u00e9br\u00e9s dans plusieurs de nos temples, <em>avec un chemin de croix.<\/em><\/li>\n<\/ul>\n<p><em>Apr\u00e8s le silence du samedi, <\/em><\/p>\n<ul>\n<li><strong>Aube de P\u00e2ques<\/strong> : 5h30, la Coll\u00e9giale. F\u00eatez avec nous la r\u00e9surrection de notre Seigneur. <strong>\u00a0<\/strong><em>La c\u00e9r\u00e9monie est suivie d\u2019un petit-d\u00e9jeuner.<\/em><\/li>\n<li><strong>Culte pascal<\/strong> : c\u00e9l\u00e9br\u00e9 dans plusieurs temples et chapelles de notre paroisse. Chantons toutes et tous les louanges du Christ mort et ressuscit\u00e9!<\/li>\n<\/ul>\n<p>Retrouvez-nous sur :\u00a0<a href=\"https:\/\/www.eren.ch\/neuchatel\/agenda\/\">notre agenda.<\/a><\/p>\n<h3><b>Culte de la R\u00e9formation<\/b><\/h3>\n<p>En souvenir des \u00e9v\u00e9nements de la R\u00e9forme, <strong>le premier dimanche de novembre<\/strong> r\u00e9unit toutes les <a href=\"https:\/\/www.eren.ch\/paroisses\/\" target=\"_blank\" rel=\"noopener noreferrer\">paroisses du canton<\/a> en un seul lieu, pour manifester de notre identit\u00e9 r\u00e9form\u00e9e soud\u00e9e.<\/p>\n<h3><b>No\u00ebl<\/b><\/h3>\n<p>Le temps de <strong>l\u2019Avent<\/strong> est l\u2019occasion de nous r\u00e9jouir\u00a0 de la venue du Christ dans le monde.<\/p>\n<ul>\n<li style=\"list-style-type: none\">\n<ul>\n<li><strong>Calendrier g\u00e9ant \u00e0 La Coudre<\/strong> : organis\u00e9 et pens\u00e9 par\u00a0 <a href=\"https:\/\/www.eren.ch\/neuchatel\/convivialite\/rencontrer\/\">le groupe caf\u00e9-partage<\/a> .Une fen\u00eatre est illumin\u00e9e chaque soir. Nous vous invitons \u00e0 entrer, pour partager un th\u00e9 et des biscuits.\u00a0 Contact: Annick Collaud, 032 753 99 49.<\/li>\n<li><strong>M\u00e9ditations quotidiennes : <\/strong>18h00 &#8211; 18h30, la Coll\u00e9giale.<\/li>\n<li><strong>Culte c\u00e9l\u00e9br\u00e9 en famille : <\/strong>avec la participation des enfants \u00e0 la c\u00e9r\u00e9monie.<\/li>\n<li><strong>Marche jusqu&rsquo;\u00e0 la cr\u00e8che vivante<\/strong> <strong>:<\/strong> anim\u00e9e depuis l&rsquo;Ermitage. Informations : <a href=\"https:\/\/www.eren.ch\/neuchatel\/cultes\/chemin-de-creche\/\">Chemin de Cr\u00e8che.<\/a><\/li>\n<li><strong>Veill\u00e9e de No\u00ebl, 24 d\u00e9cembre<\/strong><br \/>\n&#8211; 18h00, la Maladi\u00e8re ;<br \/>\n&#8211; 23h00, Eglise de Serri\u00e8res.<\/li>\n<\/ul>\n<\/li>\n<\/ul>\n<p>Retrouvez-nous sur : <a href=\"https:\/\/www.eren.ch\/neuchatel\/agenda\/\">notre agenda.<\/a><\/p>\n","protected":false},"excerpt":{"rendered":"<p>P\u00e2ques J\u00e9sus, son minist\u00e8re, sa passion, sa mort et sa r\u00e9surrection\u00a0: autant d\u2019occasion de faire m\u00e9moire de celui qui nous a annonc\u00e9 la bonne nouvelle de l\u2019Evangile. M\u00e9ditation du temps de Car\u00eame : les mercredis, la Coll\u00e9giale. Agneau pascal : jeudi 19h00, Ermitage. En souvenir du dernier repas du Christ avec ses disciples. Vendredi Saint &hellip; <a href=\"https:\/\/www.eren.ch\/neuchatel\/cultes\/temps-liturgiques-particuliers\/\" class=\"more-link\">Continuer la lecture<span class=\"screen-reader-text\"> de &laquo;&nbsp;Temps liturgiques particuliers&nbsp;&raquo;<\/span><\/a><\/p>\n","protected":false},"author":31,"featured_media":7955,"parent":307,"menu_order":20,"comment_status":"closed","ping_status":"closed","template":"","meta":{"footnotes":""},"class_list":["post-351","page","type-page","status-publish","has-post-thumbnail","hentry"],"yoast_head":"<!-- This site is optimized with the Yoast SEO Premium plugin v27.4 (Yoast SEO v27.4) - https:\/\/yoast.com\/product\/yoast-seo-premium-wordpress\/ -->\n<title>Temps liturgiques particuliers - Paroisse de Neuch\u00e2tel<\/title>\n<meta name=\"description\" content=\"P\u00e2ques J\u00e9sus, son minist\u00e8re, sa passion, sa mort et sa r\u00e9surrection\u00a0: autant d\u2019occasion de faire m\u00e9moire de celui qui nous a annonc\u00e9 la bonne nouvelle de\" \/>\n<meta name=\"robots\" content=\"index, follow, max-snippet:-1, max-image-preview:large, max-video-preview:-1\" \/>\n<link rel=\"canonical\" href=\"https:\/\/www.eren.ch\/neuchatel\/cultes\/temps-liturgiques-particuliers\/\" \/>\n<meta property=\"og:locale\" content=\"fr_FR\" \/>\n<meta property=\"og:type\" content=\"article\" \/>\n<meta property=\"og:title\" content=\"Temps liturgiques particuliers\" \/>\n<meta property=\"og:description\" content=\"P\u00e2ques J\u00e9sus, son minist\u00e8re, sa passion, sa mort et sa r\u00e9surrection\u00a0: autant d\u2019occasion de faire m\u00e9moire de celui qui nous a annonc\u00e9 la bonne nouvelle de\" \/>\n<meta property=\"og:url\" content=\"https:\/\/www.eren.ch\/neuchatel\/cultes\/temps-liturgiques-particuliers\/\" \/>\n<meta property=\"og:site_name\" content=\"Paroisse de Neuch\u00e2tel\" \/>\n<meta property=\"article:publisher\" content=\"https:\/\/www.facebook.com\/eglise.EREN\" \/>\n<meta property=\"article:modified_time\" content=\"2026-04-20T08:04:58+00:00\" \/>\n<meta property=\"og:image\" content=\"https:\/\/www.eren.ch\/neuchatel\/wp-content\/uploads\/sites\/3\/2026\/04\/Noel_Vitrail.jpg\" \/>\n\t<meta property=\"og:image:width\" content=\"1920\" \/>\n\t<meta property=\"og:image:height\" content=\"1120\" \/>\n\t<meta property=\"og:image:type\" content=\"image\/jpeg\" \/>\n<meta name=\"twitter:card\" content=\"summary_large_image\" \/>\n<meta name=\"twitter:site\" content=\"@egliseeren\" \/>\n<meta name=\"twitter:label1\" content=\"Dur\u00e9e de lecture estim\u00e9e\" \/>\n\t<meta name=\"twitter:data1\" content=\"2 minutes\" \/>\n<script type=\"application\/ld+json\" class=\"yoast-schema-graph\">{\"@context\":\"https:\\\/\\\/schema.org\",\"@graph\":[{\"@type\":\"WebPage\",\"@id\":\"https:\\\/\\\/www.eren.ch\\\/neuchatel\\\/cultes\\\/temps-liturgiques-particuliers\\\/\",\"url\":\"https:\\\/\\\/www.eren.ch\\\/neuchatel\\\/cultes\\\/temps-liturgiques-particuliers\\\/\",\"name\":\"Temps liturgiques particuliers - Paroisse de Neuch\u00e2tel\",\"isPartOf\":{\"@id\":\"https:\\\/\\\/www.eren.ch\\\/neuchatel\\\/#website\"},\"primaryImageOfPage\":{\"@id\":\"https:\\\/\\\/www.eren.ch\\\/neuchatel\\\/cultes\\\/temps-liturgiques-particuliers\\\/#primaryimage\"},\"image\":{\"@id\":\"https:\\\/\\\/www.eren.ch\\\/neuchatel\\\/cultes\\\/temps-liturgiques-particuliers\\\/#primaryimage\"},\"thumbnailUrl\":\"https:\\\/\\\/www.eren.ch\\\/neuchatel\\\/wp-content\\\/uploads\\\/sites\\\/3\\\/2026\\\/04\\\/Noel_Vitrail.jpg\",\"datePublished\":\"2016-03-22T14:35:39+00:00\",\"dateModified\":\"2026-04-20T08:04:58+00:00\",\"description\":\"P\u00e2ques J\u00e9sus, son minist\u00e8re, sa passion, sa mort et sa r\u00e9surrection\u00a0: autant d\u2019occasion de faire m\u00e9moire de celui qui nous a annonc\u00e9 la bonne nouvelle de\",\"breadcrumb\":{\"@id\":\"https:\\\/\\\/www.eren.ch\\\/neuchatel\\\/cultes\\\/temps-liturgiques-particuliers\\\/#breadcrumb\"},\"inLanguage\":\"fr-FR\",\"potentialAction\":[{\"@type\":\"ReadAction\",\"target\":[\"https:\\\/\\\/www.eren.ch\\\/neuchatel\\\/cultes\\\/temps-liturgiques-particuliers\\\/\"]}]},{\"@type\":\"ImageObject\",\"inLanguage\":\"fr-FR\",\"@id\":\"https:\\\/\\\/www.eren.ch\\\/neuchatel\\\/cultes\\\/temps-liturgiques-particuliers\\\/#primaryimage\",\"url\":\"https:\\\/\\\/www.eren.ch\\\/neuchatel\\\/wp-content\\\/uploads\\\/sites\\\/3\\\/2026\\\/04\\\/Noel_Vitrail.jpg\",\"contentUrl\":\"https:\\\/\\\/www.eren.ch\\\/neuchatel\\\/wp-content\\\/uploads\\\/sites\\\/3\\\/2026\\\/04\\\/Noel_Vitrail.jpg\",\"width\":1920,\"height\":1120},{\"@type\":\"BreadcrumbList\",\"@id\":\"https:\\\/\\\/www.eren.ch\\\/neuchatel\\\/cultes\\\/temps-liturgiques-particuliers\\\/#breadcrumb\",\"itemListElement\":[{\"@type\":\"ListItem\",\"position\":1,\"name\":\"Accueil\",\"item\":\"https:\\\/\\\/www.eren.ch\\\/neuchatel\\\/\"},{\"@type\":\"ListItem\",\"position\":2,\"name\":\"Cultes\",\"item\":\"https:\\\/\\\/www.eren.ch\\\/neuchatel\\\/cultes\\\/\"},{\"@type\":\"ListItem\",\"position\":3,\"name\":\"Temps liturgiques particuliers\"}]},{\"@type\":\"WebSite\",\"@id\":\"https:\\\/\\\/www.eren.ch\\\/neuchatel\\\/#website\",\"url\":\"https:\\\/\\\/www.eren.ch\\\/neuchatel\\\/\",\"name\":\"Paroisse de Neuch\u00e2tel\",\"description\":\"La pr\u00e9sence protestante reconnue en ville de Neuch\u00e2tel\",\"publisher\":{\"@id\":\"https:\\\/\\\/www.eren.ch\\\/neuchatel\\\/#organization\"},\"potentialAction\":[{\"@type\":\"SearchAction\",\"target\":{\"@type\":\"EntryPoint\",\"urlTemplate\":\"https:\\\/\\\/www.eren.ch\\\/neuchatel\\\/?s={search_term_string}\"},\"query-input\":{\"@type\":\"PropertyValueSpecification\",\"valueRequired\":true,\"valueName\":\"search_term_string\"}}],\"inLanguage\":\"fr-FR\"},{\"@type\":\"Organization\",\"@id\":\"https:\\\/\\\/www.eren.ch\\\/neuchatel\\\/#organization\",\"name\":\"Paroisse de Neuch\u00e2tel\",\"url\":\"https:\\\/\\\/www.eren.ch\\\/neuchatel\\\/\",\"logo\":{\"@type\":\"ImageObject\",\"inLanguage\":\"fr-FR\",\"@id\":\"https:\\\/\\\/www.eren.ch\\\/neuchatel\\\/#\\\/schema\\\/logo\\\/image\\\/\",\"url\":\"https:\\\/\\\/www.eren.ch\\\/neuchatel\\\/wp-content\\\/uploads\\\/sites\\\/3\\\/2020\\\/12\\\/logo-neuchatel.png\",\"contentUrl\":\"https:\\\/\\\/www.eren.ch\\\/neuchatel\\\/wp-content\\\/uploads\\\/sites\\\/3\\\/2020\\\/12\\\/logo-neuchatel.png\",\"width\":240,\"height\":117,\"caption\":\"Paroisse de Neuch\u00e2tel\"},\"image\":{\"@id\":\"https:\\\/\\\/www.eren.ch\\\/neuchatel\\\/#\\\/schema\\\/logo\\\/image\\\/\"},\"sameAs\":[\"https:\\\/\\\/www.facebook.com\\\/eglise.EREN\",\"https:\\\/\\\/x.com\\\/egliseeren\",\"https:\\\/\\\/fr.wikipedia.org\\\/wiki\\\/glise_rforme_vanglique_du_canton_de_Neuchtel\"]}]}<\/script>\n<!-- \/ Yoast SEO Premium plugin. -->","yoast_head_json":{"title":"Temps liturgiques particuliers - Paroisse de Neuch\u00e2tel","description":"P\u00e2ques J\u00e9sus, son minist\u00e8re, sa passion, sa mort et sa r\u00e9surrection\u00a0: autant d\u2019occasion de faire m\u00e9moire de celui qui nous a annonc\u00e9 la bonne nouvelle de","robots":{"index":"index","follow":"follow","max-snippet":"max-snippet:-1","max-image-preview":"max-image-preview:large","max-video-preview":"max-video-preview:-1"},"canonical":"https:\/\/www.eren.ch\/neuchatel\/cultes\/temps-liturgiques-particuliers\/","og_locale":"fr_FR","og_type":"article","og_title":"Temps liturgiques particuliers","og_description":"P\u00e2ques J\u00e9sus, son minist\u00e8re, sa passion, sa mort et sa r\u00e9surrection\u00a0: autant d\u2019occasion de faire m\u00e9moire de celui qui nous a annonc\u00e9 la bonne nouvelle de","og_url":"https:\/\/www.eren.ch\/neuchatel\/cultes\/temps-liturgiques-particuliers\/","og_site_name":"Paroisse de Neuch\u00e2tel","article_publisher":"https:\/\/www.facebook.com\/eglise.EREN","article_modified_time":"2026-04-20T08:04:58+00:00","og_image":[{"width":1920,"height":1120,"url":"https:\/\/www.eren.ch\/neuchatel\/wp-content\/uploads\/sites\/3\/2026\/04\/Noel_Vitrail.jpg","type":"image\/jpeg"}],"twitter_card":"summary_large_image","twitter_site":"@egliseeren","twitter_misc":{"Dur\u00e9e de lecture estim\u00e9e":"2 minutes"},"schema":{"@context":"https:\/\/schema.org","@graph":[{"@type":"WebPage","@id":"https:\/\/www.eren.ch\/neuchatel\/cultes\/temps-liturgiques-particuliers\/","url":"https:\/\/www.eren.ch\/neuchatel\/cultes\/temps-liturgiques-particuliers\/","name":"Temps liturgiques particuliers - Paroisse de Neuch\u00e2tel","isPartOf":{"@id":"https:\/\/www.eren.ch\/neuchatel\/#website"},"primaryImageOfPage":{"@id":"https:\/\/www.eren.ch\/neuchatel\/cultes\/temps-liturgiques-particuliers\/#primaryimage"},"image":{"@id":"https:\/\/www.eren.ch\/neuchatel\/cultes\/temps-liturgiques-particuliers\/#primaryimage"},"thumbnailUrl":"https:\/\/www.eren.ch\/neuchatel\/wp-content\/uploads\/sites\/3\/2026\/04\/Noel_Vitrail.jpg","datePublished":"2016-03-22T14:35:39+00:00","dateModified":"2026-04-20T08:04:58+00:00","description":"P\u00e2ques J\u00e9sus, son minist\u00e8re, sa passion, sa mort et sa r\u00e9surrection\u00a0: autant d\u2019occasion de faire m\u00e9moire de celui qui nous a annonc\u00e9 la bonne nouvelle de","breadcrumb":{"@id":"https:\/\/www.eren.ch\/neuchatel\/cultes\/temps-liturgiques-particuliers\/#breadcrumb"},"inLanguage":"fr-FR","potentialAction":[{"@type":"ReadAction","target":["https:\/\/www.eren.ch\/neuchatel\/cultes\/temps-liturgiques-particuliers\/"]}]},{"@type":"ImageObject","inLanguage":"fr-FR","@id":"https:\/\/www.eren.ch\/neuchatel\/cultes\/temps-liturgiques-particuliers\/#primaryimage","url":"https:\/\/www.eren.ch\/neuchatel\/wp-content\/uploads\/sites\/3\/2026\/04\/Noel_Vitrail.jpg","contentUrl":"https:\/\/www.eren.ch\/neuchatel\/wp-content\/uploads\/sites\/3\/2026\/04\/Noel_Vitrail.jpg","width":1920,"height":1120},{"@type":"BreadcrumbList","@id":"https:\/\/www.eren.ch\/neuchatel\/cultes\/temps-liturgiques-particuliers\/#breadcrumb","itemListElement":[{"@type":"ListItem","position":1,"name":"Accueil","item":"https:\/\/www.eren.ch\/neuchatel\/"},{"@type":"ListItem","position":2,"name":"Cultes","item":"https:\/\/www.eren.ch\/neuchatel\/cultes\/"},{"@type":"ListItem","position":3,"name":"Temps liturgiques particuliers"}]},{"@type":"WebSite","@id":"https:\/\/www.eren.ch\/neuchatel\/#website","url":"https:\/\/www.eren.ch\/neuchatel\/","name":"Paroisse de Neuch\u00e2tel","description":"La pr\u00e9sence protestante reconnue en ville de Neuch\u00e2tel","publisher":{"@id":"https:\/\/www.eren.ch\/neuchatel\/#organization"},"potentialAction":[{"@type":"SearchAction","target":{"@type":"EntryPoint","urlTemplate":"https:\/\/www.eren.ch\/neuchatel\/?s={search_term_string}"},"query-input":{"@type":"PropertyValueSpecification","valueRequired":true,"valueName":"search_term_string"}}],"inLanguage":"fr-FR"},{"@type":"Organization","@id":"https:\/\/www.eren.ch\/neuchatel\/#organization","name":"Paroisse de Neuch\u00e2tel","url":"https:\/\/www.eren.ch\/neuchatel\/","logo":{"@type":"ImageObject","inLanguage":"fr-FR","@id":"https:\/\/www.eren.ch\/neuchatel\/#\/schema\/logo\/image\/","url":"https:\/\/www.eren.ch\/neuchatel\/wp-content\/uploads\/sites\/3\/2020\/12\/logo-neuchatel.png","contentUrl":"https:\/\/www.eren.ch\/neuchatel\/wp-content\/uploads\/sites\/3\/2020\/12\/logo-neuchatel.png","width":240,"height":117,"caption":"Paroisse de Neuch\u00e2tel"},"image":{"@id":"https:\/\/www.eren.ch\/neuchatel\/#\/schema\/logo\/image\/"},"sameAs":["https:\/\/www.facebook.com\/eglise.EREN","https:\/\/x.com\/egliseeren","https:\/\/fr.wikipedia.org\/wiki\/glise_rforme_vanglique_du_canton_de_Neuchtel"]}]}},"_links":{"self":[{"href":"https:\/\/www.eren.ch\/neuchatel\/wp-json\/wp\/v2\/pages\/351","targetHints":{"allow":["GET"]}}],"collection":[{"href":"https:\/\/www.eren.ch\/neuchatel\/wp-json\/wp\/v2\/pages"}],"about":[{"href":"https:\/\/www.eren.ch\/neuchatel\/wp-json\/wp\/v2\/types\/page"}],"author":[{"embeddable":true,"href":"https:\/\/www.eren.ch\/neuchatel\/wp-json\/wp\/v2\/users\/31"}],"replies":[{"embeddable":true,"href":"https:\/\/www.eren.ch\/neuchatel\/wp-json\/wp\/v2\/comments?post=351"}],"version-history":[{"count":15,"href":"https:\/\/www.eren.ch\/neuchatel\/wp-json\/wp\/v2\/pages\/351\/revisions"}],"predecessor-version":[{"id":7965,"href":"https:\/\/www.eren.ch\/neuchatel\/wp-json\/wp\/v2\/pages\/351\/revisions\/7965"}],"up":[{"embeddable":true,"href":"https:\/\/www.eren.ch\/neuchatel\/wp-json\/wp\/v2\/pages\/307"}],"wp:featuredmedia":[{"embeddable":true,"href":"https:\/\/www.eren.ch\/neuchatel\/wp-json\/wp\/v2\/media\/7955"}],"wp:attachment":[{"href":"https:\/\/www.eren.ch\/neuchatel\/wp-json\/wp\/v2\/media?parent=351"}],"curies":[{"name":"wp","href":"https:\/\/api.w.org\/{rel}","templated":true}]}}