{"id":355,"date":"2016-03-22T15:37:15","date_gmt":"2016-03-22T14:37:15","guid":{"rendered":"https:\/\/www.eren.ch\/neuchatel\/?page_id=355"},"modified":"2023-08-17T10:42:03","modified_gmt":"2023-08-17T08:42:03","slug":"cultes-en-musique","status":"publish","type":"page","link":"https:\/\/www.eren.ch\/neuchatel\/cultes\/cultes-en-musique\/","title":{"rendered":"Cultes en musique"},"content":{"rendered":"<h3><b>Cultes \u00ab\u00a0Parole &amp; Musique\u00a0\u00bb<\/b><\/h3>\n<p><img decoding=\"async\" class=\"alignleft wp-image-1095 size-medium\" src=\"https:\/\/www.eren.ch\/neuchatel\/wp-content\/uploads\/sites\/3\/2016\/04\/PM_fl\u00fbte-300x223.jpg\" alt=\"PM_fl\u00fbte\" width=\"300\" height=\"223\" srcset=\"https:\/\/www.eren.ch\/neuchatel\/wp-content\/uploads\/sites\/3\/2016\/04\/PM_fl\u00fbte-300x223.jpg 300w, https:\/\/www.eren.ch\/neuchatel\/wp-content\/uploads\/sites\/3\/2016\/04\/PM_fl\u00fbte-768x572.jpg 768w, https:\/\/www.eren.ch\/neuchatel\/wp-content\/uploads\/sites\/3\/2016\/04\/PM_fl\u00fbte-1024x762.jpg 1024w, https:\/\/www.eren.ch\/neuchatel\/wp-content\/uploads\/sites\/3\/2016\/04\/PM_fl\u00fbte-1200x893.jpg 1200w, https:\/\/www.eren.ch\/neuchatel\/wp-content\/uploads\/sites\/3\/2016\/04\/PM_fl\u00fbte.jpg 1500w\" sizes=\"(max-width: 300px) 85vw, 300px\" \/><\/p>\n<p>Ces c\u00e9l\u00e9brations expriment <strong>un th\u00e8me choisi <\/strong>par la<strong> liturgie parl\u00e9e <\/strong>comme par la<strong> voix d\u2019instruments divers. <\/strong>Laissez-vous porter par la vari\u00e9t\u00e9 des m\u00e9lodies<b>, un samedi par mois \u00e0 18h.<\/b><br \/>\nApr\u00e8s le culte, <strong>un ap\u00e9ritif convivial<\/strong> r\u00e9unit musiciens, pasteur et c\u00e9l\u00e9brants pour un moment de partage et d&rsquo;\u00e9change.<\/p>\n<p>&nbsp;<\/p>\n<h3><strong>Cultes cantates<\/strong><\/h3>\n<p><img decoding=\"async\" class=\"alignleft wp-image-1105 size-medium\" src=\"https:\/\/www.eren.ch\/neuchatel\/wp-content\/uploads\/sites\/3\/2016\/03\/PB150078-e1460322380852-200x300.jpg\" alt=\"culte_cantate\" width=\"200\" height=\"300\" srcset=\"https:\/\/www.eren.ch\/neuchatel\/wp-content\/uploads\/sites\/3\/2016\/03\/PB150078-e1460322380852-200x300.jpg 200w, https:\/\/www.eren.ch\/neuchatel\/wp-content\/uploads\/sites\/3\/2016\/03\/PB150078-e1460322380852-768x1152.jpg 768w, https:\/\/www.eren.ch\/neuchatel\/wp-content\/uploads\/sites\/3\/2016\/03\/PB150078-e1460322380852-683x1024.jpg 683w, https:\/\/www.eren.ch\/neuchatel\/wp-content\/uploads\/sites\/3\/2016\/03\/PB150078-e1460322380852-1200x1800.jpg 1200w, https:\/\/www.eren.ch\/neuchatel\/wp-content\/uploads\/sites\/3\/2016\/03\/PB150078-e1460322380852.jpg 1500w\" sizes=\"(max-width: 200px) 85vw, 200px\" \/><\/p>\n<p>&nbsp;<\/p>\n<p>Quatre cultes cantates annuels charment les amateurs de <strong>Bach<\/strong> \u00e0 <strong>la Coll\u00e9giale<\/strong>, sous l\u2019\u00e9gide de son organiste reconnu <strong>Simon P\u00e9guiron qui dirige <\/strong><strong>le ch\u0153ur de la Coll\u00e9giale<\/strong> accompagn\u00e9 par des <strong>musiciens professionnels<\/strong>.<\/p>\n<p>Contact.\u00a0Florian Schubert, 079 883 00 44, <a href=\"mailto:florian.schubert@eren.ch\">florian.schubert@eren.ch<\/a><\/p>\n<p>&nbsp;<\/p>\n","protected":false},"excerpt":{"rendered":"<p>Cultes \u00ab\u00a0Parole &amp; Musique\u00a0\u00bb Ces c\u00e9l\u00e9brations expriment un th\u00e8me choisi par la liturgie parl\u00e9e comme par la voix d\u2019instruments divers. Laissez-vous porter par la vari\u00e9t\u00e9 des m\u00e9lodies, un samedi par mois \u00e0 18h. Apr\u00e8s le culte, un ap\u00e9ritif convivial r\u00e9unit musiciens, pasteur et c\u00e9l\u00e9brants pour un moment de partage et d&rsquo;\u00e9change. &nbsp; Cultes cantates &nbsp; &hellip; <a href=\"https:\/\/www.eren.ch\/neuchatel\/cultes\/cultes-en-musique\/\" class=\"more-link\">Continuer la lecture<span class=\"screen-reader-text\"> de &laquo;&nbsp;Cultes en musique&nbsp;&raquo;<\/span><\/a><\/p>\n","protected":false},"author":31,"featured_media":0,"parent":307,"menu_order":40,"comment_status":"closed","ping_status":"closed","template":"","meta":{"footnotes":""},"class_list":["post-355","page","type-page","status-publish","hentry"],"yoast_head":"<!-- This site is optimized with the Yoast SEO Premium plugin v27.4 (Yoast SEO v27.4) - https:\/\/yoast.com\/product\/yoast-seo-premium-wordpress\/ -->\n<title>Cultes en musique - Paroisse de Neuch\u00e2tel<\/title>\n<meta name=\"description\" content=\"Cultes \u00ab\u00a0Parole &amp; Musique\u00a0\u00bb Ces c\u00e9l\u00e9brations expriment un th\u00e8me choisi par la liturgie parl\u00e9e comme par la voix d\u2019instruments divers. Laissez-vous\" \/>\n<meta name=\"robots\" content=\"index, follow, max-snippet:-1, max-image-preview:large, max-video-preview:-1\" \/>\n<link rel=\"canonical\" href=\"https:\/\/www.eren.ch\/neuchatel\/cultes\/cultes-en-musique\/\" \/>\n<meta property=\"og:locale\" content=\"fr_FR\" \/>\n<meta property=\"og:type\" content=\"article\" \/>\n<meta property=\"og:title\" content=\"Cultes en musique\" \/>\n<meta property=\"og:description\" content=\"Cultes \u00ab\u00a0Parole &amp; Musique\u00a0\u00bb Ces c\u00e9l\u00e9brations expriment un th\u00e8me choisi par la liturgie parl\u00e9e comme par la voix d\u2019instruments divers. Laissez-vous\" \/>\n<meta property=\"og:url\" content=\"https:\/\/www.eren.ch\/neuchatel\/cultes\/cultes-en-musique\/\" \/>\n<meta property=\"og:site_name\" content=\"Paroisse de Neuch\u00e2tel\" \/>\n<meta property=\"article:publisher\" content=\"https:\/\/www.facebook.com\/eglise.EREN\" \/>\n<meta property=\"article:modified_time\" content=\"2023-08-17T08:42:03+00:00\" \/>\n<meta property=\"og:image\" content=\"https:\/\/www.eren.ch\/neuchatel\/wp-content\/uploads\/sites\/3\/2016\/03\/PB150078-e1460322380852-200x300.jpg\" \/>\n<meta name=\"twitter:card\" content=\"summary_large_image\" \/>\n<meta name=\"twitter:site\" content=\"@egliseeren\" \/>\n<meta name=\"twitter:label1\" content=\"Dur\u00e9e de lecture estim\u00e9e\" \/>\n\t<meta name=\"twitter:data1\" content=\"1 minute\" \/>\n<script type=\"application\/ld+json\" class=\"yoast-schema-graph\">{\"@context\":\"https:\\\/\\\/schema.org\",\"@graph\":[{\"@type\":\"WebPage\",\"@id\":\"https:\\\/\\\/www.eren.ch\\\/neuchatel\\\/cultes\\\/cultes-en-musique\\\/\",\"url\":\"https:\\\/\\\/www.eren.ch\\\/neuchatel\\\/cultes\\\/cultes-en-musique\\\/\",\"name\":\"Cultes en musique - Paroisse de Neuch\u00e2tel\",\"isPartOf\":{\"@id\":\"https:\\\/\\\/www.eren.ch\\\/neuchatel\\\/#website\"},\"primaryImageOfPage\":{\"@id\":\"https:\\\/\\\/www.eren.ch\\\/neuchatel\\\/cultes\\\/cultes-en-musique\\\/#primaryimage\"},\"image\":{\"@id\":\"https:\\\/\\\/www.eren.ch\\\/neuchatel\\\/cultes\\\/cultes-en-musique\\\/#primaryimage\"},\"thumbnailUrl\":\"https:\\\/\\\/www.eren.ch\\\/neuchatel\\\/wp-content\\\/uploads\\\/sites\\\/3\\\/2016\\\/03\\\/PB150078-e1460322380852-200x300.jpg\",\"datePublished\":\"2016-03-22T14:37:15+00:00\",\"dateModified\":\"2023-08-17T08:42:03+00:00\",\"description\":\"Cultes \u00ab\u00a0Parole &amp; Musique\u00a0\u00bb Ces c\u00e9l\u00e9brations expriment un th\u00e8me choisi par la liturgie parl\u00e9e comme par la voix d\u2019instruments divers. Laissez-vous\",\"breadcrumb\":{\"@id\":\"https:\\\/\\\/www.eren.ch\\\/neuchatel\\\/cultes\\\/cultes-en-musique\\\/#breadcrumb\"},\"inLanguage\":\"fr-FR\",\"potentialAction\":[{\"@type\":\"ReadAction\",\"target\":[\"https:\\\/\\\/www.eren.ch\\\/neuchatel\\\/cultes\\\/cultes-en-musique\\\/\"]}]},{\"@type\":\"ImageObject\",\"inLanguage\":\"fr-FR\",\"@id\":\"https:\\\/\\\/www.eren.ch\\\/neuchatel\\\/cultes\\\/cultes-en-musique\\\/#primaryimage\",\"url\":\"https:\\\/\\\/www.eren.ch\\\/neuchatel\\\/wp-content\\\/uploads\\\/sites\\\/3\\\/2016\\\/03\\\/PB150078-e1460322380852.jpg\",\"contentUrl\":\"https:\\\/\\\/www.eren.ch\\\/neuchatel\\\/wp-content\\\/uploads\\\/sites\\\/3\\\/2016\\\/03\\\/PB150078-e1460322380852.jpg\",\"width\":1500,\"height\":2250},{\"@type\":\"BreadcrumbList\",\"@id\":\"https:\\\/\\\/www.eren.ch\\\/neuchatel\\\/cultes\\\/cultes-en-musique\\\/#breadcrumb\",\"itemListElement\":[{\"@type\":\"ListItem\",\"position\":1,\"name\":\"Accueil\",\"item\":\"https:\\\/\\\/www.eren.ch\\\/neuchatel\\\/\"},{\"@type\":\"ListItem\",\"position\":2,\"name\":\"Cultes\",\"item\":\"https:\\\/\\\/www.eren.ch\\\/neuchatel\\\/cultes\\\/\"},{\"@type\":\"ListItem\",\"position\":3,\"name\":\"Cultes en musique\"}]},{\"@type\":\"WebSite\",\"@id\":\"https:\\\/\\\/www.eren.ch\\\/neuchatel\\\/#website\",\"url\":\"https:\\\/\\\/www.eren.ch\\\/neuchatel\\\/\",\"name\":\"Paroisse de Neuch\u00e2tel\",\"description\":\"La pr\u00e9sence protestante reconnue en ville de Neuch\u00e2tel\",\"publisher\":{\"@id\":\"https:\\\/\\\/www.eren.ch\\\/neuchatel\\\/#organization\"},\"potentialAction\":[{\"@type\":\"SearchAction\",\"target\":{\"@type\":\"EntryPoint\",\"urlTemplate\":\"https:\\\/\\\/www.eren.ch\\\/neuchatel\\\/?s={search_term_string}\"},\"query-input\":{\"@type\":\"PropertyValueSpecification\",\"valueRequired\":true,\"valueName\":\"search_term_string\"}}],\"inLanguage\":\"fr-FR\"},{\"@type\":\"Organization\",\"@id\":\"https:\\\/\\\/www.eren.ch\\\/neuchatel\\\/#organization\",\"name\":\"Paroisse de Neuch\u00e2tel\",\"url\":\"https:\\\/\\\/www.eren.ch\\\/neuchatel\\\/\",\"logo\":{\"@type\":\"ImageObject\",\"inLanguage\":\"fr-FR\",\"@id\":\"https:\\\/\\\/www.eren.ch\\\/neuchatel\\\/#\\\/schema\\\/logo\\\/image\\\/\",\"url\":\"https:\\\/\\\/www.eren.ch\\\/neuchatel\\\/wp-content\\\/uploads\\\/sites\\\/3\\\/2020\\\/12\\\/logo-neuchatel.png\",\"contentUrl\":\"https:\\\/\\\/www.eren.ch\\\/neuchatel\\\/wp-content\\\/uploads\\\/sites\\\/3\\\/2020\\\/12\\\/logo-neuchatel.png\",\"width\":240,\"height\":117,\"caption\":\"Paroisse de Neuch\u00e2tel\"},\"image\":{\"@id\":\"https:\\\/\\\/www.eren.ch\\\/neuchatel\\\/#\\\/schema\\\/logo\\\/image\\\/\"},\"sameAs\":[\"https:\\\/\\\/www.facebook.com\\\/eglise.EREN\",\"https:\\\/\\\/x.com\\\/egliseeren\",\"https:\\\/\\\/fr.wikipedia.org\\\/wiki\\\/glise_rforme_vanglique_du_canton_de_Neuchtel\"]}]}<\/script>\n<!-- \/ Yoast SEO Premium plugin. -->","yoast_head_json":{"title":"Cultes en musique - Paroisse de Neuch\u00e2tel","description":"Cultes \u00ab\u00a0Parole &amp; Musique\u00a0\u00bb Ces c\u00e9l\u00e9brations expriment un th\u00e8me choisi par la liturgie parl\u00e9e comme par la voix d\u2019instruments divers. Laissez-vous","robots":{"index":"index","follow":"follow","max-snippet":"max-snippet:-1","max-image-preview":"max-image-preview:large","max-video-preview":"max-video-preview:-1"},"canonical":"https:\/\/www.eren.ch\/neuchatel\/cultes\/cultes-en-musique\/","og_locale":"fr_FR","og_type":"article","og_title":"Cultes en musique","og_description":"Cultes \u00ab\u00a0Parole &amp; Musique\u00a0\u00bb Ces c\u00e9l\u00e9brations expriment un th\u00e8me choisi par la liturgie parl\u00e9e comme par la voix d\u2019instruments divers. Laissez-vous","og_url":"https:\/\/www.eren.ch\/neuchatel\/cultes\/cultes-en-musique\/","og_site_name":"Paroisse de Neuch\u00e2tel","article_publisher":"https:\/\/www.facebook.com\/eglise.EREN","article_modified_time":"2023-08-17T08:42:03+00:00","og_image":[{"url":"https:\/\/www.eren.ch\/neuchatel\/wp-content\/uploads\/sites\/3\/2016\/03\/PB150078-e1460322380852-200x300.jpg","type":"","width":"","height":""}],"twitter_card":"summary_large_image","twitter_site":"@egliseeren","twitter_misc":{"Dur\u00e9e de lecture estim\u00e9e":"1 minute"},"schema":{"@context":"https:\/\/schema.org","@graph":[{"@type":"WebPage","@id":"https:\/\/www.eren.ch\/neuchatel\/cultes\/cultes-en-musique\/","url":"https:\/\/www.eren.ch\/neuchatel\/cultes\/cultes-en-musique\/","name":"Cultes en musique - Paroisse de Neuch\u00e2tel","isPartOf":{"@id":"https:\/\/www.eren.ch\/neuchatel\/#website"},"primaryImageOfPage":{"@id":"https:\/\/www.eren.ch\/neuchatel\/cultes\/cultes-en-musique\/#primaryimage"},"image":{"@id":"https:\/\/www.eren.ch\/neuchatel\/cultes\/cultes-en-musique\/#primaryimage"},"thumbnailUrl":"https:\/\/www.eren.ch\/neuchatel\/wp-content\/uploads\/sites\/3\/2016\/03\/PB150078-e1460322380852-200x300.jpg","datePublished":"2016-03-22T14:37:15+00:00","dateModified":"2023-08-17T08:42:03+00:00","description":"Cultes \u00ab\u00a0Parole &amp; Musique\u00a0\u00bb Ces c\u00e9l\u00e9brations expriment un th\u00e8me choisi par la liturgie parl\u00e9e comme par la voix d\u2019instruments divers. Laissez-vous","breadcrumb":{"@id":"https:\/\/www.eren.ch\/neuchatel\/cultes\/cultes-en-musique\/#breadcrumb"},"inLanguage":"fr-FR","potentialAction":[{"@type":"ReadAction","target":["https:\/\/www.eren.ch\/neuchatel\/cultes\/cultes-en-musique\/"]}]},{"@type":"ImageObject","inLanguage":"fr-FR","@id":"https:\/\/www.eren.ch\/neuchatel\/cultes\/cultes-en-musique\/#primaryimage","url":"https:\/\/www.eren.ch\/neuchatel\/wp-content\/uploads\/sites\/3\/2016\/03\/PB150078-e1460322380852.jpg","contentUrl":"https:\/\/www.eren.ch\/neuchatel\/wp-content\/uploads\/sites\/3\/2016\/03\/PB150078-e1460322380852.jpg","width":1500,"height":2250},{"@type":"BreadcrumbList","@id":"https:\/\/www.eren.ch\/neuchatel\/cultes\/cultes-en-musique\/#breadcrumb","itemListElement":[{"@type":"ListItem","position":1,"name":"Accueil","item":"https:\/\/www.eren.ch\/neuchatel\/"},{"@type":"ListItem","position":2,"name":"Cultes","item":"https:\/\/www.eren.ch\/neuchatel\/cultes\/"},{"@type":"ListItem","position":3,"name":"Cultes en musique"}]},{"@type":"WebSite","@id":"https:\/\/www.eren.ch\/neuchatel\/#website","url":"https:\/\/www.eren.ch\/neuchatel\/","name":"Paroisse de Neuch\u00e2tel","description":"La pr\u00e9sence protestante reconnue en ville de Neuch\u00e2tel","publisher":{"@id":"https:\/\/www.eren.ch\/neuchatel\/#organization"},"potentialAction":[{"@type":"SearchAction","target":{"@type":"EntryPoint","urlTemplate":"https:\/\/www.eren.ch\/neuchatel\/?s={search_term_string}"},"query-input":{"@type":"PropertyValueSpecification","valueRequired":true,"valueName":"search_term_string"}}],"inLanguage":"fr-FR"},{"@type":"Organization","@id":"https:\/\/www.eren.ch\/neuchatel\/#organization","name":"Paroisse de Neuch\u00e2tel","url":"https:\/\/www.eren.ch\/neuchatel\/","logo":{"@type":"ImageObject","inLanguage":"fr-FR","@id":"https:\/\/www.eren.ch\/neuchatel\/#\/schema\/logo\/image\/","url":"https:\/\/www.eren.ch\/neuchatel\/wp-content\/uploads\/sites\/3\/2020\/12\/logo-neuchatel.png","contentUrl":"https:\/\/www.eren.ch\/neuchatel\/wp-content\/uploads\/sites\/3\/2020\/12\/logo-neuchatel.png","width":240,"height":117,"caption":"Paroisse de Neuch\u00e2tel"},"image":{"@id":"https:\/\/www.eren.ch\/neuchatel\/#\/schema\/logo\/image\/"},"sameAs":["https:\/\/www.facebook.com\/eglise.EREN","https:\/\/x.com\/egliseeren","https:\/\/fr.wikipedia.org\/wiki\/glise_rforme_vanglique_du_canton_de_Neuchtel"]}]}},"_links":{"self":[{"href":"https:\/\/www.eren.ch\/neuchatel\/wp-json\/wp\/v2\/pages\/355","targetHints":{"allow":["GET"]}}],"collection":[{"href":"https:\/\/www.eren.ch\/neuchatel\/wp-json\/wp\/v2\/pages"}],"about":[{"href":"https:\/\/www.eren.ch\/neuchatel\/wp-json\/wp\/v2\/types\/page"}],"author":[{"embeddable":true,"href":"https:\/\/www.eren.ch\/neuchatel\/wp-json\/wp\/v2\/users\/31"}],"replies":[{"embeddable":true,"href":"https:\/\/www.eren.ch\/neuchatel\/wp-json\/wp\/v2\/comments?post=355"}],"version-history":[{"count":5,"href":"https:\/\/www.eren.ch\/neuchatel\/wp-json\/wp\/v2\/pages\/355\/revisions"}],"predecessor-version":[{"id":3793,"href":"https:\/\/www.eren.ch\/neuchatel\/wp-json\/wp\/v2\/pages\/355\/revisions\/3793"}],"up":[{"embeddable":true,"href":"https:\/\/www.eren.ch\/neuchatel\/wp-json\/wp\/v2\/pages\/307"}],"wp:attachment":[{"href":"https:\/\/www.eren.ch\/neuchatel\/wp-json\/wp\/v2\/media?parent=355"}],"curies":[{"name":"wp","href":"https:\/\/api.w.org\/{rel}","templated":true}]}}