{"id":5137,"date":"2022-03-17T15:46:59","date_gmt":"2022-03-17T14:46:59","guid":{"rendered":"https:\/\/www.eren.ch\/neuchatel\/?page_id=5137"},"modified":"2023-08-17T10:41:32","modified_gmt":"2023-08-17T08:41:32","slug":"collegiale-2022","status":"publish","type":"page","link":"https:\/\/www.eren.ch\/neuchatel\/paroisse\/lieux-de-vie\/sud\/collegiale-2022\/","title":{"rendered":"Coll\u00e9giale restaur\u00e9e"},"content":{"rendered":"\n<h2 class=\"wp-block-heading\" id=\"h-cycle-de-conferences-et-de-visites-la-reouverture-de-la-collegiale-en-2022\">Cycle de conf\u00e9rences et de visites <br>\u00abLa r\u00e9ouverture de la Coll\u00e9giale en 2022\u00bb<\/h2>\n\n\n\n<p>Les conf\u00e9rences ont lieu dans la Coll\u00e9giale ou dans la Maison Saint-Guillaume.<\/p>\n\n\n\n<p>Jeudi 5 mai, 19h-20h30 (conf\u00e9rence, puis ap\u00e9ritif d\u00eenatoire)<br><strong><em>L&rsquo;histoire de la coll\u00e9giale, tout un chapitre<br><\/em><\/strong>Gr\u00e9goire Oguey, historien et archiviste<br>Arnaud Besson, historien<\/p>\n\n\n\n<p>Mardi 10 mai, 12h15-13h30 (conf\u00e9rence-sandwich)<br><strong><em>Succession houleuse pour les Neuch\u00e2tel : Louis et la m\u00e9moire des siens<br><\/em><\/strong>Arnaud Besson, historien<\/p>\n\n\n\n<p>Mardi 17 mai, 12h15-13h30 (visite-sandwich)<br><em><strong>La coll\u00e9giale lue par l&rsquo;arch\u00e9ologue du b\u00e2ti<br><\/strong><\/em>Christian de Reynier, arch\u00e9ologue du b\u00e2ti<\/p>\n\n\n\n<p>Mardi 24 mai, 12h15-13h30 (visite-sandwich)<br><em><strong>L\u2019apport de L\u00e9o Ch\u00e2telain \u00e0 la coll\u00e9giale (1868-75)<br><\/strong><\/em>Claire Piguet, historienne des monuments<\/p>\n\n\n\n<p>Vendredi 3 juin, 12h15-13h30 (visite-sandwich)<br><strong><em>Les monuments fun\u00e9raires \u00e0 la coll\u00e9giale, des comtes de Neuch\u00e2tel au g\u00e9n\u00e9ral von Zastrow<\/em><\/strong><br>Jacques Bujard, conservateur cantonal<\/p>\n\n\n\n<p>Jeudi 9 juin, 12h15-13h30 (conf\u00e9rence-sandwich)<br><em><strong>1856: la coll\u00e9giale, une prison! (en collaboration avec la semaine internationale des archives)<\/strong><\/em><br>Matthieu Lavoyer, historien<\/p>\n\n\n\n<figure class=\"wp-block-image size-large\"><img decoding=\"async\" width=\"721\" height=\"1024\" src=\"https:\/\/www.eren.ch\/neuchatel\/wp-content\/uploads\/sites\/3\/2022\/04\/conferences-visites-reouverture-collegiale-2022-2-721x1024.jpg\" alt=\"\" class=\"wp-image-5227\" srcset=\"https:\/\/www.eren.ch\/neuchatel\/wp-content\/uploads\/sites\/3\/2022\/04\/conferences-visites-reouverture-collegiale-2022-2-721x1024.jpg 721w, https:\/\/www.eren.ch\/neuchatel\/wp-content\/uploads\/sites\/3\/2022\/04\/conferences-visites-reouverture-collegiale-2022-2-211x300.jpg 211w, https:\/\/www.eren.ch\/neuchatel\/wp-content\/uploads\/sites\/3\/2022\/04\/conferences-visites-reouverture-collegiale-2022-2-768x1090.jpg 768w, https:\/\/www.eren.ch\/neuchatel\/wp-content\/uploads\/sites\/3\/2022\/04\/conferences-visites-reouverture-collegiale-2022-2-1082x1536.jpg 1082w, https:\/\/www.eren.ch\/neuchatel\/wp-content\/uploads\/sites\/3\/2022\/04\/conferences-visites-reouverture-collegiale-2022-2-1200x1703.jpg 1200w, https:\/\/www.eren.ch\/neuchatel\/wp-content\/uploads\/sites\/3\/2022\/04\/conferences-visites-reouverture-collegiale-2022-2.jpg 1409w\" sizes=\"(max-width: 721px) 85vw, 721px\" \/><\/figure>\n\n\n\n<hr class=\"wp-block-separator\"\/>\n\n\n\n<h2 class=\"wp-block-heading\">Inauguration de la Coll\u00e9giale restaur\u00e9e<\/h2>\n\n\n\n<figure class=\"wp-block-image size-large\"><img decoding=\"async\" width=\"1024\" height=\"725\" src=\"https:\/\/www.eren.ch\/neuchatel\/wp-content\/uploads\/sites\/3\/2022\/03\/inauguration-collegiale-1024x725.jpg\" alt=\"Inauguration apr\u00e8s restauration: dimanche 1er mai 2022 \u00e0 9h45\" class=\"wp-image-5146\" srcset=\"https:\/\/www.eren.ch\/neuchatel\/wp-content\/uploads\/sites\/3\/2022\/03\/inauguration-collegiale-1024x725.jpg 1024w, https:\/\/www.eren.ch\/neuchatel\/wp-content\/uploads\/sites\/3\/2022\/03\/inauguration-collegiale-300x212.jpg 300w, https:\/\/www.eren.ch\/neuchatel\/wp-content\/uploads\/sites\/3\/2022\/03\/inauguration-collegiale-768x544.jpg 768w, https:\/\/www.eren.ch\/neuchatel\/wp-content\/uploads\/sites\/3\/2022\/03\/inauguration-collegiale-1200x850.jpg 1200w, https:\/\/www.eren.ch\/neuchatel\/wp-content\/uploads\/sites\/3\/2022\/03\/inauguration-collegiale.jpg 1500w\" sizes=\"(max-width: 709px) 85vw, (max-width: 909px) 67vw, (max-width: 1362px) 62vw, 840px\" \/><\/figure>\n\n\n\n<div class=\"wp-block-group\"><div class=\"wp-block-group__inner-container is-layout-flow wp-block-group-is-layout-flow\">\n<p><strong>Dimanche 1er mai:<\/strong><\/p>\n\n\n\n<ul class=\"wp-block-list\"><li>09h45 &#8211; Couper du ruban devant la Coll\u00e9giale<\/li><li>10h00 &#8211; Culte<\/li><li>11h00 &#8211; Allocutions officielles<\/li><li>11h40 &#8211; Ap\u00e9ritif d\u00eenatoire dans le clo\u00eetre<\/li><li>11h45 &#8211; Visites de la Coll\u00e9giale en groupes par les architectes<\/li><\/ul>\n<\/div><\/div>\n\n\n\n<div class=\"wp-block-group\"><div class=\"wp-block-group__inner-container is-layout-flow wp-block-group-is-layout-flow\">\n<div class=\"wp-block-group\"><div class=\"wp-block-group__inner-container is-layout-flow wp-block-group-is-layout-flow\">\n<h2 class=\"wp-block-heading\" id=\"h-culte-en-eurovision\">Culte en Eurovision<\/h2>\n\n\n\n<p>Dimanche de P\u00e2ques 17 avril \u00e0 10h00, le culte est retransmis de Neuch\u00e2tel dans toute l&rsquo;Europe.<\/p>\n\n\n\n<p>C\u00e9l\u00e9brants: Florian Schubert, pasteur, et Eva Lef\u00e8vre, pasteure stagiaire<br>Organiste: Simon Peguiron<\/p>\n\n\n\n<div class=\"wp-block-buttons is-layout-flex wp-block-buttons-is-layout-flex\">\n<div class=\"wp-block-button aligncenter\"><a class=\"wp-block-button__link\" href=\"https:\/\/www.rts.ch\/play\/tv\/redirect\/detail\/13027080\">(RE)Voir en ligne<\/a><\/div>\n<\/div>\n<\/div><\/div>\n<\/div><\/div>\n\n\n\n<hr class=\"wp-block-separator\"\/>\n\n\n\n<h2 class=\"wp-block-heading\" id=\"h-festival-d-inauguration\">Festival d\u2019inauguration<\/h2>\n\n\n\n<ul class=\"wp-block-list\"><li>Dimanche de P\u00e2ques 17 avril 2022 \u00e0 17h<br><strong>Concert d\u2019ouverture<br><\/strong>Ensemble vocal de la Coll\u00e9giale &#8211; Ensemble Hexacorde<\/li><li>Lundi de P\u00e2ques 18 avril 2022 \u00e0 17h<br><strong>\u00c9quinoxe &#8211; Oratorio de P\u00e2ques<br><\/strong>Ch\u0153ur de la Cit\u00e9, Lausanne &#8211; Renaud Bouvier, direction<\/li><li>Mercredi 20 avril 2022 \u00e0 20h<br><strong>Po\u00e8mes symphoniques<br><\/strong>Simon Peguiron, orgue<\/li><li>Vendredi 22 avril 2022 \u00e0 20h<br><strong>Les cuivres en f\u00eate<br><\/strong>Quintette Opus 5, Fribourg<\/li><li>Samedi 23 avril 2022 d\u00e8s 16h<br><strong>Inauguration de l\u2019orgue Walcker restaur\u00e9<br><\/strong>S. Peguiron, Guy Bovet<\/li><li>Dimanche 24 avril 2022 \u00e0 17h<br><strong>Concert de Cl\u00f4ture<br><\/strong>Le Moment baroque<\/li><\/ul>\n\n\n\n<div class=\"wp-block-image\"><figure class=\"aligncenter size-full\"><img decoding=\"async\" width=\"1280\" height=\"853\" src=\"https:\/\/www.eren.ch\/neuchatel\/wp-content\/uploads\/sites\/3\/2022\/03\/collegiale.jpg\" alt=\"Coll\u00e9giale de Neuch\u00e2tel avant r\u00e9novation.\" class=\"wp-image-5138\" srcset=\"https:\/\/www.eren.ch\/neuchatel\/wp-content\/uploads\/sites\/3\/2022\/03\/collegiale.jpg 1280w, https:\/\/www.eren.ch\/neuchatel\/wp-content\/uploads\/sites\/3\/2022\/03\/collegiale-300x200.jpg 300w, https:\/\/www.eren.ch\/neuchatel\/wp-content\/uploads\/sites\/3\/2022\/03\/collegiale-1024x682.jpg 1024w, https:\/\/www.eren.ch\/neuchatel\/wp-content\/uploads\/sites\/3\/2022\/03\/collegiale-768x512.jpg 768w, https:\/\/www.eren.ch\/neuchatel\/wp-content\/uploads\/sites\/3\/2022\/03\/collegiale-1200x800.jpg 1200w\" sizes=\"(max-width: 709px) 85vw, (max-width: 909px) 67vw, (max-width: 1362px) 62vw, 840px\" \/><figcaption>La coll\u00e9giale de Neuch\u00e2tel avant r\u00e9novation<br>(photo: Ikiwaner CC by-sa)<\/figcaption><\/figure><\/div>\n","protected":false},"excerpt":{"rendered":"<p>Cycle de conf\u00e9rences et de visites \u00abLa r\u00e9ouverture de la Coll\u00e9giale en 2022\u00bb Les conf\u00e9rences ont lieu dans la Coll\u00e9giale ou dans la Maison Saint-Guillaume. Jeudi 5 mai, 19h-20h30 (conf\u00e9rence, puis ap\u00e9ritif d\u00eenatoire)L&rsquo;histoire de la coll\u00e9giale, tout un chapitreGr\u00e9goire Oguey, historien et archivisteArnaud Besson, historien Mardi 10 mai, 12h15-13h30 (conf\u00e9rence-sandwich)Succession houleuse pour les Neuch\u00e2tel : &hellip; <a href=\"https:\/\/www.eren.ch\/neuchatel\/paroisse\/lieux-de-vie\/sud\/collegiale-2022\/\" class=\"more-link\">Continuer la lecture<span class=\"screen-reader-text\"> de &laquo;&nbsp;Coll\u00e9giale restaur\u00e9e&nbsp;&raquo;<\/span><\/a><\/p>\n","protected":false},"author":31,"featured_media":0,"parent":10,"menu_order":0,"comment_status":"closed","ping_status":"closed","template":"","meta":{"footnotes":""},"class_list":["post-5137","page","type-page","status-publish","hentry"],"yoast_head":"<!-- This site is optimized with the Yoast SEO Premium plugin v27.6 (Yoast SEO v27.6) - https:\/\/yoast.com\/product\/yoast-seo-premium-wordpress\/ -->\n<title>Coll\u00e9giale restaur\u00e9e - Paroisse de Neuch\u00e2tel<\/title>\n<meta name=\"description\" content=\"Cycle de conf\u00e9rences et de visites \u00abLa r\u00e9ouverture de la Coll\u00e9giale en 2022\u00bb Les conf\u00e9rences ont lieu dans la Coll\u00e9giale ou dans la Maison\" \/>\n<meta name=\"robots\" content=\"index, follow, max-snippet:-1, max-image-preview:large, max-video-preview:-1\" \/>\n<link rel=\"canonical\" href=\"https:\/\/www.eren.ch\/neuchatel\/paroisse\/lieux-de-vie\/sud\/collegiale-2022\/\" \/>\n<meta property=\"og:locale\" content=\"fr_FR\" \/>\n<meta property=\"og:type\" content=\"article\" \/>\n<meta property=\"og:title\" content=\"Coll\u00e9giale restaur\u00e9e\" \/>\n<meta property=\"og:description\" content=\"Cycle de conf\u00e9rences et de visites \u00abLa r\u00e9ouverture de la Coll\u00e9giale en 2022\u00bb Les conf\u00e9rences ont lieu dans la Coll\u00e9giale ou dans la Maison\" \/>\n<meta property=\"og:url\" content=\"https:\/\/www.eren.ch\/neuchatel\/paroisse\/lieux-de-vie\/sud\/collegiale-2022\/\" \/>\n<meta property=\"og:site_name\" content=\"Paroisse de Neuch\u00e2tel\" \/>\n<meta property=\"article:publisher\" content=\"https:\/\/www.facebook.com\/eglise.EREN\" \/>\n<meta property=\"article:modified_time\" content=\"2023-08-17T08:41:32+00:00\" \/>\n<meta property=\"og:image\" content=\"https:\/\/www.eren.ch\/neuchatel\/wp-content\/uploads\/sites\/3\/2022\/04\/conferences-visites-reouverture-collegiale-2022-2-721x1024.jpg\" \/>\n<meta name=\"twitter:card\" content=\"summary_large_image\" \/>\n<meta name=\"twitter:site\" content=\"@egliseeren\" \/>\n<meta name=\"twitter:label1\" content=\"Dur\u00e9e de lecture estim\u00e9e\" \/>\n\t<meta name=\"twitter:data1\" content=\"3 minutes\" \/>\n<script type=\"application\/ld+json\" class=\"yoast-schema-graph\">{\"@context\":\"https:\\\/\\\/schema.org\",\"@graph\":[{\"@type\":\"WebPage\",\"@id\":\"https:\\\/\\\/www.eren.ch\\\/neuchatel\\\/paroisse\\\/lieux-de-vie\\\/sud\\\/collegiale-2022\\\/\",\"url\":\"https:\\\/\\\/www.eren.ch\\\/neuchatel\\\/paroisse\\\/lieux-de-vie\\\/sud\\\/collegiale-2022\\\/\",\"name\":\"Coll\u00e9giale restaur\u00e9e - Paroisse de Neuch\u00e2tel\",\"isPartOf\":{\"@id\":\"https:\\\/\\\/www.eren.ch\\\/neuchatel\\\/#website\"},\"primaryImageOfPage\":{\"@id\":\"https:\\\/\\\/www.eren.ch\\\/neuchatel\\\/paroisse\\\/lieux-de-vie\\\/sud\\\/collegiale-2022\\\/#primaryimage\"},\"image\":{\"@id\":\"https:\\\/\\\/www.eren.ch\\\/neuchatel\\\/paroisse\\\/lieux-de-vie\\\/sud\\\/collegiale-2022\\\/#primaryimage\"},\"thumbnailUrl\":\"https:\\\/\\\/www.eren.ch\\\/neuchatel\\\/wp-content\\\/uploads\\\/sites\\\/3\\\/2022\\\/04\\\/conferences-visites-reouverture-collegiale-2022-2-721x1024.jpg\",\"datePublished\":\"2022-03-17T14:46:59+00:00\",\"dateModified\":\"2023-08-17T08:41:32+00:00\",\"description\":\"Cycle de conf\u00e9rences et de visites \u00abLa r\u00e9ouverture de la Coll\u00e9giale en 2022\u00bb Les conf\u00e9rences ont lieu dans la Coll\u00e9giale ou dans la Maison\",\"breadcrumb\":{\"@id\":\"https:\\\/\\\/www.eren.ch\\\/neuchatel\\\/paroisse\\\/lieux-de-vie\\\/sud\\\/collegiale-2022\\\/#breadcrumb\"},\"inLanguage\":\"fr-FR\",\"potentialAction\":[{\"@type\":\"ReadAction\",\"target\":[\"https:\\\/\\\/www.eren.ch\\\/neuchatel\\\/paroisse\\\/lieux-de-vie\\\/sud\\\/collegiale-2022\\\/\"]}]},{\"@type\":\"ImageObject\",\"inLanguage\":\"fr-FR\",\"@id\":\"https:\\\/\\\/www.eren.ch\\\/neuchatel\\\/paroisse\\\/lieux-de-vie\\\/sud\\\/collegiale-2022\\\/#primaryimage\",\"url\":\"https:\\\/\\\/www.eren.ch\\\/neuchatel\\\/wp-content\\\/uploads\\\/sites\\\/3\\\/2022\\\/04\\\/conferences-visites-reouverture-collegiale-2022-2.jpg\",\"contentUrl\":\"https:\\\/\\\/www.eren.ch\\\/neuchatel\\\/wp-content\\\/uploads\\\/sites\\\/3\\\/2022\\\/04\\\/conferences-visites-reouverture-collegiale-2022-2.jpg\",\"width\":1409,\"height\":2000},{\"@type\":\"BreadcrumbList\",\"@id\":\"https:\\\/\\\/www.eren.ch\\\/neuchatel\\\/paroisse\\\/lieux-de-vie\\\/sud\\\/collegiale-2022\\\/#breadcrumb\",\"itemListElement\":[{\"@type\":\"ListItem\",\"position\":1,\"name\":\"Accueil\",\"item\":\"https:\\\/\\\/www.eren.ch\\\/neuchatel\\\/\"},{\"@type\":\"ListItem\",\"position\":2,\"name\":\"La paroisse\",\"item\":\"https:\\\/\\\/www.eren.ch\\\/neuchatel\\\/\"},{\"@type\":\"ListItem\",\"position\":3,\"name\":\"Lieux de vie\",\"item\":\"https:\\\/\\\/www.eren.ch\\\/neuchatel\\\/paroisse\\\/lieux-de-vie\\\/\"},{\"@type\":\"ListItem\",\"position\":4,\"name\":\"Lieu de vie Sud\",\"item\":\"https:\\\/\\\/www.eren.ch\\\/neuchatel\\\/paroisse\\\/lieux-de-vie\\\/sud\\\/\"},{\"@type\":\"ListItem\",\"position\":5,\"name\":\"Coll\u00e9giale restaur\u00e9e\"}]},{\"@type\":\"WebSite\",\"@id\":\"https:\\\/\\\/www.eren.ch\\\/neuchatel\\\/#website\",\"url\":\"https:\\\/\\\/www.eren.ch\\\/neuchatel\\\/\",\"name\":\"Paroisse de Neuch\u00e2tel\",\"description\":\"La pr\u00e9sence protestante reconnue en ville de Neuch\u00e2tel\",\"publisher\":{\"@id\":\"https:\\\/\\\/www.eren.ch\\\/neuchatel\\\/#organization\"},\"potentialAction\":[{\"@type\":\"SearchAction\",\"target\":{\"@type\":\"EntryPoint\",\"urlTemplate\":\"https:\\\/\\\/www.eren.ch\\\/neuchatel\\\/?s={search_term_string}\"},\"query-input\":{\"@type\":\"PropertyValueSpecification\",\"valueRequired\":true,\"valueName\":\"search_term_string\"}}],\"inLanguage\":\"fr-FR\"},{\"@type\":\"Organization\",\"@id\":\"https:\\\/\\\/www.eren.ch\\\/neuchatel\\\/#organization\",\"name\":\"Paroisse de Neuch\u00e2tel\",\"url\":\"https:\\\/\\\/www.eren.ch\\\/neuchatel\\\/\",\"logo\":{\"@type\":\"ImageObject\",\"inLanguage\":\"fr-FR\",\"@id\":\"https:\\\/\\\/www.eren.ch\\\/neuchatel\\\/#\\\/schema\\\/logo\\\/image\\\/\",\"url\":\"https:\\\/\\\/www.eren.ch\\\/neuchatel\\\/wp-content\\\/uploads\\\/sites\\\/3\\\/2020\\\/12\\\/logo-neuchatel.png\",\"contentUrl\":\"https:\\\/\\\/www.eren.ch\\\/neuchatel\\\/wp-content\\\/uploads\\\/sites\\\/3\\\/2020\\\/12\\\/logo-neuchatel.png\",\"width\":240,\"height\":117,\"caption\":\"Paroisse de Neuch\u00e2tel\"},\"image\":{\"@id\":\"https:\\\/\\\/www.eren.ch\\\/neuchatel\\\/#\\\/schema\\\/logo\\\/image\\\/\"},\"sameAs\":[\"https:\\\/\\\/www.facebook.com\\\/eglise.EREN\",\"https:\\\/\\\/x.com\\\/egliseeren\",\"https:\\\/\\\/fr.wikipedia.org\\\/wiki\\\/glise_rforme_vanglique_du_canton_de_Neuchtel\"]}]}<\/script>\n<!-- \/ Yoast SEO Premium plugin. -->","yoast_head_json":{"title":"Coll\u00e9giale restaur\u00e9e - Paroisse de Neuch\u00e2tel","description":"Cycle de conf\u00e9rences et de visites \u00abLa r\u00e9ouverture de la Coll\u00e9giale en 2022\u00bb Les conf\u00e9rences ont lieu dans la Coll\u00e9giale ou dans la Maison","robots":{"index":"index","follow":"follow","max-snippet":"max-snippet:-1","max-image-preview":"max-image-preview:large","max-video-preview":"max-video-preview:-1"},"canonical":"https:\/\/www.eren.ch\/neuchatel\/paroisse\/lieux-de-vie\/sud\/collegiale-2022\/","og_locale":"fr_FR","og_type":"article","og_title":"Coll\u00e9giale restaur\u00e9e","og_description":"Cycle de conf\u00e9rences et de visites \u00abLa r\u00e9ouverture de la Coll\u00e9giale en 2022\u00bb Les conf\u00e9rences ont lieu dans la Coll\u00e9giale ou dans la Maison","og_url":"https:\/\/www.eren.ch\/neuchatel\/paroisse\/lieux-de-vie\/sud\/collegiale-2022\/","og_site_name":"Paroisse de Neuch\u00e2tel","article_publisher":"https:\/\/www.facebook.com\/eglise.EREN","article_modified_time":"2023-08-17T08:41:32+00:00","og_image":[{"url":"https:\/\/www.eren.ch\/neuchatel\/wp-content\/uploads\/sites\/3\/2022\/04\/conferences-visites-reouverture-collegiale-2022-2-721x1024.jpg","type":"","width":"","height":""}],"twitter_card":"summary_large_image","twitter_site":"@egliseeren","twitter_misc":{"Dur\u00e9e de lecture estim\u00e9e":"3 minutes"},"schema":{"@context":"https:\/\/schema.org","@graph":[{"@type":"WebPage","@id":"https:\/\/www.eren.ch\/neuchatel\/paroisse\/lieux-de-vie\/sud\/collegiale-2022\/","url":"https:\/\/www.eren.ch\/neuchatel\/paroisse\/lieux-de-vie\/sud\/collegiale-2022\/","name":"Coll\u00e9giale restaur\u00e9e - Paroisse de Neuch\u00e2tel","isPartOf":{"@id":"https:\/\/www.eren.ch\/neuchatel\/#website"},"primaryImageOfPage":{"@id":"https:\/\/www.eren.ch\/neuchatel\/paroisse\/lieux-de-vie\/sud\/collegiale-2022\/#primaryimage"},"image":{"@id":"https:\/\/www.eren.ch\/neuchatel\/paroisse\/lieux-de-vie\/sud\/collegiale-2022\/#primaryimage"},"thumbnailUrl":"https:\/\/www.eren.ch\/neuchatel\/wp-content\/uploads\/sites\/3\/2022\/04\/conferences-visites-reouverture-collegiale-2022-2-721x1024.jpg","datePublished":"2022-03-17T14:46:59+00:00","dateModified":"2023-08-17T08:41:32+00:00","description":"Cycle de conf\u00e9rences et de visites \u00abLa r\u00e9ouverture de la Coll\u00e9giale en 2022\u00bb Les conf\u00e9rences ont lieu dans la Coll\u00e9giale ou dans la Maison","breadcrumb":{"@id":"https:\/\/www.eren.ch\/neuchatel\/paroisse\/lieux-de-vie\/sud\/collegiale-2022\/#breadcrumb"},"inLanguage":"fr-FR","potentialAction":[{"@type":"ReadAction","target":["https:\/\/www.eren.ch\/neuchatel\/paroisse\/lieux-de-vie\/sud\/collegiale-2022\/"]}]},{"@type":"ImageObject","inLanguage":"fr-FR","@id":"https:\/\/www.eren.ch\/neuchatel\/paroisse\/lieux-de-vie\/sud\/collegiale-2022\/#primaryimage","url":"https:\/\/www.eren.ch\/neuchatel\/wp-content\/uploads\/sites\/3\/2022\/04\/conferences-visites-reouverture-collegiale-2022-2.jpg","contentUrl":"https:\/\/www.eren.ch\/neuchatel\/wp-content\/uploads\/sites\/3\/2022\/04\/conferences-visites-reouverture-collegiale-2022-2.jpg","width":1409,"height":2000},{"@type":"BreadcrumbList","@id":"https:\/\/www.eren.ch\/neuchatel\/paroisse\/lieux-de-vie\/sud\/collegiale-2022\/#breadcrumb","itemListElement":[{"@type":"ListItem","position":1,"name":"Accueil","item":"https:\/\/www.eren.ch\/neuchatel\/"},{"@type":"ListItem","position":2,"name":"La paroisse","item":"https:\/\/www.eren.ch\/neuchatel\/"},{"@type":"ListItem","position":3,"name":"Lieux de vie","item":"https:\/\/www.eren.ch\/neuchatel\/paroisse\/lieux-de-vie\/"},{"@type":"ListItem","position":4,"name":"Lieu de vie Sud","item":"https:\/\/www.eren.ch\/neuchatel\/paroisse\/lieux-de-vie\/sud\/"},{"@type":"ListItem","position":5,"name":"Coll\u00e9giale restaur\u00e9e"}]},{"@type":"WebSite","@id":"https:\/\/www.eren.ch\/neuchatel\/#website","url":"https:\/\/www.eren.ch\/neuchatel\/","name":"Paroisse de Neuch\u00e2tel","description":"La pr\u00e9sence protestante reconnue en ville de Neuch\u00e2tel","publisher":{"@id":"https:\/\/www.eren.ch\/neuchatel\/#organization"},"potentialAction":[{"@type":"SearchAction","target":{"@type":"EntryPoint","urlTemplate":"https:\/\/www.eren.ch\/neuchatel\/?s={search_term_string}"},"query-input":{"@type":"PropertyValueSpecification","valueRequired":true,"valueName":"search_term_string"}}],"inLanguage":"fr-FR"},{"@type":"Organization","@id":"https:\/\/www.eren.ch\/neuchatel\/#organization","name":"Paroisse de Neuch\u00e2tel","url":"https:\/\/www.eren.ch\/neuchatel\/","logo":{"@type":"ImageObject","inLanguage":"fr-FR","@id":"https:\/\/www.eren.ch\/neuchatel\/#\/schema\/logo\/image\/","url":"https:\/\/www.eren.ch\/neuchatel\/wp-content\/uploads\/sites\/3\/2020\/12\/logo-neuchatel.png","contentUrl":"https:\/\/www.eren.ch\/neuchatel\/wp-content\/uploads\/sites\/3\/2020\/12\/logo-neuchatel.png","width":240,"height":117,"caption":"Paroisse de Neuch\u00e2tel"},"image":{"@id":"https:\/\/www.eren.ch\/neuchatel\/#\/schema\/logo\/image\/"},"sameAs":["https:\/\/www.facebook.com\/eglise.EREN","https:\/\/x.com\/egliseeren","https:\/\/fr.wikipedia.org\/wiki\/glise_rforme_vanglique_du_canton_de_Neuchtel"]}]}},"_links":{"self":[{"href":"https:\/\/www.eren.ch\/neuchatel\/wp-json\/wp\/v2\/pages\/5137","targetHints":{"allow":["GET"]}}],"collection":[{"href":"https:\/\/www.eren.ch\/neuchatel\/wp-json\/wp\/v2\/pages"}],"about":[{"href":"https:\/\/www.eren.ch\/neuchatel\/wp-json\/wp\/v2\/types\/page"}],"author":[{"embeddable":true,"href":"https:\/\/www.eren.ch\/neuchatel\/wp-json\/wp\/v2\/users\/31"}],"replies":[{"embeddable":true,"href":"https:\/\/www.eren.ch\/neuchatel\/wp-json\/wp\/v2\/comments?post=5137"}],"version-history":[{"count":5,"href":"https:\/\/www.eren.ch\/neuchatel\/wp-json\/wp\/v2\/pages\/5137\/revisions"}],"predecessor-version":[{"id":5234,"href":"https:\/\/www.eren.ch\/neuchatel\/wp-json\/wp\/v2\/pages\/5137\/revisions\/5234"}],"up":[{"embeddable":true,"href":"https:\/\/www.eren.ch\/neuchatel\/wp-json\/wp\/v2\/pages\/10"}],"wp:attachment":[{"href":"https:\/\/www.eren.ch\/neuchatel\/wp-json\/wp\/v2\/media?parent=5137"}],"curies":[{"name":"wp","href":"https:\/\/api.w.org\/{rel}","templated":true}]}}