{"id":5532,"date":"2022-10-04T10:05:02","date_gmt":"2022-10-04T08:05:02","guid":{"rendered":"https:\/\/www.eren.ch\/neuchatel\/?page_id=5532"},"modified":"2025-12-09T12:44:21","modified_gmt":"2025-12-09T11:44:21","slug":"rendez-vous-amitie","status":"publish","type":"page","link":"https:\/\/www.eren.ch\/neuchatel\/convivialite\/rendez-vous-amitie\/","title":{"rendered":"Rendez-vous de l&rsquo;Amiti\u00e9"},"content":{"rendered":"\n<p>Le mercredi de 14h00 \u00e0 environ 16h30, conf\u00e9rences pr\u00e9c\u00e9d\u00e9es d\u2019une m\u00e9ditation<br>Au <a href=\"https:\/\/www.eren.ch\/neuchatel\/culture\/patrimoine-architectural\/centre-paroissial-valangines\/\">Centre Paroissial aux Valangines<\/a> (Salle bleue),<br>Avenue des Alpes 18, 2000 Neuch\u00e2tel (Bus 108, arr\u00eat Temple des Valangines)<\/p>\n\n\n\n<p>Cordiale bienvenue \u00e0 chacune et chacun, entr\u00e9e libre, sans inscription !<\/p>\n\n\n\n<h2 class=\"wp-block-heading\" id=\"h-programme-des-rencontres\">Programme des rencontres<\/h2>\n\n\n\n<figure class=\"wp-block-table\"><table><tbody><tr><td>Mercredi 14 janvier 2026<\/td><td>Delphine COLLAUD<br>Le chemin, les chemins<\/td><\/tr><tr><td>Mercredi 18 f\u00e9vrier 2026<\/td><td>Adrien BRIDEL<br>Les aventures de Jean Calvin en Am\u00e9rique deuxi\u00e8me partie: des Lumi\u00e8res \u00e0 nos jours<\/td><\/tr><tr><td>Mercredi 18 mars 2026<\/td><td>\u00c9lisabeth REICHEN<br>Sur les traces des cathares<\/td><\/tr><tr><td>Mercredi 22 avril 2026<\/td><td>Marc BRIDEL<br>Vadian et la R\u00e9formation \u00e0 Saint-Gall<\/td><\/tr><tr><td>Mercredi 20 mai 2026<\/td><td>Pierre de SALIS<br>Sur les traces de L\u00e9o Ch\u00e2telain, de la Coll\u00e9giale au bord du lac<\/td><\/tr><tr><td>Mercredi 17 juin 2026 \u00e0 midi<br>repas de fin de saison<br>(inscription jusqu&rsquo;au 15)<\/td><td>H\u00e9l\u00e8ne GUGGISBERG, les conteuses du Vully &amp; Anne KAUFMANN<\/td><\/tr><tr><td>Mercredi 9 septembre 2026<\/td><td> Jean-Luc GAUCHAT<\/td><\/tr><\/tbody><\/table><\/figure>\n\n\n\n<h2 class=\"wp-block-heading\" id=\"h-contac-t\"><strong>Contac<\/strong>t<\/h2>\n\n\n\n<p>Fran\u00e7oise MORIER <br>061 691 99 67<br><a href=\"mailto:francoise_morier55@hotmail.com\">francoise_morier55@hotmail.com<\/a><\/p>\n","protected":false},"excerpt":{"rendered":"<p>Le mercredi de 14h00 \u00e0 environ 16h30, conf\u00e9rences pr\u00e9c\u00e9d\u00e9es d\u2019une m\u00e9ditationAu Centre Paroissial aux Valangines (Salle bleue),Avenue des Alpes 18, 2000 Neuch\u00e2tel (Bus 108, arr\u00eat Temple des Valangines) Cordiale bienvenue \u00e0 chacune et chacun, entr\u00e9e libre, sans inscription ! Programme des rencontres Mercredi 14 janvier 2026 Delphine COLLAUDLe chemin, les chemins Mercredi 18 f\u00e9vrier 2026 &hellip; <a href=\"https:\/\/www.eren.ch\/neuchatel\/convivialite\/rendez-vous-amitie\/\" class=\"more-link\">Continuer la lecture<span class=\"screen-reader-text\"> de &laquo;&nbsp;Rendez-vous de l&rsquo;Amiti\u00e9&nbsp;&raquo;<\/span><\/a><\/p>\n","protected":false},"author":31,"featured_media":5534,"parent":135,"menu_order":0,"comment_status":"closed","ping_status":"closed","template":"","meta":{"footnotes":""},"class_list":["post-5532","page","type-page","status-publish","has-post-thumbnail","hentry"],"yoast_head":"<!-- This site is optimized with the Yoast SEO Premium plugin v27.3 (Yoast SEO v27.3) - https:\/\/yoast.com\/product\/yoast-seo-premium-wordpress\/ -->\n<title>Rendez-vous de l&#039;Amiti\u00e9 - Paroisse de Neuch\u00e2tel<\/title>\n<meta name=\"description\" content=\"Le mercredi de 14h00 \u00e0 environ 16h30, conf\u00e9rences pr\u00e9c\u00e9d\u00e9es d\u2019une m\u00e9ditationAu Centre Paroissial aux Valangines (Salle bleue),Avenue des Alpes 18, 2000\" \/>\n<meta name=\"robots\" content=\"index, follow, max-snippet:-1, max-image-preview:large, max-video-preview:-1\" \/>\n<link rel=\"canonical\" href=\"https:\/\/www.eren.ch\/neuchatel\/convivialite\/rendez-vous-amitie\/\" \/>\n<meta property=\"og:locale\" content=\"fr_FR\" \/>\n<meta property=\"og:type\" content=\"article\" \/>\n<meta property=\"og:title\" content=\"Rendez-vous de l&#039;Amiti\u00e9\" \/>\n<meta property=\"og:description\" content=\"Le mercredi de 14h00 \u00e0 environ 16h30, conf\u00e9rences pr\u00e9c\u00e9d\u00e9es d\u2019une m\u00e9ditationAu Centre Paroissial aux Valangines (Salle bleue),Avenue des Alpes 18, 2000\" \/>\n<meta property=\"og:url\" content=\"https:\/\/www.eren.ch\/neuchatel\/convivialite\/rendez-vous-amitie\/\" \/>\n<meta property=\"og:site_name\" content=\"Paroisse de Neuch\u00e2tel\" \/>\n<meta property=\"article:publisher\" content=\"https:\/\/www.facebook.com\/eglise.EREN\" \/>\n<meta property=\"article:modified_time\" content=\"2025-12-09T11:44:21+00:00\" \/>\n<meta property=\"og:image\" content=\"https:\/\/www.eren.ch\/neuchatel\/wp-content\/uploads\/sites\/3\/2022\/10\/heart-g30ea95670_1920.jpg\" \/>\n\t<meta property=\"og:image:width\" content=\"1920\" \/>\n\t<meta property=\"og:image:height\" content=\"1338\" \/>\n\t<meta property=\"og:image:type\" content=\"image\/jpeg\" \/>\n<meta name=\"twitter:card\" content=\"summary_large_image\" \/>\n<meta name=\"twitter:site\" content=\"@egliseeren\" \/>\n<meta name=\"twitter:label1\" content=\"Dur\u00e9e de lecture estim\u00e9e\" \/>\n\t<meta name=\"twitter:data1\" content=\"1 minute\" \/>\n<script type=\"application\/ld+json\" class=\"yoast-schema-graph\">{\"@context\":\"https:\\\/\\\/schema.org\",\"@graph\":[{\"@type\":\"WebPage\",\"@id\":\"https:\\\/\\\/www.eren.ch\\\/neuchatel\\\/convivialite\\\/rendez-vous-amitie\\\/\",\"url\":\"https:\\\/\\\/www.eren.ch\\\/neuchatel\\\/convivialite\\\/rendez-vous-amitie\\\/\",\"name\":\"Rendez-vous de l'Amiti\u00e9 - Paroisse de Neuch\u00e2tel\",\"isPartOf\":{\"@id\":\"https:\\\/\\\/www.eren.ch\\\/neuchatel\\\/#website\"},\"primaryImageOfPage\":{\"@id\":\"https:\\\/\\\/www.eren.ch\\\/neuchatel\\\/convivialite\\\/rendez-vous-amitie\\\/#primaryimage\"},\"image\":{\"@id\":\"https:\\\/\\\/www.eren.ch\\\/neuchatel\\\/convivialite\\\/rendez-vous-amitie\\\/#primaryimage\"},\"thumbnailUrl\":\"https:\\\/\\\/www.eren.ch\\\/neuchatel\\\/wp-content\\\/uploads\\\/sites\\\/3\\\/2022\\\/10\\\/heart-g30ea95670_1920.jpg\",\"datePublished\":\"2022-10-04T08:05:02+00:00\",\"dateModified\":\"2025-12-09T11:44:21+00:00\",\"description\":\"Le mercredi de 14h00 \u00e0 environ 16h30, conf\u00e9rences pr\u00e9c\u00e9d\u00e9es d\u2019une m\u00e9ditationAu Centre Paroissial aux Valangines (Salle bleue),Avenue des Alpes 18, 2000\",\"breadcrumb\":{\"@id\":\"https:\\\/\\\/www.eren.ch\\\/neuchatel\\\/convivialite\\\/rendez-vous-amitie\\\/#breadcrumb\"},\"inLanguage\":\"fr-FR\",\"potentialAction\":[{\"@type\":\"ReadAction\",\"target\":[\"https:\\\/\\\/www.eren.ch\\\/neuchatel\\\/convivialite\\\/rendez-vous-amitie\\\/\"]}]},{\"@type\":\"ImageObject\",\"inLanguage\":\"fr-FR\",\"@id\":\"https:\\\/\\\/www.eren.ch\\\/neuchatel\\\/convivialite\\\/rendez-vous-amitie\\\/#primaryimage\",\"url\":\"https:\\\/\\\/www.eren.ch\\\/neuchatel\\\/wp-content\\\/uploads\\\/sites\\\/3\\\/2022\\\/10\\\/heart-g30ea95670_1920.jpg\",\"contentUrl\":\"https:\\\/\\\/www.eren.ch\\\/neuchatel\\\/wp-content\\\/uploads\\\/sites\\\/3\\\/2022\\\/10\\\/heart-g30ea95670_1920.jpg\",\"width\":1920,\"height\":1338},{\"@type\":\"BreadcrumbList\",\"@id\":\"https:\\\/\\\/www.eren.ch\\\/neuchatel\\\/convivialite\\\/rendez-vous-amitie\\\/#breadcrumb\",\"itemListElement\":[{\"@type\":\"ListItem\",\"position\":1,\"name\":\"Accueil\",\"item\":\"https:\\\/\\\/www.eren.ch\\\/neuchatel\\\/\"},{\"@type\":\"ListItem\",\"position\":2,\"name\":\"Convivialit\u00e9\",\"item\":\"https:\\\/\\\/www.eren.ch\\\/neuchatel\\\/convivialite\\\/\"},{\"@type\":\"ListItem\",\"position\":3,\"name\":\"Rendez-vous de l&rsquo;Amiti\u00e9\"}]},{\"@type\":\"WebSite\",\"@id\":\"https:\\\/\\\/www.eren.ch\\\/neuchatel\\\/#website\",\"url\":\"https:\\\/\\\/www.eren.ch\\\/neuchatel\\\/\",\"name\":\"Paroisse de Neuch\u00e2tel\",\"description\":\"La pr\u00e9sence protestante reconnue en ville de Neuch\u00e2tel\",\"publisher\":{\"@id\":\"https:\\\/\\\/www.eren.ch\\\/neuchatel\\\/#organization\"},\"potentialAction\":[{\"@type\":\"SearchAction\",\"target\":{\"@type\":\"EntryPoint\",\"urlTemplate\":\"https:\\\/\\\/www.eren.ch\\\/neuchatel\\\/?s={search_term_string}\"},\"query-input\":{\"@type\":\"PropertyValueSpecification\",\"valueRequired\":true,\"valueName\":\"search_term_string\"}}],\"inLanguage\":\"fr-FR\"},{\"@type\":\"Organization\",\"@id\":\"https:\\\/\\\/www.eren.ch\\\/neuchatel\\\/#organization\",\"name\":\"Paroisse de Neuch\u00e2tel\",\"url\":\"https:\\\/\\\/www.eren.ch\\\/neuchatel\\\/\",\"logo\":{\"@type\":\"ImageObject\",\"inLanguage\":\"fr-FR\",\"@id\":\"https:\\\/\\\/www.eren.ch\\\/neuchatel\\\/#\\\/schema\\\/logo\\\/image\\\/\",\"url\":\"https:\\\/\\\/www.eren.ch\\\/neuchatel\\\/wp-content\\\/uploads\\\/sites\\\/3\\\/2020\\\/12\\\/logo-neuchatel.png\",\"contentUrl\":\"https:\\\/\\\/www.eren.ch\\\/neuchatel\\\/wp-content\\\/uploads\\\/sites\\\/3\\\/2020\\\/12\\\/logo-neuchatel.png\",\"width\":240,\"height\":117,\"caption\":\"Paroisse de Neuch\u00e2tel\"},\"image\":{\"@id\":\"https:\\\/\\\/www.eren.ch\\\/neuchatel\\\/#\\\/schema\\\/logo\\\/image\\\/\"},\"sameAs\":[\"https:\\\/\\\/www.facebook.com\\\/eglise.EREN\",\"https:\\\/\\\/x.com\\\/egliseeren\",\"https:\\\/\\\/fr.wikipedia.org\\\/wiki\\\/glise_rforme_vanglique_du_canton_de_Neuchtel\"]}]}<\/script>\n<!-- \/ Yoast SEO Premium plugin. -->","yoast_head_json":{"title":"Rendez-vous de l'Amiti\u00e9 - Paroisse de Neuch\u00e2tel","description":"Le mercredi de 14h00 \u00e0 environ 16h30, conf\u00e9rences pr\u00e9c\u00e9d\u00e9es d\u2019une m\u00e9ditationAu Centre Paroissial aux Valangines (Salle bleue),Avenue des Alpes 18, 2000","robots":{"index":"index","follow":"follow","max-snippet":"max-snippet:-1","max-image-preview":"max-image-preview:large","max-video-preview":"max-video-preview:-1"},"canonical":"https:\/\/www.eren.ch\/neuchatel\/convivialite\/rendez-vous-amitie\/","og_locale":"fr_FR","og_type":"article","og_title":"Rendez-vous de l'Amiti\u00e9","og_description":"Le mercredi de 14h00 \u00e0 environ 16h30, conf\u00e9rences pr\u00e9c\u00e9d\u00e9es d\u2019une m\u00e9ditationAu Centre Paroissial aux Valangines (Salle bleue),Avenue des Alpes 18, 2000","og_url":"https:\/\/www.eren.ch\/neuchatel\/convivialite\/rendez-vous-amitie\/","og_site_name":"Paroisse de Neuch\u00e2tel","article_publisher":"https:\/\/www.facebook.com\/eglise.EREN","article_modified_time":"2025-12-09T11:44:21+00:00","og_image":[{"width":1920,"height":1338,"url":"https:\/\/www.eren.ch\/neuchatel\/wp-content\/uploads\/sites\/3\/2022\/10\/heart-g30ea95670_1920.jpg","type":"image\/jpeg"}],"twitter_card":"summary_large_image","twitter_site":"@egliseeren","twitter_misc":{"Dur\u00e9e de lecture estim\u00e9e":"1 minute"},"schema":{"@context":"https:\/\/schema.org","@graph":[{"@type":"WebPage","@id":"https:\/\/www.eren.ch\/neuchatel\/convivialite\/rendez-vous-amitie\/","url":"https:\/\/www.eren.ch\/neuchatel\/convivialite\/rendez-vous-amitie\/","name":"Rendez-vous de l'Amiti\u00e9 - Paroisse de Neuch\u00e2tel","isPartOf":{"@id":"https:\/\/www.eren.ch\/neuchatel\/#website"},"primaryImageOfPage":{"@id":"https:\/\/www.eren.ch\/neuchatel\/convivialite\/rendez-vous-amitie\/#primaryimage"},"image":{"@id":"https:\/\/www.eren.ch\/neuchatel\/convivialite\/rendez-vous-amitie\/#primaryimage"},"thumbnailUrl":"https:\/\/www.eren.ch\/neuchatel\/wp-content\/uploads\/sites\/3\/2022\/10\/heart-g30ea95670_1920.jpg","datePublished":"2022-10-04T08:05:02+00:00","dateModified":"2025-12-09T11:44:21+00:00","description":"Le mercredi de 14h00 \u00e0 environ 16h30, conf\u00e9rences pr\u00e9c\u00e9d\u00e9es d\u2019une m\u00e9ditationAu Centre Paroissial aux Valangines (Salle bleue),Avenue des Alpes 18, 2000","breadcrumb":{"@id":"https:\/\/www.eren.ch\/neuchatel\/convivialite\/rendez-vous-amitie\/#breadcrumb"},"inLanguage":"fr-FR","potentialAction":[{"@type":"ReadAction","target":["https:\/\/www.eren.ch\/neuchatel\/convivialite\/rendez-vous-amitie\/"]}]},{"@type":"ImageObject","inLanguage":"fr-FR","@id":"https:\/\/www.eren.ch\/neuchatel\/convivialite\/rendez-vous-amitie\/#primaryimage","url":"https:\/\/www.eren.ch\/neuchatel\/wp-content\/uploads\/sites\/3\/2022\/10\/heart-g30ea95670_1920.jpg","contentUrl":"https:\/\/www.eren.ch\/neuchatel\/wp-content\/uploads\/sites\/3\/2022\/10\/heart-g30ea95670_1920.jpg","width":1920,"height":1338},{"@type":"BreadcrumbList","@id":"https:\/\/www.eren.ch\/neuchatel\/convivialite\/rendez-vous-amitie\/#breadcrumb","itemListElement":[{"@type":"ListItem","position":1,"name":"Accueil","item":"https:\/\/www.eren.ch\/neuchatel\/"},{"@type":"ListItem","position":2,"name":"Convivialit\u00e9","item":"https:\/\/www.eren.ch\/neuchatel\/convivialite\/"},{"@type":"ListItem","position":3,"name":"Rendez-vous de l&rsquo;Amiti\u00e9"}]},{"@type":"WebSite","@id":"https:\/\/www.eren.ch\/neuchatel\/#website","url":"https:\/\/www.eren.ch\/neuchatel\/","name":"Paroisse de Neuch\u00e2tel","description":"La pr\u00e9sence protestante reconnue en ville de Neuch\u00e2tel","publisher":{"@id":"https:\/\/www.eren.ch\/neuchatel\/#organization"},"potentialAction":[{"@type":"SearchAction","target":{"@type":"EntryPoint","urlTemplate":"https:\/\/www.eren.ch\/neuchatel\/?s={search_term_string}"},"query-input":{"@type":"PropertyValueSpecification","valueRequired":true,"valueName":"search_term_string"}}],"inLanguage":"fr-FR"},{"@type":"Organization","@id":"https:\/\/www.eren.ch\/neuchatel\/#organization","name":"Paroisse de Neuch\u00e2tel","url":"https:\/\/www.eren.ch\/neuchatel\/","logo":{"@type":"ImageObject","inLanguage":"fr-FR","@id":"https:\/\/www.eren.ch\/neuchatel\/#\/schema\/logo\/image\/","url":"https:\/\/www.eren.ch\/neuchatel\/wp-content\/uploads\/sites\/3\/2020\/12\/logo-neuchatel.png","contentUrl":"https:\/\/www.eren.ch\/neuchatel\/wp-content\/uploads\/sites\/3\/2020\/12\/logo-neuchatel.png","width":240,"height":117,"caption":"Paroisse de Neuch\u00e2tel"},"image":{"@id":"https:\/\/www.eren.ch\/neuchatel\/#\/schema\/logo\/image\/"},"sameAs":["https:\/\/www.facebook.com\/eglise.EREN","https:\/\/x.com\/egliseeren","https:\/\/fr.wikipedia.org\/wiki\/glise_rforme_vanglique_du_canton_de_Neuchtel"]}]}},"_links":{"self":[{"href":"https:\/\/www.eren.ch\/neuchatel\/wp-json\/wp\/v2\/pages\/5532","targetHints":{"allow":["GET"]}}],"collection":[{"href":"https:\/\/www.eren.ch\/neuchatel\/wp-json\/wp\/v2\/pages"}],"about":[{"href":"https:\/\/www.eren.ch\/neuchatel\/wp-json\/wp\/v2\/types\/page"}],"author":[{"embeddable":true,"href":"https:\/\/www.eren.ch\/neuchatel\/wp-json\/wp\/v2\/users\/31"}],"replies":[{"embeddable":true,"href":"https:\/\/www.eren.ch\/neuchatel\/wp-json\/wp\/v2\/comments?post=5532"}],"version-history":[{"count":17,"href":"https:\/\/www.eren.ch\/neuchatel\/wp-json\/wp\/v2\/pages\/5532\/revisions"}],"predecessor-version":[{"id":7585,"href":"https:\/\/www.eren.ch\/neuchatel\/wp-json\/wp\/v2\/pages\/5532\/revisions\/7585"}],"up":[{"embeddable":true,"href":"https:\/\/www.eren.ch\/neuchatel\/wp-json\/wp\/v2\/pages\/135"}],"wp:featuredmedia":[{"embeddable":true,"href":"https:\/\/www.eren.ch\/neuchatel\/wp-json\/wp\/v2\/media\/5534"}],"wp:attachment":[{"href":"https:\/\/www.eren.ch\/neuchatel\/wp-json\/wp\/v2\/media?parent=5532"}],"curies":[{"name":"wp","href":"https:\/\/api.w.org\/{rel}","templated":true}]}}