{"id":6316,"date":"2023-09-28T09:07:12","date_gmt":"2023-09-28T07:07:12","guid":{"rendered":"https:\/\/www.eren.ch\/neuchatel\/?page_id=6316"},"modified":"2023-09-28T09:21:35","modified_gmt":"2023-09-28T07:21:35","slug":"salle-pasteurs","status":"publish","type":"page","link":"https:\/\/www.eren.ch\/neuchatel\/location\/salle-pasteurs\/","title":{"rendered":"Salle des Pasteurs"},"content":{"rendered":"<p><strong>La Salle des Pasteurs <\/strong>\u00a0jouxtant la <a href=\"https:\/\/www.eren.ch\/neuchatel\/culture\/patrimoine-architectural\/collegiale\/\">Coll\u00e9giale<\/a> peut accueillir jusqu\u2019\u00e0 cent personnes, l\u2019\u00e9v\u00e9nement ne devant pas se terminer apr\u00e8s 22h30. Une petite <strong>cuisine<\/strong> jouxte la salle. Contact: Marie-H\u00e9l\u00e8ne Jacot, 032 724 43 53, <a href=\"mailto:mhjacot@bluewin.ch\">mhjacot@bluewin.ch<\/a><\/p>\n<p>Salle des Pasteurs<br \/>\nRue de la Coll\u00e9giale 3<br \/>\n2000 Neuch\u00e2tel<\/p>\n<p>&nbsp;<\/p>\n","protected":false},"excerpt":{"rendered":"<p>La Salle des Pasteurs \u00a0jouxtant la Coll\u00e9giale peut accueillir jusqu\u2019\u00e0 cent personnes, l\u2019\u00e9v\u00e9nement ne devant pas se terminer apr\u00e8s 22h30. Une petite cuisine jouxte la salle. Contact: Marie-H\u00e9l\u00e8ne Jacot, 032 724 43 53, mhjacot@bluewin.ch Salle des Pasteurs Rue de la Coll\u00e9giale 3 2000 Neuch\u00e2tel &nbsp;<\/p>\n","protected":false},"author":1,"featured_media":0,"parent":644,"menu_order":60,"comment_status":"closed","ping_status":"closed","template":"","meta":{"footnotes":""},"class_list":["post-6316","page","type-page","status-publish","hentry"],"yoast_head":"<!-- This site is optimized with the Yoast SEO Premium plugin v27.4 (Yoast SEO v27.4) - https:\/\/yoast.com\/product\/yoast-seo-premium-wordpress\/ -->\n<title>Salle des Pasteurs - Paroisse de Neuch\u00e2tel<\/title>\n<meta name=\"description\" content=\"La Salle des Pasteurs \u00a0jouxtant la Coll\u00e9giale peut accueillir jusqu\u2019\u00e0 cent personnes, l\u2019\u00e9v\u00e9nement ne devant pas se terminer apr\u00e8s 22h30. Une petite\" \/>\n<meta name=\"robots\" content=\"index, follow, max-snippet:-1, max-image-preview:large, max-video-preview:-1\" \/>\n<link rel=\"canonical\" href=\"https:\/\/www.eren.ch\/neuchatel\/location\/salle-pasteurs\/\" \/>\n<meta property=\"og:locale\" content=\"fr_FR\" \/>\n<meta property=\"og:type\" content=\"article\" \/>\n<meta property=\"og:title\" content=\"Salle des Pasteurs\" \/>\n<meta property=\"og:description\" content=\"La Salle des Pasteurs \u00a0jouxtant la Coll\u00e9giale peut accueillir jusqu\u2019\u00e0 cent personnes, l\u2019\u00e9v\u00e9nement ne devant pas se terminer apr\u00e8s 22h30. Une petite\" \/>\n<meta property=\"og:url\" content=\"https:\/\/www.eren.ch\/neuchatel\/location\/salle-pasteurs\/\" \/>\n<meta property=\"og:site_name\" content=\"Paroisse de Neuch\u00e2tel\" \/>\n<meta property=\"article:publisher\" content=\"https:\/\/www.facebook.com\/eglise.EREN\" \/>\n<meta property=\"article:modified_time\" content=\"2023-09-28T07:21:35+00:00\" \/>\n<meta name=\"twitter:card\" content=\"summary_large_image\" \/>\n<meta name=\"twitter:site\" content=\"@egliseeren\" \/>\n<meta name=\"twitter:label1\" content=\"Dur\u00e9e de lecture estim\u00e9e\" \/>\n\t<meta name=\"twitter:data1\" content=\"1 minute\" \/>\n<script type=\"application\/ld+json\" class=\"yoast-schema-graph\">{\"@context\":\"https:\\\/\\\/schema.org\",\"@graph\":[{\"@type\":\"WebPage\",\"@id\":\"https:\\\/\\\/www.eren.ch\\\/neuchatel\\\/location\\\/salle-pasteurs\\\/\",\"url\":\"https:\\\/\\\/www.eren.ch\\\/neuchatel\\\/location\\\/salle-pasteurs\\\/\",\"name\":\"Salle des Pasteurs - Paroisse de Neuch\u00e2tel\",\"isPartOf\":{\"@id\":\"https:\\\/\\\/www.eren.ch\\\/neuchatel\\\/#website\"},\"datePublished\":\"2023-09-28T07:07:12+00:00\",\"dateModified\":\"2023-09-28T07:21:35+00:00\",\"description\":\"La Salle des Pasteurs \u00a0jouxtant la Coll\u00e9giale peut accueillir jusqu\u2019\u00e0 cent personnes, l\u2019\u00e9v\u00e9nement ne devant pas se terminer apr\u00e8s 22h30. Une petite\",\"breadcrumb\":{\"@id\":\"https:\\\/\\\/www.eren.ch\\\/neuchatel\\\/location\\\/salle-pasteurs\\\/#breadcrumb\"},\"inLanguage\":\"fr-FR\",\"potentialAction\":[{\"@type\":\"ReadAction\",\"target\":[\"https:\\\/\\\/www.eren.ch\\\/neuchatel\\\/location\\\/salle-pasteurs\\\/\"]}]},{\"@type\":\"BreadcrumbList\",\"@id\":\"https:\\\/\\\/www.eren.ch\\\/neuchatel\\\/location\\\/salle-pasteurs\\\/#breadcrumb\",\"itemListElement\":[{\"@type\":\"ListItem\",\"position\":1,\"name\":\"Accueil\",\"item\":\"https:\\\/\\\/www.eren.ch\\\/neuchatel\\\/\"},{\"@type\":\"ListItem\",\"position\":2,\"name\":\"Location des locaux\",\"item\":\"https:\\\/\\\/www.eren.ch\\\/neuchatel\\\/location\\\/\"},{\"@type\":\"ListItem\",\"position\":3,\"name\":\"Salle des Pasteurs\"}]},{\"@type\":\"WebSite\",\"@id\":\"https:\\\/\\\/www.eren.ch\\\/neuchatel\\\/#website\",\"url\":\"https:\\\/\\\/www.eren.ch\\\/neuchatel\\\/\",\"name\":\"Paroisse de Neuch\u00e2tel\",\"description\":\"La pr\u00e9sence protestante reconnue en ville de Neuch\u00e2tel\",\"publisher\":{\"@id\":\"https:\\\/\\\/www.eren.ch\\\/neuchatel\\\/#organization\"},\"potentialAction\":[{\"@type\":\"SearchAction\",\"target\":{\"@type\":\"EntryPoint\",\"urlTemplate\":\"https:\\\/\\\/www.eren.ch\\\/neuchatel\\\/?s={search_term_string}\"},\"query-input\":{\"@type\":\"PropertyValueSpecification\",\"valueRequired\":true,\"valueName\":\"search_term_string\"}}],\"inLanguage\":\"fr-FR\"},{\"@type\":\"Organization\",\"@id\":\"https:\\\/\\\/www.eren.ch\\\/neuchatel\\\/#organization\",\"name\":\"Paroisse de Neuch\u00e2tel\",\"url\":\"https:\\\/\\\/www.eren.ch\\\/neuchatel\\\/\",\"logo\":{\"@type\":\"ImageObject\",\"inLanguage\":\"fr-FR\",\"@id\":\"https:\\\/\\\/www.eren.ch\\\/neuchatel\\\/#\\\/schema\\\/logo\\\/image\\\/\",\"url\":\"https:\\\/\\\/www.eren.ch\\\/neuchatel\\\/wp-content\\\/uploads\\\/sites\\\/3\\\/2020\\\/12\\\/logo-neuchatel.png\",\"contentUrl\":\"https:\\\/\\\/www.eren.ch\\\/neuchatel\\\/wp-content\\\/uploads\\\/sites\\\/3\\\/2020\\\/12\\\/logo-neuchatel.png\",\"width\":240,\"height\":117,\"caption\":\"Paroisse de Neuch\u00e2tel\"},\"image\":{\"@id\":\"https:\\\/\\\/www.eren.ch\\\/neuchatel\\\/#\\\/schema\\\/logo\\\/image\\\/\"},\"sameAs\":[\"https:\\\/\\\/www.facebook.com\\\/eglise.EREN\",\"https:\\\/\\\/x.com\\\/egliseeren\",\"https:\\\/\\\/fr.wikipedia.org\\\/wiki\\\/glise_rforme_vanglique_du_canton_de_Neuchtel\"]}]}<\/script>\n<!-- \/ Yoast SEO Premium plugin. -->","yoast_head_json":{"title":"Salle des Pasteurs - Paroisse de Neuch\u00e2tel","description":"La Salle des Pasteurs \u00a0jouxtant la Coll\u00e9giale peut accueillir jusqu\u2019\u00e0 cent personnes, l\u2019\u00e9v\u00e9nement ne devant pas se terminer apr\u00e8s 22h30. Une petite","robots":{"index":"index","follow":"follow","max-snippet":"max-snippet:-1","max-image-preview":"max-image-preview:large","max-video-preview":"max-video-preview:-1"},"canonical":"https:\/\/www.eren.ch\/neuchatel\/location\/salle-pasteurs\/","og_locale":"fr_FR","og_type":"article","og_title":"Salle des Pasteurs","og_description":"La Salle des Pasteurs \u00a0jouxtant la Coll\u00e9giale peut accueillir jusqu\u2019\u00e0 cent personnes, l\u2019\u00e9v\u00e9nement ne devant pas se terminer apr\u00e8s 22h30. Une petite","og_url":"https:\/\/www.eren.ch\/neuchatel\/location\/salle-pasteurs\/","og_site_name":"Paroisse de Neuch\u00e2tel","article_publisher":"https:\/\/www.facebook.com\/eglise.EREN","article_modified_time":"2023-09-28T07:21:35+00:00","twitter_card":"summary_large_image","twitter_site":"@egliseeren","twitter_misc":{"Dur\u00e9e de lecture estim\u00e9e":"1 minute"},"schema":{"@context":"https:\/\/schema.org","@graph":[{"@type":"WebPage","@id":"https:\/\/www.eren.ch\/neuchatel\/location\/salle-pasteurs\/","url":"https:\/\/www.eren.ch\/neuchatel\/location\/salle-pasteurs\/","name":"Salle des Pasteurs - Paroisse de Neuch\u00e2tel","isPartOf":{"@id":"https:\/\/www.eren.ch\/neuchatel\/#website"},"datePublished":"2023-09-28T07:07:12+00:00","dateModified":"2023-09-28T07:21:35+00:00","description":"La Salle des Pasteurs \u00a0jouxtant la Coll\u00e9giale peut accueillir jusqu\u2019\u00e0 cent personnes, l\u2019\u00e9v\u00e9nement ne devant pas se terminer apr\u00e8s 22h30. Une petite","breadcrumb":{"@id":"https:\/\/www.eren.ch\/neuchatel\/location\/salle-pasteurs\/#breadcrumb"},"inLanguage":"fr-FR","potentialAction":[{"@type":"ReadAction","target":["https:\/\/www.eren.ch\/neuchatel\/location\/salle-pasteurs\/"]}]},{"@type":"BreadcrumbList","@id":"https:\/\/www.eren.ch\/neuchatel\/location\/salle-pasteurs\/#breadcrumb","itemListElement":[{"@type":"ListItem","position":1,"name":"Accueil","item":"https:\/\/www.eren.ch\/neuchatel\/"},{"@type":"ListItem","position":2,"name":"Location des locaux","item":"https:\/\/www.eren.ch\/neuchatel\/location\/"},{"@type":"ListItem","position":3,"name":"Salle des Pasteurs"}]},{"@type":"WebSite","@id":"https:\/\/www.eren.ch\/neuchatel\/#website","url":"https:\/\/www.eren.ch\/neuchatel\/","name":"Paroisse de Neuch\u00e2tel","description":"La pr\u00e9sence protestante reconnue en ville de Neuch\u00e2tel","publisher":{"@id":"https:\/\/www.eren.ch\/neuchatel\/#organization"},"potentialAction":[{"@type":"SearchAction","target":{"@type":"EntryPoint","urlTemplate":"https:\/\/www.eren.ch\/neuchatel\/?s={search_term_string}"},"query-input":{"@type":"PropertyValueSpecification","valueRequired":true,"valueName":"search_term_string"}}],"inLanguage":"fr-FR"},{"@type":"Organization","@id":"https:\/\/www.eren.ch\/neuchatel\/#organization","name":"Paroisse de Neuch\u00e2tel","url":"https:\/\/www.eren.ch\/neuchatel\/","logo":{"@type":"ImageObject","inLanguage":"fr-FR","@id":"https:\/\/www.eren.ch\/neuchatel\/#\/schema\/logo\/image\/","url":"https:\/\/www.eren.ch\/neuchatel\/wp-content\/uploads\/sites\/3\/2020\/12\/logo-neuchatel.png","contentUrl":"https:\/\/www.eren.ch\/neuchatel\/wp-content\/uploads\/sites\/3\/2020\/12\/logo-neuchatel.png","width":240,"height":117,"caption":"Paroisse de Neuch\u00e2tel"},"image":{"@id":"https:\/\/www.eren.ch\/neuchatel\/#\/schema\/logo\/image\/"},"sameAs":["https:\/\/www.facebook.com\/eglise.EREN","https:\/\/x.com\/egliseeren","https:\/\/fr.wikipedia.org\/wiki\/glise_rforme_vanglique_du_canton_de_Neuchtel"]}]}},"_links":{"self":[{"href":"https:\/\/www.eren.ch\/neuchatel\/wp-json\/wp\/v2\/pages\/6316","targetHints":{"allow":["GET"]}}],"collection":[{"href":"https:\/\/www.eren.ch\/neuchatel\/wp-json\/wp\/v2\/pages"}],"about":[{"href":"https:\/\/www.eren.ch\/neuchatel\/wp-json\/wp\/v2\/types\/page"}],"author":[{"embeddable":true,"href":"https:\/\/www.eren.ch\/neuchatel\/wp-json\/wp\/v2\/users\/1"}],"replies":[{"embeddable":true,"href":"https:\/\/www.eren.ch\/neuchatel\/wp-json\/wp\/v2\/comments?post=6316"}],"version-history":[{"count":3,"href":"https:\/\/www.eren.ch\/neuchatel\/wp-json\/wp\/v2\/pages\/6316\/revisions"}],"predecessor-version":[{"id":6333,"href":"https:\/\/www.eren.ch\/neuchatel\/wp-json\/wp\/v2\/pages\/6316\/revisions\/6333"}],"up":[{"embeddable":true,"href":"https:\/\/www.eren.ch\/neuchatel\/wp-json\/wp\/v2\/pages\/644"}],"wp:attachment":[{"href":"https:\/\/www.eren.ch\/neuchatel\/wp-json\/wp\/v2\/media?parent=6316"}],"curies":[{"name":"wp","href":"https:\/\/api.w.org\/{rel}","templated":true}]}}