{"id":6318,"date":"2023-09-28T09:08:44","date_gmt":"2023-09-28T07:08:44","guid":{"rendered":"https:\/\/www.eren.ch\/neuchatel\/?page_id=6318"},"modified":"2025-05-05T11:06:00","modified_gmt":"2025-05-05T09:06:00","slug":"coudre","status":"publish","type":"page","link":"https:\/\/www.eren.ch\/neuchatel\/location\/coudre\/","title":{"rendered":"Temple et salle de La Coudre"},"content":{"rendered":"<p><img decoding=\"async\" class=\"alignright wp-image-801 size-full\" src=\"https:\/\/www.eren.ch\/neuchatel\/wp-content\/uploads\/sites\/3\/2016\/03\/coudreint1.jpg\" alt=\"coudreint1\" width=\"301\" height=\"200\" srcset=\"https:\/\/www.eren.ch\/neuchatel\/wp-content\/uploads\/sites\/3\/2016\/03\/coudreint1.jpg 301w, https:\/\/www.eren.ch\/neuchatel\/wp-content\/uploads\/sites\/3\/2016\/03\/coudreint1-300x199.jpg 300w\" sizes=\"(max-width: 301px) 85vw, 301px\" \/><a href=\"https:\/\/www.eren.ch\/neuchatel\/culture\/patrimoine-architectural\/temple-de-la-coudre\/\">Le temple de La Coudre <\/a>peut accueillir 300 personnes et 50 personnes sur sa galerie. Contact : Marie-Jos\u00e9 Steinle, 032 730 35 39, <a href=\"mailto:salle.eren@bluewin.ch\">salle.eren@bluewin.ch<\/a><\/p>\n<p>Salle de paroisse de La Coudre<br \/>\nChemin du Cr\u00eat-du-Ch\u00eane 8<br \/>\n2000 Neuch\u00e2tel<\/p>\n<p>&nbsp;<\/p>\n<p>&nbsp;<\/p>\n","protected":false},"excerpt":{"rendered":"<p>Le temple de La Coudre peut accueillir 300 personnes et 50 personnes sur sa galerie. Contact : Marie-Jos\u00e9 Steinle, 032 730 35 39, salle.eren@bluewin.ch Salle de paroisse de La Coudre Chemin du Cr\u00eat-du-Ch\u00eane 8 2000 Neuch\u00e2tel &nbsp; &nbsp;<\/p>\n","protected":false},"author":1,"featured_media":0,"parent":644,"menu_order":60,"comment_status":"closed","ping_status":"closed","template":"","meta":{"footnotes":""},"class_list":["post-6318","page","type-page","status-publish","hentry"],"yoast_head":"<!-- This site is optimized with the Yoast SEO Premium plugin v27.3 (Yoast SEO v27.3) - https:\/\/yoast.com\/product\/yoast-seo-premium-wordpress\/ -->\n<title>Temple et salle de La Coudre - Paroisse de Neuch\u00e2tel<\/title>\n<meta name=\"description\" content=\"Le temple de La Coudre peut accueillir 300 personnes et 50 personnes sur sa galerie. Contact : Marie-Jos\u00e9 Steinle, 032 730 35 39, salle.eren@bluewin.ch\" \/>\n<meta name=\"robots\" content=\"index, follow, max-snippet:-1, max-image-preview:large, max-video-preview:-1\" \/>\n<link rel=\"canonical\" href=\"https:\/\/www.eren.ch\/neuchatel\/location\/coudre\/\" \/>\n<meta property=\"og:locale\" content=\"fr_FR\" \/>\n<meta property=\"og:type\" content=\"article\" \/>\n<meta property=\"og:title\" content=\"Temple et salle de La Coudre\" \/>\n<meta property=\"og:description\" content=\"Le temple de La Coudre peut accueillir 300 personnes et 50 personnes sur sa galerie. Contact : Marie-Jos\u00e9 Steinle, 032 730 35 39, salle.eren@bluewin.ch\" \/>\n<meta property=\"og:url\" content=\"https:\/\/www.eren.ch\/neuchatel\/location\/coudre\/\" \/>\n<meta property=\"og:site_name\" content=\"Paroisse de Neuch\u00e2tel\" \/>\n<meta property=\"article:publisher\" content=\"https:\/\/www.facebook.com\/eglise.EREN\" \/>\n<meta property=\"article:modified_time\" content=\"2025-05-05T09:06:00+00:00\" \/>\n<meta property=\"og:image\" content=\"https:\/\/www.eren.ch\/neuchatel\/wp-content\/uploads\/sites\/3\/2016\/03\/coudreint1.jpg\" \/>\n\t<meta property=\"og:image:width\" content=\"301\" \/>\n\t<meta property=\"og:image:height\" content=\"200\" \/>\n\t<meta property=\"og:image:type\" content=\"image\/jpeg\" \/>\n<meta name=\"twitter:card\" content=\"summary_large_image\" \/>\n<meta name=\"twitter:site\" content=\"@egliseeren\" \/>\n<meta name=\"twitter:label1\" content=\"Dur\u00e9e de lecture estim\u00e9e\" \/>\n\t<meta name=\"twitter:data1\" content=\"1 minute\" \/>\n<script type=\"application\/ld+json\" class=\"yoast-schema-graph\">{\"@context\":\"https:\\\/\\\/schema.org\",\"@graph\":[{\"@type\":\"WebPage\",\"@id\":\"https:\\\/\\\/www.eren.ch\\\/neuchatel\\\/location\\\/coudre\\\/\",\"url\":\"https:\\\/\\\/www.eren.ch\\\/neuchatel\\\/location\\\/coudre\\\/\",\"name\":\"Temple et salle de La Coudre - Paroisse de Neuch\u00e2tel\",\"isPartOf\":{\"@id\":\"https:\\\/\\\/www.eren.ch\\\/neuchatel\\\/#website\"},\"primaryImageOfPage\":{\"@id\":\"https:\\\/\\\/www.eren.ch\\\/neuchatel\\\/location\\\/coudre\\\/#primaryimage\"},\"image\":{\"@id\":\"https:\\\/\\\/www.eren.ch\\\/neuchatel\\\/location\\\/coudre\\\/#primaryimage\"},\"thumbnailUrl\":\"https:\\\/\\\/www.eren.ch\\\/neuchatel\\\/wp-content\\\/uploads\\\/sites\\\/3\\\/2016\\\/03\\\/coudreint1.jpg\",\"datePublished\":\"2023-09-28T07:08:44+00:00\",\"dateModified\":\"2025-05-05T09:06:00+00:00\",\"description\":\"Le temple de La Coudre peut accueillir 300 personnes et 50 personnes sur sa galerie. Contact : Marie-Jos\u00e9 Steinle, 032 730 35 39, salle.eren@bluewin.ch\",\"breadcrumb\":{\"@id\":\"https:\\\/\\\/www.eren.ch\\\/neuchatel\\\/location\\\/coudre\\\/#breadcrumb\"},\"inLanguage\":\"fr-FR\",\"potentialAction\":[{\"@type\":\"ReadAction\",\"target\":[\"https:\\\/\\\/www.eren.ch\\\/neuchatel\\\/location\\\/coudre\\\/\"]}]},{\"@type\":\"ImageObject\",\"inLanguage\":\"fr-FR\",\"@id\":\"https:\\\/\\\/www.eren.ch\\\/neuchatel\\\/location\\\/coudre\\\/#primaryimage\",\"url\":\"https:\\\/\\\/www.eren.ch\\\/neuchatel\\\/wp-content\\\/uploads\\\/sites\\\/3\\\/2016\\\/03\\\/coudreint1.jpg\",\"contentUrl\":\"https:\\\/\\\/www.eren.ch\\\/neuchatel\\\/wp-content\\\/uploads\\\/sites\\\/3\\\/2016\\\/03\\\/coudreint1.jpg\",\"width\":301,\"height\":200},{\"@type\":\"BreadcrumbList\",\"@id\":\"https:\\\/\\\/www.eren.ch\\\/neuchatel\\\/location\\\/coudre\\\/#breadcrumb\",\"itemListElement\":[{\"@type\":\"ListItem\",\"position\":1,\"name\":\"Accueil\",\"item\":\"https:\\\/\\\/www.eren.ch\\\/neuchatel\\\/\"},{\"@type\":\"ListItem\",\"position\":2,\"name\":\"Location des locaux\",\"item\":\"https:\\\/\\\/www.eren.ch\\\/neuchatel\\\/location\\\/\"},{\"@type\":\"ListItem\",\"position\":3,\"name\":\"Temple et salle de La Coudre\"}]},{\"@type\":\"WebSite\",\"@id\":\"https:\\\/\\\/www.eren.ch\\\/neuchatel\\\/#website\",\"url\":\"https:\\\/\\\/www.eren.ch\\\/neuchatel\\\/\",\"name\":\"Paroisse de Neuch\u00e2tel\",\"description\":\"La pr\u00e9sence protestante reconnue en ville de Neuch\u00e2tel\",\"publisher\":{\"@id\":\"https:\\\/\\\/www.eren.ch\\\/neuchatel\\\/#organization\"},\"potentialAction\":[{\"@type\":\"SearchAction\",\"target\":{\"@type\":\"EntryPoint\",\"urlTemplate\":\"https:\\\/\\\/www.eren.ch\\\/neuchatel\\\/?s={search_term_string}\"},\"query-input\":{\"@type\":\"PropertyValueSpecification\",\"valueRequired\":true,\"valueName\":\"search_term_string\"}}],\"inLanguage\":\"fr-FR\"},{\"@type\":\"Organization\",\"@id\":\"https:\\\/\\\/www.eren.ch\\\/neuchatel\\\/#organization\",\"name\":\"Paroisse de Neuch\u00e2tel\",\"url\":\"https:\\\/\\\/www.eren.ch\\\/neuchatel\\\/\",\"logo\":{\"@type\":\"ImageObject\",\"inLanguage\":\"fr-FR\",\"@id\":\"https:\\\/\\\/www.eren.ch\\\/neuchatel\\\/#\\\/schema\\\/logo\\\/image\\\/\",\"url\":\"https:\\\/\\\/www.eren.ch\\\/neuchatel\\\/wp-content\\\/uploads\\\/sites\\\/3\\\/2020\\\/12\\\/logo-neuchatel.png\",\"contentUrl\":\"https:\\\/\\\/www.eren.ch\\\/neuchatel\\\/wp-content\\\/uploads\\\/sites\\\/3\\\/2020\\\/12\\\/logo-neuchatel.png\",\"width\":240,\"height\":117,\"caption\":\"Paroisse de Neuch\u00e2tel\"},\"image\":{\"@id\":\"https:\\\/\\\/www.eren.ch\\\/neuchatel\\\/#\\\/schema\\\/logo\\\/image\\\/\"},\"sameAs\":[\"https:\\\/\\\/www.facebook.com\\\/eglise.EREN\",\"https:\\\/\\\/x.com\\\/egliseeren\",\"https:\\\/\\\/fr.wikipedia.org\\\/wiki\\\/glise_rforme_vanglique_du_canton_de_Neuchtel\"]}]}<\/script>\n<!-- \/ Yoast SEO Premium plugin. -->","yoast_head_json":{"title":"Temple et salle de La Coudre - Paroisse de Neuch\u00e2tel","description":"Le temple de La Coudre peut accueillir 300 personnes et 50 personnes sur sa galerie. Contact : Marie-Jos\u00e9 Steinle, 032 730 35 39, salle.eren@bluewin.ch","robots":{"index":"index","follow":"follow","max-snippet":"max-snippet:-1","max-image-preview":"max-image-preview:large","max-video-preview":"max-video-preview:-1"},"canonical":"https:\/\/www.eren.ch\/neuchatel\/location\/coudre\/","og_locale":"fr_FR","og_type":"article","og_title":"Temple et salle de La Coudre","og_description":"Le temple de La Coudre peut accueillir 300 personnes et 50 personnes sur sa galerie. Contact : Marie-Jos\u00e9 Steinle, 032 730 35 39, salle.eren@bluewin.ch","og_url":"https:\/\/www.eren.ch\/neuchatel\/location\/coudre\/","og_site_name":"Paroisse de Neuch\u00e2tel","article_publisher":"https:\/\/www.facebook.com\/eglise.EREN","article_modified_time":"2025-05-05T09:06:00+00:00","og_image":[{"width":301,"height":200,"url":"https:\/\/www.eren.ch\/neuchatel\/wp-content\/uploads\/sites\/3\/2016\/03\/coudreint1.jpg","type":"image\/jpeg"}],"twitter_card":"summary_large_image","twitter_site":"@egliseeren","twitter_misc":{"Dur\u00e9e de lecture estim\u00e9e":"1 minute"},"schema":{"@context":"https:\/\/schema.org","@graph":[{"@type":"WebPage","@id":"https:\/\/www.eren.ch\/neuchatel\/location\/coudre\/","url":"https:\/\/www.eren.ch\/neuchatel\/location\/coudre\/","name":"Temple et salle de La Coudre - Paroisse de Neuch\u00e2tel","isPartOf":{"@id":"https:\/\/www.eren.ch\/neuchatel\/#website"},"primaryImageOfPage":{"@id":"https:\/\/www.eren.ch\/neuchatel\/location\/coudre\/#primaryimage"},"image":{"@id":"https:\/\/www.eren.ch\/neuchatel\/location\/coudre\/#primaryimage"},"thumbnailUrl":"https:\/\/www.eren.ch\/neuchatel\/wp-content\/uploads\/sites\/3\/2016\/03\/coudreint1.jpg","datePublished":"2023-09-28T07:08:44+00:00","dateModified":"2025-05-05T09:06:00+00:00","description":"Le temple de La Coudre peut accueillir 300 personnes et 50 personnes sur sa galerie. Contact : Marie-Jos\u00e9 Steinle, 032 730 35 39, salle.eren@bluewin.ch","breadcrumb":{"@id":"https:\/\/www.eren.ch\/neuchatel\/location\/coudre\/#breadcrumb"},"inLanguage":"fr-FR","potentialAction":[{"@type":"ReadAction","target":["https:\/\/www.eren.ch\/neuchatel\/location\/coudre\/"]}]},{"@type":"ImageObject","inLanguage":"fr-FR","@id":"https:\/\/www.eren.ch\/neuchatel\/location\/coudre\/#primaryimage","url":"https:\/\/www.eren.ch\/neuchatel\/wp-content\/uploads\/sites\/3\/2016\/03\/coudreint1.jpg","contentUrl":"https:\/\/www.eren.ch\/neuchatel\/wp-content\/uploads\/sites\/3\/2016\/03\/coudreint1.jpg","width":301,"height":200},{"@type":"BreadcrumbList","@id":"https:\/\/www.eren.ch\/neuchatel\/location\/coudre\/#breadcrumb","itemListElement":[{"@type":"ListItem","position":1,"name":"Accueil","item":"https:\/\/www.eren.ch\/neuchatel\/"},{"@type":"ListItem","position":2,"name":"Location des locaux","item":"https:\/\/www.eren.ch\/neuchatel\/location\/"},{"@type":"ListItem","position":3,"name":"Temple et salle de La Coudre"}]},{"@type":"WebSite","@id":"https:\/\/www.eren.ch\/neuchatel\/#website","url":"https:\/\/www.eren.ch\/neuchatel\/","name":"Paroisse de Neuch\u00e2tel","description":"La pr\u00e9sence protestante reconnue en ville de Neuch\u00e2tel","publisher":{"@id":"https:\/\/www.eren.ch\/neuchatel\/#organization"},"potentialAction":[{"@type":"SearchAction","target":{"@type":"EntryPoint","urlTemplate":"https:\/\/www.eren.ch\/neuchatel\/?s={search_term_string}"},"query-input":{"@type":"PropertyValueSpecification","valueRequired":true,"valueName":"search_term_string"}}],"inLanguage":"fr-FR"},{"@type":"Organization","@id":"https:\/\/www.eren.ch\/neuchatel\/#organization","name":"Paroisse de Neuch\u00e2tel","url":"https:\/\/www.eren.ch\/neuchatel\/","logo":{"@type":"ImageObject","inLanguage":"fr-FR","@id":"https:\/\/www.eren.ch\/neuchatel\/#\/schema\/logo\/image\/","url":"https:\/\/www.eren.ch\/neuchatel\/wp-content\/uploads\/sites\/3\/2020\/12\/logo-neuchatel.png","contentUrl":"https:\/\/www.eren.ch\/neuchatel\/wp-content\/uploads\/sites\/3\/2020\/12\/logo-neuchatel.png","width":240,"height":117,"caption":"Paroisse de Neuch\u00e2tel"},"image":{"@id":"https:\/\/www.eren.ch\/neuchatel\/#\/schema\/logo\/image\/"},"sameAs":["https:\/\/www.facebook.com\/eglise.EREN","https:\/\/x.com\/egliseeren","https:\/\/fr.wikipedia.org\/wiki\/glise_rforme_vanglique_du_canton_de_Neuchtel"]}]}},"_links":{"self":[{"href":"https:\/\/www.eren.ch\/neuchatel\/wp-json\/wp\/v2\/pages\/6318","targetHints":{"allow":["GET"]}}],"collection":[{"href":"https:\/\/www.eren.ch\/neuchatel\/wp-json\/wp\/v2\/pages"}],"about":[{"href":"https:\/\/www.eren.ch\/neuchatel\/wp-json\/wp\/v2\/types\/page"}],"author":[{"embeddable":true,"href":"https:\/\/www.eren.ch\/neuchatel\/wp-json\/wp\/v2\/users\/1"}],"replies":[{"embeddable":true,"href":"https:\/\/www.eren.ch\/neuchatel\/wp-json\/wp\/v2\/comments?post=6318"}],"version-history":[{"count":4,"href":"https:\/\/www.eren.ch\/neuchatel\/wp-json\/wp\/v2\/pages\/6318\/revisions"}],"predecessor-version":[{"id":7237,"href":"https:\/\/www.eren.ch\/neuchatel\/wp-json\/wp\/v2\/pages\/6318\/revisions\/7237"}],"up":[{"embeddable":true,"href":"https:\/\/www.eren.ch\/neuchatel\/wp-json\/wp\/v2\/pages\/644"}],"wp:attachment":[{"href":"https:\/\/www.eren.ch\/neuchatel\/wp-json\/wp\/v2\/media?parent=6318"}],"curies":[{"name":"wp","href":"https:\/\/api.w.org\/{rel}","templated":true}]}}