{"id":644,"date":"2016-03-24T16:21:02","date_gmt":"2016-03-24T15:21:02","guid":{"rendered":"https:\/\/www.eren.ch\/neuchatel\/?page_id=644"},"modified":"2025-12-16T18:37:43","modified_gmt":"2025-12-16T17:37:43","slug":"location","status":"publish","type":"page","link":"https:\/\/www.eren.ch\/neuchatel\/location\/","title":{"rendered":"Location des locaux"},"content":{"rendered":"<p><strong>La paroisse r\u00e9form\u00e9e de Neuch\u00e2tel<\/strong> et ses lieux de vie\u00a0louent leurs\u00a0espaces de culte et de rencontre. C\u00e9r\u00e9monie, conf\u00e9rence, r\u00e9p\u00e9tition, concert, soir\u00e9e de rencontre, f\u00eate&#8230; choisissez le lieu qui conviendra le mieux pour organiser votre \u00e9v\u00e9nement.<\/p>\n<ul>\n<li><a href=\"https:\/\/www.eren.ch\/neuchatel\/location\/valangines\/\">Centre paroissial aux Valangines<\/a><\/li>\n<li><a href=\"https:\/\/www.eren.ch\/neuchatel\/location\/ermitage\/\">Chapelle et foyer de l&rsquo;Ermitage<\/a><\/li>\n<li><a href=\"https:\/\/www.eren.ch\/neuchatel\/location\/maladiere\/\">Chapelle et salle de la Maladi\u00e8re<\/a><\/li>\n<li><a href=\"https:\/\/www.eren.ch\/neuchatel\/location\/salle-pasteurs\/\">Salle des Pasteurs<\/a><\/li>\n<li><a href=\"https:\/\/www.eren.ch\/neuchatel\/location\/coudre\/\">Temple et salle de La Coudre<\/a><\/li>\n<\/ul>\n<p><strong>Visualisez<\/strong> ici la <a href=\"https:\/\/www.eren.ch\/grr\/\" target=\"_blank\" rel=\"noopener noreferrer\">disponibilit\u00e9 des lieux<\/a>.<\/p>\n<p><strong>Contacts:<\/strong> <a href=\"https:\/\/www.eren.ch\/neuchatel\/wp-content\/uploads\/sites\/3\/2025\/12\/Locations-locaux-2025.pdf\">Location des locaux<\/a><\/p>\n<h2>B\u00e2timents de la Ville de Neuch\u00e2tel<\/h2>\n<p>Il faut s&rsquo;adresser \u00e0 la Ville de Neuch\u00e2tel pour les b\u00e2timents suivants:<\/p>\n<ul>\n<li>le Temple du Bas<\/li>\n<li>la Coll\u00e9giale<\/li>\n<li>le temple de Serri\u00e8res<\/li>\n<li>la chapelle de Chaumont<\/li>\n<\/ul>\n<p>Justine Droux, 032 717 73 84, <a href=\"mailto:justine.droux@ne.ch\">justine.droux@ne.ch<\/a><\/p>\n<p>&nbsp;<\/p>\n","protected":false},"excerpt":{"rendered":"<p>La paroisse r\u00e9form\u00e9e de Neuch\u00e2tel et ses lieux de vie\u00a0louent leurs\u00a0espaces de culte et de rencontre. C\u00e9r\u00e9monie, conf\u00e9rence, r\u00e9p\u00e9tition, concert, soir\u00e9e de rencontre, f\u00eate&#8230; choisissez le lieu qui conviendra le mieux pour organiser votre \u00e9v\u00e9nement. Centre paroissial aux Valangines Chapelle et foyer de l&rsquo;Ermitage Chapelle et salle de la Maladi\u00e8re Salle des Pasteurs Temple et &hellip; <a href=\"https:\/\/www.eren.ch\/neuchatel\/location\/\" class=\"more-link\">Continuer la lecture<span class=\"screen-reader-text\"> de &laquo;&nbsp;Location des locaux&nbsp;&raquo;<\/span><\/a><\/p>\n","protected":false},"author":31,"featured_media":0,"parent":0,"menu_order":60,"comment_status":"closed","ping_status":"closed","template":"","meta":{"footnotes":""},"class_list":["post-644","page","type-page","status-publish","hentry"],"yoast_head":"<!-- This site is optimized with the Yoast SEO Premium plugin v27.6 (Yoast SEO v27.6) - https:\/\/yoast.com\/product\/yoast-seo-premium-wordpress\/ -->\n<title>Location des locaux - Paroisse de Neuch\u00e2tel<\/title>\n<meta name=\"description\" content=\"La paroisse r\u00e9form\u00e9e de Neuch\u00e2tel et ses lieux de vie\u00a0louent leurs\u00a0espaces de culte et de rencontre. C\u00e9r\u00e9monie, conf\u00e9rence, r\u00e9p\u00e9tition, concert, soir\u00e9e de\" \/>\n<meta name=\"robots\" content=\"index, follow, max-snippet:-1, max-image-preview:large, max-video-preview:-1\" \/>\n<link rel=\"canonical\" href=\"https:\/\/www.eren.ch\/neuchatel\/location\/\" \/>\n<meta property=\"og:locale\" content=\"fr_FR\" \/>\n<meta property=\"og:type\" content=\"article\" \/>\n<meta property=\"og:title\" content=\"Location des locaux\" \/>\n<meta property=\"og:description\" content=\"La paroisse r\u00e9form\u00e9e de Neuch\u00e2tel et ses lieux de vie\u00a0louent leurs\u00a0espaces de culte et de rencontre. C\u00e9r\u00e9monie, conf\u00e9rence, r\u00e9p\u00e9tition, concert, soir\u00e9e de\" \/>\n<meta property=\"og:url\" content=\"https:\/\/www.eren.ch\/neuchatel\/location\/\" \/>\n<meta property=\"og:site_name\" content=\"Paroisse de Neuch\u00e2tel\" \/>\n<meta property=\"article:publisher\" content=\"https:\/\/www.facebook.com\/eglise.EREN\" \/>\n<meta property=\"article:modified_time\" content=\"2025-12-16T17:37:43+00:00\" \/>\n<meta name=\"twitter:card\" content=\"summary_large_image\" \/>\n<meta name=\"twitter:site\" content=\"@egliseeren\" \/>\n<meta name=\"twitter:label1\" content=\"Dur\u00e9e de lecture estim\u00e9e\" \/>\n\t<meta name=\"twitter:data1\" content=\"1 minute\" \/>\n<script type=\"application\/ld+json\" class=\"yoast-schema-graph\">{\"@context\":\"https:\\\/\\\/schema.org\",\"@graph\":[{\"@type\":\"WebPage\",\"@id\":\"https:\\\/\\\/www.eren.ch\\\/neuchatel\\\/location\\\/\",\"url\":\"https:\\\/\\\/www.eren.ch\\\/neuchatel\\\/location\\\/\",\"name\":\"Location des locaux - Paroisse de Neuch\u00e2tel\",\"isPartOf\":{\"@id\":\"https:\\\/\\\/www.eren.ch\\\/neuchatel\\\/#website\"},\"datePublished\":\"2016-03-24T15:21:02+00:00\",\"dateModified\":\"2025-12-16T17:37:43+00:00\",\"description\":\"La paroisse r\u00e9form\u00e9e de Neuch\u00e2tel et ses lieux de vie\u00a0louent leurs\u00a0espaces de culte et de rencontre. C\u00e9r\u00e9monie, conf\u00e9rence, r\u00e9p\u00e9tition, concert, soir\u00e9e de\",\"breadcrumb\":{\"@id\":\"https:\\\/\\\/www.eren.ch\\\/neuchatel\\\/location\\\/#breadcrumb\"},\"inLanguage\":\"fr-FR\",\"potentialAction\":[{\"@type\":\"ReadAction\",\"target\":[\"https:\\\/\\\/www.eren.ch\\\/neuchatel\\\/location\\\/\"]}]},{\"@type\":\"BreadcrumbList\",\"@id\":\"https:\\\/\\\/www.eren.ch\\\/neuchatel\\\/location\\\/#breadcrumb\",\"itemListElement\":[{\"@type\":\"ListItem\",\"position\":1,\"name\":\"Accueil\",\"item\":\"https:\\\/\\\/www.eren.ch\\\/neuchatel\\\/\"},{\"@type\":\"ListItem\",\"position\":2,\"name\":\"Location des locaux\"}]},{\"@type\":\"WebSite\",\"@id\":\"https:\\\/\\\/www.eren.ch\\\/neuchatel\\\/#website\",\"url\":\"https:\\\/\\\/www.eren.ch\\\/neuchatel\\\/\",\"name\":\"Paroisse de Neuch\u00e2tel\",\"description\":\"La pr\u00e9sence protestante reconnue en ville de Neuch\u00e2tel\",\"publisher\":{\"@id\":\"https:\\\/\\\/www.eren.ch\\\/neuchatel\\\/#organization\"},\"potentialAction\":[{\"@type\":\"SearchAction\",\"target\":{\"@type\":\"EntryPoint\",\"urlTemplate\":\"https:\\\/\\\/www.eren.ch\\\/neuchatel\\\/?s={search_term_string}\"},\"query-input\":{\"@type\":\"PropertyValueSpecification\",\"valueRequired\":true,\"valueName\":\"search_term_string\"}}],\"inLanguage\":\"fr-FR\"},{\"@type\":\"Organization\",\"@id\":\"https:\\\/\\\/www.eren.ch\\\/neuchatel\\\/#organization\",\"name\":\"Paroisse de Neuch\u00e2tel\",\"url\":\"https:\\\/\\\/www.eren.ch\\\/neuchatel\\\/\",\"logo\":{\"@type\":\"ImageObject\",\"inLanguage\":\"fr-FR\",\"@id\":\"https:\\\/\\\/www.eren.ch\\\/neuchatel\\\/#\\\/schema\\\/logo\\\/image\\\/\",\"url\":\"https:\\\/\\\/www.eren.ch\\\/neuchatel\\\/wp-content\\\/uploads\\\/sites\\\/3\\\/2020\\\/12\\\/logo-neuchatel.png\",\"contentUrl\":\"https:\\\/\\\/www.eren.ch\\\/neuchatel\\\/wp-content\\\/uploads\\\/sites\\\/3\\\/2020\\\/12\\\/logo-neuchatel.png\",\"width\":240,\"height\":117,\"caption\":\"Paroisse de Neuch\u00e2tel\"},\"image\":{\"@id\":\"https:\\\/\\\/www.eren.ch\\\/neuchatel\\\/#\\\/schema\\\/logo\\\/image\\\/\"},\"sameAs\":[\"https:\\\/\\\/www.facebook.com\\\/eglise.EREN\",\"https:\\\/\\\/x.com\\\/egliseeren\",\"https:\\\/\\\/fr.wikipedia.org\\\/wiki\\\/glise_rforme_vanglique_du_canton_de_Neuchtel\"]}]}<\/script>\n<!-- \/ Yoast SEO Premium plugin. -->","yoast_head_json":{"title":"Location des locaux - Paroisse de Neuch\u00e2tel","description":"La paroisse r\u00e9form\u00e9e de Neuch\u00e2tel et ses lieux de vie\u00a0louent leurs\u00a0espaces de culte et de rencontre. C\u00e9r\u00e9monie, conf\u00e9rence, r\u00e9p\u00e9tition, concert, soir\u00e9e de","robots":{"index":"index","follow":"follow","max-snippet":"max-snippet:-1","max-image-preview":"max-image-preview:large","max-video-preview":"max-video-preview:-1"},"canonical":"https:\/\/www.eren.ch\/neuchatel\/location\/","og_locale":"fr_FR","og_type":"article","og_title":"Location des locaux","og_description":"La paroisse r\u00e9form\u00e9e de Neuch\u00e2tel et ses lieux de vie\u00a0louent leurs\u00a0espaces de culte et de rencontre. C\u00e9r\u00e9monie, conf\u00e9rence, r\u00e9p\u00e9tition, concert, soir\u00e9e de","og_url":"https:\/\/www.eren.ch\/neuchatel\/location\/","og_site_name":"Paroisse de Neuch\u00e2tel","article_publisher":"https:\/\/www.facebook.com\/eglise.EREN","article_modified_time":"2025-12-16T17:37:43+00:00","twitter_card":"summary_large_image","twitter_site":"@egliseeren","twitter_misc":{"Dur\u00e9e de lecture estim\u00e9e":"1 minute"},"schema":{"@context":"https:\/\/schema.org","@graph":[{"@type":"WebPage","@id":"https:\/\/www.eren.ch\/neuchatel\/location\/","url":"https:\/\/www.eren.ch\/neuchatel\/location\/","name":"Location des locaux - Paroisse de Neuch\u00e2tel","isPartOf":{"@id":"https:\/\/www.eren.ch\/neuchatel\/#website"},"datePublished":"2016-03-24T15:21:02+00:00","dateModified":"2025-12-16T17:37:43+00:00","description":"La paroisse r\u00e9form\u00e9e de Neuch\u00e2tel et ses lieux de vie\u00a0louent leurs\u00a0espaces de culte et de rencontre. C\u00e9r\u00e9monie, conf\u00e9rence, r\u00e9p\u00e9tition, concert, soir\u00e9e de","breadcrumb":{"@id":"https:\/\/www.eren.ch\/neuchatel\/location\/#breadcrumb"},"inLanguage":"fr-FR","potentialAction":[{"@type":"ReadAction","target":["https:\/\/www.eren.ch\/neuchatel\/location\/"]}]},{"@type":"BreadcrumbList","@id":"https:\/\/www.eren.ch\/neuchatel\/location\/#breadcrumb","itemListElement":[{"@type":"ListItem","position":1,"name":"Accueil","item":"https:\/\/www.eren.ch\/neuchatel\/"},{"@type":"ListItem","position":2,"name":"Location des locaux"}]},{"@type":"WebSite","@id":"https:\/\/www.eren.ch\/neuchatel\/#website","url":"https:\/\/www.eren.ch\/neuchatel\/","name":"Paroisse de Neuch\u00e2tel","description":"La pr\u00e9sence protestante reconnue en ville de Neuch\u00e2tel","publisher":{"@id":"https:\/\/www.eren.ch\/neuchatel\/#organization"},"potentialAction":[{"@type":"SearchAction","target":{"@type":"EntryPoint","urlTemplate":"https:\/\/www.eren.ch\/neuchatel\/?s={search_term_string}"},"query-input":{"@type":"PropertyValueSpecification","valueRequired":true,"valueName":"search_term_string"}}],"inLanguage":"fr-FR"},{"@type":"Organization","@id":"https:\/\/www.eren.ch\/neuchatel\/#organization","name":"Paroisse de Neuch\u00e2tel","url":"https:\/\/www.eren.ch\/neuchatel\/","logo":{"@type":"ImageObject","inLanguage":"fr-FR","@id":"https:\/\/www.eren.ch\/neuchatel\/#\/schema\/logo\/image\/","url":"https:\/\/www.eren.ch\/neuchatel\/wp-content\/uploads\/sites\/3\/2020\/12\/logo-neuchatel.png","contentUrl":"https:\/\/www.eren.ch\/neuchatel\/wp-content\/uploads\/sites\/3\/2020\/12\/logo-neuchatel.png","width":240,"height":117,"caption":"Paroisse de Neuch\u00e2tel"},"image":{"@id":"https:\/\/www.eren.ch\/neuchatel\/#\/schema\/logo\/image\/"},"sameAs":["https:\/\/www.facebook.com\/eglise.EREN","https:\/\/x.com\/egliseeren","https:\/\/fr.wikipedia.org\/wiki\/glise_rforme_vanglique_du_canton_de_Neuchtel"]}]}},"_links":{"self":[{"href":"https:\/\/www.eren.ch\/neuchatel\/wp-json\/wp\/v2\/pages\/644","targetHints":{"allow":["GET"]}}],"collection":[{"href":"https:\/\/www.eren.ch\/neuchatel\/wp-json\/wp\/v2\/pages"}],"about":[{"href":"https:\/\/www.eren.ch\/neuchatel\/wp-json\/wp\/v2\/types\/page"}],"author":[{"embeddable":true,"href":"https:\/\/www.eren.ch\/neuchatel\/wp-json\/wp\/v2\/users\/31"}],"replies":[{"embeddable":true,"href":"https:\/\/www.eren.ch\/neuchatel\/wp-json\/wp\/v2\/comments?post=644"}],"version-history":[{"count":7,"href":"https:\/\/www.eren.ch\/neuchatel\/wp-json\/wp\/v2\/pages\/644\/revisions"}],"predecessor-version":[{"id":7605,"href":"https:\/\/www.eren.ch\/neuchatel\/wp-json\/wp\/v2\/pages\/644\/revisions\/7605"}],"wp:attachment":[{"href":"https:\/\/www.eren.ch\/neuchatel\/wp-json\/wp\/v2\/media?parent=644"}],"curies":[{"name":"wp","href":"https:\/\/api.w.org\/{rel}","templated":true}]}}